{"id":19822,"date":"2025-12-16T21:17:54","date_gmt":"2025-12-16T21:17:54","guid":{"rendered":"https:\/\/researchchemicalsweb.com\/?post_type=product&#038;p=19822"},"modified":"2026-02-17T14:19:24","modified_gmt":"2026-02-17T14:19:24","slug":"mdphp-kri%cc%87stalleri%cc%87","status":"publish","type":"product","link":"https:\/\/researchchemicalsweb.com\/tr\/urun\/mdphp-kri%cc%87stalleri%cc%87\/","title":{"rendered":"MDPHP Kristalleri"},"content":{"rendered":"<h3 data-start=\"5389\" data-end=\"5408\"><strong data-start=\"5393\" data-end=\"5408\">Giri\u015f<\/strong><\/h3>\n<p data-start=\"5410\" data-end=\"5742\"><strong data-start=\"5410\" data-end=\"5437\">MDPHP Kristal<\/strong> bir <strong data-start=\"5445\" data-end=\"5489\">laboratuvar s\u0131n\u0131f\u0131 test maddesi<\/strong>, i\u00e7in tasarlanm\u0131\u015f <strong data-start=\"5506\" data-end=\"5550\">bilimsel ve analitik ara\u015ft\u0131rma<\/strong>.<br data-start=\"5551\" data-end=\"5554\" \/>Olarak da bilinir <strong data-start=\"5569\" data-end=\"5618\">3\u2032,4\u2032-Metilendioksi-\u03b1-pirolidinohekzanofenon<\/strong>, MDPHP'nin ait oldu\u011fu <strong data-start=\"5641\" data-end=\"5667\">pirolidinofenon s\u0131n\u0131f\u0131<\/strong> ve \u015fu adreste kullan\u0131l\u0131r <strong data-start=\"5690\" data-end=\"5739\">adli\u0307, ki\u0307myasal ve yapisal i\u0307nceleme<\/strong>. mdphp sat\u0131n al, mdphp kristal<\/p>\n<p data-start=\"5744\" data-end=\"5951\">Bu <strong data-start=\"5410\" data-end=\"5437\">Kristal<\/strong>\u00a0MDPHP tekliflerinin <strong data-start=\"5781\" data-end=\"5819\">optimum stabilite ve safl\u0131k<\/strong>, i\u00e7in ideal hale getirir. <strong data-start=\"5849\" data-end=\"5907\">kromatografi, spektroskopi ve kantitatif analiz<\/strong> kontroll\u00fc laboratuvar ortamlar\u0131nda.<\/p>\n<blockquote data-start=\"5953\" data-end=\"6097\">\n<p data-start=\"5955\" data-end=\"6097\">\u26a0\ufe0f <strong data-start=\"5958\" data-end=\"5969\">Not:<\/strong> Bu \u00fcr\u00fcn <strong data-start=\"5985\" data-end=\"6035\">sadece laboratuvar testleri i\u00e7in tasarlanm\u0131\u015ft\u0131r<\/strong> ve <strong data-start=\"6039\" data-end=\"6096\">insan veya hayvan t\u00fcketimi i\u00e7in uygun de\u011fil<\/strong>.<\/p>\n<\/blockquote>\n<hr data-start=\"6099\" data-end=\"6102\" \/>\n<h3 data-start=\"6104\" data-end=\"6135\"><strong data-start=\"6108\" data-end=\"6135\">Temel \u00f6zellikler<\/strong><\/h3>\n<ul data-start=\"6137\" data-end=\"6650\">\n<li data-start=\"6137\" data-end=\"6228\">\n<p data-start=\"6139\" data-end=\"6228\"><strong data-start=\"6139\" data-end=\"6159\">Y\u00fcksek safl\u0131kta:<\/strong> \u226599% analitik s\u0131n\u0131f, sertifikal\u0131 laboratuvarlarda test edilmi\u015ftir. mdphp sat\u0131n al<\/p>\n<\/li>\n<li data-start=\"6229\" data-end=\"6314\">\n<p data-start=\"6231\" data-end=\"6314\"><strong data-start=\"6231\" data-end=\"6249\">Freebase formu:<\/strong> Art\u0131r\u0131lm\u0131\u015f stabilite ve \u00e7ok y\u00f6nl\u00fc uygulama olanaklar\u0131.<\/p>\n<\/li>\n<li data-start=\"6315\" data-end=\"6395\">\n<p data-start=\"6317\" data-end=\"6395\"><strong data-start=\"6317\" data-end=\"6334\">Toplu test edilmi\u015ftir:<\/strong> Her partinin bile\u015fimi ve tutarl\u0131l\u0131\u011f\u0131 kontrol edildi.<\/p>\n<\/li>\n<li data-start=\"6396\" data-end=\"6480\">\n<p data-start=\"6398\" data-end=\"6480\"><strong data-start=\"6398\" data-end=\"6421\">Laboratuvar standartlar\u0131:<\/strong> A\u015fa\u011f\u0131dakilere g\u00f6re \u00fcretilmi\u015ftir <strong data-start=\"6443\" data-end=\"6477\">\u0130yi Laboratuvar Uygulamalar\u0131 (GLP)<\/strong>.<\/p>\n<\/li>\n<li data-start=\"6481\" data-end=\"6573\">\n<p data-start=\"6483\" data-end=\"6573\"><strong data-start=\"6483\" data-end=\"6504\">Yayg\u0131n olarak uygulanabilir:<\/strong> Spektroskopi, kromatografi ve k\u00fctle spektrometresi i\u00e7in uygundur.<\/p>\n<\/li>\n<li data-start=\"6574\" data-end=\"6650\">\n<p data-start=\"6576\" data-end=\"6650\"><strong data-start=\"6576\" data-end=\"6599\">G\u00fcvenli paketleme:<\/strong> M\u00fch\u00fcrl\u00fc, hava ge\u00e7irmez ve neme dayan\u0131kl\u0131 ambalaj.<\/p>\n<\/li>\n<\/ul>\n<hr data-start=\"6652\" data-end=\"6655\" \/>\n<h3 data-start=\"6657\" data-end=\"6674\"><strong data-start=\"6661\" data-end=\"6674\">Avantajlar<\/strong><\/h3>\n<ol data-start=\"6676\" data-end=\"7118\">\n<li data-start=\"6676\" data-end=\"6772\">\n<p data-start=\"6679\" data-end=\"6772\"><strong data-start=\"6679\" data-end=\"6716\">G\u00fcvenilir ara\u015ft\u0131rma sonu\u00e7lar\u0131:<\/strong> Sabit safl\u0131k, tekrarlanabilir verileri garanti eder.<\/p>\n<\/li>\n<li data-start=\"6773\" data-end=\"6851\">\n<p data-start=\"6776\" data-end=\"6851\"><strong data-start=\"6776\" data-end=\"6802\">Kimyasal stabilite:<\/strong> Freebase formu depolama s\u0131ras\u0131nda bozulmay\u0131 \u00f6nler.<\/p>\n<\/li>\n<li data-start=\"6852\" data-end=\"6949\">\n<p data-start=\"6855\" data-end=\"6949\"><strong data-start=\"6855\" data-end=\"6878\">\u00c7ok y\u00f6nl\u00fc kullan\u0131m:<\/strong> \u00c7e\u015fitli analitik ve adli uygulamalar i\u00e7in uygundur.<\/p>\n<\/li>\n<li data-start=\"6950\" data-end=\"7038\">\n<p data-start=\"6953\" data-end=\"7038\"><strong data-start=\"6953\" data-end=\"6981\">Profesyonel kalite:<\/strong> S\u0131k\u0131 laboratuvar ko\u015fullar\u0131 alt\u0131nda \u00fcretilmi\u015ftir.<\/p>\n<\/li>\n<li data-start=\"7039\" data-end=\"7118\">\n<p data-start=\"7042\" data-end=\"7118\"><strong data-start=\"7042\" data-end=\"7070\">Uzun s\u00fcreli raf \u00f6mr\u00fc:<\/strong> Do\u011fru \u015fekilde sakland\u0131\u011f\u0131nda sabit ve temiz kal\u0131r.<\/p>\n<\/li>\n<\/ol>\n<hr data-start=\"7120\" data-end=\"7123\" \/>\n<h3 data-start=\"7125\" data-end=\"7164\"><strong data-start=\"7129\" data-end=\"7164\">Kullan\u0131m (Yaln\u0131zca Ara\u015ft\u0131rma)<\/strong><\/h3>\n<ol data-start=\"7166\" data-end=\"7537\">\n<li data-start=\"7166\" data-end=\"7257\">\n<p data-start=\"7169\" data-end=\"7257\"><strong data-start=\"7169\" data-end=\"7199\">Koruyucu giysi giyin<\/strong> eldiven, koruyucu g\u00f6zl\u00fck ve laboratuvar \u00f6nl\u00fc\u011f\u00fc gibi.<\/p>\n<\/li>\n<li data-start=\"7258\" data-end=\"7326\">\n<p data-start=\"7261\" data-end=\"7326\"><strong data-start=\"7261\" data-end=\"7299\">Kalibre edilmi\u015f aletler kullan\u0131n<\/strong> do\u011fru tart\u0131m i\u00e7in.<\/p>\n<\/li>\n<li data-start=\"7327\" data-end=\"7393\">\n<p data-start=\"7330\" data-end=\"7393\"><strong data-start=\"7330\" data-end=\"7363\">Laboratuvar protokol\u00fcn\u00fc takip edin<\/strong> \u00f6zel analiziniz i\u00e7in.<\/p>\n<\/li>\n<li data-start=\"7394\" data-end=\"7467\">\n<p data-start=\"7397\" data-end=\"7467\"><strong data-start=\"7397\" data-end=\"7428\">Kullan\u0131lmayan malzemeleri saklay\u0131n<\/strong> serin, kuru ve karanl\u0131k bir yerde saklay\u0131n.<\/p>\n<\/li>\n<li data-start=\"7468\" data-end=\"7537\">\n<p data-start=\"7471\" data-end=\"7537\"><strong data-start=\"7471\" data-end=\"7491\">Kal\u0131nt\u0131lar\u0131 temizleyin<\/strong> ge\u00e7erli g\u00fcvenlik y\u00f6nergelerine g\u00f6re.<\/p>\n<\/li>\n<\/ol>\n<blockquote data-start=\"7539\" data-end=\"7616\">\n<p data-start=\"7541\" data-end=\"7616\">\u2697\ufe0f <strong data-start=\"7544\" data-end=\"7616\">Sadece laboratuvar testleri i\u00e7indir - insan t\u00fcketimi i\u00e7in de\u011fildir.<\/strong><\/p>\n<\/blockquote>\n<hr data-start=\"7618\" data-end=\"7621\" \/>\n<h3 data-start=\"7623\" data-end=\"7648\"><strong data-start=\"7627\" data-end=\"7648\">Depolama talimatlar\u0131<\/strong><\/h3>\n<ul data-start=\"7650\" data-end=\"7825\">\n<li data-start=\"7650\" data-end=\"7692\">\n<p data-start=\"7652\" data-end=\"7692\">Kaydet <strong data-start=\"7663\" data-end=\"7672\">2-8\u00b0C<\/strong>, kuru ve karanl\u0131k.<\/p>\n<\/li>\n<li data-start=\"7693\" data-end=\"7736\">\n<p data-start=\"7695\" data-end=\"7736\">Ambalaj\u0131 saklay\u0131n <strong data-start=\"7714\" data-end=\"7733\">iyi kapat\u0131lm\u0131\u015f<\/strong>.<\/p>\n<\/li>\n<li data-start=\"7737\" data-end=\"7782\">\n<p data-start=\"7739\" data-end=\"7782\">Kar\u015f\u0131 koruma <strong data-start=\"7754\" data-end=\"7779\">\u0131\u015f\u0131k, hava ve nem<\/strong>.<\/p>\n<\/li>\n<li data-start=\"7783\" data-end=\"7825\">\n<p data-start=\"7785\" data-end=\"7825\">Yetkisiz ki\u015filerin ula\u015famayaca\u011f\u0131 yerlerde saklay\u0131n.<\/p>\n<\/li>\n<\/ul>\n<hr data-start=\"7827\" data-end=\"7830\" \/>\n<h3 data-start=\"7832\" data-end=\"7867\"><strong data-start=\"7836\" data-end=\"7867\">S\u0131k\u00e7a sorulan sorular (SSS)<\/strong><\/h3>\n<p data-start=\"7869\" data-end=\"8041\"><strong data-start=\"7869\" data-end=\"7924\">1. MDPHP Powder (Freebase) ne i\u00e7in kullan\u0131l\u0131r?<\/strong><br data-start=\"7924\" data-end=\"7927\" \/>\u0130\u00e7in <strong data-start=\"7932\" data-end=\"7976\">bilimsel ve analitik ara\u015ft\u0131rma<\/strong>, gibi <strong data-start=\"7984\" data-end=\"8038\">adli\u0307 anali\u0307zler ve ki\u0307myasal yapi \u00e7ali\u015fmalari<\/strong>.<\/p>\n<p data-start=\"8043\" data-end=\"8226\"><strong data-start=\"8043\" data-end=\"8090\">2. Bu \u00fcr\u00fcn t\u00fcketime uygun mu?<\/strong><br data-start=\"8090\" data-end=\"8093\" \/>Hay\u0131r. MDPHP Tozu (Freebase) <strong data-start=\"8125\" data-end=\"8175\">sadece laboratuvar testleri i\u00e7in tasarlanm\u0131\u015ft\u0131r<\/strong> ve <strong data-start=\"8179\" data-end=\"8223\">insan t\u00fcketimi i\u00e7in uygun de\u011fil<\/strong>.<\/p>\n<p data-start=\"8228\" data-end=\"8372\"><strong data-start=\"8228\" data-end=\"8276\">3. Bu \u00fcr\u00fcn\u00fc saklaman\u0131n en iyi yolu nedir?<\/strong><br data-start=\"8276\" data-end=\"8279\" \/>\u00dczerinde saklay\u0131n <strong data-start=\"8293\" data-end=\"8335\">serin, kuru ve karanl\u0131k bir yerde (2-8\u00b0C)<\/strong> s\u0131k\u0131ca kapat\u0131lm\u0131\u015f bir kapta.<\/p>\n<hr data-start=\"8374\" data-end=\"8377\" \/>\n<h3 data-start=\"8379\" data-end=\"8396\"><strong data-start=\"8383\" data-end=\"8396\">Sonu\u00e7<\/strong><\/h3>\n<p data-start=\"8398\" data-end=\"8643\"><strong data-start=\"8398\" data-end=\"8425\">MDPHP Toz (Freebase)<\/strong> teklifler <strong data-start=\"8432\" data-end=\"8493\">ola\u011fan\u00fcst\u00fc safl\u0131k, kararl\u0131l\u0131k ve g\u00fcvenilirlik<\/strong> Profesyonel laboratuvar ara\u015ft\u0131rmalar\u0131 i\u00e7in. Kontroll\u00fc ara\u015ft\u0131rma ortamlar\u0131nda analitik, adli ve yap\u0131sal uygulamalar i\u00e7in m\u00fckemmeldir.<\/p>\n<ul>\n<li><\/li>\n<\/ul>","protected":false},"excerpt":{"rendered":"<h2><strong>MDPHP Toz (freebase)<\/strong><\/h2>\n<p>CAS Nr: 776994-64-0<br \/>\nFormule: C17H23NO3 FREEBASE<br \/>\nMolmassa: 289.375 g\u00b7mol<br \/>\nZuiverheid: \u226598%<\/p>","protected":false},"featured_media":20358,"comment_status":"closed","ping_status":"closed","template":"","meta":[],"product_brand":[],"product_cat":[92],"product_tag":[500,492,493,78],"class_list":{"0":"post-19822","1":"product","2":"type-product","3":"status-publish","4":"has-post-thumbnail","6":"product_cat-verboden","7":"product_tag-mdphp-freebase-kopen","8":"product_tag-mdphp-kopen","9":"product_tag-mdphp-poeder","10":"product_tag-nl","12":"first","13":"instock","14":"shipping-taxable","15":"purchasable","16":"product-type-variable"},"_links":{"self":[{"href":"https:\/\/researchchemicalsweb.com\/tr\/wp-json\/wp\/v2\/product\/19822","targetHints":{"allow":["GET"]}}],"collection":[{"href":"https:\/\/researchchemicalsweb.com\/tr\/wp-json\/wp\/v2\/product"}],"about":[{"href":"https:\/\/researchchemicalsweb.com\/tr\/wp-json\/wp\/v2\/types\/product"}],"replies":[{"embeddable":true,"href":"https:\/\/researchchemicalsweb.com\/tr\/wp-json\/wp\/v2\/comments?post=19822"}],"version-history":[{"count":1,"href":"https:\/\/researchchemicalsweb.com\/tr\/wp-json\/wp\/v2\/product\/19822\/revisions"}],"predecessor-version":[{"id":19847,"href":"https:\/\/researchchemicalsweb.com\/tr\/wp-json\/wp\/v2\/product\/19822\/revisions\/19847"}],"wp:featuredmedia":[{"embeddable":true,"href":"https:\/\/researchchemicalsweb.com\/tr\/wp-json\/wp\/v2\/media\/20358"}],"wp:attachment":[{"href":"https:\/\/researchchemicalsweb.com\/tr\/wp-json\/wp\/v2\/media?parent=19822"}],"wp:term":[{"taxonomy":"product_brand","embeddable":true,"href":"https:\/\/researchchemicalsweb.com\/tr\/wp-json\/wp\/v2\/product_brand?post=19822"},{"taxonomy":"product_cat","embeddable":true,"href":"https:\/\/researchchemicalsweb.com\/tr\/wp-json\/wp\/v2\/product_cat?post=19822"},{"taxonomy":"product_tag","embeddable":true,"href":"https:\/\/researchchemicalsweb.com\/tr\/wp-json\/wp\/v2\/product_tag?post=19822"}],"curies":[{"name":"wp","href":"https:\/\/api.w.org\/{rel}","templated":true}]}}