{"id":19271,"date":"2025-12-16T21:03:34","date_gmt":"2025-12-16T21:03:34","guid":{"rendered":"https:\/\/researchchemicalsweb.com\/?post_type=product&#038;p=19271"},"modified":"2026-02-17T14:21:21","modified_gmt":"2026-02-17T14:21:21","slug":"2-cmc-hcl-zakje-1gr","status":"publish","type":"product","link":"https:\/\/researchchemicalsweb.com\/tr\/urun\/2-cmc-hcl-zakje-1gr\/","title":{"rendered":"2-CMC HCl torba 1gr"},"content":{"rendered":"<h3 data-start=\"3995\" data-end=\"4016\"><strong data-start=\"3999\" data-end=\"4014\">Giri\u015f<\/strong><\/h3>\n<p data-start=\"4017\" data-end=\"4459\"><strong data-start=\"4017\" data-end=\"4041\">2-CMC HCl Zakje (1g)<\/strong> bevat <strong data-start=\"4048\" data-end=\"4101\">1 gram 2-CMC (2-Chloormethcathinon) Hydrochloride<\/strong> van <strong data-start=\"4106\" data-end=\"4150\">laboratoriumkwaliteit (\u2265 98% zuiverheid)<\/strong> \u2014 een <strong data-start=\"4157\" data-end=\"4192\">synthetische cathinonverbinding<\/strong> uit de <strong data-start=\"4200\" data-end=\"4229\">\u03b2-keto-amphetaminefamilie<\/strong>. 2 cmc<br data-start=\"4230\" data-end=\"4233\" \/>2-CMC is structureel verwant aan <strong data-start=\"4266\" data-end=\"4275\">3-CMC<\/strong> ve <strong data-start=\"4279\" data-end=\"4288\">4-CMC<\/strong> en wordt gebruikt voor <strong data-start=\"4312\" data-end=\"4360\">forensisch, analytisch en chemisch onderzoek<\/strong>, vooral bij <strong data-start=\"4373\" data-end=\"4414\">structure-activity relationship (SAR)<\/strong>-studies en <strong data-start=\"4426\" data-end=\"4456\">chromatografische analyses<\/strong>.<\/p>\n<p data-start=\"4461\" data-end=\"4637\">De stof wordt geleverd als een <strong data-start=\"4492\" data-end=\"4521\">fijn kristallijn HCl-zout<\/strong> en verpakt in een <strong data-start=\"4540\" data-end=\"4590\">vochtbestendig, hersluitbaar laboratoriumzakje<\/strong> voor veilige opslag en nauwkeurige dosering.<\/p>\n<blockquote data-start=\"4639\" data-end=\"4789\">\n<p data-start=\"4641\" data-end=\"4789\">\u26a0\ufe0f <strong data-start=\"4644\" data-end=\"4655\">Not:<\/strong> 2-CMC HCl is uitsluitend bedoeld voor <strong data-start=\"4694\" data-end=\"4735\">laboratuvar ve anali\u0307ti\u0307k ara\u015ftirma<\/strong> \u2014 <strong data-start=\"4738\" data-end=\"4786\">insan veya hayvan t\u00fcketimi i\u00e7in de\u011fil<\/strong>.<\/p>\n<\/blockquote>\n<hr data-start=\"4791\" data-end=\"4794\" \/>\n<h3 data-start=\"4796\" data-end=\"4827\"><strong data-start=\"4800\" data-end=\"4827\">Temel \u00f6zellikler<\/strong><\/h3>\n<div class=\"_tableContainer_1rjym_1\">\n<div class=\"group _tableWrapper_1rjym_13 flex w-fit flex-col-reverse\" tabindex=\"-1\">\n<table class=\"w-fit min-w-(--thread-content-width)\" data-start=\"4829\" data-end=\"5408\">\n<thead data-start=\"4829\" data-end=\"4855\">\n<tr data-start=\"4829\" data-end=\"4855\">\n<th data-start=\"4829\" data-end=\"4839\" data-col-size=\"sm\">\u00d6zellik<\/th>\n<th data-start=\"4839\" data-end=\"4855\" data-col-size=\"md\">A\u00e7\u0131klama<\/th>\n<\/tr>\n<\/thead>\n<tbody data-start=\"4884\" data-end=\"5408\">\n<tr data-start=\"4884\" data-end=\"4943\">\n<td data-start=\"4884\" data-end=\"4905\" data-col-size=\"sm\"><strong data-start=\"4886\" data-end=\"4904\">Kimyasal Ad\u0131<\/strong><\/td>\n<td data-start=\"4905\" data-end=\"4943\" data-col-size=\"md\">2-Chloormethcathinon Hydrochloride<\/td>\n<\/tr>\n<tr data-start=\"4944\" data-end=\"4982\">\n<td data-start=\"4944\" data-end=\"4969\" data-col-size=\"sm\"><strong data-start=\"4946\" data-end=\"4968\">Ortak \u0130sim<\/strong><\/td>\n<td data-start=\"4969\" data-end=\"4982\" data-col-size=\"md\">2-CMC HCl<\/td>\n<\/tr>\n<tr data-start=\"4983\" data-end=\"5025\">\n<td data-start=\"4983\" data-end=\"5007\" data-col-size=\"sm\"><strong data-start=\"4985\" data-end=\"5006\">Kimyasal Form\u00fcl<\/strong><\/td>\n<td data-start=\"5007\" data-end=\"5025\" data-col-size=\"md\">C\u2081\u2080H\u2081\u2082ClNO\u00b7HCl<\/td>\n<\/tr>\n<tr data-start=\"5026\" data-end=\"5064\">\n<td data-start=\"5026\" data-end=\"5048\" data-col-size=\"sm\"><strong data-start=\"5028\" data-end=\"5047\">Molek\u00fcler a\u011f\u0131rl\u0131k<\/strong><\/td>\n<td data-start=\"5048\" data-end=\"5064\" data-col-size=\"md\">250,12 g\/mol<\/td>\n<\/tr>\n<tr data-start=\"5065\" data-end=\"5100\">\n<td data-start=\"5065\" data-end=\"5076\" data-col-size=\"sm\"><strong data-start=\"5067\" data-end=\"5075\">Form<\/strong><\/td>\n<td data-start=\"5076\" data-end=\"5100\" data-col-size=\"md\">Kristallijn HCl-zout<\/td>\n<\/tr>\n<tr data-start=\"5101\" data-end=\"5139\">\n<td data-start=\"5101\" data-end=\"5119\" data-col-size=\"sm\"><strong data-start=\"5103\" data-end=\"5118\">Miktar<\/strong><\/td>\n<td data-start=\"5119\" data-end=\"5139\" data-col-size=\"md\">1 gram per zakje<\/td>\n<\/tr>\n<tr data-start=\"5140\" data-end=\"5191\">\n<td data-start=\"5140\" data-end=\"5157\" data-col-size=\"sm\"><strong data-start=\"5142\" data-end=\"5156\">Safl\u0131k<\/strong><\/td>\n<td data-start=\"5157\" data-end=\"5191\" data-col-size=\"md\">\u2265 98% (getest via HPLC en NMR)<\/td>\n<\/tr>\n<tr data-start=\"5192\" data-end=\"5261\">\n<td data-start=\"5192\" data-end=\"5215\" data-col-size=\"sm\"><strong data-start=\"5194\" data-end=\"5214\">Kimyasal S\u0131n\u0131f<\/strong><\/td>\n<td data-start=\"5215\" data-end=\"5261\" data-col-size=\"md\">Synthetische cathinon \/ \u03b2-keto-amphetamine<\/td>\n<\/tr>\n<tr data-start=\"5262\" data-end=\"5336\">\n<td data-start=\"5262\" data-end=\"5276\" data-col-size=\"sm\"><strong data-start=\"5264\" data-end=\"5275\">Kullan\u0131m<\/strong><\/td>\n<td data-start=\"5276\" data-end=\"5336\" data-col-size=\"md\">Sadece analitik, adli ve kimyasal ara\u015ft\u0131rmalar i\u00e7in<\/td>\n<\/tr>\n<tr data-start=\"5337\" data-end=\"5408\">\n<td data-start=\"5337\" data-end=\"5354\" data-col-size=\"sm\"><strong data-start=\"5339\" data-end=\"5353\">Verpakking<\/strong><\/td>\n<td data-start=\"5354\" data-end=\"5408\" data-col-size=\"md\">Hersluitbaar, antistatisch en vochtbestendig zakje<\/td>\n<\/tr>\n<\/tbody>\n<\/table>\n<\/div>\n<\/div>\n<hr data-start=\"5410\" data-end=\"5413\" \/>\n<h3 data-start=\"5415\" data-end=\"5432\"><strong data-start=\"5419\" data-end=\"5432\">Avantajlar<\/strong><\/h3>\n<ul data-start=\"5434\" data-end=\"5870\">\n<li data-start=\"5434\" data-end=\"5516\">\n<p data-start=\"5436\" data-end=\"5516\"><strong data-start=\"5436\" data-end=\"5455\">Hoge Zuiverheid<\/strong> \u2013 \u2265 98% laboratoriumkwaliteit voor betrouwbare resultaten.<\/p>\n<\/li>\n<li data-start=\"5517\" data-end=\"5601\">\n<p data-start=\"5519\" data-end=\"5601\"><strong data-start=\"5519\" data-end=\"5536\">Stabiele Vorm<\/strong> \u2013 HCl-zout zorgt voor verbeterde stabiliteit en oplosbaarheid.<\/p>\n<\/li>\n<li data-start=\"5602\" data-end=\"5679\">\n<p data-start=\"5604\" data-end=\"5679\"><strong data-start=\"5604\" data-end=\"5634\">Breed Onderzoekstoepasbaar<\/strong> \u2013 Geschikt voor GC\/MS, LC-MS, FTIR en NMR.<\/p>\n<\/li>\n<li data-start=\"5680\" data-end=\"5788\">\n<p data-start=\"5682\" data-end=\"5788\"><strong data-start=\"5682\" data-end=\"5712\">Structurele Referentiestof<\/strong> \u2013 Belangrijk voor forensisch en chemisch onderzoek naar cathinonanalogen.<\/p>\n<\/li>\n<li data-start=\"5789\" data-end=\"5870\">\n<p data-start=\"5791\" data-end=\"5870\"><strong data-start=\"5791\" data-end=\"5813\">Veilige Verpakking<\/strong> \u2013 Voorkomt contaminatie en behoudt productintegriteit.<\/p>\n<\/li>\n<\/ul>\n<hr data-start=\"5872\" data-end=\"5875\" \/>\n<h3 data-start=\"5877\" data-end=\"5929\"><strong data-start=\"5881\" data-end=\"5927\">Kullan\u0131m (Sadece Ara\u015ft\u0131rma Ama\u00e7l\u0131)<\/strong><\/h3>\n<ol data-start=\"5931\" data-end=\"6236\">\n<li data-start=\"5931\" data-end=\"5998\">\n<p data-start=\"5934\" data-end=\"5998\"><strong data-start=\"5934\" data-end=\"5949\">Elle\u00e7leme:<\/strong> Draag handschoenen, veiligheidsbril en labjas.<\/p>\n<\/li>\n<li data-start=\"5999\" data-end=\"6060\">\n<p data-start=\"6002\" data-end=\"6060\"><strong data-start=\"6002\" data-end=\"6015\">\u00d6l\u00e7\u00fcler:<\/strong> Gebruik geijkte weegschalen en apparatuur.<\/p>\n<\/li>\n<li data-start=\"6061\" data-end=\"6115\">\n<p data-start=\"6064\" data-end=\"6115\"><strong data-start=\"6064\" data-end=\"6075\">Depolama:<\/strong> Serin (2-8\u00b0C), kuru ve karanl\u0131kta saklay\u0131n.<\/p>\n<\/li>\n<li data-start=\"6116\" data-end=\"6174\">\n<p data-start=\"6119\" data-end=\"6174\"><strong data-start=\"6119\" data-end=\"6131\">Analiz:<\/strong> Geschikt voor GC\/MS, LC-MS, FTIR en NMR.<\/p>\n<\/li>\n<li data-start=\"6175\" data-end=\"6236\">\n<p data-start=\"6178\" data-end=\"6236\"><strong data-start=\"6178\" data-end=\"6195\">Dok\u00fcmantasyon:<\/strong> Noteer batchnummers en testresultaten.<\/p>\n<\/li>\n<\/ol>\n<hr data-start=\"6238\" data-end=\"6241\" \/>\n<h3 data-start=\"6243\" data-end=\"6278\"><strong data-start=\"6247\" data-end=\"6276\">S\u0131k\u00e7a sorulan sorular (SSS)<\/strong><\/h3>\n<p data-start=\"6280\" data-end=\"6456\"><strong data-start=\"6280\" data-end=\"6304\">1. Wat is 2-CMC HCl?<\/strong><br data-start=\"6304\" data-end=\"6307\" \/><strong data-start=\"6307\" data-end=\"6353\">2-CMC (2-Chloormethcathinon) Hydrochloride<\/strong> bir <strong data-start=\"6361\" data-end=\"6396\">synthetische cathinonverbinding<\/strong> die wordt gebruikt in analytisch en forensisch onderzoek.<\/p>\n<p data-start=\"6458\" data-end=\"6596\"><strong data-start=\"6458\" data-end=\"6504\">2. Wat zit er in het 2-CMC HCl Zakje (1g)?<\/strong><br data-start=\"6504\" data-end=\"6507\" \/>Het zakje bevat <strong data-start=\"6523\" data-end=\"6543\">1 gram 2-CMC HCl<\/strong> in kristallijne vorm met een zuiverheid van \u2265 98%.<\/p>\n<p data-start=\"6598\" data-end=\"6792\"><strong data-start=\"6598\" data-end=\"6637\">3. Is het legaal om 2-CMC te kopen?<\/strong><br data-start=\"6637\" data-end=\"6640\" \/>Bu <strong data-start=\"6643\" data-end=\"6667\">legaliteit van 2-CMC<\/strong> verschilt per land. In sommige landen is het gereguleerd; controleer altijd de lokale wetgeving voordat u <strong data-start=\"6774\" data-end=\"6789\">2-CMC koopt<\/strong>.<\/p>","protected":false},"excerpt":{"rendered":"<h2><strong>2-CMC HCl zakje met 1 gram<\/strong><\/h2>\n<ul>\n<li><strong>Retailverpakking<br \/>\n<\/strong><\/li>\n<li><strong>Hoeveelheid gram per zakje: 1<\/strong><\/li>\n<li><strong>Prijzen exclusief 21% BTW<\/strong><\/li>\n<li><strong>Adviesverkoopprijs: \u20ac25,00 incl. BTW<\/strong><\/li>\n<\/ul>","protected":false},"featured_media":20175,"comment_status":"closed","ping_status":"closed","template":"","meta":[],"product_brand":[79],"product_cat":[522],"product_tag":[677,678,679,997,680,78],"class_list":{"0":"post-19271","1":"product","2":"type-product","3":"status-publish","4":"has-post-thumbnail","6":"product_brand-research-chemical","7":"product_cat-b2b","8":"product_tag-2-cmc","9":"product_tag-2-cmc-drugs","10":"product_tag-2-cmc-kopen","11":"product_tag-2-cmc-hcl-zakje-1gr","12":"product_tag-cmc-seizoen-2","13":"product_tag-nl","15":"first","16":"instock","17":"shipping-taxable","18":"purchasable","19":"product-type-variable"},"_links":{"self":[{"href":"https:\/\/researchchemicalsweb.com\/tr\/wp-json\/wp\/v2\/product\/19271","targetHints":{"allow":["GET"]}}],"collection":[{"href":"https:\/\/researchchemicalsweb.com\/tr\/wp-json\/wp\/v2\/product"}],"about":[{"href":"https:\/\/researchchemicalsweb.com\/tr\/wp-json\/wp\/v2\/types\/product"}],"replies":[{"embeddable":true,"href":"https:\/\/researchchemicalsweb.com\/tr\/wp-json\/wp\/v2\/comments?post=19271"}],"version-history":[{"count":1,"href":"https:\/\/researchchemicalsweb.com\/tr\/wp-json\/wp\/v2\/product\/19271\/revisions"}],"predecessor-version":[{"id":19324,"href":"https:\/\/researchchemicalsweb.com\/tr\/wp-json\/wp\/v2\/product\/19271\/revisions\/19324"}],"wp:featuredmedia":[{"embeddable":true,"href":"https:\/\/researchchemicalsweb.com\/tr\/wp-json\/wp\/v2\/media\/20175"}],"wp:attachment":[{"href":"https:\/\/researchchemicalsweb.com\/tr\/wp-json\/wp\/v2\/media?parent=19271"}],"wp:term":[{"taxonomy":"product_brand","embeddable":true,"href":"https:\/\/researchchemicalsweb.com\/tr\/wp-json\/wp\/v2\/product_brand?post=19271"},{"taxonomy":"product_cat","embeddable":true,"href":"https:\/\/researchchemicalsweb.com\/tr\/wp-json\/wp\/v2\/product_cat?post=19271"},{"taxonomy":"product_tag","embeddable":true,"href":"https:\/\/researchchemicalsweb.com\/tr\/wp-json\/wp\/v2\/product_tag?post=19271"}],"curies":[{"name":"wp","href":"https:\/\/api.w.org\/{rel}","templated":true}]}}