{"id":18049,"date":"2025-12-16T20:28:36","date_gmt":"2025-12-16T20:28:36","guid":{"rendered":"https:\/\/researchchemicalsweb.com\/?post_type=product&#038;p=18049"},"modified":"2026-02-17T14:27:55","modified_gmt":"2026-02-17T14:27:55","slug":"mxipr","status":"publish","type":"product","link":"https:\/\/researchchemicalsweb.com\/tr\/urun\/mxipr\/","title":{"rendered":"MXiPr"},"content":{"rendered":"<h1><span dir=\"auto\" style=\"vertical-align: inherit;\"><span dir=\"auto\" style=\"vertical-align: inherit;\">MXiPr - Bilimsel Analiz i\u00e7in \u0130leri Ara\u015ft\u0131rma Kimyasal\u0131<\/span><\/span><\/h1>\n<p data-start=\"6837\" data-end=\"7216\"><strong data-start=\"6837\" data-end=\"6846\">MXiPr<\/strong>, tam olarak <strong data-start=\"6855\" data-end=\"6878\">Metoksiizopropamin<\/strong>, ait oldu\u011fu <strong data-start=\"6895\" data-end=\"6919\">arilsikloheksilaminler<\/strong>, ile yap\u0131sal olarak ili\u015fkili bir grup dissosiyatif bile\u015fiktir. <strong data-start=\"6991\" data-end=\"7003\">Ketamin<\/strong> ve <strong data-start=\"7007\" data-end=\"7014\">MXE<\/strong>. Her ne kadar <em data-start=\"7023\" data-end=\"7030\">MXiPr<\/em> t\u0131bbi bir uygulamas\u0131 yoktur, bu <strong data-start=\"7073\" data-end=\"7133\">bilimsel ve adli ba\u011flamlarda incelenmesi<\/strong> \u00fczerindeki etkisi nedeniyle <strong data-start=\"7161\" data-end=\"7180\">NMDA resept\u00f6rleri<\/strong> ve benzersiz kimyasal yap\u0131s\u0131. <span class=\"___SBox_epc1q-ko_ ___SText_zko9t-ko_\" data-ui-name=\"Link.Text\">mxipr<\/span><\/p>\n<hr data-start=\"7218\" data-end=\"7221\" \/>\n<h2 data-start=\"7223\" data-end=\"7270\"><strong data-start=\"7226\" data-end=\"7270\">Kimyasal ve Farmakolojik Arka Plan<\/strong><\/h2>\n<p data-start=\"7272\" data-end=\"7297\"><strong data-start=\"7272\" data-end=\"7297\">\u00d6nemli veriler:<\/strong><\/p>\n<ul data-start=\"7298\" data-end=\"7535\">\n<li data-start=\"7298\" data-end=\"7367\">\n<p data-start=\"7300\" data-end=\"7367\"><strong data-start=\"7300\" data-end=\"7315\">IUPAC ad\u0131:<\/strong> 2-(3-Metoksifenil)-2-(izopropilamino)siklohekzanon<\/p>\n<\/li>\n<li data-start=\"7368\" data-end=\"7402\">\n<p data-start=\"7370\" data-end=\"7402\"><strong data-start=\"7370\" data-end=\"7390\">Molek\u00fcler form\u00fcl:<\/strong> C16H25NO2<\/p>\n<\/li>\n<li data-start=\"7403\" data-end=\"7439\">\n<p data-start=\"7405\" data-end=\"7439\"><strong data-start=\"7405\" data-end=\"7423\">Molek\u00fcler k\u00fctle:<\/strong> \u00b1263,38 g\/mol<\/p>\n<\/li>\n<li data-start=\"7440\" data-end=\"7486\">\n<p data-start=\"7442\" data-end=\"7486\"><strong data-start=\"7442\" data-end=\"7464\">Kimyasal aile:<\/strong> Arilsikloheksilamin<\/p>\n<\/li>\n<li data-start=\"7487\" data-end=\"7535\">\n<p data-start=\"7489\" data-end=\"7535\"><strong data-start=\"7489\" data-end=\"7509\">Resept\u00f6r \u00e7al\u0131\u015fmas\u0131:<\/strong> NMDA resept\u00f6r antagonisti<\/p>\n<\/li>\n<\/ul>\n<p data-start=\"7537\" data-end=\"7697\">Bu <strong data-start=\"7540\" data-end=\"7563\">izopropilamin grubu<\/strong> MXiPr'yi MXPr gibi ilgili bile\u015fiklerden ay\u0131rarak potansiyel olarak <strong data-start=\"7654\" data-end=\"7676\">ba\u011flanma afinitesi<\/strong> ve <strong data-start=\"7680\" data-end=\"7696\">\u00e7al\u0131\u015fma s\u00fcresi<\/strong>.<\/p>\n<hr data-start=\"7699\" data-end=\"7702\" \/>\n<h2 data-start=\"7704\" data-end=\"7744\"><strong data-start=\"7707\" data-end=\"7744\">Temel Ara\u015ft\u0131rma \u00d6zellikleri<\/strong><\/h2>\n<ul data-start=\"7746\" data-end=\"8023\">\n<li data-start=\"7746\" data-end=\"7816\">\n<p data-start=\"7748\" data-end=\"7816\"><strong data-start=\"7748\" data-end=\"7782\">Analitik referans malzemesi<\/strong> kromatografik \u00e7al\u0131\u015fmalar i\u00e7in.<\/p>\n<\/li>\n<li data-start=\"7817\" data-end=\"7885\">\n<p data-start=\"7819\" data-end=\"7885\"><strong data-start=\"7819\" data-end=\"7860\">Kar\u015f\u0131la\u015ft\u0131rmal\u0131 farmakolojik \u00e7al\u0131\u015fmalar<\/strong> NMDA antagonistlerinin.<\/p>\n<\/li>\n<li data-start=\"7886\" data-end=\"7948\">\n<p data-start=\"7888\" data-end=\"7948\"><strong data-start=\"7888\" data-end=\"7912\">Adli tespit<\/strong> Yeni psikoaktif maddeler.<\/p>\n<\/li>\n<li data-start=\"7949\" data-end=\"8023\">\n<p data-start=\"7951\" data-end=\"8023\"><strong data-start=\"7951\" data-end=\"7980\">Kimyasal karakterizasyon<\/strong> ve laboratuvar ekipmanlar\u0131n\u0131n validasyonu.<\/p>\n<\/li>\n<\/ul>\n<hr data-start=\"8025\" data-end=\"8028\" \/>\n<h2 data-start=\"8030\" data-end=\"8057\"><strong data-start=\"8033\" data-end=\"8057\">Ara\u015ft\u0131rma ama\u00e7lar\u0131<\/strong><\/h2>\n<p data-start=\"8059\" data-end=\"8117\">MXiPr, kontroll\u00fc laboratuvarlarda a\u015fa\u011f\u0131dakiler i\u00e7in incelenir:<\/p>\n<ul data-start=\"8118\" data-end=\"8373\">\n<li data-start=\"8118\" data-end=\"8171\">\n<p data-start=\"8120\" data-end=\"8171\"><strong data-start=\"8120\" data-end=\"8149\">Adli kimlik tespiti<\/strong> GC-MS veya LC-MS yoluyla.<\/p>\n<\/li>\n<li data-start=\"8172\" data-end=\"8228\">\n<p data-start=\"8174\" data-end=\"8228\"><strong data-start=\"8174\" data-end=\"8195\">Kimyasal analiz<\/strong> ve safl\u0131\u011f\u0131n do\u011frulanmas\u0131.<\/p>\n<\/li>\n<li data-start=\"8229\" data-end=\"8287\">\n<p data-start=\"8231\" data-end=\"8287\"><strong data-start=\"8231\" data-end=\"8260\">Farmakolojik modelleme<\/strong> Resept\u00f6r etkile\u015fimleri.<\/p>\n<\/li>\n<li data-start=\"8288\" data-end=\"8373\">\n<p data-start=\"8290\" data-end=\"8373\"><strong data-start=\"8290\" data-end=\"8337\">Yeni psikoaktif maddelerin izlenmesi<\/strong> halk sa\u011fl\u0131\u011f\u0131 ara\u015ft\u0131rmalar\u0131nda.<\/p>\n<\/li>\n<\/ul>\n<hr data-start=\"8375\" data-end=\"8378\" \/>\n<h2 data-start=\"8380\" data-end=\"8424\"><strong data-start=\"8383\" data-end=\"8424\">G\u00fcvenlik ve Yasal Hususlar<\/strong><\/h2>\n<p data-start=\"8426\" data-end=\"8515\">MXiPr olabilir <strong data-start=\"8436\" data-end=\"8451\">sadece<\/strong> taraf\u0131ndan ele al\u0131n\u0131r <strong data-start=\"8474\" data-end=\"8514\">kali\u0307fi\u0307ye laboratuvar personeli\u0307<\/strong>.<\/p>\n<p data-start=\"8517\" data-end=\"8544\"><strong data-start=\"8517\" data-end=\"8544\">G\u00fcvenlik talimatlar\u0131:<\/strong><\/p>\n<ul data-start=\"8545\" data-end=\"8760\">\n<li data-start=\"8545\" data-end=\"8595\">\n<p data-start=\"8547\" data-end=\"8595\">Her zaman ta\u015f\u0131y\u0131n <strong data-start=\"8560\" data-end=\"8592\">eldivenler, g\u00f6zl\u00fckler ve laboratuvar \u00f6nl\u00fc\u011f\u00fc<\/strong>.<\/p>\n<\/li>\n<li data-start=\"8596\" data-end=\"8636\">\n<p data-start=\"8598\" data-end=\"8636\">Do\u011frudan temastan veya solumaktan ka\u00e7\u0131n\u0131n.<\/p>\n<\/li>\n<li data-start=\"8637\" data-end=\"8699\">\n<p data-start=\"8639\" data-end=\"8699\">\u00dcr\u00fcn\u00fc \u015fu \u015fekilde saklay\u0131n <strong data-start=\"8665\" data-end=\"8696\">serin, kapal\u0131 kap<\/strong>.<\/p>\n<\/li>\n<li data-start=\"8700\" data-end=\"8760\">\n<p data-start=\"8702\" data-end=\"8760\">Takip et <strong data-start=\"8707\" data-end=\"8757\">t\u00fcm yerel g\u00fcvenlik ve at\u0131k y\u00f6netmelikleri<\/strong>.<\/p>\n<\/li>\n<\/ul>\n<p data-start=\"8762\" data-end=\"8912\"><strong data-start=\"8762\" data-end=\"8784\">Yasal stat\u00fc:<\/strong><br data-start=\"8784\" data-end=\"8787\" \/>Bir\u00e7ok \u00fclkede MXiPr, Avrupa Birli\u011fi taraf\u0131ndan <strong data-start=\"8822\" data-end=\"8863\">kontroll\u00fc maddelere ili\u015fkin mevzuat<\/strong>. Ruhsat olmadan kullan\u0131lmas\u0131 veya bulundurulmas\u0131 yasakt\u0131r.<\/p>\n<hr data-start=\"8914\" data-end=\"8917\" \/>\n<h2 data-start=\"8919\" data-end=\"8953\"><strong data-start=\"8922\" data-end=\"8953\">S\u0131k\u00e7a sorulan sorular (SSS)<\/strong><\/h2>\n<h3 data-start=\"8955\" data-end=\"8998\"><strong data-start=\"8959\" data-end=\"8998\">1. MXiPr ne i\u00e7in ara\u015ft\u0131r\u0131l\u0131yor?<\/strong><\/h3>\n<p data-start=\"8999\" data-end=\"9089\">MXiPr \u015fu \u015fekilde kullan\u0131l\u0131r <strong data-start=\"9024\" data-end=\"9048\">referans ba\u011flant\u0131s\u0131<\/strong> kimyasal ve adli laboratuvarlarda.<\/p>\n<h3 data-start=\"9091\" data-end=\"9118\"><strong data-start=\"9095\" data-end=\"9118\">2. MXiPr yasal m\u0131?<\/strong><\/h3>\n<p data-start=\"9119\" data-end=\"9214\">\u00c7o\u011fu \u00fclkede MXiPr <strong data-start=\"9148\" data-end=\"9175\">d\u00fczenlenmi\u015f veya yasaklanm\u0131\u015f<\/strong> Analog Yasas\u0131 veya Afyon Yasas\u0131 kapsam\u0131nda.<\/p>\n<h3 data-start=\"9216\" data-end=\"9266\"><strong data-start=\"9220\" data-end=\"9266\">3. MXiPr nas\u0131l g\u00fcvenli bir \u015fekilde kullan\u0131lmal\u0131d\u0131r?<\/strong><\/h3>\n<p data-start=\"9267\" data-end=\"9387\">Sadece <strong data-start=\"9274\" data-end=\"9304\">profesyonel ara\u015ft\u0131rmac\u0131lar<\/strong> MXiPr'\u0131 uygun g\u00fcvenlik \u00f6nlemleri ve koruyucu ekipmanla kullanabilir.<\/p>","protected":false},"excerpt":{"rendered":"<h3><span style=\"vertical-align: inherit;\"><span style=\"vertical-align: inherit;\"><span dir=\"auto\" style=\"vertical-align: inherit;\"><span dir=\"auto\" style=\"vertical-align: inherit;\">MXiPr properties<\/span><\/span><\/span><\/span><\/h3>\n<p><strong><span style=\"vertical-align: inherit;\"><span style=\"vertical-align: inherit;\"><span dir=\"auto\" style=\"vertical-align: inherit;\"><span dir=\"auto\" style=\"vertical-align: inherit;\">Synonym:<\/span><\/span><\/span><\/span><\/strong><span style=\"vertical-align: inherit;\"><span style=\"vertical-align: inherit;\"><span dir=\"auto\" style=\"vertical-align: inherit;\"><span dir=\"auto\" style=\"vertical-align: inherit;\"> 3-MeO-2\u2032-oxo-PCiPr, methoxipropamine <\/span><\/span><\/span><\/span><br \/>\n<strong><span style=\"vertical-align: inherit;\"><span style=\"vertical-align: inherit;\"><span dir=\"auto\" style=\"vertical-align: inherit;\"><span dir=\"auto\" style=\"vertical-align: inherit;\">CAS Number:<\/span><\/span><\/span><\/span><\/strong><span style=\"vertical-align: inherit;\"><span style=\"vertical-align: inherit;\"><span dir=\"auto\" style=\"vertical-align: inherit;\"><span dir=\"auto\" style=\"vertical-align: inherit;\"> 1239943-76-0 <\/span><\/span><\/span><\/span><br \/>\n<strong><span style=\"vertical-align: inherit;\"><span style=\"vertical-align: inherit;\"><span dir=\"auto\" style=\"vertical-align: inherit;\"><span dir=\"auto\" style=\"vertical-align: inherit;\">Formula:<\/span><\/span><\/span><\/span><\/strong><span style=\"vertical-align: inherit;\"><span style=\"vertical-align: inherit;\"><span dir=\"auto\" style=\"vertical-align: inherit;\"><span dir=\"auto\" style=\"vertical-align: inherit;\"> 2-(isopropylamino)-2-(3-methoxyphenyl)-cyclohexanone <\/span><\/span><\/span><\/span><br \/>\n<strong><span style=\"vertical-align: inherit;\"><span style=\"vertical-align: inherit;\"><span dir=\"auto\" style=\"vertical-align: inherit;\"><span dir=\"auto\" style=\"vertical-align: inherit;\">Molar mass:<\/span><\/span><\/span><\/span><\/strong><span style=\"vertical-align: inherit;\"><span style=\"vertical-align: inherit;\"><span dir=\"auto\" style=\"vertical-align: inherit;\"><span dir=\"auto\" style=\"vertical-align: inherit;\"> 297.82 g\/mol <\/span><\/span><\/span><\/span><br \/>\n<strong><span style=\"vertical-align: inherit;\"><span style=\"vertical-align: inherit;\"><span dir=\"auto\" style=\"vertical-align: inherit;\"><span dir=\"auto\" style=\"vertical-align: inherit;\">Purity:<\/span><\/span><\/span><\/span><\/strong><span style=\"vertical-align: inherit;\"><span style=\"vertical-align: inherit;\"><span dir=\"auto\" style=\"vertical-align: inherit;\"><span dir=\"auto\" style=\"vertical-align: inherit;\"> &gt;97%<\/span><\/span><\/span><\/span><\/p>","protected":false},"featured_media":20368,"comment_status":"closed","ping_status":"closed","template":"","meta":[],"product_brand":[79],"product_cat":[154,186],"product_tag":[187,188,183,78],"class_list":{"0":"post-18049","1":"product","2":"type-product","3":"status-publish","4":"has-post-thumbnail","6":"product_brand-research-chemical","7":"product_cat-arylcyclohexylamines","8":"product_cat-mxipr","9":"product_tag-mxipr","10":"product_tag-mxipr-kopen","11":"product_tag-mxp","12":"product_tag-nl","14":"first","15":"instock","16":"shipping-taxable","17":"purchasable","18":"product-type-variable"},"_links":{"self":[{"href":"https:\/\/researchchemicalsweb.com\/tr\/wp-json\/wp\/v2\/product\/18049","targetHints":{"allow":["GET"]}}],"collection":[{"href":"https:\/\/researchchemicalsweb.com\/tr\/wp-json\/wp\/v2\/product"}],"about":[{"href":"https:\/\/researchchemicalsweb.com\/tr\/wp-json\/wp\/v2\/types\/product"}],"replies":[{"embeddable":true,"href":"https:\/\/researchchemicalsweb.com\/tr\/wp-json\/wp\/v2\/comments?post=18049"}],"version-history":[{"count":1,"href":"https:\/\/researchchemicalsweb.com\/tr\/wp-json\/wp\/v2\/product\/18049\/revisions"}],"predecessor-version":[{"id":18105,"href":"https:\/\/researchchemicalsweb.com\/tr\/wp-json\/wp\/v2\/product\/18049\/revisions\/18105"}],"wp:featuredmedia":[{"embeddable":true,"href":"https:\/\/researchchemicalsweb.com\/tr\/wp-json\/wp\/v2\/media\/20368"}],"wp:attachment":[{"href":"https:\/\/researchchemicalsweb.com\/tr\/wp-json\/wp\/v2\/media?parent=18049"}],"wp:term":[{"taxonomy":"product_brand","embeddable":true,"href":"https:\/\/researchchemicalsweb.com\/tr\/wp-json\/wp\/v2\/product_brand?post=18049"},{"taxonomy":"product_cat","embeddable":true,"href":"https:\/\/researchchemicalsweb.com\/tr\/wp-json\/wp\/v2\/product_cat?post=18049"},{"taxonomy":"product_tag","embeddable":true,"href":"https:\/\/researchchemicalsweb.com\/tr\/wp-json\/wp\/v2\/product_tag?post=18049"}],"curies":[{"name":"wp","href":"https:\/\/api.w.org\/{rel}","templated":true}]}}