{"id":16023,"date":"2025-12-16T14:37:46","date_gmt":"2025-12-16T14:37:46","guid":{"rendered":"https:\/\/researchchemicalsweb.com\/?page_id=16023"},"modified":"2025-12-17T15:06:48","modified_gmt":"2025-12-17T15:06:48","slug":"gi%cc%87zli%cc%87li%cc%87k-bi%cc%87ldi%cc%87ri%cc%87mi%cc%87","status":"publish","type":"page","link":"https:\/\/researchchemicalsweb.com\/tr\/gi%cc%87zli%cc%87li%cc%87k-bi%cc%87ldi%cc%87ri%cc%87mi%cc%87\/","title":{"rendered":"Gizlilik beyan\u0131"},"content":{"rendered":"<p>Gizlilik beyan\u0131<br>Bu, chemicalshoppers.com'un gizlilik bildirimidir Uygulanabilirlik: Bu gizlilik bildirimi, \u00f6rne\u011fin bir kay\u0131t formu, ileti\u015fim formu veya verdi\u011finiz sipari\u015fler arac\u0131l\u0131\u011f\u0131yla bize sa\u011flad\u0131\u011f\u0131n\u0131z gizlili\u011fe duyarl\u0131 bilgiler veya ki\u015fisel veriler i\u00e7in ge\u00e7erlidir.<\/p>\n\n\n\n<p>M\u00fc\u015fterilerimizin gizlili\u011fine de\u011fer veriyoruz ve bu nedenle ki\u015fisel verileri i\u015flerken ve korurken m\u00fcmk\u00fcn olan en b\u00fcy\u00fck \u00f6zeni g\u00f6steriyoruz. Verileri, Genel Veri Koruma Y\u00f6netmeli\u011fi'nde (AVG) getirilen ko\u015fullara uygun olarak i\u015fliyoruz.<\/p>\n\n\n\n<p>Chemicalshoppers, ki\u015fisel verilerinizin i\u015flenmesiyle ilgili olarak AVG anlam\u0131nda bir kontrol\u00f6rd\u00fcr. Bu, hangi ki\u015fisel verilerin i\u015flenece\u011fini, hangi ama\u00e7la ve ne \u015fekilde i\u015flenece\u011fini yaln\u0131zca bizim belirledi\u011fimiz anlam\u0131na gelir. Ki\u015fisel verilerinizin AVG'ye uygun olarak d\u00fczg\u00fcn ve dikkatli bir \u015fekilde i\u015flenmesini sa\u011flamaktan biz sorumluyuz. Bu gizlilik bildiriminde, hangi verileri i\u015fledi\u011fimizi ve hangi ama\u00e7larla kullan\u0131ld\u0131\u011f\u0131n\u0131 a\u00e7\u0131kl\u0131yoruz. Ki\u015fisel verilere genel bak\u0131\u015f A\u015fa\u011f\u0131da i\u015fledi\u011fimiz ki\u015fisel verilere genel bir bak\u0131\u015f bulacaks\u0131n\u0131z:<\/p>\n\n\n\n<ul class=\"wp-block-list\">\n<li>Ad\u0131 ve soyad\u0131<\/li>\n\n\n\n<li>Adres<\/li>\n\n\n\n<li>Telefon numaras\u0131<\/li>\n\n\n\n<li>E-posta adresi<\/li>\n\n\n\n<li>Bir web sitesi ziyaret\u00e7isinin IP adresi<br>KI\u0307\u015eI\u0307SEL VERI\u0307LERI\u0307N I\u0307\u015eLENME AMA\u00c7 VE DAYANA\u011eI<br>Bu gizlilik bildirimini kabul ederek, AVG Madde 6(1)(a) kapsam\u0131nda ki\u015fisel verilerinizin a\u015fa\u011f\u0131da belirtilen ama\u00e7lar do\u011frultusunda i\u015flenmesine a\u00e7\u0131k\u00e7a onay vermi\u015f olursunuz. Bu onay\u0131 istedi\u011finiz zaman geri \u00e7ekebilirsiniz. Ancak, bize belirli verileri sa\u011flamazsan\u0131z veya i\u015flememize izin vermezseniz, size d\u00fczg\u00fcn bir \u015fekilde hizmet veremeyebiliriz.<\/li>\n<\/ul>\n\n\n\n<p>Ki\u015fisel verilerinizi i\u015flememiz i\u00e7in bize a\u00e7\u0131k bir onay vermediyseniz veya bu onay\u0131 geri \u00e7ektiyseniz, ki\u015fisel verilerinizin i\u015flenmesi AVG Madde 6(1)(b), (c) ve\/veya (f)'ye dayanabilir. Bu durumda, ki\u015fisel verilerinizin i\u015flenmesi, taraf oldu\u011funuz veya olaca\u011f\u0131n\u0131z bir s\u00f6zle\u015fmenin ifas\u0131 i\u00e7in gerekli olmas\u0131 veya Chemicalshoppers'\u0131n me\u015fru menfaatlerinin korunmas\u0131 i\u00e7in gerekli olmas\u0131 ko\u015fuluyla, izniniz olmadan ger\u00e7ekle\u015febilir. Ayr\u0131ca, yasalar gere\u011fi ki\u015fisel verilerinizi i\u015flememiz gerekebilir.<\/p>\n\n\n\n<p>Ki\u015fisel verilerinizi a\u015fa\u011f\u0131daki ama\u00e7lar i\u00e7in i\u015fliyoruz:<\/p>\n\n\n\n<p>- Hizmetlerimizi y\u00fcr\u00fctmek i\u00e7in (size mal teslim etmek i\u00e7in)<\/p>\n\n\n\n<ul class=\"wp-block-list\">\n<li>\u00d6demenizi i\u015fleme koymak i\u00e7in<br>- Haber b\u00fcltenimizi g\u00f6ndermek i\u00e7in<\/li>\n\n\n\n<li>Hizmetlerimiz ve \u00fcr\u00fcnlerimizdeki de\u011fi\u015fiklikler hakk\u0131nda sizi bilgilendirmek i\u00e7in<\/li>\n\n\n\n<li>Bir hesap olu\u015fturman\u0131za izin vermek i\u00e7in<br>Ki\u015fisel verilerinizi, verilerinizin toplanma ama\u00e7lar\u0131n\u0131 yerine getirmek i\u00e7in kesinlikle gerekli olandan daha uzun s\u00fcre saklam\u0131yoruz.<\/li>\n\n\n\n<li>\u00dc\u00c7\u00dcNC\u00dc TARAFLARA A\u00c7IKLAMA<\/li>\n\n\n\n<li>Yukar\u0131da belirtilen ama\u00e7larla uyumlu olmas\u0131 halinde ki\u015fisel verilerinizi \u00fc\u00e7\u00fcnc\u00fc taraflarla payla\u015fabiliriz. \u00dc\u00e7\u00fcnc\u00fc taraflara sa\u011flama, sizinle yapt\u0131\u011f\u0131m\u0131z s\u00f6zle\u015fmenin yerine getirilmesi i\u00e7in gerekli olabilir, me\u015fru bir menfaatimizi takip etmek i\u00e7in gerekli olabilir veya bize y\u00fcklenen yasal bir y\u00fck\u00fcml\u00fcl\u00fc\u011fe uymak i\u00e7in gerekli olabilir.<\/li>\n\n\n\n<li>Verilerinizin ayn\u0131 d\u00fczeyde g\u00fcvenli\u011fini ve gizlili\u011fini sa\u011flamak i\u00e7in verilerinizi bizim ad\u0131m\u0131za i\u015fleyen \u015firketlerle bir i\u015fleme s\u00f6zle\u015fmesi imzal\u0131yoruz. Bu i\u015fleme faaliyetlerinden biz sorumlu olmaya devam ederiz. Yukar\u0131da belirtilen durumlar d\u0131\u015f\u0131nda, ki\u015fisel verilerinizi yaln\u0131zca sizin a\u00e7\u0131k r\u0131zan\u0131zla di\u011fer \u00fc\u00e7\u00fcnc\u00fc taraflara sa\u011fl\u0131yoruz.<\/li>\n\n\n\n<li>TICARI AMA\u00c7LAR<\/li>\n\n\n\n<li>Ki\u015fisel verilerinizi ticari ama\u00e7larla kullanabiliriz, \u00f6rne\u011fin sizi hizmetlerimiz veya ilgili \u00fcr\u00fcnlerimiz hakk\u0131nda veya teklifle ilgili yasal de\u011fi\u015fiklikler hakk\u0131nda daha ayr\u0131nt\u0131l\u0131 olarak bilgilendirmek i\u00e7in. Bu durumda, yaln\u0131zca kaydetti\u011finiz e-posta adresinden bilgilendirileceksiniz. \u0130lgili \u00fcr\u00fcnler veya hizmetler hakk\u0131nda bilgi almak istemiyorsan\u0131z, al\u0131nan e-postada \u201cabonelikten \u00e7\u0131k\u201d se\u00e7ene\u011fine t\u0131klayarak bunu belirtebilirsiniz. Ki\u015fisel verileriniz, hizmetlerimizi optimize etmek i\u00e7in kullan\u0131lmadan \u00f6nce pazar ara\u015ft\u0131rmas\u0131 kapsam\u0131nda anonimle\u015ftirilir ve art\u0131k sizinle ili\u015fkilendirilemez.<\/li>\n\n\n\n<li>A\u00e7\u0131k\u00e7a izin vermedi\u011finiz s\u00fcrece verileriniz ticari ama\u00e7larla sat\u0131lmayacak veya \u00fc\u00e7\u00fcnc\u00fc taraflarla payla\u015f\u0131lmayacakt\u0131r.<\/li>\n\n\n\n<li>\u00c7erezler<\/li>\n\n\n\n<li>\u00c7erez, bu web sitesini ilk kez ziyaret etti\u011finizde bilgisayar\u0131n\u0131zda, tabletinizde veya ak\u0131ll\u0131 telefonunuzda depolanan k\u00fc\u00e7\u00fck bir metin dosyas\u0131d\u0131r. \u0130nternet taray\u0131c\u0131n\u0131z\u0131 art\u0131k \u00e7erez saklamayacak \u015fekilde ayarlayarak bu \u00e7erezleri devre d\u0131\u015f\u0131 b\u0131rakabilirsiniz. Ayr\u0131ca, taray\u0131c\u0131n\u0131z\u0131n ayarlar\u0131 arac\u0131l\u0131\u011f\u0131yla daha \u00f6nce depolanan bilgileri de silebilirsiniz.<\/li>\n\n\n\n<li>A\u015fa\u011f\u0131daki \u00e7erezleri kullan\u0131yoruz:<\/li>\n\n\n\n<li>\u201d \u0130\u015flevsel \u00e7erezler: Bunlar, web sitesinin teknik i\u015fleyi\u015fi ve kullan\u0131m kolayl\u0131\u011f\u0131n\u0131z i\u00e7in gerekli olan \u00e7erezlerdir. Web sitesinin d\u00fczg\u00fcn \u00e7al\u0131\u015fmas\u0131n\u0131 sa\u011flarlar ve \u00f6rne\u011fin tercihlerinizi hat\u0131rlarlar. Ayr\u0131ca web sitemizi optimize etmemizi sa\u011flarlar. Bunlar, gizlili\u011finizi ihlal etmeyen analitik \u00e7erezlerdir. \u00d6nceden onay\u0131n\u0131z\u0131 almam\u0131z gerekmez.<\/li>\n\n\n\n<li>\u201d Google Analytics: Bu web sitesi, \u201cAnalytics\u201d hizmetinin bir par\u00e7as\u0131 olarak ABD \u015firketi Google'dan \u00e7erezler yerle\u015ftirir. DrSupply bu hizmeti, web sitesinin nas\u0131l kullan\u0131ld\u0131\u011f\u0131 hakk\u0131nda raporlar almak ve kalitesini ve etkinli\u011fini \u00f6l\u00e7mek i\u00e7in kullanmaktad\u0131r. Google Analytics'i, Ki\u015fisel Veriler Kurumu taraf\u0131ndan \u00e7erez yasas\u0131ndaki istisna kapsam\u0131na girmesi i\u00e7in \u00f6ng\u00f6r\u00fclen \u015fekilde kullan\u0131yoruz. Bu, Google Analytics'i kullanmak i\u00e7in \u00f6nceden onay\u0131n\u0131z\u0131 almam\u0131z gerekmedi\u011fi anlam\u0131na gelmektedir.<\/li>\n\n\n\n<li>G\u00d6R\u00dcNT\u00dcLEYIN, D\u00dcZELTIN VEYA SILIN<\/li>\n\n\n\n<li>Ki\u015fisel verilerinize eri\u015fme, bunlar\u0131 d\u00fczeltme veya silme hakk\u0131na sahipsiniz. Ayr\u0131ca veri i\u015fleme izninizi geri \u00e7ekme veya ki\u015fisel verilerinizin i\u015flenmesine itiraz etme hakk\u0131na da sahipsiniz. Sizin izninizle i\u015fledi\u011fimiz veya sizinle yapt\u0131\u011f\u0131m\u0131z bir anla\u015fmay\u0131 ger\u00e7ekle\u015ftirmek i\u00e7in i\u015fledi\u011fimiz dijital ki\u015fisel verileri tutuyorsak, veri ta\u015f\u0131nabilirli\u011fi (\u2018veri ta\u015f\u0131nabilirli\u011fi\u2019) hakk\u0131na sahipsiniz.<\/li>\n\n\n\n<li>Bu, hakk\u0131n\u0131zda tuttu\u011fumuz dijital ki\u015fisel verileri okunabilir bir bilgisayar dosyas\u0131nda size veya sizin belirledi\u011finiz ba\u015fka bir kurulu\u015fa g\u00f6ndermemiz i\u00e7in bize talepte bulunabilece\u011finiz anlam\u0131na gelir.<\/li>\n\n\n\n<li>Ki\u015fisel verilerinize eri\u015fim, d\u00fczeltme, silme, aktarma talebinde bulunabilir veya ki\u015fisel verilerinizin i\u015flenmesine ili\u015fkin onay\u0131n\u0131z\u0131n veya itiraz\u0131n\u0131z\u0131n iptalini info@researchchemicalsweb.com adresine g\u00f6nderebilirsiniz.<\/li>\n\n\n\n<li>\u0130nceleme talebinin sizin taraf\u0131n\u0131zdan yap\u0131ld\u0131\u011f\u0131ndan emin olmak i\u00e7in, taleple birlikte kimlik belgenizin bir kopyas\u0131n\u0131 g\u00f6ndermenizi rica ediyoruz. Bu kopyada pasaport foto\u011fraf\u0131n\u0131z\u0131, MRZ'yi (makinede okunabilir b\u00f6lge, pasaportun alt\u0131ndaki say\u0131 \u015feridi), pasaport numaran\u0131z\u0131 ve Vatanda\u015f Hizmet Numaran\u0131z\u0131 (BSN) karalay\u0131n. Bu, gizlili\u011finizi korumak i\u00e7indir. Talebinize m\u00fcmk\u00fcn olan en k\u0131sa s\u00fcrede, ancak d\u00f6rt hafta i\u00e7inde yan\u0131t verece\u011fiz.<\/li>\n\n\n\n<li>Ayr\u0131ca, ulusal d\u00fczenleyici kurum olan Ki\u015fisel Veriler Kurumu'na \u015fikayette bulunma se\u00e7ene\u011finiz oldu\u011funu da bildirmek isteriz.<\/li>\n\n\n\n<li>\u0130leti\u015fim<\/li>\n\n\n\n<li>Verilerinizin korunmas\u0131n\u0131 ciddiye al\u0131yor ve k\u00f6t\u00fcye kullan\u0131m, kay\u0131p, yetkisiz eri\u015fim, istenmeyen if\u015fa ve yetkisiz de\u011fi\u015fikliklere kar\u015f\u0131 uygun \u00f6nlemleri al\u0131yoruz. Verilerinizin uygun \u015fekilde g\u00fcvence alt\u0131na al\u0131nmad\u0131\u011f\u0131 izlenimine kap\u0131l\u0131rsan\u0131z veya k\u00f6t\u00fcye kullan\u0131m belirtileri varsa, l\u00fctfen m\u00fc\u015fteri hizmetleri ekibimizle veya info@researchchemicalsweb.com adresinden ileti\u015fime ge\u00e7in.<\/li>\n<\/ul>","protected":false},"excerpt":{"rendered":"<p>PrivacyverklaringDit is de privacyverklaring van chemicalshoppers.com Toepasselijkheid: Deze privacyverklaring is van toepassing op alle privacygevoelige informatie of persoonsgegevens die u<\/p>","protected":false},"author":1,"featured_media":0,"parent":0,"menu_order":0,"comment_status":"closed","ping_status":"closed","template":"","meta":{"footnotes":""},"class_list":["post-16023","page","type-page","status-publish","hentry"],"_links":{"self":[{"href":"https:\/\/researchchemicalsweb.com\/tr\/wp-json\/wp\/v2\/pages\/16023","targetHints":{"allow":["GET"]}}],"collection":[{"href":"https:\/\/researchchemicalsweb.com\/tr\/wp-json\/wp\/v2\/pages"}],"about":[{"href":"https:\/\/researchchemicalsweb.com\/tr\/wp-json\/wp\/v2\/types\/page"}],"author":[{"embeddable":true,"href":"https:\/\/researchchemicalsweb.com\/tr\/wp-json\/wp\/v2\/users\/1"}],"replies":[{"embeddable":true,"href":"https:\/\/researchchemicalsweb.com\/tr\/wp-json\/wp\/v2\/comments?post=16023"}],"version-history":[{"count":1,"href":"https:\/\/researchchemicalsweb.com\/tr\/wp-json\/wp\/v2\/pages\/16023\/revisions"}],"predecessor-version":[{"id":16024,"href":"https:\/\/researchchemicalsweb.com\/tr\/wp-json\/wp\/v2\/pages\/16023\/revisions\/16024"}],"wp:attachment":[{"href":"https:\/\/researchchemicalsweb.com\/tr\/wp-json\/wp\/v2\/media?parent=16023"}],"curies":[{"name":"wp","href":"https:\/\/api.w.org\/{rel}","templated":true}]}}