{"id":18622,"date":"2025-12-16T20:44:25","date_gmt":"2025-12-16T20:44:25","guid":{"rendered":"https:\/\/researchchemicalsweb.com\/?post_type=product&#038;p=18622"},"modified":"2026-02-17T14:25:51","modified_gmt":"2026-02-17T14:25:51","slug":"purple-mandala-mix","status":"publish","type":"product","link":"https:\/\/researchchemicalsweb.com\/sv\/produkt\/purple-mandala-mix\/","title":{"rendered":"Lila Mandala Mix"},"content":{"rendered":"<p data-start=\"4859\" data-end=\"5081\"><strong data-start=\"4859\" data-end=\"4881\">Lila Mandala Mix<\/strong> \u00e4r en <strong data-start=\"4889\" data-end=\"4916\">analytische mengformule<\/strong> die wordt gebruikt in <strong data-start=\"4939\" data-end=\"4979\">forensische en chemische laboratoria<\/strong>.<br data-start=\"4980\" data-end=\"4983\" \/>Het dient als <strong data-start=\"4997\" data-end=\"5018\">referentiemengsel<\/strong> f\u00f6r <strong data-start=\"5024\" data-end=\"5078\">kalibratie, methodenvalidatie en detectieonderzoek<\/strong>. purple mandala<\/p>\n<p data-start=\"5083\" data-end=\"5347\">De formule ondersteunt onderzoekers bij het bestuderen van <strong data-start=\"5142\" data-end=\"5219\">chemische identificatie, vergelijkende analyse en spectrale interpretatie<\/strong>.<br data-start=\"5220\" data-end=\"5223\" \/>Het is <strong data-start=\"5230\" data-end=\"5285\">uteslutande avsedda f\u00f6r vetenskaplig forskning<\/strong> och <strong data-start=\"5289\" data-end=\"5346\">inte l\u00e4mplig f\u00f6r konsumtion av m\u00e4nniskor eller djur<\/strong>.<\/p>\n<hr data-start=\"5349\" data-end=\"5352\" \/>\n<h3 data-start=\"5354\" data-end=\"5385\"><strong data-start=\"5358\" data-end=\"5385\">Viktiga funktioner<\/strong><\/h3>\n<ul data-start=\"5387\" data-end=\"5839\">\n<li style=\"list-style-type: none;\">\n<ul data-start=\"5387\" data-end=\"5839\">\n<li data-start=\"5387\" data-end=\"5473\">\n<p data-start=\"5389\" data-end=\"5473\"><strong data-start=\"5389\" data-end=\"5409\">H\u00f6g renhet:<\/strong> Producerad under kontrollerade laboratorief\u00f6rh\u00e5llanden.<\/p>\n<\/li>\n<\/ul>\n<\/li>\n<\/ul>\n<ul data-start=\"5387\" data-end=\"5839\">\n<li data-start=\"5474\" data-end=\"5570\">\n<p data-start=\"5476\" data-end=\"5570\"><strong data-start=\"5476\" data-end=\"5506\">Meervoudige Samenstelling:<\/strong> Ontworpen voor geavanceerde chemische en forensische analyse.<\/p>\n<\/li>\n<li data-start=\"5571\" data-end=\"5670\">\n<p data-start=\"5573\" data-end=\"5670\"><strong data-start=\"5573\" data-end=\"5606\">Gecertificeerde Documentatie:<\/strong> Levereras med <strong data-start=\"5620\" data-end=\"5648\">Analysintyg (COA)<\/strong> och batchinformation.<\/p>\n<\/li>\n<li data-start=\"5671\" data-end=\"5763\">\n<p data-start=\"5673\" data-end=\"5763\"><strong data-start=\"5673\" data-end=\"5704\">Analytisk bred utbyggnad:<\/strong> L\u00e4mplig f\u00f6r <strong data-start=\"5719\" data-end=\"5728\">GC-MS<\/strong>, <strong data-start=\"5730\" data-end=\"5738\">HPLC<\/strong>, och <strong data-start=\"5743\" data-end=\"5751\">FTIR<\/strong> analyser.<\/p>\n<\/li>\n<li data-start=\"5764\" data-end=\"5839\">\n<p data-start=\"5766\" data-end=\"5839\"><strong data-start=\"5766\" data-end=\"5787\">Stabiele Formule:<\/strong> Bibeh\u00e5ller stabiliteten under korrekta lagringsf\u00f6rh\u00e5llanden.<\/p>\n<\/li>\n<\/ul>\n<hr data-start=\"5841\" data-end=\"5844\" \/>\n<h3 data-start=\"5846\" data-end=\"5863\"><strong data-start=\"5850\" data-end=\"5863\">F\u00f6rdelar<\/strong><\/h3>\n<ul data-start=\"5865\" data-end=\"6279\">\n<li data-start=\"5865\" data-end=\"5953\">\n<p data-start=\"5867\" data-end=\"5953\"><strong data-start=\"5867\" data-end=\"5894\">Forensische Toepassing:<\/strong> Ondersteunt de identificatie van chemische verbindingen.<\/p>\n<\/li>\n<li data-start=\"5954\" data-end=\"6043\">\n<p data-start=\"5956\" data-end=\"6043\"><strong data-start=\"5956\" data-end=\"5983\">Tillf\u00f6rlitlig kalibrering:<\/strong> Zorgt voor consistente en reproduceerbare meetresultaten.<\/p>\n<\/li>\n<li data-start=\"6044\" data-end=\"6121\">\n<p data-start=\"6046\" data-end=\"6121\"><strong data-start=\"6046\" data-end=\"6068\">Pedagogiskt v\u00e4rde:<\/strong> Geschikt voor academische en opleidingsdoeleinden.<\/p>\n<\/li>\n<li data-start=\"6122\" data-end=\"6221\">\n<p data-start=\"6124\" data-end=\"6221\"><strong data-start=\"6124\" data-end=\"6158\">Uppfyller s\u00e4kerhetsstandarder:<\/strong> Geproduceerd volgens internationale laboratoriumrichtlijnen.<\/p>\n<\/li>\n<li data-start=\"6222\" data-end=\"6279\">\n<p data-start=\"6224\" data-end=\"6279\"><strong data-start=\"6224\" data-end=\"6251\">Fullst\u00e4ndig dokumentation:<\/strong> Geleverd met MSDS en COA.<\/p>\n<\/li>\n<\/ul>\n<hr data-start=\"6281\" data-end=\"6284\" \/>\n<h3 data-start=\"6286\" data-end=\"6347\"><strong data-start=\"6290\" data-end=\"6347\">Instruktioner f\u00f6r anv\u00e4ndning (endast f\u00f6r forsknings\u00e4ndam\u00e5l)<\/strong><\/h3>\n<ol data-start=\"6349\" data-end=\"6683\">\n<li data-start=\"6349\" data-end=\"6446\">\n<p data-start=\"6352\" data-end=\"6446\"><strong data-start=\"6352\" data-end=\"6370\">F\u00f6rberedelser:<\/strong> Gebruik alleen in erkende laboratoria met geschikte beschermingsmiddelen.<\/p>\n<\/li>\n<li data-start=\"6447\" data-end=\"6528\">\n<p data-start=\"6450\" data-end=\"6528\"><strong data-start=\"6450\" data-end=\"6465\">Toepassing:<\/strong> Gebruik voor analytische kalibratie of methodenvergelijking.<\/p>\n<\/li>\n<li data-start=\"6529\" data-end=\"6592\">\n<p data-start=\"6532\" data-end=\"6592\"><strong data-start=\"6532\" data-end=\"6543\">F\u00f6rvaring:<\/strong> F\u00f6rvaras svalt, torrt och m\u00f6rkt, v\u00e4l tillslutet.<\/p>\n<\/li>\n<li data-start=\"6593\" data-end=\"6683\">\n<p data-start=\"6596\" data-end=\"6683\"><strong data-start=\"6596\" data-end=\"6607\">Dr\u00e4nering:<\/strong> Verwerk restanten volgens lokale voorschriften voor chemisch afvalbeheer.<\/p>\n<\/li>\n<\/ol>\n<hr data-start=\"6685\" data-end=\"6688\" \/>\n<h3 data-start=\"6690\" data-end=\"6724\"><strong data-start=\"6694\" data-end=\"6724\">S\u00e4kerhet och efterlevnad<\/strong><\/h3>\n<ul data-start=\"6726\" data-end=\"7124\">\n<li data-start=\"6726\" data-end=\"6821\">\n<p data-start=\"6728\" data-end=\"6821\"><strong data-start=\"6728\" data-end=\"6764\">Endast f\u00f6r laboratoriebruk:<\/strong> Ej l\u00e4mplig f\u00f6r konsumtion av m\u00e4nniskor eller djur.<\/p>\n<\/li>\n<li data-start=\"6822\" data-end=\"6915\">\n<p data-start=\"6824\" data-end=\"6915\"><strong data-start=\"6824\" data-end=\"6852\">Juridiska \u00f6verv\u00e4ganden:<\/strong> Controleer altijd de lokale wetgeving voor gebruik of bezit.<\/p>\n<\/li>\n<li data-start=\"6916\" data-end=\"6999\">\n<p data-start=\"6918\" data-end=\"6999\"><strong data-start=\"6918\" data-end=\"6946\">H\u00e4lsa och s\u00e4kerhet:<\/strong> Undvik kontakt eller inandning; anv\u00e4nd l\u00e4mplig personlig skyddsutrustning.<\/p>\n<\/li>\n<li data-start=\"7000\" data-end=\"7124\">\n<p data-start=\"7002\" data-end=\"7124\"><strong data-start=\"7002\" data-end=\"7019\">Dokumentation:<\/strong> A <strong data-start=\"7024\" data-end=\"7060\">s\u00e4kerhetsdatablad (MSDS)<\/strong> och <strong data-start=\"7064\" data-end=\"7092\">Analysintyg (COA)<\/strong> \u00e4r tillg\u00e4ngliga p\u00e5 beg\u00e4ran.<\/p>\n<\/li>\n<\/ul>\n<hr data-start=\"7126\" data-end=\"7129\" \/>\n<h3 data-start=\"7131\" data-end=\"7166\"><strong data-start=\"7135\" data-end=\"7166\">Vanliga fr\u00e5gor och svar (FAQ)<\/strong><\/h3>\n<p data-start=\"7168\" data-end=\"7323\"><strong data-start=\"7168\" data-end=\"7218\">1. Waarvoor wordt Purple Mandala Mix gebruikt?<\/strong><br data-start=\"7218\" data-end=\"7221\" \/>Purple Mandala Mix wordt gebruikt als <strong data-start=\"7259\" data-end=\"7282\">referensmaterial<\/strong> Inom kriminalteknik och analys.<\/p>\n<p data-start=\"7325\" data-end=\"7501\"><strong data-start=\"7325\" data-end=\"7390\">2. Is Purple Mandala Mix geschikt voor menselijke consumptie?<\/strong><br data-start=\"7390\" data-end=\"7393\" \/>Nej, den h\u00e4r produkten \u00e4r <strong data-start=\"7413\" data-end=\"7451\">endast f\u00f6r forsknings\u00e4ndam\u00e5l<\/strong> och <strong data-start=\"7455\" data-end=\"7498\">inte godk\u00e4nd f\u00f6r anv\u00e4ndning p\u00e5 m\u00e4nniskor<\/strong>.<\/p>\n<p data-start=\"7503\" data-end=\"7640\"><strong data-start=\"7503\" data-end=\"7556\">3. Hoe moet Purple Mandala Mix worden opgeslagen?<\/strong><br data-start=\"7556\" data-end=\"7559\" \/>F\u00f6rvaras svalt, torrt och m\u00f6rkt, v\u00e4l tillslutet och o\u00e5tkomligt f\u00f6r obeh\u00f6riga.<\/p>","protected":false},"excerpt":{"rendered":"<h3><span style=\"vertical-align: inherit;\"><span style=\"vertical-align: inherit;\"><span dir=\"auto\" style=\"vertical-align: inherit;\"><span dir=\"auto\" style=\"vertical-align: inherit;\">Purple Mandala properties:<\/span><\/span><\/span><\/span><\/h3>\n<ul>\n<li><span style=\"vertical-align: inherit;\"><span style=\"vertical-align: inherit;\"><span dir=\"auto\" style=\"vertical-align: inherit;\"><span dir=\"auto\" style=\"vertical-align: inherit;\">90 MG 5-MAPB<\/span><\/span><\/span><\/span><\/li>\n<li><span style=\"vertical-align: inherit;\"><span style=\"vertical-align: inherit;\"><span dir=\"auto\" style=\"vertical-align: inherit;\"><span dir=\"auto\" style=\"vertical-align: inherit;\">45 MG 4-FMA<\/span><\/span><\/span><\/span><\/li>\n<\/ul>","protected":false},"featured_media":20398,"comment_status":"closed","ping_status":"closed","template":"","meta":[],"product_brand":[],"product_cat":[145,192,81,73,88,362,363,364,82],"product_tag":[78,365,366],"class_list":{"0":"post-18622","1":"product","2":"type-product","3":"status-publish","4":"has-post-thumbnail","6":"product_cat-4-fma","7":"product_cat-5-mapb","8":"product_cat-benzofuran","9":"product_cat-bijna-verboden","10":"product_cat-gefluoreerden","11":"product_cat-liquid-rcs","12":"product_cat-mandala-mixes","13":"product_cat-purple-mandala","14":"product_cat-sale","15":"product_tag-nl","16":"product_tag-purple-mandala","17":"product_tag-purple-mandala-kopen","19":"first","20":"instock","21":"sale","22":"shipping-taxable","23":"purchasable","24":"product-type-variable"},"_links":{"self":[{"href":"https:\/\/researchchemicalsweb.com\/sv\/wp-json\/wp\/v2\/product\/18622","targetHints":{"allow":["GET"]}}],"collection":[{"href":"https:\/\/researchchemicalsweb.com\/sv\/wp-json\/wp\/v2\/product"}],"about":[{"href":"https:\/\/researchchemicalsweb.com\/sv\/wp-json\/wp\/v2\/types\/product"}],"replies":[{"embeddable":true,"href":"https:\/\/researchchemicalsweb.com\/sv\/wp-json\/wp\/v2\/comments?post=18622"}],"version-history":[{"count":1,"href":"https:\/\/researchchemicalsweb.com\/sv\/wp-json\/wp\/v2\/product\/18622\/revisions"}],"predecessor-version":[{"id":18659,"href":"https:\/\/researchchemicalsweb.com\/sv\/wp-json\/wp\/v2\/product\/18622\/revisions\/18659"}],"wp:featuredmedia":[{"embeddable":true,"href":"https:\/\/researchchemicalsweb.com\/sv\/wp-json\/wp\/v2\/media\/20398"}],"wp:attachment":[{"href":"https:\/\/researchchemicalsweb.com\/sv\/wp-json\/wp\/v2\/media?parent=18622"}],"wp:term":[{"taxonomy":"product_brand","embeddable":true,"href":"https:\/\/researchchemicalsweb.com\/sv\/wp-json\/wp\/v2\/product_brand?post=18622"},{"taxonomy":"product_cat","embeddable":true,"href":"https:\/\/researchchemicalsweb.com\/sv\/wp-json\/wp\/v2\/product_cat?post=18622"},{"taxonomy":"product_tag","embeddable":true,"href":"https:\/\/researchchemicalsweb.com\/sv\/wp-json\/wp\/v2\/product_tag?post=18622"}],"curies":[{"name":"wp","href":"https:\/\/api.w.org\/{rel}","templated":true}]}}