{"id":18615,"date":"2025-12-16T20:44:25","date_gmt":"2025-12-16T20:44:25","guid":{"rendered":"https:\/\/researchchemicalsweb.com\/?post_type=product&#038;p=18615"},"modified":"2026-02-17T14:25:39","modified_gmt":"2026-02-17T14:25:39","slug":"flualprazolam-1-mg-pellets","status":"publish","type":"product","link":"https:\/\/researchchemicalsweb.com\/sv\/produkt\/flualprazolam-1-mg-pellets\/","title":{"rendered":"Flualprazolam 1 MG Pellets"},"content":{"rendered":"<div id=\"content_tab_description\" class=\"tab-content tab-description\">\n<div class=\"tab-content-inner\">\n<div class=\"tab-content-scroll\">\n<h3 data-start=\"5067\" data-end=\"5086\"><strong data-start=\"5071\" data-end=\"5086\">Inledning<\/strong><\/h3>\n<p data-start=\"5088\" data-end=\"5367\"><strong data-start=\"5088\" data-end=\"5105\">Flualprazolam<\/strong> \u00e4r en <strong data-start=\"5113\" data-end=\"5151\">triazolo-benzodiazepine-verbinding<\/strong>, structureel verwant aan <strong data-start=\"5177\" data-end=\"5191\">alprazolam<\/strong> och <strong data-start=\"5195\" data-end=\"5212\">flubromazolam<\/strong>. flualprazolam<br data-start=\"5213\" data-end=\"5216\" \/>Den anv\u00e4nds som <strong data-start=\"5239\" data-end=\"5262\">referensmaterial<\/strong> p\u00e5 <strong data-start=\"5266\" data-end=\"5308\">kriminaltekniska och analytiska laboratorier<\/strong> f\u00f6r <strong data-start=\"5314\" data-end=\"5364\">kalibratie, identificatie en methodenvalidatie<\/strong>.<\/p>\n<p data-start=\"5369\" data-end=\"5596\">Den <strong data-start=\"5372\" data-end=\"5391\">1 mg pelletvorm<\/strong> biedt gestandaardiseerde dosering en nauwkeurige reproduceerbaarheid.<br data-start=\"5461\" data-end=\"5464\" \/>Denna produkt \u00e4r <strong data-start=\"5479\" data-end=\"5534\">uteslutande avsedda f\u00f6r vetenskaplig forskning<\/strong> och <strong data-start=\"5538\" data-end=\"5595\">inte l\u00e4mplig f\u00f6r konsumtion av m\u00e4nniskor eller djur<\/strong>.<\/p>\n<hr data-start=\"5598\" data-end=\"5601\" \/>\n<h3 data-start=\"5603\" data-end=\"5634\"><strong data-start=\"5607\" data-end=\"5634\">Viktiga funktioner<\/strong><\/h3>\n<ul data-start=\"5636\" data-end=\"6067\">\n<li data-start=\"5636\" data-end=\"5722\">\n<p data-start=\"5638\" data-end=\"5722\"><strong data-start=\"5638\" data-end=\"5658\">H\u00f6g renhet:<\/strong> Producerad under kontrollerade laboratorief\u00f6rh\u00e5llanden.<\/p>\n<\/li>\n<li data-start=\"5723\" data-end=\"5804\">\n<p data-start=\"5725\" data-end=\"5804\"><strong data-start=\"5725\" data-end=\"5757\">Standardiserad dosering:<\/strong> 1 mg per pellet voor consistente resultaten.<\/p>\n<\/li>\n<li data-start=\"5805\" data-end=\"5910\">\n<p data-start=\"5807\" data-end=\"5910\"><strong data-start=\"5807\" data-end=\"5846\">Certifierat referensmaterial:<\/strong> Levereras med <strong data-start=\"5860\" data-end=\"5888\">Analysintyg (COA)<\/strong> och batchinformation.<\/p>\n<\/li>\n<li data-start=\"5911\" data-end=\"6007\">\n<p data-start=\"5913\" data-end=\"6007\"><strong data-start=\"5913\" data-end=\"5944\">Analytisk bred utbyggnad:<\/strong> L\u00e4mplig f\u00f6r <strong data-start=\"5959\" data-end=\"5967\">HPLC<\/strong>, <strong data-start=\"5969\" data-end=\"5981\">LC-MS\/MS<\/strong>, och <strong data-start=\"5986\" data-end=\"5995\">GC-MS<\/strong> analyser.<\/p>\n<\/li>\n<li data-start=\"6008\" data-end=\"6067\">\n<p data-start=\"6010\" data-end=\"6067\"><strong data-start=\"6010\" data-end=\"6031\">Stabiele Formule:<\/strong> Ontworpen voor langdurige opslag.<\/p>\n<\/li>\n<\/ul>\n<hr data-start=\"6069\" data-end=\"6072\" \/>\n<h3 data-start=\"6074\" data-end=\"6091\"><strong data-start=\"6078\" data-end=\"6091\">F\u00f6rdelar<\/strong><\/h3>\n<ul data-start=\"6093\" data-end=\"6503\">\n<li data-start=\"6093\" data-end=\"6176\">\n<p data-start=\"6095\" data-end=\"6176\"><strong data-start=\"6095\" data-end=\"6122\">Forensische Toepassing:<\/strong> Geschikt voor detectie van benzodiazepine-analogen.<\/p>\n<\/li>\n<li data-start=\"6177\" data-end=\"6266\">\n<p data-start=\"6179\" data-end=\"6266\"><strong data-start=\"6179\" data-end=\"6206\">Tillf\u00f6rlitlig kalibrering:<\/strong> Zorgt voor reproduceerbare en nauwkeurige meetresultaten.<\/p>\n<\/li>\n<li data-start=\"6267\" data-end=\"6344\">\n<p data-start=\"6269\" data-end=\"6344\"><strong data-start=\"6269\" data-end=\"6291\">Pedagogiskt v\u00e4rde:<\/strong> Geschikt voor academische en analytische training.<\/p>\n<\/li>\n<li data-start=\"6345\" data-end=\"6404\">\n<p data-start=\"6347\" data-end=\"6404\"><strong data-start=\"6347\" data-end=\"6376\">Veilig en Gedocumenteerd:<\/strong> Geleverd met MSDS en COA.<\/p>\n<\/li>\n<li data-start=\"6405\" data-end=\"6503\">\n<p data-start=\"6407\" data-end=\"6503\"><strong data-start=\"6407\" data-end=\"6442\">Voldoet aan Laboratoriumnormen:<\/strong> Geproduceerd volgens internationale kwaliteitsrichtlijnen.<\/p>\n<\/li>\n<\/ul>\n<hr data-start=\"6505\" data-end=\"6508\" \/>\n<h3 data-start=\"6510\" data-end=\"6571\"><strong data-start=\"6514\" data-end=\"6571\">Instruktioner f\u00f6r anv\u00e4ndning (endast f\u00f6r forsknings\u00e4ndam\u00e5l)<\/strong><\/h3>\n<ol data-start=\"6573\" data-end=\"6908\">\n<li data-start=\"6573\" data-end=\"6675\">\n<p data-start=\"6576\" data-end=\"6675\"><strong data-start=\"6576\" data-end=\"6590\">Hantering:<\/strong> Anv\u00e4nd endast i godk\u00e4nda laboratorier med l\u00e4mpliga s\u00e4kerhetsanordningar.<\/p>\n<\/li>\n<li data-start=\"6676\" data-end=\"6753\">\n<p data-start=\"6679\" data-end=\"6753\"><strong data-start=\"6679\" data-end=\"6697\">F\u00f6rberedelser:<\/strong> Gebruik pellets volgens gevalideerde analysemethoden.<\/p>\n<\/li>\n<li data-start=\"6754\" data-end=\"6817\">\n<p data-start=\"6757\" data-end=\"6817\"><strong data-start=\"6757\" data-end=\"6768\">F\u00f6rvaring:<\/strong> F\u00f6rvaras svalt, torrt och m\u00f6rkt, v\u00e4l tillslutet.<\/p>\n<\/li>\n<li data-start=\"6818\" data-end=\"6908\">\n<p data-start=\"6821\" data-end=\"6908\"><strong data-start=\"6821\" data-end=\"6832\">Dr\u00e4nering:<\/strong> Bortskaffa rester enligt lokala best\u00e4mmelser f\u00f6r hantering av kemiskt avfall.<\/p>\n<\/li>\n<\/ol>\n<hr data-start=\"6910\" data-end=\"6913\" \/>\n<h3 data-start=\"6915\" data-end=\"6949\"><strong data-start=\"6919\" data-end=\"6949\">S\u00e4kerhet och efterlevnad<\/strong><\/h3>\n<ul data-start=\"6951\" data-end=\"7400\">\n<li data-start=\"6951\" data-end=\"7045\">\n<p data-start=\"6953\" data-end=\"7045\"><strong data-start=\"6953\" data-end=\"6989\">Endast f\u00f6r laboratoriebruk:<\/strong> Niet bedoeld voor menselijke of dierlijke consumptie.<\/p>\n<\/li>\n<li data-start=\"7046\" data-end=\"7176\">\n<p data-start=\"7048\" data-end=\"7176\"><strong data-start=\"7048\" data-end=\"7076\">Juridiska \u00f6verv\u00e4ganden:<\/strong> Flualprazolam valt onder de wetgeving inzake gecontroleerde stoffen; controleer de lokale regels.<\/p>\n<\/li>\n<li data-start=\"7177\" data-end=\"7275\">\n<p data-start=\"7179\" data-end=\"7275\"><strong data-start=\"7179\" data-end=\"7207\">H\u00e4lsa och s\u00e4kerhet:<\/strong> Vermijd huidcontact, inademing en inslikken; draag geschikte PBM.<\/p>\n<\/li>\n<li data-start=\"7276\" data-end=\"7400\">\n<p data-start=\"7278\" data-end=\"7400\"><strong data-start=\"7278\" data-end=\"7295\">Dokumentation:<\/strong> A <strong data-start=\"7300\" data-end=\"7336\">s\u00e4kerhetsdatablad (MSDS)<\/strong> och <strong data-start=\"7340\" data-end=\"7368\">Analysintyg (COA)<\/strong> \u00e4r tillg\u00e4ngliga p\u00e5 beg\u00e4ran.<\/p>\n<\/li>\n<\/ul>\n<hr data-start=\"7402\" data-end=\"7405\" \/>\n<h3 data-start=\"7407\" data-end=\"7442\"><strong data-start=\"7411\" data-end=\"7442\">Vanliga fr\u00e5gor och svar (FAQ)<\/strong><\/h3>\n<p data-start=\"7444\" data-end=\"7596\"><strong data-start=\"7444\" data-end=\"7503\">1. Waarvoor worden Flualprazolam 1 mg Pellets gebruikt?<\/strong><br data-start=\"7503\" data-end=\"7506\" \/>Ze worden gebruikt als <strong data-start=\"7529\" data-end=\"7552\">referensmaterial<\/strong> in forensisch en toxicologisch onderzoek.<\/p>\n<p data-start=\"7598\" data-end=\"7770\"><strong data-start=\"7598\" data-end=\"7659\">2. Zijn deze pellets geschikt voor menselijke consumptie?<\/strong><br data-start=\"7659\" data-end=\"7662\" \/>Nej, den h\u00e4r produkten \u00e4r <strong data-start=\"7682\" data-end=\"7720\">endast f\u00f6r forsknings\u00e4ndam\u00e5l<\/strong> och <strong data-start=\"7724\" data-end=\"7767\">inte godk\u00e4nd f\u00f6r anv\u00e4ndning p\u00e5 m\u00e4nniskor<\/strong>.<\/p>\n<p data-start=\"7772\" data-end=\"7914\"><strong data-start=\"7772\" data-end=\"7830\">3. Hoe moeten Flualprazolam Pellets worden opgeslagen?<\/strong><br data-start=\"7830\" data-end=\"7833\" \/>F\u00f6rvaras svalt, torrt och m\u00f6rkt, v\u00e4l tillslutet och o\u00e5tkomligt f\u00f6r obeh\u00f6riga.<\/p>\n<\/div>\n<\/div>\n<\/div>","protected":false},"excerpt":{"rendered":"<h3><span data-sheets-value=\"{\" data-sheets-userformat=\"{\"><span style=\"vertical-align: inherit;\"><span style=\"vertical-align: inherit;\"><span dir=\"auto\" style=\"vertical-align: inherit;\"><span dir=\"auto\" style=\"vertical-align: inherit;\">Flualprazolam Pellets Properties<\/span><\/span><\/span><\/span><\/span><\/h3>\n<p><strong><span style=\"vertical-align: inherit;\"><span style=\"vertical-align: inherit;\"><span dir=\"auto\" style=\"vertical-align: inherit;\"><span dir=\"auto\" style=\"vertical-align: inherit;\">Synonym:<\/span><\/span><\/span><\/span><\/strong><span style=\"vertical-align: inherit;\"><span style=\"vertical-align: inherit;\"><span dir=\"auto\" style=\"vertical-align: inherit;\"><span dir=\"auto\" style=\"vertical-align: inherit;\"> Fluclazolam <\/span><\/span><\/span><\/span><br \/>\n<strong><span style=\"vertical-align: inherit;\"><span style=\"vertical-align: inherit;\"><span dir=\"auto\" style=\"vertical-align: inherit;\"><span dir=\"auto\" style=\"vertical-align: inherit;\">CAS Number:<\/span><\/span><\/span><\/span><\/strong><span style=\"vertical-align: inherit;\"><span style=\"vertical-align: inherit;\"><span dir=\"auto\" style=\"vertical-align: inherit;\"><span dir=\"auto\" style=\"vertical-align: inherit;\"> 28910-91-0 <\/span><\/span><\/span><\/span><br \/>\n<strong><span style=\"vertical-align: inherit;\"><span style=\"vertical-align: inherit;\"><span dir=\"auto\" style=\"vertical-align: inherit;\"><span dir=\"auto\" style=\"vertical-align: inherit;\">Formula:<\/span><\/span><\/span><\/span><\/strong><span style=\"vertical-align: inherit;\"><span style=\"vertical-align: inherit;\"><span dir=\"auto\" style=\"vertical-align: inherit;\"><span dir=\"auto\" style=\"vertical-align: inherit;\"> 8-chloro-6-(2-fluorophenyl)-1-methyl-4H-[1,2,4]triazolo[4,3-a][1,4]benzodiazepine <\/span><\/span><\/span><\/span><br \/>\n<strong><span style=\"vertical-align: inherit;\"><span style=\"vertical-align: inherit;\"><span dir=\"auto\" style=\"vertical-align: inherit;\"><span dir=\"auto\" style=\"vertical-align: inherit;\">Molar mass:<\/span><\/span><\/span><\/span><\/strong><span style=\"vertical-align: inherit;\"><span style=\"vertical-align: inherit;\"><span dir=\"auto\" style=\"vertical-align: inherit;\"><span dir=\"auto\" style=\"vertical-align: inherit;\"> 326.8 g\/mol <\/span><\/span><\/span><\/span><br \/>\n<strong><span style=\"vertical-align: inherit;\"><span style=\"vertical-align: inherit;\"><span dir=\"auto\" style=\"vertical-align: inherit;\"><span dir=\"auto\" style=\"vertical-align: inherit;\">Purity:<\/span><\/span><\/span><\/span><\/strong><span style=\"vertical-align: inherit;\"><span style=\"vertical-align: inherit;\"><span dir=\"auto\" style=\"vertical-align: inherit;\"><span dir=\"auto\" style=\"vertical-align: inherit;\"> &gt;97%<\/span><\/span><\/span><\/span><\/p>\n","protected":false},"featured_media":20325,"comment_status":"closed","ping_status":"closed","template":"","meta":[],"product_brand":[],"product_cat":[92],"product_tag":[215,217,78],"class_list":{"0":"post-18615","1":"product","2":"type-product","3":"status-publish","4":"has-post-thumbnail","6":"product_cat-verboden","7":"product_tag-flualprazolam","8":"product_tag-flualprazolam-kopen","9":"product_tag-nl","11":"first","12":"instock","13":"shipping-taxable","14":"purchasable","15":"product-type-simple"},"_links":{"self":[{"href":"https:\/\/researchchemicalsweb.com\/sv\/wp-json\/wp\/v2\/product\/18615","targetHints":{"allow":["GET"]}}],"collection":[{"href":"https:\/\/researchchemicalsweb.com\/sv\/wp-json\/wp\/v2\/product"}],"about":[{"href":"https:\/\/researchchemicalsweb.com\/sv\/wp-json\/wp\/v2\/types\/product"}],"replies":[{"embeddable":true,"href":"https:\/\/researchchemicalsweb.com\/sv\/wp-json\/wp\/v2\/comments?post=18615"}],"version-history":[{"count":1,"href":"https:\/\/researchchemicalsweb.com\/sv\/wp-json\/wp\/v2\/product\/18615\/revisions"}],"predecessor-version":[{"id":18624,"href":"https:\/\/researchchemicalsweb.com\/sv\/wp-json\/wp\/v2\/product\/18615\/revisions\/18624"}],"wp:featuredmedia":[{"embeddable":true,"href":"https:\/\/researchchemicalsweb.com\/sv\/wp-json\/wp\/v2\/media\/20325"}],"wp:attachment":[{"href":"https:\/\/researchchemicalsweb.com\/sv\/wp-json\/wp\/v2\/media?parent=18615"}],"wp:term":[{"taxonomy":"product_brand","embeddable":true,"href":"https:\/\/researchchemicalsweb.com\/sv\/wp-json\/wp\/v2\/product_brand?post=18615"},{"taxonomy":"product_cat","embeddable":true,"href":"https:\/\/researchchemicalsweb.com\/sv\/wp-json\/wp\/v2\/product_cat?post=18615"},{"taxonomy":"product_tag","embeddable":true,"href":"https:\/\/researchchemicalsweb.com\/sv\/wp-json\/wp\/v2\/product_tag?post=18615"}],"curies":[{"name":"wp","href":"https:\/\/api.w.org\/{rel}","templated":true}]}}