{"id":18049,"date":"2025-12-16T20:28:36","date_gmt":"2025-12-16T20:28:36","guid":{"rendered":"https:\/\/researchchemicalsweb.com\/?post_type=product&#038;p=18049"},"modified":"2026-02-17T14:27:55","modified_gmt":"2026-02-17T14:27:55","slug":"mxipr","status":"publish","type":"product","link":"https:\/\/researchchemicalsweb.com\/sv\/produkt\/mxipr\/","title":{"rendered":"MXiPr"},"content":{"rendered":"<h1><span dir=\"auto\" style=\"vertical-align: inherit;\"><span dir=\"auto\" style=\"vertical-align: inherit;\">MXiPr - Avancerad forskningskemikalie f\u00f6r vetenskaplig analys<\/span><\/span><\/h1>\n<p data-start=\"6837\" data-end=\"7216\"><strong data-start=\"6837\" data-end=\"6846\">MXiPr<\/strong>, i sin helhet <strong data-start=\"6855\" data-end=\"6878\">Metoxiisopropamin<\/strong>, h\u00f6r till <strong data-start=\"6895\" data-end=\"6919\">arylcyklohexylaminer<\/strong>, en grupp av dissociativa f\u00f6reningar som \u00e4r strukturellt besl\u00e4ktade med <strong data-start=\"6991\" data-end=\"7003\">Ketamin<\/strong> och <strong data-start=\"7007\" data-end=\"7014\">MXE<\/strong>. \u00c4ven om <em data-start=\"7023\" data-end=\"7030\">MXiPr<\/em> inte har n\u00e5gon medicinsk till\u00e4mpning, det <strong data-start=\"7073\" data-end=\"7133\">granskas i vetenskapliga och r\u00e4ttsmedicinska sammanhang<\/strong> p\u00e5 grund av dess effekt p\u00e5 <strong data-start=\"7161\" data-end=\"7180\">NMDA-receptorer<\/strong> och dess unika kemiska struktur. <span class=\"___SBox_epc1q-ko_ ___SText_zko9t-ko_\" data-ui-name=\"Link.Text\">mxipr<\/span><\/p>\n<hr data-start=\"7218\" data-end=\"7221\" \/>\n<h2 data-start=\"7223\" data-end=\"7270\"><strong data-start=\"7226\" data-end=\"7270\">Kemisk och farmakologisk bakgrund<\/strong><\/h2>\n<p data-start=\"7272\" data-end=\"7297\"><strong data-start=\"7272\" data-end=\"7297\">Viktig information:<\/strong><\/p>\n<ul data-start=\"7298\" data-end=\"7535\">\n<li data-start=\"7298\" data-end=\"7367\">\n<p data-start=\"7300\" data-end=\"7367\"><strong data-start=\"7300\" data-end=\"7315\">IUPAC-namn:<\/strong> 2-(3-Metoxifenyl)-2-(isopropylamino)cyklohexanon<\/p>\n<\/li>\n<li data-start=\"7368\" data-end=\"7402\">\n<p data-start=\"7370\" data-end=\"7402\"><strong data-start=\"7370\" data-end=\"7390\">Molekyl\u00e4r formel:<\/strong> C16H25NO2<\/p>\n<\/li>\n<li data-start=\"7403\" data-end=\"7439\">\n<p data-start=\"7405\" data-end=\"7439\"><strong data-start=\"7405\" data-end=\"7423\">Molekyl\u00e4r massa:<\/strong> \u00b1263,38 g\/mol<\/p>\n<\/li>\n<li data-start=\"7440\" data-end=\"7486\">\n<p data-start=\"7442\" data-end=\"7486\"><strong data-start=\"7442\" data-end=\"7464\">Kemisk familj:<\/strong> Arylcyklohexylamin<\/p>\n<\/li>\n<li data-start=\"7487\" data-end=\"7535\">\n<p data-start=\"7489\" data-end=\"7535\"><strong data-start=\"7489\" data-end=\"7509\">Receptorns funktion:<\/strong> NMDA-receptorantagonist<\/p>\n<\/li>\n<\/ul>\n<p data-start=\"7537\" data-end=\"7697\">Den <strong data-start=\"7540\" data-end=\"7563\">isopropylamin-grupp<\/strong> skiljer MXiPr fr\u00e5n relaterade f\u00f6reningar som MXPr, vilket potentiellt kan p\u00e5verka <strong data-start=\"7654\" data-end=\"7676\">bindningsaffinitet<\/strong> och <strong data-start=\"7680\" data-end=\"7696\">Arbetstid<\/strong>.<\/p>\n<hr data-start=\"7699\" data-end=\"7702\" \/>\n<h2 data-start=\"7704\" data-end=\"7744\"><strong data-start=\"7707\" data-end=\"7744\">Viktiga k\u00e4nnetecken f\u00f6r forskningen<\/strong><\/h2>\n<ul data-start=\"7746\" data-end=\"8023\">\n<li data-start=\"7746\" data-end=\"7816\">\n<p data-start=\"7748\" data-end=\"7816\"><strong data-start=\"7748\" data-end=\"7782\">Analytiskt referensmaterial<\/strong> f\u00f6r kromatografiska studier.<\/p>\n<\/li>\n<li data-start=\"7817\" data-end=\"7885\">\n<p data-start=\"7819\" data-end=\"7885\"><strong data-start=\"7819\" data-end=\"7860\">J\u00e4mf\u00f6rande farmakologiska studier<\/strong> av NMDA-antagonister.<\/p>\n<\/li>\n<li data-start=\"7886\" data-end=\"7948\">\n<p data-start=\"7888\" data-end=\"7948\"><strong data-start=\"7888\" data-end=\"7912\">Forensisk uppt\u00e4ckt<\/strong> Av nya psykoaktiva substanser.<\/p>\n<\/li>\n<li data-start=\"7949\" data-end=\"8023\">\n<p data-start=\"7951\" data-end=\"8023\"><strong data-start=\"7951\" data-end=\"7980\">Kemisk karakterisering<\/strong> och validering av laboratorieutrustning.<\/p>\n<\/li>\n<\/ul>\n<hr data-start=\"8025\" data-end=\"8028\" \/>\n<h2 data-start=\"8030\" data-end=\"8057\"><strong data-start=\"8033\" data-end=\"8057\">Forsknings\u00e4ndam\u00e5l<\/strong><\/h2>\n<p data-start=\"8059\" data-end=\"8117\">MXiPr unders\u00f6ks i kontrollerade laboratorier f\u00f6r:<\/p>\n<ul data-start=\"8118\" data-end=\"8373\">\n<li data-start=\"8118\" data-end=\"8171\">\n<p data-start=\"8120\" data-end=\"8171\"><strong data-start=\"8120\" data-end=\"8149\">R\u00e4ttsmedicinsk identifiering<\/strong> via GC-MS eller LC-MS.<\/p>\n<\/li>\n<li data-start=\"8172\" data-end=\"8228\">\n<p data-start=\"8174\" data-end=\"8228\"><strong data-start=\"8174\" data-end=\"8195\">Kemisk analys<\/strong> och kontroll av renhet.<\/p>\n<\/li>\n<li data-start=\"8229\" data-end=\"8287\">\n<p data-start=\"8231\" data-end=\"8287\"><strong data-start=\"8231\" data-end=\"8260\">Farmakologisk modellering<\/strong> Av receptorinteraktioner.<\/p>\n<\/li>\n<li data-start=\"8288\" data-end=\"8373\">\n<p data-start=\"8290\" data-end=\"8373\"><strong data-start=\"8290\" data-end=\"8337\">\u00d6vervakning av nya psykoaktiva substanser<\/strong> inom folkh\u00e4lsoforskning.<\/p>\n<\/li>\n<\/ul>\n<hr data-start=\"8375\" data-end=\"8378\" \/>\n<h2 data-start=\"8380\" data-end=\"8424\"><strong data-start=\"8383\" data-end=\"8424\">S\u00e4kerhet och juridiska \u00f6verv\u00e4ganden<\/strong><\/h2>\n<p data-start=\"8426\" data-end=\"8515\">MXiPr kan <strong data-start=\"8436\" data-end=\"8451\">endast<\/strong> hanteras av <strong data-start=\"8474\" data-end=\"8514\">kvalificerad laboratoriepersonal<\/strong>.<\/p>\n<p data-start=\"8517\" data-end=\"8544\"><strong data-start=\"8517\" data-end=\"8544\">Riktlinjer f\u00f6r s\u00e4kerhet:<\/strong><\/p>\n<ul data-start=\"8545\" data-end=\"8760\">\n<li data-start=\"8545\" data-end=\"8595\">\n<p data-start=\"8547\" data-end=\"8595\">B\u00e4r alltid med dig <strong data-start=\"8560\" data-end=\"8592\">handskar, skyddsglas\u00f6gon och labbrock<\/strong>.<\/p>\n<\/li>\n<li data-start=\"8596\" data-end=\"8636\">\n<p data-start=\"8598\" data-end=\"8636\">Undvik direktkontakt eller inandning.<\/p>\n<\/li>\n<li data-start=\"8637\" data-end=\"8699\">\n<p data-start=\"8639\" data-end=\"8699\">F\u00f6rvara produkten i en <strong data-start=\"8665\" data-end=\"8696\">sval, f\u00f6rseglad beh\u00e5llare<\/strong>.<\/p>\n<\/li>\n<li data-start=\"8700\" data-end=\"8760\">\n<p data-start=\"8702\" data-end=\"8760\">F\u00f6lj <strong data-start=\"8707\" data-end=\"8757\">alla lokala s\u00e4kerhets- och avfallsbest\u00e4mmelser<\/strong>.<\/p>\n<\/li>\n<\/ul>\n<p data-start=\"8762\" data-end=\"8912\"><strong data-start=\"8762\" data-end=\"8784\">R\u00e4ttslig status:<\/strong><br data-start=\"8784\" data-end=\"8787\" \/>I m\u00e5nga l\u00e4nder omfattas MXiPr av <strong data-start=\"8822\" data-end=\"8863\">lagstiftning om kontrollerade \u00e4mnen<\/strong>. Anv\u00e4ndning eller innehav utan licens \u00e4r f\u00f6rbjudet.<\/p>\n<hr data-start=\"8914\" data-end=\"8917\" \/>\n<h2 data-start=\"8919\" data-end=\"8953\"><strong data-start=\"8922\" data-end=\"8953\">Vanliga fr\u00e5gor och svar (FAQ)<\/strong><\/h2>\n<h3 data-start=\"8955\" data-end=\"8998\"><strong data-start=\"8959\" data-end=\"8998\">1. Vad utreds MXiPr f\u00f6r?<\/strong><\/h3>\n<p data-start=\"8999\" data-end=\"9089\">MXiPr anv\u00e4nds som <strong data-start=\"9024\" data-end=\"9048\">referensl\u00e4nk<\/strong> i kemiska och kriminaltekniska laboratorier.<\/p>\n<h3 data-start=\"9091\" data-end=\"9118\"><strong data-start=\"9095\" data-end=\"9118\">2. \u00c4r MXiPr lagligt?<\/strong><\/h3>\n<p data-start=\"9119\" data-end=\"9214\">I de flesta l\u00e4nder \u00e4r MXiPr <strong data-start=\"9148\" data-end=\"9175\">reglerad eller f\u00f6rbjuden<\/strong> enligt analogilagen eller opiumlagen.<\/p>\n<h3 data-start=\"9216\" data-end=\"9266\"><strong data-start=\"9220\" data-end=\"9266\">3. Hur ska MXiPr hanteras p\u00e5 ett s\u00e4kert s\u00e4tt?<\/strong><\/h3>\n<p data-start=\"9267\" data-end=\"9387\">Endast <strong data-start=\"9274\" data-end=\"9304\">professionella forskare<\/strong> f\u00e5r hantera MXiPr med l\u00e4mpliga s\u00e4kerhets\u00e5tg\u00e4rder och skyddsutrustning.<\/p>","protected":false},"excerpt":{"rendered":"<h3><span style=\"vertical-align: inherit;\"><span style=\"vertical-align: inherit;\"><span dir=\"auto\" style=\"vertical-align: inherit;\"><span dir=\"auto\" style=\"vertical-align: inherit;\">MXiPr properties<\/span><\/span><\/span><\/span><\/h3>\n<p><strong><span style=\"vertical-align: inherit;\"><span style=\"vertical-align: inherit;\"><span dir=\"auto\" style=\"vertical-align: inherit;\"><span dir=\"auto\" style=\"vertical-align: inherit;\">Synonym:<\/span><\/span><\/span><\/span><\/strong><span style=\"vertical-align: inherit;\"><span style=\"vertical-align: inherit;\"><span dir=\"auto\" style=\"vertical-align: inherit;\"><span dir=\"auto\" style=\"vertical-align: inherit;\"> 3-MeO-2\u2032-oxo-PCiPr, methoxipropamine <\/span><\/span><\/span><\/span><br \/>\n<strong><span style=\"vertical-align: inherit;\"><span style=\"vertical-align: inherit;\"><span dir=\"auto\" style=\"vertical-align: inherit;\"><span dir=\"auto\" style=\"vertical-align: inherit;\">CAS Number:<\/span><\/span><\/span><\/span><\/strong><span style=\"vertical-align: inherit;\"><span style=\"vertical-align: inherit;\"><span dir=\"auto\" style=\"vertical-align: inherit;\"><span dir=\"auto\" style=\"vertical-align: inherit;\"> 1239943-76-0 <\/span><\/span><\/span><\/span><br \/>\n<strong><span style=\"vertical-align: inherit;\"><span style=\"vertical-align: inherit;\"><span dir=\"auto\" style=\"vertical-align: inherit;\"><span dir=\"auto\" style=\"vertical-align: inherit;\">Formula:<\/span><\/span><\/span><\/span><\/strong><span style=\"vertical-align: inherit;\"><span style=\"vertical-align: inherit;\"><span dir=\"auto\" style=\"vertical-align: inherit;\"><span dir=\"auto\" style=\"vertical-align: inherit;\"> 2-(isopropylamino)-2-(3-methoxyphenyl)-cyclohexanone <\/span><\/span><\/span><\/span><br \/>\n<strong><span style=\"vertical-align: inherit;\"><span style=\"vertical-align: inherit;\"><span dir=\"auto\" style=\"vertical-align: inherit;\"><span dir=\"auto\" style=\"vertical-align: inherit;\">Molar mass:<\/span><\/span><\/span><\/span><\/strong><span style=\"vertical-align: inherit;\"><span style=\"vertical-align: inherit;\"><span dir=\"auto\" style=\"vertical-align: inherit;\"><span dir=\"auto\" style=\"vertical-align: inherit;\"> 297.82 g\/mol <\/span><\/span><\/span><\/span><br \/>\n<strong><span style=\"vertical-align: inherit;\"><span style=\"vertical-align: inherit;\"><span dir=\"auto\" style=\"vertical-align: inherit;\"><span dir=\"auto\" style=\"vertical-align: inherit;\">Purity:<\/span><\/span><\/span><\/span><\/strong><span style=\"vertical-align: inherit;\"><span style=\"vertical-align: inherit;\"><span dir=\"auto\" style=\"vertical-align: inherit;\"><span dir=\"auto\" style=\"vertical-align: inherit;\"> &gt;97%<\/span><\/span><\/span><\/span><\/p>","protected":false},"featured_media":20368,"comment_status":"closed","ping_status":"closed","template":"","meta":[],"product_brand":[79],"product_cat":[154,186],"product_tag":[187,188,183,78],"class_list":{"0":"post-18049","1":"product","2":"type-product","3":"status-publish","4":"has-post-thumbnail","6":"product_brand-research-chemical","7":"product_cat-arylcyclohexylamines","8":"product_cat-mxipr","9":"product_tag-mxipr","10":"product_tag-mxipr-kopen","11":"product_tag-mxp","12":"product_tag-nl","14":"first","15":"instock","16":"shipping-taxable","17":"purchasable","18":"product-type-variable"},"_links":{"self":[{"href":"https:\/\/researchchemicalsweb.com\/sv\/wp-json\/wp\/v2\/product\/18049","targetHints":{"allow":["GET"]}}],"collection":[{"href":"https:\/\/researchchemicalsweb.com\/sv\/wp-json\/wp\/v2\/product"}],"about":[{"href":"https:\/\/researchchemicalsweb.com\/sv\/wp-json\/wp\/v2\/types\/product"}],"replies":[{"embeddable":true,"href":"https:\/\/researchchemicalsweb.com\/sv\/wp-json\/wp\/v2\/comments?post=18049"}],"version-history":[{"count":1,"href":"https:\/\/researchchemicalsweb.com\/sv\/wp-json\/wp\/v2\/product\/18049\/revisions"}],"predecessor-version":[{"id":18105,"href":"https:\/\/researchchemicalsweb.com\/sv\/wp-json\/wp\/v2\/product\/18049\/revisions\/18105"}],"wp:featuredmedia":[{"embeddable":true,"href":"https:\/\/researchchemicalsweb.com\/sv\/wp-json\/wp\/v2\/media\/20368"}],"wp:attachment":[{"href":"https:\/\/researchchemicalsweb.com\/sv\/wp-json\/wp\/v2\/media?parent=18049"}],"wp:term":[{"taxonomy":"product_brand","embeddable":true,"href":"https:\/\/researchchemicalsweb.com\/sv\/wp-json\/wp\/v2\/product_brand?post=18049"},{"taxonomy":"product_cat","embeddable":true,"href":"https:\/\/researchchemicalsweb.com\/sv\/wp-json\/wp\/v2\/product_cat?post=18049"},{"taxonomy":"product_tag","embeddable":true,"href":"https:\/\/researchchemicalsweb.com\/sv\/wp-json\/wp\/v2\/product_tag?post=18049"}],"curies":[{"name":"wp","href":"https:\/\/api.w.org\/{rel}","templated":true}]}}