{"id":19821,"date":"2025-12-16T21:17:54","date_gmt":"2025-12-16T21:17:54","guid":{"rendered":"https:\/\/researchchemicalsweb.com\/?post_type=product&#038;p=19821"},"modified":"2026-02-17T14:19:23","modified_gmt":"2026-02-17T14:19:23","slug":"fluorexetamin-fxe","status":"publish","type":"product","link":"https:\/\/researchchemicalsweb.com\/sk\/produkt\/fluorexetamin-fxe\/","title":{"rendered":"Fluorexetam\u00edn (FXE)"},"content":{"rendered":"<h1>K\u00fapi\u0165 fluorexetam\u00edn (FXE) online<br \/>\nV\u0161eobecn\u00e9 inform\u00e1cie Fluorexetam\u00edn<\/h1>\n<p>K\u00fapi\u0165 online Fluorexetam\u00edn (FXE), Fluorexetam\u00edn (hydrochlorid) je vedeck\u00fd analytick\u00fd \u0161tandard klasifikovan\u00fd ako arylcyklohexylam\u00edn. T\u00e1to polo\u017eka je ur\u010den\u00e1 na v\u00fdskum a meracie aplik\u00e1cie.<\/p>\n<p>Fluorexetam\u00edn je v\u00fdskumn\u00e1 chemik\u00e1lia na pl\u00e1novanie \u0161portov s disocia\u010dn\u00fdmi \u00fa\u010dinkami. \u0160portov\u00fd v\u00fdskumn\u00fd chemik\u00e1lia zn\u00e1ma ako fluorexetam\u00edn (3-Fluoro-2-Oxo-PCE, FXE) sa pred\u00e1va cez web pribli\u017ene od roku 2017.<\/p>\n<p>Aj ke\u010f sa u\u017e nejak\u00fd \u010das vyskytuje, vo v\u0161eobecnosti zost\u00e1va nezvy\u010dajn\u00fd. Fluorexetam\u00edn je \u0161portov\u00fd pl\u00e1nova\u010d v\u00fdskumu chemick\u00e1 l\u00e1tka zo skupiny arylcyklohexylam\u00ednov a jeho vlastnos\u0165 m\u00f4\u017ee by\u0165 vysoko disociat\u00edvna. Na internete je v\u0161ak pripraven\u00fd na pohyb od roku 2017 a jeho pou\u017e\u00edvanie zostalo mierne bezprecedentn\u00e9.<\/p>\n<p>To sa zmenilo v apr\u00edli 2022, ke\u010f algoritmick\u00e9 rozpoznanie chemik\u00e1lie na Reddite spustilo upozornenie. Odvtedy sa po\u010det hl\u00e1sen\u00ed o fluorexetam\u00edne zv\u00fd\u0161il viac ako dvojn\u00e1sobne, akoko\u013evek vysok\u00fd bol v apr\u00edli 2022. Fyziologick\u00e9 a toxikologick\u00e9 vlastnosti tejto zl\u00fa\u010deniny neboli presk\u00faman\u00e9. Pou\u017e\u00edvanie tejto chemickej l\u00e1tky by malo by\u0165 takpovediac na v\u00fdskumn\u00e9 a merate\u013en\u00e9 \u00fa\u010dely. Upozor\u0148ujeme, \u017ee t\u00e1to polo\u017eka nie je a\u017e tak ur\u010den\u00e1 na hum\u00e1nne alebo veterin\u00e1rne pou\u017eitie.<\/p>\n<h3>Chemick\u00e9 zlo\u017eenie fluorexetam\u00ednu<\/h3>\n<p>Fluorexetam\u00edn (3\u2032- fluoro-2-oxo-PCE, FXE) je \u0161portov\u00e1 chemik\u00e1lia z rodiny arylcyklohexylam\u00ednov s disocia\u010dn\u00fdmi \u00fa\u010dinkami. Predpoklad\u00e1 sa, \u017ee sa pred\u00e1va cez internet pribli\u017ene od roku 2017. Zostala v\u0161ak mierne v\u00fdnimo\u010dn\u00e1.<\/p>\n<p>Rovnica je C14H18FNO a mol\u00e1rna hmotnos\u0165 je 235,302 g-mol-1.<\/p>\n<p>&nbsp;<\/p>\n<h3>Farmakol\u00f3gia fluorexetam\u00ednu<\/h3>\n<p>Fluoxet\u00edn p\u00f4sob\u00ed tak, \u017ee inhibuje sp\u00e4tn\u00e9 vychyt\u00e1vanie seroton\u00ednu do presynaptick\u00fdch seroton\u00ednov\u00fdch neur\u00f3nov t\u00fdm, \u017ee interferuje s prote\u00ednom pren\u00e1\u0161aj\u00facim sp\u00e4tn\u00e9 vychyt\u00e1vanie, ktor\u00fd sa nach\u00e1dza v presynaptickom termin\u00e1li. Fluoxet\u00edn m\u00e1 tie\u017e \u0161etrn\u00fd \u00fa\u010dinok na receptory 5HT2A a 5HT2C.<\/p>\n<p>Fluoxet\u00edn sa u\u017e\u00edva po peror\u00e1lnom po\u017eit\u00ed, je vysoko viazan\u00fd na bielkoviny a m\u00e1 obrovsk\u00fd transportn\u00fd objem. Pol\u010das fluoxet\u00ednu je pribli\u017ene 1 a\u017e 4 dni, zatia\u013e \u010do pol\u010das jeho metabolitu norfluoxet\u00ednu je 7 a\u017e 15 dn\u00ed. Fluoxet\u00edn m\u00e1 neline\u00e1rny farmakokinetick\u00fd profil.<\/p>\n<p>&nbsp;<\/p>\n<h3>K\u00fapi\u0165 vysokokvalitn\u00fd fluorexetam\u00edn<\/h3>\n<p>Spolo\u010dnos\u0165 ChemsXpress m\u00e1 dlhoro\u010dn\u00e9 sk\u00fasenosti v oblasti navrhovania v\u00fdskumn\u00fdch chemik\u00e1li\u00ed, \u010do n\u00e1m umo\u017e\u0148uje zabezpe\u010di\u0165 najvy\u0161\u0161iu kvalitu t\u00fdchto v\u00fdskumn\u00fdch chemik\u00e1li\u00ed. V\u00fdskumn\u00fd chemick\u00fd t\u00edm pred\u00e1va fluorexetam\u00edn. V\u00fdskumn\u00e9 chemik\u00e1lie vr\u00e1tane fluorexetam\u00ednov sp\u013a\u0148aj\u00fa v\u0161etky bezpe\u010dnostn\u00e9 po\u017eiadavky. V\u00fdskumn\u00e9 chemik\u00e1lie s\u00fa starostlivo distribuovan\u00e9 a skladovan\u00e9 na chladnom a suchom mieste.<\/p>\n<p>V\u0161etky v\u00fdrobky s\u00fa pravidelne kontrolovan\u00e9 z h\u013eadiska kvality, \u010distoty a bezpe\u010dnosti. Fluorexetam\u00edn v\u017edy skladujte pri izbovej teplote a mimo dosahu det\u00ed a dom\u00e1cich zvierat. N\u00e1\u0161 Fluorexetam\u00edn nie je ur\u010den\u00fd na osobn\u00e9 pou\u017eitie. Je ur\u010den\u00fd len na v\u00fdskumn\u00e9 \u00fa\u010dely.<\/p>\n<p>Po\u010das v\u00fdskumu tejto chemik\u00e1lie sa nesmie mie\u0161a\u0165 s alkoholom alebo v\u00fdskumn\u00fdmi chemik\u00e1liami!<\/p>\n<p>V\u0161etky na\u0161e v\u00fdrobky maj\u00fa spravodliv\u00fa cenu!<\/p>\n<p>&nbsp;<\/p>\n<h3>Laborat\u00f3rne testovan\u00fd fluorexetam\u00edn s v\u00fdsledkami.<\/h3>\n<p>Spolo\u010dnos\u0165 Remakes sa sna\u017e\u00ed o celkov\u00fa spokojnos\u0165 svojich z\u00e1kazn\u00edkov. Viacer\u00e9 prieskumy uk\u00e1zali, \u017ee z\u00e1kazn\u00edci pred n\u00e1kupom syntetick\u00fdch v\u00fdskumn\u00fdch chemik\u00e1li\u00ed po\u017eaduj\u00fa \u010do najviac \u00fadajov. Okrem toho zverej\u0148ujeme v\u0161etky laborat\u00f3rne d\u00f4sledky ka\u017edej v\u00fdskumnej zl\u00fa\u010deniny v s\u00fabore PDF.<\/p>\n<p>N\u00e1\u0161 Fluorexetam\u00edn Crystal d\u00f4sledne sp\u013a\u0148a \u00fa\u010dinn\u00e9 l\u00e1tky a je okam\u017eite vidite\u013en\u00fd pre ka\u017ed\u00e9ho.<\/p>\n<p>V\u0161etky laborat\u00f3rne d\u00f4sledky ka\u017edej chemickej \u0161t\u00fadie distribuujeme v dokumente PDF.<\/p>\n<p>&nbsp;<\/p>\n<h3>Objednajte si bezpe\u010dne od Fluorexetam\u00edn.<\/h3>\n<p>V\u00fdskumn\u00e9 chemik\u00e1lie spolo\u010dnosti Panacea Chems maj\u00fa vynikaj\u00facu kvalitu a primeran\u00fa cenu. Preto ke\u010f si vy\u017eiadate v\u00fdskumn\u00e9 chemik\u00e1lie od spolo\u010dnosti ChemsXpress, zaru\u010dujeme v\u00e1m, \u017ee va\u0161u po\u017eiadavku doru\u010d\u00edme r\u00fdchlo a bezpe\u010dne k v\u00e1m domov, preto\u017ee predaj v\u00fdskumn\u00fdch chemik\u00e1li\u00ed je v spolo\u010dnosti Panacea Chems v\u017edy k dispoz\u00edcii.<\/p>\n<p>Po\u017eiada\u0165 o syntetick\u00e9 v\u00fdskumn\u00e9 spojenia pomocou Bitcoinu alebo bankov\u00fdm prevodom je v spolo\u010dnosti ChemsXpress jednoduch\u00e9.<\/p>\n<p>V\u00fdskumn\u00fd chemick\u00fd pr\u00e1\u0161ok odosielame v ten ist\u00fd pracovn\u00fd de\u0148, ak je platba prijat\u00e1 do 15:00 SEL\u010c.<\/p>\n<p>Nedoru\u010dujeme tovar osob\u00e1m mlad\u0161\u00edm ako 18 rokov!<\/p>\n<p>Predaj chemik\u00e1li\u00ed len na v\u00fdskumn\u00e9 \u00fa\u010dely.<\/p>\n<p>Diskr\u00e9tna preprava v\u00fdskumn\u00fdch chemik\u00e1li\u00ed.<\/p>\n<p>Spolo\u010dnos\u0165 ChemsXpress va\u0161u objedn\u00e1vku bezpe\u010dne zabal\u00ed, aby sa zabezpe\u010dila spr\u00e1vna preprava. Okrem toho bal\u00edme dokonale nevidite\u013ene a na vonkaj\u0161ej strane nie je vidie\u0165 ni\u010d z toho, \u010do by mohlo by\u0165 vo vn\u00fatri.<\/p>\n<p>&nbsp;<\/p>\n<h3>Bezpe\u010dnostn\u00e9 opatrenia<\/h3>\n<ul>\n<li>K\u00fapte si spr\u00e1vne individu\u00e1lne ochrann\u00e9 prostriedky, ako s\u00fa okuliare a rukavice. Spr\u00e1vne ich \u010distite a o\u0161etrujte. Pri manipul\u00e1cii s chemick\u00fdmi l\u00e1tkami na \u00fa\u010dely v\u00fdskumu dodr\u017eiavajte bezpe\u010dn\u00e9 syst\u00e9my a nevyu\u017e\u00edvajte skratky.<\/li>\n<li>Ak sa chemik\u00e1lia zo \u0161t\u00fadie dostane do kontaktu s o\u010dami, dobre ich vypl\u00e1chnite a odstr\u00e1\u0148te kontaktn\u00e9 \u0161o\u0161ovky, ak je to nevyhnutn\u00e9.<\/li>\n<li>Pri pou\u017e\u00edvan\u00ed t\u00fdchto chemik\u00e1li\u00ed sa sna\u017ete pou\u017e\u00edva\u0165 masku, aby sa do v\u00e1s nemohli dosta\u0165 po\u010das d\u00fdchania.<\/li>\n<li>Ako uv\u00e1dzaj\u00fa podporovan\u00e9 met\u00f3dy, s nebezpe\u010dn\u00fdmi materi\u00e1lmi by ste mali zaobch\u00e1dza\u0165, skladova\u0165 ich a likvidova\u0165 bezpe\u010dne. Nikdy ich nevylievajte do kanaliz\u00e1cie alebo kan\u00e1lov.<\/li>\n<li>Chemik\u00e1lie ur\u010den\u00e9 na v\u00fdskum skladujte spr\u00e1vnym sp\u00f4sobom pod\u013ea n\u00e1zvu. Hor\u013eav\u00e9 chemik\u00e1lie by sa mali skladova\u0165 vo v\u00fdborn\u00fdch, such\u00fdch konopn\u00fdch priestoroch mimo dosahu intenz\u00edvneho a denn\u00e9ho svetla. Niektor\u00e9 syntetick\u00e9 l\u00e1tky, napr\u00edklad kyseliny, by sa mali skladova\u0165 samostatne.<\/li>\n<li>ChemsXpress pon\u00fakan\u00fd na rc je ur\u010den\u00fd na v\u00fdskumn\u00e9 \u00fa\u010dely; konzum\u00e1cia \u013eu\u010fmi je pr\u00edsne zak\u00e1zan\u00e1.<\/li>\n<\/ul>","protected":false},"excerpt":{"rendered":"<p><strong>UPAC-naam:\u00a0<\/strong>2-(ethylamino)-2-(3-fluorfenyl)cyclohexaan-1-on<\/p>\n<p><strong>Andere naam:\u00a0<\/strong>FXE<\/p>\n<p><strong>Vorm:\u00a0<\/strong>kristal<\/p>\n<p><strong>NMR analyse:\u00a0<\/strong>C14H18FNO<\/p>","protected":false},"featured_media":3809,"comment_status":"open","ping_status":"closed","template":"","meta":[],"product_brand":[],"product_cat":[578],"product_tag":[],"class_list":{"0":"post-19821","1":"product","2":"type-product","3":"status-publish","4":"has-post-thumbnail","6":"product_cat-niet-gecategoriseerd","8":"first","9":"instock","10":"shipping-taxable","11":"purchasable","12":"product-type-variable"},"_links":{"self":[{"href":"https:\/\/researchchemicalsweb.com\/sk\/wp-json\/wp\/v2\/product\/19821","targetHints":{"allow":["GET"]}}],"collection":[{"href":"https:\/\/researchchemicalsweb.com\/sk\/wp-json\/wp\/v2\/product"}],"about":[{"href":"https:\/\/researchchemicalsweb.com\/sk\/wp-json\/wp\/v2\/types\/product"}],"replies":[{"embeddable":true,"href":"https:\/\/researchchemicalsweb.com\/sk\/wp-json\/wp\/v2\/comments?post=19821"}],"version-history":[{"count":1,"href":"https:\/\/researchchemicalsweb.com\/sk\/wp-json\/wp\/v2\/product\/19821\/revisions"}],"predecessor-version":[{"id":19846,"href":"https:\/\/researchchemicalsweb.com\/sk\/wp-json\/wp\/v2\/product\/19821\/revisions\/19846"}],"wp:featuredmedia":[{"embeddable":true,"href":"https:\/\/researchchemicalsweb.com\/sk\/wp-json\/wp\/v2\/media\/3809"}],"wp:attachment":[{"href":"https:\/\/researchchemicalsweb.com\/sk\/wp-json\/wp\/v2\/media?parent=19821"}],"wp:term":[{"taxonomy":"product_brand","embeddable":true,"href":"https:\/\/researchchemicalsweb.com\/sk\/wp-json\/wp\/v2\/product_brand?post=19821"},{"taxonomy":"product_cat","embeddable":true,"href":"https:\/\/researchchemicalsweb.com\/sk\/wp-json\/wp\/v2\/product_cat?post=19821"},{"taxonomy":"product_tag","embeddable":true,"href":"https:\/\/researchchemicalsweb.com\/sk\/wp-json\/wp\/v2\/product_tag?post=19821"}],"curies":[{"name":"wp","href":"https:\/\/api.w.org\/{rel}","templated":true}]}}