{"id":18371,"date":"2025-12-16T20:38:14","date_gmt":"2025-12-16T20:38:14","guid":{"rendered":"https:\/\/researchchemicalsweb.com\/?post_type=product&#038;p=18371"},"modified":"2026-02-18T06:28:04","modified_gmt":"2026-02-18T06:28:04","slug":"1p-lsd-150-mcg-pellets","status":"publish","type":"product","link":"https:\/\/researchchemicalsweb.com\/sk\/produkt\/1p-lsd-150-mcg-pellets\/","title":{"rendered":"1P-LSD 150 MCG pelety"},"content":{"rendered":"<h3>lsd bestellen 1P-LSD 150 MCG Pellets \u2013 Premium Kwaliteit voor Wetenschappelijk Onderzoek<\/h3>\n<p data-start=\"4066\" data-end=\"4258\"><strong data-start=\"4066\" data-end=\"4117\">1P-LSD (1-Propionyl-Lysergic Acid Diethylamide)<\/strong> 150 \u00b5g Pellets zijn <strong data-start=\"4138\" data-end=\"4184\">onderzoeksverbindingen van hoge zuiverheid<\/strong>, vyvinut\u00e9 pre <strong data-start=\"4202\" data-end=\"4255\">v\u00fdskum v oblasti neurovedy a farmakol\u00f3gie<\/strong>. 1p lsd kopen<\/p>\n<p data-start=\"4260\" data-end=\"4523\">Ako <strong data-start=\"4264\" data-end=\"4296\">structurele analogon van LSD<\/strong>, bevat 1P-LSD een propionylgroep die de farmacologische eigenschappen be\u00efnvloedt. Het wordt vaak gebruikt in <strong data-start=\"4406\" data-end=\"4446\">v\u00fdskum seroton\u00ednov\u00fdch receptorov<\/strong> a <strong data-start=\"4450\" data-end=\"4492\">vz\u0165ahy medzi \u0161trukt\u00farou a aktivitou (SAR)<\/strong> v r\u00e1mci triedy lyzergamidov.<\/p>\n<p data-start=\"4525\" data-end=\"4673\">Elke pellet bevat <strong data-start=\"4543\" data-end=\"4567\">150 microgram 1P-LSD<\/strong> met hoge nauwkeurigheid, wat zorgt voor reproduceerbare onderzoeksresultaten en langdurige stabiliteit.<\/p>\n<blockquote data-start=\"4675\" data-end=\"4813\">\n<p data-start=\"4677\" data-end=\"4813\">\u26a0\ufe0f <strong data-start=\"4680\" data-end=\"4691\">Pozn\u00e1mka:<\/strong> Tento v\u00fdrobok je <strong data-start=\"4707\" data-end=\"4762\">ur\u010den\u00e9 v\u00fdlu\u010dne na vedeck\u00fd v\u00fdskum<\/strong> a <strong data-start=\"4766\" data-end=\"4810\">niet geschikt voor menselijke consumptie<\/strong>.<\/p>\n<\/blockquote>\n<hr data-start=\"4815\" data-end=\"4818\" \/>\n<h3 data-start=\"4820\" data-end=\"4851\"><strong data-start=\"4824\" data-end=\"4851\">K\u013e\u00fa\u010dov\u00e9 vlastnosti<\/strong><\/h3>\n<ul data-start=\"4852\" data-end=\"5288\">\n<li data-start=\"4852\" data-end=\"4935\">\n<p data-start=\"4854\" data-end=\"4935\"><strong data-start=\"4854\" data-end=\"4880\">Vysok\u00e1 \u010distota (\u226599%)<\/strong> \u2013 Laboratoriumgetest voor identiteit en stabiliteit.<\/p>\n<\/li>\n<li data-start=\"4936\" data-end=\"5034\">\n<p data-start=\"4938\" data-end=\"5034\"><strong data-start=\"4938\" data-end=\"4976\">Nauwkeurige Microdosering (150 \u00b5g)<\/strong> \u2013 Voor consistente en betrouwbare onderzoeksresultaten.<\/p>\n<\/li>\n<li data-start=\"5035\" data-end=\"5117\">\n<p data-start=\"5037\" data-end=\"5117\"><strong data-start=\"5037\" data-end=\"5063\">Verbeterde Stabiliteit<\/strong> \u2013 Ontworpen om afbraak tijdens opslag te voorkomen.<\/p>\n<\/li>\n<li data-start=\"5118\" data-end=\"5200\">\n<p data-start=\"5120\" data-end=\"5200\"><strong data-start=\"5120\" data-end=\"5145\">V\u00fdroba podobn\u00e1 GMP<\/strong> \u2013 Gegarandeerde kwaliteit voor onderzoeksdoeleinden.<\/p>\n<\/li>\n<li data-start=\"5201\" data-end=\"5288\">\n<p data-start=\"5203\" data-end=\"5288\"><strong data-start=\"5203\" data-end=\"5225\">Bezpe\u010dn\u00e9 balenie<\/strong> \u2013 Luchtdicht en vochtbestendig voor langdurige houdbaarheid.<\/p>\n<\/li>\n<\/ul>\n<hr data-start=\"5290\" data-end=\"5293\" \/>\n<h3 data-start=\"5295\" data-end=\"5312\"><strong data-start=\"5299\" data-end=\"5312\">V\u00fdhody<\/strong><\/h3>\n<ul data-start=\"5313\" data-end=\"5576\">\n<li data-start=\"5313\" data-end=\"5394\">\n<p data-start=\"5315\" data-end=\"5394\">Podporuje <strong data-start=\"5327\" data-end=\"5391\">v\u00fdskum seroton\u00ednov\u00fdch receptorov a anal\u00f3gov lyzergamidu<\/strong>.<\/p>\n<\/li>\n<li data-start=\"5395\" data-end=\"5461\">\n<p data-start=\"5397\" data-end=\"5461\"><strong data-start=\"5397\" data-end=\"5421\">Nauwkeurige dosering<\/strong> voor betrouwbare reproduceerbaarheid.<\/p>\n<\/li>\n<li data-start=\"5462\" data-end=\"5514\">\n<p data-start=\"5464\" data-end=\"5514\"><strong data-start=\"5464\" data-end=\"5490\">Langdurige stabiliteit<\/strong> en eenvoudige opslag. 1p lsd kopen<\/p>\n<\/li>\n<li data-start=\"5515\" data-end=\"5576\">\n<p data-start=\"5517\" data-end=\"5576\">Geschikt voor <strong data-start=\"5531\" data-end=\"5573\">farmakologick\u00fd a analytick\u00fd v\u00fdskum<\/strong>.<\/p>\n<\/li>\n<\/ul>\n<hr data-start=\"5578\" data-end=\"5581\" \/>\n<h3 data-start=\"5583\" data-end=\"5598\"><strong data-start=\"5587\" data-end=\"5598\">Pou\u017eite<\/strong><\/h3>\n<ul data-start=\"5599\" data-end=\"5881\">\n<li data-start=\"5599\" data-end=\"5669\">\n<p data-start=\"5601\" data-end=\"5669\">Pou\u017e\u00edva\u0165 len <strong data-start=\"5626\" data-end=\"5666\">kvalifikovan\u00fd laborat\u00f3rny person\u00e1l<\/strong>.<\/p>\n<\/li>\n<li data-start=\"5670\" data-end=\"5746\">\n<p data-start=\"5672\" data-end=\"5746\">Pou\u017e\u00edvajte vhodn\u00e9 <strong data-start=\"5690\" data-end=\"5714\">ochrann\u00e9 vybavenie<\/strong> (rukavice, okuliare, laborat\u00f3rny pl\u00e1\u0161\u0165).<\/p>\n<\/li>\n<li data-start=\"5747\" data-end=\"5822\">\n<p data-start=\"5749\" data-end=\"5822\">Ulo\u017ei\u0165 na <strong data-start=\"5764\" data-end=\"5787\">koele, droge plaats<\/strong>, beschermd tegen licht en vocht.<\/p>\n<\/li>\n<li data-start=\"5823\" data-end=\"5881\">\n<p data-start=\"5825\" data-end=\"5881\">Nie je vhodn\u00fd na \u013eudsk\u00fa ani \u017eivo\u010d\u00ed\u0161nu spotrebu.<\/p>\n<\/li>\n<\/ul>\n<hr data-start=\"5883\" data-end=\"5886\" \/>\n<h3 data-start=\"5888\" data-end=\"5923\"><strong data-start=\"5892\" data-end=\"5923\">\u010casto kladen\u00e9 ot\u00e1zky (FAQ)<\/strong><\/h3>\n<p data-start=\"5925\" data-end=\"6082\"><strong data-start=\"5925\" data-end=\"5963\">1. Waarvoor wordt 1P-LSD gebruikt?<\/strong><br data-start=\"5963\" data-end=\"5966\" \/>1P-LSD wordt gebruikt in <strong data-start=\"5991\" data-end=\"6021\">wetenschappelijk onderzoek<\/strong> naar lysergamiden en hun werking op serotonine-receptoren.<\/p>\n<p data-start=\"6084\" data-end=\"6260\"><strong data-start=\"6084\" data-end=\"6138\">2. Is 1P-LSD 150 \u00b5g veilig voor menselijk gebruik?<\/strong><br data-start=\"6138\" data-end=\"6141\" \/>Nie. Tento v\u00fdrobok je <strong data-start=\"6161\" data-end=\"6210\">ur\u010den\u00e9 len na v\u00fdskumn\u00e9 \u00fa\u010dely<\/strong> a nie s\u00fa schv\u00e1len\u00e9 na \u013eudsk\u00fa spotrebu.<\/p>\n<p data-start=\"6262\" data-end=\"6430\"><strong data-start=\"6262\" data-end=\"6307\">3. Hoe moet 1P-LSD 150 \u00b5g worden bewaard?<\/strong><br data-start=\"6307\" data-end=\"6310\" \/>Ulo\u017ei\u0165 do <strong data-start=\"6325\" data-end=\"6355\">tesne uzavret\u00fd obal<\/strong> bij kamertemperatuur (15\u201325\u00b0C), uit de buurt van vocht, warmte en licht.<\/p>\n<h4><span style=\"color: #333333; font-size: 16px;\">.<\/span><a style=\"font-size: 16px;\" href=\"https:\/\/researchchemicalsweb.com\/sk\/shop\/iboga-ibogaine\/kora-korena-iboga\/\">iboga root bark\u200b<\/a><a style=\"font-size: 16px;\" href=\"https:\/\/researchchemicalsweb.com\/sk\/shop\/iboga-ibogaine\/buy-ibogaine-hcl-online\/\">buy ibogaine hcl online\u200b<\/a><a style=\"font-size: 16px;\" href=\"https:\/\/researchchemicalsweb.com\/sk\/shop\/pellets\/o-dsmt-50mg-pellets\/\">o-dsmt<\/a><a style=\"font-size: 16px;\" href=\"https:\/\/researchchemicalsweb.com\/sk\/shop\/lysergamides\/1vlsd\/\">1vlsd\u200b<\/a><a style=\"font-size: 16px;\" href=\"https:\/\/researchchemicalsweb.com\/sk\/shop\/lysergamides\/1cp-lsd\/\">1cp LSD<\/a><\/h4>","protected":false},"excerpt":{"rendered":"<h2>1P-LSD 150 MCG Pellets eigenschappen<\/h2>\n<p><strong>Synoniemen<\/strong>: N,N-diethyl-7-methyl-4-propanoyl-6,6a,8,9-tetrahydroindolo [4,3-fg]chinoline-9-carboxamide<br \/>\n<strong>CAS Nummer<\/strong>: 2349358-81-0<br \/>\n<strong>Formule<\/strong>: C23H29N3O2<br \/>\n<strong>Molmassa<\/strong>: 379,5 g\/mol<br \/>\n<strong>Zuiverheid<\/strong>: \u226599,3%<\/p>\n","protected":false},"featured_media":20156,"comment_status":"closed","ping_status":"closed","template":"","meta":[],"product_brand":[79],"product_cat":[101,327,102,127],"product_tag":[328,329,309,78],"class_list":{"0":"post-18371","1":"product","2":"type-product","3":"status-publish","4":"has-post-thumbnail","6":"product_brand-research-chemical","7":"product_cat-1p-lsd","8":"product_cat-1p-lsd-pellets","9":"product_cat-lysergamides","10":"product_cat-pellets","11":"product_tag-1p-lsd","12":"product_tag-1p-lsd-kopen","13":"product_tag-lsd-bestellen","14":"product_tag-nl","16":"first","17":"instock","18":"shipping-taxable","19":"purchasable","20":"product-type-variable"},"_links":{"self":[{"href":"https:\/\/researchchemicalsweb.com\/sk\/wp-json\/wp\/v2\/product\/18371","targetHints":{"allow":["GET"]}}],"collection":[{"href":"https:\/\/researchchemicalsweb.com\/sk\/wp-json\/wp\/v2\/product"}],"about":[{"href":"https:\/\/researchchemicalsweb.com\/sk\/wp-json\/wp\/v2\/types\/product"}],"replies":[{"embeddable":true,"href":"https:\/\/researchchemicalsweb.com\/sk\/wp-json\/wp\/v2\/comments?post=18371"}],"version-history":[{"count":1,"href":"https:\/\/researchchemicalsweb.com\/sk\/wp-json\/wp\/v2\/product\/18371\/revisions"}],"predecessor-version":[{"id":18429,"href":"https:\/\/researchchemicalsweb.com\/sk\/wp-json\/wp\/v2\/product\/18371\/revisions\/18429"}],"wp:featuredmedia":[{"embeddable":true,"href":"https:\/\/researchchemicalsweb.com\/sk\/wp-json\/wp\/v2\/media\/20156"}],"wp:attachment":[{"href":"https:\/\/researchchemicalsweb.com\/sk\/wp-json\/wp\/v2\/media?parent=18371"}],"wp:term":[{"taxonomy":"product_brand","embeddable":true,"href":"https:\/\/researchchemicalsweb.com\/sk\/wp-json\/wp\/v2\/product_brand?post=18371"},{"taxonomy":"product_cat","embeddable":true,"href":"https:\/\/researchchemicalsweb.com\/sk\/wp-json\/wp\/v2\/product_cat?post=18371"},{"taxonomy":"product_tag","embeddable":true,"href":"https:\/\/researchchemicalsweb.com\/sk\/wp-json\/wp\/v2\/product_tag?post=18371"}],"curies":[{"name":"wp","href":"https:\/\/api.w.org\/{rel}","templated":true}]}}