{"id":18364,"date":"2025-12-16T20:37:44","date_gmt":"2025-12-16T20:37:44","guid":{"rendered":"https:\/\/researchchemicalsweb.com\/?post_type=product&#038;p=18364"},"modified":"2026-02-18T06:31:15","modified_gmt":"2026-02-18T06:31:15","slug":"4-ho-mipt-20-mg-pellets","status":"publish","type":"product","link":"https:\/\/researchchemicalsweb.com\/sk\/produkt\/4-ho-mipt-20-mg-pellets\/","title":{"rendered":"4-HO-MiPT 20 MG pelety"},"content":{"rendered":"<h1><strong>4-HO-MiPT 20 MG Pellets \u2013 Psychedelische Tryptamine voor Geavanceerd Laboratoriumonderzoek<\/strong><\/h1>\n<p data-start=\"3781\" data-end=\"3976\"><strong data-start=\"3781\" data-end=\"3837\">4-HO-MiPT (4-Hydroxy-N-methyl-N-isopropyltryptamine)<\/strong> 20 MG Pellets zijn <strong data-start=\"3857\" data-end=\"3903\">onderzoeksverbindingen van hoge zuiverheid<\/strong>, ontworpen voor <strong data-start=\"3920\" data-end=\"3973\">v\u00fdskum v oblasti neurovedy a farmakol\u00f3gie<\/strong>. <span class=\"___SBox_epc1q-ko_ ___SText_zko9t-ko_\" data-ui-name=\"Link.Text\">4 ho mipt<\/span><\/p>\n<p data-start=\"3978\" data-end=\"4194\">Als structureel verwante verbinding van <strong data-start=\"4018\" data-end=\"4042\">psilocine (4-HO-DMT)<\/strong> wordt 4-HO-MiPT vaak gebruikt in studies naar <strong data-start=\"4089\" data-end=\"4121\">serotoninereceptoractiviteit<\/strong>, <strong data-start=\"4123\" data-end=\"4145\">bindingsaffiniteit<\/strong> a <strong data-start=\"4149\" data-end=\"4191\">vz\u0165ahy medzi \u0161trukt\u00farou a aktivitou (SAR)<\/strong>.<\/p>\n<p data-start=\"4196\" data-end=\"4354\">Elke pellet bevat <strong data-start=\"4214\" data-end=\"4241\">20 mg zuivere 4-HO-MiPT<\/strong>, zorgvuldig gedoseerd voor nauwkeurige en herhaalbare onderzoeksresultaten met optimale chemische stabiliteit.<\/p>\n<blockquote data-start=\"4356\" data-end=\"4494\">\n<p data-start=\"4358\" data-end=\"4494\">\u26a0\ufe0f <strong data-start=\"4361\" data-end=\"4372\">Pozn\u00e1mka:<\/strong> Tento v\u00fdrobok je <strong data-start=\"4388\" data-end=\"4443\">ur\u010den\u00e9 v\u00fdlu\u010dne na vedeck\u00fd v\u00fdskum<\/strong> a <strong data-start=\"4447\" data-end=\"4491\">niet geschikt voor menselijke consumptie<\/strong>.<\/p>\n<\/blockquote>\n<hr data-start=\"4496\" data-end=\"4499\" \/>\n<h3 data-start=\"4501\" data-end=\"4532\"><strong data-start=\"4505\" data-end=\"4532\">K\u013e\u00fa\u010dov\u00e9 vlastnosti<\/strong><\/h3>\n<ul data-start=\"4533\" data-end=\"4985\">\n<li data-start=\"4533\" data-end=\"4630\">\n<p data-start=\"4535\" data-end=\"4630\"><strong data-start=\"4535\" data-end=\"4561\">Vysok\u00e1 \u010distota (\u226599%)<\/strong> \u2013 Laboratoriumgetest voor identiteit, stabiliteit en consistentie.<\/p>\n<\/li>\n<li data-start=\"4631\" data-end=\"4734\">\n<p data-start=\"4633\" data-end=\"4734\"><strong data-start=\"4633\" data-end=\"4676\">Nauwkeurige Dosering (20 MG per pellet)<\/strong> \u2013 Voor betrouwbare en herhaalbare onderzoeksresultaten.<\/p>\n<\/li>\n<li data-start=\"4735\" data-end=\"4808\">\n<p data-start=\"4737\" data-end=\"4808\"><strong data-start=\"4737\" data-end=\"4763\">Verbeterde Stabiliteit<\/strong> \u2013 Pelletvorm voorkomt oxidatie en afbraak.<\/p>\n<\/li>\n<li data-start=\"4809\" data-end=\"4897\">\n<p data-start=\"4811\" data-end=\"4897\"><strong data-start=\"4811\" data-end=\"4852\">Geproduceerd onder GMP-achtige Normen<\/strong> - Zaru\u010den\u00e1 kvalita a konzistencia. <span class=\"___SBox_epc1q-ko_ ___SText_zko9t-ko_\" data-ui-name=\"Link.Text\">4 ho mipt<\/span><\/p>\n<\/li>\n<li data-start=\"4898\" data-end=\"4985\">\n<p data-start=\"4900\" data-end=\"4985\"><strong data-start=\"4900\" data-end=\"4922\">Bezpe\u010dn\u00e9 balenie<\/strong> \u2013 Luchtdicht en vochtbestendig voor langdurige houdbaarheid.<\/p>\n<\/li>\n<\/ul>\n<hr data-start=\"4987\" data-end=\"4990\" \/>\n<h3 data-start=\"4992\" data-end=\"5009\"><strong data-start=\"4996\" data-end=\"5009\">V\u00fdhody<\/strong><\/h3>\n<ul data-start=\"5010\" data-end=\"5279\">\n<li data-start=\"5010\" data-end=\"5090\">\n<p data-start=\"5012\" data-end=\"5090\">Podporuje <strong data-start=\"5024\" data-end=\"5087\">onderzoek naar serotonine-receptoren en tryptamine-analogen<\/strong>.<\/p>\n<\/li>\n<li data-start=\"5091\" data-end=\"5155\">\n<p data-start=\"5093\" data-end=\"5155\"><strong data-start=\"5093\" data-end=\"5117\">Nauwkeurige dosering<\/strong> en betrouwbare reproduceerbaarheid.<\/p>\n<\/li>\n<li data-start=\"5156\" data-end=\"5207\">\n<p data-start=\"5158\" data-end=\"5207\"><strong data-start=\"5158\" data-end=\"5182\">Stabiele formulering<\/strong> voor lange opslagduur.<\/p>\n<\/li>\n<li data-start=\"5208\" data-end=\"5279\">\n<p data-start=\"5210\" data-end=\"5279\">Eenvoudig te <strong data-start=\"5223\" data-end=\"5250\">hanteren en op te slaan<\/strong> in laboratoriumomgevingen.<\/p>\n<\/li>\n<\/ul>\n<hr data-start=\"5281\" data-end=\"5284\" \/>\n<h3 data-start=\"5286\" data-end=\"5301\"><strong data-start=\"5290\" data-end=\"5301\">Pou\u017eite<\/strong><\/h3>\n<ul data-start=\"5302\" data-end=\"5598\">\n<li data-start=\"5302\" data-end=\"5372\">\n<p data-start=\"5304\" data-end=\"5372\">Pou\u017e\u00edva\u0165 len <strong data-start=\"5329\" data-end=\"5369\">kvalifikovan\u00fd laborat\u00f3rny person\u00e1l<\/strong>.<\/p>\n<\/li>\n<li data-start=\"5373\" data-end=\"5460\">\n<p data-start=\"5375\" data-end=\"5460\">Pou\u017e\u00edvajte vhodn\u00e9 <strong data-start=\"5393\" data-end=\"5417\">ochrann\u00e9 vybavenie<\/strong> (handschoenen, veiligheidsbril, masker).<\/p>\n<\/li>\n<li data-start=\"5461\" data-end=\"5539\">\n<p data-start=\"5463\" data-end=\"5539\">Ulo\u017ei\u0165 na <strong data-start=\"5478\" data-end=\"5501\">koele, droge plaats<\/strong>, beschermd tegen zonlicht en vocht.<\/p>\n<\/li>\n<li data-start=\"5540\" data-end=\"5598\">\n<p data-start=\"5542\" data-end=\"5598\">Nie je vhodn\u00fd na \u013eudsk\u00fa ani \u017eivo\u010d\u00ed\u0161nu spotrebu.<\/p>\n<\/li>\n<\/ul>\n<hr data-start=\"5600\" data-end=\"5603\" \/>\n<h3 data-start=\"5605\" data-end=\"5640\"><strong data-start=\"5609\" data-end=\"5640\">\u010casto kladen\u00e9 ot\u00e1zky (FAQ)<\/strong><\/h3>\n<p data-start=\"5642\" data-end=\"5801\"><strong data-start=\"5642\" data-end=\"5683\">1. Waarvoor wordt 4-HO-MiPT gebruikt?<\/strong><br data-start=\"5683\" data-end=\"5686\" \/>4-HO-MiPT wordt gebruikt voor <strong data-start=\"5716\" data-end=\"5756\">farmacologisch en chemisch onderzoek<\/strong> naar tryptamines en serotonine-receptoren.<\/p>\n<p data-start=\"5803\" data-end=\"5981\"><strong data-start=\"5803\" data-end=\"5859\">2. Is 4-HO-MiPT 20 MG veilig voor menselijk gebruik?<\/strong><br data-start=\"5859\" data-end=\"5862\" \/>Nie. Tento v\u00fdrobok je <strong data-start=\"5882\" data-end=\"5931\">ur\u010den\u00e9 len na v\u00fdskumn\u00e9 \u00fa\u010dely<\/strong> a nie s\u00fa schv\u00e1len\u00e9 na \u013eudsk\u00fa spotrebu.<\/p>\n<p data-start=\"5983\" data-end=\"6145\"><strong data-start=\"5983\" data-end=\"6030\">3. Hoe moet 4-HO-MiPT 20 MG worden bewaard?<\/strong><br data-start=\"6030\" data-end=\"6033\" \/>Ulo\u017ei\u0165 do <strong data-start=\"6048\" data-end=\"6078\">tesne uzavret\u00fd obal<\/strong> bij kamertemperatuur (15\u201325\u00b0C), uit de buurt van vocht en licht.<\/p>","protected":false},"excerpt":{"rendered":"<h2><span style=\"vertical-align: inherit;\"><span style=\"vertical-align: inherit;\">4-HO-MiPT pellets properties<\/span><\/span><\/h2>\n<p><strong><span style=\"vertical-align: inherit;\"><span style=\"vertical-align: inherit;\">Synonym:<\/span><\/span><\/strong><span style=\"vertical-align: inherit;\"><span style=\"vertical-align: inherit;\"> 4-hydroxy-N-methyl-N-isopropyltryptamine fumarate <\/span><\/span><br \/>\n<strong><span style=\"vertical-align: inherit;\"><span style=\"vertical-align: inherit;\">CAS Number:<\/span><\/span><\/strong><span style=\"vertical-align: inherit;\"><span style=\"vertical-align: inherit;\"> 77872-43-6 <\/span><\/span><br \/>\n<strong><span style=\"vertical-align: inherit;\"><span style=\"vertical-align: inherit;\">Formula:<\/span><\/span><\/strong><span style=\"vertical-align: inherit;\"><span style=\"vertical-align: inherit;\"> 3-[2-(isopropyl(methyl)amino)ethyl]-1H-indol-4-ol fumarate <\/span><\/span><br \/>\n<strong><span style=\"vertical-align: inherit;\"><span style=\"vertical-align: inherit;\">Molar Mass:<\/span><\/span><\/strong><span style=\"vertical-align: inherit;\"><span style=\"vertical-align: inherit;\"> 348.4 g\/mol <\/span><\/span><br \/>\n<strong><span style=\"vertical-align: inherit;\"><span style=\"vertical-align: inherit;\">Purity:<\/span><\/span><\/strong><span style=\"vertical-align: inherit;\"><span style=\"vertical-align: inherit;\"> &gt;97%<\/span><\/span><\/p>\n","protected":false},"featured_media":20242,"comment_status":"closed","ping_status":"closed","template":"","meta":[],"product_brand":[],"product_cat":[270,316,127,97],"product_tag":[317,318,78],"class_list":{"0":"post-18364","1":"product","2":"type-product","3":"status-publish","4":"has-post-thumbnail","6":"product_cat-4-ho-mipt","7":"product_cat-4-ho-mipt-pellets","8":"product_cat-pellets","9":"product_cat-tryptamines","10":"product_tag-4-ho-mipt-kopen","11":"product_tag-4-ho-mipt","12":"product_tag-nl","14":"first","15":"instock","16":"shipping-taxable","17":"purchasable","18":"product-type-variable"},"_links":{"self":[{"href":"https:\/\/researchchemicalsweb.com\/sk\/wp-json\/wp\/v2\/product\/18364","targetHints":{"allow":["GET"]}}],"collection":[{"href":"https:\/\/researchchemicalsweb.com\/sk\/wp-json\/wp\/v2\/product"}],"about":[{"href":"https:\/\/researchchemicalsweb.com\/sk\/wp-json\/wp\/v2\/types\/product"}],"replies":[{"embeddable":true,"href":"https:\/\/researchchemicalsweb.com\/sk\/wp-json\/wp\/v2\/comments?post=18364"}],"version-history":[{"count":1,"href":"https:\/\/researchchemicalsweb.com\/sk\/wp-json\/wp\/v2\/product\/18364\/revisions"}],"predecessor-version":[{"id":18419,"href":"https:\/\/researchchemicalsweb.com\/sk\/wp-json\/wp\/v2\/product\/18364\/revisions\/18419"}],"wp:featuredmedia":[{"embeddable":true,"href":"https:\/\/researchchemicalsweb.com\/sk\/wp-json\/wp\/v2\/media\/20242"}],"wp:attachment":[{"href":"https:\/\/researchchemicalsweb.com\/sk\/wp-json\/wp\/v2\/media?parent=18364"}],"wp:term":[{"taxonomy":"product_brand","embeddable":true,"href":"https:\/\/researchchemicalsweb.com\/sk\/wp-json\/wp\/v2\/product_brand?post=18364"},{"taxonomy":"product_cat","embeddable":true,"href":"https:\/\/researchchemicalsweb.com\/sk\/wp-json\/wp\/v2\/product_cat?post=18364"},{"taxonomy":"product_tag","embeddable":true,"href":"https:\/\/researchchemicalsweb.com\/sk\/wp-json\/wp\/v2\/product_tag?post=18364"}],"curies":[{"name":"wp","href":"https:\/\/api.w.org\/{rel}","templated":true}]}}