{"id":18353,"date":"2025-12-16T20:36:49","date_gmt":"2025-12-16T20:36:49","guid":{"rendered":"https:\/\/researchchemicalsweb.com\/?post_type=product&#038;p=18353"},"modified":"2026-02-17T14:26:24","modified_gmt":"2026-02-17T14:26:24","slug":"1p-mipla-l-tartrat-cisty","status":"publish","type":"product","link":"https:\/\/researchchemicalsweb.com\/sk\/produkt\/1p-mipla-l-tartrat-cisty\/","title":{"rendered":"1P-MiPLA L-tartr\u00e1t \u010cist\u00fd"},"content":{"rendered":"<p data-start=\"3810\" data-end=\"3994\"><strong data-start=\"3810\" data-end=\"3868\">1P-MiPLA (1-propionyl-N-metyl-N-izopropyllysergamid)<\/strong> je <strong data-start=\"3876\" data-end=\"3920\">v\u00fdskumn\u00e1 zl\u00fa\u010denina vysokej \u010distoty<\/strong>, vyvinut\u00e9 pre <strong data-start=\"3938\" data-end=\"3991\">v\u00fdskum v oblasti neurovedy a farmakol\u00f3gie<\/strong>. 1p-mipla<\/p>\n<p data-start=\"3996\" data-end=\"4334\">Ako <strong data-start=\"4000\" data-end=\"4060\">\u0161truktur\u00e1lny anal\u00f3g LSD (dietylamid kyseliny lysergovej)<\/strong> a <strong data-start=\"4064\" data-end=\"4073\">MiPLA<\/strong>, 1P-MiPLA obsahuje <strong data-start=\"4094\" data-end=\"4112\">propionylov\u00e1 skupina<\/strong> na indolov\u00fd dus\u00edk. T\u00e1to mal\u00e1 \u0161truktur\u00e1lna zmena rob\u00ed zl\u00fa\u010deninu mimoriadne zauj\u00edmavou pre <strong data-start=\"4217\" data-end=\"4257\">v\u00fdskum seroton\u00ednov\u00fdch receptorov<\/strong> a <strong data-start=\"4261\" data-end=\"4303\">vz\u0165ahy medzi \u0161trukt\u00farou a aktivitou (SAR)<\/strong> v r\u00e1mci triedy lyzergamidov.<\/p>\n<p data-start=\"4336\" data-end=\"4491\">Ka\u017ed\u00e1 \u0161ar\u017ea sa vyr\u00e1ba v pr\u00edsnych laborat\u00f3rnych podmienkach, aby sa <strong data-start=\"4410\" data-end=\"4474\">stabilita, reprodukovate\u013enos\u0165 a chemick\u00e1 presnos\u0165<\/strong> z\u00e1ruka.<\/p>\n<blockquote data-start=\"4493\" data-end=\"4644\">\n<p data-start=\"4495\" data-end=\"4644\">\u26a0\ufe0f <strong data-start=\"4498\" data-end=\"4509\">Pozn\u00e1mka:<\/strong> Tento v\u00fdrobok je <strong data-start=\"4525\" data-end=\"4580\">ur\u010den\u00e9 v\u00fdlu\u010dne na vedeck\u00fd v\u00fdskum<\/strong> a <strong data-start=\"4584\" data-end=\"4641\">nevhodn\u00e9 na \u013eudsk\u00fa alebo \u017eivo\u010d\u00ed\u0161nu spotrebu<\/strong>.<\/p>\n<\/blockquote>\n<hr data-start=\"4646\" data-end=\"4649\" \/>\n<h3 data-start=\"4651\" data-end=\"4682\"><strong data-start=\"4655\" data-end=\"4682\">K\u013e\u00fa\u010dov\u00e9 vlastnosti<\/strong><\/h3>\n<ul data-start=\"4683\" data-end=\"5079\">\n<li data-start=\"4683\" data-end=\"4768\">\n<p data-start=\"4685\" data-end=\"4768\"><strong data-start=\"4685\" data-end=\"4711\">Vysok\u00e1 \u010distota (\u226599%)<\/strong> - Laborat\u00f3rne testovan\u00e9 na identitu a zlo\u017eenie.<\/p>\n<\/li>\n<li data-start=\"4769\" data-end=\"4866\">\n<p data-start=\"4771\" data-end=\"4866\"><strong data-start=\"4771\" data-end=\"4810\">\u0160tandard farmakologick\u00e9ho v\u00fdskumu<\/strong> - Vhodn\u00e9 na v\u00fdskum receptorov a neurochemick\u00fd v\u00fdskum. 1p-mipla<\/p>\n<\/li>\n<li data-start=\"4867\" data-end=\"4939\">\n<p data-start=\"4869\" data-end=\"4939\"><strong data-start=\"4869\" data-end=\"4893\">Stabiln\u00e9 zlo\u017eenie<\/strong> - Zvy\u0161uje \u017eivotnos\u0165 a spo\u013eahlivos\u0165.<\/p>\n<\/li>\n<li data-start=\"4940\" data-end=\"5012\">\n<p data-start=\"4942\" data-end=\"5012\"><strong data-start=\"4942\" data-end=\"4967\">V\u00fdroba podobn\u00e1 GMP<\/strong> - Zaru\u010den\u00e1 kvalita a konzistencia.<\/p>\n<\/li>\n<li data-start=\"5013\" data-end=\"5079\">\n<p data-start=\"5015\" data-end=\"5079\"><strong data-start=\"5015\" data-end=\"5037\">Bezpe\u010dn\u00e9 balenie<\/strong> - Vzduchotesn\u00fd obal odoln\u00fd vo\u010di vlhkosti.<\/p>\n<\/li>\n<\/ul>\n<hr data-start=\"5081\" data-end=\"5084\" \/>\n<h3 data-start=\"5086\" data-end=\"5103\"><strong data-start=\"5090\" data-end=\"5103\">V\u00fdhody<\/strong><\/h3>\n<ul data-start=\"5104\" data-end=\"5376\">\n<li data-start=\"5104\" data-end=\"5185\">\n<p data-start=\"5106\" data-end=\"5185\">Podporuje <strong data-start=\"5118\" data-end=\"5182\">v\u00fdskum seroton\u00ednov\u00fdch receptorov a anal\u00f3gov lyzergamidu<\/strong>.<\/p>\n<\/li>\n<li data-start=\"5186\" data-end=\"5257\">\n<p data-start=\"5188\" data-end=\"5257\">Zabezpe\u010duje <strong data-start=\"5199\" data-end=\"5254\">spo\u013eahliv\u00e9 a reprodukovate\u013en\u00e9 v\u00fdsledky v\u00fdskumu.<\/strong>.<\/p>\n<\/li>\n<li data-start=\"5258\" data-end=\"5320\">\n<p data-start=\"5260\" data-end=\"5320\"><strong data-start=\"5260\" data-end=\"5286\">Zlep\u0161en\u00e1 stabilita<\/strong> na bezpe\u010dn\u00e9 skladovanie a pou\u017e\u00edvanie.<\/p>\n<\/li>\n<li data-start=\"5321\" data-end=\"5376\">\n<p data-start=\"5323\" data-end=\"5376\">Ide\u00e1lne pre <strong data-start=\"5335\" data-end=\"5373\">akademick\u00fd a analytick\u00fd v\u00fdskum<\/strong>.<\/p>\n<\/li>\n<\/ul>\n<hr data-start=\"5378\" data-end=\"5381\" \/>\n<h3 data-start=\"5383\" data-end=\"5398\"><strong data-start=\"5387\" data-end=\"5398\">Pou\u017eite<\/strong><\/h3>\n<ul data-start=\"5399\" data-end=\"5670\">\n<li data-start=\"5399\" data-end=\"5469\">\n<p data-start=\"5401\" data-end=\"5469\">Pou\u017e\u00edva\u0165 len <strong data-start=\"5426\" data-end=\"5466\">kvalifikovan\u00fd laborat\u00f3rny person\u00e1l<\/strong>.<\/p>\n<\/li>\n<li data-start=\"5470\" data-end=\"5546\">\n<p data-start=\"5472\" data-end=\"5546\">Pou\u017e\u00edvajte vhodn\u00e9 <strong data-start=\"5490\" data-end=\"5514\">ochrann\u00e9 vybavenie<\/strong> (rukavice, okuliare, laborat\u00f3rny pl\u00e1\u0161\u0165).<\/p>\n<\/li>\n<li data-start=\"5547\" data-end=\"5611\">\n<p data-start=\"5549\" data-end=\"5611\">Ulo\u017ei\u0165 na <strong data-start=\"5564\" data-end=\"5598\">chladn\u00e9, such\u00e9 a tmav\u00e9 miesto<\/strong> (15-25\u00b0C).<\/p>\n<\/li>\n<li data-start=\"5612\" data-end=\"5670\">\n<p data-start=\"5614\" data-end=\"5670\">Nie je vhodn\u00fd na \u013eudsk\u00fa ani \u017eivo\u010d\u00ed\u0161nu spotrebu.<\/p>\n<\/li>\n<\/ul>\n<hr data-start=\"5672\" data-end=\"5675\" \/>\n<h3 data-start=\"5677\" data-end=\"5712\"><strong data-start=\"5681\" data-end=\"5712\">\u010casto kladen\u00e9 ot\u00e1zky (FAQ)<\/strong><\/h3>\n<p data-start=\"5714\" data-end=\"5885\"><strong data-start=\"5714\" data-end=\"5754\">1. Na \u010do sa pou\u017e\u00edva 1P-MiPLA?<\/strong><br data-start=\"5754\" data-end=\"5757\" \/>1P-MiPLA sa pou\u017e\u00edva na <strong data-start=\"5786\" data-end=\"5831\">farmakologick\u00fd a neurochemick\u00fd v\u00fdskum<\/strong> na anal\u00f3gy lyzergamidu a seroton\u00ednov\u00e9 receptory.<\/p>\n<p data-start=\"5887\" data-end=\"6058\"><strong data-start=\"5887\" data-end=\"5936\">2. Je 1P-MiPLA bezpe\u010dn\u00fd na pou\u017eitie u \u013eud\u00ed?<\/strong><br data-start=\"5936\" data-end=\"5939\" \/>Nie. Tento v\u00fdrobok je <strong data-start=\"5959\" data-end=\"6008\">ur\u010den\u00e9 len na v\u00fdskumn\u00e9 \u00fa\u010dely<\/strong> a nie s\u00fa schv\u00e1len\u00e9 na \u013eudsk\u00fa spotrebu.<\/p>\n<p data-start=\"6060\" data-end=\"6214\"><strong data-start=\"6060\" data-end=\"6100\">3. Ako sa m\u00e1 1P-MiPLA skladova\u0165?<\/strong><br data-start=\"6100\" data-end=\"6103\" \/>Ulo\u017ei\u0165 do <strong data-start=\"6118\" data-end=\"6148\">tesne uzavret\u00fd obal<\/strong> pri izbovej teplote (15-25 \u00b0C), chr\u00e1nen\u00e9 pred svetlom a vlhkos\u0165ou.<\/p>","protected":false},"excerpt":{"rendered":"<h3><span dir=\"auto\" style=\"vertical-align: inherit;\"><span dir=\"auto\" style=\"vertical-align: inherit;\">1P-MiPLA L-tartrate properties<\/span><\/span><\/h3>\n<p><strong><span style=\"vertical-align: inherit;\"><span style=\"vertical-align: inherit;\"><span dir=\"auto\" style=\"vertical-align: inherit;\"><span dir=\"auto\" style=\"vertical-align: inherit;\">Synonym:<\/span><\/span><\/span><\/span><\/strong><span style=\"vertical-align: inherit;\"><span style=\"vertical-align: inherit;\"><span dir=\"auto\" style=\"vertical-align: inherit;\"><span dir=\"auto\" style=\"vertical-align: inherit;\"> 1-propionyl-methylisopropyl-sergamide hemi-L-tartrate <\/span><\/span><\/span><\/span><br \/>\n<strong><span style=\"vertical-align: inherit;\"><span style=\"vertical-align: inherit;\"><span dir=\"auto\" style=\"vertical-align: inherit;\"><span dir=\"auto\" style=\"vertical-align: inherit;\">CAS Number:<\/span><\/span><\/span><\/span><\/strong><span style=\"vertical-align: inherit;\"><span style=\"vertical-align: inherit;\"><span dir=\"auto\" style=\"vertical-align: inherit;\"><span dir=\"auto\" style=\"vertical-align: inherit;\"> n\/a <\/span><\/span><\/span><\/span><br \/>\n<strong><span style=\"vertical-align: inherit;\"><span style=\"vertical-align: inherit;\"><span dir=\"auto\" style=\"vertical-align: inherit;\"><span dir=\"auto\" style=\"vertical-align: inherit;\">Formula:<\/span><\/span><\/span><\/span><\/strong><span style=\"vertical-align: inherit;\"><span style=\"vertical-align: inherit;\"><span dir=\"auto\" style=\"vertical-align: inherit;\"><span dir=\"auto\" style=\"vertical-align: inherit;\"> (8\u03b2)-1-propionyl-N-isopropyl-N,6-dimethyl-9,10-didehydroergoline-8-carboxamide hemi-L-tartrate <\/span><\/span><\/span><\/span><br \/>\n<strong><span style=\"vertical-align: inherit;\"><span style=\"vertical-align: inherit;\"><span dir=\"auto\" style=\"vertical-align: inherit;\"><span dir=\"auto\" style=\"vertical-align: inherit;\">Molar Mass:<\/span><\/span><\/span><\/span><\/strong><span style=\"vertical-align: inherit;\"><span style=\"vertical-align: inherit;\"><span dir=\"auto\" style=\"vertical-align: inherit;\"><span dir=\"auto\" style=\"vertical-align: inherit;\"> 454.5 g\/mol <\/span><\/span><\/span><\/span><br \/>\n<strong><span style=\"vertical-align: inherit;\"><span style=\"vertical-align: inherit;\"><span dir=\"auto\" style=\"vertical-align: inherit;\"><span dir=\"auto\" style=\"vertical-align: inherit;\">Purity:<\/span><\/span><\/span><\/span><\/strong><span style=\"vertical-align: inherit;\"><span style=\"vertical-align: inherit;\"><span dir=\"auto\" style=\"vertical-align: inherit;\"><span dir=\"auto\" style=\"vertical-align: inherit;\"> &gt;97%<\/span><\/span><\/span><\/span><\/p>","protected":false},"featured_media":20156,"comment_status":"closed","ping_status":"closed","template":"","meta":[],"product_brand":[],"product_cat":[306,102],"product_tag":[307,308,78],"class_list":{"0":"post-18353","1":"product","2":"type-product","3":"status-publish","4":"has-post-thumbnail","6":"product_cat-1p-mipla","7":"product_cat-lysergamides","8":"product_tag-1p-mipla","9":"product_tag-1p-mipla-kopen","10":"product_tag-nl","12":"first","13":"instock","14":"shipping-taxable","15":"purchasable","16":"product-type-variable"},"_links":{"self":[{"href":"https:\/\/researchchemicalsweb.com\/sk\/wp-json\/wp\/v2\/product\/18353","targetHints":{"allow":["GET"]}}],"collection":[{"href":"https:\/\/researchchemicalsweb.com\/sk\/wp-json\/wp\/v2\/product"}],"about":[{"href":"https:\/\/researchchemicalsweb.com\/sk\/wp-json\/wp\/v2\/types\/product"}],"replies":[{"embeddable":true,"href":"https:\/\/researchchemicalsweb.com\/sk\/wp-json\/wp\/v2\/comments?post=18353"}],"version-history":[{"count":1,"href":"https:\/\/researchchemicalsweb.com\/sk\/wp-json\/wp\/v2\/product\/18353\/revisions"}],"predecessor-version":[{"id":18411,"href":"https:\/\/researchchemicalsweb.com\/sk\/wp-json\/wp\/v2\/product\/18353\/revisions\/18411"}],"wp:featuredmedia":[{"embeddable":true,"href":"https:\/\/researchchemicalsweb.com\/sk\/wp-json\/wp\/v2\/media\/20156"}],"wp:attachment":[{"href":"https:\/\/researchchemicalsweb.com\/sk\/wp-json\/wp\/v2\/media?parent=18353"}],"wp:term":[{"taxonomy":"product_brand","embeddable":true,"href":"https:\/\/researchchemicalsweb.com\/sk\/wp-json\/wp\/v2\/product_brand?post=18353"},{"taxonomy":"product_cat","embeddable":true,"href":"https:\/\/researchchemicalsweb.com\/sk\/wp-json\/wp\/v2\/product_cat?post=18353"},{"taxonomy":"product_tag","embeddable":true,"href":"https:\/\/researchchemicalsweb.com\/sk\/wp-json\/wp\/v2\/product_tag?post=18353"}],"curies":[{"name":"wp","href":"https:\/\/api.w.org\/{rel}","templated":true}]}}