{"id":18334,"date":"2025-12-16T20:36:20","date_gmt":"2025-12-16T20:36:20","guid":{"rendered":"https:\/\/researchchemicalsweb.com\/?post_type=product&#038;p=18334"},"modified":"2026-02-18T06:34:28","modified_gmt":"2026-02-18T06:34:28","slug":"4-ho-mcpt-fumarate","status":"publish","type":"product","link":"https:\/\/researchchemicalsweb.com\/sk\/produkt\/4-ho-mcpt-fumarate\/","title":{"rendered":"4-HO-McPT fumar\u00e1t"},"content":{"rendered":"<h1><strong><span dir=\"auto\" style=\"vertical-align: inherit;\"><span dir=\"auto\" style=\"vertical-align: inherit;\">4-HO-McPT Fumarate \u2013 Innovative Research Substance from the Tryptamine Class<\/span><\/span><\/strong><\/h1>\n<blockquote>\n<p data-start=\"4145\" data-end=\"4347\"><strong data-start=\"4145\" data-end=\"4212\">4-HO-McPT Fumaraat (4-Hydroxy-N-Methyl-N-Cyclopropyltryptamine)<\/strong> je <strong data-start=\"4220\" data-end=\"4262\">onderzoekscompound van hoge zuiverheid<\/strong>, ontworpen voor <strong data-start=\"4279\" data-end=\"4344\">neurowetenschappelijk, farmacologisch en analytisch onderzoek<\/strong>. 4 ho mcpt<\/p>\n<p data-start=\"4349\" data-end=\"4710\">Ako <strong data-start=\"4353\" data-end=\"4390\">hydroxyl-gesubstitueerde analogon<\/strong> van <strong data-start=\"4395\" data-end=\"4438\">McPT (N-Methyl-N-Cyclopropyltryptamine)<\/strong> behoort het tot de <strong data-start=\"4458\" data-end=\"4487\">4-hydroxytryptamineklasse<\/strong>, verwant aan verbindingen zoals <strong data-start=\"4520\" data-end=\"4544\">4-HO-DMT (Psilocine)<\/strong> a <strong data-start=\"4548\" data-end=\"4560\">4-HO-MET<\/strong>. 4-HO-McPT is bijzonder interessant voor <strong data-start=\"4602\" data-end=\"4661\">onderzoek naar serotonine-receptoren (5-HT2A en 5-HT1A)<\/strong> a <strong data-start=\"4665\" data-end=\"4707\">vz\u0165ahy medzi \u0161trukt\u00farou a aktivitou (SAR)<\/strong>.<\/p>\n<p data-start=\"4712\" data-end=\"4901\">Str\u00e1nka <strong data-start=\"4715\" data-end=\"4735\">fumaraatzoutvorm<\/strong> verhoogt de <strong data-start=\"4748\" data-end=\"4804\">chemische stabiliteit, oplosbaarheid en houdbaarheid<\/strong>, waardoor dit product ideaal is voor langdurige opslag en gecontroleerd laboratoriumonderzoek.<\/p>\n<blockquote data-start=\"4903\" data-end=\"5054\">\n<p data-start=\"4905\" data-end=\"5054\">\u26a0\ufe0f <strong data-start=\"4908\" data-end=\"4919\">Pozn\u00e1mka:<\/strong> Tento v\u00fdrobok je <strong data-start=\"4935\" data-end=\"4990\">ur\u010den\u00e9 v\u00fdlu\u010dne na vedeck\u00fd v\u00fdskum<\/strong> a <strong data-start=\"4994\" data-end=\"5051\">nevhodn\u00e9 na \u013eudsk\u00fa alebo \u017eivo\u010d\u00ed\u0161nu spotrebu<\/strong>.<\/p>\n<\/blockquote>\n<hr data-start=\"5056\" data-end=\"5059\" \/>\n<h3 data-start=\"5061\" data-end=\"5092\"><strong data-start=\"5065\" data-end=\"5092\">K\u013e\u00fa\u010dov\u00e9 vlastnosti<\/strong><\/h3>\n<ul data-start=\"5093\" data-end=\"5484\">\n<li data-start=\"5093\" data-end=\"5162\">\n<p data-start=\"5095\" data-end=\"5162\"><strong data-start=\"5095\" data-end=\"5121\">Vysok\u00e1 \u010distota (\u226599%)<\/strong> \u2013 Geanalyseerd via HPLC, NMR en GC-MS.<\/p>\n<\/li>\n<li data-start=\"5163\" data-end=\"5236\">\n<p data-start=\"5165\" data-end=\"5236\"><strong data-start=\"5165\" data-end=\"5194\">Stabiele Fumaraatzoutvorm<\/strong> \u2013 Verhoogt houdbaarheid en stabiliteit. 4 ho mcpt<\/p>\n<\/li>\n<li data-start=\"5237\" data-end=\"5324\">\n<p data-start=\"5239\" data-end=\"5324\"><strong data-start=\"5239\" data-end=\"5278\">\u0160tandard farmakologick\u00e9ho v\u00fdskumu<\/strong> \u2013 Geschikt voor receptor- en SAR-onderzoek.<\/p>\n<\/li>\n<li data-start=\"5325\" data-end=\"5395\">\n<p data-start=\"5327\" data-end=\"5395\"><strong data-start=\"5327\" data-end=\"5352\">Consistente Kwaliteit<\/strong> \u2013 Geproduceerd onder GMP-achtige normen.<\/p>\n<\/li>\n<li data-start=\"5396\" data-end=\"5484\">\n<p data-start=\"5398\" data-end=\"5484\"><strong data-start=\"5398\" data-end=\"5420\">Bezpe\u010dn\u00e9 balenie<\/strong> \u2013 Luchtdicht en lichtdicht verpakt voor maximale bescherming.<\/p>\n<\/li>\n<\/ul>\n<hr data-start=\"5486\" data-end=\"5489\" \/>\n<h3 data-start=\"5491\" data-end=\"5508\"><strong data-start=\"5495\" data-end=\"5508\">V\u00fdhody<\/strong><\/h3>\n<ul data-start=\"5509\" data-end=\"5804\">\n<li data-start=\"5509\" data-end=\"5589\">\n<p data-start=\"5511\" data-end=\"5589\">Podporuje <strong data-start=\"5523\" data-end=\"5586\">onderzoek naar serotonine-receptoren en tryptamine-analogen<\/strong>.<\/p>\n<\/li>\n<li data-start=\"5590\" data-end=\"5665\">\n<p data-start=\"5592\" data-end=\"5665\"><strong data-start=\"5592\" data-end=\"5637\">Nauwkeurige en reproduceerbare resultaten<\/strong> in laboratoriumonderzoek.<\/p>\n<\/li>\n<li data-start=\"5666\" data-end=\"5732\">\n<p data-start=\"5668\" data-end=\"5732\"><strong data-start=\"5668\" data-end=\"5707\">Betere stabiliteit en oplosbaarheid<\/strong> dan de vrije basevorm.<\/p>\n<\/li>\n<li data-start=\"5733\" data-end=\"5804\">\n<p data-start=\"5735\" data-end=\"5804\">Ide\u00e1lne pre <strong data-start=\"5747\" data-end=\"5801\">academisch, analytisch en farmacologisch onderzoek<\/strong>.<\/p>\n<\/li>\n<\/ul>\n<hr data-start=\"5806\" data-end=\"5809\" \/>\n<h3 data-start=\"5811\" data-end=\"5826\"><strong data-start=\"5815\" data-end=\"5826\">Pou\u017eite<\/strong><\/h3>\n<ul data-start=\"5827\" data-end=\"6098\">\n<li data-start=\"5827\" data-end=\"5897\">\n<p data-start=\"5829\" data-end=\"5897\">Pou\u017e\u00edva\u0165 len <strong data-start=\"5854\" data-end=\"5894\">kvalifikovan\u00fd laborat\u00f3rny person\u00e1l<\/strong>.<\/p>\n<\/li>\n<li data-start=\"5898\" data-end=\"5974\">\n<p data-start=\"5900\" data-end=\"5974\">Pou\u017e\u00edvajte vhodn\u00e9 <strong data-start=\"5918\" data-end=\"5942\">ochrann\u00e9 vybavenie<\/strong> (rukavice, okuliare, laborat\u00f3rny pl\u00e1\u0161\u0165).<\/p>\n<\/li>\n<li data-start=\"5975\" data-end=\"6039\">\n<p data-start=\"5977\" data-end=\"6039\">Ulo\u017ei\u0165 na <strong data-start=\"5992\" data-end=\"6026\">chladn\u00e9, such\u00e9 a tmav\u00e9 miesto<\/strong> (15-25\u00b0C).<\/p>\n<\/li>\n<li data-start=\"6040\" data-end=\"6098\">\n<p data-start=\"6042\" data-end=\"6098\">Nie je vhodn\u00fd na \u013eudsk\u00fa ani \u017eivo\u010d\u00ed\u0161nu spotrebu.<\/p>\n<\/li>\n<\/ul>\n<hr data-start=\"6100\" data-end=\"6103\" \/>\n<h3 data-start=\"6105\" data-end=\"6140\"><strong data-start=\"6109\" data-end=\"6140\">\u010casto kladen\u00e9 ot\u00e1zky (FAQ)<\/strong><\/h3>\n<p data-start=\"6142\" data-end=\"6330\"><strong data-start=\"6142\" data-end=\"6192\">1. Waarvoor wordt 4-HO-McPT Fumaraat gebruikt?<\/strong><br data-start=\"6192\" data-end=\"6195\" \/>4-HO-McPT Fumaraat wordt gebruikt in <strong data-start=\"6232\" data-end=\"6277\">farmakologick\u00fd a neurochemick\u00fd v\u00fdskum<\/strong> naar serotonine-receptoren en tryptamine-analogen.<\/p>\n<p data-start=\"6332\" data-end=\"6513\"><strong data-start=\"6332\" data-end=\"6391\">2. Is 4-HO-McPT Fumaraat veilig voor menselijk gebruik?<\/strong><br data-start=\"6391\" data-end=\"6394\" \/>Nie. Tento v\u00fdrobok je <strong data-start=\"6414\" data-end=\"6463\">ur\u010den\u00e9 len na v\u00fdskumn\u00e9 \u00fa\u010dely<\/strong> a nie s\u00fa schv\u00e1len\u00e9 na \u013eudsk\u00fa spotrebu.<\/p>\n<p data-start=\"6515\" data-end=\"6687\"><strong data-start=\"6515\" data-end=\"6565\">3. Hoe moet 4-HO-McPT Fumaraat worden bewaard?<\/strong><br data-start=\"6565\" data-end=\"6568\" \/>Ulo\u017ei\u0165 do <strong data-start=\"6583\" data-end=\"6613\">tesne uzavret\u00fd obal<\/strong> bij kamertemperatuur (15\u201325\u00b0C), beschermd tegen vocht, warmte en licht.<\/p>\n<p><span dir=\"auto\" style=\"vertical-align: inherit;\"><span dir=\"auto\" style=\"vertical-align: inherit;\">.<\/span><\/span><\/p><\/blockquote>","protected":false},"excerpt":{"rendered":"<h3><span style=\"vertical-align: inherit;\"><span style=\"vertical-align: inherit;\"><span dir=\"auto\" style=\"vertical-align: inherit;\"><span dir=\"auto\" style=\"vertical-align: inherit;\">4-HO-McPT fumarate properties<\/span><\/span><\/span><\/span><\/h3>\n<p><strong><span style=\"vertical-align: inherit;\"><span style=\"vertical-align: inherit;\"><span dir=\"auto\" style=\"vertical-align: inherit;\"><span dir=\"auto\" style=\"vertical-align: inherit;\">Synonym:<\/span><\/span><\/span><\/span><\/strong><span style=\"vertical-align: inherit;\"><span style=\"vertical-align: inherit;\"><span dir=\"auto\" style=\"vertical-align: inherit;\"><span dir=\"auto\" style=\"vertical-align: inherit;\"> 4-hydroxy-N-methyl-N-cyclopropyltryptamine fumarate <\/span><\/span><\/span><\/span><br \/>\n<strong><span style=\"vertical-align: inherit;\"><span style=\"vertical-align: inherit;\"><span dir=\"auto\" style=\"vertical-align: inherit;\"><span dir=\"auto\" style=\"vertical-align: inherit;\">CAS Number:<\/span><\/span><\/span><\/span><\/strong><span style=\"vertical-align: inherit;\"><span style=\"vertical-align: inherit;\"><span dir=\"auto\" style=\"vertical-align: inherit;\"><span dir=\"auto\" style=\"vertical-align: inherit;\"> 77872-48-1 <\/span><\/span><\/span><\/span><br \/>\n<strong><span style=\"vertical-align: inherit;\"><span style=\"vertical-align: inherit;\"><span dir=\"auto\" style=\"vertical-align: inherit;\"><span dir=\"auto\" style=\"vertical-align: inherit;\">Formula:<\/span><\/span><\/span><\/span><\/strong><span style=\"vertical-align: inherit;\"><span style=\"vertical-align: inherit;\"><span dir=\"auto\" style=\"vertical-align: inherit;\"><span dir=\"auto\" style=\"vertical-align: inherit;\"> 3-[2-(cyclopropyl(methyl)amino)ethyl]-1H-indole-4-ol fumarate <\/span><\/span><\/span><\/span><br \/>\n<strong><span style=\"vertical-align: inherit;\"><span style=\"vertical-align: inherit;\"><span dir=\"auto\" style=\"vertical-align: inherit;\"><span dir=\"auto\" style=\"vertical-align: inherit;\">Mole mass:<\/span><\/span><\/span><\/span><\/strong><span style=\"vertical-align: inherit;\"><span style=\"vertical-align: inherit;\"><span dir=\"auto\" style=\"vertical-align: inherit;\"><span dir=\"auto\" style=\"vertical-align: inherit;\"> 346.4 g\/mol <\/span><\/span><\/span><\/span><br \/>\n<strong><span style=\"vertical-align: inherit;\"><span style=\"vertical-align: inherit;\"><span dir=\"auto\" style=\"vertical-align: inherit;\"><span dir=\"auto\" style=\"vertical-align: inherit;\">Purity:<\/span><\/span><\/span><\/span><\/strong><span style=\"vertical-align: inherit;\"><span style=\"vertical-align: inherit;\"><span dir=\"auto\" style=\"vertical-align: inherit;\"><span dir=\"auto\" style=\"vertical-align: inherit;\"> &gt;97%<\/span><\/span><\/span><\/span><\/p>\n","protected":false},"featured_media":20239,"comment_status":"closed","ping_status":"closed","template":"","meta":[],"product_brand":[],"product_cat":[267,97],"product_tag":[268,269,78],"class_list":{"0":"post-18334","1":"product","2":"type-product","3":"status-publish","4":"has-post-thumbnail","6":"product_cat-4-ho-mcpt","7":"product_cat-tryptamines","8":"product_tag-4-ho-mcpt","9":"product_tag-4-ho-mcpt-kopen","10":"product_tag-nl","12":"first","13":"instock","14":"shipping-taxable","15":"purchasable","16":"product-type-variable"},"_links":{"self":[{"href":"https:\/\/researchchemicalsweb.com\/sk\/wp-json\/wp\/v2\/product\/18334","targetHints":{"allow":["GET"]}}],"collection":[{"href":"https:\/\/researchchemicalsweb.com\/sk\/wp-json\/wp\/v2\/product"}],"about":[{"href":"https:\/\/researchchemicalsweb.com\/sk\/wp-json\/wp\/v2\/types\/product"}],"replies":[{"embeddable":true,"href":"https:\/\/researchchemicalsweb.com\/sk\/wp-json\/wp\/v2\/comments?post=18334"}],"version-history":[{"count":1,"href":"https:\/\/researchchemicalsweb.com\/sk\/wp-json\/wp\/v2\/product\/18334\/revisions"}],"predecessor-version":[{"id":18379,"href":"https:\/\/researchchemicalsweb.com\/sk\/wp-json\/wp\/v2\/product\/18334\/revisions\/18379"}],"wp:featuredmedia":[{"embeddable":true,"href":"https:\/\/researchchemicalsweb.com\/sk\/wp-json\/wp\/v2\/media\/20239"}],"wp:attachment":[{"href":"https:\/\/researchchemicalsweb.com\/sk\/wp-json\/wp\/v2\/media?parent=18334"}],"wp:term":[{"taxonomy":"product_brand","embeddable":true,"href":"https:\/\/researchchemicalsweb.com\/sk\/wp-json\/wp\/v2\/product_brand?post=18334"},{"taxonomy":"product_cat","embeddable":true,"href":"https:\/\/researchchemicalsweb.com\/sk\/wp-json\/wp\/v2\/product_cat?post=18334"},{"taxonomy":"product_tag","embeddable":true,"href":"https:\/\/researchchemicalsweb.com\/sk\/wp-json\/wp\/v2\/product_tag?post=18334"}],"curies":[{"name":"wp","href":"https:\/\/api.w.org\/{rel}","templated":true}]}}