{"id":18048,"date":"2025-12-16T20:28:36","date_gmt":"2025-12-16T20:28:36","guid":{"rendered":"https:\/\/researchchemicalsweb.com\/?post_type=product&#038;p=18048"},"modified":"2026-02-17T14:27:52","modified_gmt":"2026-02-17T14:27:52","slug":"mxpr","status":"publish","type":"product","link":"https:\/\/researchchemicalsweb.com\/sk\/produkt\/mxpr\/","title":{"rendered":"MXPr"},"content":{"rendered":"<h1><span dir=\"auto\" style=\"vertical-align: inherit;\"><span dir=\"auto\" style=\"vertical-align: inherit;\">MXPr - vysoko\u00fa\u010dinn\u00e1 v\u00fdskumn\u00e1 chemik\u00e1lia pre vedeck\u00e9 aplik\u00e1cie<\/span><\/span><\/h1>\n<p data-start=\"6660\" data-end=\"7047\">MXPr, v plnom znen\u00ed <strong data-start=\"6673\" data-end=\"6692\">Metoxpropam\u00edn<\/strong>, je <strong data-start=\"6701\" data-end=\"6729\">disociat\u00edvne spojenie<\/strong> z <strong data-start=\"6737\" data-end=\"6765\">arylcyklohexylam\u00ednov\u00e1 skupina<\/strong>, \u0161truktur\u00e1lne pr\u00edbuzn\u00e9 l\u00e1tkam, ako s\u00fa napr. <strong data-start=\"6805\" data-end=\"6817\">Ketam\u00edn<\/strong> a <strong data-start=\"6821\" data-end=\"6844\">Metoxetam\u00edn (MXE)<\/strong>. Hoci nem\u00e1 schv\u00e1len\u00e9 lek\u00e1rske pou\u017eitie, je <em data-start=\"6908\" data-end=\"6914\">MXPr<\/em> v <strong data-start=\"6922\" data-end=\"6978\">neurofarmakologick\u00fd a analytick\u00fd chemick\u00fd v\u00fdskum<\/strong> sk\u00faman\u00e1 na z\u00e1klade jej receptorovej aktivity a molekulovej \u0161trukt\u00fary.<\/p>\n<p data-start=\"7049\" data-end=\"7276\">Toto pripojenie je ur\u010den\u00e9 v\u00fdlu\u010dne pre <strong data-start=\"7093\" data-end=\"7134\">laborat\u00f3rne a forenzn\u00e9 \u0161t\u00fadie<\/strong> a <strong data-start=\"7138\" data-end=\"7183\">nie je ur\u010den\u00e9 na hum\u00e1nne ani veterin\u00e1rne pou\u017eitie<\/strong>. Tento \u010dl\u00e1nok pon\u00faka <strong data-start=\"7207\" data-end=\"7244\">neutr\u00e1lna a vzdel\u00e1vacia perspekt\u00edva<\/strong> pre v\u00fdskumn\u00edkov a \u0161tudentov.<\/p>\n<hr data-start=\"7278\" data-end=\"7281\" \/>\n<h2 data-start=\"7283\" data-end=\"7330\"><strong data-start=\"7286\" data-end=\"7330\">Chemick\u00e9 a farmakologick\u00e9 pozadie<\/strong><\/h2>\n<p data-start=\"7332\" data-end=\"7556\">MXPr patr\u00ed do skupiny <strong data-start=\"7352\" data-end=\"7376\">arylcyklohexylam\u00edny<\/strong>, skupina l\u00e1tok, ktor\u00e9 p\u00f4sobia najm\u00e4 ako <strong data-start=\"7418\" data-end=\"7447\">Antagonisty NMDA receptorov<\/strong>. Pom\u00e1haj\u00fa vedcom pochopi\u0165 <strong data-start=\"7477\" data-end=\"7506\">glutam\u00e1tov\u00e1 neurotransmisia<\/strong> a <strong data-start=\"7510\" data-end=\"7536\">disocia\u010dn\u00e9 \u00fa\u010dinky<\/strong> lep\u0161ie pochopi\u0165.<\/p>\n<p data-start=\"7558\" data-end=\"7607\"><strong data-start=\"7558\" data-end=\"7607\">K\u013e\u00fa\u010dov\u00e9 chemick\u00e9 vlastnosti MXPr:<\/strong><\/p>\n<ul data-start=\"7608\" data-end=\"7872\">\n<li data-start=\"7608\" data-end=\"7674\">\n<p data-start=\"7610\" data-end=\"7674\"><strong data-start=\"7610\" data-end=\"7625\">N\u00e1zov IUPAC:<\/strong> 2-(3-metoxyfenyl)-2-(propylamino)cyklohexan\u00f3n<\/p>\n<\/li>\n<li data-start=\"7675\" data-end=\"7709\">\n<p data-start=\"7677\" data-end=\"7709\"><strong data-start=\"7677\" data-end=\"7697\">Molekulov\u00fd vzorec:<\/strong> C16H25NO2<\/p>\n<\/li>\n<li data-start=\"7710\" data-end=\"7754\">\n<p data-start=\"7712\" data-end=\"7754\"><strong data-start=\"7712\" data-end=\"7730\">Molekulov\u00e1 hmotnos\u0165:<\/strong> Pribli\u017ene 263,38 g\/mol<\/p>\n<\/li>\n<li data-start=\"7755\" data-end=\"7799\">\n<p data-start=\"7757\" data-end=\"7799\"><strong data-start=\"7757\" data-end=\"7777\">Trieda \u0161trukt\u00fary:<\/strong> Arylcyklohexylam\u00edn<\/p>\n<\/li>\n<li data-start=\"7800\" data-end=\"7872\">\n<p data-start=\"7802\" data-end=\"7872\"><strong data-start=\"7802\" data-end=\"7825\">Interakcia s receptorom:<\/strong> NMDA antagonista (dostupn\u00e9 \u00fadaje s\u00fa obmedzen\u00e9).<\/p>\n<\/li>\n<\/ul>\n<hr data-start=\"7874\" data-end=\"7877\" \/>\n<h2 data-start=\"7879\" data-end=\"7919\"><strong data-start=\"7882\" data-end=\"7919\">K\u013e\u00fa\u010dov\u00e9 charakteristiky v\u00fdskumu<\/strong><\/h2>\n<ul data-start=\"7921\" data-end=\"8203\">\n<li data-start=\"7921\" data-end=\"7987\">\n<p data-start=\"7923\" data-end=\"7987\"><strong data-start=\"7923\" data-end=\"7957\">Analytick\u00fd referen\u010dn\u00fd materi\u00e1l<\/strong> Na laborat\u00f3rnu valid\u00e1ciu.<\/p>\n<\/li>\n<li data-start=\"7988\" data-end=\"8063\">\n<p data-start=\"7990\" data-end=\"8063\"><strong data-start=\"7990\" data-end=\"8024\">\u0160t\u00fadia \u0161trukt\u00fary a aktivity<\/strong> v r\u00e1mci triedy arylcyklohexylam\u00ednov.<\/p>\n<\/li>\n<li data-start=\"8064\" data-end=\"8135\">\n<p data-start=\"8066\" data-end=\"8135\"><strong data-start=\"8066\" data-end=\"8085\">\u0160t\u00fadie receptorov<\/strong> Cielen\u00e1 blok\u00e1da NMDA a neuron\u00e1lne \u00fa\u010dinky.<\/p>\n<\/li>\n<li data-start=\"8136\" data-end=\"8203\">\n<p data-start=\"8138\" data-end=\"8203\"><strong data-start=\"8138\" data-end=\"8167\">Forenzn\u00e1 identifik\u00e1cia<\/strong> nov\u00fdch psychoakt\u00edvnych l\u00e1tok.<\/p>\n<\/li>\n<\/ul>\n<hr data-start=\"8205\" data-end=\"8208\" \/>\n<h2 data-start=\"8210\" data-end=\"8265\"><strong data-start=\"8213\" data-end=\"8265\">V\u00fdskumn\u00e9 \u00fa\u010dely a vedeck\u00e1 hodnota<\/strong><\/h2>\n<p data-start=\"8267\" data-end=\"8314\">MXPr sa pou\u017e\u00edva vo v\u00fdskumnom prostred\u00ed na:<\/p>\n<ul data-start=\"8315\" data-end=\"8529\">\n<li data-start=\"8315\" data-end=\"8367\">\n<p data-start=\"8317\" data-end=\"8367\"><strong data-start=\"8317\" data-end=\"8349\">Forenzn\u00e9 met\u00f3dy detekcie<\/strong> rozv\u00edja\u0165.<\/p>\n<\/li>\n<li data-start=\"8368\" data-end=\"8417\">\n<p data-start=\"8370\" data-end=\"8417\"><strong data-start=\"8370\" data-end=\"8400\">Chromatografick\u00e9 anal\u00fdzy<\/strong> zlep\u0161i\u0165.<\/p>\n<\/li>\n<li data-start=\"8418\" data-end=\"8478\">\n<p data-start=\"8420\" data-end=\"8478\"><strong data-start=\"8420\" data-end=\"8448\">Farmakologick\u00e9 modely<\/strong> inhib\u00edcie NMDA na testovanie.<\/p>\n<\/li>\n<li data-start=\"8479\" data-end=\"8529\">\n<p data-start=\"8481\" data-end=\"8529\"><strong data-start=\"8481\" data-end=\"8510\">Prieskum verejn\u00e9ho zdravia<\/strong> podporu.<\/p>\n<\/li>\n<\/ul>\n<hr data-start=\"8531\" data-end=\"8534\" \/>\n<h2 data-start=\"8536\" data-end=\"8580\"><strong data-start=\"8539\" data-end=\"8580\">Bezpe\u010dnostn\u00e9 a pr\u00e1vne aspekty<\/strong><\/h2>\n<p data-start=\"8582\" data-end=\"8699\">MXPr m\u00f4\u017eu spracov\u00e1va\u0165 len <strong data-start=\"8621\" data-end=\"8647\">vy\u0161kolen\u00ed v\u00fdskumn\u00edci<\/strong> v r\u00e1mci <strong data-start=\"8659\" data-end=\"8698\">kontrolovan\u00e9 laborat\u00f3rne prostredie<\/strong>.<\/p>\n<p data-start=\"8701\" data-end=\"8728\"><strong data-start=\"8701\" data-end=\"8728\">Bezpe\u010dnostn\u00e9 pokyny:<\/strong><\/p>\n<ul data-start=\"8729\" data-end=\"8947\">\n<li data-start=\"8729\" data-end=\"8780\">\n<p data-start=\"8731\" data-end=\"8780\">Nosi\u0165 <strong data-start=\"8737\" data-end=\"8777\">ochrann\u00fd odev a rukavice<\/strong>.<\/p>\n<\/li>\n<li data-start=\"8781\" data-end=\"8822\">\n<p data-start=\"8783\" data-end=\"8822\">Vyhnite sa str\u00e1nke <strong data-start=\"8791\" data-end=\"8819\">vd\u00fdchnutie alebo kontakt s poko\u017ekou<\/strong>.<\/p>\n<\/li>\n<li data-start=\"8823\" data-end=\"8886\">\n<p data-start=\"8825\" data-end=\"8886\">V\u00fdrobok skladujte v <strong data-start=\"8847\" data-end=\"8883\">uzavret\u00e9, ozna\u010den\u00e9 n\u00e1doby<\/strong>.<\/p>\n<\/li>\n<li data-start=\"8887\" data-end=\"8947\">\n<p data-start=\"8889\" data-end=\"8947\">Sledujte v\u0161etky <strong data-start=\"8899\" data-end=\"8944\">miestne predpisy o odpadoch a bezpe\u010dnosti<\/strong>.<\/p>\n<\/li>\n<\/ul>\n<h3 data-start=\"8949\" data-end=\"8974\"><strong data-start=\"8953\" data-end=\"8974\">Pr\u00e1vne postavenie<\/strong><\/h3>\n<p data-start=\"8975\" data-end=\"9082\">V mnoh\u00fdch krajin\u00e1ch je MXPr <strong data-start=\"9002\" data-end=\"9035\">kontrolovan\u00e9 alebo zak\u00e1zan\u00e9 l\u00e1tky<\/strong>. Pou\u017e\u00edvanie bez licencie nie je povolen\u00e9.<\/p>\n<hr data-start=\"9084\" data-end=\"9087\" \/>\n<h2 data-start=\"9089\" data-end=\"9123\"><strong data-start=\"9092\" data-end=\"9123\">\u010casto kladen\u00e9 ot\u00e1zky (FAQ)<\/strong><\/h2>\n<h3 data-start=\"9125\" data-end=\"9167\"><strong data-start=\"9129\" data-end=\"9167\">1. \u010co sa vy\u0161etruje v pr\u00edpade MXPr?<\/strong><\/h3>\n<p data-start=\"9168\" data-end=\"9255\">MXPr sa pou\u017e\u00edva ako <strong data-start=\"9192\" data-end=\"9216\">referen\u010dn\u00e9 prepojenie<\/strong> V analytickom a forenznom v\u00fdskume.<\/p>\n<h3 data-start=\"9257\" data-end=\"9283\"><strong data-start=\"9261\" data-end=\"9283\">2. Je MXPr leg\u00e1lny?<\/strong><\/h3>\n<p data-start=\"9284\" data-end=\"9393\">Vo v\u00e4\u010d\u0161ine kraj\u00edn sa na MXPr vz\u0165ahuje <strong data-start=\"9323\" data-end=\"9364\">pr\u00e1vne predpisy o kontrolovan\u00fdch l\u00e1tkach<\/strong> \u010ci <strong data-start=\"9371\" data-end=\"9392\">anal\u00f3gov\u00e9 pr\u00e1vne predpisy<\/strong>.<\/p>\n<h3 data-start=\"9395\" data-end=\"9443\"><strong data-start=\"9399\" data-end=\"9443\">3. Ako mo\u017eno bezpe\u010dne manipulova\u0165 s MXPr?<\/strong><\/h3>\n<p data-start=\"9444\" data-end=\"9548\">Iba <strong data-start=\"9451\" data-end=\"9491\">kvalifikovan\u00fd laborat\u00f3rny person\u00e1l<\/strong> m\u00f4\u017ee manipulova\u0165 s MXPr s n\u00e1le\u017eit\u00fdmi ochrann\u00fdmi opatreniami.<\/p>","protected":false},"excerpt":{"rendered":"<h3><span style=\"vertical-align: inherit;\"><span style=\"vertical-align: inherit;\"><span dir=\"auto\" style=\"vertical-align: inherit;\"><span dir=\"auto\" style=\"vertical-align: inherit;\">MXPr properties<\/span><\/span><\/span><\/span><\/h3>\n<p><strong><span style=\"vertical-align: inherit;\"><span style=\"vertical-align: inherit;\"><span dir=\"auto\" style=\"vertical-align: inherit;\"><span dir=\"auto\" style=\"vertical-align: inherit;\">Synonym:<\/span><\/span><\/span><\/span><\/strong><span style=\"vertical-align: inherit;\"><span style=\"vertical-align: inherit;\"><span dir=\"auto\" style=\"vertical-align: inherit;\"><span dir=\"auto\" style=\"vertical-align: inherit;\"> 3-MeO-2\u2032-oxo-PCPr, methoxpropamine <\/span><\/span><\/span><\/span><br \/>\n<strong><span style=\"vertical-align: inherit;\"><span style=\"vertical-align: inherit;\"><span dir=\"auto\" style=\"vertical-align: inherit;\"><span dir=\"auto\" style=\"vertical-align: inherit;\">CAS Number:<\/span><\/span><\/span><\/span><\/strong><span style=\"vertical-align: inherit;\"><span style=\"vertical-align: inherit;\"><span dir=\"auto\" style=\"vertical-align: inherit;\"><span dir=\"auto\" style=\"vertical-align: inherit;\"> 2504100-71-2 <\/span><\/span><\/span><\/span><br \/>\n<strong><span style=\"vertical-align: inherit;\"><span style=\"vertical-align: inherit;\"><span dir=\"auto\" style=\"vertical-align: inherit;\"><span dir=\"auto\" style=\"vertical-align: inherit;\">Formula:<\/span><\/span><\/span><\/span><\/strong><span style=\"vertical-align: inherit;\"><span style=\"vertical-align: inherit;\"><span dir=\"auto\" style=\"vertical-align: inherit;\"><span dir=\"auto\" style=\"vertical-align: inherit;\"> 2-(propylamino)-2-(3-methoxyphenyl)-cyclohexanone <\/span><\/span><\/span><\/span><br \/>\n<strong><span style=\"vertical-align: inherit;\"><span style=\"vertical-align: inherit;\"><span dir=\"auto\" style=\"vertical-align: inherit;\"><span dir=\"auto\" style=\"vertical-align: inherit;\">Molar Mass:<\/span><\/span><\/span><\/span><\/strong><span style=\"vertical-align: inherit;\"><span style=\"vertical-align: inherit;\"><span dir=\"auto\" style=\"vertical-align: inherit;\"><span dir=\"auto\" style=\"vertical-align: inherit;\"> 297.88 g\/mol <\/span><\/span><\/span><\/span><br \/>\n<strong><span style=\"vertical-align: inherit;\"><span style=\"vertical-align: inherit;\"><span dir=\"auto\" style=\"vertical-align: inherit;\"><span dir=\"auto\" style=\"vertical-align: inherit;\">Purity:<\/span><\/span><\/span><\/span><\/strong><span style=\"vertical-align: inherit;\"><span style=\"vertical-align: inherit;\"><span dir=\"auto\" style=\"vertical-align: inherit;\"><span dir=\"auto\" style=\"vertical-align: inherit;\"> &gt;97%<\/span><\/span><\/span><\/span><\/p>","protected":false},"featured_media":20370,"comment_status":"closed","ping_status":"closed","template":"","meta":[],"product_brand":[79],"product_cat":[154,182],"product_tag":[183,184,185,78],"class_list":{"0":"post-18048","1":"product","2":"type-product","3":"status-publish","4":"has-post-thumbnail","6":"product_brand-research-chemical","7":"product_cat-arylcyclohexylamines","8":"product_cat-mxpr","9":"product_tag-mxp","10":"product_tag-mxpr","11":"product_tag-mxpr-kopen","12":"product_tag-nl","14":"first","15":"instock","16":"shipping-taxable","17":"purchasable","18":"product-type-variable"},"_links":{"self":[{"href":"https:\/\/researchchemicalsweb.com\/sk\/wp-json\/wp\/v2\/product\/18048","targetHints":{"allow":["GET"]}}],"collection":[{"href":"https:\/\/researchchemicalsweb.com\/sk\/wp-json\/wp\/v2\/product"}],"about":[{"href":"https:\/\/researchchemicalsweb.com\/sk\/wp-json\/wp\/v2\/types\/product"}],"replies":[{"embeddable":true,"href":"https:\/\/researchchemicalsweb.com\/sk\/wp-json\/wp\/v2\/comments?post=18048"}],"version-history":[{"count":1,"href":"https:\/\/researchchemicalsweb.com\/sk\/wp-json\/wp\/v2\/product\/18048\/revisions"}],"predecessor-version":[{"id":18104,"href":"https:\/\/researchchemicalsweb.com\/sk\/wp-json\/wp\/v2\/product\/18048\/revisions\/18104"}],"wp:featuredmedia":[{"embeddable":true,"href":"https:\/\/researchchemicalsweb.com\/sk\/wp-json\/wp\/v2\/media\/20370"}],"wp:attachment":[{"href":"https:\/\/researchchemicalsweb.com\/sk\/wp-json\/wp\/v2\/media?parent=18048"}],"wp:term":[{"taxonomy":"product_brand","embeddable":true,"href":"https:\/\/researchchemicalsweb.com\/sk\/wp-json\/wp\/v2\/product_brand?post=18048"},{"taxonomy":"product_cat","embeddable":true,"href":"https:\/\/researchchemicalsweb.com\/sk\/wp-json\/wp\/v2\/product_cat?post=18048"},{"taxonomy":"product_tag","embeddable":true,"href":"https:\/\/researchchemicalsweb.com\/sk\/wp-json\/wp\/v2\/product_tag?post=18048"}],"curies":[{"name":"wp","href":"https:\/\/api.w.org\/{rel}","templated":true}]}}