{"id":18044,"date":"2025-12-16T20:28:07","date_gmt":"2025-12-16T20:28:07","guid":{"rendered":"https:\/\/researchchemicalsweb.com\/?post_type=product&#038;p=18044"},"modified":"2026-02-17T14:28:05","modified_gmt":"2026-02-17T14:28:05","slug":"dmxe-deoxymethoxetamine","status":"publish","type":"product","link":"https:\/\/researchchemicalsweb.com\/sk\/produkt\/dmxe-deoxymethoxetamine\/","title":{"rendered":"DMXE (deoxymetoxetam\u00edn)"},"content":{"rendered":"<h1>DMXE (Deoxymethoxetamine) \u2013 Gedetailleerde Informatie voor Onderzoeksdoeleinden<\/h1>\n<p data-start=\"6776\" data-end=\"7081\"><strong data-start=\"6776\" data-end=\"6784\">DMXE<\/strong>, voluit <strong data-start=\"6793\" data-end=\"6815\">Deoxymethoxetamine<\/strong>, je <strong data-start=\"6824\" data-end=\"6852\">disociat\u00edvne spojenie<\/strong> z <strong data-start=\"6860\" data-end=\"6889\">arylcyclohexylamineklasse<\/strong>, structureel verwant aan <strong data-start=\"6915\" data-end=\"6927\">Ketam\u00edn<\/strong> a <strong data-start=\"6931\" data-end=\"6954\">Metoxetam\u00edn (MXE)<\/strong>. <span class=\"___SBox_epc1q-ko_ ___SText_zko9t-ko_\" data-ui-name=\"Link.Text\">5-mapb<\/span><br data-start=\"6955\" data-end=\"6958\" \/>Het heeft <strong data-start=\"6968\" data-end=\"6996\">\u017eiadne lek\u00e1rske pou\u017eitie<\/strong> en wordt uitsluitend bestudeerd in <strong data-start=\"7032\" data-end=\"7078\">forenzn\u00e9 a farmakologick\u00e9 laborat\u00f3ri\u00e1<\/strong>.<\/p>\n<p data-start=\"7083\" data-end=\"7257\">Onderzoekers richten zich op de <strong data-start=\"7115\" data-end=\"7138\">chemische structuur<\/strong>, <strong data-start=\"7140\" data-end=\"7162\">receptorinteractie<\/strong> a <strong data-start=\"7166\" data-end=\"7190\">analytische detectie<\/strong> van DMXE binnen de context van nieuwe psychoactieve stoffen (NPS).<\/p>\n<hr data-start=\"7259\" data-end=\"7262\" \/>\n<h2 data-start=\"7264\" data-end=\"7311\"><strong data-start=\"7267\" data-end=\"7311\">Chemick\u00e9 a farmakologick\u00e9 pozadie<\/strong><\/h2>\n<p data-start=\"7313\" data-end=\"7338\"><strong data-start=\"7313\" data-end=\"7338\">D\u00f4le\u017eit\u00e9 \u00fadaje:<\/strong><\/p>\n<ul data-start=\"7339\" data-end=\"7591\">\n<li data-start=\"7339\" data-end=\"7404\">\n<p data-start=\"7341\" data-end=\"7404\"><strong data-start=\"7341\" data-end=\"7356\">N\u00e1zov IUPAC:<\/strong> 2-(ethylamino)-2-(3-methoxyfenyl)cyclohexanon<\/p>\n<\/li>\n<li data-start=\"7405\" data-end=\"7439\">\n<p data-start=\"7407\" data-end=\"7439\"><strong data-start=\"7407\" data-end=\"7427\">Molekulov\u00fd vzorec:<\/strong> C15H23NO2<\/p>\n<\/li>\n<li data-start=\"7440\" data-end=\"7476\">\n<p data-start=\"7442\" data-end=\"7476\"><strong data-start=\"7442\" data-end=\"7460\">Molekulov\u00e1 hmotnos\u0165:<\/strong> \u00b1249,35 g\/mol<\/p>\n<\/li>\n<li data-start=\"7477\" data-end=\"7523\">\n<p data-start=\"7479\" data-end=\"7523\"><strong data-start=\"7479\" data-end=\"7500\">Chemick\u00e1 trieda:<\/strong> Arylcyclohexylaminen<\/p>\n<\/li>\n<li data-start=\"7524\" data-end=\"7591\">\n<p data-start=\"7526\" data-end=\"7591\"><strong data-start=\"7526\" data-end=\"7546\">Prev\u00e1dzka receptora:<\/strong> NMDA-receptorantagonist (niet-competitief)<\/p>\n<\/li>\n<\/ul>\n<p data-start=\"7593\" data-end=\"7737\">Het ontbreken van een methoxy-groep maakt DMXE een interessant onderwerp voor <strong data-start=\"7671\" data-end=\"7709\">structureel vergelijkend onderzoek<\/strong> met MXE en andere analogen.<\/p>\n<hr data-start=\"7739\" data-end=\"7742\" \/>\n<h2 data-start=\"7744\" data-end=\"7771\"><strong data-start=\"7747\" data-end=\"7771\">V\u00fdskumn\u00e9 \u00fa\u010dely<\/strong><\/h2>\n<p data-start=\"7773\" data-end=\"7800\">DMXE wordt onderzocht voor:<\/p>\n<ul data-start=\"7801\" data-end=\"8120\">\n<li data-start=\"7801\" data-end=\"7881\">\n<p data-start=\"7803\" data-end=\"7881\"><strong data-start=\"7803\" data-end=\"7831\">Forenzn\u00e1 toxikol\u00f3gia:<\/strong> identificatie van nieuwe dissociatieve stoffen.<\/p>\n<\/li>\n<li data-start=\"7882\" data-end=\"7959\">\n<p data-start=\"7884\" data-end=\"7959\"><strong data-start=\"7884\" data-end=\"7907\">Analytische chemie:<\/strong> validatie van chromatografische detectiemethoden.<\/p>\n<\/li>\n<li data-start=\"7960\" data-end=\"8034\">\n<p data-start=\"7962\" data-end=\"8034\"><strong data-start=\"7962\" data-end=\"7991\">Farmakologick\u00fd v\u00fdskum:<\/strong> bestuderen van NMDA-receptorinteracties.<\/p>\n<\/li>\n<li data-start=\"8035\" data-end=\"8120\">\n<p data-start=\"8037\" data-end=\"8120\"><strong data-start=\"8037\" data-end=\"8067\">Volksgezondheidsonderzoek:<\/strong> monitoring van nieuwe psychoactieve stoffen (NPS).<\/p>\n<\/li>\n<\/ul>\n<hr data-start=\"8122\" data-end=\"8125\" \/>\n<h2 data-start=\"8127\" data-end=\"8171\"><strong data-start=\"8130\" data-end=\"8171\">Bezpe\u010dnostn\u00e9 a pr\u00e1vne aspekty<\/strong><\/h2>\n<p data-start=\"8173\" data-end=\"8408\"><strong data-start=\"8173\" data-end=\"8188\">Bezpe\u010dnos\u0165:<\/strong><br data-start=\"8188\" data-end=\"8191\" \/>DMXE moet uitsluitend worden gehanteerd door <strong data-start=\"8236\" data-end=\"8262\">getrainde onderzoekers<\/strong> in <strong data-start=\"8266\" data-end=\"8290\">vergunde laboratoria<\/strong>.<br data-start=\"8291\" data-end=\"8294\" \/>Pou\u017eite <strong data-start=\"8302\" data-end=\"8362\">beschermende kleding, handschoenen en veiligheidsbrillen<\/strong>, en vermijd blootstelling aan dampen of stof.<\/p>\n<p data-start=\"8410\" data-end=\"8570\"><strong data-start=\"8410\" data-end=\"8432\">Pr\u00e1vny status:<\/strong><br data-start=\"8432\" data-end=\"8435\" \/>In veel landen is DMXE een <strong data-start=\"8462\" data-end=\"8495\">kontrolovan\u00e9 alebo zak\u00e1zan\u00e9 l\u00e1tky<\/strong>. Gebruik, bezit of verkoop buiten onderzoeksdoeleinden is <strong data-start=\"8554\" data-end=\"8567\">trestn\u00e9<\/strong>.<\/p>\n<hr data-start=\"8572\" data-end=\"8575\" \/>\n<h2 data-start=\"8577\" data-end=\"8611\"><strong data-start=\"8580\" data-end=\"8611\">\u010casto kladen\u00e9 ot\u00e1zky (FAQ)<\/strong><\/h2>\n<h3 data-start=\"8613\" data-end=\"8655\"><strong data-start=\"8617\" data-end=\"8655\">1. Waarvoor wordt DMXE onderzocht?<\/strong><\/h3>\n<p data-start=\"8656\" data-end=\"8755\">DMXE wordt gebruikt voor <strong data-start=\"8681\" data-end=\"8723\">forenzn\u00e9 a farmakologick\u00e9 vy\u0161etrovanie<\/strong> naar NMDA-receptorantagonisten.<\/p>\n<h3 data-start=\"8757\" data-end=\"8783\"><strong data-start=\"8761\" data-end=\"8783\">2. Is DMXE legaal?<\/strong><\/h3>\n<p data-start=\"8784\" data-end=\"8893\">In de meeste landen valt DMXE onder de <strong data-start=\"8823\" data-end=\"8864\">pr\u00e1vne predpisy o kontrolovan\u00fdch l\u00e1tkach<\/strong> \u010ci <strong data-start=\"8871\" data-end=\"8892\">anal\u00f3gov\u00e9 pr\u00e1vne predpisy<\/strong>.<\/p>\n<h3 data-start=\"8895\" data-end=\"8945\"><strong data-start=\"8899\" data-end=\"8945\">3. Hoe moet DMXE veilig worden gehanteerd?<\/strong><\/h3>\n<p data-start=\"8946\" data-end=\"9094\">Iba <strong data-start=\"8953\" data-end=\"8983\">profesion\u00e1lni v\u00fdskumn\u00edci<\/strong> mogen DMXE hanteren met <strong data-start=\"9008\" data-end=\"9043\">passende veiligheidsmaatregelen<\/strong> en binnen een gecontroleerde laboratoriumomgeving.<\/p>","protected":false},"excerpt":{"rendered":"<h3>DMXE eigenschappen<\/h3>\n<p><strong>Synoniem:<\/strong> Deoxymethoxetamine<br \/>\n<strong>CAS Nummer:<\/strong> 2666932-45-0<br \/>\n<strong>Formule:<\/strong> <span title=\"Carbon\">C<\/span><sub>15<\/sub><span title=\"Hydrogen\">H<\/span><sub>21<\/sub><span title=\"Nitrogen\">N<\/span><span title=\"Oxygen\">O<\/span><br \/>\n<strong>Molmassa:<\/strong> 267,8 g\/mol<br \/>\n<strong>Zuiverheid:<\/strong> &gt;98%<\/p>","protected":false},"featured_media":20312,"comment_status":"closed","ping_status":"closed","template":"","meta":[],"product_brand":[79],"product_cat":[154,178,82],"product_tag":[179,180,181,78],"class_list":{"0":"post-18044","1":"product","2":"type-product","3":"status-publish","4":"has-post-thumbnail","6":"product_brand-research-chemical","7":"product_cat-arylcyclohexylamines","8":"product_cat-dmxe","9":"product_cat-sale","10":"product_tag-dmxe","11":"product_tag-dmxe-ervaring","12":"product_tag-dmxe-psychonaut","13":"product_tag-nl","15":"first","16":"instock","17":"sale","18":"shipping-taxable","19":"purchasable","20":"product-type-variable"},"_links":{"self":[{"href":"https:\/\/researchchemicalsweb.com\/sk\/wp-json\/wp\/v2\/product\/18044","targetHints":{"allow":["GET"]}}],"collection":[{"href":"https:\/\/researchchemicalsweb.com\/sk\/wp-json\/wp\/v2\/product"}],"about":[{"href":"https:\/\/researchchemicalsweb.com\/sk\/wp-json\/wp\/v2\/types\/product"}],"replies":[{"embeddable":true,"href":"https:\/\/researchchemicalsweb.com\/sk\/wp-json\/wp\/v2\/comments?post=18044"}],"version-history":[{"count":1,"href":"https:\/\/researchchemicalsweb.com\/sk\/wp-json\/wp\/v2\/product\/18044\/revisions"}],"predecessor-version":[{"id":18103,"href":"https:\/\/researchchemicalsweb.com\/sk\/wp-json\/wp\/v2\/product\/18044\/revisions\/18103"}],"wp:featuredmedia":[{"embeddable":true,"href":"https:\/\/researchchemicalsweb.com\/sk\/wp-json\/wp\/v2\/media\/20312"}],"wp:attachment":[{"href":"https:\/\/researchchemicalsweb.com\/sk\/wp-json\/wp\/v2\/media?parent=18044"}],"wp:term":[{"taxonomy":"product_brand","embeddable":true,"href":"https:\/\/researchchemicalsweb.com\/sk\/wp-json\/wp\/v2\/product_brand?post=18044"},{"taxonomy":"product_cat","embeddable":true,"href":"https:\/\/researchchemicalsweb.com\/sk\/wp-json\/wp\/v2\/product_cat?post=18044"},{"taxonomy":"product_tag","embeddable":true,"href":"https:\/\/researchchemicalsweb.com\/sk\/wp-json\/wp\/v2\/product_tag?post=18044"}],"curies":[{"name":"wp","href":"https:\/\/api.w.org\/{rel}","templated":true}]}}