{"id":18021,"date":"2025-12-16T20:27:39","date_gmt":"2025-12-16T20:27:39","guid":{"rendered":"https:\/\/researchchemicalsweb.com\/?post_type=product&#038;p=18021"},"modified":"2026-02-18T06:48:16","modified_gmt":"2026-02-18T06:48:16","slug":"3-mec","status":"publish","type":"product","link":"https:\/\/researchchemicalsweb.com\/sk\/produkt\/3-mec\/","title":{"rendered":"3-MEC"},"content":{"rendered":"<h1><strong>3 MEC (3-metylkatin\u00f3n) - V\u00fdskumn\u00e1 chemick\u00e1 zl\u00fa\u010denina katin\u00f3nu<\/strong><\/h1>\n<p data-start=\"6982\" data-end=\"7210\"><strong data-start=\"6982\" data-end=\"6991\">3-MEC<\/strong>, alebo <strong data-start=\"6996\" data-end=\"7019\">3-etylmetkatin\u00f3n<\/strong>, je <strong data-start=\"7028\" data-end=\"7062\">syntetick\u00fd stimulant<\/strong> z <strong data-start=\"7070\" data-end=\"7088\">Katin\u00f3nov\u00e1 trieda<\/strong>.<br data-start=\"7089\" data-end=\"7092\" \/>Je \u0161truktur\u00e1lne pr\u00edbuzn\u00fd <strong data-start=\"7123\" data-end=\"7132\">3-MMC<\/strong> a <strong data-start=\"7136\" data-end=\"7150\">mefedr\u00f3n<\/strong>, s <strong data-start=\"7160\" data-end=\"7190\">etylov\u00e1 skupina v polohe 3<\/strong> fenylov\u00e9ho kruhu. 3 mec<\/p>\n<p data-start=\"7212\" data-end=\"7337\">Sk\u00fama sa v\u00fdlu\u010dne v r\u00e1mci <strong data-start=\"7252\" data-end=\"7298\">forenzn\u00e9 a farmakologick\u00e9 laborat\u00f3ri\u00e1<\/strong> a m\u00e1 <strong data-start=\"7308\" data-end=\"7336\">\u017eiadne lek\u00e1rske pou\u017eitie<\/strong>.<\/p>\n<hr data-start=\"7339\" data-end=\"7342\" \/>\n<h2 data-start=\"7344\" data-end=\"7391\"><strong data-start=\"7347\" data-end=\"7391\">Chemick\u00e9 a farmakologick\u00e9 pozadie<\/strong><\/h2>\n<p data-start=\"7393\" data-end=\"7418\"><strong data-start=\"7393\" data-end=\"7418\">D\u00f4le\u017eit\u00e9 \u00fadaje:<\/strong><\/p>\n<ul data-start=\"7419\" data-end=\"7696\">\n<li data-start=\"7419\" data-end=\"7482\">\n<p data-start=\"7421\" data-end=\"7482\"><strong data-start=\"7421\" data-end=\"7436\">N\u00e1zov IUPAC:<\/strong> 1-(3-etylfenyl)-2-(metylamino)prop\u00e1n-1-\u00f3n<\/p>\n<\/li>\n<li data-start=\"7483\" data-end=\"7516\">\n<p data-start=\"7485\" data-end=\"7516\"><strong data-start=\"7485\" data-end=\"7505\">Molekulov\u00fd vzorec:<\/strong> C12H17NO<\/p>\n<\/li>\n<li data-start=\"7517\" data-end=\"7553\">\n<p data-start=\"7519\" data-end=\"7553\"><strong data-start=\"7519\" data-end=\"7537\">Molekulov\u00e1 hmotnos\u0165:<\/strong> \u00b1191,27 g\/mol<\/p>\n<\/li>\n<li data-start=\"7554\" data-end=\"7606\">\n<p data-start=\"7556\" data-end=\"7606\"><strong data-start=\"7556\" data-end=\"7577\">Chemick\u00e1 trieda:<\/strong> Substituovan\u00e9 katin\u00f3ny<\/p>\n<\/li>\n<li data-start=\"7607\" data-end=\"7696\">\n<p data-start=\"7609\" data-end=\"7696\"><strong data-start=\"7609\" data-end=\"7629\">Prev\u00e1dzka receptora:<\/strong> Ovplyv\u0148uje transport\u00e9ry dopam\u00ednu, seroton\u00ednu a noradrenal\u00ednu.<\/p>\n<\/li>\n<\/ul>\n<p data-start=\"7698\" data-end=\"7835\">Str\u00e1nka <strong data-start=\"7701\" data-end=\"7721\">substit\u00facia etylom<\/strong> ovplyv\u0148uje v\u00e4zbu na receptory a metabolick\u00fa stabilitu, \u010do je d\u00f4le\u017eit\u00e9 pre <strong data-start=\"7802\" data-end=\"7834\">\u0161trukt\u00fara-\u010dinnos\u0165-v\u00fdskum<\/strong>.<\/p>\n<hr data-start=\"7837\" data-end=\"7840\" \/>\n<h2 data-start=\"7842\" data-end=\"7869\"><strong data-start=\"7845\" data-end=\"7869\">V\u00fdskumn\u00e9 \u00fa\u010dely<\/strong><\/h2>\n<p data-start=\"7871\" data-end=\"7899\">3-MEC sa sk\u00fama pre:<\/p>\n<ul data-start=\"7900\" data-end=\"8230\">\n<li data-start=\"7900\" data-end=\"7957\">\n<p data-start=\"7902\" data-end=\"7957\"><strong data-start=\"7902\" data-end=\"7927\">Analytick\u00e1 detekcia:<\/strong> GC-MS, LC-MS, FTIR a NMR.<\/p>\n<\/li>\n<li data-start=\"7958\" data-end=\"8050\">\n<p data-start=\"7960\" data-end=\"8050\"><strong data-start=\"7960\" data-end=\"7988\">Forenzn\u00e1 toxikol\u00f3gia:<\/strong> identifik\u00e1cia v biologick\u00fdch a zaisten\u00fdch vzork\u00e1ch.<\/p>\n<\/li>\n<li data-start=\"8051\" data-end=\"8142\">\n<p data-start=\"8053\" data-end=\"8142\"><strong data-start=\"8053\" data-end=\"8082\">Farmakologick\u00fd v\u00fdskum:<\/strong> \u0160t\u00fadium funkcie neurotransmiterov a aktivity receptorov.<\/p>\n<\/li>\n<li data-start=\"8143\" data-end=\"8230\">\n<p data-start=\"8145\" data-end=\"8230\"><strong data-start=\"8145\" data-end=\"8165\">Verejn\u00e9 zdravie:<\/strong> Podporn\u00e9 v\u00fdstra\u017en\u00e9 syst\u00e9my pre stimuly NPS.<\/p>\n<\/li>\n<\/ul>\n<hr data-start=\"8232\" data-end=\"8235\" \/>\n<h2 data-start=\"8237\" data-end=\"8281\"><strong data-start=\"8240\" data-end=\"8281\">Bezpe\u010dnostn\u00e9 a pr\u00e1vne aspekty<\/strong><\/h2>\n<p data-start=\"8283\" data-end=\"8479\"><strong data-start=\"8283\" data-end=\"8298\">Bezpe\u010dnos\u0165:<\/strong><br data-start=\"8298\" data-end=\"8301\" \/>Sprac\u00fava iba <strong data-start=\"8322\" data-end=\"8354\">kvalifikovan\u00ed v\u00fdskumn\u00edci<\/strong> pomocou <strong data-start=\"8371\" data-end=\"8416\">osobn\u00e9 ochrann\u00e9 prostriedky (OOP)<\/strong>.<br data-start=\"8417\" data-end=\"8420\" \/>Vyhnite sa kontaktu a pr\u00e1ci v <strong data-start=\"8451\" data-end=\"8476\">vetracie prostredie<\/strong>.<\/p>\n<p data-start=\"8481\" data-end=\"8663\"><strong data-start=\"8481\" data-end=\"8503\">Pr\u00e1vny status:<\/strong><br data-start=\"8503\" data-end=\"8506\" \/>3-MEC je vo v\u00e4\u010d\u0161ine kraj\u00edn <strong data-start=\"8535\" data-end=\"8562\">zak\u00e1zan\u00e9 alebo regulovan\u00e9<\/strong> medzi <strong data-start=\"8572\" data-end=\"8606\">pr\u00e1vne predpisy o psychoakt\u00edvnych l\u00e1tkach<\/strong>.<br data-start=\"8607\" data-end=\"8610\" \/>Pou\u017eitie mimo v\u00fdskumn\u00fdch \u00fa\u010delov je <strong data-start=\"8649\" data-end=\"8662\">trestn\u00e9<\/strong>.<\/p>\n<hr data-start=\"8665\" data-end=\"8668\" \/>\n<h2 data-start=\"8670\" data-end=\"8704\"><strong data-start=\"8673\" data-end=\"8704\">\u010casto kladen\u00e9 ot\u00e1zky (FAQ)<\/strong><\/h2>\n<h3 data-start=\"8706\" data-end=\"8749\"><strong data-start=\"8710\" data-end=\"8749\">1. Na \u010do sa sk\u00fama 3-MEC?<\/strong><\/h3>\n<p data-start=\"8750\" data-end=\"8836\">Pre <strong data-start=\"8755\" data-end=\"8809\">forenzn\u00fd, analytick\u00fd a farmakologick\u00fd v\u00fdskum<\/strong> Na zl\u00fa\u010deniny katin\u00f3nu.<\/p>\n<h3 data-start=\"8838\" data-end=\"8865\"><strong data-start=\"8842\" data-end=\"8865\">2. Je 3-MEC leg\u00e1lny?<\/strong><\/h3>\n<p data-start=\"8866\" data-end=\"8928\">Nie, 3-MEC je vo v\u00e4\u010d\u0161ine kraj\u00edn <strong data-start=\"8900\" data-end=\"8927\">regulovan\u00e9 alebo zak\u00e1zan\u00e9<\/strong>.<\/p>\n<h3 data-start=\"8930\" data-end=\"8981\"><strong data-start=\"8934\" data-end=\"8981\">3. Ako by sa malo bezpe\u010dne zaobch\u00e1dza\u0165 s 3-MEC?<\/strong><\/h3>\n<p data-start=\"8982\" data-end=\"9093\">Iba prostredn\u00edctvom <strong data-start=\"8994\" data-end=\"9024\">profesion\u00e1lni v\u00fdskumn\u00edci<\/strong> v kontrolovan\u00fdch laborat\u00f3ri\u00e1ch s riadnym <strong data-start=\"9066\" data-end=\"9092\">bezpe\u010dnostn\u00e9 protokoly<\/strong>.<\/p>\n<hr data-start=\"9095\" data-end=\"9098\" \/>\n<h2 data-start=\"9100\" data-end=\"9116\"><strong data-start=\"9103\" data-end=\"9116\">Z\u00e1ver<\/strong><\/h2>\n<p data-start=\"9118\" data-end=\"9356\"><em data-start=\"9118\" data-end=\"9147\">3-MEC (3-etylmetkatin\u00f3n)<\/em> je d\u00f4le\u017eit\u00fdm predmetom v\u00fdskumu v r\u00e1mci <strong data-start=\"9193\" data-end=\"9214\">neurofarmakol\u00f3gia<\/strong> a <strong data-start=\"9218\" data-end=\"9240\">forenzn\u00e1 ch\u00e9mia<\/strong>.<br data-start=\"9241\" data-end=\"9244\" \/>Pom\u00e1ha vedcom pochopi\u0165, ako <strong data-start=\"9286\" data-end=\"9306\">substit\u00facia etylom<\/strong> ovplyv\u0148uje \u00fa\u010dinok stimulantov. <a href=\"https:\/\/researchchemicalsweb.com\/sk\/shop\/lysergamides\/1cp-lsd\/\">1cp LSD<\/a><\/p>","protected":false},"excerpt":{"rendered":"<h2>3-MEC eigenschappen<\/h2>\n<p><strong>Synoniem<\/strong>: 2-(ethylamino)-1-(m-tolyl)propaan-1-on<br \/>\n<strong>CAS Nummer<\/strong>: 22198-75-0<br \/>\n<strong>Formule<\/strong>: C12H17NO \u2022 HCL<br \/>\n<strong>Molmassa<\/strong>: 227,7 g\/mol<br \/>\n<strong>\u010cistota<\/strong>: \u226598%<\/p>","protected":false},"featured_media":20208,"comment_status":"closed","ping_status":"closed","template":"","meta":[],"product_brand":[79],"product_cat":[115,111],"product_tag":[116,78],"class_list":{"0":"post-18021","1":"product","2":"type-product","3":"status-publish","4":"has-post-thumbnail","6":"product_brand-research-chemical","7":"product_cat-3-mec","8":"product_cat-cathinonen","9":"product_tag-3-mec","10":"product_tag-nl","12":"first","13":"instock","14":"shipping-taxable","15":"purchasable","16":"product-type-variable"},"_links":{"self":[{"href":"https:\/\/researchchemicalsweb.com\/sk\/wp-json\/wp\/v2\/product\/18021","targetHints":{"allow":["GET"]}}],"collection":[{"href":"https:\/\/researchchemicalsweb.com\/sk\/wp-json\/wp\/v2\/product"}],"about":[{"href":"https:\/\/researchchemicalsweb.com\/sk\/wp-json\/wp\/v2\/types\/product"}],"replies":[{"embeddable":true,"href":"https:\/\/researchchemicalsweb.com\/sk\/wp-json\/wp\/v2\/comments?post=18021"}],"version-history":[{"count":1,"href":"https:\/\/researchchemicalsweb.com\/sk\/wp-json\/wp\/v2\/product\/18021\/revisions"}],"predecessor-version":[{"id":18062,"href":"https:\/\/researchchemicalsweb.com\/sk\/wp-json\/wp\/v2\/product\/18021\/revisions\/18062"}],"wp:featuredmedia":[{"embeddable":true,"href":"https:\/\/researchchemicalsweb.com\/sk\/wp-json\/wp\/v2\/media\/20208"}],"wp:attachment":[{"href":"https:\/\/researchchemicalsweb.com\/sk\/wp-json\/wp\/v2\/media?parent=18021"}],"wp:term":[{"taxonomy":"product_brand","embeddable":true,"href":"https:\/\/researchchemicalsweb.com\/sk\/wp-json\/wp\/v2\/product_brand?post=18021"},{"taxonomy":"product_cat","embeddable":true,"href":"https:\/\/researchchemicalsweb.com\/sk\/wp-json\/wp\/v2\/product_cat?post=18021"},{"taxonomy":"product_tag","embeddable":true,"href":"https:\/\/researchchemicalsweb.com\/sk\/wp-json\/wp\/v2\/product_tag?post=18021"}],"curies":[{"name":"wp","href":"https:\/\/api.w.org\/{rel}","templated":true}]}}