{"id":18015,"date":"2025-12-16T20:27:39","date_gmt":"2025-12-16T20:27:39","guid":{"rendered":"https:\/\/researchchemicalsweb.com\/?post_type=product&#038;p=18015"},"modified":"2026-02-18T06:49:26","modified_gmt":"2026-02-18T06:49:26","slug":"3-fpm-3-fluorophenmetrazine","status":"publish","type":"product","link":"https:\/\/researchchemicalsweb.com\/sk\/produkt\/3-fpm-3-fluorophenmetrazine\/","title":{"rendered":"3-FPM (3-flu\u00f3rf\u00e9nmetraz\u00edn)"},"content":{"rendered":"<p data-start=\"7186\" data-end=\"7493\"><strong data-start=\"7186\" data-end=\"7195\">3-FPM<\/strong>, alebo <strong data-start=\"7200\" data-end=\"7223\">3-Fluorfenmetrazine<\/strong>, je <strong data-start=\"7232\" data-end=\"7266\">syntetick\u00fd stimulant<\/strong> z <strong data-start=\"7274\" data-end=\"7293\">morfolineklasse<\/strong>, verwant aan <strong data-start=\"7307\" data-end=\"7324\">phenmetrazine<\/strong>.<br data-start=\"7325\" data-end=\"7328\" \/>Het wordt onderzocht binnen <strong data-start=\"7356\" data-end=\"7402\">forenzn\u00e9 a farmakologick\u00e9 laborat\u00f3ri\u00e1<\/strong> vanwege de structurele overeenkomsten met andere <strong data-start=\"7452\" data-end=\"7490\">nieuwe psychoactieve stoffen (NPS)<\/strong>. <span class=\"___SBox_epc1q-ko_ ___SText_zko9t-ko_\" data-ui-name=\"Link.Text\">3 fpm kopen<\/span><\/p>\n<p data-start=\"7495\" data-end=\"7602\">3-FPM heeft <strong data-start=\"7507\" data-end=\"7535\">\u017eiadne lek\u00e1rske pou\u017eitie<\/strong> en wordt uitsluitend gebruikt voor <strong data-start=\"7571\" data-end=\"7601\">wetenschappelijk onderzoek<\/strong>.<\/p>\n<hr data-start=\"7604\" data-end=\"7607\" \/>\n<h2 data-start=\"7609\" data-end=\"7656\"><strong data-start=\"7612\" data-end=\"7656\">Chemick\u00e9 a farmakologick\u00e9 pozadie<\/strong><\/h2>\n<p data-start=\"7658\" data-end=\"7683\"><strong data-start=\"7658\" data-end=\"7683\">D\u00f4le\u017eit\u00e9 \u00fadaje:<\/strong><\/p>\n<ul data-start=\"7684\" data-end=\"7988\">\n<li data-start=\"7684\" data-end=\"7738\">\n<p data-start=\"7686\" data-end=\"7738\"><strong data-start=\"7686\" data-end=\"7701\">N\u00e1zov IUPAC:<\/strong> 3-methyl-2-(3-fluorfenyl)morfoline<\/p>\n<\/li>\n<li data-start=\"7739\" data-end=\"7773\">\n<p data-start=\"7741\" data-end=\"7773\"><strong data-start=\"7741\" data-end=\"7761\">Molekulov\u00fd vzorec:<\/strong> C11H14FNO<\/p>\n<\/li>\n<li data-start=\"7774\" data-end=\"7810\">\n<p data-start=\"7776\" data-end=\"7810\"><strong data-start=\"7776\" data-end=\"7794\">Molekulov\u00e1 hmotnos\u0165:<\/strong> \u00b1195,23 g\/mol<\/p>\n<\/li>\n<li data-start=\"7811\" data-end=\"7880\">\n<p data-start=\"7813\" data-end=\"7880\"><strong data-start=\"7813\" data-end=\"7834\">Chemick\u00e1 trieda:<\/strong> Morfoline-derivaten \/ fenmetrazine-analogen<\/p>\n<\/li>\n<li data-start=\"7881\" data-end=\"7988\">\n<p data-start=\"7883\" data-end=\"7988\"><strong data-start=\"7883\" data-end=\"7903\">Prev\u00e1dzka receptora:<\/strong> Indirect sympathicomimeticum \u2014 be\u00efnvloedt dopamine- en noradrenaline-transporters.<\/p>\n<\/li>\n<\/ul>\n<p data-start=\"7990\" data-end=\"8160\">Str\u00e1nka <strong data-start=\"7993\" data-end=\"8013\">fluorsubstitutie<\/strong> verhoogt de stabiliteit en be\u00efnvloedt de neurotransmitterafgifte, wat het relevant maakt voor <strong data-start=\"8108\" data-end=\"8159\">structure\u2013activity relationship (SAR)-onderzoek<\/strong>.<\/p>\n<hr data-start=\"8162\" data-end=\"8165\" \/>\n<h2 data-start=\"8167\" data-end=\"8194\"><strong data-start=\"8170\" data-end=\"8194\">V\u00fdskumn\u00e9 \u00fa\u010dely<\/strong><\/h2>\n<p data-start=\"8196\" data-end=\"8226\">3-FPM wordt onderzocht voor:<\/p>\n<ul data-start=\"8227\" data-end=\"8540\">\n<li data-start=\"8227\" data-end=\"8287\">\n<p data-start=\"8229\" data-end=\"8287\"><strong data-start=\"8229\" data-end=\"8254\">Analytick\u00e1 detekcia:<\/strong> via GC-MS, LC-MS, FTIR en NMR.<\/p>\n<\/li>\n<li data-start=\"8288\" data-end=\"8359\">\n<p data-start=\"8290\" data-end=\"8359\"><strong data-start=\"8290\" data-end=\"8318\">Forenzn\u00e1 toxikol\u00f3gia:<\/strong> identificatie in biologische monsters.<\/p>\n<\/li>\n<li data-start=\"8360\" data-end=\"8452\">\n<p data-start=\"8362\" data-end=\"8452\"><strong data-start=\"8362\" data-end=\"8391\">Farmakologick\u00fd v\u00fdskum:<\/strong> studie naar neurotransmitterwerking en receptorinteractie.<\/p>\n<\/li>\n<li data-start=\"8453\" data-end=\"8540\">\n<p data-start=\"8455\" data-end=\"8540\"><strong data-start=\"8455\" data-end=\"8475\">Verejn\u00e9 zdravie:<\/strong> monitoring binnen waarschuwingssystemen voor stimulerende NPS.<\/p>\n<\/li>\n<\/ul>\n<hr data-start=\"8542\" data-end=\"8545\" \/>\n<h2 data-start=\"8547\" data-end=\"8591\"><strong data-start=\"8550\" data-end=\"8591\">Bezpe\u010dnostn\u00e9 a pr\u00e1vne aspekty<\/strong><\/h2>\n<p data-start=\"8593\" data-end=\"8610\"><strong data-start=\"8593\" data-end=\"8608\">Bezpe\u010dnos\u0165:<\/strong><\/p>\n<ul data-start=\"8611\" data-end=\"8786\">\n<li data-start=\"8611\" data-end=\"8697\">\n<p data-start=\"8613\" data-end=\"8697\">Sprac\u00fava iba <strong data-start=\"8634\" data-end=\"8666\">kvalifikovan\u00ed v\u00fdskumn\u00edci<\/strong> in <strong data-start=\"8670\" data-end=\"8694\">vergunde laboratoria<\/strong>.<\/p>\n<\/li>\n<li data-start=\"8698\" data-end=\"8752\">\n<p data-start=\"8700\" data-end=\"8752\">Pou\u017eite <strong data-start=\"8708\" data-end=\"8749\">handschoenen, bril en laboratoriumjas<\/strong>. <span class=\"___SBox_epc1q-ko_ ___SText_zko9t-ko_\" data-ui-name=\"Link.Text\">3 fpm kopen<\/span><\/p>\n<\/li>\n<li data-start=\"8753\" data-end=\"8786\">\n<p data-start=\"8755\" data-end=\"8786\">Vermijd contact of inademing.<\/p>\n<\/li>\n<\/ul>\n<p data-start=\"8788\" data-end=\"8986\"><strong data-start=\"8788\" data-end=\"8810\">Pr\u00e1vny status:<\/strong><br data-start=\"8810\" data-end=\"8813\" \/>3-FPM is in de meeste landen <strong data-start=\"8842\" data-end=\"8869\">regulovan\u00e9 alebo zak\u00e1zan\u00e9<\/strong> medzi <strong data-start=\"8879\" data-end=\"8891\">Z\u00e1kon o \u00f3piu<\/strong> of <strong data-start=\"8895\" data-end=\"8929\">pr\u00e1vne predpisy o psychoakt\u00edvnych l\u00e1tkach<\/strong>.<br data-start=\"8930\" data-end=\"8933\" \/>Pou\u017eitie mimo v\u00fdskumn\u00fdch \u00fa\u010delov je <strong data-start=\"8972\" data-end=\"8985\">trestn\u00e9<\/strong>.<\/p>\n<hr data-start=\"8988\" data-end=\"8991\" \/>\n<h2 data-start=\"8993\" data-end=\"9027\"><strong data-start=\"8996\" data-end=\"9027\">\u010casto kladen\u00e9 ot\u00e1zky (FAQ)<\/strong><\/h2>\n<h3 data-start=\"9029\" data-end=\"9072\"><strong data-start=\"9033\" data-end=\"9072\">1. Waarvoor wordt 3-FPM onderzocht?<\/strong><\/h3>\n<p data-start=\"9073\" data-end=\"9164\">Pre <strong data-start=\"9078\" data-end=\"9132\">forenzn\u00fd, analytick\u00fd a farmakologick\u00fd v\u00fdskum<\/strong> naar stimulerende verbindingen.<\/p>\n<h3 data-start=\"9166\" data-end=\"9193\"><strong data-start=\"9170\" data-end=\"9193\">2. Is 3-FPM legaal?<\/strong><\/h3>\n<p data-start=\"9194\" data-end=\"9256\">Nee, in de meeste landen is 3-FPM <strong data-start=\"9228\" data-end=\"9255\">regulovan\u00e9 alebo zak\u00e1zan\u00e9<\/strong>.<\/p>\n<h3 data-start=\"9258\" data-end=\"9309\"><strong data-start=\"9262\" data-end=\"9309\">3. Hoe moet 3-FPM veilig worden gehanteerd?<\/strong><\/h3>\n<p data-start=\"9310\" data-end=\"9424\">Iba prostredn\u00edctvom <strong data-start=\"9322\" data-end=\"9352\">profesion\u00e1lni v\u00fdskumn\u00edci<\/strong> in gecontroleerde laboratoria met geschikte <strong data-start=\"9397\" data-end=\"9423\">bezpe\u010dnostn\u00e9 protokoly<\/strong>.<\/p>\n<hr data-start=\"9426\" data-end=\"9429\" \/>\n<h2 data-start=\"9431\" data-end=\"9447\"><strong data-start=\"9434\" data-end=\"9447\">Z\u00e1ver<\/strong><\/h2>\n<p data-start=\"9449\" data-end=\"9678\"><em data-start=\"9449\" data-end=\"9478\">3-FPM (3-Fluorfenmetrazine)<\/em> je d\u00f4le\u017eit\u00fdm predmetom v\u00fdskumu v r\u00e1mci <strong data-start=\"9524\" data-end=\"9545\">neurofarmakol\u00f3gia<\/strong> a <strong data-start=\"9549\" data-end=\"9571\">forenzn\u00e1 ch\u00e9mia<\/strong>.<br data-start=\"9572\" data-end=\"9575\" \/>Het biedt waardevolle inzichten in <strong data-start=\"9610\" data-end=\"9637\">neurotransmitterafgifte<\/strong> a <strong data-start=\"9641\" data-end=\"9675\">moleculaire structuurvariaties<\/strong>.<\/p>","protected":false},"excerpt":{"rendered":"<p><span style=\"color: #ff6600;\"><strong><span dir=\"auto\" style=\"vertical-align: inherit;\"><span dir=\"auto\" style=\"vertical-align: inherit;\">Or are you looking for 3-FPM Pellets? &gt;&gt;<\/span><\/span><\/strong><\/span><\/p>","protected":false},"featured_media":20205,"comment_status":"closed","ping_status":"closed","template":"","meta":[],"product_brand":[79],"product_cat":[106,73,88],"product_tag":[107,108,109,78],"class_list":{"0":"post-18015","1":"product","2":"type-product","3":"status-publish","4":"has-post-thumbnail","6":"product_brand-research-chemical","7":"product_cat-3-fpm","8":"product_cat-bijna-verboden","9":"product_cat-gefluoreerden","10":"product_tag-3-fpm-kopen","11":"product_tag-3-fpm","12":"product_tag-fpm-3","13":"product_tag-nl","15":"first","16":"instock","17":"shipping-taxable","18":"purchasable","19":"product-type-variable"},"_links":{"self":[{"href":"https:\/\/researchchemicalsweb.com\/sk\/wp-json\/wp\/v2\/product\/18015","targetHints":{"allow":["GET"]}}],"collection":[{"href":"https:\/\/researchchemicalsweb.com\/sk\/wp-json\/wp\/v2\/product"}],"about":[{"href":"https:\/\/researchchemicalsweb.com\/sk\/wp-json\/wp\/v2\/types\/product"}],"replies":[{"embeddable":true,"href":"https:\/\/researchchemicalsweb.com\/sk\/wp-json\/wp\/v2\/comments?post=18015"}],"version-history":[{"count":1,"href":"https:\/\/researchchemicalsweb.com\/sk\/wp-json\/wp\/v2\/product\/18015\/revisions"}],"predecessor-version":[{"id":18051,"href":"https:\/\/researchchemicalsweb.com\/sk\/wp-json\/wp\/v2\/product\/18015\/revisions\/18051"}],"wp:featuredmedia":[{"embeddable":true,"href":"https:\/\/researchchemicalsweb.com\/sk\/wp-json\/wp\/v2\/media\/20205"}],"wp:attachment":[{"href":"https:\/\/researchchemicalsweb.com\/sk\/wp-json\/wp\/v2\/media?parent=18015"}],"wp:term":[{"taxonomy":"product_brand","embeddable":true,"href":"https:\/\/researchchemicalsweb.com\/sk\/wp-json\/wp\/v2\/product_brand?post=18015"},{"taxonomy":"product_cat","embeddable":true,"href":"https:\/\/researchchemicalsweb.com\/sk\/wp-json\/wp\/v2\/product_cat?post=18015"},{"taxonomy":"product_tag","embeddable":true,"href":"https:\/\/researchchemicalsweb.com\/sk\/wp-json\/wp\/v2\/product_tag?post=18015"}],"curies":[{"name":"wp","href":"https:\/\/api.w.org\/{rel}","templated":true}]}}