{"id":19533,"date":"2025-12-16T21:09:45","date_gmt":"2025-12-16T21:09:45","guid":{"rendered":"https:\/\/researchchemicalsweb.com\/?post_type=product&#038;p=19533"},"modified":"2026-02-17T14:20:29","modified_gmt":"2026-02-17T14:20:29","slug":"flubromazepam-8-mg-pellets","status":"publish","type":"product","link":"https:\/\/researchchemicalsweb.com\/pt\/produto\/flubromazepam-8-mg-pellets\/","title":{"rendered":"Flubromazepam 8 MG Pellets"},"content":{"rendered":"<h3 data-start=\"4025\" data-end=\"4044\"><strong data-start=\"4029\" data-end=\"4044\">Introdu\u00e7\u00e3o<\/strong><\/h3>\n<p data-start=\"4045\" data-end=\"4302\">Onze <strong data-start=\"4050\" data-end=\"4076\">8 mg onderzoekspellets<\/strong> zijn zorgvuldig ontwikkeld voor <strong data-start=\"4109\" data-end=\"4160\">analytisch, forensisch en laboratoriumonderzoek<\/strong>. <span dir=\"auto\" style=\"vertical-align: inherit;\">Flubromazepam<\/span><br data-start=\"4161\" data-end=\"4164\" \/>Elke pellet wordt geproduceerd onder <strong data-start=\"4201\" data-end=\"4239\">condi\u00e7\u00f5es laboratoriais rigorosas<\/strong>, que prev\u00ea <strong data-start=\"4256\" data-end=\"4299\">zuiverheid, consistentie en stabiliteit<\/strong>.<\/p>\n<p data-start=\"4304\" data-end=\"4537\">Deze pellets zijn bedoeld voor professionele onderzoekers en wetenschappelijke instellingen en bieden <strong data-start=\"4406\" data-end=\"4448\">precis\u00e3o e resultados reprodut\u00edveis<\/strong>. Ze zijn ideaal voor <strong data-start=\"4470\" data-end=\"4534\">kalibratie, kwantitatieve testen en forensische toepassingen<\/strong>.<\/p>\n<blockquote data-start=\"4538\" data-end=\"4647\">\n<p data-start=\"4540\" data-end=\"4647\">\u26a0\ufe0f <strong data-start=\"4543\" data-end=\"4647\">Destinado apenas a uso laboratorial. N\u00e3o \u00e9 adequado para consumo humano ou animal.<\/strong><\/p>\n<\/blockquote>\n<hr data-start=\"4649\" data-end=\"4652\" \/>\n<h3 data-start=\"4654\" data-end=\"4685\"><strong data-start=\"4658\" data-end=\"4685\">Carater\u00edsticas principais<\/strong><\/h3>\n<ul data-start=\"4686\" data-end=\"5205\">\n<li data-start=\"4686\" data-end=\"4756\">\n<p data-start=\"4688\" data-end=\"4756\"><strong data-start=\"4688\" data-end=\"4714\">Alta pureza (\u226599%)<\/strong> - Testado e verificado de forma independente.<\/p>\n<\/li>\n<li data-start=\"4757\" data-end=\"4843\">\n<p data-start=\"4759\" data-end=\"4843\"><strong data-start=\"4759\" data-end=\"4800\">Precieze Dosering van 8 mg per Pellet<\/strong> \u2013 Voor consistente onderzoeksresultaten.<\/p>\n<\/li>\n<li data-start=\"4844\" data-end=\"4927\">\n<p data-start=\"4846\" data-end=\"4927\"><strong data-start=\"4846\" data-end=\"4882\">Composi\u00e7\u00e3o qu\u00edmica est\u00e1vel<\/strong> \u2013 Behoudt integriteit bij correcte opslag.<\/p>\n<\/li>\n<li data-start=\"4928\" data-end=\"5015\">\n<p data-start=\"4930\" data-end=\"5015\"><strong data-start=\"4930\" data-end=\"4979\">Geproduceerd onder Strikte Kwaliteitscontrole<\/strong> \u2013 In gecertificeerde laboratoria.<\/p>\n<\/li>\n<li data-start=\"5016\" data-end=\"5105\">\n<p data-start=\"5018\" data-end=\"5105\"><strong data-start=\"5018\" data-end=\"5045\">Embalagens de prote\u00e7\u00e3o<\/strong> \u2013 Luchtdicht en lichtbestendig voor langdurige kwaliteit.<\/p>\n<\/li>\n<li data-start=\"5106\" data-end=\"5205\">\n<p data-start=\"5108\" data-end=\"5205\"><strong data-start=\"5108\" data-end=\"5141\">Apenas para uso em investiga\u00e7\u00e3o<\/strong> \u2013 Ontworpen voor analytische en wetenschappelijke doeleinden. <span dir=\"auto\" style=\"vertical-align: inherit;\">Flubromazepam<\/span><\/p>\n<\/li>\n<\/ul>\n<hr data-start=\"5207\" data-end=\"5210\" \/>\n<h3 data-start=\"5212\" data-end=\"5229\"><strong data-start=\"5216\" data-end=\"5229\">Vantagens<\/strong><\/h3>\n<ul data-start=\"5230\" data-end=\"5643\">\n<li data-start=\"5230\" data-end=\"5314\">\n<p data-start=\"5232\" data-end=\"5314\"><strong data-start=\"5232\" data-end=\"5268\">Betrouwbare Onderzoeksresultaten<\/strong> \u2013 Voor reproduceerbare en nauwkeurige data.<\/p>\n<\/li>\n<li data-start=\"5315\" data-end=\"5392\">\n<p data-start=\"5317\" data-end=\"5392\"><strong data-start=\"5317\" data-end=\"5338\">Lange Stabiliteit<\/strong> \u2013 Chemisch stabiel bij juiste opslagomstandigheden.<\/p>\n<\/li>\n<li data-start=\"5393\" data-end=\"5484\">\n<p data-start=\"5395\" data-end=\"5484\"><strong data-start=\"5395\" data-end=\"5419\">Produzido de forma \u00e9tica<\/strong> \u2013 Voldoet aan internationale veiligheids- en kwaliteitsnormen.<\/p>\n<\/li>\n<li data-start=\"5485\" data-end=\"5560\">\n<p data-start=\"5487\" data-end=\"5560\"><strong data-start=\"5487\" data-end=\"5510\">Gebruiksvriendelijk<\/strong> \u2013 De pelletvorm vermindert besmettingsrisico\u2019s.<\/p>\n<\/li>\n<li data-start=\"5561\" data-end=\"5643\">\n<p data-start=\"5563\" data-end=\"5643\"><strong data-start=\"5563\" data-end=\"5590\">Professionele Kwaliteit<\/strong> \u2013 Voldoet aan analytische laboratoriumstandaarden.<\/p>\n<\/li>\n<\/ul>\n<hr data-start=\"5645\" data-end=\"5648\" \/>\n<h3 data-start=\"5650\" data-end=\"5665\"><strong data-start=\"5654\" data-end=\"5665\">Utiliza\u00e7\u00e3o<\/strong><\/h3>\n<ol data-start=\"5666\" data-end=\"6092\">\n<li data-start=\"5666\" data-end=\"5767\">\n<p data-start=\"5669\" data-end=\"5767\"><strong data-start=\"5669\" data-end=\"5704\">Apenas para uso laboratorial<\/strong> \u2013 Gebruik uitsluitend binnen erkende onderzoeksfaciliteiten.<\/p>\n<\/li>\n<li data-start=\"5768\" data-end=\"5835\">\n<p data-start=\"5771\" data-end=\"5835\"><strong data-start=\"5771\" data-end=\"5781\">Armazenamento<\/strong> - Armazenar num <strong data-start=\"5798\" data-end=\"5832\">local fresco, seco e escuro<\/strong>.<\/p>\n<\/li>\n<li data-start=\"5836\" data-end=\"5920\">\n<p data-start=\"5839\" data-end=\"5920\"><strong data-start=\"5839\" data-end=\"5856\">Trabalhar em seguran\u00e7a<\/strong> \u2013 Draag handschoenen, veiligheidsbril en een laboratoriumjas.<\/p>\n<\/li>\n<li data-start=\"5921\" data-end=\"6002\">\n<p data-start=\"5924\" data-end=\"6002\"><strong data-start=\"5924\" data-end=\"5936\">Medi\u00e7\u00f5es<\/strong> \u2013 Gebruik gekalibreerde apparatuur voor nauwkeurige resultaten.<\/p>\n<\/li>\n<li data-start=\"6003\" data-end=\"6092\">\n<p data-start=\"6006\" data-end=\"6092\"><strong data-start=\"6006\" data-end=\"6033\">Veiligheidswaarschuwing<\/strong> - N\u00e3o \u00e9 adequado para consumo humano ou animal.<\/p>\n<\/li>\n<\/ol>\n<hr data-start=\"6094\" data-end=\"6097\" \/>\n<h3 data-start=\"6099\" data-end=\"6126\"><strong data-start=\"6103\" data-end=\"6126\">Perguntas frequentes<\/strong><\/h3>\n<p data-start=\"6128\" data-end=\"6312\"><strong data-start=\"6128\" data-end=\"6183\">1. Waarvoor worden 8 mg onderzoekspellets gebruikt?<\/strong><br data-start=\"6183\" data-end=\"6186\" \/>S\u00e3o utilizados para <strong data-start=\"6210\" data-end=\"6254\">investiga\u00e7\u00e3o cient\u00edfica e anal\u00edtica<\/strong>, waaronder kalibratie en chemische vergelijkingstesten.<\/p>\n<p data-start=\"6314\" data-end=\"6476\"><strong data-start=\"6314\" data-end=\"6381\">2. Estes granulados podem ser utilizados fora do laborat\u00f3rio?<\/strong><br data-start=\"6381\" data-end=\"6384\" \/>N\u00e3o. Estes produtos s\u00e3o <strong data-start=\"6409\" data-end=\"6473\">destinado exclusivamente \u00e0 investiga\u00e7\u00e3o laboratorial profissional<\/strong>.<\/p>\n<p data-start=\"6478\" data-end=\"6624\"><strong data-start=\"6478\" data-end=\"6522\">3. Como \u00e9 que os granulados devem ser armazenados?<\/strong><br data-start=\"6522\" data-end=\"6525\" \/>Mant\u00ea-los nos seus <strong data-start=\"6542\" data-end=\"6579\">embalagem original e herm\u00e9tica<\/strong> num <strong data-start=\"6587\" data-end=\"6621\">local fresco, seco e escuro<\/strong>.<\/p>\n<hr data-start=\"6626\" data-end=\"6629\" \/>\n<h3 data-start=\"6631\" data-end=\"6649\"><strong data-start=\"6635\" data-end=\"6649\">Declara\u00e7\u00e3o de exonera\u00e7\u00e3o de responsabilidade<\/strong><\/h3>\n<p data-start=\"6650\" data-end=\"6882\">Este produto \u00e9 <strong data-start=\"6665\" data-end=\"6714\">destinado exclusivamente a fins de investiga\u00e7\u00e3o<\/strong>. <strong data-start=\"6716\" data-end=\"6774\">N\u00e3o \u00e9 adequado para consumo humano ou animal.<\/strong><br data-start=\"6774\" data-end=\"6777\" \/>Ao comprar, o utilizador confirma que cumpre todos os requisitos legais e de seguran\u00e7a aplic\u00e1veis.<\/p>\n<p class=\"ds-markdown-paragraph\"><span dir=\"auto\" style=\"vertical-align: inherit;\"><span dir=\"auto\" style=\"vertical-align: inherit;\">, <\/span><\/span><a href=\"https:\/\/researchchemicalsweb.com\/pt\/shop\/iboga-ibogaine\/buy-ibogaine-hcl-online\/\"><span dir=\"auto\" style=\"vertical-align: inherit;\"><span dir=\"auto\" style=\"vertical-align: inherit;\">Comprar Ibogaine HCL <\/span><\/span><\/a><a href=\"https:\/\/researchchemicalsweb.com\/pt\/shop\/iboga-ibogaine\/casca-de-raiz-de-iboga\/\"><span dir=\"auto\" style=\"vertical-align: inherit;\"><span dir=\"auto\" style=\"vertical-align: inherit;\">Casca da raiz de Iboga <\/span><\/span><\/a><a href=\"https:\/\/researchchemicalsweb.com\/pt\/shop\/pellets\/o-dsmt-50mg-pellets\/\"><span dir=\"auto\" style=\"vertical-align: inherit;\"><span dir=\"auto\" style=\"vertical-align: inherit;\">O-DSMT 50mg Pellets <\/span><\/span><\/a><a href=\"https:\/\/researchchemicalsweb.com\/pt\/shop\/lysergamides\/1vlsd\/\"><span dir=\"auto\" style=\"vertical-align: inherit;\"><span dir=\"auto\" style=\"vertical-align: inherit;\">1V-LSD 150 MCG Blotters <\/span><\/span><\/a><a href=\"https:\/\/researchchemicalsweb.com\/pt\/shop\/lysergamides\/1cp-lsd\/\"><span dir=\"auto\" style=\"vertical-align: inherit;\"><span dir=\"auto\" style=\"vertical-align: inherit;\">1cP-LSD 150 MCG Blotters de arte<\/span><\/span><\/a><\/p>","protected":false},"excerpt":{"rendered":"<h3><span data-sheets-value=\"{\" data-sheets-userformat=\"{\"><span dir=\"auto\" style=\"vertical-align: inherit;\"><span dir=\"auto\" style=\"vertical-align: inherit;\">Flubromazepam properties<\/span><\/span><\/span><\/h3>\n<p><strong><span dir=\"auto\" style=\"vertical-align: inherit;\"><span dir=\"auto\" style=\"vertical-align: inherit;\">Synonym:<\/span><\/span><\/strong><span dir=\"auto\" style=\"vertical-align: inherit;\"><span dir=\"auto\" style=\"vertical-align: inherit;\"> Flubromazepam <\/span><\/span><br \/>\n<strong><span dir=\"auto\" style=\"vertical-align: inherit;\"><span dir=\"auto\" style=\"vertical-align: inherit;\">CAS Number:<\/span><\/span><\/strong><span dir=\"auto\" style=\"vertical-align: inherit;\"><span dir=\"auto\" style=\"vertical-align: inherit;\"> 2647-50-9 <\/span><\/span><br \/>\n<strong><span dir=\"auto\" style=\"vertical-align: inherit;\"><span dir=\"auto\" style=\"vertical-align: inherit;\">Formula:<\/span><\/span><\/strong><span dir=\"auto\" style=\"vertical-align: inherit;\"><span dir=\"auto\" style=\"vertical-align: inherit;\"> 7-bromo-5-(2-fluorophenyl)-1,3-dihydro-2H-1,4-benzodiazepin-2-one <\/span><\/span><br \/>\n<strong><span dir=\"auto\" style=\"vertical-align: inherit;\"><span dir=\"auto\" style=\"vertical-align: inherit;\">Molar mass:<\/span><\/span><\/strong><span dir=\"auto\" style=\"vertical-align: inherit;\"><span dir=\"auto\" style=\"vertical-align: inherit;\"> 333.2 g\/mol <\/span><\/span><br \/>\n<strong><span dir=\"auto\" style=\"vertical-align: inherit;\"><span dir=\"auto\" style=\"vertical-align: inherit;\">Purity:<\/span><\/span><\/strong><span dir=\"auto\" style=\"vertical-align: inherit;\"><span dir=\"auto\" style=\"vertical-align: inherit;\"> &gt;98%<\/span><\/span><\/p>","protected":false},"featured_media":20327,"comment_status":"closed","ping_status":"closed","template":"","meta":[],"product_brand":[79],"product_cat":[130,209,590,127],"product_tag":[210,211,212,213,214,546,78],"class_list":{"0":"post-19533","1":"product","2":"type-product","3":"status-publish","4":"has-post-thumbnail","6":"product_brand-research-chemical","7":"product_cat-benzodiazepinen","8":"product_cat-flubromazepam-kopen","9":"product_cat-flubromazepam-pellets","10":"product_cat-pellets","11":"product_tag-flubromazepam","12":"product_tag-flubromazepam-effects","13":"product_tag-flubromazepam-ervaring","14":"product_tag-flubromazepam-halfwaardetijd","15":"product_tag-flubromazepam-werking","16":"product_tag-how-to-test-flubromazepam-pellets","17":"product_tag-nl","19":"first","20":"instock","21":"shipping-taxable","22":"purchasable","23":"product-type-variable"},"_links":{"self":[{"href":"https:\/\/researchchemicalsweb.com\/pt\/wp-json\/wp\/v2\/product\/19533","targetHints":{"allow":["GET"]}}],"collection":[{"href":"https:\/\/researchchemicalsweb.com\/pt\/wp-json\/wp\/v2\/product"}],"about":[{"href":"https:\/\/researchchemicalsweb.com\/pt\/wp-json\/wp\/v2\/types\/product"}],"replies":[{"embeddable":true,"href":"https:\/\/researchchemicalsweb.com\/pt\/wp-json\/wp\/v2\/comments?post=19533"}],"version-history":[{"count":1,"href":"https:\/\/researchchemicalsweb.com\/pt\/wp-json\/wp\/v2\/product\/19533\/revisions"}],"predecessor-version":[{"id":19590,"href":"https:\/\/researchchemicalsweb.com\/pt\/wp-json\/wp\/v2\/product\/19533\/revisions\/19590"}],"wp:featuredmedia":[{"embeddable":true,"href":"https:\/\/researchchemicalsweb.com\/pt\/wp-json\/wp\/v2\/media\/20327"}],"wp:attachment":[{"href":"https:\/\/researchchemicalsweb.com\/pt\/wp-json\/wp\/v2\/media?parent=19533"}],"wp:term":[{"taxonomy":"product_brand","embeddable":true,"href":"https:\/\/researchchemicalsweb.com\/pt\/wp-json\/wp\/v2\/product_brand?post=19533"},{"taxonomy":"product_cat","embeddable":true,"href":"https:\/\/researchchemicalsweb.com\/pt\/wp-json\/wp\/v2\/product_cat?post=19533"},{"taxonomy":"product_tag","embeddable":true,"href":"https:\/\/researchchemicalsweb.com\/pt\/wp-json\/wp\/v2\/product_tag?post=19533"}],"curies":[{"name":"wp","href":"https:\/\/api.w.org\/{rel}","templated":true}]}}