{"id":19524,"date":"2025-12-16T21:09:45","date_gmt":"2025-12-16T21:09:45","guid":{"rendered":"https:\/\/researchchemicalsweb.com\/?post_type=product&#038;p=19524"},"modified":"2026-02-17T14:20:13","modified_gmt":"2026-02-17T14:20:13","slug":"5-mapb-2","status":"publish","type":"product","link":"https:\/\/researchchemicalsweb.com\/pt\/produto\/5-mapb-2\/","title":{"rendered":"5-MAPB 50mg Pellets"},"content":{"rendered":"<h3 data-start=\"4041\" data-end=\"4060\"><strong data-start=\"4045\" data-end=\"4060\">Introdu\u00e7\u00e3o<\/strong><\/h3>\n<p data-start=\"4061\" data-end=\"4345\"><span class=\"___SBox_4905a-ko_ ___SText_1ifhk-ko_\" data-ui-name=\"Link.Text\">5 mapb<\/span>, O nosso <strong data-start=\"4066\" data-end=\"4093\">50 mg onderzoekspellets<\/strong> zijn met precisie ontwikkeld voor <strong data-start=\"4128\" data-end=\"4184\">investiga\u00e7\u00e3o cient\u00edfica, forense e anal\u00edtica<\/strong>.<br data-start=\"4185\" data-end=\"4188\" \/>Elke pellet wordt geproduceerd onder <strong data-start=\"4225\" data-end=\"4263\">condi\u00e7\u00f5es laboratoriais rigorosas<\/strong> en biedt <strong data-start=\"4273\" data-end=\"4342\">chemische consistentie, stabiliteit en reproduceerbare resultaten<\/strong>. <span dir=\"auto\" style=\"vertical-align: inherit;\">5-MAPB<\/span><\/p>\n<p data-start=\"4347\" data-end=\"4518\">Deze pellets zijn ideaal voor <strong data-start=\"4377\" data-end=\"4440\">analytische kalibratie, validatie en vergelijkend onderzoek<\/strong>. Ze voldoen aan de hoogste kwaliteitsnormen voor professionele laboratoria.<\/p>\n<blockquote data-start=\"4520\" data-end=\"4629\">\n<p data-start=\"4522\" data-end=\"4629\">\u26a0\ufe0f <strong data-start=\"4525\" data-end=\"4629\">Destinado apenas a uso laboratorial. N\u00e3o \u00e9 adequado para consumo humano ou animal.<\/strong><\/p>\n<\/blockquote>\n<hr data-start=\"4631\" data-end=\"4634\" \/>\n<h3 data-start=\"4636\" data-end=\"4667\"><strong data-start=\"4640\" data-end=\"4667\">Carater\u00edsticas principais<\/strong><\/h3>\n<ul data-start=\"4668\" data-end=\"5176\">\n<li data-start=\"4668\" data-end=\"4738\">\n<p data-start=\"4670\" data-end=\"4738\"><strong data-start=\"4670\" data-end=\"4696\">Alta pureza (\u226599%)<\/strong> - Testado e verificado de forma independente.<\/p>\n<\/li>\n<li data-start=\"4739\" data-end=\"4826\">\n<p data-start=\"4741\" data-end=\"4826\"><strong data-start=\"4741\" data-end=\"4783\">Precieze Dosering van 50 mg per Pellet<\/strong> \u2013 Voor nauwkeurige onderzoeksresultaten.<\/p>\n<\/li>\n<li data-start=\"4827\" data-end=\"4906\">\n<p data-start=\"4829\" data-end=\"4906\"><strong data-start=\"4829\" data-end=\"4865\">Composi\u00e7\u00e3o qu\u00edmica est\u00e1vel<\/strong> \u2013 Behoudt kwaliteit bij juiste opslag.<\/p>\n<\/li>\n<li data-start=\"4907\" data-end=\"4993\">\n<p data-start=\"4909\" data-end=\"4993\"><strong data-start=\"4909\" data-end=\"4934\">Qualidade do laborat\u00f3rio<\/strong> \u2013 Geproduceerd volgens internationale veiligheidsnormen.<\/p>\n<\/li>\n<li data-start=\"4994\" data-end=\"5084\">\n<p data-start=\"4996\" data-end=\"5084\"><strong data-start=\"4996\" data-end=\"5023\">Embalagens de prote\u00e7\u00e3o<\/strong> - Estanque ao ar e resistente \u00e0 luz para uma dura\u00e7\u00e3o \u00f3ptima.<\/p>\n<\/li>\n<li data-start=\"5085\" data-end=\"5176\">\n<p data-start=\"5087\" data-end=\"5176\"><strong data-start=\"5087\" data-end=\"5120\">Apenas para uso em investiga\u00e7\u00e3o<\/strong> \u2013 Ontworpen voor professioneel laboratoriumonderzoek.<\/p>\n<\/li>\n<\/ul>\n<hr data-start=\"5178\" data-end=\"5181\" \/>\n<h3 data-start=\"5183\" data-end=\"5200\"><strong data-start=\"5187\" data-end=\"5200\">Vantagens<\/strong><\/h3>\n<ul data-start=\"5201\" data-end=\"5630\">\n<li data-start=\"5201\" data-end=\"5285\">\n<p data-start=\"5203\" data-end=\"5285\"><strong data-start=\"5203\" data-end=\"5239\">Betrouwbare Onderzoeksresultaten<\/strong> \u2013 Voor consistente en reproduceerbare data.<\/p>\n<\/li>\n<li data-start=\"5286\" data-end=\"5354\">\n<p data-start=\"5288\" data-end=\"5354\"><strong data-start=\"5288\" data-end=\"5314\">Estabilidade a longo prazo<\/strong> \u2013 Chemisch stabiel bij juiste opslag.<\/p>\n<\/li>\n<li data-start=\"5355\" data-end=\"5442\">\n<p data-start=\"5357\" data-end=\"5442\"><strong data-start=\"5357\" data-end=\"5381\">Produzido de forma \u00e9tica<\/strong> \u2013 In overeenstemming met internationale veiligheidsnormen.<\/p>\n<\/li>\n<li data-start=\"5443\" data-end=\"5537\">\n<p data-start=\"5445\" data-end=\"5537\"><strong data-start=\"5445\" data-end=\"5472\">Wetenschappelijk Getest<\/strong> - A pureza e a estabilidade de cada lote s\u00e3o controladas.<\/p>\n<\/li>\n<li data-start=\"5538\" data-end=\"5630\">\n<p data-start=\"5540\" data-end=\"5630\"><strong data-start=\"5540\" data-end=\"5569\">Forma f\u00e1cil de utilizar<\/strong> \u2013 Pellets verminderen risico op besmetting en verspilling.<\/p>\n<\/li>\n<\/ul>\n<hr data-start=\"5632\" data-end=\"5635\" \/>\n<h3 data-start=\"5637\" data-end=\"5652\"><strong data-start=\"5641\" data-end=\"5652\">Utiliza\u00e7\u00e3o<\/strong><\/h3>\n<ol data-start=\"5653\" data-end=\"6075\">\n<li data-start=\"5653\" data-end=\"5754\">\n<p data-start=\"5656\" data-end=\"5754\"><strong data-start=\"5656\" data-end=\"5691\">Apenas para uso laboratorial<\/strong> - Utilizar apenas em institui\u00e7\u00f5es de investiga\u00e7\u00e3o aprovadas.<\/p>\n<\/li>\n<li data-start=\"5755\" data-end=\"5822\">\n<p data-start=\"5758\" data-end=\"5822\"><strong data-start=\"5758\" data-end=\"5768\">Armazenamento<\/strong> - Armazenar num <strong data-start=\"5785\" data-end=\"5819\">local fresco, seco e escuro<\/strong>.<\/p>\n<\/li>\n<li data-start=\"5823\" data-end=\"5905\">\n<p data-start=\"5826\" data-end=\"5905\"><strong data-start=\"5826\" data-end=\"5843\">Trabalhar em seguran\u00e7a<\/strong> \u2013 Gebruik handschoenen, veiligheidsbril en laboratoriumjas.<\/p>\n<\/li>\n<li data-start=\"5906\" data-end=\"5985\">\n<p data-start=\"5909\" data-end=\"5985\"><strong data-start=\"5909\" data-end=\"5921\">Medi\u00e7\u00f5es<\/strong> - Utilizar equipamento calibrado para an\u00e1lises exactas.<\/p>\n<\/li>\n<li data-start=\"5986\" data-end=\"6075\">\n<p data-start=\"5989\" data-end=\"6075\"><strong data-start=\"5989\" data-end=\"6016\">Veiligheidswaarschuwing<\/strong> - N\u00e3o \u00e9 adequado para consumo humano ou animal.<\/p>\n<\/li>\n<\/ol>\n<hr data-start=\"6077\" data-end=\"6080\" \/>\n<h3 data-start=\"6082\" data-end=\"6109\"><strong data-start=\"6086\" data-end=\"6109\">Perguntas frequentes<\/strong><\/h3>\n<p data-start=\"6111\" data-end=\"6290\"><strong data-start=\"6111\" data-end=\"6167\">1. Waarvoor worden 50 mg onderzoekspellets gebruikt?<\/strong><br data-start=\"6167\" data-end=\"6170\" \/>S\u00e3o utilizados para <strong data-start=\"6194\" data-end=\"6238\">investiga\u00e7\u00e3o cient\u00edfica e anal\u00edtica<\/strong>, zoals kalibratie en gecontroleerde experimenten.<\/p>\n<p data-start=\"6292\" data-end=\"6454\"><strong data-start=\"6292\" data-end=\"6359\">2. Estes granulados podem ser utilizados fora do laborat\u00f3rio?<\/strong><br data-start=\"6359\" data-end=\"6362\" \/>N\u00e3o. Estes produtos s\u00e3o <strong data-start=\"6387\" data-end=\"6451\">destinado exclusivamente \u00e0 investiga\u00e7\u00e3o laboratorial profissional<\/strong>.<\/p>\n<p data-start=\"6456\" data-end=\"6602\"><strong data-start=\"6456\" data-end=\"6500\">3. Como \u00e9 que os granulados devem ser armazenados?<\/strong><br data-start=\"6500\" data-end=\"6503\" \/>Mant\u00ea-los nos seus <strong data-start=\"6520\" data-end=\"6557\">embalagem original e herm\u00e9tica<\/strong> num <strong data-start=\"6565\" data-end=\"6599\">local fresco, seco e escuro<\/strong>.<\/p>\n<hr data-start=\"6604\" data-end=\"6607\" \/>\n<h3 data-start=\"6609\" data-end=\"6627\"><strong data-start=\"6613\" data-end=\"6627\">Declara\u00e7\u00e3o de exonera\u00e7\u00e3o de responsabilidade<\/strong><\/h3>\n<p data-start=\"6628\" data-end=\"6860\">Este produto \u00e9 <strong data-start=\"6643\" data-end=\"6692\">destinado exclusivamente a fins de investiga\u00e7\u00e3o<\/strong>. <strong data-start=\"6694\" data-end=\"6752\">N\u00e3o \u00e9 adequado para consumo humano ou animal.<\/strong><br data-start=\"6752\" data-end=\"6755\" \/>Ao comprar, o utilizador confirma que cumpre todos os requisitos legais e de seguran\u00e7a aplic\u00e1veis.<\/p>\n<h3><strong><span dir=\"auto\" style=\"vertical-align: inherit;\"><span dir=\"auto\" style=\"vertical-align: inherit;\">5-MAPB 50mg Pellets \u2013 Research Chemical with Entactogenic Properties<\/span><\/span><\/strong><\/h3>\n<h4><strong><span dir=\"auto\" style=\"vertical-align: inherit;\"><span dir=\"auto\" style=\"vertical-align: inherit;\">What is 5-MAPB?<\/span><\/span><\/strong><\/h4>\n<p class=\"ds-markdown-paragraph\"><span dir=\"auto\" style=\"vertical-align: inherit;\"><span dir=\"auto\" style=\"vertical-align: inherit;\">5-MAPB, 5-MAPB (5-(2-methylaminopropyl)benzofuran) is a research chemical in the benzofuran class, related to compounds like 6-APB and MDAI. It is known for its <\/span><\/span><strong><span dir=\"auto\" style=\"vertical-align: inherit;\"><span dir=\"auto\" style=\"vertical-align: inherit;\">potent empathogenic and mildly stimulating effects<\/span><\/span><\/strong><span dir=\"auto\" style=\"vertical-align: inherit;\"><span dir=\"auto\" style=\"vertical-align: inherit;\"> , making it interesting for\u00a0 <\/span><\/span><strong><span dir=\"auto\" style=\"vertical-align: inherit;\"><span dir=\"auto\" style=\"vertical-align: inherit;\">research<\/span><\/span><\/strong><span dir=\"auto\" style=\"vertical-align: inherit;\"><span dir=\"auto\" style=\"vertical-align: inherit;\"> \u00a0on serotonergic systems.<\/span><\/span><\/p>\n<p class=\"ds-markdown-paragraph\"><span dir=\"auto\" style=\"vertical-align: inherit;\"><span dir=\"auto\" style=\"vertical-align: inherit;\">O nosso\u00a0 <\/span><\/span><strong><span dir=\"auto\" style=\"vertical-align: inherit;\"><span dir=\"auto\" style=\"vertical-align: inherit;\">5-MAPB 50mg pellets<\/span><\/span><\/strong><span dir=\"auto\" style=\"vertical-align: inherit;\"><span dir=\"auto\" style=\"vertical-align: inherit;\"> \u00a0fornecer\u00a0 <\/span><\/span><strong><span dir=\"auto\" style=\"vertical-align: inherit;\"><span dir=\"auto\" style=\"vertical-align: inherit;\">precise and consistent dosing<\/span><\/span><\/strong><span dir=\"auto\" style=\"vertical-align: inherit;\"><span dir=\"auto\" style=\"vertical-align: inherit;\"> , ideal for controlled pharmacological studies.<\/span><\/span><\/p>\n<hr \/>\n<h3><strong><span dir=\"auto\" style=\"vertical-align: inherit;\"><span dir=\"auto\" style=\"vertical-align: inherit;\">Carater\u00edsticas do produto:<\/span><\/span><\/strong><\/h3>\n<p class=\"ds-markdown-paragraph\">\u2705\u00a0<strong><span dir=\"auto\" style=\"vertical-align: inherit;\"><span dir=\"auto\" style=\"vertical-align: inherit;\">Alta pureza<\/span><\/span><\/strong><span dir=\"auto\" style=\"vertical-align: inherit;\"><span dir=\"auto\" style=\"vertical-align: inherit;\"> \u00a0\u2013 Optimized for reliable research results. <\/span><\/span><br \/>\n\u2705\u00a0<strong><span dir=\"auto\" style=\"vertical-align: inherit;\"><span dir=\"auto\" style=\"vertical-align: inherit;\">Dosagem de precis\u00e3o<\/span><\/span><\/strong><span dir=\"auto\" style=\"vertical-align: inherit;\"><span dir=\"auto\" style=\"vertical-align: inherit;\"> \u00a0- Cada pastilha cont\u00e9m exatamente\u00a0 <\/span><\/span><strong><span dir=\"auto\" style=\"vertical-align: inherit;\"><span dir=\"auto\" style=\"vertical-align: inherit;\">50mg of 5-MAPB<\/span><\/span><\/strong><span dir=\"auto\" style=\"vertical-align: inherit;\"><span dir=\"auto\" style=\"vertical-align: inherit;\"> . <\/span><\/span><br \/>\n\u2705\u00a0<strong><span dir=\"auto\" style=\"vertical-align: inherit;\"><span dir=\"auto\" style=\"vertical-align: inherit;\">Suitable for serotonin-related research<\/span><\/span><\/strong><span dir=\"auto\" style=\"vertical-align: inherit;\"><span dir=\"auto\" style=\"vertical-align: inherit;\"> \u00a0\u2013 Potential application in neurochemical studies. <\/span><\/span><br \/>\n\u2705\u00a0<strong><span dir=\"auto\" style=\"vertical-align: inherit;\"><span dir=\"auto\" style=\"vertical-align: inherit;\">Stable composition<\/span><\/span><\/strong><span dir=\"auto\" style=\"vertical-align: inherit;\"><span dir=\"auto\" style=\"vertical-align: inherit;\"> \u00a0\u2013 Long shelf life when stored correctly.<\/span><\/span><\/p>\n<hr \/>\n<h3><strong><span dir=\"auto\" style=\"vertical-align: inherit;\"><span dir=\"auto\" style=\"vertical-align: inherit;\">Possible Applications in Research:<\/span><\/span><\/strong><\/h3>\n<ul>\n<li>\n<p class=\"ds-markdown-paragraph\"><strong><span dir=\"auto\" style=\"vertical-align: inherit;\"><span dir=\"auto\" style=\"vertical-align: inherit;\">Neurofarmacologia<\/span><\/span><\/strong><span dir=\"auto\" style=\"vertical-align: inherit;\"><span dir=\"auto\" style=\"vertical-align: inherit;\"> \u00a0\u2013 Research on serotonin release and reuptake.<\/span><\/span><\/p>\n<\/li>\n<li>\n<p class=\"ds-markdown-paragraph\"><strong><span dir=\"auto\" style=\"vertical-align: inherit;\"><span dir=\"auto\" style=\"vertical-align: inherit;\">Behavioral Studies<\/span><\/span><\/strong><span dir=\"auto\" style=\"vertical-align: inherit;\"><span dir=\"auto\" style=\"vertical-align: inherit;\"> \u00a0\u2013 Effects on Social Behavior and Emotional Response.<\/span><\/span><\/p>\n<\/li>\n<li>\n<p class=\"ds-markdown-paragraph\"><strong><span dir=\"auto\" style=\"vertical-align: inherit;\"><span dir=\"auto\" style=\"vertical-align: inherit;\">An\u00e1lises comparativas<\/span><\/span><\/strong><span dir=\"auto\" style=\"vertical-align: inherit;\"><span dir=\"auto\" style=\"vertical-align: inherit;\"> \u00a0\u2013 Evaluation against related compounds (e.g., MDMA, 6-APB).<\/span><\/span><\/p>\n<\/li>\n<\/ul>\n<hr \/>\n<h3><strong><span dir=\"auto\" style=\"vertical-align: inherit;\"><span dir=\"auto\" style=\"vertical-align: inherit;\">Safety Information &amp; Usage Guidelines:<\/span><\/span><\/strong><\/h3>\n<p class=\"ds-markdown-paragraph\">\u26a0\u00a0<strong><span dir=\"auto\" style=\"vertical-align: inherit;\"><span dir=\"auto\" style=\"vertical-align: inherit;\">For research use only<\/span><\/span><\/strong><span dir=\"auto\" style=\"vertical-align: inherit;\"><span dir=\"auto\" style=\"vertical-align: inherit;\"> \u00a0\u2013 Not intended for human or animal consumption. <\/span><\/span><br \/>\n\u26a0\u00a0<strong><span dir=\"auto\" style=\"vertical-align: inherit;\"><span dir=\"auto\" style=\"vertical-align: inherit;\">Recommended dosage for research:<\/span><\/span><\/strong><\/p>\n<ul>\n<li>\n<p class=\"ds-markdown-paragraph\"><strong><span dir=\"auto\" style=\"vertical-align: inherit;\"><span dir=\"auto\" style=\"vertical-align: inherit;\">50mg<\/span><\/span><\/strong><span dir=\"auto\" style=\"vertical-align: inherit;\"><span dir=\"auto\" style=\"vertical-align: inherit;\"> \u00a0is a\u00a0 <\/span><\/span><strong><span dir=\"auto\" style=\"vertical-align: inherit;\"><span dir=\"auto\" style=\"vertical-align: inherit;\">moderate dose<\/span><\/span><\/strong><span dir=\"auto\" style=\"vertical-align: inherit;\"><span dir=\"auto\" style=\"vertical-align: inherit;\"> \u00a0for initial investigation; lower doses (20-30mg) may be considered.<\/span><\/span><\/p>\n<\/li>\n<li>\n<p class=\"ds-markdown-paragraph\"><strong><span dir=\"auto\" style=\"vertical-align: inherit;\"><span dir=\"auto\" style=\"vertical-align: inherit;\">Evitar a combina\u00e7\u00e3o<\/span><\/span><\/strong><span dir=\"auto\" style=\"vertical-align: inherit;\"><span dir=\"auto\" style=\"vertical-align: inherit;\"> \u00a0with MAO inhibitors, SSRIs or other serotonergic substances (risk of serotonin syndrome).<\/span><\/span><\/p>\n<\/li>\n<li>\n<p class=\"ds-markdown-paragraph\"><strong><span dir=\"auto\" style=\"vertical-align: inherit;\"><span dir=\"auto\" style=\"vertical-align: inherit;\">Always test<\/span><\/span><\/strong><span dir=\"auto\" style=\"vertical-align: inherit;\"><span dir=\"auto\" style=\"vertical-align: inherit;\"> \u00a0\u2013 Use reagent kits (Marquis, Mecke, Froehde) to verify purity. <\/span><\/span><br \/>\n\u26a0\u00a0<strong><span dir=\"auto\" style=\"vertical-align: inherit;\"><span dir=\"auto\" style=\"vertical-align: inherit;\">Storage advice<\/span><\/span><\/strong><span dir=\"auto\" style=\"vertical-align: inherit;\"><span dir=\"auto\" style=\"vertical-align: inherit;\"> \u00a0\u2013 Store in a\u00a0 <\/span><\/span><strong><span dir=\"auto\" style=\"vertical-align: inherit;\"><span dir=\"auto\" style=\"vertical-align: inherit;\">cool, dry place<\/span><\/span><\/strong><span dir=\"auto\" style=\"vertical-align: inherit;\"><span dir=\"auto\" style=\"vertical-align: inherit;\"> , protected from light and moisture.<\/span><\/span><\/p>\n<\/li>\n<\/ul>\n<hr \/>\n<h3><strong><span dir=\"auto\" style=\"vertical-align: inherit;\"><span dir=\"auto\" style=\"vertical-align: inherit;\">Legal Status:<\/span><\/span><\/strong><\/h3>\n<ul>\n<li>\n<p class=\"ds-markdown-paragraph\"><span dir=\"auto\" style=\"vertical-align: inherit;\"><span dir=\"auto\" style=\"vertical-align: inherit;\">5-MAPB is classified under the\u00a0 <\/span><\/span><strong><span dir=\"auto\" style=\"vertical-align: inherit;\"><span dir=\"auto\" style=\"vertical-align: inherit;\">Opium Act<\/span><\/span><\/strong><span dir=\"auto\" style=\"vertical-align: inherit;\"><span dir=\"auto\" style=\"vertical-align: inherit;\"> in some countries \u00a0(e.g. in the Netherlands as NPS).<\/span><\/span><\/p>\n<\/li>\n<li>\n<p class=\"ds-markdown-paragraph\"><strong><span dir=\"auto\" style=\"vertical-align: inherit;\"><span dir=\"auto\" style=\"vertical-align: inherit;\">Not for recreational use<\/span><\/span><\/strong><span dir=\"auto\" style=\"vertical-align: inherit;\"><span dir=\"auto\" style=\"vertical-align: inherit;\"> \u00a0\u2013 Legal only for authorized research facilities.<\/span><\/span><\/p>\n<\/li>\n<\/ul>\n<hr \/>\n<h3><strong><span dir=\"auto\" style=\"vertical-align: inherit;\"><span dir=\"auto\" style=\"vertical-align: inherit;\">Why Buy Our 5-MAPB Pellets?<\/span><\/span><\/strong><\/h3>\n<p class=\"ds-markdown-paragraph\">\ud83d\udd2c\u00a0<strong><span dir=\"auto\" style=\"vertical-align: inherit;\"><span dir=\"auto\" style=\"vertical-align: inherit;\">Quality Assurance<\/span><\/span><\/strong><span dir=\"auto\" style=\"vertical-align: inherit;\"><span dir=\"auto\" style=\"vertical-align: inherit;\"> \u00a0\u2013 Advanced analysis (HPLC\/MS) for purity. <\/span><\/span><br \/>\n\ud83d\udce6\u00a0<strong><span dir=\"auto\" style=\"vertical-align: inherit;\"><span dir=\"auto\" style=\"vertical-align: inherit;\">Discreet &amp; Secure Shipping<\/span><\/span><\/strong><span dir=\"auto\" style=\"vertical-align: inherit;\"><span dir=\"auto\" style=\"vertical-align: inherit;\"> \u00a0\u2013 Track &amp; Trace available. <\/span><\/span><br \/>\n\ud83d\udcda\u00a0<strong><span dir=\"auto\" style=\"vertical-align: inherit;\"><span dir=\"auto\" style=\"vertical-align: inherit;\">Scientific Support<\/span><\/span><\/strong><span dir=\"auto\" style=\"vertical-align: inherit;\"><span dir=\"auto\" style=\"vertical-align: inherit;\"> \u00a0\u2013 MSDS (Safety Data Sheet) available upon request.<\/span><\/span><\/p>\n<hr \/>\n<p class=\"ds-markdown-paragraph\"><strong><span dir=\"auto\" style=\"vertical-align: inherit;\"><span dir=\"auto\" style=\"vertical-align: inherit;\">Important note:<\/span><\/span><\/strong><br \/>\n<span dir=\"auto\" style=\"vertical-align: inherit;\"><span dir=\"auto\" style=\"vertical-align: inherit;\"> This product is\u00a0 <\/span><\/span><strong><span dir=\"auto\" style=\"vertical-align: inherit;\"><span dir=\"auto\" style=\"vertical-align: inherit;\">intended for scientific research only<\/span><\/span><\/strong><span dir=\"auto\" style=\"vertical-align: inherit;\"><span dir=\"auto\" style=\"vertical-align: inherit;\"> and not for private experimentation or consumption. <\/span><\/span><a href=\"https:\/\/researchchemicalsweb.com\/pt\/shop\/iboga-ibogaine\/casca-de-raiz-de-iboga\/\"><span dir=\"auto\" style=\"vertical-align: inherit;\"><span dir=\"auto\" style=\"vertical-align: inherit;\">Casca da raiz de Iboga<\/span><\/span><\/a><a href=\"https:\/\/researchchemicalsweb.com\/pt\/shop\/iboga-ibogaine\/buy-ibogaine-hcl-online\/\"><span dir=\"auto\" style=\"vertical-align: inherit;\"><span dir=\"auto\" style=\"vertical-align: inherit;\">buy ibogaine hcl online<\/span><\/span><\/a><a href=\"https:\/\/researchchemicalsweb.com\/pt\/shop\/lysergamides\/1cp-lsd\/\"><span dir=\"auto\" style=\"vertical-align: inherit;\"><span dir=\"auto\" style=\"vertical-align: inherit;\">1cp lsd <\/span><\/span><\/a><a href=\"https:\/\/researchchemicalsweb.com\/pt\/shop\/pellets-for-pellet\/o-dsmt-50mg-pellets\/\"><span dir=\"auto\" style=\"vertical-align: inherit;\"><span dir=\"auto\" style=\"vertical-align: inherit;\">o-dsmt <\/span><\/span><\/a><a href=\"https:\/\/researchchemicalsweb.com\/pt\/shop\/lysergamides\/1vlsd\/\"><span dir=\"auto\" style=\"vertical-align: inherit;\"><span dir=\"auto\" style=\"vertical-align: inherit;\">1vlsd<\/span><\/span><\/a><\/p>","protected":false},"excerpt":{"rendered":"<p><strong><span dir=\"auto\" style=\"vertical-align: inherit;\"><span dir=\"auto\" style=\"vertical-align: inherit;\">5-MAPB 50mg Pellets<\/span><\/span><\/strong><\/p>\n<p><span dir=\"auto\" style=\"vertical-align: inherit;\"><span dir=\"auto\" style=\"vertical-align: inherit;\">Synonym: 1-(benzofuran-5-yl)-N-methylpropan-2-amine <\/span><\/span><br \/>\n<strong><span dir=\"auto\" style=\"vertical-align: inherit;\"><span dir=\"auto\" style=\"vertical-align: inherit;\">CAS Number:<\/span><\/span><\/strong><span dir=\"auto\" style=\"vertical-align: inherit;\"><span dir=\"auto\" style=\"vertical-align: inherit;\"> \u00a01354631-77-8 <\/span><\/span><br \/>\n<strong><span dir=\"auto\" style=\"vertical-align: inherit;\"><span dir=\"auto\" style=\"vertical-align: inherit;\">Formula:<\/span><\/span><\/strong><span dir=\"auto\" style=\"vertical-align: inherit;\"><span dir=\"auto\" style=\"vertical-align: inherit;\"> C12H15NO <\/span><\/span><br \/>\n<strong><span dir=\"auto\" style=\"vertical-align: inherit;\"><span dir=\"auto\" style=\"vertical-align: inherit;\">Molar mass:<\/span><\/span><\/strong><span dir=\"auto\" style=\"vertical-align: inherit;\"><span dir=\"auto\" style=\"vertical-align: inherit;\"> \u00a0189.25 g\/mol <\/span><\/span><br \/>\n<strong><span dir=\"auto\" style=\"vertical-align: inherit;\"><span dir=\"auto\" style=\"vertical-align: inherit;\">Purity:<\/span><\/span><\/strong><span dir=\"auto\" style=\"vertical-align: inherit;\"><span dir=\"auto\" style=\"vertical-align: inherit;\"> \u00a0&gt;98%<\/span><\/span><\/p>","protected":false},"featured_media":20249,"comment_status":"closed","ping_status":"closed","template":"","meta":[],"product_brand":[79],"product_cat":[192,649,81,73,127],"product_tag":[193,987,194,195,674,794,78],"class_list":{"0":"post-19524","1":"product","2":"type-product","3":"status-publish","4":"has-post-thumbnail","6":"product_brand-research-chemical","7":"product_cat-5-mapb","8":"product_cat-5-mapb-pellets","9":"product_cat-benzofuran","10":"product_cat-bijna-verboden","11":"product_cat-pellets","12":"product_tag-5-mapb","13":"product_tag-5-mapb-50mg-pellets","14":"product_tag-5-mapb-ervaring","15":"product_tag-5-mapb-kopen","16":"product_tag-5mapb","17":"product_tag-mapb","18":"product_tag-nl","20":"first","21":"instock","22":"shipping-taxable","23":"purchasable","24":"product-type-variable"},"_links":{"self":[{"href":"https:\/\/researchchemicalsweb.com\/pt\/wp-json\/wp\/v2\/product\/19524","targetHints":{"allow":["GET"]}}],"collection":[{"href":"https:\/\/researchchemicalsweb.com\/pt\/wp-json\/wp\/v2\/product"}],"about":[{"href":"https:\/\/researchchemicalsweb.com\/pt\/wp-json\/wp\/v2\/types\/product"}],"replies":[{"embeddable":true,"href":"https:\/\/researchchemicalsweb.com\/pt\/wp-json\/wp\/v2\/comments?post=19524"}],"version-history":[{"count":3,"href":"https:\/\/researchchemicalsweb.com\/pt\/wp-json\/wp\/v2\/product\/19524\/revisions"}],"predecessor-version":[{"id":19922,"href":"https:\/\/researchchemicalsweb.com\/pt\/wp-json\/wp\/v2\/product\/19524\/revisions\/19922"}],"wp:featuredmedia":[{"embeddable":true,"href":"https:\/\/researchchemicalsweb.com\/pt\/wp-json\/wp\/v2\/media\/20249"}],"wp:attachment":[{"href":"https:\/\/researchchemicalsweb.com\/pt\/wp-json\/wp\/v2\/media?parent=19524"}],"wp:term":[{"taxonomy":"product_brand","embeddable":true,"href":"https:\/\/researchchemicalsweb.com\/pt\/wp-json\/wp\/v2\/product_brand?post=19524"},{"taxonomy":"product_cat","embeddable":true,"href":"https:\/\/researchchemicalsweb.com\/pt\/wp-json\/wp\/v2\/product_cat?post=19524"},{"taxonomy":"product_tag","embeddable":true,"href":"https:\/\/researchchemicalsweb.com\/pt\/wp-json\/wp\/v2\/product_tag?post=19524"}],"curies":[{"name":"wp","href":"https:\/\/api.w.org\/{rel}","templated":true}]}}