{"id":19500,"date":"2025-12-16T21:09:14","date_gmt":"2025-12-16T21:09:14","guid":{"rendered":"https:\/\/researchchemicalsweb.com\/?post_type=product&#038;p=19500"},"modified":"2026-02-17T14:21:03","modified_gmt":"2026-02-17T14:21:03","slug":"mxp-metoxifenidina","status":"publish","type":"product","link":"https:\/\/researchchemicalsweb.com\/pt\/produto\/mxp-metoxifenidina\/","title":{"rendered":"MXP (Metoxifenidina)"},"content":{"rendered":"<h3 data-start=\"4111\" data-end=\"4132\"><strong data-start=\"4115\" data-end=\"4130\">Introdu\u00e7\u00e3o<\/strong><\/h3>\n<p data-start=\"4133\" data-end=\"4445\"><strong data-start=\"4133\" data-end=\"4158\">MXP (Metoxifenidina)<\/strong>, tamb\u00e9m conhecido por <strong data-start=\"4175\" data-end=\"4196\">2-MeO-Difenidina<\/strong>, \u00e9 um <strong data-start=\"4205\" data-end=\"4246\">composto dissociativo sint\u00e9tico<\/strong> Da classe das diariletilaminas. Estruturalmente relacionado com <strong data-start=\"4303\" data-end=\"4318\">difenidina<\/strong> e <strong data-start=\"4322\" data-end=\"4336\">efenidina<\/strong>, o MXP \u00e9 utilizado em <strong data-start=\"4360\" data-end=\"4402\">investiga\u00e7\u00e3o farmacol\u00f3gica e anal\u00edtica<\/strong> como <strong data-start=\"4407\" data-end=\"4442\">An\u00e1logo antagonista do recetor NMDA<\/strong>. Metoxifenidina<\/p>\n<p data-start=\"4447\" data-end=\"4809\">\u00c9 aplicado em <strong data-start=\"4470\" data-end=\"4523\">investiga\u00e7\u00e3o neuroqu\u00edmica, anal\u00edtica e forense<\/strong> para a liga\u00e7\u00e3o ao recetor NMDA, rela\u00e7\u00f5es estrutura-atividade (SAR) e m\u00e9todos de dete\u00e7\u00e3o.<br data-start=\"4610\" data-end=\"4613\" \/><strong data-start=\"4613\" data-end=\"4638\">MXP (Metoxifenidina)<\/strong> \u00e9 fornecido como <strong data-start=\"4658\" data-end=\"4698\">p\u00f3 cristalino de elevada pureza (\u226598%)<\/strong> e destina-se exclusivamente a <strong data-start=\"4730\" data-end=\"4755\">investiga\u00e7\u00e3o laboratorial<\/strong> \u2014 <strong data-start=\"4758\" data-end=\"4806\">n\u00e3o se destina ao consumo humano ou animal<\/strong>.<\/p>\n<hr data-start=\"4811\" data-end=\"4814\" \/>\n<h3 data-start=\"4816\" data-end=\"4847\"><strong data-start=\"4820\" data-end=\"4847\">Carater\u00edsticas principais<\/strong><\/h3>\n<div class=\"_tableContainer_1rjym_1\">\n<div class=\"group _tableWrapper_1rjym_13 flex w-fit flex-col-reverse\" tabindex=\"-1\">\n<table class=\"w-fit min-w-(--thread-content-width)\" data-start=\"4849\" data-end=\"5348\">\n<thead data-start=\"4849\" data-end=\"4875\">\n<tr data-start=\"4849\" data-end=\"4875\">\n<th data-start=\"4849\" data-end=\"4859\" data-col-size=\"sm\">Carater\u00edstica<\/th>\n<th data-start=\"4859\" data-end=\"4875\" data-col-size=\"md\">Descri\u00e7\u00e3o<\/th>\n<\/tr>\n<\/thead>\n<tbody data-start=\"4904\" data-end=\"5348\">\n<tr data-start=\"4904\" data-end=\"4987\">\n<td data-start=\"4904\" data-end=\"4925\" data-col-size=\"sm\"><strong data-start=\"4906\" data-end=\"4924\">Nome qu\u00edmico<\/strong><\/td>\n<td data-start=\"4925\" data-end=\"4987\" data-col-size=\"md\">(\u00b1)-1-(1,2-Difeniletil)piperidina-2-ona (2-Metoxifenidina)<\/td>\n<\/tr>\n<tr data-start=\"4988\" data-end=\"5040\">\n<td data-start=\"4988\" data-end=\"5013\" data-col-size=\"sm\"><strong data-start=\"4990\" data-end=\"5012\">Nome comum<\/strong><\/td>\n<td data-start=\"5013\" data-end=\"5040\" data-col-size=\"md\">MXP \/ 2-MeO-Difenidina<\/td>\n<\/tr>\n<tr data-start=\"5041\" data-end=\"5077\">\n<td data-start=\"5041\" data-end=\"5065\" data-col-size=\"sm\"><strong data-start=\"5043\" data-end=\"5064\">F\u00f3rmula qu\u00edmica<\/strong><\/td>\n<td data-start=\"5065\" data-end=\"5077\" data-col-size=\"md\">C\u2081\u2088H\u2082\u2083NO<\/td>\n<\/tr>\n<tr data-start=\"5078\" data-end=\"5116\">\n<td data-start=\"5078\" data-end=\"5100\" data-col-size=\"sm\"><strong data-start=\"5080\" data-end=\"5099\">Peso molecular<\/strong><\/td>\n<td data-start=\"5100\" data-end=\"5116\" data-col-size=\"md\">269,38 g\/mol<\/td>\n<\/tr>\n<tr data-start=\"5117\" data-end=\"5186\">\n<td data-start=\"5117\" data-end=\"5140\" data-col-size=\"sm\"><strong data-start=\"5119\" data-end=\"5139\">Classe qu\u00edmica<\/strong><\/td>\n<td data-start=\"5140\" data-end=\"5186\" data-col-size=\"md\">Diariletilamina \/ Antagonista dos receptores NMDA<\/td>\n<\/tr>\n<tr data-start=\"5187\" data-end=\"5220\">\n<td data-start=\"5187\" data-end=\"5198\" data-col-size=\"sm\"><strong data-start=\"5189\" data-end=\"5197\">Formul\u00e1rio<\/strong><\/td>\n<td data-start=\"5198\" data-end=\"5220\" data-col-size=\"md\">P\u00f3 cristalino<\/td>\n<\/tr>\n<tr data-start=\"5221\" data-end=\"5273\">\n<td data-start=\"5221\" data-end=\"5238\" data-col-size=\"sm\"><strong data-start=\"5223\" data-end=\"5237\">Pureza<\/strong><\/td>\n<td data-start=\"5238\" data-end=\"5273\" data-col-size=\"md\">\u2265 98% (testado por GC\/MS e NMR)<\/td>\n<\/tr>\n<tr data-start=\"5274\" data-end=\"5348\">\n<td data-start=\"5274\" data-end=\"5288\" data-col-size=\"sm\"><strong data-start=\"5276\" data-end=\"5287\">Utiliza\u00e7\u00e3o<\/strong><\/td>\n<td data-start=\"5288\" data-end=\"5348\" data-col-size=\"md\">Apenas para investiga\u00e7\u00e3o anal\u00edtica, forense e qu\u00edmica<\/td>\n<\/tr>\n<\/tbody>\n<\/table>\n<\/div>\n<\/div>\n<hr data-start=\"5350\" data-end=\"5353\" \/>\n<h3 data-start=\"5355\" data-end=\"5372\"><strong data-start=\"5359\" data-end=\"5372\">Vantagens<\/strong><\/h3>\n<ul data-start=\"5374\" data-end=\"5851\">\n<li data-start=\"5374\" data-end=\"5469\">\n<p data-start=\"5376\" data-end=\"5469\"><strong data-start=\"5376\" data-end=\"5406\">Subst\u00e2ncia de refer\u00eancia anal\u00edtica<\/strong> - Adequado para GC\/MS, LC\/MS e compara\u00e7\u00e3o toxicol\u00f3gica.<\/p>\n<\/li>\n<li data-start=\"5470\" data-end=\"5591\">\n<p data-start=\"5472\" data-end=\"5591\"><strong data-start=\"5472\" data-end=\"5499\">Investiga\u00e7\u00e3o neuroqu\u00edmica<\/strong> - Utilizado em estudos de liga\u00e7\u00e3o aos receptores NMDA e em compara\u00e7\u00f5es farmacol\u00f3gicas.<\/p>\n<\/li>\n<li data-start=\"5592\" data-end=\"5676\">\n<p data-start=\"5594\" data-end=\"5676\"><strong data-start=\"5594\" data-end=\"5619\">Investiga\u00e7\u00e3o estrutural<\/strong> - Apoia a investiga\u00e7\u00e3o SAR sobre an\u00e1logos da difenidina.<\/p>\n<\/li>\n<li data-start=\"5677\" data-end=\"5755\">\n<p data-start=\"5679\" data-end=\"5755\"><strong data-start=\"5679\" data-end=\"5699\">Alta estabilidade<\/strong> - A forma cristalina garante uma longa dura\u00e7\u00e3o de conserva\u00e7\u00e3o.<\/p>\n<\/li>\n<li data-start=\"5756\" data-end=\"5851\">\n<p data-start=\"5758\" data-end=\"5851\"><strong data-start=\"5758\" data-end=\"5783\">Qualidade do laborat\u00f3rio<\/strong> - Pureza \u226598%, confirmada por cromatografia e espetroscopia.<\/p>\n<\/li>\n<\/ul>\n<hr data-start=\"5853\" data-end=\"5856\" \/>\n<h3 data-start=\"5858\" data-end=\"5910\"><strong data-start=\"5862\" data-end=\"5908\">Utiliza\u00e7\u00e3o (apenas para fins de investiga\u00e7\u00e3o)<\/strong><\/h3>\n<blockquote data-start=\"5912\" data-end=\"6080\">\n<p data-start=\"5914\" data-end=\"6080\">\u26a0\ufe0f <strong data-start=\"5917\" data-end=\"5928\">Nota:<\/strong> MXP (Metoxifenidina) destina-se exclusivamente a <strong data-start=\"5979\" data-end=\"6020\">investiga\u00e7\u00e3o laboratorial e anal\u00edtica<\/strong>.<br data-start=\"6021\" data-end=\"6024\" \/>N\u00e3o \u00e9 adequado para consumo humano ou animal.<\/p>\n<\/blockquote>\n<ol data-start=\"6082\" data-end=\"6430\">\n<li data-start=\"6082\" data-end=\"6174\">\n<p data-start=\"6085\" data-end=\"6174\"><strong data-start=\"6085\" data-end=\"6100\">Manuseamento:<\/strong> Usar luvas, bata de laborat\u00f3rio e \u00f3culos de prote\u00e7\u00e3o. Trabalhar sob uma c\u00e2mara de fumos.<\/p>\n<\/li>\n<li data-start=\"6175\" data-end=\"6239\">\n<p data-start=\"6178\" data-end=\"6239\"><strong data-start=\"6178\" data-end=\"6191\">Medidas:<\/strong> Utilizar ferramentas anal\u00edticas precisas.<\/p>\n<\/li>\n<li data-start=\"6240\" data-end=\"6294\">\n<p data-start=\"6243\" data-end=\"6294\"><strong data-start=\"6243\" data-end=\"6254\">Armazenamento:<\/strong> Conservar em local fresco (2-8\u00b0C), seco e escuro.<\/p>\n<\/li>\n<li data-start=\"6295\" data-end=\"6352\">\n<p data-start=\"6298\" data-end=\"6352\"><strong data-start=\"6298\" data-end=\"6310\">An\u00e1lise:<\/strong> Adequado para GC\/MS, HPLC, FTIR e NMR.<\/p>\n<\/li>\n<li data-start=\"6353\" data-end=\"6430\">\n<p data-start=\"6356\" data-end=\"6430\"><strong data-start=\"6356\" data-end=\"6373\">Documenta\u00e7\u00e3o:<\/strong> Registar os n\u00fameros dos lotes, a pureza e os resultados dos testes.<\/p>\n<\/li>\n<\/ol>\n<hr data-start=\"6432\" data-end=\"6435\" \/>\n<h3 data-start=\"6437\" data-end=\"6472\"><strong data-start=\"6441\" data-end=\"6470\">Perguntas frequentes (FAQ)<\/strong><\/h3>\n<p data-start=\"6474\" data-end=\"6700\"><strong data-start=\"6474\" data-end=\"6510\">1. O que \u00e9 a MXP (Metoxifenidina)?<\/strong><br data-start=\"6510\" data-end=\"6513\" \/>O MXP \u00e9 um <strong data-start=\"6524\" data-end=\"6557\">diariletilamina sint\u00e9tica<\/strong> e <strong data-start=\"6561\" data-end=\"6596\">An\u00e1logo antagonista do recetor NMDA<\/strong>, A subst\u00e2ncia \u00e9 uma subst\u00e2ncia semelhante \u00e0 cetamina ou a subst\u00e2ncias semelhantes \u00e0 PCP, utilizada na investiga\u00e7\u00e3o qu\u00edmica e farmacol\u00f3gica.<\/p>\n<p data-start=\"6702\" data-end=\"6907\"><strong data-start=\"6702\" data-end=\"6750\">2. Para que \u00e9 que o MXP \u00e9 utilizado na investiga\u00e7\u00e3o?<\/strong><br data-start=\"6750\" data-end=\"6753\" \/>\u00c9 aplicado em <strong data-start=\"6776\" data-end=\"6814\">estudos anal\u00edticos e forenses<\/strong> aos receptores NMDA, metabolismo e compara\u00e7\u00f5es estruturais de compostos relacionados.<\/p>\n<p data-start=\"6909\" data-end=\"7169\"><strong data-start=\"6909\" data-end=\"6946\">3. \u00c9 legal comprar MXP?<\/strong><br data-start=\"6946\" data-end=\"6949\" \/>O <strong data-start=\"6952\" data-end=\"6974\">legalidade do MXP<\/strong> varia consoante o pa\u00eds. Nalguns pa\u00edses \u00e9 permitida para fins de investiga\u00e7\u00e3o, noutros \u00e9 abrangida por subst\u00e2ncias controladas. Verifique sempre a legisla\u00e7\u00e3o local antes de <strong data-start=\"7153\" data-end=\"7166\">MXP compra<\/strong>. <a href=\"https:\/\/researchchemicalsweb.com\/pt\/shop\/okategoriserad\/comprar-4mmc\/\">Comprar 4mmc<\/a><\/p>","protected":false},"excerpt":{"rendered":"<h3><span dir=\"auto\" style=\"vertical-align: inherit;\"><span dir=\"auto\" style=\"vertical-align: inherit;\">MXP properties<\/span><\/span><\/h3>\n<p><strong><span dir=\"auto\" style=\"vertical-align: inherit;\"><span dir=\"auto\" style=\"vertical-align: inherit;\">Synonym:<\/span><\/span><\/strong><span dir=\"auto\" style=\"vertical-align: inherit;\"><span dir=\"auto\" style=\"vertical-align: inherit;\"> Methoxphenidine, Methoxyphenidine, MXP, 2-MXP <\/span><\/span><br \/>\n<strong><span dir=\"auto\" style=\"vertical-align: inherit;\"><span dir=\"auto\" style=\"vertical-align: inherit;\">CAS Number:<\/span><\/span><\/strong><span dir=\"auto\" style=\"vertical-align: inherit;\"><span dir=\"auto\" style=\"vertical-align: inherit;\"> 127529-46-8 <\/span><\/span><br \/>\n<strong><span dir=\"auto\" style=\"vertical-align: inherit;\"><span dir=\"auto\" style=\"vertical-align: inherit;\">Formula: <\/span><\/span><\/strong> <span title=\"Carbon\"><span dir=\"auto\" style=\"vertical-align: inherit;\"><span dir=\"auto\" style=\"vertical-align: inherit;\">C <\/span><\/span><\/span><sub><span dir=\"auto\" style=\"vertical-align: inherit;\"><span dir=\"auto\" style=\"vertical-align: inherit;\">20 <\/span><\/span><\/sub><span title=\"Hydrogen\"><span dir=\"auto\" style=\"vertical-align: inherit;\"><span dir=\"auto\" style=\"vertical-align: inherit;\">H <\/span><\/span><\/span><sub><span dir=\"auto\" style=\"vertical-align: inherit;\"><span dir=\"auto\" style=\"vertical-align: inherit;\">25 <\/span><\/span><\/sub><span title=\"Nitrogen\"><span dir=\"auto\" style=\"vertical-align: inherit;\"><span dir=\"auto\" style=\"vertical-align: inherit;\">N <\/span><\/span><\/span><span title=\"Oxygen\"><span dir=\"auto\" style=\"vertical-align: inherit;\"><span dir=\"auto\" style=\"vertical-align: inherit;\">O <\/span><\/span><\/span><br \/>\n<strong><span dir=\"auto\" style=\"vertical-align: inherit;\"><span dir=\"auto\" style=\"vertical-align: inherit;\">Mole mass:<\/span><\/span><\/strong><span dir=\"auto\" style=\"vertical-align: inherit;\"><span dir=\"auto\" style=\"vertical-align: inherit;\"> 295.426 g\/mol <\/span><\/span><br \/>\n<strong><span dir=\"auto\" style=\"vertical-align: inherit;\"><span dir=\"auto\" style=\"vertical-align: inherit;\">Purity:<\/span><\/span><\/strong><span dir=\"auto\" style=\"vertical-align: inherit;\"><span dir=\"auto\" style=\"vertical-align: inherit;\"> &gt;97%<\/span><\/span><\/p>","protected":false},"featured_media":20370,"comment_status":"closed","ping_status":"closed","template":"","meta":[],"product_brand":[79],"product_cat":[154,699,82],"product_tag":[700,701,702,703,704,78],"class_list":{"0":"post-19500","1":"product","2":"type-product","3":"status-publish","4":"has-post-thumbnail","6":"product_brand-research-chemical","7":"product_cat-arylcyclohexylamines","8":"product_cat-mxp","9":"product_cat-sale","10":"product_tag-buy-methoxphenidine","11":"product_tag-buy-methoxphenidine-crystal","12":"product_tag-methoxphenidine","13":"product_tag-methoxphenidine-buy","14":"product_tag-methoxphenidine-crystal","15":"product_tag-nl","17":"first","18":"instock","19":"sale","20":"shipping-taxable","21":"purchasable","22":"product-type-variable"},"_links":{"self":[{"href":"https:\/\/researchchemicalsweb.com\/pt\/wp-json\/wp\/v2\/product\/19500","targetHints":{"allow":["GET"]}}],"collection":[{"href":"https:\/\/researchchemicalsweb.com\/pt\/wp-json\/wp\/v2\/product"}],"about":[{"href":"https:\/\/researchchemicalsweb.com\/pt\/wp-json\/wp\/v2\/types\/product"}],"replies":[{"embeddable":true,"href":"https:\/\/researchchemicalsweb.com\/pt\/wp-json\/wp\/v2\/comments?post=19500"}],"version-history":[{"count":1,"href":"https:\/\/researchchemicalsweb.com\/pt\/wp-json\/wp\/v2\/product\/19500\/revisions"}],"predecessor-version":[{"id":19519,"href":"https:\/\/researchchemicalsweb.com\/pt\/wp-json\/wp\/v2\/product\/19500\/revisions\/19519"}],"wp:featuredmedia":[{"embeddable":true,"href":"https:\/\/researchchemicalsweb.com\/pt\/wp-json\/wp\/v2\/media\/20370"}],"wp:attachment":[{"href":"https:\/\/researchchemicalsweb.com\/pt\/wp-json\/wp\/v2\/media?parent=19500"}],"wp:term":[{"taxonomy":"product_brand","embeddable":true,"href":"https:\/\/researchchemicalsweb.com\/pt\/wp-json\/wp\/v2\/product_brand?post=19500"},{"taxonomy":"product_cat","embeddable":true,"href":"https:\/\/researchchemicalsweb.com\/pt\/wp-json\/wp\/v2\/product_cat?post=19500"},{"taxonomy":"product_tag","embeddable":true,"href":"https:\/\/researchchemicalsweb.com\/pt\/wp-json\/wp\/v2\/product_tag?post=19500"}],"curies":[{"name":"wp","href":"https:\/\/api.w.org\/{rel}","templated":true}]}}