{"id":19249,"date":"2025-12-16T21:01:46","date_gmt":"2025-12-16T21:01:46","guid":{"rendered":"https:\/\/researchchemicalsweb.com\/?post_type=product&#038;p=19249"},"modified":"2026-02-17T14:21:41","modified_gmt":"2026-02-17T14:21:41","slug":"d-mex-dmxe-40mg-pellets","status":"publish","type":"product","link":"https:\/\/researchchemicalsweb.com\/pt\/produto\/d-mex-dmxe-40mg-pellets\/","title":{"rendered":"D-MEX DMXE 40mg Pellets"},"content":{"rendered":"<h3 data-start=\"4075\" data-end=\"4096\"><strong data-start=\"4079\" data-end=\"4094\">Introdu\u00e7\u00e3o<\/strong><\/h3>\n<p data-start=\"4097\" data-end=\"4511\"><strong data-start=\"4097\" data-end=\"4124\">D-MEX DMXE 40mg Pellets<\/strong> bevatten <strong data-start=\"4134\" data-end=\"4175\">nauwkeurig afgewogen pellets van 40mg<\/strong> <strong data-start=\"4176\" data-end=\"4208\">DMXE (3D-Methoxy-2\u2032-oxo-PCE)<\/strong> \u2014 een <strong data-start=\"4215\" data-end=\"4262\">dissociatieve arylcyclohexylamineverbinding<\/strong> binnen de <strong data-start=\"4273\" data-end=\"4308\">NMDA-receptorantagonistenklasse<\/strong>. dmxe psychonaut<br data-start=\"4309\" data-end=\"4312\" \/>Structureel is <strong data-start=\"4327\" data-end=\"4380\">DMXE (ook bekend als Deoxymethoxetamine of D-MEX)<\/strong> verwant aan <strong data-start=\"4393\" data-end=\"4400\">MXE<\/strong> e <strong data-start=\"4404\" data-end=\"4411\">DXE<\/strong>, waardoor het een waardevolle stof is voor <strong data-start=\"4455\" data-end=\"4508\">neurochemisch, forensisch en analytisch onderzoek<\/strong>.<\/p>\n<p data-start=\"4513\" data-end=\"4764\">Elke pellet wordt geproduceerd met een <strong data-start=\"4552\" data-end=\"4588\">laboratoriumzuiverheid van \u2265 98%<\/strong> en verpakt in een <strong data-start=\"4607\" data-end=\"4641\">beschermende blisterverpakking<\/strong> voor stabiliteit en nauwkeurigheid. De <strong data-start=\"4681\" data-end=\"4695\">40mg dosis<\/strong> is ideaal voor <strong data-start=\"4711\" data-end=\"4761\">chromatografische en spectroscopische analyses<\/strong>.<\/p>\n<blockquote data-start=\"4766\" data-end=\"4912\">\n<p data-start=\"4768\" data-end=\"4912\">\u26a0\ufe0f <strong data-start=\"4771\" data-end=\"4782\">Nota:<\/strong> Este produto destina-se exclusivamente a <strong data-start=\"4823\" data-end=\"4858\">onderzoek en analytisch gebruik<\/strong> \u2014 <strong data-start=\"4861\" data-end=\"4909\">n\u00e3o se destina ao consumo humano ou animal<\/strong>.<\/p>\n<\/blockquote>\n<hr data-start=\"4914\" data-end=\"4917\" \/>\n<h3 data-start=\"4919\" data-end=\"4950\"><strong data-start=\"4923\" data-end=\"4950\">Carater\u00edsticas principais<\/strong><\/h3>\n<div class=\"_tableContainer_1rjym_1\">\n<div class=\"group _tableWrapper_1rjym_13 flex w-fit flex-col-reverse\" tabindex=\"-1\">\n<table class=\"w-fit min-w-(--thread-content-width)\" data-start=\"4952\" data-end=\"5502\">\n<thead data-start=\"4952\" data-end=\"4978\">\n<tr data-start=\"4952\" data-end=\"4978\">\n<th data-start=\"4952\" data-end=\"4962\" data-col-size=\"sm\">Carater\u00edstica<\/th>\n<th data-start=\"4962\" data-end=\"4978\" data-col-size=\"md\">Descri\u00e7\u00e3o<\/th>\n<\/tr>\n<\/thead>\n<tbody data-start=\"5007\" data-end=\"5502\">\n<tr data-start=\"5007\" data-end=\"5053\">\n<td data-start=\"5007\" data-end=\"5028\" data-col-size=\"sm\"><strong data-start=\"5009\" data-end=\"5027\">Nome qu\u00edmico<\/strong><\/td>\n<td data-start=\"5028\" data-end=\"5053\" data-col-size=\"md\">3D-Methoxy-2\u2032-oxo-PCE<\/td>\n<\/tr>\n<tr data-start=\"5054\" data-end=\"5095\">\n<td data-start=\"5054\" data-end=\"5079\" data-col-size=\"sm\"><strong data-start=\"5056\" data-end=\"5078\">Nome comum<\/strong><\/td>\n<td data-start=\"5079\" data-end=\"5095\" data-col-size=\"md\">DMXE \/ D-MEX<\/td>\n<\/tr>\n<tr data-start=\"5096\" data-end=\"5133\">\n<td data-start=\"5096\" data-end=\"5120\" data-col-size=\"sm\"><strong data-start=\"5098\" data-end=\"5119\">F\u00f3rmula qu\u00edmica<\/strong><\/td>\n<td data-start=\"5120\" data-end=\"5133\" data-col-size=\"md\">C\u2081\u2084H\u2081\u2089NO\u2082<\/td>\n<\/tr>\n<tr data-start=\"5134\" data-end=\"5172\">\n<td data-start=\"5134\" data-end=\"5156\" data-col-size=\"sm\"><strong data-start=\"5136\" data-end=\"5155\">Peso molecular<\/strong><\/td>\n<td data-start=\"5156\" data-end=\"5172\" data-col-size=\"md\">233,31 g\/mol<\/td>\n<\/tr>\n<tr data-start=\"5173\" data-end=\"5207\">\n<td data-start=\"5173\" data-end=\"5188\" data-col-size=\"sm\"><strong data-start=\"5175\" data-end=\"5187\">Dosering<\/strong><\/td>\n<td data-start=\"5188\" data-end=\"5207\" data-col-size=\"md\">40mg per pellet<\/td>\n<\/tr>\n<tr data-start=\"5208\" data-end=\"5255\">\n<td data-start=\"5208\" data-end=\"5219\" data-col-size=\"sm\"><strong data-start=\"5210\" data-end=\"5218\">Formul\u00e1rio<\/strong><\/td>\n<td data-start=\"5219\" data-end=\"5255\" data-col-size=\"md\">Vaste pellet (blisterverpakking)<\/td>\n<\/tr>\n<tr data-start=\"5256\" data-end=\"5307\">\n<td data-start=\"5256\" data-end=\"5273\" data-col-size=\"sm\"><strong data-start=\"5258\" data-end=\"5272\">Pureza<\/strong><\/td>\n<td data-start=\"5273\" data-end=\"5307\" data-col-size=\"md\">\u2265 98% (getest via HPLC en NMR)<\/td>\n<\/tr>\n<tr data-start=\"5308\" data-end=\"5372\">\n<td data-start=\"5308\" data-end=\"5331\" data-col-size=\"sm\"><strong data-start=\"5310\" data-end=\"5330\">Classe qu\u00edmica<\/strong><\/td>\n<td data-start=\"5331\" data-end=\"5372\" data-col-size=\"md\">Arylcyclohexylamine \/ NMDA-antagonist<\/td>\n<\/tr>\n<tr data-start=\"5373\" data-end=\"5452\">\n<td data-start=\"5373\" data-end=\"5387\" data-col-size=\"sm\"><strong data-start=\"5375\" data-end=\"5386\">Utiliza\u00e7\u00e3o<\/strong><\/td>\n<td data-start=\"5387\" data-end=\"5452\" data-col-size=\"md\">Alleen voor analytisch, forensisch en neurochemisch onderzoek<\/td>\n<\/tr>\n<tr data-start=\"5453\" data-end=\"5502\">\n<td data-start=\"5453\" data-end=\"5470\" data-col-size=\"sm\"><strong data-start=\"5455\" data-end=\"5469\">Verpakking<\/strong><\/td>\n<td data-start=\"5470\" data-end=\"5502\" data-col-size=\"md\">Blisterstrip met verzegeling<\/td>\n<\/tr>\n<\/tbody>\n<\/table>\n<\/div>\n<\/div>\n<hr data-start=\"5504\" data-end=\"5507\" \/>\n<h3 data-start=\"5509\" data-end=\"5526\"><strong data-start=\"5513\" data-end=\"5526\">Vantagens<\/strong><\/h3>\n<ul data-start=\"5528\" data-end=\"5976\">\n<li data-start=\"5528\" data-end=\"5620\">\n<p data-start=\"5530\" data-end=\"5620\"><strong data-start=\"5530\" data-end=\"5549\">Hoge Zuiverheid<\/strong> \u2013 \u2265 98% laboratoriumkwaliteit voor betrouwbare onderzoeksresultaten.<\/p>\n<\/li>\n<li data-start=\"5621\" data-end=\"5700\">\n<p data-start=\"5623\" data-end=\"5700\"><strong data-start=\"5623\" data-end=\"5647\">Nauwkeurige Dosering<\/strong> \u2013 40mg per pellet zorgt voor consistente metingen.<\/p>\n<\/li>\n<li data-start=\"5701\" data-end=\"5787\">\n<p data-start=\"5703\" data-end=\"5787\"><strong data-start=\"5703\" data-end=\"5728\">Beschermde Verpakking<\/strong> \u2013 Blisterverpakking voorkomt contaminatie en degradatie.<\/p>\n<\/li>\n<li data-start=\"5788\" data-end=\"5881\">\n<p data-start=\"5790\" data-end=\"5881\"><strong data-start=\"5790\" data-end=\"5820\">Breed Onderzoekstoepasbaar<\/strong> \u2013 Geschikt voor GC\/MS, LC-MS, FTIR, HPLC en spectroscopie.<\/p>\n<\/li>\n<li data-start=\"5882\" data-end=\"5976\">\n<p data-start=\"5884\" data-end=\"5976\"><strong data-start=\"5884\" data-end=\"5912\">Gecontroleerde Productie<\/strong> \u2013 Volledig traceerbare productie onder laboratoriumcondities.<\/p>\n<\/li>\n<\/ul>\n<hr data-start=\"5978\" data-end=\"5981\" \/>\n<h3 data-start=\"5983\" data-end=\"6035\"><strong data-start=\"5987\" data-end=\"6033\">Utiliza\u00e7\u00e3o (apenas para fins de investiga\u00e7\u00e3o)<\/strong><\/h3>\n<ol data-start=\"6037\" data-end=\"6479\">\n<li data-start=\"6037\" data-end=\"6148\">\n<p data-start=\"6040\" data-end=\"6148\"><strong data-start=\"6040\" data-end=\"6055\">Manuseamento:<\/strong> Gebruik handschoenen, veiligheidsbril en labjas; werk onder gecontroleerde omstandigheden.<\/p>\n<\/li>\n<li data-start=\"6149\" data-end=\"6232\">\n<p data-start=\"6152\" data-end=\"6232\"><strong data-start=\"6152\" data-end=\"6165\">Medidas:<\/strong> Elke pellet bevat 40mg; gebruik uitsluitend in het laboratorium.<\/p>\n<\/li>\n<li data-start=\"6233\" data-end=\"6311\">\n<p data-start=\"6236\" data-end=\"6311\"><strong data-start=\"6236\" data-end=\"6247\">Armazenamento:<\/strong> Bewaar koel (2\u20138\u00b0C), droog en donker in originele verpakking.<\/p>\n<\/li>\n<li data-start=\"6312\" data-end=\"6403\">\n<p data-start=\"6315\" data-end=\"6403\"><strong data-start=\"6315\" data-end=\"6327\">An\u00e1lise:<\/strong> Geschikt voor chromatografie, spectroscopie en forensische identificatie.<\/p>\n<\/li>\n<li data-start=\"6404\" data-end=\"6479\">\n<p data-start=\"6407\" data-end=\"6479\"><strong data-start=\"6407\" data-end=\"6424\">Documenta\u00e7\u00e3o:<\/strong> Noteer batchnummers en testresultaten voor naleving. dmxe psychonaut<\/p>\n<\/li>\n<\/ol>\n<hr data-start=\"6481\" data-end=\"6484\" \/>\n<h3 data-start=\"6486\" data-end=\"6521\"><strong data-start=\"6490\" data-end=\"6519\">Perguntas frequentes (FAQ)<\/strong><\/h3>\n<p data-start=\"6523\" data-end=\"6721\"><strong data-start=\"6523\" data-end=\"6550\">1. Wat is DMXE (D-MEX)?<\/strong><br data-start=\"6550\" data-end=\"6553\" \/><strong data-start=\"6553\" data-end=\"6585\">DMXE (3D-Methoxy-2\u2032-oxo-PCE)<\/strong>, tamb\u00e9m conhecido por <strong data-start=\"6602\" data-end=\"6611\">D-MEX<\/strong>, \u00e9 um <strong data-start=\"6620\" data-end=\"6648\">dissociatieve verbinding<\/strong> die wordt gebruikt in laboratoriumonderzoek naar NMDA-receptorbinding.<\/p>\n<p data-start=\"6723\" data-end=\"6869\"><strong data-start=\"6723\" data-end=\"6771\">2. Wat zit er in de D-MEX DMXE 40mg Pellets?<\/strong><br data-start=\"6771\" data-end=\"6774\" \/>Cada pellet cont\u00e9m <strong data-start=\"6792\" data-end=\"6824\">40mg DMXE (\u2265 98% zuiverheid)<\/strong>, geproduceerd onder laboratoriumcondities. <a href=\"https:\/\/researchchemicalsweb.com\/pt\/shop\/okategoriserad\/comprar-4mmc\/\">Comprar 4mmc<\/a><a href=\"https:\/\/researchchemicalsweb.com\/pt\/shop\/okategoriserad\/benzocaine-powder\/\">benzocaine powder<\/a><\/p>\n<p data-start=\"6871\" data-end=\"7079\"><strong data-start=\"6871\" data-end=\"6909\">3. Is het legaal om DMXE te kopen?<\/strong><br data-start=\"6909\" data-end=\"6912\" \/>O <strong data-start=\"6915\" data-end=\"6938\">legaliteit van DMXE<\/strong> verschilt per land. In sommige landen valt het onder gereguleerde stoffen. Controleer altijd de lokale wetgeving voordat u <strong data-start=\"7062\" data-end=\"7076\">DMXE koopt<\/strong>.<\/p>\n<div class=\"markdown-table-wrapper\"><\/div>","protected":false},"excerpt":{"rendered":"<p>Introductie D-MEX DMXE 40mg Pellets bevatten nauwkeurig afgewogen pellets van 40mg DMXE (3D-Methoxy-2\u2032-oxo-PCE) \u2014 een dissociatieve arylcyclohexylamineverbinding binnen de NMDA-receptorantagonistenklasse.<\/p>","protected":false},"featured_media":20310,"comment_status":"closed","ping_status":"closed","template":"","meta":[],"product_brand":[79],"product_cat":[154,178,232,127,82],"product_tag":[179,181,78],"class_list":{"0":"post-19249","1":"product","2":"type-product","3":"status-publish","4":"has-post-thumbnail","6":"product_brand-research-chemical","7":"product_cat-arylcyclohexylamines","8":"product_cat-dmxe","9":"product_cat-dmxe-pellets","10":"product_cat-pellets","11":"product_cat-sale","12":"product_tag-dmxe","13":"product_tag-dmxe-psychonaut","14":"product_tag-nl","16":"first","17":"instock","18":"sale","19":"shipping-taxable","20":"purchasable","21":"product-type-variable"},"_links":{"self":[{"href":"https:\/\/researchchemicalsweb.com\/pt\/wp-json\/wp\/v2\/product\/19249","targetHints":{"allow":["GET"]}}],"collection":[{"href":"https:\/\/researchchemicalsweb.com\/pt\/wp-json\/wp\/v2\/product"}],"about":[{"href":"https:\/\/researchchemicalsweb.com\/pt\/wp-json\/wp\/v2\/types\/product"}],"replies":[{"embeddable":true,"href":"https:\/\/researchchemicalsweb.com\/pt\/wp-json\/wp\/v2\/comments?post=19249"}],"version-history":[{"count":1,"href":"https:\/\/researchchemicalsweb.com\/pt\/wp-json\/wp\/v2\/product\/19249\/revisions"}],"predecessor-version":[{"id":19302,"href":"https:\/\/researchchemicalsweb.com\/pt\/wp-json\/wp\/v2\/product\/19249\/revisions\/19302"}],"wp:featuredmedia":[{"embeddable":true,"href":"https:\/\/researchchemicalsweb.com\/pt\/wp-json\/wp\/v2\/media\/20310"}],"wp:attachment":[{"href":"https:\/\/researchchemicalsweb.com\/pt\/wp-json\/wp\/v2\/media?parent=19249"}],"wp:term":[{"taxonomy":"product_brand","embeddable":true,"href":"https:\/\/researchchemicalsweb.com\/pt\/wp-json\/wp\/v2\/product_brand?post=19249"},{"taxonomy":"product_cat","embeddable":true,"href":"https:\/\/researchchemicalsweb.com\/pt\/wp-json\/wp\/v2\/product_cat?post=19249"},{"taxonomy":"product_tag","embeddable":true,"href":"https:\/\/researchchemicalsweb.com\/pt\/wp-json\/wp\/v2\/product_tag?post=19249"}],"curies":[{"name":"wp","href":"https:\/\/api.w.org\/{rel}","templated":true}]}}