{"id":18974,"date":"2025-12-16T20:52:58","date_gmt":"2025-12-16T20:52:58","guid":{"rendered":"https:\/\/researchchemicalsweb.com\/?post_type=product&#038;p=18974"},"modified":"2026-02-17T14:24:16","modified_gmt":"2026-02-17T14:24:16","slug":"1d-lsd-2","status":"publish","type":"product","link":"https:\/\/researchchemicalsweb.com\/pt\/produto\/1d-lsd-2\/","title":{"rendered":"1D-LSD 225mcg Pellets"},"content":{"rendered":"<h3 data-start=\"5974\" data-end=\"5993\"><strong data-start=\"5978\" data-end=\"5993\">Introdu\u00e7\u00e3o<\/strong><\/h3>\n<p data-start=\"5995\" data-end=\"6298\"><strong data-start=\"5995\" data-end=\"6020\">1D-LSD 225mcg Pellets<\/strong> seu <strong data-start=\"6026\" data-end=\"6073\">subst\u00e2ncias de ensaio de qualidade laboratorial<\/strong>, destinado a <strong data-start=\"6088\" data-end=\"6132\">investiga\u00e7\u00e3o cient\u00edfica e anal\u00edtica<\/strong>. Cada granulado cont\u00e9m <strong data-start=\"6152\" data-end=\"6226\">225 microgramas (mcg) 1D-LSD (dietilamida do \u00e1cido lis\u00e9rgico)<\/strong>, formulado para <strong data-start=\"6246\" data-end=\"6295\">pureza, precis\u00e3o e estabilidade qu\u00edmica<\/strong>. Ordena\u00e7\u00e3o 1D-LSD<\/p>\n<p data-start=\"6300\" data-end=\"6583\">Os granulados s\u00e3o ideais para <strong data-start=\"6328\" data-end=\"6367\">investiga\u00e7\u00e3o de an\u00e1logos da lisergamida<\/strong>, <strong data-start=\"6369\" data-end=\"6388\">liga\u00e7\u00e3o ao recetor<\/strong> e <strong data-start=\"6392\" data-end=\"6428\">an\u00e1lises qu\u00edmicas quantitativas<\/strong>. S\u00e3o produzidos de acordo com rigorosas <strong data-start=\"6469\" data-end=\"6493\">Normas de qualidade BPL<\/strong> para garantir a coer\u00eancia e a fiabilidade em ambientes de investiga\u00e7\u00e3o profissional.<\/p>\n<blockquote data-start=\"6585\" data-end=\"6723\">\n<p data-start=\"6587\" data-end=\"6723\">\u26a0\ufe0f <strong data-start=\"6590\" data-end=\"6601\">Nota:<\/strong> Este produto destina-se exclusivamente a <strong data-start=\"6642\" data-end=\"6667\">investiga\u00e7\u00e3o laboratorial<\/strong>. N\u00e3o \u00e9 adequado para consumo humano ou animal.<\/p>\n<\/blockquote>\n<hr data-start=\"6725\" data-end=\"6728\" \/>\n<h3 data-start=\"6730\" data-end=\"6761\"><strong data-start=\"6734\" data-end=\"6761\">Carater\u00edsticas principais<\/strong><\/h3>\n<ul data-start=\"6763\" data-end=\"7251\">\n<li data-start=\"6763\" data-end=\"6826\">\n<p data-start=\"6765\" data-end=\"6826\"><strong data-start=\"6765\" data-end=\"6787\">Dosagem exacta:<\/strong> Cada pellet cont\u00e9m <strong data-start=\"6806\" data-end=\"6823\">225mcg 1D-LSD<\/strong>.<\/p>\n<\/li>\n<li data-start=\"6827\" data-end=\"6906\">\n<p data-start=\"6829\" data-end=\"6906\"><strong data-start=\"6829\" data-end=\"6849\">Alta pureza:<\/strong> Grau de laborat\u00f3rio com pureza anal\u00edtica \u226599%.<\/p>\n<\/li>\n<li data-start=\"6907\" data-end=\"6994\">\n<p data-start=\"6909\" data-end=\"6994\"><strong data-start=\"6909\" data-end=\"6935\">Estabilidade qu\u00edmica:<\/strong> Concebidos para armazenamento a longo prazo e utiliza\u00e7\u00e3o fi\u00e1vel. Encomendar 1D-LSD<\/p>\n<\/li>\n<li data-start=\"6995\" data-end=\"7070\">\n<p data-start=\"6997\" data-end=\"7070\"><strong data-start=\"6997\" data-end=\"7024\">Resultados consistentes:<\/strong> Dados repet\u00edveis em v\u00e1rias experi\u00eancias.<\/p>\n<\/li>\n<li data-start=\"7071\" data-end=\"7153\">\n<p data-start=\"7073\" data-end=\"7153\"><strong data-start=\"7073\" data-end=\"7096\">Embalagem segura:<\/strong> Selado e resistente \u00e0 humidade para uma prote\u00e7\u00e3o m\u00e1xima.<\/p>\n<\/li>\n<li data-start=\"7154\" data-end=\"7251\">\n<p data-start=\"7156\" data-end=\"7251\"><strong data-start=\"7156\" data-end=\"7186\">Forma f\u00e1cil de utilizar:<\/strong> O tamanho dos gr\u00e2nulos evita a contamina\u00e7\u00e3o e facilita a dosagem.<\/p>\n<\/li>\n<\/ul>\n<hr data-start=\"7253\" data-end=\"7256\" \/>\n<h3 data-start=\"7258\" data-end=\"7275\"><strong data-start=\"7262\" data-end=\"7275\">Vantagens<\/strong><\/h3>\n<ol data-start=\"7277\" data-end=\"7659\">\n<li data-start=\"7277\" data-end=\"7375\">\n<p data-start=\"7280\" data-end=\"7375\"><strong data-start=\"7280\" data-end=\"7317\">Resultados exactos do inqu\u00e9rito:<\/strong> Adequado para estudos que exijam microdosagem.<\/p>\n<\/li>\n<li data-start=\"7376\" data-end=\"7444\">\n<p data-start=\"7379\" data-end=\"7444\"><strong data-start=\"7379\" data-end=\"7401\">Utiliza\u00e7\u00e3o segura:<\/strong> Menos exposi\u00e7\u00e3o gra\u00e7as \u00e0 forma das pastilhas.<\/p>\n<\/li>\n<li data-start=\"7445\" data-end=\"7516\">\n<p data-start=\"7448\" data-end=\"7516\"><strong data-start=\"7448\" data-end=\"7472\">Qualidade constante:<\/strong> Composi\u00e7\u00e3o coerente entre lotes.<\/p>\n<\/li>\n<li data-start=\"7517\" data-end=\"7606\">\n<p data-start=\"7520\" data-end=\"7606\"><strong data-start=\"7520\" data-end=\"7553\">Cientificamente fi\u00e1vel:<\/strong> Produzido segundo normas de qualidade laboratorial.<\/p>\n<\/li>\n<li data-start=\"7607\" data-end=\"7659\">\n<p data-start=\"7610\" data-end=\"7659\"><strong data-start=\"7610\" data-end=\"7628\">Longa vida \u00fatil:<\/strong> Est\u00e1vel quando armazenado corretamente.<\/p>\n<\/li>\n<\/ol>\n<hr data-start=\"7661\" data-end=\"7664\" \/>\n<h3 data-start=\"7666\" data-end=\"7705\"><strong data-start=\"7670\" data-end=\"7705\">Utiliza\u00e7\u00e3o (apenas investiga\u00e7\u00e3o)<\/strong><\/h3>\n<ol data-start=\"7707\" data-end=\"8033\">\n<li data-start=\"7707\" data-end=\"7785\">\n<p data-start=\"7710\" data-end=\"7785\"><strong data-start=\"7710\" data-end=\"7742\">Utilizar vestu\u00e1rio de prote\u00e7\u00e3o<\/strong> (luvas, \u00f3culos de prote\u00e7\u00e3o, bata de laborat\u00f3rio).<\/p>\n<\/li>\n<li data-start=\"7786\" data-end=\"7861\">\n<p data-start=\"7789\" data-end=\"7861\"><strong data-start=\"7789\" data-end=\"7827\">Utilizar instrumentos calibrados<\/strong> para medir com exatid\u00e3o os granulados.<\/p>\n<\/li>\n<li data-start=\"7862\" data-end=\"7913\">\n<p data-start=\"7865\" data-end=\"7913\"><strong data-start=\"7865\" data-end=\"7889\">Registar dados do lote<\/strong> para a rastreabilidade.<\/p>\n<\/li>\n<li data-start=\"7914\" data-end=\"7973\">\n<p data-start=\"7917\" data-end=\"7973\"><strong data-start=\"7917\" data-end=\"7948\">Guardar os restos de pellets<\/strong> fresco, seco e escuro.<\/p>\n<\/li>\n<li data-start=\"7974\" data-end=\"8033\">\n<p data-start=\"7977\" data-end=\"8033\"><strong data-start=\"7977\" data-end=\"7996\">Remover res\u00edduos<\/strong> de acordo com os regulamentos do laborat\u00f3rio.<\/p>\n<\/li>\n<\/ol>\n<blockquote data-start=\"8035\" data-end=\"8142\">\n<p data-start=\"8037\" data-end=\"8142\">\u26a0\ufe0f <strong data-start=\"8040\" data-end=\"8098\">N\u00e3o \u00e9 adequado para consumo humano ou animal.<\/strong> Apenas para <strong data-start=\"8111\" data-end=\"8141\">investiga\u00e7\u00e3o cient\u00edfica<\/strong>.<\/p>\n<\/blockquote>\n<hr data-start=\"8144\" data-end=\"8147\" \/>\n<h3 data-start=\"8149\" data-end=\"8174\"><strong data-start=\"8153\" data-end=\"8174\">Instru\u00e7\u00f5es de armazenamento<\/strong><\/h3>\n<ul data-start=\"8176\" data-end=\"8341\">\n<li data-start=\"8176\" data-end=\"8218\">\n<p data-start=\"8178\" data-end=\"8218\">Guardar em <strong data-start=\"8189\" data-end=\"8198\">2-8\u00b0C<\/strong>, escuro e seco.<\/p>\n<\/li>\n<li data-start=\"8219\" data-end=\"8258\">\n<p data-start=\"8221\" data-end=\"8258\">Manter o recipiente bem fechado.<\/p>\n<\/li>\n<li data-start=\"8259\" data-end=\"8298\">\n<p data-start=\"8261\" data-end=\"8298\">Evitar o contacto com a humidade e a luz.<\/p>\n<\/li>\n<li data-start=\"8299\" data-end=\"8341\">\n<p data-start=\"8301\" data-end=\"8341\">Manter fora do alcance de pessoas n\u00e3o autorizadas.<\/p>\n<\/li>\n<\/ul>\n<hr data-start=\"8343\" data-end=\"8346\" \/>\n<h3 data-start=\"8348\" data-end=\"8383\"><strong data-start=\"8352\" data-end=\"8383\">Perguntas mais frequentes (FAQs)<\/strong><\/h3>\n<p data-start=\"8385\" data-end=\"8543\"><strong data-start=\"8385\" data-end=\"8439\">1. Para que \u00e9 utilizado o 1D-LSD 225mcg Pellets?<\/strong><br data-start=\"8439\" data-end=\"8442\" \/>Para <strong data-start=\"8447\" data-end=\"8491\">investiga\u00e7\u00e3o cient\u00edfica e anal\u00edtica<\/strong> aos an\u00e1logos da lisergamida e \u00e0s intera\u00e7\u00f5es com os receptores.<\/p>\n<p data-start=\"8545\" data-end=\"8703\"><strong data-start=\"8545\" data-end=\"8595\">2. Estes granulados s\u00e3o adequados para consumo?<\/strong><br data-start=\"8595\" data-end=\"8598\" \/>N\u00e3o. S\u00e3o <strong data-start=\"8611\" data-end=\"8661\">destinado exclusivamente a ensaios laboratoriais<\/strong> e <strong data-start=\"8665\" data-end=\"8700\">n\u00e3o destinado ao consumo humano<\/strong>.<\/p>\n<p data-start=\"8705\" data-end=\"8843\"><strong data-start=\"8705\" data-end=\"8739\">3. Qual \u00e9 a melhor forma de os armazenar?<\/strong><br data-start=\"8739\" data-end=\"8742\" \/>Guarde-os num <strong data-start=\"8759\" data-end=\"8793\">local fresco, seco e escuro<\/strong> entre <strong data-start=\"8801\" data-end=\"8810\">2-8\u00b0C<\/strong> em embalagens bem fechadas.<\/p>\n<hr data-start=\"8845\" data-end=\"8848\" \/>\n<h3 data-start=\"8850\" data-end=\"8867\"><strong data-start=\"8854\" data-end=\"8867\">Conclus\u00e3o<\/strong><\/h3>\n<p data-start=\"8869\" data-end=\"9103\"><strong data-start=\"8869\" data-end=\"8894\">1D-LSD 225mcg Pellets<\/strong> garantia <strong data-start=\"8913\" data-end=\"8962\">precis\u00e3o, pureza e fiabilidade<\/strong>, O sistema de an\u00e1lise de dados da Bayer \u00e9 um sistema de an\u00e1lise de dados desenvolvido para a investiga\u00e7\u00e3o anal\u00edtica profissional. Ideal para laborat\u00f3rios que procuram <strong data-start=\"9058\" data-end=\"9100\">precis\u00e3o e resultados reprodut\u00edveis<\/strong>.<\/p>","protected":false},"excerpt":{"rendered":"<p>Introductie 1D-LSD 225mcg Pellets zijn onderzoeksstoffen van laboratoriumkwaliteit, bedoeld voor wetenschappelijk en analytisch onderzoek. Elke pellet bevat 225 microgram (mcg)<\/p>","protected":false},"featured_media":20152,"comment_status":"closed","ping_status":"closed","template":"","meta":[],"product_brand":[],"product_cat":[503,504,102,127],"product_tag":[1017,452,309],"class_list":{"0":"post-18974","1":"product","2":"type-product","3":"status-publish","4":"has-post-thumbnail","6":"product_cat-1d-lsd","7":"product_cat-1d-lsd-pellets","8":"product_cat-lysergamides","9":"product_cat-pellets","10":"product_tag-1d-lsd","11":"product_tag-de","12":"product_tag-lsd-bestellen","14":"first","15":"instock","16":"shipping-taxable","17":"purchasable","18":"product-type-variable"},"_links":{"self":[{"href":"https:\/\/researchchemicalsweb.com\/pt\/wp-json\/wp\/v2\/product\/18974","targetHints":{"allow":["GET"]}}],"collection":[{"href":"https:\/\/researchchemicalsweb.com\/pt\/wp-json\/wp\/v2\/product"}],"about":[{"href":"https:\/\/researchchemicalsweb.com\/pt\/wp-json\/wp\/v2\/types\/product"}],"replies":[{"embeddable":true,"href":"https:\/\/researchchemicalsweb.com\/pt\/wp-json\/wp\/v2\/comments?post=18974"}],"version-history":[{"count":1,"href":"https:\/\/researchchemicalsweb.com\/pt\/wp-json\/wp\/v2\/product\/18974\/revisions"}],"predecessor-version":[{"id":19010,"href":"https:\/\/researchchemicalsweb.com\/pt\/wp-json\/wp\/v2\/product\/18974\/revisions\/19010"}],"wp:featuredmedia":[{"embeddable":true,"href":"https:\/\/researchchemicalsweb.com\/pt\/wp-json\/wp\/v2\/media\/20152"}],"wp:attachment":[{"href":"https:\/\/researchchemicalsweb.com\/pt\/wp-json\/wp\/v2\/media?parent=18974"}],"wp:term":[{"taxonomy":"product_brand","embeddable":true,"href":"https:\/\/researchchemicalsweb.com\/pt\/wp-json\/wp\/v2\/product_brand?post=18974"},{"taxonomy":"product_cat","embeddable":true,"href":"https:\/\/researchchemicalsweb.com\/pt\/wp-json\/wp\/v2\/product_cat?post=18974"},{"taxonomy":"product_tag","embeddable":true,"href":"https:\/\/researchchemicalsweb.com\/pt\/wp-json\/wp\/v2\/product_tag?post=18974"}],"curies":[{"name":"wp","href":"https:\/\/api.w.org\/{rel}","templated":true}]}}