{"id":18973,"date":"2025-12-16T20:52:58","date_gmt":"2025-12-16T20:52:58","guid":{"rendered":"https:\/\/researchchemicalsweb.com\/?post_type=product&#038;p=18973"},"modified":"2026-02-17T14:24:14","modified_gmt":"2026-02-17T14:24:14","slug":"1d-lsd-10-mcg-pellets-microdose","status":"publish","type":"product","link":"https:\/\/researchchemicalsweb.com\/pt\/produto\/1d-lsd-10-mcg-pellets-microdose\/","title":{"rendered":"1D-LSD 10 MCG Pellets - Microdose"},"content":{"rendered":"<h3 data-start=\"5807\" data-end=\"5826\"><strong data-start=\"5811\" data-end=\"5826\"><span dir=\"auto\" style=\"vertical-align: inherit;\"><span dir=\"auto\" style=\"vertical-align: inherit;\">Introdu\u00e7\u00e3o<\/span><\/span><\/strong><\/h3>\n<p data-start=\"5828\" data-end=\"6174\"><strong data-start=\"5828\" data-end=\"5871\"><span dir=\"auto\" style=\"vertical-align: inherit;\"><span dir=\"auto\" style=\"vertical-align: inherit;\">1D-LSD 10mcg Pellets - Edi\u00e7\u00e3o Microdose<\/span><\/span><\/strong><span dir=\"auto\" style=\"vertical-align: inherit;\"><span dir=\"auto\" style=\"vertical-align: inherit;\"> s\u00e3o <\/span><\/span><strong data-start=\"5877\" data-end=\"5924\"><span dir=\"auto\" style=\"vertical-align: inherit;\"><span dir=\"auto\" style=\"vertical-align: inherit;\">compostos de investiga\u00e7\u00e3o de qualidade laboratorial<\/span><\/span><\/strong><span dir=\"auto\" style=\"vertical-align: inherit;\"><span dir=\"auto\" style=\"vertical-align: inherit;\"> desenvolvido para <\/span><\/span><strong data-start=\"5942\" data-end=\"5986\"><span dir=\"auto\" style=\"vertical-align: inherit;\"><span dir=\"auto\" style=\"vertical-align: inherit;\">investiga\u00e7\u00e3o cient\u00edfica e anal\u00edtica<\/span><\/span><\/strong><span dir=\"auto\" style=\"vertical-align: inherit;\"><span dir=\"auto\" style=\"vertical-align: inherit;\"> . Cada granulado cont\u00e9m exatamente <\/span><\/span><strong data-start=\"6012\" data-end=\"6085\"><span dir=\"auto\" style=\"vertical-align: inherit;\"><span dir=\"auto\" style=\"vertical-align: inherit;\">10 microgramas (mcg) de 1D-LSD (dietilamida do \u00e1cido lis\u00e9rgico)<\/span><\/span><\/strong><span dir=\"auto\" style=\"vertical-align: inherit;\"><span dir=\"auto\" style=\"vertical-align: inherit;\"> , assegurando <\/span><\/span><strong data-start=\"6102\" data-end=\"6143\"><span dir=\"auto\" style=\"vertical-align: inherit;\"><span dir=\"auto\" style=\"vertical-align: inherit;\">precis\u00e3o e pureza excepcionais<\/span><\/span><\/strong><span dir=\"auto\" style=\"vertical-align: inherit;\"><span dir=\"auto\" style=\"vertical-align: inherit;\"> Na investiga\u00e7\u00e3o sobre microdoses. Microdose 1p LSD<\/span><\/span><\/p>\n<p data-start=\"6176\" data-end=\"6334\"><span dir=\"auto\" style=\"vertical-align: inherit;\"><span dir=\"auto\" style=\"vertical-align: inherit;\">Estes granulados s\u00e3o ideais para os investigadores que pretendam estudar <\/span><\/span><strong data-start=\"6223\" data-end=\"6247\"><span dir=\"auto\" style=\"vertical-align: inherit;\"><span dir=\"auto\" style=\"vertical-align: inherit;\">an\u00e1logos da lisergamida<\/span><\/span><\/strong><span dir=\"auto\" style=\"vertical-align: inherit;\"><span dir=\"auto\" style=\"vertical-align: inherit;\"> e <\/span><\/span><strong data-start=\"6251\" data-end=\"6277\"><span dir=\"auto\" style=\"vertical-align: inherit;\"><span dir=\"auto\" style=\"vertical-align: inherit;\">efeitos da microdosagem<\/span><\/span><\/strong><span dir=\"auto\" style=\"vertical-align: inherit;\"><span dir=\"auto\" style=\"vertical-align: inherit;\"> em condi\u00e7\u00f5es controladas.<\/span><\/span><\/p>\n<blockquote data-start=\"6336\" data-end=\"6474\">\n<p data-start=\"6338\" data-end=\"6474\"><span dir=\"auto\" style=\"vertical-align: inherit;\"><span dir=\"auto\" style=\"vertical-align: inherit;\">\u26a0\ufe0f <\/span><\/span><strong data-start=\"6341\" data-end=\"6352\"><span dir=\"auto\" style=\"vertical-align: inherit;\"><span dir=\"auto\" style=\"vertical-align: inherit;\">Aten\u00e7\u00e3o:<\/span><\/span><\/strong><span dir=\"auto\" style=\"vertical-align: inherit;\"><span dir=\"auto\" style=\"vertical-align: inherit;\"> Este produto destina-se a <\/span><\/span><strong data-start=\"6393\" data-end=\"6418\"><span dir=\"auto\" style=\"vertical-align: inherit;\"><span dir=\"auto\" style=\"vertical-align: inherit;\">testes laboratoriais<\/span><\/span><\/strong><span dir=\"auto\" style=\"vertical-align: inherit;\"><span dir=\"auto\" style=\"vertical-align: inherit;\"> apenas . N\u00e3o \u00e9 adequado para consumo humano ou animal.<\/span><\/span><\/p>\n<\/blockquote>\n<hr data-start=\"6476\" data-end=\"6479\" \/>\n<h3 data-start=\"6481\" data-end=\"6512\"><strong data-start=\"6485\" data-end=\"6512\"><span dir=\"auto\" style=\"vertical-align: inherit;\"><span dir=\"auto\" style=\"vertical-align: inherit;\">Carater\u00edsticas principais<\/span><\/span><\/strong><\/h3>\n<ul data-start=\"6514\" data-end=\"6999\">\n<li data-start=\"6514\" data-end=\"6613\">\n<p data-start=\"6516\" data-end=\"6613\"><strong data-start=\"6516\" data-end=\"6536\"><span dir=\"auto\" style=\"vertical-align: inherit;\"><span dir=\"auto\" style=\"vertical-align: inherit;\">Dosagem exacta:<\/span><\/span><\/strong><span dir=\"auto\" style=\"vertical-align: inherit;\"><span dir=\"auto\" style=\"vertical-align: inherit;\"> Cada pellet cont\u00e9m <\/span><\/span><strong data-start=\"6555\" data-end=\"6571\"><span dir=\"auto\" style=\"vertical-align: inherit;\"><span dir=\"auto\" style=\"vertical-align: inherit;\">10mcg ou 1D-LSD<\/span><\/span><\/strong><span dir=\"auto\" style=\"vertical-align: inherit;\"><span dir=\"auto\" style=\"vertical-align: inherit;\"> para estudos precisos de microdosagem.<\/span><\/span><\/p>\n<\/li>\n<li data-start=\"6614\" data-end=\"6704\">\n<p data-start=\"6616\" data-end=\"6704\"><strong data-start=\"6616\" data-end=\"6636\"><span dir=\"auto\" style=\"vertical-align: inherit;\"><span dir=\"auto\" style=\"vertical-align: inherit;\">Alta pureza:<\/span><\/span><\/strong><span dir=\"auto\" style=\"vertical-align: inherit;\"><span dir=\"auto\" style=\"vertical-align: inherit;\"> Grau anal\u00edtico \u226599%, testado em condi\u00e7\u00f5es laboratoriais.<\/span><\/span><\/p>\n<\/li>\n<li data-start=\"6705\" data-end=\"6772\">\n<p data-start=\"6707\" data-end=\"6772\"><strong data-start=\"6707\" data-end=\"6733\"><span dir=\"auto\" style=\"vertical-align: inherit;\"><span dir=\"auto\" style=\"vertical-align: inherit;\">Qualidade consistente:<\/span><\/span><\/strong><span dir=\"auto\" style=\"vertical-align: inherit;\"><span dir=\"auto\" style=\"vertical-align: inherit;\"> Produzido para <\/span><\/span><strong data-start=\"6755\" data-end=\"6769\"><span dir=\"auto\" style=\"vertical-align: inherit;\"><span dir=\"auto\" style=\"vertical-align: inherit;\">Normas BPL<\/span><\/span><\/strong><span dir=\"auto\" style=\"vertical-align: inherit;\"><span dir=\"auto\" style=\"vertical-align: inherit;\"> .<\/span><\/span><\/p>\n<\/li>\n<li data-start=\"6773\" data-end=\"6831\">\n<p data-start=\"6775\" data-end=\"6831\"><strong data-start=\"6775\" data-end=\"6796\"><span dir=\"auto\" style=\"vertical-align: inherit;\"><span dir=\"auto\" style=\"vertical-align: inherit;\">Quimicamente est\u00e1vel:<\/span><\/span><\/strong><span dir=\"auto\" style=\"vertical-align: inherit;\"><span dir=\"auto\" style=\"vertical-align: inherit;\"> Adequado para armazenamento a longo prazo. Microdose 1p LSD<\/span><\/span><\/p>\n<\/li>\n<li data-start=\"6832\" data-end=\"6916\">\n<p data-start=\"6834\" data-end=\"6916\"><strong data-start=\"6834\" data-end=\"6856\"><span dir=\"auto\" style=\"vertical-align: inherit;\"><span dir=\"auto\" style=\"vertical-align: inherit;\">Manuseamento seguro:<\/span><\/span><\/strong><span dir=\"auto\" style=\"vertical-align: inherit;\"><span dir=\"auto\" style=\"vertical-align: inherit;\"> A forma de pellets reduz a exposi\u00e7\u00e3o e o risco de contamina\u00e7\u00e3o.<\/span><\/span><\/p>\n<\/li>\n<li data-start=\"6917\" data-end=\"6999\">\n<p data-start=\"6919\" data-end=\"6999\"><strong data-start=\"6919\" data-end=\"6942\"><span dir=\"auto\" style=\"vertical-align: inherit;\"><span dir=\"auto\" style=\"vertical-align: inherit;\">Embalagem segura:<\/span><\/span><\/strong><span dir=\"auto\" style=\"vertical-align: inherit;\"><span dir=\"auto\" style=\"vertical-align: inherit;\"> Selado e resistente \u00e0 humidade para uma prote\u00e7\u00e3o m\u00e1xima.<\/span><\/span><\/p>\n<\/li>\n<\/ul>\n<hr data-start=\"7001\" data-end=\"7004\" \/>\n<h3 data-start=\"7006\" data-end=\"7023\"><strong data-start=\"7010\" data-end=\"7023\"><span dir=\"auto\" style=\"vertical-align: inherit;\"><span dir=\"auto\" style=\"vertical-align: inherit;\">Vantagens<\/span><\/span><\/strong><\/h3>\n<ol data-start=\"7025\" data-end=\"7421\">\n<li data-start=\"7025\" data-end=\"7126\">\n<p data-start=\"7028\" data-end=\"7126\"><strong data-start=\"7028\" data-end=\"7068\"><span dir=\"auto\" style=\"vertical-align: inherit;\"><span dir=\"auto\" style=\"vertical-align: inherit;\">Perfeito para a investiga\u00e7\u00e3o de microdoses:<\/span><\/span><\/strong><span dir=\"auto\" style=\"vertical-align: inherit;\"><span dir=\"auto\" style=\"vertical-align: inherit;\"> Concebido para experi\u00eancias laboratoriais ultra-precisas.<\/span><\/span><\/p>\n<\/li>\n<li data-start=\"7127\" data-end=\"7200\">\n<p data-start=\"7130\" data-end=\"7200\"><strong data-start=\"7130\" data-end=\"7161\"><span dir=\"auto\" style=\"vertical-align: inherit;\"><span dir=\"auto\" style=\"vertical-align: inherit;\">Resultados reprodut\u00edveis:<\/span><\/span><\/strong><span dir=\"auto\" style=\"vertical-align: inherit;\"><span dir=\"auto\" style=\"vertical-align: inherit;\"> Dados constantes em ensaios repetidos.<\/span><\/span><\/p>\n<\/li>\n<li data-start=\"7201\" data-end=\"7265\">\n<p data-start=\"7204\" data-end=\"7265\"><strong data-start=\"7204\" data-end=\"7226\"><span dir=\"auto\" style=\"vertical-align: inherit;\"><span dir=\"auto\" style=\"vertical-align: inherit;\">Utiliza\u00e7\u00e3o segura:<\/span><\/span><\/strong><span dir=\"auto\" style=\"vertical-align: inherit;\"><span dir=\"auto\" style=\"vertical-align: inherit;\"> Menor risco devido \u00e0 forma s\u00f3lida das pastilhas.<\/span><\/span><\/p>\n<\/li>\n<li data-start=\"7266\" data-end=\"7352\">\n<p data-start=\"7269\" data-end=\"7352\"><strong data-start=\"7269\" data-end=\"7295\"><span dir=\"auto\" style=\"vertical-align: inherit;\"><span dir=\"auto\" style=\"vertical-align: inherit;\">Qualidade do laborat\u00f3rio:<\/span><\/span><\/strong><span dir=\"auto\" style=\"vertical-align: inherit;\"><span dir=\"auto\" style=\"vertical-align: inherit;\"> Fi\u00e1vel para testes anal\u00edticos e qu\u00edmicos.<\/span><\/span><\/p>\n<\/li>\n<li data-start=\"7353\" data-end=\"7421\">\n<p data-start=\"7356\" data-end=\"7421\"><strong data-start=\"7356\" data-end=\"7374\"><span dir=\"auto\" style=\"vertical-align: inherit;\"><span dir=\"auto\" style=\"vertical-align: inherit;\">Longa vida \u00fatil:<\/span><\/span><\/strong><span dir=\"auto\" style=\"vertical-align: inherit;\"><span dir=\"auto\" style=\"vertical-align: inherit;\"> Mant\u00e9m-se est\u00e1vel em condi\u00e7\u00f5es de armazenamento corretas.<\/span><\/span><\/p>\n<\/li>\n<\/ol>\n<hr data-start=\"7423\" data-end=\"7426\" \/>\n<h3 data-start=\"7428\" data-end=\"7467\"><strong data-start=\"7432\" data-end=\"7467\"><span dir=\"auto\" style=\"vertical-align: inherit;\"><span dir=\"auto\" style=\"vertical-align: inherit;\">Utiliza\u00e7\u00e3o (apenas para investiga\u00e7\u00e3o)<\/span><\/span><\/strong><\/h3>\n<ol data-start=\"7469\" data-end=\"7825\">\n<li data-start=\"7469\" data-end=\"7534\">\n<p data-start=\"7472\" data-end=\"7534\"><strong data-start=\"7472\" data-end=\"7502\"><span dir=\"auto\" style=\"vertical-align: inherit;\"><span dir=\"auto\" style=\"vertical-align: inherit;\">Usar vestu\u00e1rio de prote\u00e7\u00e3o<\/span><\/span><\/strong><span dir=\"auto\" style=\"vertical-align: inherit;\"><span dir=\"auto\" style=\"vertical-align: inherit;\"> (luvas, \u00f3culos de prote\u00e7\u00e3o, bata de laborat\u00f3rio).<\/span><\/span><\/p>\n<\/li>\n<li data-start=\"7535\" data-end=\"7623\">\n<p data-start=\"7538\" data-end=\"7623\"><strong data-start=\"7538\" data-end=\"7576\"><span dir=\"auto\" style=\"vertical-align: inherit;\"><span dir=\"auto\" style=\"vertical-align: inherit;\">Utilizar instrumentos calibrados<\/span><\/span><\/strong><span dir=\"auto\" style=\"vertical-align: inherit;\"><span dir=\"auto\" style=\"vertical-align: inherit;\"> para medir a quantidade desejada de granulados.<\/span><\/span><\/p>\n<\/li>\n<li data-start=\"7624\" data-end=\"7695\">\n<p data-start=\"7627\" data-end=\"7695\"><strong data-start=\"7627\" data-end=\"7649\"><span dir=\"auto\" style=\"vertical-align: inherit;\"><span dir=\"auto\" style=\"vertical-align: inherit;\">Manusear com cuidado<\/span><\/span><\/strong><span dir=\"auto\" style=\"vertical-align: inherit;\"><span dir=\"auto\" style=\"vertical-align: inherit;\"> num ambiente laboratorial controlado.<\/span><\/span><\/p>\n<\/li>\n<li data-start=\"7696\" data-end=\"7754\">\n<p data-start=\"7699\" data-end=\"7754\"><strong data-start=\"7699\" data-end=\"7729\"><span dir=\"auto\" style=\"vertical-align: inherit;\"><span dir=\"auto\" style=\"vertical-align: inherit;\">Armazenar os granulados n\u00e3o utilizados<\/span><\/span><\/strong><span dir=\"auto\" style=\"vertical-align: inherit;\"><span dir=\"auto\" style=\"vertical-align: inherit;\"> num local fresco, seco e escuro.<\/span><\/span><\/p>\n<\/li>\n<li data-start=\"7755\" data-end=\"7825\">\n<p data-start=\"7758\" data-end=\"7825\"><strong data-start=\"7758\" data-end=\"7777\"><span dir=\"auto\" style=\"vertical-align: inherit;\"><span dir=\"auto\" style=\"vertical-align: inherit;\">Eliminar os res\u00edduos<\/span><\/span><\/strong><span dir=\"auto\" style=\"vertical-align: inherit;\"><span dir=\"auto\" style=\"vertical-align: inherit;\"> em conformidade com os regulamentos de seguran\u00e7a aplic\u00e1veis.<\/span><\/span><\/p>\n<\/li>\n<\/ol>\n<blockquote data-start=\"7827\" data-end=\"7904\">\n<p data-start=\"7829\" data-end=\"7904\"><span dir=\"auto\" style=\"vertical-align: inherit;\"><span dir=\"auto\" style=\"vertical-align: inherit;\">\u2697\ufe0f <\/span><\/span><strong data-start=\"7832\" data-end=\"7904\"><span dir=\"auto\" style=\"vertical-align: inherit;\"><span dir=\"auto\" style=\"vertical-align: inherit;\">Apenas para testes laboratoriais - n\u00e3o para consumo humano.<\/span><\/span><\/strong><\/p>\n<\/blockquote>\n<hr data-start=\"7906\" data-end=\"7909\" \/>\n<h3 data-start=\"7911\" data-end=\"7936\"><strong data-start=\"7915\" data-end=\"7936\"><span dir=\"auto\" style=\"vertical-align: inherit;\"><span dir=\"auto\" style=\"vertical-align: inherit;\">Instru\u00e7\u00f5es de armazenamento<\/span><\/span><\/strong><\/h3>\n<ul data-start=\"7938\" data-end=\"8110\">\n<li data-start=\"7938\" data-end=\"7976\">\n<p data-start=\"7940\" data-end=\"7976\"><strong data-start=\"7940\" data-end=\"7956\"><span dir=\"auto\" style=\"vertical-align: inherit;\"><span dir=\"auto\" style=\"vertical-align: inherit;\">Temperatura:<\/span><\/span><\/strong><span dir=\"auto\" style=\"vertical-align: inherit;\"><span dir=\"auto\" style=\"vertical-align: inherit;\"> 2-8\u00b0C recomendado.<\/span><\/span><\/p>\n<\/li>\n<li data-start=\"7977\" data-end=\"8020\">\n<p data-start=\"7979\" data-end=\"8020\"><strong data-start=\"7979\" data-end=\"7992\"><span dir=\"auto\" style=\"vertical-align: inherit;\"><span dir=\"auto\" style=\"vertical-align: inherit;\">Ambiente:<\/span><\/span><\/strong><span dir=\"auto\" style=\"vertical-align: inherit;\"><span dir=\"auto\" style=\"vertical-align: inherit;\"> Seco, escuro e est\u00e1vel.<\/span><\/span><\/p>\n<\/li>\n<li data-start=\"8021\" data-end=\"8062\">\n<p data-start=\"8023\" data-end=\"8062\"><strong data-start=\"8023\" data-end=\"8038\"><span dir=\"auto\" style=\"vertical-align: inherit;\"><span dir=\"auto\" style=\"vertical-align: inherit;\">Embalagem:<\/span><\/span><\/strong><span dir=\"auto\" style=\"vertical-align: inherit;\"><span dir=\"auto\" style=\"vertical-align: inherit;\"> Manter bem fechado.<\/span><\/span><\/p>\n<\/li>\n<li data-start=\"8063\" data-end=\"8110\">\n<p data-start=\"8065\" data-end=\"8110\"><strong data-start=\"8065\" data-end=\"8077\"><span dir=\"auto\" style=\"vertical-align: inherit;\"><span dir=\"auto\" style=\"vertical-align: inherit;\">Acesso:<\/span><\/span><\/strong><span dir=\"auto\" style=\"vertical-align: inherit;\"><span dir=\"auto\" style=\"vertical-align: inherit;\"> Apenas para pessoas autorizadas.<\/span><\/span><\/p>\n<\/li>\n<\/ul>\n<hr data-start=\"8112\" data-end=\"8115\" \/>\n<h3 data-start=\"8117\" data-end=\"8152\"><strong data-start=\"8121\" data-end=\"8152\"><span dir=\"auto\" style=\"vertical-align: inherit;\"><span dir=\"auto\" style=\"vertical-align: inherit;\">Perguntas frequentes (FAQs)<\/span><\/span><\/strong><\/h3>\n<p data-start=\"8154\" data-end=\"8318\"><strong data-start=\"8154\" data-end=\"8207\"><span dir=\"auto\" style=\"vertical-align: inherit;\"><span dir=\"auto\" style=\"vertical-align: inherit;\">1. Para que \u00e9 utilizado o 1D-LSD 10mcg Pellets?<\/span><\/span><\/strong><br data-start=\"8207\" data-end=\"8210\" \/><span dir=\"auto\" style=\"vertical-align: inherit;\"><span dir=\"auto\" style=\"vertical-align: inherit;\"> Para <\/span><\/span><strong data-start=\"8215\" data-end=\"8259\"><span dir=\"auto\" style=\"vertical-align: inherit;\"><span dir=\"auto\" style=\"vertical-align: inherit;\">investiga\u00e7\u00e3o cient\u00edfica e anal\u00edtica<\/span><\/span><\/strong><span dir=\"auto\" style=\"vertical-align: inherit;\"><span dir=\"auto\" style=\"vertical-align: inherit;\"> , nomeadamente estudos de microdosagem e an\u00e1lises de lisergamida.<\/span><\/span><\/p>\n<p data-start=\"8320\" data-end=\"8487\"><strong data-start=\"8320\" data-end=\"8370\"><span dir=\"auto\" style=\"vertical-align: inherit;\"><span dir=\"auto\" style=\"vertical-align: inherit;\">2. Estes granulados s\u00e3o adequados para consumo humano?<\/span><\/span><\/strong><br data-start=\"8370\" data-end=\"8373\" \/><span dir=\"auto\" style=\"vertical-align: inherit;\"><span dir=\"auto\" style=\"vertical-align: inherit;\"> N\u00e3o, s\u00e3o <\/span><\/span><strong data-start=\"8386\" data-end=\"8436\"><span dir=\"auto\" style=\"vertical-align: inherit;\"><span dir=\"auto\" style=\"vertical-align: inherit;\">destinado exclusivamente \u00e0 investiga\u00e7\u00e3o laboratorial<\/span><\/span><\/strong><span dir=\"auto\" style=\"vertical-align: inherit;\"><span dir=\"auto\" style=\"vertical-align: inherit;\"> e <\/span><\/span><strong data-start=\"8440\" data-end=\"8484\"><span dir=\"auto\" style=\"vertical-align: inherit;\"><span dir=\"auto\" style=\"vertical-align: inherit;\">n\u00e3o s\u00e3o adequados para consumo humano<\/span><\/span><\/strong><span dir=\"auto\" style=\"vertical-align: inherit;\"><span dir=\"auto\" style=\"vertical-align: inherit;\"> .<\/span><\/span><\/p>\n<p data-start=\"8489\" data-end=\"8630\"><strong data-start=\"8489\" data-end=\"8530\"><span dir=\"auto\" style=\"vertical-align: inherit;\"><span dir=\"auto\" style=\"vertical-align: inherit;\">3. Como posso armazenar corretamente o produto?<\/span><\/span><\/strong><br data-start=\"8530\" data-end=\"8533\" \/><span dir=\"auto\" style=\"vertical-align: inherit;\"><span dir=\"auto\" style=\"vertical-align: inherit;\"> Guard\u00e1-lo num <\/span><\/span><strong data-start=\"8551\" data-end=\"8593\"><span dir=\"auto\" style=\"vertical-align: inherit;\"><span dir=\"auto\" style=\"vertical-align: inherit;\">local fresco, seco e escuro (2-8\u00b0C)<\/span><\/span><\/strong><span dir=\"auto\" style=\"vertical-align: inherit;\"><span dir=\"auto\" style=\"vertical-align: inherit;\"> num recipiente hermeticamente fechado.<\/span><\/span><\/p>\n<hr data-start=\"8632\" data-end=\"8635\" \/>\n<h3 data-start=\"8637\" data-end=\"8654\"><strong data-start=\"8641\" data-end=\"8654\"><span dir=\"auto\" style=\"vertical-align: inherit;\"><span dir=\"auto\" style=\"vertical-align: inherit;\">Conclus\u00e3o<\/span><\/span><\/strong><\/h3>\n<p data-start=\"8656\" data-end=\"8911\"><strong data-start=\"8656\" data-end=\"8690\"><span dir=\"auto\" style=\"vertical-align: inherit;\"><span dir=\"auto\" style=\"vertical-align: inherit;\">1D-LSD 10mcg Microdose Pellets<\/span><\/span><\/strong><span dir=\"auto\" style=\"vertical-align: inherit;\"><span dir=\"auto\" style=\"vertical-align: inherit;\"> sacrif\u00edcio <\/span><\/span><strong data-start=\"8702\" data-end=\"8747\"><span dir=\"auto\" style=\"vertical-align: inherit;\"><span dir=\"auto\" style=\"vertical-align: inherit;\">precis\u00e3o, pureza e estabilidade<\/span><\/span><\/strong><span dir=\"auto\" style=\"vertical-align: inherit;\"><span dir=\"auto\" style=\"vertical-align: inherit;\"> , Ideal para a investiga\u00e7\u00e3o laboratorial profissional. Perfeito para experi\u00eancias de microdosagem anal\u00edtica em que a fiabilidade e a repetibilidade s\u00e3o essenciais.<\/span><\/span><\/p>","protected":false},"excerpt":{"rendered":"<p>Introduction 1D-LSD 10mcg Pellets \u2013 Microdose Edition are laboratory-grade research compounds developed for scientific and analytical research . Each pellet<\/p>","protected":false},"featured_media":20150,"comment_status":"closed","ping_status":"closed","template":"","meta":[],"product_brand":[],"product_cat":[503,504,102,127],"product_tag":[1017,505,452,506],"class_list":{"0":"post-18973","1":"product","2":"type-product","3":"status-publish","4":"has-post-thumbnail","6":"product_cat-1d-lsd","7":"product_cat-1d-lsd-pellets","8":"product_cat-lysergamides","9":"product_cat-pellets","10":"product_tag-1d-lsd","11":"product_tag-1p-lsd-microdose","12":"product_tag-de","13":"product_tag-microdose-1p-lsd","15":"first","16":"instock","17":"shipping-taxable","18":"purchasable","19":"product-type-variable"},"_links":{"self":[{"href":"https:\/\/researchchemicalsweb.com\/pt\/wp-json\/wp\/v2\/product\/18973","targetHints":{"allow":["GET"]}}],"collection":[{"href":"https:\/\/researchchemicalsweb.com\/pt\/wp-json\/wp\/v2\/product"}],"about":[{"href":"https:\/\/researchchemicalsweb.com\/pt\/wp-json\/wp\/v2\/types\/product"}],"replies":[{"embeddable":true,"href":"https:\/\/researchchemicalsweb.com\/pt\/wp-json\/wp\/v2\/comments?post=18973"}],"version-history":[{"count":2,"href":"https:\/\/researchchemicalsweb.com\/pt\/wp-json\/wp\/v2\/product\/18973\/revisions"}],"predecessor-version":[{"id":20031,"href":"https:\/\/researchchemicalsweb.com\/pt\/wp-json\/wp\/v2\/product\/18973\/revisions\/20031"}],"wp:featuredmedia":[{"embeddable":true,"href":"https:\/\/researchchemicalsweb.com\/pt\/wp-json\/wp\/v2\/media\/20150"}],"wp:attachment":[{"href":"https:\/\/researchchemicalsweb.com\/pt\/wp-json\/wp\/v2\/media?parent=18973"}],"wp:term":[{"taxonomy":"product_brand","embeddable":true,"href":"https:\/\/researchchemicalsweb.com\/pt\/wp-json\/wp\/v2\/product_brand?post=18973"},{"taxonomy":"product_cat","embeddable":true,"href":"https:\/\/researchchemicalsweb.com\/pt\/wp-json\/wp\/v2\/product_cat?post=18973"},{"taxonomy":"product_tag","embeddable":true,"href":"https:\/\/researchchemicalsweb.com\/pt\/wp-json\/wp\/v2\/product_tag?post=18973"}],"curies":[{"name":"wp","href":"https:\/\/api.w.org\/{rel}","templated":true}]}}