{"id":16020,"date":"2025-12-16T14:35:42","date_gmt":"2025-12-16T14:35:42","guid":{"rendered":"https:\/\/researchchemicalsweb.com\/?page_id=16020"},"modified":"2025-12-17T15:02:52","modified_gmt":"2025-12-17T15:02:52","slug":"prazo-de-entrega-e-custos-de-envio","status":"publish","type":"page","link":"https:\/\/researchchemicalsweb.com\/pt\/prazo-de-entrega-e-custos-de-envio\/","title":{"rendered":"Prazo de entrega e custos de envio"},"content":{"rendered":"<p>Prazo de entrega e custos de envio<br>Fazemos o nosso melhor para lhe entregar a encomenda o mais rapidamente poss\u00edvel. Tentamos enviar as encomendas efectuadas em dias \u00fateis antes das 17:00 no mesmo dia. No entanto, isto nem sempre \u00e9 poss\u00edvel; por vezes, os produtos n\u00e3o est\u00e3o em stock e a entrega da sua encomenda pode demorar um pouco mais. O prazo de entrega \u00e9 indicado na p\u00e1gina do produto. Se, por qualquer raz\u00e3o, n\u00e3o cumprirmos este prazo de entrega, inform\u00e1-lo-emos o mais rapidamente poss\u00edvel.<\/p>\n\n\n\n<p>Depois de efetuar uma compra, enviar-lhe-emos um e-mail de confirma\u00e7\u00e3o. Este cont\u00e9m o seu n\u00famero de encomenda, que lhe permite verificar o estado da sua compra. Depois de a encomenda ter sido embalada e enviada, receber\u00e1 outra mensagem de correio eletr\u00f3nico com os detalhes da sua compra. \u00c9 aconselh\u00e1vel verificar a sua caixa de spam, uma vez que a mensagem de correio eletr\u00f3nico de confirma\u00e7\u00e3o pode ter ca\u00eddo a\u00ed. Se, ap\u00f3s um dia \u00fatil, ainda n\u00e3o tiver recebido uma mensagem de correio eletr\u00f3nico e tiver verificado a sua caixa de spam, contacte-nos imediatamente.<\/p>\n\n\n\n<p>Servi\u00e7o de entrega ChemicalShoppers<br>As encomendas nos Pa\u00edses Baixos feitas ao ChemicalShoppers antes das 17:00 ser\u00e3o entregues no dia \u00fatil seguinte, com exce\u00e7\u00e3o das Ilhas Wadden devido a atrasos causados pelo transporte por barco. A PostNL garante uma entrega segura e r\u00e1pida. Se gastar a partir de 50 euros na nossa loja virtual, o envio dentro dos Pa\u00edses Baixos \u00e9 gratuito.<\/p>\n\n\n\n<p>Embalagem discreta e an\u00f3nima<br>Os nossos produtos s\u00e3o embalados de forma discreta e an\u00f3nima, pelo que ningu\u00e9m pode ver o que encomendou. Apenas o seu endere\u00e7o de entrega aparece no exterior da encomenda.<\/p>\n\n\n\n<p>Entrega das suas encomendas<br>Para receber a sua encomenda, deve estar em casa no dia da entrega. Se n\u00e3o estiver em casa, a encomenda ser\u00e1 reenviada v\u00e1rias vezes, consoante o transportador. Se, mesmo assim, n\u00e3o estiver em casa, o estafeta tentar\u00e1 entreg\u00e1-la aos seus vizinhos ou a um ponto de recolha pr\u00f3ximo. O motorista avisa-o sempre, atrav\u00e9s de uma nota, onde se encontra a sua encomenda. O ChemicalShoppers tratar\u00e1 da entrega no ponto de recolha, ap\u00f3s o que ter\u00e1 de a recolher pessoalmente. A entrega ocorre normalmente de ter\u00e7a-feira a s\u00e1bado entre as 08:00 e as 18:00. N\u00e3o podemos garantir prazos de entrega exactos devido \u00e0 depend\u00eancia da transportadora.<\/p>\n\n\n\n<p>Expedi\u00e7\u00e3o e custos de expedi\u00e7\u00e3o para pa\u00edses europeus<br>Nos Pa\u00edses Baixos, pode escolher entre as seguintes op\u00e7\u00f5es de entrega:<\/p>\n\n\n\n<p>Embalagem de caixa de correio com track &amp; trace, para que possa seguir a sua encomenda, por 4,75 euros. As encomendas superiores a 50 euros ser\u00e3o enviadas gratuitamente para os Pa\u00edses Baixos.<\/p>\n\n\n\n<p>Na B\u00e9lgica, as op\u00e7\u00f5es s\u00e3o:<\/p>\n\n\n\n<p>Embalagem de caixa de correio com track &amp; trace por 9,95 euros. As encomendas superiores a 100 euros s\u00e3o expedidas gratuitamente na B\u00e9lgica.<\/p>\n\n\n\n<p>Nota: As encomendas fora dos Pa\u00edses Baixos s\u00e3o efectuadas por sua conta e risco! (Consulte a nossa p\u00e1gina de checkout para obter as taxas e m\u00e9todos de envio actuais).<\/p>\n\n\n\n<p>Segue-se uma tabela com os custos de envio por pa\u00eds:<\/p>\n\n\n\n<p>Diretrizes de seguran\u00e7a dos produtos<br>Salientamos que os nossos produtos qu\u00edmicos de investiga\u00e7\u00e3o s\u00e3o apenas para fins de investiga\u00e7\u00e3o e n\u00e3o para uso pessoal. Por favor, consulte os nossos termos e condi\u00e7\u00f5es e diretrizes de seguran\u00e7a antes de fazer uma compra em chemicalshoppers.com. Se n\u00e3o estiver satisfeito com a sua encomenda por qualquer raz\u00e3o, por favor, reveja a nossa pol\u00edtica de devolu\u00e7\u00e3o.<\/p>\n\n\n\n<p><\/p>","protected":false},"excerpt":{"rendered":"<p>Levertijd en verzendkostenWe doen ons best om de bestelling zo snel mogelijk bij u af te leveren. Bestellingen die op<\/p>","protected":false},"author":1,"featured_media":0,"parent":0,"menu_order":0,"comment_status":"closed","ping_status":"closed","template":"","meta":{"footnotes":""},"class_list":["post-16020","page","type-page","status-publish","hentry"],"_links":{"self":[{"href":"https:\/\/researchchemicalsweb.com\/pt\/wp-json\/wp\/v2\/pages\/16020","targetHints":{"allow":["GET"]}}],"collection":[{"href":"https:\/\/researchchemicalsweb.com\/pt\/wp-json\/wp\/v2\/pages"}],"about":[{"href":"https:\/\/researchchemicalsweb.com\/pt\/wp-json\/wp\/v2\/types\/page"}],"author":[{"embeddable":true,"href":"https:\/\/researchchemicalsweb.com\/pt\/wp-json\/wp\/v2\/users\/1"}],"replies":[{"embeddable":true,"href":"https:\/\/researchchemicalsweb.com\/pt\/wp-json\/wp\/v2\/comments?post=16020"}],"version-history":[{"count":1,"href":"https:\/\/researchchemicalsweb.com\/pt\/wp-json\/wp\/v2\/pages\/16020\/revisions"}],"predecessor-version":[{"id":16021,"href":"https:\/\/researchchemicalsweb.com\/pt\/wp-json\/wp\/v2\/pages\/16020\/revisions\/16021"}],"wp:attachment":[{"href":"https:\/\/researchchemicalsweb.com\/pt\/wp-json\/wp\/v2\/media?parent=16020"}],"curies":[{"name":"wp","href":"https:\/\/api.w.org\/{rel}","templated":true}]}}