{"id":19547,"date":"2025-12-16T21:11:00","date_gmt":"2025-12-16T21:11:00","guid":{"rendered":"https:\/\/researchchemicalsweb.com\/?post_type=product&#038;p=19547"},"modified":"2026-02-17T14:19:57","modified_gmt":"2026-02-17T14:19:57","slug":"fluclotizolam-1-mg-blotters","status":"publish","type":"product","link":"https:\/\/researchchemicalsweb.com\/pl\/produkt\/fluclotizolam-1-mg-blotters\/","title":{"rendered":"Fluclotizolam 1 MG Blotters"},"content":{"rendered":"<h3 data-start=\"4104\" data-end=\"4123\"><strong data-start=\"4108\" data-end=\"4123\">Wprowadzenie<\/strong><\/h3>\n<p data-start=\"4124\" data-end=\"4415\">Nasz <strong data-start=\"4129\" data-end=\"4156\">1 mg onderzoeksblotters<\/strong> zijn zorgvuldig ontwikkeld voor <strong data-start=\"4189\" data-end=\"4233\">badania naukowe i analityczne<\/strong>.<br data-start=\"4234\" data-end=\"4237\" \/>Elke blotter wordt vervaardigd onder <strong data-start=\"4274\" data-end=\"4304\">strikte laboratoriumnormen<\/strong>, kt\u00f3ry przewiduje <strong data-start=\"4321\" data-end=\"4374\">zuiverheid, nauwkeurigheid en reproduceerbaarheid<\/strong> in professionele onderzoeksomgevingen. Fluclotizolam<\/p>\n<p data-start=\"4417\" data-end=\"4592\">Dankzij hun <strong data-start=\"4429\" data-end=\"4470\">stabiele en consistente samenstelling<\/strong> bieden deze blotters betrouwbare prestaties bij <strong data-start=\"4519\" data-end=\"4589\">chemische analyses, kalibratieonderzoek en educatieve toepassingen<\/strong>.<\/p>\n<blockquote data-start=\"4593\" data-end=\"4703\">\n<p data-start=\"4595\" data-end=\"4703\">\u26a0\ufe0f <strong data-start=\"4598\" data-end=\"4703\">Uitsluitend bedoeld voor onderzoeksdoeleinden. Niet geschikt voor menselijke of dierlijke consumptie.<\/strong><\/p>\n<\/blockquote>\n<hr data-start=\"4705\" data-end=\"4708\" \/>\n<h3 data-start=\"4710\" data-end=\"4741\"><strong data-start=\"4714\" data-end=\"4741\">Najwa\u017cniejsze cechy<\/strong><\/h3>\n<ul data-start=\"4742\" data-end=\"5225\">\n<li data-start=\"4742\" data-end=\"4827\">\n<p data-start=\"4744\" data-end=\"4827\"><strong data-start=\"4744\" data-end=\"4770\">Wysoka czysto\u015b\u0107 (\u226599%)<\/strong> \u2013 Onafhankelijk getest in geaccrediteerde laboratoria.<\/p>\n<\/li>\n<li data-start=\"4828\" data-end=\"4921\">\n<p data-start=\"4830\" data-end=\"4921\"><strong data-start=\"4830\" data-end=\"4872\">Precieze Dosering van 1 mg per Blotter<\/strong> \u2013 Voor nauwkeurige en gecontroleerde analyses.<\/p>\n<\/li>\n<li data-start=\"4922\" data-end=\"4998\">\n<p data-start=\"4924\" data-end=\"4998\"><strong data-start=\"4924\" data-end=\"4950\">Stabiele Samenstelling<\/strong> \u2013 Behoudt zijn integriteit bij juiste opslag.<\/p>\n<\/li>\n<li data-start=\"4999\" data-end=\"5066\">\n<p data-start=\"5001\" data-end=\"5066\"><strong data-start=\"5001\" data-end=\"5029\">Gecontroleerde Productie<\/strong> \u2013 Gefabriceerd volgens ISO-normen.<\/p>\n<\/li>\n<li data-start=\"5067\" data-end=\"5146\">\n<p data-start=\"5069\" data-end=\"5146\"><strong data-start=\"5069\" data-end=\"5095\">Lichtdichte Verpakking<\/strong> \u2013 Beschermt tegen degradatie en verontreiniging.<\/p>\n<\/li>\n<li data-start=\"5147\" data-end=\"5225\">\n<p data-start=\"5149\" data-end=\"5225\"><strong data-start=\"5149\" data-end=\"5174\">Alleen voor Onderzoek<\/strong> \u2013 Bedoeld voor professioneel analytisch gebruik.<\/p>\n<\/li>\n<\/ul>\n<hr data-start=\"5227\" data-end=\"5230\" \/>\n<h3 data-start=\"5232\" data-end=\"5249\"><strong data-start=\"5236\" data-end=\"5249\">Zalety<\/strong><\/h3>\n<ul data-start=\"5250\" data-end=\"5707\">\n<li data-start=\"5250\" data-end=\"5340\">\n<p data-start=\"5252\" data-end=\"5340\"><strong data-start=\"5252\" data-end=\"5288\">Betrouwbare Onderzoeksresultaten<\/strong> \u2013 Zorgt voor consistente en reproduceerbare data.<\/p>\n<\/li>\n<li data-start=\"5341\" data-end=\"5442\">\n<p data-start=\"5343\" data-end=\"5442\"><strong data-start=\"5343\" data-end=\"5390\">Geoptimaliseerd voor Analytische Toepassing<\/strong> \u2013 Ideaal voor kalibratie en forensisch onderzoek.<\/p>\n<\/li>\n<li data-start=\"5443\" data-end=\"5518\">\n<p data-start=\"5445\" data-end=\"5518\"><strong data-start=\"5445\" data-end=\"5468\">Stabiel en Duurzaam<\/strong> \u2013 Behoudt chemische stabiliteit tijdens opslag.<\/p>\n<\/li>\n<li data-start=\"5519\" data-end=\"5613\">\n<p data-start=\"5521\" data-end=\"5613\"><strong data-start=\"5521\" data-end=\"5558\">Ethisch en Wettelijk Geproduceerd<\/strong> \u2013 In overeenstemming met internationale richtlijnen. Fluclotizolam<\/p>\n<\/li>\n<li data-start=\"5614\" data-end=\"5707\">\n<p data-start=\"5616\" data-end=\"5707\"><strong data-start=\"5616\" data-end=\"5655\">Wetenschappelijk Geteste Zuiverheid<\/strong> \u2013 Getest op identiteit, potentie en contaminatie.<\/p>\n<\/li>\n<\/ul>\n<hr data-start=\"5709\" data-end=\"5712\" \/>\n<h3 data-start=\"5714\" data-end=\"5729\"><strong data-start=\"5718\" data-end=\"5729\">U\u017cycie<\/strong><\/h3>\n<ol data-start=\"5730\" data-end=\"6137\">\n<li data-start=\"5730\" data-end=\"5814\">\n<p data-start=\"5733\" data-end=\"5814\"><strong data-start=\"5733\" data-end=\"5766\">Alleen voor Onderzoeksgebruik<\/strong> \u2013 Gebruik uitsluitend in erkende laboratoria.<\/p>\n<\/li>\n<li data-start=\"5815\" data-end=\"5882\">\n<p data-start=\"5818\" data-end=\"5882\"><strong data-start=\"5818\" data-end=\"5828\">Przechowywanie<\/strong> - Przechowywa\u0107 na <strong data-start=\"5845\" data-end=\"5879\">ch\u0142odne, suche i ciemne miejsce<\/strong>.<\/p>\n<\/li>\n<li data-start=\"5883\" data-end=\"5966\">\n<p data-start=\"5886\" data-end=\"5966\"><strong data-start=\"5886\" data-end=\"5903\">Bezpieczna praca<\/strong> \u2013 Draag handschoenen en beschermende laboratoriumuitrusting.<\/p>\n<\/li>\n<li data-start=\"5967\" data-end=\"6048\">\n<p data-start=\"5970\" data-end=\"6048\"><strong data-start=\"5970\" data-end=\"5982\">Pomiary<\/strong> \u2013 Gebruik gekalibreerde apparatuur voor nauwkeurige resultaten.<\/p>\n<\/li>\n<li data-start=\"6049\" data-end=\"6137\">\n<p data-start=\"6052\" data-end=\"6137\"><strong data-start=\"6052\" data-end=\"6079\">Veiligheidswaarschuwing<\/strong> \u2013 Niet bedoeld voor menselijke of dierlijke consumptie.<\/p>\n<\/li>\n<\/ol>\n<hr data-start=\"6139\" data-end=\"6142\" \/>\n<h3 data-start=\"6144\" data-end=\"6171\"><strong data-start=\"6148\" data-end=\"6171\">Cz\u0119sto zadawane pytania<\/strong><\/h3>\n<p data-start=\"6173\" data-end=\"6340\"><strong data-start=\"6173\" data-end=\"6229\">1. Waarvoor worden 1 mg onderzoeksblotters gebruikt?<\/strong><br data-start=\"6229\" data-end=\"6232\" \/>Ze zijn bedoeld voor <strong data-start=\"6253\" data-end=\"6297\">badania naukowe i analityczne<\/strong>, zoals chemische analyses en kalibratie.<\/p>\n<p data-start=\"6342\" data-end=\"6505\"><strong data-start=\"6342\" data-end=\"6410\">2. Kunnen deze blotters buiten een laboratorium worden gebruikt?<\/strong><br data-start=\"6410\" data-end=\"6413\" \/>Nie. Te produkty s\u0105 <strong data-start=\"6438\" data-end=\"6502\">przeznaczone wy\u0142\u0105cznie do profesjonalnych bada\u0144 laboratoryjnych<\/strong>.<\/p>\n<p data-start=\"6507\" data-end=\"6645\"><strong data-start=\"6507\" data-end=\"6552\">3. Hoe moeten de blotters worden bewaard?<\/strong><br data-start=\"6552\" data-end=\"6555\" \/>Bewaar ze in een <strong data-start=\"6572\" data-end=\"6608\">koele, droge en donkere omgeving<\/strong> in een <strong data-start=\"6616\" data-end=\"6642\">lichtdichte verpakking<\/strong>.<\/p>\n<hr data-start=\"6647\" data-end=\"6650\" \/>\n<h3 data-start=\"6652\" data-end=\"6670\"><strong data-start=\"6656\" data-end=\"6670\">Zastrze\u017cenie<\/strong><\/h3>\n<p data-start=\"6671\" data-end=\"6899\">Ten produkt jest <strong data-start=\"6686\" data-end=\"6735\">przeznaczone wy\u0142\u0105cznie do cel\u00f3w badawczych<\/strong>. <strong data-start=\"6737\" data-end=\"6795\">Nie nadaje si\u0119 do spo\u017cycia przez ludzi i zwierz\u0119ta.<\/strong><br data-start=\"6795\" data-end=\"6798\" \/>Door aankoop bevestigt u dat u voldoet aan alle toepasselijke veiligheids- en wettelijke vereisten.<\/p>\n<p class=\"ds-markdown-paragraph\"><a href=\"https:\/\/researchchemicalsweb.com\/pl\/shop\/iboga-ibogaine\/kora-korzenia-iboga\/\"><span dir=\"auto\" style=\"vertical-align: inherit;\"><span dir=\"auto\" style=\"vertical-align: inherit;\">kora korzenia iboga<\/span><\/span><\/a><a href=\"https:\/\/researchchemicalsweb.com\/pl\/shop\/iboga-ibogaine\/buy-ibogaine-hcl-online\/\"><span dir=\"auto\" style=\"vertical-align: inherit;\"><span dir=\"auto\" style=\"vertical-align: inherit;\">kupi\u0107 ibogain\u0119 hcl online<\/span><\/span><\/a><a href=\"https:\/\/researchchemicalsweb.com\/pl\/shop\/pellets-for-pellet\/o-dsmt-50mg-pellets\/\"><span dir=\"auto\" style=\"vertical-align: inherit;\"><span dir=\"auto\" style=\"vertical-align: inherit;\">\u200b o-dsmt <\/span><\/span><\/a><a href=\"https:\/\/researchchemicalsweb.com\/pl\/shop\/lysergamides\/1vlsd\/\"><span dir=\"auto\" style=\"vertical-align: inherit;\"><span dir=\"auto\" style=\"vertical-align: inherit;\">1vlsd<\/span><\/span><\/a><a href=\"https:\/\/researchchemicalsweb.com\/pl\/shop\/lysergamides\/1cp-lsd\/\"><span dir=\"auto\" style=\"vertical-align: inherit;\"><span dir=\"auto\" style=\"vertical-align: inherit;\">1cp lsd<\/span><\/span><\/a><\/p>","protected":false},"excerpt":{"rendered":"<p>Introductie Onze 1 mg onderzoeksblotters zijn zorgvuldig ontwikkeld voor wetenschappelijk en analytisch onderzoek.Elke blotter wordt vervaardigd onder strikte laboratoriumnormen, wat<\/p>","protected":false},"featured_media":20333,"comment_status":"closed","ping_status":"closed","template":"","meta":[],"product_brand":[79],"product_cat":[130,826],"product_tag":[827,828,829,830,831,78],"class_list":{"0":"post-19547","1":"product","2":"type-product","3":"status-publish","4":"has-post-thumbnail","6":"product_brand-research-chemical","7":"product_cat-benzodiazepinen","8":"product_cat-fluclotizolam","9":"product_tag-buy-fluclotizolam","10":"product_tag-fluclotizolam","11":"product_tag-fluclotizolam-buy","12":"product_tag-fluclotizolam-half-life","13":"product_tag-fluclotizolam-solution","14":"product_tag-nl","16":"first","17":"instock","18":"shipping-taxable","19":"purchasable","20":"product-type-variable"},"_links":{"self":[{"href":"https:\/\/researchchemicalsweb.com\/pl\/wp-json\/wp\/v2\/product\/19547","targetHints":{"allow":["GET"]}}],"collection":[{"href":"https:\/\/researchchemicalsweb.com\/pl\/wp-json\/wp\/v2\/product"}],"about":[{"href":"https:\/\/researchchemicalsweb.com\/pl\/wp-json\/wp\/v2\/types\/product"}],"replies":[{"embeddable":true,"href":"https:\/\/researchchemicalsweb.com\/pl\/wp-json\/wp\/v2\/comments?post=19547"}],"version-history":[{"count":1,"href":"https:\/\/researchchemicalsweb.com\/pl\/wp-json\/wp\/v2\/product\/19547\/revisions"}],"predecessor-version":[{"id":19606,"href":"https:\/\/researchchemicalsweb.com\/pl\/wp-json\/wp\/v2\/product\/19547\/revisions\/19606"}],"wp:featuredmedia":[{"embeddable":true,"href":"https:\/\/researchchemicalsweb.com\/pl\/wp-json\/wp\/v2\/media\/20333"}],"wp:attachment":[{"href":"https:\/\/researchchemicalsweb.com\/pl\/wp-json\/wp\/v2\/media?parent=19547"}],"wp:term":[{"taxonomy":"product_brand","embeddable":true,"href":"https:\/\/researchchemicalsweb.com\/pl\/wp-json\/wp\/v2\/product_brand?post=19547"},{"taxonomy":"product_cat","embeddable":true,"href":"https:\/\/researchchemicalsweb.com\/pl\/wp-json\/wp\/v2\/product_cat?post=19547"},{"taxonomy":"product_tag","embeddable":true,"href":"https:\/\/researchchemicalsweb.com\/pl\/wp-json\/wp\/v2\/product_tag?post=19547"}],"curies":[{"name":"wp","href":"https:\/\/api.w.org\/{rel}","templated":true}]}}