{"id":19538,"date":"2025-12-16T21:10:13","date_gmt":"2025-12-16T21:10:13","guid":{"rendered":"https:\/\/researchchemicalsweb.com\/?post_type=product&#038;p=19538"},"modified":"2026-02-17T14:20:08","modified_gmt":"2026-02-17T14:20:08","slug":"pagoclone-2-mg-blotters","status":"publish","type":"product","link":"https:\/\/researchchemicalsweb.com\/pl\/produkt\/pagoclone-2-mg-blotters\/","title":{"rendered":"Bibu\u0142ki Pagoclone 2 MG"},"content":{"rendered":"<h3 data-start=\"4159\" data-end=\"4178\"><strong data-start=\"4163\" data-end=\"4178\">Wprowadzenie<\/strong><\/h3>\n<p data-start=\"4179\" data-end=\"4532\">Nasz <strong data-start=\"4184\" data-end=\"4211\">2 mg onderzoeksblotters<\/strong> zijn met uiterste precisie ontwikkeld voor <strong data-start=\"4255\" data-end=\"4306\">analytisch, forensisch en laboratoriumonderzoek<\/strong>. Pagoclone\u00a0<br data-start=\"4307\" data-end=\"4310\" \/>Elke blotter wordt geproduceerd onder <strong data-start=\"4348\" data-end=\"4392\">strikte kwaliteits- en veiligheidsnormen<\/strong>, kt\u00f3ry przewiduje <strong data-start=\"4409\" data-end=\"4480\">nauwkeurige dosering, constante kwaliteit en betrouwbare prestaties<\/strong> bij uiteenlopende wetenschappelijke toepassingen.<\/p>\n<p data-start=\"4534\" data-end=\"4679\">Deze blotters bieden <strong data-start=\"4555\" data-end=\"4589\">hoge zuiverheid en stabiliteit<\/strong>, wat ze ideaal maakt voor <strong data-start=\"4616\" data-end=\"4676\">kalibratie, vergelijkingsonderzoek en chemische analyses<\/strong>.<\/p>\n<blockquote data-start=\"4680\" data-end=\"4789\">\n<p data-start=\"4682\" data-end=\"4789\">\u26a0\ufe0f <strong data-start=\"4685\" data-end=\"4789\">Przeznaczony wy\u0142\u0105cznie do u\u017cytku laboratoryjnego. Nie nadaje si\u0119 do spo\u017cycia przez ludzi lub zwierz\u0119ta.<\/strong><\/p>\n<\/blockquote>\n<hr data-start=\"4791\" data-end=\"4794\" \/>\n<h3 data-start=\"4796\" data-end=\"4827\"><strong data-start=\"4800\" data-end=\"4827\">Najwa\u017cniejsze cechy<\/strong><\/h3>\n<ul data-start=\"4828\" data-end=\"5309\">\n<li data-start=\"4828\" data-end=\"4898\">\n<p data-start=\"4830\" data-end=\"4898\"><strong data-start=\"4830\" data-end=\"4856\">Wysoka czysto\u015b\u0107 (\u226599%)<\/strong> - Niezale\u017cnie przetestowane i zweryfikowane.<\/p>\n<\/li>\n<li data-start=\"4899\" data-end=\"4986\">\n<p data-start=\"4901\" data-end=\"4986\"><strong data-start=\"4901\" data-end=\"4943\">Precieze Dosering van 2 mg per Blotter<\/strong> \u2013 Voor betrouwbare onderzoeksresultaten.<\/p>\n<\/li>\n<li data-start=\"4987\" data-end=\"5069\">\n<p data-start=\"4989\" data-end=\"5069\"><strong data-start=\"4989\" data-end=\"5025\">Stabilny sk\u0142ad chemiczny<\/strong> \u2013 Ontworpen voor langdurige houdbaarheid.<\/p>\n<\/li>\n<li data-start=\"5070\" data-end=\"5155\">\n<p data-start=\"5072\" data-end=\"5155\"><strong data-start=\"5072\" data-end=\"5097\">Jako\u015b\u0107 laboratoryjna<\/strong> \u2013 Geproduceerd volgens internationale onderzoeksnormen.<\/p>\n<\/li>\n<li data-start=\"5156\" data-end=\"5220\">\n<p data-start=\"5158\" data-end=\"5220\"><strong data-start=\"5158\" data-end=\"5184\">Lichtdichte Verpakking<\/strong> \u2013 Beschermt tegen licht en lucht.<\/p>\n<\/li>\n<li data-start=\"5221\" data-end=\"5309\">\n<p data-start=\"5223\" data-end=\"5309\"><strong data-start=\"5223\" data-end=\"5256\">Alleen voor Onderzoeksgebruik<\/strong> \u2013 Uitsluitend voor wetenschappelijke toepassingen.<\/p>\n<\/li>\n<\/ul>\n<hr data-start=\"5311\" data-end=\"5314\" \/>\n<h3 data-start=\"5316\" data-end=\"5333\"><strong data-start=\"5320\" data-end=\"5333\">Zalety<\/strong><\/h3>\n<ul data-start=\"5334\" data-end=\"5778\">\n<li data-start=\"5334\" data-end=\"5424\">\n<p data-start=\"5336\" data-end=\"5424\"><strong data-start=\"5336\" data-end=\"5372\">Sp\u00f3jne wyniki bada\u0144<\/strong> \u2013 Zorgt voor betrouwbare en reproduceerbare data.<\/p>\n<\/li>\n<li data-start=\"5425\" data-end=\"5499\">\n<p data-start=\"5427\" data-end=\"5499\"><strong data-start=\"5427\" data-end=\"5457\">Chemisch Stabiel en Zuiver<\/strong> \u2013 Vermindert variatie tijdens analyses.<\/p>\n<\/li>\n<li data-start=\"5500\" data-end=\"5595\">\n<p data-start=\"5502\" data-end=\"5595\"><strong data-start=\"5502\" data-end=\"5541\">Ideaal voor Kalibratie en Validatie<\/strong> \u2013 Geschikt voor gecontroleerde vergelijkende tests.<\/p>\n<\/li>\n<li data-start=\"5596\" data-end=\"5701\">\n<p data-start=\"5598\" data-end=\"5701\"><strong data-start=\"5598\" data-end=\"5635\">Ethisch en Wettelijk Geproduceerd<\/strong> - Zgodnie z mi\u0119dzynarodowymi wytycznymi dotycz\u0105cymi bezpiecze\u0144stwa.<\/p>\n<\/li>\n<li data-start=\"5702\" data-end=\"5778\">\n<p data-start=\"5704\" data-end=\"5778\"><strong data-start=\"5704\" data-end=\"5731\">Testowane naukowo<\/strong> \u2013 Elke batch wordt zorgvuldig gecontroleerd. Pagoclone<\/p>\n<\/li>\n<\/ul>\n<hr data-start=\"5780\" data-end=\"5783\" \/>\n<h3 data-start=\"5785\" data-end=\"5800\"><strong data-start=\"5789\" data-end=\"5800\">U\u017cycie<\/strong><\/h3>\n<ol data-start=\"5801\" data-end=\"6217\">\n<li data-start=\"5801\" data-end=\"5898\">\n<p data-start=\"5804\" data-end=\"5898\"><strong data-start=\"5804\" data-end=\"5839\">Tylko do u\u017cytku laboratoryjnego<\/strong> \u2013 Gebruik uitsluitend in erkende onderzoeksinstellingen.<\/p>\n<\/li>\n<li data-start=\"5899\" data-end=\"5966\">\n<p data-start=\"5902\" data-end=\"5966\"><strong data-start=\"5902\" data-end=\"5912\">Przechowywanie<\/strong> - Przechowywa\u0107 na <strong data-start=\"5929\" data-end=\"5963\">ch\u0142odne, suche i ciemne miejsce<\/strong>.<\/p>\n<\/li>\n<li data-start=\"5967\" data-end=\"6047\">\n<p data-start=\"5970\" data-end=\"6047\"><strong data-start=\"5970\" data-end=\"5987\">Bezpieczna praca<\/strong> - Nosi\u0107 r\u0119kawice, okulary ochronne i fartuch laboratoryjny.<\/p>\n<\/li>\n<li data-start=\"6048\" data-end=\"6127\">\n<p data-start=\"6051\" data-end=\"6127\"><strong data-start=\"6051\" data-end=\"6063\">Pomiary<\/strong> - Do dok\u0142adnych analiz nale\u017cy u\u017cywa\u0107 skalibrowanego sprz\u0119tu.<\/p>\n<\/li>\n<li data-start=\"6128\" data-end=\"6217\">\n<p data-start=\"6131\" data-end=\"6217\"><strong data-start=\"6131\" data-end=\"6158\">Veiligheidswaarschuwing<\/strong> - Nie nadaje si\u0119 do spo\u017cycia przez ludzi i zwierz\u0119ta.<\/p>\n<\/li>\n<\/ol>\n<hr data-start=\"6219\" data-end=\"6222\" \/>\n<h3 data-start=\"6224\" data-end=\"6251\"><strong data-start=\"6228\" data-end=\"6251\">Cz\u0119sto zadawane pytania<\/strong><\/h3>\n<p data-start=\"6253\" data-end=\"6420\"><strong data-start=\"6253\" data-end=\"6309\">1. Waarvoor worden 2 mg onderzoeksblotters gebruikt?<\/strong><br data-start=\"6309\" data-end=\"6312\" \/>Ze zijn bedoeld voor <strong data-start=\"6333\" data-end=\"6377\">badania naukowe i analityczne<\/strong>, zoals chemische analyses en kalibratie.<\/p>\n<p data-start=\"6422\" data-end=\"6583\"><strong data-start=\"6422\" data-end=\"6490\">2. Kunnen deze blotters buiten een laboratorium worden gebruikt?<\/strong><br data-start=\"6490\" data-end=\"6493\" \/>Nie. Te produkty s\u0105 <strong data-start=\"6518\" data-end=\"6580\">uitsluitend bedoeld voor professioneel laboratoriumgebruik<\/strong>.<\/p>\n<p data-start=\"6585\" data-end=\"6734\"><strong data-start=\"6585\" data-end=\"6632\">3. Hoe moeten deze blotters worden bewaard?<\/strong><br data-start=\"6632\" data-end=\"6635\" \/>Trzymaj je w ich <strong data-start=\"6652\" data-end=\"6689\">oryginalne, hermetyczne opakowanie<\/strong> na <strong data-start=\"6697\" data-end=\"6731\">ch\u0142odne, suche i ciemne miejsce<\/strong>.<\/p>\n<hr data-start=\"6736\" data-end=\"6739\" \/>\n<h3 data-start=\"6741\" data-end=\"6759\"><strong data-start=\"6745\" data-end=\"6759\">Zastrze\u017cenie<\/strong><\/h3>\n<p data-start=\"6760\" data-end=\"6992\">Ten produkt jest <strong data-start=\"6775\" data-end=\"6824\">przeznaczone wy\u0142\u0105cznie do cel\u00f3w badawczych<\/strong>. <strong data-start=\"6826\" data-end=\"6884\">Nie nadaje si\u0119 do spo\u017cycia przez ludzi i zwierz\u0119ta.<\/strong><br data-start=\"6884\" data-end=\"6887\" \/>Dokonuj\u0105c zakupu, u\u017cytkownik potwierdza, \u017ce spe\u0142nia wszystkie obowi\u0105zuj\u0105ce wymogi bezpiecze\u0144stwa i wymogi prawne.<\/p>\n<h3><span dir=\"auto\" style=\"color: #333333; font-size: 16px; vertical-align: inherit;\"><span dir=\"auto\" style=\"vertical-align: inherit;\">. <\/span><\/span><a style=\"font-size: 16px;\" href=\"https:\/\/researchchemicalsweb.com\/pl\/shop\/iboga-ibogaine\/buy-ibogaine-hcl-online\/\"><span dir=\"auto\" style=\"vertical-align: inherit;\"><span dir=\"auto\" style=\"vertical-align: inherit;\">Kup Ibogain\u0119 HCL <\/span><\/span><\/a><a style=\"font-size: 16px;\" href=\"https:\/\/researchchemicalsweb.com\/pl\/shop\/iboga-ibogaine\/kora-korzenia-iboga\/\"><span dir=\"auto\" style=\"vertical-align: inherit;\"><span dir=\"auto\" style=\"vertical-align: inherit;\">Kora korzenia ibogi <\/span><\/span><\/a><a style=\"font-size: 16px;\" href=\"https:\/\/researchchemicalsweb.com\/pl\/shop\/lysergamides\/1cp-lsd\/\"><span dir=\"auto\" style=\"vertical-align: inherit;\"><span dir=\"auto\" style=\"vertical-align: inherit;\">1cP-LSD 150 MCG Art Blotters <\/span><\/span><\/a><a style=\"font-size: 16px;\" href=\"https:\/\/researchchemicalsweb.com\/pl\/shop\/pellets\/o-dsmt-50mg-pellets\/\"><span dir=\"auto\" style=\"vertical-align: inherit;\"><span dir=\"auto\" style=\"vertical-align: inherit;\">O-DSMT 50mg granulat <\/span><\/span><\/a><a style=\"font-size: 16px;\" href=\"https:\/\/researchchemicalsweb.com\/pl\/shop\/lysergamides\/1v-lsd-150-mcg-blotters\/\"><span dir=\"auto\" style=\"vertical-align: inherit;\"><span dir=\"auto\" style=\"vertical-align: inherit;\">1V-LSD 150 MCG Blotters<\/span><\/span><\/a><\/h3>","protected":false},"excerpt":{"rendered":"<p>Introductie Onze 2 mg onderzoeksblotters zijn met uiterste precisie ontwikkeld voor analytisch, forensisch en laboratoriumonderzoek. Pagoclone\u00a0Elke blotter wordt geproduceerd onder<\/p>","protected":false},"featured_media":20389,"comment_status":"closed","ping_status":"closed","template":"","meta":[],"product_brand":[79],"product_cat":[515,516],"product_tag":[78,518,547,548,549,550],"class_list":{"0":"post-19538","1":"product","2":"type-product","3":"status-publish","4":"has-post-thumbnail","6":"product_brand-research-chemical","7":"product_cat-overig","8":"product_cat-pagoclone","9":"product_tag-nl","10":"product_tag-pagoclone","11":"product_tag-pagoclone-dosage","12":"product_tag-pagoclone-effects","13":"product_tag-pagoclone-ervaringen","14":"product_tag-pagoclone-experience","16":"first","17":"instock","18":"shipping-taxable","19":"purchasable","20":"product-type-variable"},"_links":{"self":[{"href":"https:\/\/researchchemicalsweb.com\/pl\/wp-json\/wp\/v2\/product\/19538","targetHints":{"allow":["GET"]}}],"collection":[{"href":"https:\/\/researchchemicalsweb.com\/pl\/wp-json\/wp\/v2\/product"}],"about":[{"href":"https:\/\/researchchemicalsweb.com\/pl\/wp-json\/wp\/v2\/types\/product"}],"replies":[{"embeddable":true,"href":"https:\/\/researchchemicalsweb.com\/pl\/wp-json\/wp\/v2\/comments?post=19538"}],"version-history":[{"count":1,"href":"https:\/\/researchchemicalsweb.com\/pl\/wp-json\/wp\/v2\/product\/19538\/revisions"}],"predecessor-version":[{"id":19595,"href":"https:\/\/researchchemicalsweb.com\/pl\/wp-json\/wp\/v2\/product\/19538\/revisions\/19595"}],"wp:featuredmedia":[{"embeddable":true,"href":"https:\/\/researchchemicalsweb.com\/pl\/wp-json\/wp\/v2\/media\/20389"}],"wp:attachment":[{"href":"https:\/\/researchchemicalsweb.com\/pl\/wp-json\/wp\/v2\/media?parent=19538"}],"wp:term":[{"taxonomy":"product_brand","embeddable":true,"href":"https:\/\/researchchemicalsweb.com\/pl\/wp-json\/wp\/v2\/product_brand?post=19538"},{"taxonomy":"product_cat","embeddable":true,"href":"https:\/\/researchchemicalsweb.com\/pl\/wp-json\/wp\/v2\/product_cat?post=19538"},{"taxonomy":"product_tag","embeddable":true,"href":"https:\/\/researchchemicalsweb.com\/pl\/wp-json\/wp\/v2\/product_tag?post=19538"}],"curies":[{"name":"wp","href":"https:\/\/api.w.org\/{rel}","templated":true}]}}