{"id":19523,"date":"2025-12-16T21:09:45","date_gmt":"2025-12-16T21:09:45","guid":{"rendered":"https:\/\/researchchemicalsweb.com\/?post_type=product&#038;p=19523"},"modified":"2026-02-17T14:20:10","modified_gmt":"2026-02-17T14:20:10","slug":"4f-mph-25-mg-pellets","status":"publish","type":"product","link":"https:\/\/researchchemicalsweb.com\/pl\/produkt\/4f-mph-25-mg-pellets\/","title":{"rendered":"4F-MPH 25 MG Pellets"},"content":{"rendered":"<h3 data-start=\"4015\" data-end=\"4034\"><strong data-start=\"4019\" data-end=\"4034\">Wprowadzenie<\/strong><\/h3>\n<p data-start=\"4035\" data-end=\"4320\">Nasz <strong data-start=\"4040\" data-end=\"4067\">25 mg onderzoekspellets<\/strong> zijn speciaal ontwikkeld voor <strong data-start=\"4098\" data-end=\"4154\">badania naukowe, kryminalistyczne i analityczne<\/strong>. 4f mph kopen<br data-start=\"4155\" data-end=\"4158\" \/>Elke pellet wordt geproduceerd onder <strong data-start=\"4195\" data-end=\"4233\">rygorystyczne warunki laboratoryjne<\/strong>, kt\u00f3ry przewiduje <strong data-start=\"4250\" data-end=\"4317\">chemische zuiverheid, stabiliteit en reproduceerbare resultaten<\/strong>.<\/p>\n<p data-start=\"4322\" data-end=\"4457\">Deze pellets zijn ideaal voor <strong data-start=\"4352\" data-end=\"4406\">data-analyse, kalibratie en vergelijkend onderzoek<\/strong>, en voldoen aan internationale kwaliteitsnormen.<\/p>\n<blockquote data-start=\"4459\" data-end=\"4568\">\n<p data-start=\"4461\" data-end=\"4568\">\u26a0\ufe0f <strong data-start=\"4464\" data-end=\"4568\">Przeznaczony wy\u0142\u0105cznie do u\u017cytku laboratoryjnego. Nie nadaje si\u0119 do spo\u017cycia przez ludzi lub zwierz\u0119ta.<\/strong><\/p>\n<\/blockquote>\n<hr data-start=\"4570\" data-end=\"4573\" \/>\n<h3 data-start=\"4575\" data-end=\"4606\"><strong data-start=\"4579\" data-end=\"4606\">Najwa\u017cniejsze cechy<\/strong><\/h3>\n<ul data-start=\"4607\" data-end=\"5104\">\n<li data-start=\"4607\" data-end=\"4677\">\n<p data-start=\"4609\" data-end=\"4677\"><strong data-start=\"4609\" data-end=\"4635\">Wysoka czysto\u015b\u0107 (\u226599%)<\/strong> - Niezale\u017cnie przetestowane i zweryfikowane.<\/p>\n<\/li>\n<li data-start=\"4678\" data-end=\"4765\">\n<p data-start=\"4680\" data-end=\"4765\"><strong data-start=\"4680\" data-end=\"4722\">Precieze Dosering van 25 mg per Pellet<\/strong> \u2013 Voor betrouwbare onderzoeksresultaten.<\/p>\n<\/li>\n<li data-start=\"4766\" data-end=\"4847\">\n<p data-start=\"4768\" data-end=\"4847\"><strong data-start=\"4768\" data-end=\"4804\">Stabilny sk\u0142ad chemiczny<\/strong> - Zachowuje integralno\u015b\u0107, gdy jest prawid\u0142owo przechowywany.<\/p>\n<\/li>\n<li data-start=\"4848\" data-end=\"4933\">\n<p data-start=\"4850\" data-end=\"4933\"><strong data-start=\"4850\" data-end=\"4875\">Jako\u015b\u0107 laboratoryjna<\/strong> \u2013 Geproduceerd volgens internationale onderzoeksnormen.<\/p>\n<\/li>\n<li data-start=\"4934\" data-end=\"5013\">\n<p data-start=\"4936\" data-end=\"5013\"><strong data-start=\"4936\" data-end=\"4963\">Opakowania ochronne<\/strong> - Szczelny, odporny na wilgo\u0107 i \u015bwiat\u0142o.<\/p>\n<\/li>\n<li data-start=\"5014\" data-end=\"5104\">\n<p data-start=\"5016\" data-end=\"5104\"><strong data-start=\"5016\" data-end=\"5049\">Alleen voor Onderzoeksgebruik<\/strong> \u2013 Ontworpen voor professioneel analytisch onderzoek.<\/p>\n<\/li>\n<\/ul>\n<hr data-start=\"5106\" data-end=\"5109\" \/>\n<h3 data-start=\"5111\" data-end=\"5128\"><strong data-start=\"5115\" data-end=\"5128\">Zalety<\/strong><\/h3>\n<ul data-start=\"5129\" data-end=\"5577\">\n<li data-start=\"5129\" data-end=\"5213\">\n<p data-start=\"5131\" data-end=\"5213\"><strong data-start=\"5131\" data-end=\"5157\">Betrouwbare Resultaten<\/strong> \u2013 Voor consistente en reproduceerbare onderzoeksdata.<\/p>\n<\/li>\n<li data-start=\"5214\" data-end=\"5319\">\n<p data-start=\"5216\" data-end=\"5319\"><strong data-start=\"5216\" data-end=\"5254\">Wetenschappelijk Geteste Kwaliteit<\/strong> \u2013 Elke batch wordt gecontroleerd op zuiverheid en stabiliteit.<\/p>\n<\/li>\n<li data-start=\"5320\" data-end=\"5391\">\n<p data-start=\"5322\" data-end=\"5391\"><strong data-start=\"5322\" data-end=\"5348\">D\u0142ugoterminowa stabilno\u015b\u0107<\/strong> \u2013 Ontworpen voor een lange houdbaarheid.<\/p>\n<\/li>\n<li data-start=\"5392\" data-end=\"5484\">\n<p data-start=\"5394\" data-end=\"5484\"><strong data-start=\"5394\" data-end=\"5418\">Etyczna produkcja<\/strong> - Zgodnie z mi\u0119dzynarodowymi wytycznymi dotycz\u0105cymi bezpiecze\u0144stwa.<\/p>\n<\/li>\n<li data-start=\"5485\" data-end=\"5577\">\n<p data-start=\"5487\" data-end=\"5577\"><strong data-start=\"5487\" data-end=\"5516\">Kszta\u0142t przyjazny dla u\u017cytkownika<\/strong> \u2013 Pellets verminderen risico op besmetting en verspilling.<\/p>\n<\/li>\n<\/ul>\n<hr data-start=\"5579\" data-end=\"5582\" \/>\n<h3 data-start=\"5584\" data-end=\"5599\"><strong data-start=\"5588\" data-end=\"5599\">U\u017cycie<\/strong><\/h3>\n<ol data-start=\"5600\" data-end=\"6022\">\n<li data-start=\"5600\" data-end=\"5701\">\n<p data-start=\"5603\" data-end=\"5701\"><strong data-start=\"5603\" data-end=\"5638\">Tylko do u\u017cytku laboratoryjnego<\/strong> \u2013 Gebruik uitsluitend binnen erkende onderzoeksinstellingen.<\/p>\n<\/li>\n<li data-start=\"5702\" data-end=\"5769\">\n<p data-start=\"5705\" data-end=\"5769\"><strong data-start=\"5705\" data-end=\"5715\">Przechowywanie<\/strong> - Przechowywa\u0107 na <strong data-start=\"5732\" data-end=\"5766\">ch\u0142odne, suche i ciemne miejsce<\/strong>.<\/p>\n<\/li>\n<li data-start=\"5770\" data-end=\"5852\">\n<p data-start=\"5773\" data-end=\"5852\"><strong data-start=\"5773\" data-end=\"5790\">Bezpieczna praca<\/strong> \u2013 Gebruik handschoenen, veiligheidsbril en laboratoriumjas.<\/p>\n<\/li>\n<li data-start=\"5853\" data-end=\"5932\">\n<p data-start=\"5856\" data-end=\"5932\"><strong data-start=\"5856\" data-end=\"5868\">Pomiary<\/strong> - Do dok\u0142adnych analiz nale\u017cy u\u017cywa\u0107 skalibrowanego sprz\u0119tu.<\/p>\n<\/li>\n<li data-start=\"5933\" data-end=\"6022\">\n<p data-start=\"5936\" data-end=\"6022\"><strong data-start=\"5936\" data-end=\"5963\">Veiligheidswaarschuwing<\/strong> - Nie nadaje si\u0119 do spo\u017cycia przez ludzi i zwierz\u0119ta.<\/p>\n<\/li>\n<\/ol>\n<hr data-start=\"6024\" data-end=\"6027\" \/>\n<h3 data-start=\"6029\" data-end=\"6056\"><strong data-start=\"6033\" data-end=\"6056\">Cz\u0119sto zadawane pytania<\/strong><\/h3>\n<p data-start=\"6058\" data-end=\"6236\"><strong data-start=\"6058\" data-end=\"6114\">1. Waarvoor worden 25 mg onderzoekspellets gebruikt?<\/strong><br data-start=\"6114\" data-end=\"6117\" \/>S\u0105 one u\u017cywane do <strong data-start=\"6141\" data-end=\"6185\">badania naukowe i analityczne<\/strong>, zoals kalibratie en vergelijkende experimenten.<\/p>\n<p data-start=\"6238\" data-end=\"6400\"><strong data-start=\"6238\" data-end=\"6305\">2. Czy te granulki mog\u0105 by\u0107 u\u017cywane poza laboratorium?<\/strong><br data-start=\"6305\" data-end=\"6308\" \/>Nie. Te produkty s\u0105 <strong data-start=\"6333\" data-end=\"6397\">przeznaczone wy\u0142\u0105cznie do profesjonalnych bada\u0144 laboratoryjnych<\/strong>.<\/p>\n<p data-start=\"6402\" data-end=\"6548\"><strong data-start=\"6402\" data-end=\"6446\">3. Jak nale\u017cy przechowywa\u0107 granulat?<\/strong><br data-start=\"6446\" data-end=\"6449\" \/>Trzymaj je w ich <strong data-start=\"6466\" data-end=\"6503\">oryginalne, hermetyczne opakowanie<\/strong> na <strong data-start=\"6511\" data-end=\"6545\">ch\u0142odne, suche i ciemne miejsce<\/strong>.<\/p>\n<hr data-start=\"6550\" data-end=\"6553\" \/>\n<h3 data-start=\"6555\" data-end=\"6573\"><strong data-start=\"6559\" data-end=\"6573\">Zastrze\u017cenie<\/strong><\/h3>\n<p data-start=\"6574\" data-end=\"6806\">Ten produkt jest <strong data-start=\"6589\" data-end=\"6638\">przeznaczone wy\u0142\u0105cznie do cel\u00f3w badawczych<\/strong>. <strong data-start=\"6640\" data-end=\"6698\">Nie nadaje si\u0119 do spo\u017cycia przez ludzi i zwierz\u0119ta.<\/strong><br data-start=\"6698\" data-end=\"6701\" \/>Dokonuj\u0105c zakupu, u\u017cytkownik potwierdza, \u017ce spe\u0142nia wszystkie obowi\u0105zuj\u0105ce wymogi bezpiecze\u0144stwa i wymogi prawne.<\/p>\n<h3><strong>4F-MPH 25 mg Pellets \u2013 Innovatieve Onderzoeksformule voor Wetenschappelijke Studie<\/strong><\/h3>\n<p>Kup 4f mph<\/p>\n<h4><strong>\ud83d\udd2c Productkenmerken:<\/strong><\/h4>\n<ul>\n<li>\n<p class=\"ds-markdown-paragraph\"><strong>Stofnaam:<\/strong>\u00a04F-MPH (4-Fluoromethylfenidaat)<\/p>\n<\/li>\n<li>\n<p class=\"ds-markdown-paragraph\"><strong>Dosering:<\/strong>\u00a025 mg per pellet (consistent en nauwkeurig gedoseerd)<\/p>\n<\/li>\n<li>\n<p class=\"ds-markdown-paragraph\"><strong>Vorm:<\/strong>\u00a0Kleine, gemakkelijk hanteerbare pellets<\/p>\n<\/li>\n<li>\n<p class=\"ds-markdown-paragraph\"><strong>Czysto\u015b\u0107:<\/strong>\u00a0\u226598% (HPLC-getest)<\/p>\n<\/li>\n<li>\n<p class=\"ds-markdown-paragraph\"><strong>Geschikt voor:<\/strong>\u00a0Preklinisch onderzoek, farmacologische studies<\/p>\n<\/li>\n<\/ul>\n<h4><strong>\ud83d\udccc Waarom 4F-MPH Pellets Kopen?<\/strong><\/h4>\n<p class=\"ds-markdown-paragraph\">\u2705\u00a0<strong>Gestandaardiseerde dosering<\/strong>\u00a0\u2013 Elk pellet bevat exact\u00a0<strong>25 mg<\/strong>, ideaal voor reproduceerbare experimenten.<br \/>\n\u2705\u00a0<strong>Gemakkelijke toediening<\/strong>\u00a0\u2013 Pellets zijn praktischer dan poeder voor bepaalde onderzoeksopstellingen.<br \/>\n\u2705\u00a0<strong>Hoogwaardige kwaliteit<\/strong> \u2013 Geoptimaliseerd voor stabiliteit en nauwkeurigheid. 4f mph kopen<\/p>\n<h4><strong>\u26a0\ufe0f Belangrijke Veiligheidsinformatie:<\/strong><\/h4>\n<ul>\n<li>\n<p class=\"ds-markdown-paragraph\"><strong>Alleen voor onderzoeksdoeleinden<\/strong>\u00a0\u2013 Niet voor menselijke of dierlijke consumptie.<\/p>\n<\/li>\n<li>\n<p class=\"ds-markdown-paragraph\"><strong>Lab-veiligheidsprotocol vereist<\/strong>\u00a0\u2013 Gebruik in een gecontroleerde omgeving met PBM (handschoenen, labjas).<\/p>\n<\/li>\n<li>\n<p class=\"ds-markdown-paragraph\"><strong>Buiten bereik van kinderen en dieren houden.<\/strong><\/p>\n<\/li>\n<\/ul>\n<h4><strong>\ud83c\udf21\ufe0f Opslagadvies:<\/strong><\/h4>\n<ul>\n<li>\n<p class=\"ds-markdown-paragraph\">Bewaar in een\u00a0<strong>luchtdichte verpakking<\/strong>, beschermd tegen licht en vocht.<\/p>\n<\/li>\n<li>\n<p class=\"ds-markdown-paragraph\">Ideale temperatuur:\u00a0<strong>2-8\u00b0C (koelkast) voor langdurige opslag<\/strong>, of op kamertemperatuur voor kort gebruik.<\/p>\n<\/li>\n<\/ul>\n<h4><strong>\ud83d\udce6 Verkrijgbaar in:<\/strong><\/h4>\n<ul>\n<li>\n<p class=\"ds-markdown-paragraph\"><strong>10 pellets per verpakking<\/strong>\u00a0(standaard)<\/p>\n<\/li>\n<li>\n<p class=\"ds-markdown-paragraph\"><strong>Optionele bulkbestellingen<\/strong>\u00a0voor onderzoeksinstellingen<\/p>\n<\/li>\n<\/ul>\n<hr \/>\n<p class=\"ds-markdown-paragraph\"><strong>\ud83d\udeab Wettelijke disclaimer:<\/strong><br \/>\nDit product is uitsluitend bedoeld voor\u00a0<strong>wetenschappelijk onderzoek<\/strong>\u00a0en valt onder strikte regelgeving. De koper is verantwoordelijk voor naleving van de\u00a0<strong>lokale wetgeving<\/strong>.<\/p>\n<p class=\"ds-markdown-paragraph\"><strong>\ud83d\udca1 Vragen?<\/strong> Neem contact op voor meer details over toepassingen en veilig gebruik in laboratoria. <a href=\"https:\/\/researchchemicalsweb.com\/pl\/shop\/iboga-ibogaine\/buy-ibogaine-hcl-online\/\">Kup Ibogain\u0119 HCL<\/a><a href=\"https:\/\/researchchemicalsweb.com\/pl\/shop\/iboga-ibogaine\/kora-korzenia-iboga\/\">Kora korzenia ibogi<\/a><a href=\"https:\/\/researchchemicalsweb.com\/pl\/shop\/pellets\/o-dsmt-50mg-pellets\/\">O-DSMT 50mg granulat<\/a><a href=\"https:\/\/researchchemicalsweb.com\/pl\/shop\/lysergamides\/1v-lsd-150-mcg-blotters\/\">1V-LSD 150 MCG Blotters<\/a><a href=\"https:\/\/researchchemicalsweb.com\/pl\/shop\/lysergamides\/1cp-lsd\/\">1cP-LSD 150 MCG Art Blotters<\/a><\/p>","protected":false},"excerpt":{"rendered":"<h3>4F-MPH pellets eigenschappen<\/h3>\n<p><strong>Synoniem<\/strong>: 4-Fluoromethylphenidate<br \/>\n<strong>CAS Nummer<\/strong>: 1354631-33-6<br \/>\n<strong>Formule<\/strong>: methyl 2-(4-fluorophenyl)-2-(piperidin-2-yl)acetate hydrochloride<br \/>\n<strong>Molmassa<\/strong>: 287.8 g\/mol<br \/>\n<strong>Czysto\u015b\u0107<\/strong>: &gt;97%<\/p>","protected":false},"featured_media":20234,"comment_status":"closed","ping_status":"closed","template":"","meta":[],"product_brand":[],"product_cat":[157,342,73,88,127],"product_tag":[158,793,148,988,78],"class_list":{"0":"post-19523","1":"product","2":"type-product","3":"status-publish","4":"has-post-thumbnail","6":"product_cat-4f-mph","7":"product_cat-4f-mph-pellets","8":"product_cat-bijna-verboden","9":"product_cat-gefluoreerden","10":"product_cat-pellets","11":"product_tag-4f-mph-kopen","12":"product_tag-4f-ritalin-kopen","13":"product_tag-4f-mph","14":"product_tag-4f-mph-25-mg-pellets","15":"product_tag-nl","17":"first","18":"instock","19":"shipping-taxable","20":"purchasable","21":"product-type-variable"},"_links":{"self":[{"href":"https:\/\/researchchemicalsweb.com\/pl\/wp-json\/wp\/v2\/product\/19523","targetHints":{"allow":["GET"]}}],"collection":[{"href":"https:\/\/researchchemicalsweb.com\/pl\/wp-json\/wp\/v2\/product"}],"about":[{"href":"https:\/\/researchchemicalsweb.com\/pl\/wp-json\/wp\/v2\/types\/product"}],"replies":[{"embeddable":true,"href":"https:\/\/researchchemicalsweb.com\/pl\/wp-json\/wp\/v2\/comments?post=19523"}],"version-history":[{"count":1,"href":"https:\/\/researchchemicalsweb.com\/pl\/wp-json\/wp\/v2\/product\/19523\/revisions"}],"predecessor-version":[{"id":19571,"href":"https:\/\/researchchemicalsweb.com\/pl\/wp-json\/wp\/v2\/product\/19523\/revisions\/19571"}],"wp:featuredmedia":[{"embeddable":true,"href":"https:\/\/researchchemicalsweb.com\/pl\/wp-json\/wp\/v2\/media\/20234"}],"wp:attachment":[{"href":"https:\/\/researchchemicalsweb.com\/pl\/wp-json\/wp\/v2\/media?parent=19523"}],"wp:term":[{"taxonomy":"product_brand","embeddable":true,"href":"https:\/\/researchchemicalsweb.com\/pl\/wp-json\/wp\/v2\/product_brand?post=19523"},{"taxonomy":"product_cat","embeddable":true,"href":"https:\/\/researchchemicalsweb.com\/pl\/wp-json\/wp\/v2\/product_cat?post=19523"},{"taxonomy":"product_tag","embeddable":true,"href":"https:\/\/researchchemicalsweb.com\/pl\/wp-json\/wp\/v2\/product_tag?post=19523"}],"curies":[{"name":"wp","href":"https:\/\/api.w.org\/{rel}","templated":true}]}}