{"id":19520,"date":"2025-12-16T21:09:44","date_gmt":"2025-12-16T21:09:44","guid":{"rendered":"https:\/\/researchchemicalsweb.com\/?post_type=product&#038;p=19520"},"modified":"2026-02-17T14:20:31","modified_gmt":"2026-02-17T14:20:31","slug":"1bz-lsd-200mcg-granulki","status":"publish","type":"product","link":"https:\/\/researchchemicalsweb.com\/pl\/produkt\/1bz-lsd-200mcg-granulki\/","title":{"rendered":"1Bz-LSD 200mcg w granulkach"},"content":{"rendered":"<h3 data-start=\"4076\" data-end=\"4095\"><strong data-start=\"4080\" data-end=\"4095\">Wprowadzenie<\/strong><\/h3>\n<p data-start=\"4096\" data-end=\"4400\">Nasz <strong data-start=\"4101\" data-end=\"4130\">Granulki badawcze 200 mcg<\/strong> zosta\u0142y opracowane dla <strong data-start=\"4152\" data-end=\"4208\">badania naukowe, kryminalistyczne i analityczne<\/strong> gdzie wymagana jest wyj\u0105tkowa precyzja.<br data-start=\"4243\" data-end=\"4246\" \/>Ka\u017cdy pellet jest produkowany pod <strong data-start=\"4282\" data-end=\"4320\">rygorystyczne warunki laboratoryjne<\/strong>, kt\u00f3ry przewiduje <strong data-start=\"4337\" data-end=\"4397\">stabilno\u015b\u0107 chemiczna, odtwarzalno\u015b\u0107 i czysto\u015b\u0107<\/strong>. Granulat 1Bz-LSD<\/p>\n<p data-start=\"4402\" data-end=\"4545\">S\u0105 idealne dla <strong data-start=\"4422\" data-end=\"4476\">kalibracja, walidacja i testy por\u00f3wnawcze<\/strong>, zapewniaj\u0105c wiarygodne wyniki dla profesjonalnych badaczy.<\/p>\n<blockquote data-start=\"4547\" data-end=\"4656\">\n<p data-start=\"4549\" data-end=\"4656\">\u26a0\ufe0f <strong data-start=\"4552\" data-end=\"4656\">Przeznaczony wy\u0142\u0105cznie do u\u017cytku laboratoryjnego. Nie nadaje si\u0119 do spo\u017cycia przez ludzi lub zwierz\u0119ta.<\/strong><\/p>\n<\/blockquote>\n<hr data-start=\"4658\" data-end=\"4661\" \/>\n<h3 data-start=\"4663\" data-end=\"4694\"><strong data-start=\"4667\" data-end=\"4694\">Najwa\u017cniejsze cechy<\/strong><\/h3>\n<ul data-start=\"4695\" data-end=\"5200\">\n<li data-start=\"4695\" data-end=\"4765\">\n<p data-start=\"4697\" data-end=\"4765\"><strong data-start=\"4697\" data-end=\"4723\">Wysoka czysto\u015b\u0107 (\u226599%)<\/strong> - Niezale\u017cnie przetestowane i zweryfikowane.<\/p>\n<\/li>\n<li data-start=\"4766\" data-end=\"4859\">\n<p data-start=\"4768\" data-end=\"4859\"><strong data-start=\"4768\" data-end=\"4801\">Precyzyjna dawka 200 mcg<\/strong> - Dla sp\u00f3jnych i wiarygodnych wynik\u00f3w bada\u0144.<\/p>\n<\/li>\n<li data-start=\"4860\" data-end=\"4941\">\n<p data-start=\"4862\" data-end=\"4941\"><strong data-start=\"4862\" data-end=\"4898\">Stabilny sk\u0142ad chemiczny<\/strong> - Zachowuje integralno\u015b\u0107, gdy jest prawid\u0142owo przechowywany.<\/p>\n<\/li>\n<li data-start=\"4942\" data-end=\"5043\">\n<p data-start=\"4944\" data-end=\"5043\"><strong data-start=\"4944\" data-end=\"4969\">Jako\u015b\u0107 laboratoryjna<\/strong> - Produkowane zgodnie z mi\u0119dzynarodowymi standardami jako\u015bci i bezpiecze\u0144stwa.<\/p>\n<\/li>\n<li data-start=\"5044\" data-end=\"5123\">\n<p data-start=\"5046\" data-end=\"5123\"><strong data-start=\"5046\" data-end=\"5073\">Opakowania ochronne<\/strong> - Szczelny, odporny na wilgo\u0107 i \u015bwiat\u0142o.<\/p>\n<\/li>\n<li data-start=\"5124\" data-end=\"5200\">\n<p data-start=\"5126\" data-end=\"5200\"><strong data-start=\"5126\" data-end=\"5151\">Zastosowanie profesjonalne<\/strong> - Przeznaczony dla zatwierdzonych instytucji badawczych.<\/p>\n<\/li>\n<\/ul>\n<hr data-start=\"5202\" data-end=\"5205\" \/>\n<h3 data-start=\"5207\" data-end=\"5224\"><strong data-start=\"5211\" data-end=\"5224\">Zalety<\/strong><\/h3>\n<ul data-start=\"5225\" data-end=\"5650\">\n<li data-start=\"5225\" data-end=\"5299\">\n<p data-start=\"5227\" data-end=\"5299\"><strong data-start=\"5227\" data-end=\"5263\">Sp\u00f3jne wyniki bada\u0144<\/strong> - Niezawodno\u015b\u0107 i powtarzalno\u015b\u0107.<\/p>\n<\/li>\n<li data-start=\"5300\" data-end=\"5385\">\n<p data-start=\"5302\" data-end=\"5385\"><strong data-start=\"5302\" data-end=\"5328\">D\u0142ugoterminowa stabilno\u015b\u0107<\/strong> - Zachowuje w\u0142a\u015bciwo\u015bci chemiczne przy prawid\u0142owym przechowywaniu.<\/p>\n<\/li>\n<li data-start=\"5386\" data-end=\"5478\">\n<p data-start=\"5388\" data-end=\"5478\"><strong data-start=\"5388\" data-end=\"5412\">Etyczna produkcja<\/strong> - Zgodnie z mi\u0119dzynarodowymi wytycznymi dotycz\u0105cymi bezpiecze\u0144stwa.<\/p>\n<\/li>\n<li data-start=\"5479\" data-end=\"5568\">\n<p data-start=\"5481\" data-end=\"5568\"><strong data-start=\"5481\" data-end=\"5508\">Testowane naukowo<\/strong> - Sprawdzone pod k\u0105tem czysto\u015bci, to\u017csamo\u015bci i stabilno\u015bci.<\/p>\n<\/li>\n<li data-start=\"5569\" data-end=\"5650\">\n<p data-start=\"5571\" data-end=\"5650\"><strong data-start=\"5571\" data-end=\"5600\">Kszta\u0142t przyjazny dla u\u017cytkownika<\/strong> - Granulki minimalizuj\u0105 ryzyko zanieczyszczenia.<\/p>\n<\/li>\n<\/ul>\n<hr data-start=\"5652\" data-end=\"5655\" \/>\n<h3 data-start=\"5657\" data-end=\"5672\"><strong data-start=\"5661\" data-end=\"5672\">U\u017cycie<\/strong><\/h3>\n<ol data-start=\"5673\" data-end=\"6082\">\n<li data-start=\"5673\" data-end=\"5774\">\n<p data-start=\"5676\" data-end=\"5774\"><strong data-start=\"5676\" data-end=\"5711\">Tylko do u\u017cytku laboratoryjnego<\/strong> - U\u017cywa\u0107 wy\u0142\u0105cznie w zatwierdzonych plac\u00f3wkach badawczych.<\/p>\n<\/li>\n<li data-start=\"5775\" data-end=\"5842\">\n<p data-start=\"5778\" data-end=\"5842\"><strong data-start=\"5778\" data-end=\"5788\">Przechowywanie<\/strong> - Przechowywa\u0107 na <strong data-start=\"5805\" data-end=\"5839\">ch\u0142odne, suche i ciemne miejsce<\/strong>.<\/p>\n<\/li>\n<li data-start=\"5843\" data-end=\"5923\">\n<p data-start=\"5846\" data-end=\"5923\"><strong data-start=\"5846\" data-end=\"5863\">Bezpieczna praca<\/strong> - Nosi\u0107 r\u0119kawice, okulary ochronne i fartuch laboratoryjny.<\/p>\n<\/li>\n<li data-start=\"5924\" data-end=\"6003\">\n<p data-start=\"5927\" data-end=\"6003\"><strong data-start=\"5927\" data-end=\"5939\">Pomiary<\/strong> - Do dok\u0142adnych analiz nale\u017cy u\u017cywa\u0107 skalibrowanego sprz\u0119tu.<\/p>\n<\/li>\n<li data-start=\"6004\" data-end=\"6082\">\n<p data-start=\"6007\" data-end=\"6082\"><strong data-start=\"6007\" data-end=\"6023\">Ostrze\u017cenie<\/strong> - Nie nadaje si\u0119 do spo\u017cycia przez ludzi i zwierz\u0119ta.<\/p>\n<\/li>\n<\/ol>\n<hr data-start=\"6084\" data-end=\"6087\" \/>\n<h3 data-start=\"6089\" data-end=\"6116\"><strong data-start=\"6093\" data-end=\"6116\">Cz\u0119sto zadawane pytania<\/strong><\/h3>\n<p data-start=\"6118\" data-end=\"6305\"><strong data-start=\"6118\" data-end=\"6176\">1. Do czego s\u0142u\u017c\u0105 granulki badawcze 200 mcg?<\/strong><br data-start=\"6176\" data-end=\"6179\" \/>S\u0105 one u\u017cywane do <strong data-start=\"6203\" data-end=\"6247\">badania naukowe i analityczne<\/strong>, takich jak kalibracja i por\u00f3wnawcze badania laboratoryjne.<\/p>\n<p data-start=\"6307\" data-end=\"6469\"><strong data-start=\"6307\" data-end=\"6374\">2. Czy te granulki mog\u0105 by\u0107 u\u017cywane poza laboratorium?<\/strong><br data-start=\"6374\" data-end=\"6377\" \/>Nie. Te produkty s\u0105 <strong data-start=\"6402\" data-end=\"6466\">przeznaczone wy\u0142\u0105cznie do profesjonalnych bada\u0144 laboratoryjnych<\/strong>.<\/p>\n<p data-start=\"6471\" data-end=\"6617\"><strong data-start=\"6471\" data-end=\"6515\">3. Jak nale\u017cy przechowywa\u0107 granulat?<\/strong><br data-start=\"6515\" data-end=\"6518\" \/>Trzymaj je w ich <strong data-start=\"6535\" data-end=\"6572\">oryginalne, hermetyczne opakowanie<\/strong> na <strong data-start=\"6580\" data-end=\"6614\">ch\u0142odne, suche i ciemne miejsce<\/strong>.<\/p>\n<hr data-start=\"6619\" data-end=\"6622\" \/>\n<h3 data-start=\"6624\" data-end=\"6642\"><strong data-start=\"6628\" data-end=\"6642\">Zastrze\u017cenie<\/strong><\/h3>\n<p data-start=\"6643\" data-end=\"6875\">Ten produkt jest <strong data-start=\"6658\" data-end=\"6707\">przeznaczone wy\u0142\u0105cznie do cel\u00f3w badawczych<\/strong>. <strong data-start=\"6709\" data-end=\"6767\">Nie nadaje si\u0119 do spo\u017cycia przez ludzi i zwierz\u0119ta.<\/strong><br data-start=\"6767\" data-end=\"6770\" \/>Dokonuj\u0105c zakupu, u\u017cytkownik potwierdza, \u017ce spe\u0142nia wszystkie obowi\u0105zuj\u0105ce wymogi bezpiecze\u0144stwa i wymogi prawne.<\/p>\n<h3><strong><span dir=\"auto\" style=\"vertical-align: inherit;\"><span dir=\"auto\" style=\"vertical-align: inherit;\">1B-LSD 200mcg Pellets - najwy\u017cszej jako\u015bci substancja chemiczna do analiz naukowych<\/span><\/span><\/strong><\/h3>\n<h4><strong><span dir=\"auto\" style=\"vertical-align: inherit;\"><span dir=\"auto\" style=\"vertical-align: inherit;\">Co to jest 1B-LSD?<\/span><\/span><\/strong><\/h4>\n<p class=\"ds-markdown-paragraph\"><span dir=\"auto\" style=\"vertical-align: inherit;\"><span dir=\"auto\" style=\"vertical-align: inherit;\">1B-LSD (dietyloamid kwasu 1-butanoilo-lizergowego) jest\u00a0 <\/span><\/span><strong><span dir=\"auto\" style=\"vertical-align: inherit;\"><span dir=\"auto\" style=\"vertical-align: inherit;\">badania chemiczne<\/span><\/span><\/strong><span dir=\"auto\" style=\"vertical-align: inherit;\"><span dir=\"auto\" style=\"vertical-align: inherit;\"> \u00a0strukturalnie spokrewniony z LSD. Substancja ta jest u\u017cywana wy\u0142\u0105cznie do\u00a0 <\/span><\/span><strong><span dir=\"auto\" style=\"vertical-align: inherit;\"><span dir=\"auto\" style=\"vertical-align: inherit;\">cele naukowe<\/span><\/span><\/strong><span dir=\"auto\" style=\"vertical-align: inherit;\"><span dir=\"auto\" style=\"vertical-align: inherit;\"> , w tym badania farmakologiczne nad uk\u0142adami serotoninergicznymi i badania \u015bwiadomo\u015bci.<\/span><\/span><\/p>\n<p class=\"ds-markdown-paragraph\"><span dir=\"auto\" style=\"vertical-align: inherit;\"><span dir=\"auto\" style=\"vertical-align: inherit;\">Nasz\u00a0 <\/span><\/span><strong><span dir=\"auto\" style=\"vertical-align: inherit;\"><span dir=\"auto\" style=\"vertical-align: inherit;\">Granulat 1B-LSD 200mcg<\/span><\/span><\/strong><span dir=\"auto\" style=\"vertical-align: inherit;\"><span dir=\"auto\" style=\"vertical-align: inherit;\"> \u00a0po\u015bwi\u0119cenie\u00a0 <\/span><\/span><strong><span dir=\"auto\" style=\"vertical-align: inherit;\"><span dir=\"auto\" style=\"vertical-align: inherit;\">precyzyjne mikrodozowanie<\/span><\/span><\/strong><span dir=\"auto\" style=\"vertical-align: inherit;\"><span dir=\"auto\" style=\"vertical-align: inherit;\"> , Idealny do kontrolowanych eksperyment\u00f3w w \u015brodowiskach badawczych.<\/span><\/span><\/p>\n<hr \/>\n<h3><strong><span dir=\"auto\" style=\"vertical-align: inherit;\"><span dir=\"auto\" style=\"vertical-align: inherit;\">Cechy produktu:<\/span><\/span><\/strong><\/h3>\n<p class=\"ds-markdown-paragraph\">\u2705\u00a0<strong><span dir=\"auto\" style=\"vertical-align: inherit;\"><span dir=\"auto\" style=\"vertical-align: inherit;\">Ultraprecyzyjne dozowanie<\/span><\/span><\/strong><span dir=\"auto\" style=\"vertical-align: inherit;\"><span dir=\"auto\" style=\"vertical-align: inherit;\"> \u00a0- Ka\u017cda granulka zawiera dok\u0142adnie\u00a0 <\/span><\/span><strong><span dir=\"auto\" style=\"vertical-align: inherit;\"><span dir=\"auto\" style=\"vertical-align: inherit;\">200 mikrogram\u00f3w (0,2 mg) 1B-LSD <\/span><\/span><\/strong><br \/>\n\u2705\u00a0<strong><span dir=\"auto\" style=\"vertical-align: inherit;\"><span dir=\"auto\" style=\"vertical-align: inherit;\">Klasa analityczna<\/span><\/span><\/strong><span dir=\"auto\" style=\"vertical-align: inherit;\"><span dir=\"auto\" style=\"vertical-align: inherit;\"> \u00a0- Oczyszczony metod\u0105 HPLC w celu uzyskania optymalnych wynik\u00f3w bada\u0144 <\/span><\/span><br \/>\n\u2705\u00a0<strong><span dir=\"auto\" style=\"vertical-align: inherit;\"><span dir=\"auto\" style=\"vertical-align: inherit;\">Stabilny sk\u0142ad<\/span><\/span><\/strong><span dir=\"auto\" style=\"vertical-align: inherit;\"><span dir=\"auto\" style=\"vertical-align: inherit;\"> \u00a0- Specjalna pow\u0142oka przed\u0142u\u017caj\u0105ca trwa\u0142o\u015b\u0107 <\/span><\/span><br \/>\n\u2705\u00a0<strong><span dir=\"auto\" style=\"vertical-align: inherit;\"><span dir=\"auto\" style=\"vertical-align: inherit;\">Nadaje si\u0119 do bada\u0144 neurochemicznych<\/span><\/span><\/strong><span dir=\"auto\" style=\"vertical-align: inherit;\"><span dir=\"auto\" style=\"vertical-align: inherit;\"> \u00a0- Potencjalne zastosowanie w badaniach receptor\u00f3w<\/span><\/span><\/p>\n<hr \/>\n<h3><strong><span dir=\"auto\" style=\"vertical-align: inherit;\"><span dir=\"auto\" style=\"vertical-align: inherit;\">Potencjalne zastosowania badawcze:<\/span><\/span><\/strong><\/h3>\n<ul>\n<li>\n<p class=\"ds-markdown-paragraph\"><strong><span dir=\"auto\" style=\"vertical-align: inherit;\"><span dir=\"auto\" style=\"vertical-align: inherit;\">Neurofarmakologia<\/span><\/span><\/strong><span dir=\"auto\" style=\"vertical-align: inherit;\"><span dir=\"auto\" style=\"vertical-align: inherit;\"> \u00a0- Badanie interakcji receptora 5-HT2A<\/span><\/span><\/p>\n<\/li>\n<li>\n<p class=\"ds-markdown-paragraph\"><strong><span dir=\"auto\" style=\"vertical-align: inherit;\"><span dir=\"auto\" style=\"vertical-align: inherit;\">Kognitywistyka<\/span><\/span><\/strong><span dir=\"auto\" style=\"vertical-align: inherit;\"><span dir=\"auto\" style=\"vertical-align: inherit;\"> \u00a0- Badania nad modyfikacjami percepcyjnymi<\/span><\/span><\/p>\n<\/li>\n<li>\n<p class=\"ds-markdown-paragraph\"><strong><span dir=\"auto\" style=\"vertical-align: inherit;\"><span dir=\"auto\" style=\"vertical-align: inherit;\">Analizy por\u00f3wnawcze<\/span><\/span><\/strong><span dir=\"auto\" style=\"vertical-align: inherit;\"><span dir=\"auto\" style=\"vertical-align: inherit;\"> \u00a0- Ocena na tle klasycznych psychodelik\u00f3w (LSD, 1P-LSD)<\/span><\/span><\/p>\n<\/li>\n<li>\n<p class=\"ds-markdown-paragraph\"><strong><span dir=\"auto\" style=\"vertical-align: inherit;\"><span dir=\"auto\" style=\"vertical-align: inherit;\">Badania mikrodawkowania<\/span><\/span><\/strong><span dir=\"auto\" style=\"vertical-align: inherit;\"><span dir=\"auto\" style=\"vertical-align: inherit;\"> \u00a0- Wp\u0142yw na kreatywno\u015b\u0107 i elastyczno\u015b\u0107 poznawcz\u0105<\/span><\/span><\/p>\n<\/li>\n<\/ul>\n<hr \/>\n<h3><strong><span dir=\"auto\" style=\"vertical-align: inherit;\"><span dir=\"auto\" style=\"vertical-align: inherit;\">Protok\u00f3\u0142 bezpiecze\u0144stwa i wytyczne dotycz\u0105ce u\u017cytkowania:<\/span><\/span><\/strong><\/h3>\n<p class=\"ds-markdown-paragraph\">\u26a0\u00a0<strong><span dir=\"auto\" style=\"vertical-align: inherit;\"><span dir=\"auto\" style=\"vertical-align: inherit;\">Wy\u0142\u0105cznie do u\u017cytku badawczego<\/span><\/span><\/strong><span dir=\"auto\" style=\"vertical-align: inherit;\"><span dir=\"auto\" style=\"vertical-align: inherit;\"> \u00a0- Nie stosowa\u0107 u ludzi ani zwierz\u0105t <\/span><\/span><br \/>\n\u26a0\u00a0<strong><span dir=\"auto\" style=\"vertical-align: inherit;\"><span dir=\"auto\" style=\"vertical-align: inherit;\">Podstawowe \u015brodki ostro\u017cno\u015bci:<\/span><\/span><\/strong><\/p>\n<ul>\n<li>\n<p class=\"ds-markdown-paragraph\"><strong><span dir=\"auto\" style=\"vertical-align: inherit;\"><span dir=\"auto\" style=\"vertical-align: inherit;\">200mcg = silna dawka badawcza<\/span><\/span><\/strong><span dir=\"auto\" style=\"vertical-align: inherit;\"><span dir=\"auto\" style=\"vertical-align: inherit;\"> \u00a0- Ni\u017csze dawki (50-100mcg) zalecane do bada\u0144 wst\u0119pnych<\/span><\/span><\/p>\n<\/li>\n<li>\n<p class=\"ds-markdown-paragraph\"><strong><span dir=\"auto\" style=\"vertical-align: inherit;\"><span dir=\"auto\" style=\"vertical-align: inherit;\">Unikaj kombinacji<\/span><\/span><\/strong><span dir=\"auto\" style=\"vertical-align: inherit;\"><span dir=\"auto\" style=\"vertical-align: inherit;\"> \u00a0z inhibitorami MAO, stymulantami lub innymi substancjami serotoninergicznymi<\/span><\/span><\/p>\n<\/li>\n<li>\n<p class=\"ds-markdown-paragraph\"><strong><span dir=\"auto\" style=\"vertical-align: inherit;\"><span dir=\"auto\" style=\"vertical-align: inherit;\">Zawsze pracuj w kontrolowanych warunkach<\/span><\/span><\/strong><span dir=\"auto\" style=\"vertical-align: inherit;\"><span dir=\"auto\" style=\"vertical-align: inherit;\"> \u00a0- Mo\u017cliwe skutki wizualne\/mentalne<\/span><\/span><\/p>\n<\/li>\n<li>\n<p class=\"ds-markdown-paragraph\"><strong><span dir=\"auto\" style=\"vertical-align: inherit;\"><span dir=\"auto\" style=\"vertical-align: inherit;\">Obowi\u0105zkowe testy odczynnik\u00f3w<\/span><\/span><\/strong><span dir=\"auto\" style=\"vertical-align: inherit;\"><span dir=\"auto\" style=\"vertical-align: inherit;\"> \u00a0- Testy weryfikacji Ehrlicha, Hofmanna i Marquisa<\/span><\/span><\/p>\n<\/li>\n<\/ul>\n<hr \/>\n<h3><strong><span dir=\"auto\" style=\"vertical-align: inherit;\"><span dir=\"auto\" style=\"vertical-align: inherit;\">Status prawny (2024):<\/span><\/span><\/strong><\/h3>\n<ul>\n<li>\n<p class=\"ds-markdown-paragraph\"><strong><span dir=\"auto\" style=\"vertical-align: inherit;\"><span dir=\"auto\" style=\"vertical-align: inherit;\">Nieuregulowane<\/span><\/span><\/strong><span dir=\"auto\" style=\"vertical-align: inherit;\"><span dir=\"auto\" style=\"vertical-align: inherit;\"> \u00a0w niekt\u00f3rych krajach jako chemikalia badawcze<\/span><\/span><\/p>\n<\/li>\n<li>\n<p class=\"ds-markdown-paragraph\"><strong><span dir=\"auto\" style=\"vertical-align: inherit;\"><span dir=\"auto\" style=\"vertical-align: inherit;\">Zbanowany<\/span><\/span><\/strong><span dir=\"auto\" style=\"vertical-align: inherit;\"><span dir=\"auto\" style=\"vertical-align: inherit;\"> \u00a0w niekt\u00f3rych jurysdykcjach (np. Niemcy, Szwajcaria)<\/span><\/span><\/p>\n<\/li>\n<li>\n<p class=\"ds-markdown-paragraph\"><strong><span dir=\"auto\" style=\"vertical-align: inherit;\"><span dir=\"auto\" style=\"vertical-align: inherit;\">\u015aci\u015ble nieprzeznaczone do spo\u017cycia przez ludzi<\/span><\/span><\/strong><\/p>\n<\/li>\n<\/ul>\n<hr \/>\n<h3><strong><span dir=\"auto\" style=\"vertical-align: inherit;\"><span dir=\"auto\" style=\"vertical-align: inherit;\">Dlaczego nasz pellet 1B-LSD?<\/span><\/span><\/strong><\/h3>\n<p class=\"ds-markdown-paragraph\">\ud83d\udd2c\u00a0<strong><span dir=\"auto\" style=\"vertical-align: inherit;\"><span dir=\"auto\" style=\"vertical-align: inherit;\">Naukowe zapewnienie jako\u015bci<\/span><\/span><\/strong><span dir=\"auto\" style=\"vertical-align: inherit;\"><span dir=\"auto\" style=\"vertical-align: inherit;\"> \u00a0- Spektrometria masowa zweryfikowana <\/span><\/span><br \/>\n\ud83d\udce6\u00a0<strong><span dir=\"auto\" style=\"vertical-align: inherit;\"><span dir=\"auto\" style=\"vertical-align: inherit;\">Lekkie i szczelne opakowanie<\/span><\/span><\/strong><span dir=\"auto\" style=\"vertical-align: inherit;\"><span dir=\"auto\" style=\"vertical-align: inherit;\"> \u00a0- Opakowanie typu blister zapewnia optymaln\u0105 ochron\u0119 <\/span><\/span><br \/>\n\ud83d\udcda\u00a0<strong><span dir=\"auto\" style=\"vertical-align: inherit;\"><span dir=\"auto\" style=\"vertical-align: inherit;\">Dokumentacja badawcza<\/span><\/span><\/strong><span dir=\"auto\" style=\"vertical-align: inherit;\"><span dir=\"auto\" style=\"vertical-align: inherit;\"> \u00a0- Dost\u0119pne s\u0105 pe\u0142ne certyfikaty analityczne<\/span><\/span><\/p>\n<hr \/>\n<h3><strong><span dir=\"auto\" style=\"vertical-align: inherit;\"><span dir=\"auto\" style=\"vertical-align: inherit;\">Krytyczne warunki przechowywania:<\/span><\/span><\/strong><\/h3>\n<ul>\n<li>\n<p class=\"ds-markdown-paragraph\"><strong><span dir=\"auto\" style=\"vertical-align: inherit;\"><span dir=\"auto\" style=\"vertical-align: inherit;\">Kontrolowana temperatura<\/span><\/span><\/strong><span dir=\"auto\" style=\"vertical-align: inherit;\"><span dir=\"auto\" style=\"vertical-align: inherit;\"> 2-8\u00b0C (lod\u00f3wka) do d\u0142ugotrwa\u0142ego przechowywania<\/span><\/span><\/p>\n<\/li>\n<li>\n<p class=\"ds-markdown-paragraph\"><strong><span dir=\"auto\" style=\"vertical-align: inherit;\"><span dir=\"auto\" style=\"vertical-align: inherit;\">Ochrona przed wilgoci\u0105<\/span><\/span><\/strong><span dir=\"auto\" style=\"vertical-align: inherit;\"><span dir=\"auto\" style=\"vertical-align: inherit;\"> U\u017cywaj \u017celu krzemionkowego w pojemnikach do przechowywania<\/span><\/span><\/p>\n<\/li>\n<li>\n<p class=\"ds-markdown-paragraph\"><strong><span dir=\"auto\" style=\"vertical-align: inherit;\"><span dir=\"auto\" style=\"vertical-align: inherit;\">Ochrona przed \u015bwiat\u0142em<\/span><\/span><\/strong><span dir=\"auto\" style=\"vertical-align: inherit;\"><span dir=\"auto\" style=\"vertical-align: inherit;\"> : Zawsze przechowywa\u0107 w oryginalnym bursztynowym opakowaniu.<\/span><\/span><\/p>\n<\/li>\n<\/ul>\n<hr \/>\n<h3><strong><span dir=\"auto\" style=\"vertical-align: inherit;\"><span dir=\"auto\" style=\"vertical-align: inherit;\">Wa\u017cne ograniczenia bada\u0144:<\/span><\/span><\/strong><\/h3>\n<ul>\n<li>\n<p class=\"ds-markdown-paragraph\"><strong><span dir=\"auto\" style=\"vertical-align: inherit;\"><span dir=\"auto\" style=\"vertical-align: inherit;\">Brak zastosowania klinicznego<\/span><\/span><\/strong><span dir=\"auto\" style=\"vertical-align: inherit;\"><span dir=\"auto\" style=\"vertical-align: inherit;\"> \u00a0- Wy\u0142\u0105cznie do bada\u0144 in vitro<\/span><\/span><\/p>\n<\/li>\n<li>\n<p class=\"ds-markdown-paragraph\"><strong><span dir=\"auto\" style=\"vertical-align: inherit;\"><span dir=\"auto\" style=\"vertical-align: inherit;\">Unika\u0107 d\u0142ugotrwa\u0142ego nara\u017cenia<\/span><\/span><\/strong><span dir=\"auto\" style=\"vertical-align: inherit;\"><span dir=\"auto\" style=\"vertical-align: inherit;\"> \u00a0- Wra\u017cliwy na fotodegradacj\u0119<\/span><\/span><\/p>\n<\/li>\n<li>\n<p class=\"ds-markdown-paragraph\"><strong><span dir=\"auto\" style=\"vertical-align: inherit;\"><span dir=\"auto\" style=\"vertical-align: inherit;\">\u015acis\u0142a kontrola dost\u0119pu<\/span><\/span><\/strong><span dir=\"auto\" style=\"vertical-align: inherit;\"><span dir=\"auto\" style=\"vertical-align: inherit;\"> - Tylko dla wykwalifikowanych badaczy. <\/span><\/span><a href=\"https:\/\/researchchemicalsweb.com\/pl\/shop\/iboga-ibogaine\/kora-korzenia-iboga\/\"><span dir=\"auto\" style=\"vertical-align: inherit;\"><span dir=\"auto\" style=\"vertical-align: inherit;\">Kora korzenia ibogi<\/span><\/span><\/a><a href=\"https:\/\/researchchemicalsweb.com\/pl\/shop\/iboga-ibogaine\/buy-ibogaine-hcl-online\/\"><span dir=\"auto\" style=\"vertical-align: inherit;\"><span dir=\"auto\" style=\"vertical-align: inherit;\">kupi\u0107 ibogain\u0119 hcl online<\/span><\/span><\/a><a href=\"https:\/\/researchchemicalsweb.com\/pl\/shop\/lysergamides\/1cp-lsd\/\"><span dir=\"auto\" style=\"vertical-align: inherit;\"><span dir=\"auto\" style=\"vertical-align: inherit;\">1cp lsd <\/span><\/span><\/a><a href=\"https:\/\/researchchemicalsweb.com\/pl\/shop\/pellets-for-pellet\/o-dsmt-50mg-pellets\/\"><span dir=\"auto\" style=\"vertical-align: inherit;\"><span dir=\"auto\" style=\"vertical-align: inherit;\">o-dsmt <\/span><\/span><\/a><a href=\"https:\/\/researchchemicalsweb.com\/pl\/shop\/lysergamides\/1vlsd\/\"><span dir=\"auto\" style=\"vertical-align: inherit;\"><span dir=\"auto\" style=\"vertical-align: inherit;\">1vlsd<\/span><\/span><\/a><\/p>\n<\/li>\n<\/ul>","protected":false},"excerpt":{"rendered":"<p><strong><span dir=\"auto\" style=\"vertical-align: inherit;\"><span dir=\"auto\" style=\"vertical-align: inherit;\">1Bz-LSD 200mcg Pellets<\/span><\/span><\/strong><\/p>\n<p><strong><span dir=\"auto\" style=\"vertical-align: inherit;\"><span dir=\"auto\" style=\"vertical-align: inherit;\">Synonym<\/span><\/span><\/strong><span dir=\"auto\" style=\"vertical-align: inherit;\"><span dir=\"auto\" style=\"vertical-align: inherit;\"> : n\/a <\/span><\/span><br \/>\n<strong><span dir=\"auto\" style=\"vertical-align: inherit;\"><span dir=\"auto\" style=\"vertical-align: inherit;\">CAS Number<\/span><\/span><\/strong><span dir=\"auto\" style=\"vertical-align: inherit;\"><span dir=\"auto\" style=\"vertical-align: inherit;\"> : n\/a <\/span><\/span><br \/>\n<b><span dir=\"auto\" style=\"vertical-align: inherit;\"><span dir=\"auto\" style=\"vertical-align: inherit;\">IUPAC:<\/span><\/span><\/b><span dir=\"auto\" style=\"vertical-align: inherit;\"><span dir=\"auto\" style=\"vertical-align: inherit;\"> (6aR,9R)-4-benzoyl-N,N-diethyl-7-methyl-4,6,6a,7,8,9-hexahydroindolo[4,3-fg]quinoline-9-carboxamide hemitartrate <\/span><\/span><br \/>\n<strong><span dir=\"auto\" style=\"vertical-align: inherit;\"><span dir=\"auto\" style=\"vertical-align: inherit;\">Molar mass<\/span><\/span><\/strong><span dir=\"auto\" style=\"vertical-align: inherit;\"><span dir=\"auto\" style=\"vertical-align: inherit;\"> : 427.23 g\/mol <\/span><\/span><br \/>\n<strong><span dir=\"auto\" style=\"vertical-align: inherit;\"><span dir=\"auto\" style=\"vertical-align: inherit;\">Purity<\/span><\/span><\/strong><span dir=\"auto\" style=\"vertical-align: inherit;\"><span dir=\"auto\" style=\"vertical-align: inherit;\"> : &gt;99%<\/span><\/span><\/p>\n","protected":false},"featured_media":20143,"comment_status":"closed","ping_status":"closed","template":"","meta":[],"product_brand":[79],"product_cat":[774,775,102,127],"product_tag":[776,777,778,779,780,781],"class_list":{"0":"post-19520","1":"product","2":"type-product","3":"status-publish","4":"has-post-thumbnail","6":"product_brand-research-chemical","7":"product_cat-1bz-lsd","8":"product_cat-1bz-lsd-pellets","9":"product_cat-lysergamides","10":"product_cat-pellets","11":"product_tag-1-benzoyl-lsd","12":"product_tag-1bz-lsd","13":"product_tag-1bz-lsd-10mcg","14":"product_tag-1bz-lsd-microdose","15":"product_tag-1bz-lsd-pellets","16":"product_tag-microdosing-1bz-lsd","18":"first","19":"instock","20":"shipping-taxable","21":"purchasable","22":"product-type-variable"},"_links":{"self":[{"href":"https:\/\/researchchemicalsweb.com\/pl\/wp-json\/wp\/v2\/product\/19520","targetHints":{"allow":["GET"]}}],"collection":[{"href":"https:\/\/researchchemicalsweb.com\/pl\/wp-json\/wp\/v2\/product"}],"about":[{"href":"https:\/\/researchchemicalsweb.com\/pl\/wp-json\/wp\/v2\/types\/product"}],"replies":[{"embeddable":true,"href":"https:\/\/researchchemicalsweb.com\/pl\/wp-json\/wp\/v2\/comments?post=19520"}],"version-history":[{"count":1,"href":"https:\/\/researchchemicalsweb.com\/pl\/wp-json\/wp\/v2\/product\/19520\/revisions"}],"predecessor-version":[{"id":19565,"href":"https:\/\/researchchemicalsweb.com\/pl\/wp-json\/wp\/v2\/product\/19520\/revisions\/19565"}],"wp:featuredmedia":[{"embeddable":true,"href":"https:\/\/researchchemicalsweb.com\/pl\/wp-json\/wp\/v2\/media\/20143"}],"wp:attachment":[{"href":"https:\/\/researchchemicalsweb.com\/pl\/wp-json\/wp\/v2\/media?parent=19520"}],"wp:term":[{"taxonomy":"product_brand","embeddable":true,"href":"https:\/\/researchchemicalsweb.com\/pl\/wp-json\/wp\/v2\/product_brand?post=19520"},{"taxonomy":"product_cat","embeddable":true,"href":"https:\/\/researchchemicalsweb.com\/pl\/wp-json\/wp\/v2\/product_cat?post=19520"},{"taxonomy":"product_tag","embeddable":true,"href":"https:\/\/researchchemicalsweb.com\/pl\/wp-json\/wp\/v2\/product_tag?post=19520"}],"curies":[{"name":"wp","href":"https:\/\/api.w.org\/{rel}","templated":true}]}}