{"id":18967,"date":"2025-12-16T20:52:58","date_gmt":"2025-12-16T20:52:58","guid":{"rendered":"https:\/\/researchchemicalsweb.com\/?post_type=product&#038;p=18967"},"modified":"2026-02-17T14:24:04","modified_gmt":"2026-02-17T14:24:04","slug":"bromazolam-25-mg-pellets","status":"publish","type":"product","link":"https:\/\/researchchemicalsweb.com\/nb\/produkt\/bromazolam-25-mg-pellets\/","title":{"rendered":"Bromazolam 2,5 MG pellets"},"content":{"rendered":"<h3 data-start=\"5949\" data-end=\"5968\"><strong data-start=\"5953\" data-end=\"5968\">Innledning<\/strong><\/h3>\n<p data-start=\"5970\" data-end=\"6244\"><strong data-start=\"5970\" data-end=\"5998\">Bromazolam 2,5 mg pellets<\/strong> sin <strong data-start=\"6004\" data-end=\"6051\">teststoffer av laboratoriekvalitet<\/strong>, utviklet for <strong data-start=\"6069\" data-end=\"6113\">vitenskapelig og analytisk forskning<\/strong>.<br data-start=\"6114\" data-end=\"6117\" \/>Hver pellet inneholder <strong data-start=\"6135\" data-end=\"6168\">2,5 milligram (mg) Bromazolam<\/strong>, a <strong data-start=\"6174\" data-end=\"6201\">benzodiazepinderivat<\/strong> fra <strong data-start=\"6209\" data-end=\"6241\">triazolobenzodiazepin-klassen<\/strong>. Kj\u00f8p bromazolam<\/p>\n<p data-start=\"6246\" data-end=\"6474\">Produsert i henhold til <strong data-start=\"6267\" data-end=\"6308\">GLP-standarder (god laboratoriepraksis)<\/strong>, tilbyr disse pelletsene <strong data-start=\"6330\" data-end=\"6349\">\u226599% renhet<\/strong>, <strong data-start=\"6351\" data-end=\"6376\">kjemisk stabilitet<\/strong> og <strong data-start=\"6380\" data-end=\"6403\">jevn kvalitet<\/strong>, ideell for <strong data-start=\"6417\" data-end=\"6471\">rettsmedisinsk, farmakologisk og analytisk forskning<\/strong>.<\/p>\n<blockquote data-start=\"6476\" data-end=\"6620\">\n<p data-start=\"6478\" data-end=\"6620\">\u26a0\ufe0f <strong data-start=\"6481\" data-end=\"6492\">Merk:<\/strong> Dette produktet er <strong data-start=\"6508\" data-end=\"6558\">utelukkende beregnet for laboratorietesting<\/strong> og <strong data-start=\"6562\" data-end=\"6619\">ikke egnet til konsum for mennesker eller dyr<\/strong>.<\/p>\n<\/blockquote>\n<hr data-start=\"6622\" data-end=\"6625\" \/>\n<h3 data-start=\"6627\" data-end=\"6658\"><strong data-start=\"6631\" data-end=\"6658\">Viktige funksjoner<\/strong><\/h3>\n<ul data-start=\"6660\" data-end=\"7119\">\n<li data-start=\"6660\" data-end=\"6720\">\n<p data-start=\"6662\" data-end=\"6720\"><strong data-start=\"6662\" data-end=\"6682\">N\u00f8yaktig dosering:<\/strong> Hver pellet inneholder 2,5 mg bromazolam.<\/p>\n<\/li>\n<li data-start=\"6721\" data-end=\"6803\">\n<p data-start=\"6723\" data-end=\"6803\"><strong data-start=\"6723\" data-end=\"6743\">H\u00f8y renhet:<\/strong> \u226599% analytisk kvalitet, batch-testet for konsistens.<\/p>\n<\/li>\n<li data-start=\"6804\" data-end=\"6870\">\n<p data-start=\"6806\" data-end=\"6870\"><strong data-start=\"6806\" data-end=\"6827\">Kjemisk stabil:<\/strong> Motstandsdyktig mot nedbrytning ved riktig lagring.<\/p>\n<\/li>\n<li data-start=\"6871\" data-end=\"6955\">\n<p data-start=\"6873\" data-end=\"6955\"><strong data-start=\"6873\" data-end=\"6891\">GLP-produksjon:<\/strong> Produsert under kontrollerte laboratorieforhold.<\/p>\n<\/li>\n<li data-start=\"6956\" data-end=\"7035\">\n<p data-start=\"6958\" data-end=\"7035\"><strong data-start=\"6958\" data-end=\"6981\">Sikker emballasje:<\/strong> Forseglet og lufttett for maksimal holdbarhet.<\/p>\n<\/li>\n<li data-start=\"7036\" data-end=\"7119\">\n<p data-start=\"7038\" data-end=\"7119\"><strong data-start=\"7038\" data-end=\"7066\">Profesjonell kvalitet:<\/strong> Egnet for laboratorier og kriminalteknikk.<\/p>\n<\/li>\n<\/ul>\n<hr data-start=\"7121\" data-end=\"7124\" \/>\n<h3 data-start=\"7126\" data-end=\"7143\"><strong data-start=\"7130\" data-end=\"7143\">Fordeler<\/strong><\/h3>\n<ol data-start=\"7145\" data-end=\"7568\">\n<li data-start=\"7145\" data-end=\"7230\">\n<p data-start=\"7148\" data-end=\"7230\"><strong data-start=\"7148\" data-end=\"7183\">Konstante forskningsresultater:<\/strong> H\u00f8y renhet garanterer p\u00e5litelige data.<\/p>\n<\/li>\n<li data-start=\"7231\" data-end=\"7312\">\n<p data-start=\"7234\" data-end=\"7312\"><strong data-start=\"7234\" data-end=\"7261\">Langsiktig stabilitet:<\/strong> Opprettholder kjemisk integritet ved riktig oppbevaring.<\/p>\n<\/li>\n<li data-start=\"7313\" data-end=\"7387\">\n<p data-start=\"7316\" data-end=\"7387\"><strong data-start=\"7316\" data-end=\"7339\">Sikker behandling:<\/strong> Pelletsform minimerer risikoen for kontaminering.<\/p>\n<\/li>\n<li data-start=\"7388\" data-end=\"7480\">\n<p data-start=\"7391\" data-end=\"7480\"><strong data-start=\"7391\" data-end=\"7419\">Batch-testet kvalitet:<\/strong> Konsekvent sammensetning for reproduserbare resultater.<\/p>\n<\/li>\n<li data-start=\"7481\" data-end=\"7568\">\n<p data-start=\"7484\" data-end=\"7568\"><strong data-start=\"7484\" data-end=\"7512\">Profesjonell standard:<\/strong> Egnet for analytisk og farmakologisk forskning.<\/p>\n<\/li>\n<\/ol>\n<hr data-start=\"7570\" data-end=\"7573\" \/>\n<h3 data-start=\"7575\" data-end=\"7614\"><strong data-start=\"7579\" data-end=\"7614\">Bruk (kun forskning)<\/strong><\/h3>\n<ol data-start=\"7616\" data-end=\"7965\">\n<li data-start=\"7616\" data-end=\"7698\">\n<p data-start=\"7619\" data-end=\"7698\"><strong data-start=\"7619\" data-end=\"7649\">Bruk vernekl\u00e6r<\/strong> som hansker, laboratoriefrakk og vernebriller.<\/p>\n<\/li>\n<li data-start=\"7699\" data-end=\"7777\">\n<p data-start=\"7702\" data-end=\"7777\"><strong data-start=\"7702\" data-end=\"7740\">Bruk kalibrerte instrumenter<\/strong> For \u00e5 h\u00e5ndtere pellets n\u00f8yaktig.<\/p>\n<\/li>\n<li data-start=\"7778\" data-end=\"7831\">\n<p data-start=\"7781\" data-end=\"7831\"><strong data-start=\"7781\" data-end=\"7807\">Registrer batchinformasjon<\/strong> for sporbarhet.<\/p>\n<\/li>\n<li data-start=\"7832\" data-end=\"7905\">\n<p data-start=\"7835\" data-end=\"7905\"><strong data-start=\"7835\" data-end=\"7854\">Utf\u00f8r tester<\/strong> under kontrollerte laboratorieforhold.<\/p>\n<\/li>\n<li data-start=\"7906\" data-end=\"7965\">\n<p data-start=\"7909\" data-end=\"7965\"><strong data-start=\"7909\" data-end=\"7929\">Fjern rester<\/strong> i henhold til sikkerhetsforskriftene.<\/p>\n<\/li>\n<\/ol>\n<blockquote data-start=\"7967\" data-end=\"8044\">\n<p data-start=\"7969\" data-end=\"8044\">\u2697\ufe0f <strong data-start=\"7972\" data-end=\"8044\">Kun for laboratorietesting - ikke til konsum.<\/strong><\/p>\n<\/blockquote>\n<hr data-start=\"8046\" data-end=\"8049\" \/>\n<h3 data-start=\"8051\" data-end=\"8076\"><strong data-start=\"8055\" data-end=\"8076\">Instruksjoner for oppbevaring<\/strong><\/h3>\n<ul data-start=\"8078\" data-end=\"8253\">\n<li data-start=\"8078\" data-end=\"8120\">\n<p data-start=\"8080\" data-end=\"8120\">Spar p\u00e5 <strong data-start=\"8091\" data-end=\"8100\">2-8\u00b0C<\/strong>, t\u00f8rr og m\u00f8rk.<\/p>\n<\/li>\n<li data-start=\"8121\" data-end=\"8159\">\n<p data-start=\"8123\" data-end=\"8159\">Hold beholderen tett lukket.<\/p>\n<\/li>\n<li data-start=\"8160\" data-end=\"8210\">\n<p data-start=\"8162\" data-end=\"8210\">Unng\u00e5 kontakt med <strong data-start=\"8182\" data-end=\"8207\">lys, fuktighet og varme<\/strong>.<\/p>\n<\/li>\n<li data-start=\"8211\" data-end=\"8253\">\n<p data-start=\"8213\" data-end=\"8253\">Oppbevares utilgjengelig for uvedkommende.<\/p>\n<\/li>\n<\/ul>\n<hr data-start=\"8255\" data-end=\"8258\" \/>\n<h3 data-start=\"8260\" data-end=\"8295\"><strong data-start=\"8264\" data-end=\"8295\">Ofte stilte sp\u00f8rsm\u00e5l (FAQ)<\/strong><\/h3>\n<p data-start=\"8297\" data-end=\"8446\"><strong data-start=\"8297\" data-end=\"8345\">1. Hva brukes Bromazolam 2.5mg til?<\/strong><br data-start=\"8345\" data-end=\"8348\" \/>For <strong data-start=\"8353\" data-end=\"8397\">vitenskapelig og analytisk forskning<\/strong>, inkludert <strong data-start=\"8409\" data-end=\"8443\">rettsmedisinske og reseptorstudier<\/strong>.<\/p>\n<p data-start=\"8448\" data-end=\"8628\"><strong data-start=\"8448\" data-end=\"8494\">2. Er Bromazolam egnet for forbruk?<\/strong><br data-start=\"8494\" data-end=\"8497\" \/>Nei. <strong data-start=\"8502\" data-end=\"8530\">Bromazolam 2,5 mg pellets<\/strong> sin <strong data-start=\"8536\" data-end=\"8586\">utelukkende beregnet for laboratorietesting<\/strong> og <strong data-start=\"8590\" data-end=\"8625\">ikke til humant konsum<\/strong>.<\/p>\n<p data-start=\"8630\" data-end=\"8781\"><strong data-start=\"8630\" data-end=\"8680\">3. Hva er den beste m\u00e5ten \u00e5 oppbevare Bromazolam Pellets p\u00e5?<\/strong><br data-start=\"8680\" data-end=\"8683\" \/>Oppbevar dem i en <strong data-start=\"8700\" data-end=\"8744\">kj\u00f8lig, t\u00f8rt og m\u00f8rkt milj\u00f8 (2-8 \u00b0C)<\/strong> i en tett forseglet beholder. Kj\u00f8p Bromazolam<\/p>\n<hr data-start=\"8783\" data-end=\"8786\" \/>\n<h3 data-start=\"8788\" data-end=\"8805\"><strong data-start=\"8792\" data-end=\"8805\">Konklusjon<\/strong><\/h3>\n<p data-start=\"8807\" data-end=\"9082\"><strong data-start=\"8807\" data-end=\"8835\">Bromazolam 2,5 mg pellets<\/strong> tilbud <strong data-start=\"8843\" data-end=\"8908\">eksepsjonell renhet, stabilitet og reproduserbarhet<\/strong>, utviklet for profesjonell analytisk forskning.<br data-start=\"8960\" data-end=\"8963\" \/>De er et p\u00e5litelig valg for laboratorier som arbeider med <strong data-start=\"9027\" data-end=\"9079\">rettsmedisinsk, kjemisk eller farmakologisk forskning<\/strong>.<\/p>","protected":false},"excerpt":{"rendered":"<h3><span data-sheets-value=\"{\" data-sheets-userformat=\"{\">Bromazolam eigenschappen<\/span><\/h3>\n<p><strong>Synoniem:<\/strong> Bromazolam<br \/>\n<strong>CAS Nummer:<\/strong> 71368-80-4<br \/>\n<strong>Molmassa:<\/strong> 353.223 g\u00b7mol<br \/>\n<strong>Renhet:<\/strong> &gt;99%<\/p>","protected":false},"featured_media":20283,"comment_status":"closed","ping_status":"closed","template":"","meta":[],"product_brand":[79],"product_cat":[130,479,480,127,82],"product_tag":[481,482,483,484,485,486,487,78,488],"class_list":{"0":"post-18967","1":"product","2":"type-product","3":"status-publish","4":"has-post-thumbnail","6":"product_brand-research-chemical","7":"product_cat-benzodiazepinen","8":"product_cat-bromazolam-kopen","9":"product_cat-bromazolam-pellets","10":"product_cat-pellets","11":"product_cat-sale","12":"product_tag-bromazolam","13":"product_tag-bromazolam-bijwerkingen","14":"product_tag-bromazolam-dosing","15":"product_tag-bromazolam-ervaringen","16":"product_tag-bromazolam-kopen","17":"product_tag-bromazolam-na-drugs","18":"product_tag-bromazolam-psychonaut","19":"product_tag-nl","20":"product_tag-wat-is-bromazolam","22":"first","23":"instock","24":"sale","25":"shipping-taxable","26":"purchasable","27":"product-type-variable"},"_links":{"self":[{"href":"https:\/\/researchchemicalsweb.com\/nb\/wp-json\/wp\/v2\/product\/18967","targetHints":{"allow":["GET"]}}],"collection":[{"href":"https:\/\/researchchemicalsweb.com\/nb\/wp-json\/wp\/v2\/product"}],"about":[{"href":"https:\/\/researchchemicalsweb.com\/nb\/wp-json\/wp\/v2\/types\/product"}],"replies":[{"embeddable":true,"href":"https:\/\/researchchemicalsweb.com\/nb\/wp-json\/wp\/v2\/comments?post=18967"}],"version-history":[{"count":1,"href":"https:\/\/researchchemicalsweb.com\/nb\/wp-json\/wp\/v2\/product\/18967\/revisions"}],"predecessor-version":[{"id":18985,"href":"https:\/\/researchchemicalsweb.com\/nb\/wp-json\/wp\/v2\/product\/18967\/revisions\/18985"}],"wp:featuredmedia":[{"embeddable":true,"href":"https:\/\/researchchemicalsweb.com\/nb\/wp-json\/wp\/v2\/media\/20283"}],"wp:attachment":[{"href":"https:\/\/researchchemicalsweb.com\/nb\/wp-json\/wp\/v2\/media?parent=18967"}],"wp:term":[{"taxonomy":"product_brand","embeddable":true,"href":"https:\/\/researchchemicalsweb.com\/nb\/wp-json\/wp\/v2\/product_brand?post=18967"},{"taxonomy":"product_cat","embeddable":true,"href":"https:\/\/researchchemicalsweb.com\/nb\/wp-json\/wp\/v2\/product_cat?post=18967"},{"taxonomy":"product_tag","embeddable":true,"href":"https:\/\/researchchemicalsweb.com\/nb\/wp-json\/wp\/v2\/product_tag?post=18967"}],"curies":[{"name":"wp","href":"https:\/\/api.w.org\/{rel}","templated":true}]}}