{"id":18009,"date":"2025-12-16T20:27:38","date_gmt":"2025-12-16T20:27:38","guid":{"rendered":"https:\/\/researchchemicalsweb.com\/?post_type=product&#038;p=18009"},"modified":"2026-02-18T06:51:36","modified_gmt":"2026-02-18T06:51:36","slug":"2c-e","status":"publish","type":"product","link":"https:\/\/researchchemicalsweb.com\/nb\/produkt\/2c-e\/","title":{"rendered":"2C-E"},"content":{"rendered":"<h1><strong><span style=\"vertical-align: inherit;\"><span style=\"vertical-align: inherit;\"><span dir=\"auto\" style=\"vertical-align: inherit;\"><span dir=\"auto\" style=\"vertical-align: inherit;\">2C E (2,5-dimetoksy-4-etylfenetylamin) - Kvalitativ testkjemikalie<\/span><\/span><\/span><\/span><\/strong><\/h1>\n<p data-start=\"7110\" data-end=\"7499\"><strong data-start=\"7110\" data-end=\"7118\">2C-E<\/strong>, eller <strong data-start=\"7123\" data-end=\"7161\">2,5-dimetoksy-4-etylfenetylamin<\/strong>, er en <strong data-start=\"7170\" data-end=\"7206\">syntetisk psykedelisk<\/strong> fra <strong data-start=\"7214\" data-end=\"7245\">2C-serien av fenetylaminer<\/strong>.<br data-start=\"7246\" data-end=\"7249\" \/>Det ble f\u00f8rst syntetisert av <strong data-start=\"7294\" data-end=\"7319\">Dr. Alexander Shulgin<\/strong> og blir for tiden unders\u00f8kt innenfor <strong data-start=\"7360\" data-end=\"7406\">rettsmedisinske og farmakologiske laboratorier<\/strong>.<br data-start=\"7407\" data-end=\"7410\" \/>2C-E har <strong data-start=\"7421\" data-end=\"7449\">ingen medisinsk bruk<\/strong> og faller inn under <strong data-start=\"7464\" data-end=\"7498\">lovgivning om psykoaktive stoffer<\/strong>.<\/p>\n<h2 data-start=\"7506\" data-end=\"7553\"><strong data-start=\"7509\" data-end=\"7553\">Kjemisk og farmakologisk bakgrunn<\/strong><\/h2>\n<p data-start=\"7555\" data-end=\"7580\"><strong data-start=\"7555\" data-end=\"7580\">Viktige data:<\/strong><\/p>\n<ul data-start=\"7581\" data-end=\"7856\">\n<li data-start=\"7581\" data-end=\"7644\">\n<p data-start=\"7583\" data-end=\"7644\"><strong data-start=\"7583\" data-end=\"7598\">IUPAC-navn:<\/strong> 2-(4-etyl-2,5-dimetoksyfenyl)etan-1-amin<\/p>\n<\/li>\n<li data-start=\"7645\" data-end=\"7679\">\n<p data-start=\"7647\" data-end=\"7679\"><strong data-start=\"7647\" data-end=\"7667\">Molekylformel:<\/strong> C12H19NO2<\/p>\n<\/li>\n<li data-start=\"7680\" data-end=\"7716\">\n<p data-start=\"7682\" data-end=\"7716\"><strong data-start=\"7682\" data-end=\"7700\">Molekylmasse:<\/strong> \u00b1209,29 g\/mol<\/p>\n<\/li>\n<li data-start=\"7717\" data-end=\"7773\">\n<p data-start=\"7719\" data-end=\"7773\"><strong data-start=\"7719\" data-end=\"7740\">Kjemisk klasse:<\/strong> Substituerte fenetylaminer<\/p>\n<\/li>\n<li data-start=\"7774\" data-end=\"7856\">\n<p data-start=\"7776\" data-end=\"7856\"><strong data-start=\"7776\" data-end=\"7796\">Reseptorfunksjon:<\/strong> Serotonin 5-HT<sub>2A<\/sub>-agonist (forskningssammenheng).<\/p>\n<\/li>\n<\/ul>\n<p data-start=\"7858\" data-end=\"8026\">Den <strong data-start=\"7861\" data-end=\"7889\">metoksy- og etylgrupper<\/strong> p\u00e5virke <strong data-start=\"7905\" data-end=\"7924\">reseptorbinding<\/strong> og <strong data-start=\"7928\" data-end=\"7957\">nevrokjemisk aktivitet<\/strong>, noe som gj\u00f8r 2C-E interessant for <strong data-start=\"7993\" data-end=\"8025\">struktur-aktivitet-forskning<\/strong>.<\/p>\n<h2 data-start=\"8033\" data-end=\"8060\"><strong data-start=\"8036\" data-end=\"8060\">Forskningsform\u00e5l<\/strong><\/h2>\n<p data-start=\"8062\" data-end=\"8089\">2C-E blir unders\u00f8kt for:<\/p>\n<ul data-start=\"8090\" data-end=\"8357\">\n<li data-start=\"8090\" data-end=\"8149\">\n<p data-start=\"8092\" data-end=\"8149\"><strong data-start=\"8092\" data-end=\"8116\">Analytisk deteksjon<\/strong> via GC-MS, LC-MS, FTIR og NMR.<\/p>\n<\/li>\n<li data-start=\"8150\" data-end=\"8214\">\n<p data-start=\"8152\" data-end=\"8214\"><strong data-start=\"8152\" data-end=\"8181\">Rettsmedisinsk identifikasjon<\/strong> i beslaglagte pr\u00f8ver.<\/p>\n<\/li>\n<li data-start=\"8215\" data-end=\"8284\">\n<p data-start=\"8217\" data-end=\"8284\"><strong data-start=\"8217\" data-end=\"8245\">Farmakologisk forskning<\/strong> til serotonerg reseptoraktivitet.<\/p>\n<\/li>\n<li data-start=\"8285\" data-end=\"8357\">\n<p data-start=\"8287\" data-end=\"8357\"><strong data-start=\"8287\" data-end=\"8316\">Folkehelseunders\u00f8kelse<\/strong> innenfor varslingssystemer for NPS.<\/p>\n<\/li>\n<\/ul>\n<h2 data-start=\"8364\" data-end=\"8408\"><strong data-start=\"8367\" data-end=\"8408\">Sikkerhet og juridiske hensyn<\/strong><\/h2>\n<p data-start=\"8410\" data-end=\"8427\"><strong data-start=\"8410\" data-end=\"8425\">Sikkerhet:<\/strong><\/p>\n<ul data-start=\"8428\" data-end=\"8616\">\n<li data-start=\"8428\" data-end=\"8514\">\n<p data-start=\"8430\" data-end=\"8514\">H\u00e5ndteres kun av <strong data-start=\"8451\" data-end=\"8483\">kvalifiserte forskere<\/strong> p\u00e5 <strong data-start=\"8487\" data-end=\"8511\">lisensierte laboratorier<\/strong>.<\/p>\n<\/li>\n<li data-start=\"8515\" data-end=\"8574\">\n<p data-start=\"8517\" data-end=\"8574\">Bruk <strong data-start=\"8525\" data-end=\"8571\">vernekl\u00e6r, hansker og vernebriller<\/strong>.<\/p>\n<\/li>\n<li data-start=\"8575\" data-end=\"8616\">\n<p data-start=\"8577\" data-end=\"8616\">Unng\u00e5 kontakt, inn\u00e5nding eller svelging.<\/p>\n<\/li>\n<\/ul>\n<p data-start=\"8618\" data-end=\"8815\"><strong data-start=\"8618\" data-end=\"8640\">Juridisk status:<\/strong><br data-start=\"8640\" data-end=\"8643\" \/>2C-E er i de fleste land <strong data-start=\"8671\" data-end=\"8698\">forbudt eller regulert<\/strong> blant <strong data-start=\"8708\" data-end=\"8720\">Opiumloven<\/strong> eller <strong data-start=\"8724\" data-end=\"8758\">lovgivning om psykoaktive stoffer<\/strong>.<br data-start=\"8759\" data-end=\"8762\" \/>Bruk utenfor forskningsform\u00e5l er <strong data-start=\"8801\" data-end=\"8814\">straffbart<\/strong>.<\/p>\n<h2 data-start=\"8822\" data-end=\"8856\"><strong data-start=\"8825\" data-end=\"8856\">Ofte stilte sp\u00f8rsm\u00e5l (FAQ)<\/strong><\/h2>\n<h3 data-start=\"8858\" data-end=\"8900\"><strong data-start=\"8862\" data-end=\"8900\">1. Hva unders\u00f8kes 2C-E for?<\/strong><\/h3>\n<p data-start=\"8901\" data-end=\"8992\">For <strong data-start=\"8906\" data-end=\"8960\">rettsmedisinsk, analytisk og farmakologisk forskning<\/strong> til fenetylaminforbindelser.<\/p>\n<h3 data-start=\"8994\" data-end=\"9020\"><strong data-start=\"8998\" data-end=\"9020\">2. Er 2C-E lovlig?<\/strong><\/h3>\n<p data-start=\"9021\" data-end=\"9073\">Nei, 2C-E er verdensomspennende <strong data-start=\"9045\" data-end=\"9072\">regulert eller forbudt<\/strong>.<\/p>\n<h3 data-start=\"9075\" data-end=\"9125\"><strong data-start=\"9079\" data-end=\"9125\">3. Hvordan skal 2C-E h\u00e5ndteres p\u00e5 en sikker m\u00e5te?<\/strong><\/h3>\n<p data-start=\"9126\" data-end=\"9224\">Bare av <strong data-start=\"9138\" data-end=\"9168\">profesjonelle forskere<\/strong> under <strong data-start=\"9175\" data-end=\"9223\">strenge sikkerhets- og samsvarsvilk\u00e5r<\/strong>.<\/p>\n<h2><strong><span style=\"vertical-align: inherit;\"><span style=\"vertical-align: inherit;\"><span dir=\"auto\" style=\"vertical-align: inherit;\"><span dir=\"auto\" style=\"vertical-align: inherit;\">Egenskaper ved v\u00e5r 2C-E<\/span><\/span><\/span><\/span><\/strong><\/h2>\n<ul>\n<li><strong><span style=\"vertical-align: inherit;\"><span style=\"vertical-align: inherit;\"><span dir=\"auto\" style=\"vertical-align: inherit;\"><span dir=\"auto\" style=\"vertical-align: inherit;\">H\u00f8y renhet<\/span><\/span><\/span><\/span><\/strong><span style=\"vertical-align: inherit;\"><span style=\"vertical-align: inherit;\"><span dir=\"auto\" style=\"vertical-align: inherit;\"><span dir=\"auto\" style=\"vertical-align: inherit;\"> Produsert under kontrollerte laboratorieforhold<\/span><\/span><\/span><\/span><\/li>\n<li><strong><span style=\"vertical-align: inherit;\"><span style=\"vertical-align: inherit;\"><span dir=\"auto\" style=\"vertical-align: inherit;\"><span dir=\"auto\" style=\"vertical-align: inherit;\">Presis sammensetning<\/span><\/span><\/span><\/span><\/strong><span style=\"vertical-align: inherit;\"><span style=\"vertical-align: inherit;\"><span dir=\"auto\" style=\"vertical-align: inherit;\"><span dir=\"auto\" style=\"vertical-align: inherit;\"> Hvert produkt oppfyller strenge kvalitetskrav<\/span><\/span><\/span><\/span><\/li>\n<li><strong><span style=\"vertical-align: inherit;\"><span style=\"vertical-align: inherit;\"><span dir=\"auto\" style=\"vertical-align: inherit;\"><span dir=\"auto\" style=\"vertical-align: inherit;\">Stabil form<\/span><\/span><\/span><\/span><\/strong><span style=\"vertical-align: inherit;\"><span style=\"vertical-align: inherit;\"><span dir=\"auto\" style=\"vertical-align: inherit;\"><span dir=\"auto\" style=\"vertical-align: inherit;\"> Optimal holdbarhet med riktig oppbevaring<\/span><\/span><\/span><\/span><\/li>\n<li><strong><span style=\"vertical-align: inherit;\"><span style=\"vertical-align: inherit;\"><span dir=\"auto\" style=\"vertical-align: inherit;\"><span dir=\"auto\" style=\"vertical-align: inherit;\">Diskret innpakning<\/span><\/span><\/span><\/span><\/strong><span style=\"vertical-align: inherit;\"><span style=\"vertical-align: inherit;\"><span dir=\"auto\" style=\"vertical-align: inherit;\"><span dir=\"auto\" style=\"vertical-align: inherit;\"> : Sikker og anonym forsendelse<\/span><\/span><\/span><\/span><\/li>\n<\/ul>\n<h2><strong><span style=\"vertical-align: inherit;\"><span style=\"vertical-align: inherit;\"><span dir=\"auto\" style=\"vertical-align: inherit;\"><span dir=\"auto\" style=\"vertical-align: inherit;\">Farmakologiske egenskaper<\/span><\/span><\/span><\/span><\/strong><\/h2>\n<p><span style=\"vertical-align: inherit;\"><span style=\"vertical-align: inherit;\"><span dir=\"auto\" style=\"vertical-align: inherit;\"><span dir=\"auto\" style=\"vertical-align: inherit;\">2C E fungerer f\u00f8rst og fremst som en <\/span><\/span><\/span><\/span><strong><span style=\"vertical-align: inherit;\"><span style=\"vertical-align: inherit;\"><span dir=\"auto\" style=\"vertical-align: inherit;\"><span dir=\"auto\" style=\"vertical-align: inherit;\">serotonin 2A-reseptoragonist<\/span><\/span><\/span><\/span><\/strong><span style=\"vertical-align: inherit;\"><span style=\"vertical-align: inherit;\"><span dir=\"auto\" style=\"vertical-align: inherit;\"><span dir=\"auto\" style=\"vertical-align: inherit;\"> med f\u00f8lgende egenskaper:<\/span><\/span><\/span><\/span><\/p>\n<ul>\n<li><span style=\"vertical-align: inherit;\"><span style=\"vertical-align: inherit;\"><span dir=\"auto\" style=\"vertical-align: inherit;\"><span dir=\"auto\" style=\"vertical-align: inherit;\">Intense visuelle effekter og forsterket sanseopplevelse<\/span><\/span><\/span><\/span><\/li>\n<li><span style=\"vertical-align: inherit;\"><span style=\"vertical-align: inherit;\"><span dir=\"auto\" style=\"vertical-align: inherit;\"><span dir=\"auto\" style=\"vertical-align: inherit;\">Dype kognitive og emosjonelle prosesser<\/span><\/span><\/span><\/span><\/li>\n<li><span style=\"vertical-align: inherit;\"><span style=\"vertical-align: inherit;\"><span dir=\"auto\" style=\"vertical-align: inherit;\"><span dir=\"auto\" style=\"vertical-align: inherit;\">Langvarig effekt (8-12 timer)<\/span><\/span><\/span><\/span><\/li>\n<li><span style=\"vertical-align: inherit;\"><span style=\"vertical-align: inherit;\"><span dir=\"auto\" style=\"vertical-align: inherit;\"><span dir=\"auto\" style=\"vertical-align: inherit;\">Doseringsavhengig intensitet<\/span><\/span><\/span><\/span><\/li>\n<\/ul>\n<h2><strong><span style=\"vertical-align: inherit;\"><span style=\"vertical-align: inherit;\"><span dir=\"auto\" style=\"vertical-align: inherit;\"><span dir=\"auto\" style=\"vertical-align: inherit;\">Anbefalt dosering for forskning<\/span><\/span><\/span><\/span><\/strong><\/h2>\n<p><em><span style=\"vertical-align: inherit;\"><span style=\"vertical-align: inherit;\"><span dir=\"auto\" style=\"vertical-align: inherit;\"><span dir=\"auto\" style=\"vertical-align: inherit;\">Kun for vitenskapelig referanse:<\/span><\/span><\/span><\/span><\/em><\/p>\n<ul>\n<li><strong><span style=\"vertical-align: inherit;\"><span style=\"vertical-align: inherit;\"><span dir=\"auto\" style=\"vertical-align: inherit;\"><span dir=\"auto\" style=\"vertical-align: inherit;\">Lysdose<\/span><\/span><\/span><\/span><\/strong><span style=\"vertical-align: inherit;\"><span style=\"vertical-align: inherit;\"><span dir=\"auto\" style=\"vertical-align: inherit;\"><span dir=\"auto\" style=\"vertical-align: inherit;\"> : 8-12 mg<\/span><\/span><\/span><\/span><\/li>\n<li><strong><span style=\"vertical-align: inherit;\"><span style=\"vertical-align: inherit;\"><span dir=\"auto\" style=\"vertical-align: inherit;\"><span dir=\"auto\" style=\"vertical-align: inherit;\">Gjennomsnittlig dose<\/span><\/span><\/span><\/span><\/strong><span style=\"vertical-align: inherit;\"><span style=\"vertical-align: inherit;\"><span dir=\"auto\" style=\"vertical-align: inherit;\"><span dir=\"auto\" style=\"vertical-align: inherit;\"> : 12-18 mg<\/span><\/span><\/span><\/span><\/li>\n<li><strong><span style=\"vertical-align: inherit;\"><span style=\"vertical-align: inherit;\"><span dir=\"auto\" style=\"vertical-align: inherit;\"><span dir=\"auto\" style=\"vertical-align: inherit;\">H\u00f8y dose<\/span><\/span><\/span><\/span><\/strong><span style=\"vertical-align: inherit;\"><span style=\"vertical-align: inherit;\"><span dir=\"auto\" style=\"vertical-align: inherit;\"><span dir=\"auto\" style=\"vertical-align: inherit;\"> : 18-25 mg (kun for erfarne forskere)<\/span><\/span><\/span><\/span><\/li>\n<\/ul>\n<h2><strong><span style=\"vertical-align: inherit;\"><span style=\"vertical-align: inherit;\"><span dir=\"auto\" style=\"vertical-align: inherit;\"><span dir=\"auto\" style=\"vertical-align: inherit;\">Retningslinjer for sikkerhet<\/span><\/span><\/span><\/span><\/strong><\/h2>\n<ul>\n<li><span style=\"vertical-align: inherit;\"><span style=\"vertical-align: inherit;\"><span dir=\"auto\" style=\"vertical-align: inherit;\"><span dir=\"auto\" style=\"vertical-align: inherit;\">Skal ikke brukes ved psykiatriske lidelser<\/span><\/span><\/span><\/span><\/li>\n<li><span style=\"vertical-align: inherit;\"><span style=\"vertical-align: inherit;\"><span dir=\"auto\" style=\"vertical-align: inherit;\"><span dir=\"auto\" style=\"vertical-align: inherit;\">Unng\u00e5 bruk i ukjente eller utrygge omgivelser<\/span><\/span><\/span><\/span><\/li>\n<li><span style=\"vertical-align: inherit;\"><span style=\"vertical-align: inherit;\"><span dir=\"auto\" style=\"vertical-align: inherit;\"><span dir=\"auto\" style=\"vertical-align: inherit;\">Kombinasjoner med andre psykoaktive stoffer anbefales ikke<\/span><\/span><\/span><\/span><\/li>\n<li><span style=\"vertical-align: inherit;\"><span style=\"vertical-align: inherit;\"><span dir=\"auto\" style=\"vertical-align: inherit;\"><span dir=\"auto\" style=\"vertical-align: inherit;\">Oppbevares i romtemperatur p\u00e5 et m\u00f8rkt og t\u00f8rt sted. <\/span><\/span><\/span><\/span><a title=\"Iboga rotbark\" href=\"https:\/\/researchchemicalsweb.com\/nb\/shop\/iboga-ibogaine\/iboga-rotbark\/\" target=\"_blank\" rel=\"noopener\"><span style=\"vertical-align: inherit;\"><span style=\"vertical-align: inherit;\"><span dir=\"auto\" style=\"vertical-align: inherit;\"><span dir=\"auto\" style=\"vertical-align: inherit;\">Iboga rotbark<\/span><\/span><\/span><\/span><\/a><\/li>\n<\/ul>\n<h2><strong><span style=\"vertical-align: inherit;\"><span style=\"vertical-align: inherit;\"><span dir=\"auto\" style=\"vertical-align: inherit;\"><span dir=\"auto\" style=\"vertical-align: inherit;\">Vitenskapelige anvendelser<\/span><\/span><\/span><\/span><\/strong><\/h2>\n<p><span style=\"vertical-align: inherit;\"><span style=\"vertical-align: inherit;\"><span dir=\"auto\" style=\"vertical-align: inherit;\"><span dir=\"auto\" style=\"vertical-align: inherit;\">Dette materialet er utelukkende beregnet for:<\/span><\/span><\/span><\/span><\/p>\n<ul>\n<li><span style=\"vertical-align: inherit;\"><span style=\"vertical-align: inherit;\"><span dir=\"auto\" style=\"vertical-align: inherit;\"><span dir=\"auto\" style=\"vertical-align: inherit;\">Nevropsykologisk forskning p\u00e5 bevissthetstilstander<\/span><\/span><\/span><\/span><\/li>\n<li><span style=\"vertical-align: inherit;\"><span style=\"vertical-align: inherit;\"><span dir=\"auto\" style=\"vertical-align: inherit;\"><span dir=\"auto\" style=\"vertical-align: inherit;\">Farmakologiske studier p\u00e5 fenetylaminer<\/span><\/span><\/span><\/span><\/li>\n<li><span style=\"vertical-align: inherit;\"><span style=\"vertical-align: inherit;\"><span dir=\"auto\" style=\"vertical-align: inherit;\"><span dir=\"auto\" style=\"vertical-align: inherit;\">Kvalitativ analyse av psykedeliske forbindelser<\/span><\/span><\/span><\/span><\/li>\n<\/ul>\n<h2><strong><span style=\"vertical-align: inherit;\"><span style=\"vertical-align: inherit;\"><span dir=\"auto\" style=\"vertical-align: inherit;\"><span dir=\"auto\" style=\"vertical-align: inherit;\">Bestillingsinformasjon<\/span><\/span><\/span><\/span><\/strong><\/h2>\n<p><span style=\"vertical-align: inherit;\"><span style=\"vertical-align: inherit;\"><span dir=\"auto\" style=\"vertical-align: inherit;\"><span dir=\"auto\" style=\"vertical-align: inherit;\">V\u00e5r 2C-E leveres i profesjonell emballasje med full diskresjon. Egnet for avansert vitenskapelig forskning. <\/span><\/span><\/span><\/span><a title=\"O-DSMT 50 mg pellets\" href=\"https:\/\/researchchemicalsweb.com\/nb\/shop\/pellets\/o-dsmt-50mg-pellets\/\" target=\"_blank\" rel=\"noopener\"><span style=\"vertical-align: inherit;\"><span style=\"vertical-align: inherit;\"><span dir=\"auto\" style=\"vertical-align: inherit;\"><span dir=\"auto\" style=\"vertical-align: inherit;\">O-DSMT 50 mg pellets<\/span><\/span><\/span><\/span><\/a><\/p>\n<p><a href=\"https:\/\/researchchemicalsweb.com\/nb\/produkt\/iboga-ta\/\">Iboga TA<\/a><a href=\"https:\/\/researchchemicalsweb.com\/nb\/produkt\/ibogaine-hcl\/\">Ibogain HCL<\/a><a href=\"https:\/\/researchchemicalsweb.com\/nb\/produkt\/iboga-capsules\/\">Iboga-kapsler<\/a><a href=\"https:\/\/researchchemicalsweb.com\/nb\/produkt\/jjc8-089\/\">JJC8-089<\/a><a href=\"https:\/\/researchchemicalsweb.com\/nb\/produkt\/benzocaine-powder-%e2%89%a599-0\/\">Benzokainpulver \u226599,0%<\/a><\/p>","protected":false},"excerpt":{"rendered":"<h2><span style=\"vertical-align: inherit;\"><span style=\"vertical-align: inherit;\"><span dir=\"auto\" style=\"vertical-align: inherit;\"><span dir=\"auto\" style=\"vertical-align: inherit;\">2C-E properties<\/span><\/span><\/span><\/span><\/h2>\n<p><strong><span style=\"vertical-align: inherit;\"><span style=\"vertical-align: inherit;\"><span dir=\"auto\" style=\"vertical-align: inherit;\"><span dir=\"auto\" style=\"vertical-align: inherit;\">Synonyms<\/span><\/span><\/span><\/span><\/strong><span style=\"vertical-align: inherit;\"><span style=\"vertical-align: inherit;\"><span dir=\"auto\" style=\"vertical-align: inherit;\"><span dir=\"auto\" style=\"vertical-align: inherit;\"> : 2,5-dimethoxy-4-ethylphenethylamine, monohydrochloride <\/span><\/span><\/span><\/span><br \/>\n<strong><span style=\"vertical-align: inherit;\"><span style=\"vertical-align: inherit;\"><span dir=\"auto\" style=\"vertical-align: inherit;\"><span dir=\"auto\" style=\"vertical-align: inherit;\">CAS Number<\/span><\/span><\/span><\/span><\/strong><span style=\"vertical-align: inherit;\"><span style=\"vertical-align: inherit;\"><span dir=\"auto\" style=\"vertical-align: inherit;\"><span dir=\"auto\" style=\"vertical-align: inherit;\"> : 923013-67-6 <\/span><\/span><\/span><\/span><br \/>\n<strong><span style=\"vertical-align: inherit;\"><span style=\"vertical-align: inherit;\"><span dir=\"auto\" style=\"vertical-align: inherit;\"><span dir=\"auto\" style=\"vertical-align: inherit;\">Formula<\/span><\/span><\/span><\/span><\/strong><span style=\"vertical-align: inherit;\"><span style=\"vertical-align: inherit;\"><span dir=\"auto\" style=\"vertical-align: inherit;\"><span dir=\"auto\" style=\"vertical-align: inherit;\"> : C12H19NO2 \u2022 HCL <\/span><\/span><\/span><\/span><br \/>\n<strong><span style=\"vertical-align: inherit;\"><span style=\"vertical-align: inherit;\"><span dir=\"auto\" style=\"vertical-align: inherit;\"><span dir=\"auto\" style=\"vertical-align: inherit;\">Molar mass<\/span><\/span><\/span><\/span><\/strong><span style=\"vertical-align: inherit;\"><span style=\"vertical-align: inherit;\"><span dir=\"auto\" style=\"vertical-align: inherit;\"><span dir=\"auto\" style=\"vertical-align: inherit;\"> : 245.7 g\/mol <\/span><\/span><\/span><\/span><br \/>\n<strong><span style=\"vertical-align: inherit;\"><span style=\"vertical-align: inherit;\"><span dir=\"auto\" style=\"vertical-align: inherit;\"><span dir=\"auto\" style=\"vertical-align: inherit;\">Purity<\/span><\/span><\/span><\/span><\/strong><span style=\"vertical-align: inherit;\"><span style=\"vertical-align: inherit;\"><span dir=\"auto\" style=\"vertical-align: inherit;\"><span dir=\"auto\" style=\"vertical-align: inherit;\"> : \u226599%<\/span><\/span><\/span><\/span><\/p>","protected":false},"featured_media":20172,"comment_status":"closed","ping_status":"closed","template":"","meta":[],"product_brand":[79],"product_cat":[72,73,74],"product_tag":[75,76,77,78],"class_list":{"0":"post-18009","1":"product","2":"type-product","3":"status-publish","4":"has-post-thumbnail","6":"product_brand-research-chemical","7":"product_cat-2c-e","8":"product_cat-bijna-verboden","9":"product_cat-fenethylamine","10":"product_tag-2c-e","11":"product_tag-2c-e-kopen","12":"product_tag-2ce","13":"product_tag-nl","15":"first","16":"instock","17":"shipping-taxable","18":"purchasable","19":"product-type-variable"},"_links":{"self":[{"href":"https:\/\/researchchemicalsweb.com\/nb\/wp-json\/wp\/v2\/product\/18009","targetHints":{"allow":["GET"]}}],"collection":[{"href":"https:\/\/researchchemicalsweb.com\/nb\/wp-json\/wp\/v2\/product"}],"about":[{"href":"https:\/\/researchchemicalsweb.com\/nb\/wp-json\/wp\/v2\/types\/product"}],"replies":[{"embeddable":true,"href":"https:\/\/researchchemicalsweb.com\/nb\/wp-json\/wp\/v2\/comments?post=18009"}],"version-history":[{"count":3,"href":"https:\/\/researchchemicalsweb.com\/nb\/wp-json\/wp\/v2\/product\/18009\/revisions"}],"predecessor-version":[{"id":20132,"href":"https:\/\/researchchemicalsweb.com\/nb\/wp-json\/wp\/v2\/product\/18009\/revisions\/20132"}],"wp:featuredmedia":[{"embeddable":true,"href":"https:\/\/researchchemicalsweb.com\/nb\/wp-json\/wp\/v2\/media\/20172"}],"wp:attachment":[{"href":"https:\/\/researchchemicalsweb.com\/nb\/wp-json\/wp\/v2\/media?parent=18009"}],"wp:term":[{"taxonomy":"product_brand","embeddable":true,"href":"https:\/\/researchchemicalsweb.com\/nb\/wp-json\/wp\/v2\/product_brand?post=18009"},{"taxonomy":"product_cat","embeddable":true,"href":"https:\/\/researchchemicalsweb.com\/nb\/wp-json\/wp\/v2\/product_cat?post=18009"},{"taxonomy":"product_tag","embeddable":true,"href":"https:\/\/researchchemicalsweb.com\/nb\/wp-json\/wp\/v2\/product_tag?post=18009"}],"curies":[{"name":"wp","href":"https:\/\/api.w.org\/{rel}","templated":true}]}}