{"id":19500,"date":"2025-12-16T21:09:14","date_gmt":"2025-12-16T21:09:14","guid":{"rendered":"https:\/\/researchchemicalsweb.com\/?post_type=product&#038;p=19500"},"modified":"2026-02-17T14:21:03","modified_gmt":"2026-02-17T14:21:03","slug":"mxp-methoxphenidine","status":"publish","type":"product","link":"https:\/\/researchchemicalsweb.com\/fr\/produit\/mxp-methoxphenidine\/","title":{"rendered":"MXP (M\u00e9thoxph\u00e9nidine)"},"content":{"rendered":"<h3 data-start=\"4111\" data-end=\"4132\"><strong data-start=\"4115\" data-end=\"4130\">Introduction<\/strong><\/h3>\n<p data-start=\"4133\" data-end=\"4445\"><strong data-start=\"4133\" data-end=\"4158\">MXP (M\u00e9thoxph\u00e9nidine)<\/strong>, \u00e9galement connu sous le nom de <strong data-start=\"4175\" data-end=\"4196\">2-MeO-Diph\u00e9nidine<\/strong>, est un <strong data-start=\"4205\" data-end=\"4246\">compos\u00e9 dissociatif synth\u00e9tique<\/strong> De la classe des diaryl\u00e9thylamines. Structurellement apparent\u00e9 \u00e0 <strong data-start=\"4303\" data-end=\"4318\">diph\u00e9nidine<\/strong> et <strong data-start=\"4322\" data-end=\"4336\">\u00e9ph\u00e9nidine<\/strong>, MXP est utilis\u00e9 dans <strong data-start=\"4360\" data-end=\"4402\">la recherche pharmacologique et analytique<\/strong> comme <strong data-start=\"4407\" data-end=\"4442\">Analogue antagoniste des r\u00e9cepteurs NMDA<\/strong>. M\u00e9thoxph\u00e9nidine<\/p>\n<p data-start=\"4447\" data-end=\"4809\">Il est appliqu\u00e9 dans <strong data-start=\"4470\" data-end=\"4523\">la recherche neurochimique, analytique et m\u00e9dico-l\u00e9gale<\/strong> \u00e0 la liaison des r\u00e9cepteurs NMDA, aux relations structure-activit\u00e9 (SAR) et aux m\u00e9thodes de d\u00e9tection.<br data-start=\"4610\" data-end=\"4613\" \/><strong data-start=\"4613\" data-end=\"4638\">MXP (M\u00e9thoxph\u00e9nidine)<\/strong> est fournie sous la forme <strong data-start=\"4658\" data-end=\"4698\">poudre cristalline de haute puret\u00e9 (\u226598%)<\/strong> et est destin\u00e9 exclusivement aux <strong data-start=\"4730\" data-end=\"4755\">recherche en laboratoire<\/strong> \u2014 <strong data-start=\"4758\" data-end=\"4806\">non destin\u00e9 \u00e0 la consommation humaine ou animale<\/strong>.<\/p>\n<hr data-start=\"4811\" data-end=\"4814\" \/>\n<h3 data-start=\"4816\" data-end=\"4847\"><strong data-start=\"4820\" data-end=\"4847\">Caract\u00e9ristiques principales<\/strong><\/h3>\n<div class=\"_tableContainer_1rjym_1\">\n<div class=\"group _tableWrapper_1rjym_13 flex w-fit flex-col-reverse\" tabindex=\"-1\">\n<table class=\"w-fit min-w-(--thread-content-width)\" data-start=\"4849\" data-end=\"5348\">\n<thead data-start=\"4849\" data-end=\"4875\">\n<tr data-start=\"4849\" data-end=\"4875\">\n<th data-start=\"4849\" data-end=\"4859\" data-col-size=\"sm\">Fonctionnalit\u00e9<\/th>\n<th data-start=\"4859\" data-end=\"4875\" data-col-size=\"md\">Description<\/th>\n<\/tr>\n<\/thead>\n<tbody data-start=\"4904\" data-end=\"5348\">\n<tr data-start=\"4904\" data-end=\"4987\">\n<td data-start=\"4904\" data-end=\"4925\" data-col-size=\"sm\"><strong data-start=\"4906\" data-end=\"4924\">Nom chimique<\/strong><\/td>\n<td data-start=\"4925\" data-end=\"4987\" data-col-size=\"md\">(\u00b1)-1-(1,2-Diph\u00e9nyl\u00e9thyl)pip\u00e9ridine-2-one (2-M\u00e9thoxph\u00e9nidine)<\/td>\n<\/tr>\n<tr data-start=\"4988\" data-end=\"5040\">\n<td data-start=\"4988\" data-end=\"5013\" data-col-size=\"sm\"><strong data-start=\"4990\" data-end=\"5012\">Nom commun<\/strong><\/td>\n<td data-start=\"5013\" data-end=\"5040\" data-col-size=\"md\">MXP \/ 2-MeO-Diph\u00e9nidine<\/td>\n<\/tr>\n<tr data-start=\"5041\" data-end=\"5077\">\n<td data-start=\"5041\" data-end=\"5065\" data-col-size=\"sm\"><strong data-start=\"5043\" data-end=\"5064\">Formule chimique<\/strong><\/td>\n<td data-start=\"5065\" data-end=\"5077\" data-col-size=\"md\">C\u2081\u2088H\u2082\u2083NO<\/td>\n<\/tr>\n<tr data-start=\"5078\" data-end=\"5116\">\n<td data-start=\"5078\" data-end=\"5100\" data-col-size=\"sm\"><strong data-start=\"5080\" data-end=\"5099\">Poids mol\u00e9culaire<\/strong><\/td>\n<td data-start=\"5100\" data-end=\"5116\" data-col-size=\"md\">269,38 g\/mol<\/td>\n<\/tr>\n<tr data-start=\"5117\" data-end=\"5186\">\n<td data-start=\"5117\" data-end=\"5140\" data-col-size=\"sm\"><strong data-start=\"5119\" data-end=\"5139\">Classe chimique<\/strong><\/td>\n<td data-start=\"5140\" data-end=\"5186\" data-col-size=\"md\">Diaryl\u00e9thylamine \/ antagoniste des r\u00e9cepteurs NMDA<\/td>\n<\/tr>\n<tr data-start=\"5187\" data-end=\"5220\">\n<td data-start=\"5187\" data-end=\"5198\" data-col-size=\"sm\"><strong data-start=\"5189\" data-end=\"5197\">Formulaire<\/strong><\/td>\n<td data-start=\"5198\" data-end=\"5220\" data-col-size=\"md\">Poudre cristalline<\/td>\n<\/tr>\n<tr data-start=\"5221\" data-end=\"5273\">\n<td data-start=\"5221\" data-end=\"5238\" data-col-size=\"sm\"><strong data-start=\"5223\" data-end=\"5237\">La puret\u00e9<\/strong><\/td>\n<td data-start=\"5238\" data-end=\"5273\" data-col-size=\"md\">\u2265 98% (test\u00e9 par GC\/MS et NMR)<\/td>\n<\/tr>\n<tr data-start=\"5274\" data-end=\"5348\">\n<td data-start=\"5274\" data-end=\"5288\" data-col-size=\"sm\"><strong data-start=\"5276\" data-end=\"5287\">Utilisation<\/strong><\/td>\n<td data-start=\"5288\" data-end=\"5348\" data-col-size=\"md\">Uniquement pour la recherche analytique, m\u00e9dico-l\u00e9gale et chimique<\/td>\n<\/tr>\n<\/tbody>\n<\/table>\n<\/div>\n<\/div>\n<hr data-start=\"5350\" data-end=\"5353\" \/>\n<h3 data-start=\"5355\" data-end=\"5372\"><strong data-start=\"5359\" data-end=\"5372\">Avantages<\/strong><\/h3>\n<ul data-start=\"5374\" data-end=\"5851\">\n<li data-start=\"5374\" data-end=\"5469\">\n<p data-start=\"5376\" data-end=\"5469\"><strong data-start=\"5376\" data-end=\"5406\">Substance de r\u00e9f\u00e9rence analytique<\/strong> - Convient pour les comparaisons GC\/MS, LC\/MS et toxicologiques.<\/p>\n<\/li>\n<li data-start=\"5470\" data-end=\"5591\">\n<p data-start=\"5472\" data-end=\"5591\"><strong data-start=\"5472\" data-end=\"5499\">Recherche neurochimique<\/strong> - Utilis\u00e9 dans les \u00e9tudes de liaison des r\u00e9cepteurs NMDA et les comparaisons pharmacologiques.<\/p>\n<\/li>\n<li data-start=\"5592\" data-end=\"5676\">\n<p data-start=\"5594\" data-end=\"5676\"><strong data-start=\"5594\" data-end=\"5619\">Recherche structurelle<\/strong> - Soutient la recherche SAR sur les analogues de la diph\u00e9nidine.<\/p>\n<\/li>\n<li data-start=\"5677\" data-end=\"5755\">\n<p data-start=\"5679\" data-end=\"5755\"><strong data-start=\"5679\" data-end=\"5699\">Stabilit\u00e9 \u00e9lev\u00e9e<\/strong> - La forme cristalline garantit une longue dur\u00e9e de conservation.<\/p>\n<\/li>\n<li data-start=\"5756\" data-end=\"5851\">\n<p data-start=\"5758\" data-end=\"5851\"><strong data-start=\"5758\" data-end=\"5783\">Qualit\u00e9 des laboratoires<\/strong> - Puret\u00e9 \u226598%, confirm\u00e9e par chromatographie et spectroscopie.<\/p>\n<\/li>\n<\/ul>\n<hr data-start=\"5853\" data-end=\"5856\" \/>\n<h3 data-start=\"5858\" data-end=\"5910\"><strong data-start=\"5862\" data-end=\"5908\">Utilisation (\u00e0 des fins de recherche uniquement)<\/strong><\/h3>\n<blockquote data-start=\"5912\" data-end=\"6080\">\n<p data-start=\"5914\" data-end=\"6080\">\u26a0\ufe0f <strong data-start=\"5917\" data-end=\"5928\">Remarque :<\/strong> Le MXP (m\u00e9thoxph\u00e9nidine) est exclusivement destin\u00e9 \u00e0 <strong data-start=\"5979\" data-end=\"6020\">recherche en laboratoire et recherche analytique<\/strong>.<br data-start=\"6021\" data-end=\"6024\" \/>Ne convient pas \u00e0 la consommation humaine ou animale.<\/p>\n<\/blockquote>\n<ol data-start=\"6082\" data-end=\"6430\">\n<li data-start=\"6082\" data-end=\"6174\">\n<p data-start=\"6085\" data-end=\"6174\"><strong data-start=\"6085\" data-end=\"6100\">Manipulation :<\/strong> Porter des gants, une blouse et des lunettes de protection. Travailler sous une hotte.<\/p>\n<\/li>\n<li data-start=\"6175\" data-end=\"6239\">\n<p data-start=\"6178\" data-end=\"6239\"><strong data-start=\"6178\" data-end=\"6191\">Mesures :<\/strong> Utiliser des outils d'analyse pr\u00e9cis.<\/p>\n<\/li>\n<li data-start=\"6240\" data-end=\"6294\">\n<p data-start=\"6243\" data-end=\"6294\"><strong data-start=\"6243\" data-end=\"6254\">Stockage :<\/strong> Conserver au frais (2-8\u00b0C), au sec et \u00e0 l'abri de la lumi\u00e8re.<\/p>\n<\/li>\n<li data-start=\"6295\" data-end=\"6352\">\n<p data-start=\"6298\" data-end=\"6352\"><strong data-start=\"6298\" data-end=\"6310\">Analyse :<\/strong> Convient pour GC\/MS, HPLC, FTIR et NMR.<\/p>\n<\/li>\n<li data-start=\"6353\" data-end=\"6430\">\n<p data-start=\"6356\" data-end=\"6430\"><strong data-start=\"6356\" data-end=\"6373\">Documentation :<\/strong> Enregistrer les num\u00e9ros de lots, la puret\u00e9 et les r\u00e9sultats des tests.<\/p>\n<\/li>\n<\/ol>\n<hr data-start=\"6432\" data-end=\"6435\" \/>\n<h3 data-start=\"6437\" data-end=\"6472\"><strong data-start=\"6441\" data-end=\"6470\">Foire aux questions (FAQ)<\/strong><\/h3>\n<p data-start=\"6474\" data-end=\"6700\"><strong data-start=\"6474\" data-end=\"6510\">1. Qu'est-ce que le MXP (m\u00e9thoxph\u00e9nidine) ?<\/strong><br data-start=\"6510\" data-end=\"6513\" \/>Le MXP est un <strong data-start=\"6524\" data-end=\"6557\">diaryl\u00e9thylamine synth\u00e9tique<\/strong> et <strong data-start=\"6561\" data-end=\"6596\">Analogue antagoniste des r\u00e9cepteurs NMDA<\/strong>, La k\u00e9tamine est une substance similaire \u00e0 la k\u00e9tamine ou au PCP, utilis\u00e9e dans la recherche chimique et pharmacologique.<\/p>\n<p data-start=\"6702\" data-end=\"6907\"><strong data-start=\"6702\" data-end=\"6750\">2. \u00c0 quoi sert le MXP dans la recherche ?<\/strong><br data-start=\"6750\" data-end=\"6753\" \/>Il est appliqu\u00e9 dans <strong data-start=\"6776\" data-end=\"6814\">\u00e9tudes analytiques et m\u00e9dico-l\u00e9gales<\/strong> aux r\u00e9cepteurs NMDA, le m\u00e9tabolisme et les comparaisons structurelles des compos\u00e9s apparent\u00e9s.<\/p>\n<p data-start=\"6909\" data-end=\"7169\"><strong data-start=\"6909\" data-end=\"6946\">3. Est-il l\u00e9gal d'acheter du MXP ?<\/strong><br data-start=\"6946\" data-end=\"6949\" \/>Le <strong data-start=\"6952\" data-end=\"6974\">l\u00e9galit\u00e9 du MXP<\/strong> varie d'un pays \u00e0 l'autre. Dans certains pays, elle est autoris\u00e9e \u00e0 des fins de recherche, dans d'autres, elle fait partie des substances contr\u00f4l\u00e9es. V\u00e9rifiez toujours la l\u00e9gislation locale avant de <strong data-start=\"7153\" data-end=\"7166\">MXP ach\u00e8te<\/strong>. <a href=\"https:\/\/researchchemicalsweb.com\/fr\/shop\/okategoriserad\/acheter-4mmc\/\">Acheter 4mmc<\/a><\/p>","protected":false},"excerpt":{"rendered":"<h3><span dir=\"auto\" style=\"vertical-align: inherit;\"><span dir=\"auto\" style=\"vertical-align: inherit;\">MXP properties<\/span><\/span><\/h3>\n<p><strong><span dir=\"auto\" style=\"vertical-align: inherit;\"><span dir=\"auto\" style=\"vertical-align: inherit;\">Synonym:<\/span><\/span><\/strong><span dir=\"auto\" style=\"vertical-align: inherit;\"><span dir=\"auto\" style=\"vertical-align: inherit;\"> Methoxphenidine, Methoxyphenidine, MXP, 2-MXP <\/span><\/span><br \/>\n<strong><span dir=\"auto\" style=\"vertical-align: inherit;\"><span dir=\"auto\" style=\"vertical-align: inherit;\">CAS Number:<\/span><\/span><\/strong><span dir=\"auto\" style=\"vertical-align: inherit;\"><span dir=\"auto\" style=\"vertical-align: inherit;\"> 127529-46-8 <\/span><\/span><br \/>\n<strong><span dir=\"auto\" style=\"vertical-align: inherit;\"><span dir=\"auto\" style=\"vertical-align: inherit;\">Formula: <\/span><\/span><\/strong> <span title=\"Carbon\"><span dir=\"auto\" style=\"vertical-align: inherit;\"><span dir=\"auto\" style=\"vertical-align: inherit;\">C <\/span><\/span><\/span><sub><span dir=\"auto\" style=\"vertical-align: inherit;\"><span dir=\"auto\" style=\"vertical-align: inherit;\">20 <\/span><\/span><\/sub><span title=\"Hydrogen\"><span dir=\"auto\" style=\"vertical-align: inherit;\"><span dir=\"auto\" style=\"vertical-align: inherit;\">H <\/span><\/span><\/span><sub><span dir=\"auto\" style=\"vertical-align: inherit;\"><span dir=\"auto\" style=\"vertical-align: inherit;\">25 <\/span><\/span><\/sub><span title=\"Nitrogen\"><span dir=\"auto\" style=\"vertical-align: inherit;\"><span dir=\"auto\" style=\"vertical-align: inherit;\">N <\/span><\/span><\/span><span title=\"Oxygen\"><span dir=\"auto\" style=\"vertical-align: inherit;\"><span dir=\"auto\" style=\"vertical-align: inherit;\">O <\/span><\/span><\/span><br \/>\n<strong><span dir=\"auto\" style=\"vertical-align: inherit;\"><span dir=\"auto\" style=\"vertical-align: inherit;\">Mole mass:<\/span><\/span><\/strong><span dir=\"auto\" style=\"vertical-align: inherit;\"><span dir=\"auto\" style=\"vertical-align: inherit;\"> 295.426 g\/mol <\/span><\/span><br \/>\n<strong><span dir=\"auto\" style=\"vertical-align: inherit;\"><span dir=\"auto\" style=\"vertical-align: inherit;\">Purity:<\/span><\/span><\/strong><span dir=\"auto\" style=\"vertical-align: inherit;\"><span dir=\"auto\" style=\"vertical-align: inherit;\"> &gt;97%<\/span><\/span><\/p>","protected":false},"featured_media":20370,"comment_status":"closed","ping_status":"closed","template":"","meta":[],"product_brand":[79],"product_cat":[154,699,82],"product_tag":[700,701,702,703,704,78],"class_list":{"0":"post-19500","1":"product","2":"type-product","3":"status-publish","4":"has-post-thumbnail","6":"product_brand-research-chemical","7":"product_cat-arylcyclohexylamines","8":"product_cat-mxp","9":"product_cat-sale","10":"product_tag-buy-methoxphenidine","11":"product_tag-buy-methoxphenidine-crystal","12":"product_tag-methoxphenidine","13":"product_tag-methoxphenidine-buy","14":"product_tag-methoxphenidine-crystal","15":"product_tag-nl","17":"first","18":"instock","19":"sale","20":"shipping-taxable","21":"purchasable","22":"product-type-variable"},"_links":{"self":[{"href":"https:\/\/researchchemicalsweb.com\/fr\/wp-json\/wp\/v2\/product\/19500","targetHints":{"allow":["GET"]}}],"collection":[{"href":"https:\/\/researchchemicalsweb.com\/fr\/wp-json\/wp\/v2\/product"}],"about":[{"href":"https:\/\/researchchemicalsweb.com\/fr\/wp-json\/wp\/v2\/types\/product"}],"replies":[{"embeddable":true,"href":"https:\/\/researchchemicalsweb.com\/fr\/wp-json\/wp\/v2\/comments?post=19500"}],"version-history":[{"count":1,"href":"https:\/\/researchchemicalsweb.com\/fr\/wp-json\/wp\/v2\/product\/19500\/revisions"}],"predecessor-version":[{"id":19519,"href":"https:\/\/researchchemicalsweb.com\/fr\/wp-json\/wp\/v2\/product\/19500\/revisions\/19519"}],"wp:featuredmedia":[{"embeddable":true,"href":"https:\/\/researchchemicalsweb.com\/fr\/wp-json\/wp\/v2\/media\/20370"}],"wp:attachment":[{"href":"https:\/\/researchchemicalsweb.com\/fr\/wp-json\/wp\/v2\/media?parent=19500"}],"wp:term":[{"taxonomy":"product_brand","embeddable":true,"href":"https:\/\/researchchemicalsweb.com\/fr\/wp-json\/wp\/v2\/product_brand?post=19500"},{"taxonomy":"product_cat","embeddable":true,"href":"https:\/\/researchchemicalsweb.com\/fr\/wp-json\/wp\/v2\/product_cat?post=19500"},{"taxonomy":"product_tag","embeddable":true,"href":"https:\/\/researchchemicalsweb.com\/fr\/wp-json\/wp\/v2\/product_tag?post=19500"}],"curies":[{"name":"wp","href":"https:\/\/api.w.org\/{rel}","templated":true}]}}