{"id":19222,"date":"2025-12-16T21:01:17","date_gmt":"2025-12-16T21:01:17","guid":{"rendered":"https:\/\/researchchemicalsweb.com\/?post_type=product&#038;p=19222"},"modified":"2026-02-17T14:21:52","modified_gmt":"2026-02-17T14:21:52","slug":"dck-dechlorocetamine","status":"publish","type":"product","link":"https:\/\/researchchemicalsweb.com\/fr\/produit\/dck-dechlorocetamine\/","title":{"rendered":"DCK (Deschloroc\u00e9tamine)"},"content":{"rendered":"<h3 data-start=\"4022\" data-end=\"4043\"><strong data-start=\"4026\" data-end=\"4041\">Introduction<\/strong><\/h3>\n<p data-start=\"4044\" data-end=\"4403\"><strong data-start=\"4044\" data-end=\"4071\">DCK (Deschloroc\u00e9tamine)<\/strong>, \u00e9galement connu sous le nom de <strong data-start=\"4088\" data-end=\"4109\">O-PCM (2-oxo-PCM)<\/strong>, est un <strong data-start=\"4118\" data-end=\"4155\">arylcyclohexylamine dissociative<\/strong> qui est structurellement li\u00e9 \u00e0 <strong data-start=\"4187\" data-end=\"4199\">k\u00e9tamine<\/strong> et <strong data-start=\"4203\" data-end=\"4219\">Analogues du PCE<\/strong>. dck<br data-start=\"4220\" data-end=\"4223\" \/>Il est utilis\u00e9 dans <strong data-start=\"4245\" data-end=\"4283\">enqu\u00eate analytique et m\u00e9dico-l\u00e9gale<\/strong> \u00e0 <strong data-start=\"4289\" data-end=\"4317\">Interactions avec les r\u00e9cepteurs NMDA<\/strong>, <strong data-start=\"4319\" data-end=\"4361\">les relations structure-activit\u00e9 (SAR)<\/strong> et <strong data-start=\"4365\" data-end=\"4400\">propri\u00e9t\u00e9s chromatographiques<\/strong>.<\/p>\n<p data-start=\"4405\" data-end=\"4697\">Chaque lot est produit sous <strong data-start=\"4441\" data-end=\"4486\">conditions de laboratoire contr\u00f4l\u00e9es<\/strong> et test\u00e9 sur un <strong data-start=\"4504\" data-end=\"4528\">puret\u00e9 de \u2265 98%<\/strong> via <strong data-start=\"4533\" data-end=\"4557\">Analyse HPLC et RMN<\/strong>.<br data-start=\"4558\" data-end=\"4561\" \/>DCK entre en sc\u00e8ne <strong data-start=\"4583\" data-end=\"4623\">forme cristalline de chlorhydrate (HCl)<\/strong>, qui pr\u00e9voit <strong data-start=\"4640\" data-end=\"4672\">stabilit\u00e9 et solubilit\u00e9<\/strong> sur l'utilisation \u00e0 des fins de recherche.<\/p>\n<blockquote data-start=\"4699\" data-end=\"4837\">\n<p data-start=\"4701\" data-end=\"4837\">\u26a0\ufe0f <strong data-start=\"4704\" data-end=\"4715\">Remarque :<\/strong> Le DCK est destin\u00e9 exclusivement <strong data-start=\"4748\" data-end=\"4783\">la recherche et l'analyse<\/strong> \u2014 <strong data-start=\"4786\" data-end=\"4835\">ne sont pas destin\u00e9s \u00e0 la consommation humaine ou animale.<\/strong><\/p>\n<\/blockquote>\n<hr data-start=\"4839\" data-end=\"4842\" \/>\n<h3 data-start=\"4844\" data-end=\"4875\"><strong data-start=\"4848\" data-end=\"4875\">Caract\u00e9ristiques principales<\/strong><\/h3>\n<div class=\"_tableContainer_1rjym_1\">\n<div class=\"group _tableWrapper_1rjym_13 flex w-fit flex-col-reverse\" tabindex=\"-1\">\n<table class=\"w-fit min-w-(--thread-content-width)\" data-start=\"4877\" data-end=\"5536\">\n<thead data-start=\"4877\" data-end=\"4903\">\n<tr data-start=\"4877\" data-end=\"4903\">\n<th data-start=\"4877\" data-end=\"4887\" data-col-size=\"sm\">Fonctionnalit\u00e9<\/th>\n<th data-start=\"4887\" data-end=\"4903\" data-col-size=\"md\">Description<\/th>\n<\/tr>\n<\/thead>\n<tbody data-start=\"4932\" data-end=\"5536\">\n<tr data-start=\"4932\" data-end=\"5007\">\n<td data-start=\"4932\" data-end=\"4953\" data-col-size=\"sm\"><strong data-start=\"4934\" data-end=\"4952\">Nom chimique<\/strong><\/td>\n<td data-start=\"4953\" data-end=\"5007\" data-col-size=\"md\">Chlorhydrate de 2-ph\u00e9nyl-2-(m\u00e9thylamino)cyclohexanone<\/td>\n<\/tr>\n<tr data-start=\"5008\" data-end=\"5068\">\n<td data-start=\"5008\" data-end=\"5033\" data-col-size=\"sm\"><strong data-start=\"5010\" data-end=\"5032\">Nom commun<\/strong><\/td>\n<td data-start=\"5033\" data-end=\"5068\" data-col-size=\"md\">DCK \/ Deschloroc\u00e9tamine \/ O-PCM<\/td>\n<\/tr>\n<tr data-start=\"5069\" data-end=\"5109\">\n<td data-start=\"5069\" data-end=\"5093\" data-col-size=\"sm\"><strong data-start=\"5071\" data-end=\"5092\">Formule chimique<\/strong><\/td>\n<td data-start=\"5093\" data-end=\"5109\" data-col-size=\"md\">C\u2081\u2083H\u2081\u2087NO-HCl<\/td>\n<\/tr>\n<tr data-start=\"5110\" data-end=\"5148\">\n<td data-start=\"5110\" data-end=\"5132\" data-col-size=\"sm\"><strong data-start=\"5112\" data-end=\"5131\">Poids mol\u00e9culaire<\/strong><\/td>\n<td data-start=\"5132\" data-end=\"5148\" data-col-size=\"md\">239,74 g\/mol<\/td>\n<\/tr>\n<tr data-start=\"5149\" data-end=\"5193\">\n<td data-start=\"5149\" data-end=\"5160\" data-col-size=\"sm\"><strong data-start=\"5151\" data-end=\"5159\">Formulaire<\/strong><\/td>\n<td data-start=\"5160\" data-end=\"5193\" data-col-size=\"md\">Poudre cristalline (sel HCl)<\/td>\n<\/tr>\n<tr data-start=\"5194\" data-end=\"5245\">\n<td data-start=\"5194\" data-end=\"5211\" data-col-size=\"sm\"><strong data-start=\"5196\" data-end=\"5210\">La puret\u00e9<\/strong><\/td>\n<td data-start=\"5211\" data-end=\"5245\" data-col-size=\"md\">\u2265 98% (test\u00e9 par HPLC et RMN)<\/td>\n<\/tr>\n<tr data-start=\"5246\" data-end=\"5319\">\n<td data-start=\"5246\" data-end=\"5269\" data-col-size=\"sm\"><strong data-start=\"5248\" data-end=\"5268\">Classe chimique<\/strong><\/td>\n<td data-start=\"5269\" data-end=\"5319\" data-col-size=\"md\">Arylcyclohexylamine \/ Compos\u00e9 dissociatif<\/td>\n<\/tr>\n<tr data-start=\"5320\" data-end=\"5399\">\n<td data-start=\"5320\" data-end=\"5334\" data-col-size=\"sm\"><strong data-start=\"5322\" data-end=\"5333\">Utilisation<\/strong><\/td>\n<td data-start=\"5334\" data-end=\"5399\" data-col-size=\"md\">Uniquement pour la recherche analytique, m\u00e9dico-l\u00e9gale et neurochimique<\/td>\n<\/tr>\n<tr data-start=\"5400\" data-end=\"5467\">\n<td data-start=\"5400\" data-end=\"5417\" data-col-size=\"sm\"><strong data-start=\"5402\" data-end=\"5416\">Emballage<\/strong><\/td>\n<td data-start=\"5417\" data-end=\"5467\" data-col-size=\"md\">Sac de laboratoire refermable et r\u00e9sistant \u00e0 l'humidit\u00e9<\/td>\n<\/tr>\n<tr data-start=\"5468\" data-end=\"5536\">\n<td data-start=\"5468\" data-end=\"5486\" data-col-size=\"sm\"><strong data-start=\"5470\" data-end=\"5485\">Quantit\u00e9<\/strong><\/td>\n<td data-start=\"5486\" data-end=\"5536\" data-col-size=\"md\">G\u00e9n\u00e9ralement fourni par 1 gramme (en fonction du lot)<\/td>\n<\/tr>\n<\/tbody>\n<\/table>\n<\/div>\n<\/div>\n<hr data-start=\"5538\" data-end=\"5541\" \/>\n<h3 data-start=\"5543\" data-end=\"5560\"><strong data-start=\"5547\" data-end=\"5560\">Avantages<\/strong><\/h3>\n<ul data-start=\"5562\" data-end=\"5960\">\n<li data-start=\"5562\" data-end=\"5654\">\n<p data-start=\"5564\" data-end=\"5654\"><strong data-start=\"5564\" data-end=\"5583\">Haute puret\u00e9<\/strong> - \u2265 98% de qualit\u00e9 laboratoire pour des r\u00e9sultats de tests fiables.<\/p>\n<\/li>\n<li data-start=\"5655\" data-end=\"5723\">\n<p data-start=\"5657\" data-end=\"5723\"><strong data-start=\"5657\" data-end=\"5678\">Forme stable HCl<\/strong> - Am\u00e9liore la dur\u00e9e de conservation et la solubilit\u00e9.<\/p>\n<\/li>\n<li data-start=\"5724\" data-end=\"5805\">\n<p data-start=\"5726\" data-end=\"5805\"><strong data-start=\"5726\" data-end=\"5765\">Id\u00e9al pour la recherche neurochimique<\/strong> - Convient pour les \u00e9tudes NMDA et SAR.<\/p>\n<\/li>\n<li data-start=\"5806\" data-end=\"5885\">\n<p data-start=\"5808\" data-end=\"5885\"><strong data-start=\"5808\" data-end=\"5838\">Chauss\u00e9e de recherche large<\/strong> - Compatible avec GC\/MS, LC-MS, FTIR et HPLC.<\/p>\n<\/li>\n<li data-start=\"5886\" data-end=\"5960\">\n<p data-start=\"5888\" data-end=\"5960\"><strong data-start=\"5888\" data-end=\"5914\">Qualit\u00e9 des lots test\u00e9e<\/strong> - Chaque lot est document\u00e9 et tra\u00e7able.<\/p>\n<\/li>\n<\/ul>\n<hr data-start=\"5962\" data-end=\"5965\" \/>\n<h3 data-start=\"5967\" data-end=\"6019\"><strong data-start=\"5971\" data-end=\"6017\">Utilisation (\u00e0 des fins de recherche uniquement)<\/strong><\/h3>\n<ol data-start=\"6021\" data-end=\"6345\">\n<li data-start=\"6021\" data-end=\"6090\">\n<p data-start=\"6024\" data-end=\"6090\"><strong data-start=\"6024\" data-end=\"6039\">Manipulation :<\/strong> Utilisez des gants, des lunettes de protection et une blouse de laboratoire.<\/p>\n<\/li>\n<li data-start=\"6091\" data-end=\"6153\">\n<p data-start=\"6094\" data-end=\"6153\"><strong data-start=\"6094\" data-end=\"6107\">Mesures :<\/strong> Peser avec pr\u00e9cision \u00e0 l'aide d'une balance analytique. dck<\/p>\n<\/li>\n<li data-start=\"6154\" data-end=\"6208\">\n<p data-start=\"6157\" data-end=\"6208\"><strong data-start=\"6157\" data-end=\"6168\">Stockage :<\/strong> Conserver au frais (2-8\u00b0C), au sec et \u00e0 l'abri de la lumi\u00e8re.<\/p>\n<\/li>\n<li data-start=\"6209\" data-end=\"6283\">\n<p data-start=\"6212\" data-end=\"6283\"><strong data-start=\"6212\" data-end=\"6224\">Analyse :<\/strong> Convient \u00e0 la chromatographie et \u00e0 la recherche neurochimique.<\/p>\n<\/li>\n<li data-start=\"6284\" data-end=\"6345\">\n<p data-start=\"6287\" data-end=\"6345\"><strong data-start=\"6287\" data-end=\"6304\">Documentation :<\/strong> Noter le nombre de lots et les m\u00e9thodes d'analyse.<\/p>\n<\/li>\n<\/ol>\n<hr data-start=\"6347\" data-end=\"6350\" \/>\n<h3 data-start=\"6352\" data-end=\"6387\"><strong data-start=\"6356\" data-end=\"6385\">Foire aux questions (FAQ)<\/strong><\/h3>\n<p data-start=\"6389\" data-end=\"6562\"><strong data-start=\"6389\" data-end=\"6427\">1. Qu'est-ce que la DCK (Deschloroc\u00e9tamine) ?<\/strong><br data-start=\"6427\" data-end=\"6430\" \/><strong data-start=\"6430\" data-end=\"6437\">DCK<\/strong> est un <strong data-start=\"6445\" data-end=\"6469\">substance de recherche<\/strong> apparent\u00e9 \u00e0 la k\u00e9tamine, utilis\u00e9 en laboratoire pour \u00e9tudier l'activit\u00e9 des r\u00e9cepteurs NMDA.<\/p>\n<p data-start=\"6564\" data-end=\"6664\"><strong data-start=\"6564\" data-end=\"6589\">2. Quelle est la puret\u00e9 du DCK ?<\/strong><br data-start=\"6589\" data-end=\"6592\" \/>Chaque lot a un <strong data-start=\"6613\" data-end=\"6637\">puret\u00e9 de \u2265 98%<\/strong>, test\u00e9 par HPLC et NMR.<\/p>\n<p data-start=\"6666\" data-end=\"6816\"><strong data-start=\"6666\" data-end=\"6703\">3. L'achat de DCK est-il l\u00e9gal ?<\/strong><br data-start=\"6703\" data-end=\"6706\" \/>Le <strong data-start=\"6709\" data-end=\"6731\">l\u00e9galit\u00e9 de la DCK<\/strong> varie d'un pays \u00e0 l'autre. V\u00e9rifiez toujours la l\u00e9gislation locale avant de <strong data-start=\"6800\" data-end=\"6813\">DCK ach\u00e8te<\/strong>.<\/p>\n<ul>\n<li><\/li>\n<\/ul>","protected":false},"excerpt":{"rendered":"<h3>DCK eigenschappen<\/h3>\n<p><strong>Synoniem:<\/strong> 2\u2032-oxo-PCM, deschloroketamine<br \/>\n<strong>CAS Nummer:<\/strong> 4631-27-0<br \/>\n<strong>Formule:<\/strong> 2-(methylamino)-2-phenyl-cyclohexanone<br \/>\n<strong>Molmassa:<\/strong> 239,7 g\/mol<br \/>\n<strong>Zuiverheid:<\/strong> &gt;97%<\/p>","protected":false},"featured_media":20306,"comment_status":"closed","ping_status":"closed","template":"","meta":[],"product_brand":[],"product_cat":[154,615],"product_tag":[568,616,617,78],"class_list":{"0":"post-19222","1":"product","2":"type-product","3":"status-publish","4":"has-post-thumbnail","6":"product_cat-arylcyclohexylamines","7":"product_cat-dcks","8":"product_tag-2f-dck-kopen","9":"product_tag-dck","10":"product_tag-dcks","11":"product_tag-nl","13":"first","14":"instock","15":"shipping-taxable","16":"purchasable","17":"product-type-variable"},"_links":{"self":[{"href":"https:\/\/researchchemicalsweb.com\/fr\/wp-json\/wp\/v2\/product\/19222","targetHints":{"allow":["GET"]}}],"collection":[{"href":"https:\/\/researchchemicalsweb.com\/fr\/wp-json\/wp\/v2\/product"}],"about":[{"href":"https:\/\/researchchemicalsweb.com\/fr\/wp-json\/wp\/v2\/types\/product"}],"replies":[{"embeddable":true,"href":"https:\/\/researchchemicalsweb.com\/fr\/wp-json\/wp\/v2\/comments?post=19222"}],"version-history":[{"count":1,"href":"https:\/\/researchchemicalsweb.com\/fr\/wp-json\/wp\/v2\/product\/19222\/revisions"}],"predecessor-version":[{"id":19257,"href":"https:\/\/researchchemicalsweb.com\/fr\/wp-json\/wp\/v2\/product\/19222\/revisions\/19257"}],"wp:featuredmedia":[{"embeddable":true,"href":"https:\/\/researchchemicalsweb.com\/fr\/wp-json\/wp\/v2\/media\/20306"}],"wp:attachment":[{"href":"https:\/\/researchchemicalsweb.com\/fr\/wp-json\/wp\/v2\/media?parent=19222"}],"wp:term":[{"taxonomy":"product_brand","embeddable":true,"href":"https:\/\/researchchemicalsweb.com\/fr\/wp-json\/wp\/v2\/product_brand?post=19222"},{"taxonomy":"product_cat","embeddable":true,"href":"https:\/\/researchchemicalsweb.com\/fr\/wp-json\/wp\/v2\/product_cat?post=19222"},{"taxonomy":"product_tag","embeddable":true,"href":"https:\/\/researchchemicalsweb.com\/fr\/wp-json\/wp\/v2\/product_tag?post=19222"}],"curies":[{"name":"wp","href":"https:\/\/api.w.org\/{rel}","templated":true}]}}