{"id":18347,"date":"2025-12-16T20:36:21","date_gmt":"2025-12-16T20:36:21","guid":{"rendered":"https:\/\/researchchemicalsweb.com\/?post_type=product&#038;p=18347"},"modified":"2026-02-17T14:26:29","modified_gmt":"2026-02-17T14:26:29","slug":"mpt-fumarate-n-methyl-n-propyltryptamine","status":"publish","type":"product","link":"https:\/\/researchchemicalsweb.com\/fr\/produit\/mpt-fumarate-n-methyl-n-propyltryptamine\/","title":{"rendered":"MPT fumarate (N-m\u00e9thyl-N-propyltryptamine)"},"content":{"rendered":"<h3><strong><span dir=\"auto\" style=\"vertical-align: inherit;\"><span dir=\"auto\" style=\"vertical-align: inherit;\">MPT Fumarate (N-m\u00e9thyl-N-propyltryptamine) - Description du produit, utilisation et informations de s\u00e9curit\u00e9<\/span><\/span><\/strong><\/h3>\n<p data-start=\"3731\" data-end=\"3913\"><strong data-start=\"3731\" data-end=\"3777\">MPT Fumarate (N-M\u00e9thyl-N-Propyltryptamine)<\/strong> est un <strong data-start=\"3785\" data-end=\"3827\">compos\u00e9 de recherche de haute puret\u00e9<\/strong>, d\u00e9velopp\u00e9 pour <strong data-start=\"3845\" data-end=\"3910\">les neurosciences, la pharmacologie et la recherche analytique<\/strong>. mpt fumarate<\/p>\n<p data-start=\"3915\" data-end=\"4145\">La MPT figure parmi les <strong data-start=\"3934\" data-end=\"3955\">famille des tryptamines<\/strong>, \u00e9troitement li\u00e9 \u00e0 des compos\u00e9s tels que <strong data-start=\"3993\" data-end=\"4000\">DMT<\/strong> et <strong data-start=\"4004\" data-end=\"4012\">MiPT<\/strong>, et est utilis\u00e9 pour <strong data-start=\"4037\" data-end=\"4096\">recherche sur les r\u00e9cepteurs de la s\u00e9rotonine (5-HT2A et 5-HT1A)<\/strong> et <strong data-start=\"4100\" data-end=\"4142\">les relations structure-activit\u00e9 (SAR)<\/strong>.<\/p>\n<p data-start=\"4147\" data-end=\"4326\">Le <strong data-start=\"4150\" data-end=\"4170\">forme de sel de fumarate<\/strong> fournit <strong data-start=\"4182\" data-end=\"4245\">am\u00e9lioration de la stabilit\u00e9 chimique, de la solubilit\u00e9 et de la dur\u00e9e de conservation<\/strong>, qui est essentiel pour le stockage \u00e0 long terme et la pr\u00e9cision des tests de laboratoire.<\/p>\n<blockquote data-start=\"4328\" data-end=\"4479\">\n<p data-start=\"4330\" data-end=\"4479\">\u26a0\ufe0f <strong data-start=\"4333\" data-end=\"4344\">Remarque :<\/strong> Ce produit est <strong data-start=\"4360\" data-end=\"4415\">destin\u00e9s exclusivement \u00e0 la recherche scientifique<\/strong> et <strong data-start=\"4419\" data-end=\"4476\">impropres \u00e0 la consommation humaine ou animale<\/strong>.<\/p>\n<\/blockquote>\n<hr data-start=\"4481\" data-end=\"4484\" \/>\n<h3 data-start=\"4486\" data-end=\"4517\"><strong data-start=\"4490\" data-end=\"4517\">Caract\u00e9ristiques principales<\/strong><\/h3>\n<ul data-start=\"4518\" data-end=\"4933\">\n<li data-start=\"4518\" data-end=\"4613\">\n<p data-start=\"4520\" data-end=\"4613\"><strong data-start=\"4520\" data-end=\"4546\">Haute puret\u00e9 (\u226599%)<\/strong> - L'identit\u00e9 et la composition chimique ont \u00e9t\u00e9 test\u00e9es en laboratoire.<\/p>\n<\/li>\n<li data-start=\"4614\" data-end=\"4693\">\n<p data-start=\"4616\" data-end=\"4693\"><strong data-start=\"4616\" data-end=\"4645\">Forme stable du sel de fumarate<\/strong> - Augmente la dur\u00e9e de conservation et la stabilit\u00e9 du stockage.<\/p>\n<\/li>\n<li data-start=\"4694\" data-end=\"4781\">\n<p data-start=\"4696\" data-end=\"4781\"><strong data-start=\"4696\" data-end=\"4735\">Norme de recherche pharmacologique<\/strong> - Convient pour les \u00e9tudes sur les r\u00e9cepteurs et les SAR. fumarate de mpt<\/p>\n<\/li>\n<li data-start=\"4782\" data-end=\"4852\">\n<p data-start=\"4784\" data-end=\"4852\"><strong data-start=\"4784\" data-end=\"4809\">Une qualit\u00e9 constante<\/strong> - Produit selon des normes de type GMP.<\/p>\n<\/li>\n<li data-start=\"4853\" data-end=\"4933\">\n<p data-start=\"4855\" data-end=\"4933\"><strong data-start=\"4855\" data-end=\"4877\">Emballage s\u00fbr<\/strong> - Etanche \u00e0 l'air et \u00e0 la lumi\u00e8re pour une protection maximale.<\/p>\n<\/li>\n<\/ul>\n<hr data-start=\"4935\" data-end=\"4938\" \/>\n<h3 data-start=\"4940\" data-end=\"4957\"><strong data-start=\"4944\" data-end=\"4957\">Avantages<\/strong><\/h3>\n<ul data-start=\"4958\" data-end=\"5228\">\n<li data-start=\"4958\" data-end=\"5038\">\n<p data-start=\"4960\" data-end=\"5038\">Soutien <strong data-start=\"4972\" data-end=\"5035\">la recherche sur les r\u00e9cepteurs de la s\u00e9rotonine et les analogues de la tryptamine<\/strong>.<\/p>\n<\/li>\n<li data-start=\"5039\" data-end=\"5099\">\n<p data-start=\"5041\" data-end=\"5099\"><strong data-start=\"5041\" data-end=\"5096\">Des r\u00e9sultats de recherche fiables et reproductibles<\/strong>.<\/p>\n<\/li>\n<li data-start=\"5100\" data-end=\"5154\">\n<p data-start=\"5102\" data-end=\"5154\"><strong data-start=\"5102\" data-end=\"5128\">Am\u00e9lioration de la stabilit\u00e9<\/strong> pour un stockage \u00e0 long terme.<\/p>\n<\/li>\n<li data-start=\"5155\" data-end=\"5228\">\n<p data-start=\"5157\" data-end=\"5228\">Convient pour <strong data-start=\"5171\" data-end=\"5225\">la recherche acad\u00e9mique, pharmacologique et analytique<\/strong>.<\/p>\n<\/li>\n<\/ul>\n<hr data-start=\"5230\" data-end=\"5233\" \/>\n<h3 data-start=\"5235\" data-end=\"5250\"><strong data-start=\"5239\" data-end=\"5250\">Utilisation<\/strong><\/h3>\n<ul data-start=\"5251\" data-end=\"5522\">\n<li data-start=\"5251\" data-end=\"5321\">\n<p data-start=\"5253\" data-end=\"5321\">A utiliser uniquement par <strong data-start=\"5278\" data-end=\"5318\">personnel de laboratoire qualifi\u00e9<\/strong>.<\/p>\n<\/li>\n<li data-start=\"5322\" data-end=\"5398\">\n<p data-start=\"5324\" data-end=\"5398\">Utiliser des <strong data-start=\"5342\" data-end=\"5366\">\u00e9quipement de protection<\/strong> (gants, lunettes, blouse).<\/p>\n<\/li>\n<li data-start=\"5399\" data-end=\"5463\">\n<p data-start=\"5401\" data-end=\"5463\">Stocker sur un <strong data-start=\"5416\" data-end=\"5450\">endroit frais, sec et sombre<\/strong> (15-25\u00b0C).<\/p>\n<\/li>\n<li data-start=\"5464\" data-end=\"5522\">\n<p data-start=\"5466\" data-end=\"5522\">Ne convient pas \u00e0 la consommation humaine ou animale.<\/p>\n<\/li>\n<\/ul>\n<hr data-start=\"5524\" data-end=\"5527\" \/>\n<h3 data-start=\"5529\" data-end=\"5564\"><strong data-start=\"5533\" data-end=\"5564\">Foire aux questions (FAQ)<\/strong><\/h3>\n<p data-start=\"5566\" data-end=\"5742\"><strong data-start=\"5566\" data-end=\"5610\">1. A quoi sert le fumarate de MPT ?<\/strong><br data-start=\"5610\" data-end=\"5613\" \/>Le fumarate de MPT est utilis\u00e9 dans <strong data-start=\"5644\" data-end=\"5689\">la recherche pharmacologique et neurochimique<\/strong> aux analogues de la tryptamine et aux r\u00e9cepteurs de la s\u00e9rotonine.<\/p>\n<p data-start=\"5744\" data-end=\"5919\"><strong data-start=\"5744\" data-end=\"5797\">2. Le fumarate de MPT est-il sans danger pour l'homme ?<\/strong><br data-start=\"5797\" data-end=\"5800\" \/>Non. Ce produit est <strong data-start=\"5820\" data-end=\"5869\">\u00e0 des fins de recherche uniquement<\/strong> et non approuv\u00e9s pour la consommation humaine.<\/p>\n<p data-start=\"5921\" data-end=\"6079\"><strong data-start=\"5921\" data-end=\"5965\">3. Comment le fumarate de MPT doit-il \u00eatre conserv\u00e9 ?<\/strong><br data-start=\"5965\" data-end=\"5968\" \/>Conserver dans un <strong data-start=\"5983\" data-end=\"6013\">emballage herm\u00e9tiquement ferm\u00e9<\/strong> \u00e0 temp\u00e9rature ambiante (15-25\u00b0C), \u00e0 l'abri de la lumi\u00e8re et de l'humidit\u00e9.<\/p>","protected":false},"excerpt":{"rendered":"<h3><span style=\"vertical-align: inherit;\"><span style=\"vertical-align: inherit;\"><span dir=\"auto\" style=\"vertical-align: inherit;\"><span dir=\"auto\" style=\"vertical-align: inherit;\">MPT fumarate properties<\/span><\/span><\/span><\/span><\/h3>\n<p><strong><span style=\"vertical-align: inherit;\"><span style=\"vertical-align: inherit;\"><span dir=\"auto\" style=\"vertical-align: inherit;\"><span dir=\"auto\" style=\"vertical-align: inherit;\">Synonym:<\/span><\/span><\/span><\/span><\/strong><span style=\"vertical-align: inherit;\"><span style=\"vertical-align: inherit;\"><span dir=\"auto\" style=\"vertical-align: inherit;\"><span dir=\"auto\" style=\"vertical-align: inherit;\"> N-methyl-N-propyltryptamine fumarate <\/span><\/span><\/span><\/span><br \/>\n<strong><span style=\"vertical-align: inherit;\"><span style=\"vertical-align: inherit;\"><span dir=\"auto\" style=\"vertical-align: inherit;\"><span dir=\"auto\" style=\"vertical-align: inherit;\">CAS Number:<\/span><\/span><\/span><\/span><\/strong><span style=\"vertical-align: inherit;\"><span style=\"vertical-align: inherit;\"><span dir=\"auto\" style=\"vertical-align: inherit;\"><span dir=\"auto\" style=\"vertical-align: inherit;\"> n\/a <\/span><\/span><\/span><\/span><br \/>\n<strong><span style=\"vertical-align: inherit;\"><span style=\"vertical-align: inherit;\"><span dir=\"auto\" style=\"vertical-align: inherit;\"><span dir=\"auto\" style=\"vertical-align: inherit;\">Formula:<\/span><\/span><\/span><\/span><\/strong><span style=\"vertical-align: inherit;\"><span style=\"vertical-align: inherit;\"><span dir=\"auto\" style=\"vertical-align: inherit;\"><span dir=\"auto\" style=\"vertical-align: inherit;\"> 3-[2-(propyl(methyl)amino)ethyl]-1H-indole fumarate <\/span><\/span><\/span><\/span><br \/>\n<strong><span style=\"vertical-align: inherit;\"><span style=\"vertical-align: inherit;\"><span dir=\"auto\" style=\"vertical-align: inherit;\"><span dir=\"auto\" style=\"vertical-align: inherit;\">Molar Mass:<\/span><\/span><\/span><\/span><\/strong><span style=\"vertical-align: inherit;\"><span style=\"vertical-align: inherit;\"><span dir=\"auto\" style=\"vertical-align: inherit;\"><span dir=\"auto\" style=\"vertical-align: inherit;\"> 332.4 g\/mol <\/span><\/span><\/span><\/span><br \/>\n<strong><span style=\"vertical-align: inherit;\"><span style=\"vertical-align: inherit;\"><span dir=\"auto\" style=\"vertical-align: inherit;\"><span dir=\"auto\" style=\"vertical-align: inherit;\">Purity:<\/span><\/span><\/span><\/span><\/strong><span style=\"vertical-align: inherit;\"><span style=\"vertical-align: inherit;\"><span dir=\"auto\" style=\"vertical-align: inherit;\"><span dir=\"auto\" style=\"vertical-align: inherit;\"> &gt;97%<\/span><\/span><\/span><\/span><\/p>\n","protected":false},"featured_media":20367,"comment_status":"closed","ping_status":"closed","template":"","meta":[],"product_brand":[],"product_cat":[300,82,97],"product_tag":[301,302,78],"class_list":{"0":"post-18347","1":"product","2":"type-product","3":"status-publish","4":"has-post-thumbnail","6":"product_cat-mpt","7":"product_cat-sale","8":"product_cat-tryptamines","9":"product_tag-mpt-fumarate","10":"product_tag-mpt-fumarate-kopen","11":"product_tag-nl","13":"first","14":"instock","15":"sale","16":"shipping-taxable","17":"purchasable","18":"product-type-variable"},"_links":{"self":[{"href":"https:\/\/researchchemicalsweb.com\/fr\/wp-json\/wp\/v2\/product\/18347","targetHints":{"allow":["GET"]}}],"collection":[{"href":"https:\/\/researchchemicalsweb.com\/fr\/wp-json\/wp\/v2\/product"}],"about":[{"href":"https:\/\/researchchemicalsweb.com\/fr\/wp-json\/wp\/v2\/types\/product"}],"replies":[{"embeddable":true,"href":"https:\/\/researchchemicalsweb.com\/fr\/wp-json\/wp\/v2\/comments?post=18347"}],"version-history":[{"count":1,"href":"https:\/\/researchchemicalsweb.com\/fr\/wp-json\/wp\/v2\/product\/18347\/revisions"}],"predecessor-version":[{"id":18405,"href":"https:\/\/researchchemicalsweb.com\/fr\/wp-json\/wp\/v2\/product\/18347\/revisions\/18405"}],"wp:featuredmedia":[{"embeddable":true,"href":"https:\/\/researchchemicalsweb.com\/fr\/wp-json\/wp\/v2\/media\/20367"}],"wp:attachment":[{"href":"https:\/\/researchchemicalsweb.com\/fr\/wp-json\/wp\/v2\/media?parent=18347"}],"wp:term":[{"taxonomy":"product_brand","embeddable":true,"href":"https:\/\/researchchemicalsweb.com\/fr\/wp-json\/wp\/v2\/product_brand?post=18347"},{"taxonomy":"product_cat","embeddable":true,"href":"https:\/\/researchchemicalsweb.com\/fr\/wp-json\/wp\/v2\/product_cat?post=18347"},{"taxonomy":"product_tag","embeddable":true,"href":"https:\/\/researchchemicalsweb.com\/fr\/wp-json\/wp\/v2\/product_tag?post=18347"}],"curies":[{"name":"wp","href":"https:\/\/api.w.org\/{rel}","templated":true}]}}