{"id":18345,"date":"2025-12-16T20:36:21","date_gmt":"2025-12-16T20:36:21","guid":{"rendered":"https:\/\/researchchemicalsweb.com\/?post_type=product&#038;p=18345"},"modified":"2026-02-17T14:26:33","modified_gmt":"2026-02-17T14:26:33","slug":"met-fumarate-n-methyl-n-ethyltryptamine","status":"publish","type":"product","link":"https:\/\/researchchemicalsweb.com\/fr\/produit\/met-fumarate-n-methyl-n-ethyltryptamine\/","title":{"rendered":"MET fumarate (N-m\u00e9thyl-N-\u00e9thyltryptamine)"},"content":{"rendered":"<h1><strong>MET Fumaraat \u2013 N-methyl-N-ethyltryptamine Onderzoeksstof van Farmaceutische Zuiverheid<\/strong><\/h1>\n<p data-start=\"3893\" data-end=\"4074\"><strong data-start=\"3893\" data-end=\"3938\">MET Fumaraat (N-Methyl-N-Ethyltryptamine)<\/strong> est un <strong data-start=\"3946\" data-end=\"3988\">compos\u00e9 de recherche de haute puret\u00e9<\/strong>, d\u00e9velopp\u00e9 pour <strong data-start=\"4006\" data-end=\"4071\">les neurosciences, la pharmacologie et la recherche analytique<\/strong>. met fumarate<\/p>\n<p data-start=\"4076\" data-end=\"4318\">Als <strong data-start=\"4080\" data-end=\"4112\">structurele analogon van DMT<\/strong> et <strong data-start=\"4116\" data-end=\"4124\">MiPT<\/strong>, is MET bijzonder waardevol voor onderzoek naar <strong data-start=\"4173\" data-end=\"4217\">serotonine-receptoren (5-HT2A en 5-HT1A)<\/strong>, <strong data-start=\"4219\" data-end=\"4241\">bindingsaffiniteit<\/strong>, en <strong data-start=\"4246\" data-end=\"4288\">les relations structure-activit\u00e9 (SAR)<\/strong> binnen de tryptamineklasse.<\/p>\n<p data-start=\"4320\" data-end=\"4516\">Le <strong data-start=\"4323\" data-end=\"4343\">forme de sel de fumarate<\/strong> fournit <strong data-start=\"4355\" data-end=\"4418\">am\u00e9lioration de la stabilit\u00e9 chimique, de la solubilit\u00e9 et de la dur\u00e9e de conservation<\/strong>, waardoor dit product ideaal is voor langdurige opslag en nauwkeurige laboratoriumtoepassingen.<\/p>\n<blockquote data-start=\"4518\" data-end=\"4669\">\n<p data-start=\"4520\" data-end=\"4669\">\u26a0\ufe0f <strong data-start=\"4523\" data-end=\"4534\">Remarque :<\/strong> Ce produit est <strong data-start=\"4550\" data-end=\"4605\">destin\u00e9s exclusivement \u00e0 la recherche scientifique<\/strong> et <strong data-start=\"4609\" data-end=\"4666\">impropres \u00e0 la consommation humaine ou animale<\/strong>.<\/p>\n<\/blockquote>\n<hr data-start=\"4671\" data-end=\"4674\" \/>\n<h3 data-start=\"4676\" data-end=\"4707\"><strong data-start=\"4680\" data-end=\"4707\">Caract\u00e9ristiques principales<\/strong><\/h3>\n<ul data-start=\"4708\" data-end=\"5128\">\n<li data-start=\"4708\" data-end=\"4806\">\n<p data-start=\"4710\" data-end=\"4806\"><strong data-start=\"4710\" data-end=\"4736\">Haute puret\u00e9 (\u226599%)<\/strong> \u2013 Laboratoriumgetest voor identiteit, samenstelling en stabiliteit.<\/p>\n<\/li>\n<li data-start=\"4807\" data-end=\"4880\">\n<p data-start=\"4809\" data-end=\"4880\"><strong data-start=\"4809\" data-end=\"4838\">Forme stable du sel de fumarate<\/strong> \u2013 Verhoogt houdbaarheid en opslaggemak.<\/p>\n<\/li>\n<li data-start=\"4881\" data-end=\"4968\">\n<p data-start=\"4883\" data-end=\"4968\"><strong data-start=\"4883\" data-end=\"4922\">Norme de recherche pharmacologique<\/strong> \u2013 Geschikt voor receptor- en SAR-onderzoek.<\/p>\n<\/li>\n<li data-start=\"4969\" data-end=\"5039\">\n<p data-start=\"4971\" data-end=\"5039\"><strong data-start=\"4971\" data-end=\"4996\">Une qualit\u00e9 constante<\/strong> \u2013 Geproduceerd onder GMP-achtige normen. met fumarate<\/p>\n<\/li>\n<li data-start=\"5040\" data-end=\"5128\">\n<p data-start=\"5042\" data-end=\"5128\"><strong data-start=\"5042\" data-end=\"5064\">Emballage s\u00fbr<\/strong> \u2013 Luchtdicht en lichtdicht verpakt voor maximale bescherming.<\/p>\n<\/li>\n<\/ul>\n<hr data-start=\"5130\" data-end=\"5133\" \/>\n<h3 data-start=\"5135\" data-end=\"5152\"><strong data-start=\"5139\" data-end=\"5152\">Avantages<\/strong><\/h3>\n<ul data-start=\"5153\" data-end=\"5458\">\n<li data-start=\"5153\" data-end=\"5233\">\n<p data-start=\"5155\" data-end=\"5233\">Soutien <strong data-start=\"5167\" data-end=\"5230\">la recherche sur les r\u00e9cepteurs de la s\u00e9rotonine et les analogues de la tryptamine<\/strong>.<\/p>\n<\/li>\n<li data-start=\"5234\" data-end=\"5325\">\n<p data-start=\"5236\" data-end=\"5325\"><strong data-start=\"5236\" data-end=\"5281\">Nauwkeurige en reproduceerbare resultaten<\/strong> in gecontroleerde laboratoriumomgevingen.<\/p>\n<\/li>\n<li data-start=\"5326\" data-end=\"5384\">\n<p data-start=\"5328\" data-end=\"5384\"><strong data-start=\"5328\" data-end=\"5354\">Am\u00e9lioration de la stabilit\u00e9<\/strong> en langdurige houdbaarheid.<\/p>\n<\/li>\n<li data-start=\"5385\" data-end=\"5458\">\n<p data-start=\"5387\" data-end=\"5458\">Convient pour <strong data-start=\"5401\" data-end=\"5455\">la recherche acad\u00e9mique, pharmacologique et analytique<\/strong>.<\/p>\n<\/li>\n<\/ul>\n<hr data-start=\"5460\" data-end=\"5463\" \/>\n<h3 data-start=\"5465\" data-end=\"5480\"><strong data-start=\"5469\" data-end=\"5480\">Utilisation<\/strong><\/h3>\n<ul data-start=\"5481\" data-end=\"5752\">\n<li data-start=\"5481\" data-end=\"5551\">\n<p data-start=\"5483\" data-end=\"5551\">A utiliser uniquement par <strong data-start=\"5508\" data-end=\"5548\">personnel de laboratoire qualifi\u00e9<\/strong>.<\/p>\n<\/li>\n<li data-start=\"5552\" data-end=\"5628\">\n<p data-start=\"5554\" data-end=\"5628\">Utiliser des <strong data-start=\"5572\" data-end=\"5596\">\u00e9quipement de protection<\/strong> (gants, lunettes, blouse).<\/p>\n<\/li>\n<li data-start=\"5629\" data-end=\"5693\">\n<p data-start=\"5631\" data-end=\"5693\">Stocker sur un <strong data-start=\"5646\" data-end=\"5680\">endroit frais, sec et sombre<\/strong> (15-25\u00b0C).<\/p>\n<\/li>\n<li data-start=\"5694\" data-end=\"5752\">\n<p data-start=\"5696\" data-end=\"5752\">Ne convient pas \u00e0 la consommation humaine ou animale.<\/p>\n<\/li>\n<\/ul>\n<hr data-start=\"5754\" data-end=\"5757\" \/>\n<h3 data-start=\"5759\" data-end=\"5794\"><strong data-start=\"5763\" data-end=\"5794\">Foire aux questions (FAQ)<\/strong><\/h3>\n<p data-start=\"5796\" data-end=\"5974\"><strong data-start=\"5796\" data-end=\"5840\">1. Waarvoor wordt MET Fumaraat gebruikt?<\/strong><br data-start=\"5840\" data-end=\"5843\" \/>MET Fumaraat wordt gebruikt voor <strong data-start=\"5876\" data-end=\"5921\">la recherche pharmacologique et neurochimique<\/strong> naar serotonine-receptoren en tryptamine-analogen.<\/p>\n<p data-start=\"5976\" data-end=\"6151\"><strong data-start=\"5976\" data-end=\"6029\">2. Is MET Fumaraat veilig voor menselijk gebruik?<\/strong><br data-start=\"6029\" data-end=\"6032\" \/>Non. Ce produit est <strong data-start=\"6052\" data-end=\"6101\">\u00e0 des fins de recherche uniquement<\/strong> et non approuv\u00e9s pour la consommation humaine.<\/p>\n<p data-start=\"6153\" data-end=\"6319\"><strong data-start=\"6153\" data-end=\"6197\">3. Hoe moet MET Fumaraat worden bewaard?<\/strong><br data-start=\"6197\" data-end=\"6200\" \/>Conserver dans un <strong data-start=\"6215\" data-end=\"6245\">emballage herm\u00e9tiquement ferm\u00e9<\/strong> bij kamertemperatuur (15\u201325\u00b0C), beschermd tegen vocht, warmte en licht.<\/p>","protected":false},"excerpt":{"rendered":"<h3><span data-sheets-value=\"{\" data-sheets-userformat=\"{\"><span style=\"vertical-align: inherit;\"><span style=\"vertical-align: inherit;\">WITH fumarate properties<\/span><\/span><\/span><\/h3>\n<p><strong><span style=\"vertical-align: inherit;\"><span style=\"vertical-align: inherit;\">Synonym:<\/span><\/span><\/strong><span style=\"vertical-align: inherit;\"><span style=\"vertical-align: inherit;\"> N-methyl-N-ethyltryptamine fumarate <\/span><\/span><br \/>\n<strong><span style=\"vertical-align: inherit;\"><span style=\"vertical-align: inherit;\">CAS Number:<\/span><\/span><\/strong><span style=\"vertical-align: inherit;\"><span style=\"vertical-align: inherit;\"> 5599-69-9 <\/span><\/span><br \/>\n<strong><span style=\"vertical-align: inherit;\"><span style=\"vertical-align: inherit;\">Formula:<\/span><\/span><\/strong><span style=\"vertical-align: inherit;\"><span style=\"vertical-align: inherit;\"> 3-[2-(ethyl(methyl)amino)ethyl]-1H-indole fumarate <\/span><\/span><br \/>\n<strong><span style=\"vertical-align: inherit;\"><span style=\"vertical-align: inherit;\">Molar Mass:<\/span><\/span><\/strong><span style=\"vertical-align: inherit;\"><span style=\"vertical-align: inherit;\"> 318.4 g\/mol <\/span><\/span><br \/>\n<strong><span style=\"vertical-align: inherit;\"><span style=\"vertical-align: inherit;\">Purity:<\/span><\/span><\/strong><span style=\"vertical-align: inherit;\"><span style=\"vertical-align: inherit;\"> &gt;97%<\/span><\/span><\/p>\n","protected":false},"featured_media":20360,"comment_status":"closed","ping_status":"closed","template":"","meta":[],"product_brand":[],"product_cat":[296,82,97],"product_tag":[297,298,78],"class_list":{"0":"post-18345","1":"product","2":"type-product","3":"status-publish","4":"has-post-thumbnail","6":"product_cat-met","7":"product_cat-sale","8":"product_cat-tryptamines","9":"product_tag-met-fumarate","10":"product_tag-met-fumarate-kopen","11":"product_tag-nl","13":"first","14":"instock","15":"sale","16":"shipping-taxable","17":"purchasable","18":"product-type-variable"},"_links":{"self":[{"href":"https:\/\/researchchemicalsweb.com\/fr\/wp-json\/wp\/v2\/product\/18345","targetHints":{"allow":["GET"]}}],"collection":[{"href":"https:\/\/researchchemicalsweb.com\/fr\/wp-json\/wp\/v2\/product"}],"about":[{"href":"https:\/\/researchchemicalsweb.com\/fr\/wp-json\/wp\/v2\/types\/product"}],"replies":[{"embeddable":true,"href":"https:\/\/researchchemicalsweb.com\/fr\/wp-json\/wp\/v2\/comments?post=18345"}],"version-history":[{"count":1,"href":"https:\/\/researchchemicalsweb.com\/fr\/wp-json\/wp\/v2\/product\/18345\/revisions"}],"predecessor-version":[{"id":18401,"href":"https:\/\/researchchemicalsweb.com\/fr\/wp-json\/wp\/v2\/product\/18345\/revisions\/18401"}],"wp:featuredmedia":[{"embeddable":true,"href":"https:\/\/researchchemicalsweb.com\/fr\/wp-json\/wp\/v2\/media\/20360"}],"wp:attachment":[{"href":"https:\/\/researchchemicalsweb.com\/fr\/wp-json\/wp\/v2\/media?parent=18345"}],"wp:term":[{"taxonomy":"product_brand","embeddable":true,"href":"https:\/\/researchchemicalsweb.com\/fr\/wp-json\/wp\/v2\/product_brand?post=18345"},{"taxonomy":"product_cat","embeddable":true,"href":"https:\/\/researchchemicalsweb.com\/fr\/wp-json\/wp\/v2\/product_cat?post=18345"},{"taxonomy":"product_tag","embeddable":true,"href":"https:\/\/researchchemicalsweb.com\/fr\/wp-json\/wp\/v2\/product_tag?post=18345"}],"curies":[{"name":"wp","href":"https:\/\/api.w.org\/{rel}","templated":true}]}}