{"id":16023,"date":"2025-12-16T14:37:46","date_gmt":"2025-12-16T14:37:46","guid":{"rendered":"https:\/\/researchchemicalsweb.com\/?page_id=16023"},"modified":"2025-12-17T15:06:48","modified_gmt":"2025-12-17T15:06:48","slug":"declaration-de-confidentialite","status":"publish","type":"page","link":"https:\/\/researchchemicalsweb.com\/fr\/declaration-de-confidentialite\/","title":{"rendered":"D\u00e9claration de confidentialit\u00e9"},"content":{"rendered":"<p>D\u00e9claration de confidentialit\u00e9<br>Ceci est la d\u00e9claration de confidentialit\u00e9 de chemicalshoppers.com Applicabilit\u00e9 : Cette d\u00e9claration de confidentialit\u00e9 s'applique \u00e0 toutes les informations sensibles ou donn\u00e9es personnelles que vous nous fournissez, par exemple par le biais d'un formulaire d'inscription, d'un formulaire de contact ou des commandes que vous passez.<\/p>\n\n\n\n<p>Nous accordons une grande importance \u00e0 la vie priv\u00e9e de nos clients et prenons donc le plus grand soin possible dans le traitement et la protection des donn\u00e9es personnelles. Nous traitons les donn\u00e9es conform\u00e9ment aux conditions impos\u00e9es par le r\u00e8glement g\u00e9n\u00e9ral sur la protection des donn\u00e9es (RGPD).<\/p>\n\n\n\n<p>Chemicalshoppers est un responsable du traitement de vos donn\u00e9es \u00e0 caract\u00e8re personnel au sens de la loi sur la protection des donn\u00e9es. Cela signifie que nous sommes les seuls \u00e0 d\u00e9terminer quelles donn\u00e9es personnelles sont trait\u00e9es, dans quel but et de quelle mani\u00e8re. Nous sommes responsables de veiller \u00e0 ce que vos donn\u00e9es \u00e0 caract\u00e8re personnel soient trait\u00e9es correctement et soigneusement, conform\u00e9ment \u00e0 la loi sur la protection des donn\u00e9es. Dans cette d\u00e9claration de confidentialit\u00e9, nous expliquons quelles donn\u00e9es nous traitons et \u00e0 quelles fins elles sont utilis\u00e9es. Aper\u00e7u des donn\u00e9es personnelles Vous trouverez ci-dessous un aper\u00e7u des donn\u00e9es personnelles que nous traitons :<\/p>\n\n\n\n<ul class=\"wp-block-list\">\n<li>Pr\u00e9nom et nom<\/li>\n\n\n\n<li>Adresse<\/li>\n\n\n\n<li>Num\u00e9ro de t\u00e9l\u00e9phone<\/li>\n\n\n\n<li>Adresse \u00e9lectronique<\/li>\n\n\n\n<li>Adresse IP d'un visiteur du site web<br>OBJECTIF ET BASE DU TRAITEMENT DES DONN\u00c9ES PERSONNELLES<br>En acceptant la pr\u00e9sente d\u00e9claration de confidentialit\u00e9, vous consentez express\u00e9ment, au sens de l'article 6, paragraphe 1, point a), de la loi sur la protection des donn\u00e9es, au traitement de vos donn\u00e9es \u00e0 caract\u00e8re personnel aux fins d\u00e9crites ci-dessous. Vous pouvez retirer ce consentement \u00e0 tout moment. Toutefois, si vous ne nous fournissez pas certaines donn\u00e9es ou si vous ne nous autorisez pas \u00e0 les traiter, il se peut que nous ne soyons pas en mesure de vous servir correctement.<\/li>\n<\/ul>\n\n\n\n<p>Si vous ne nous avez pas donn\u00e9 votre consentement explicite au traitement de vos donn\u00e9es \u00e0 caract\u00e8re personnel ou si vous avez retir\u00e9 ce consentement, le traitement de vos donn\u00e9es \u00e0 caract\u00e8re personnel peut \u00eatre fond\u00e9 sur l'article 6, paragraphe 1, points b), c) et\/ou f), de la loi sur la protection des donn\u00e9es. Dans ce cas, le traitement de vos donn\u00e9es personnelles peut avoir lieu sans votre consentement, \u00e0 condition qu'il soit n\u00e9cessaire \u00e0 l'ex\u00e9cution d'un contrat auquel vous \u00eates ou deviendrez partie, ou qu'il soit n\u00e9cessaire \u00e0 la protection des int\u00e9r\u00eats l\u00e9gitimes de Chemicalshoppers. En outre, nous pouvons \u00eatre tenus par la loi de traiter vos donn\u00e9es personnelles.<\/p>\n\n\n\n<p>Nous traitons vos donn\u00e9es personnelles aux fins suivantes :<\/p>\n\n\n\n<p>- Pour fournir nos services (pour vous livrer des marchandises)<\/p>\n\n\n\n<ul class=\"wp-block-list\">\n<li>Pour traiter votre paiement<br>- Pour envoyer notre bulletin d'information<\/li>\n\n\n\n<li>Pour vous informer des changements apport\u00e9s \u00e0 nos services et produits<\/li>\n\n\n\n<li>Pour vous permettre de cr\u00e9er un compte<br>Nous ne conservons pas vos donn\u00e9es personnelles plus longtemps que ce qui est strictement n\u00e9cessaire pour atteindre les objectifs pour lesquels elles ont \u00e9t\u00e9 collect\u00e9es.<\/li>\n\n\n\n<li>DIVULGATION AUX TIERS<\/li>\n\n\n\n<li>Nous pouvons partager vos donn\u00e9es personnelles avec des tiers si cela est compatible avec les objectifs mentionn\u00e9s ci-dessus. La communication \u00e0 des tiers peut \u00eatre n\u00e9cessaire \u00e0 l'ex\u00e9cution du contrat que nous concluons avec vous, \u00e0 la poursuite d'un de nos int\u00e9r\u00eats l\u00e9gitimes ou au respect d'une obligation l\u00e9gale qui nous incombe.<\/li>\n\n\n\n<li>Nous concluons un accord de traitement avec les soci\u00e9t\u00e9s qui traitent vos donn\u00e9es en notre nom afin de garantir le m\u00eame niveau de s\u00e9curit\u00e9 et de confidentialit\u00e9 de vos donn\u00e9es. Nous restons responsables de ces op\u00e9rations de traitement. En dehors des situations mentionn\u00e9es ci-dessus, nous ne fournissons vos donn\u00e9es personnelles \u00e0 d'autres tiers qu'avec votre consentement explicite.<\/li>\n\n\n\n<li>\u00c0 DES FINS COMMERCIALES<\/li>\n\n\n\n<li>Nous pouvons utiliser vos donn\u00e9es personnelles \u00e0 des fins commerciales, par exemple pour vous informer plus en d\u00e9tail sur nos services ou produits pertinents ou sur les changements l\u00e9gislatifs relatifs \u00e0 l'offre. Dans ce cas, vous ne serez inform\u00e9 qu'\u00e0 l'adresse \u00e9lectronique que vous avez enregistr\u00e9e. Si vous ne souhaitez pas recevoir d'informations sur les produits ou services concern\u00e9s, il vous suffit de l'indiquer en cliquant sur \u201cse d\u00e9sinscrire\u201d dans l'e-mail re\u00e7u. Vos donn\u00e9es personnelles sont anonymis\u00e9es dans le cadre d'\u00e9tudes de march\u00e9 avant d'\u00eatre utilis\u00e9es pour optimiser nos services et ne permettent plus de vous identifier.<\/li>\n\n\n\n<li>Vos donn\u00e9es ne seront pas vendues ou partag\u00e9es avec des tiers \u00e0 des fins commerciales, \u00e0 moins que vous n'y consentiez explicitement.<\/li>\n\n\n\n<li>Cookies<\/li>\n\n\n\n<li>Un cookie est un petit fichier texte qui est stock\u00e9 sur votre ordinateur, tablette ou smartphone lors de votre premi\u00e8re visite sur ce site web. Vous pouvez vous opposer \u00e0 l'enregistrement de ces cookies en param\u00e9trant votre navigateur Internet de mani\u00e8re \u00e0 ce qu'il ne stocke plus de cookies. En outre, vous pouvez \u00e9galement supprimer les informations pr\u00e9c\u00e9demment stock\u00e9es via les param\u00e8tres de votre navigateur.<\/li>\n\n\n\n<li>Nous utilisons les cookies suivants :<\/li>\n\n\n\n<li>\u201d Cookies fonctionnels : il s'agit de cookies n\u00e9cessaires au fonctionnement technique du site web et \u00e0 sa facilit\u00e9 d'utilisation. Ils garantissent le bon fonctionnement du site web et, par exemple, m\u00e9morisent vos pr\u00e9f\u00e9rences. Ils nous permettent \u00e9galement d'optimiser notre site web. Il s'agit de cookies analytiques qui ne portent pas atteinte \u00e0 votre vie priv\u00e9e. Nous ne demandons pas votre consentement pr\u00e9alable.<\/li>\n\n\n\n<li>\u201d Google Analytics : ce site Internet place des cookies de la soci\u00e9t\u00e9 am\u00e9ricaine Google, dans le cadre du service \u201cAnalytics\u201d. DrSupply utilise ce service pour recevoir des rapports sur l'utilisation du site et pour en mesurer la qualit\u00e9 et l'efficacit\u00e9. Nous utilisons Google Analytics de la mani\u00e8re prescrite par l'Autorit\u00e9 de protection des donn\u00e9es personnelles afin de b\u00e9n\u00e9ficier de l'exception pr\u00e9vue par la loi sur les cookies. Cela signifie que nous n'avons pas besoin de votre consentement pr\u00e9alable pour utiliser Google Analytics.<\/li>\n\n\n\n<li>CONSULTER, CORRIGER OU SUPPRIMER<\/li>\n\n\n\n<li>Vous avez le droit d'acc\u00e9der \u00e0 vos donn\u00e9es personnelles, de les corriger ou de les supprimer. Vous avez \u00e9galement le droit de retirer votre consentement au traitement des donn\u00e9es ou de vous opposer au traitement de vos donn\u00e9es \u00e0 caract\u00e8re personnel. Vous avez le droit \u00e0 la portabilit\u00e9 des donn\u00e9es (\u2018portabilit\u00e9 des donn\u00e9es\u2019) si nous d\u00e9tenons des donn\u00e9es num\u00e9riques \u00e0 caract\u00e8re personnel que nous traitons avec votre consentement ou que nous traitons pour ex\u00e9cuter un accord que nous avons conclu avec vous.<\/li>\n\n\n\n<li>Cela signifie que vous pouvez nous demander d'envoyer les donn\u00e9es personnelles num\u00e9riques que nous d\u00e9tenons \u00e0 votre sujet dans un fichier informatique lisible, \u00e0 vous-m\u00eame ou \u00e0 une autre organisation que vous aurez d\u00e9sign\u00e9e.<\/li>\n\n\n\n<li>Vous pouvez envoyer une demande d'acc\u00e8s, de correction, de suppression, de transfert de vos donn\u00e9es personnelles ou demander la r\u00e9vocation de votre consentement ou de votre objection au traitement de vos donn\u00e9es personnelles \u00e0 info@researchchemicalsweb.com.<\/li>\n\n\n\n<li>Afin de s'assurer que la demande de contr\u00f4le \u00e9mane bien de vous, nous vous demandons d'accompagner votre demande d'une copie de votre preuve d'identit\u00e9. Sur cette copie, noircissez votre photo de passeport, la MRZ (zone de lecture automatique, la bande de chiffres au bas du passeport), le num\u00e9ro de passeport et le num\u00e9ro de service du citoyen (BSN). Cette mesure vise \u00e0 prot\u00e9ger votre vie priv\u00e9e. Nous r\u00e9pondrons \u00e0 votre demande d\u00e8s que possible, mais dans un d\u00e9lai de quatre semaines.<\/li>\n\n\n\n<li>Nous vous informons \u00e9galement que vous avez la possibilit\u00e9 de d\u00e9poser une plainte aupr\u00e8s du r\u00e9gulateur national, l'Autorit\u00e9 des donn\u00e9es personnelles.<\/li>\n\n\n\n<li>Contact<\/li>\n\n\n\n<li>Nous prenons au s\u00e9rieux la protection de vos donn\u00e9es et prenons des mesures appropri\u00e9es pour lutter contre les abus, les pertes, les acc\u00e8s non autoris\u00e9s, les divulgations non d\u00e9sir\u00e9es et les modifications non autoris\u00e9es. Si vous avez l'impression que vos donn\u00e9es ne sont pas correctement s\u00e9curis\u00e9es ou qu'il y a des indications d'abus, veuillez contacter notre \u00e9quipe du service client\u00e8le ou via info@researchchemicalsweb.com.<\/li>\n<\/ul>","protected":false},"excerpt":{"rendered":"<p>PrivacyverklaringDit is de privacyverklaring van chemicalshoppers.com Toepasselijkheid: Deze privacyverklaring is van toepassing op alle privacygevoelige informatie of persoonsgegevens die u<\/p>","protected":false},"author":1,"featured_media":0,"parent":0,"menu_order":0,"comment_status":"closed","ping_status":"closed","template":"","meta":{"footnotes":""},"class_list":["post-16023","page","type-page","status-publish","hentry"],"_links":{"self":[{"href":"https:\/\/researchchemicalsweb.com\/fr\/wp-json\/wp\/v2\/pages\/16023","targetHints":{"allow":["GET"]}}],"collection":[{"href":"https:\/\/researchchemicalsweb.com\/fr\/wp-json\/wp\/v2\/pages"}],"about":[{"href":"https:\/\/researchchemicalsweb.com\/fr\/wp-json\/wp\/v2\/types\/page"}],"author":[{"embeddable":true,"href":"https:\/\/researchchemicalsweb.com\/fr\/wp-json\/wp\/v2\/users\/1"}],"replies":[{"embeddable":true,"href":"https:\/\/researchchemicalsweb.com\/fr\/wp-json\/wp\/v2\/comments?post=16023"}],"version-history":[{"count":1,"href":"https:\/\/researchchemicalsweb.com\/fr\/wp-json\/wp\/v2\/pages\/16023\/revisions"}],"predecessor-version":[{"id":16024,"href":"https:\/\/researchchemicalsweb.com\/fr\/wp-json\/wp\/v2\/pages\/16023\/revisions\/16024"}],"wp:attachment":[{"href":"https:\/\/researchchemicalsweb.com\/fr\/wp-json\/wp\/v2\/media?parent=16023"}],"curies":[{"name":"wp","href":"https:\/\/api.w.org\/{rel}","templated":true}]}}