{"id":19558,"date":"2025-12-16T21:11:57","date_gmt":"2025-12-16T21:11:57","guid":{"rendered":"https:\/\/researchchemicalsweb.com\/?post_type=product&#038;p=19558"},"modified":"2026-02-17T14:19:44","modified_gmt":"2026-02-17T14:19:44","slug":"2c-ef-2mg-kapselit","status":"publish","type":"product","link":"https:\/\/researchchemicalsweb.com\/fi\/tuote\/2c-ef-2mg-kapselit\/","title":{"rendered":"2C-EF 2mg kapselit"},"content":{"rendered":"<h3 data-start=\"4023\" data-end=\"4042\"><strong data-start=\"4027\" data-end=\"4042\">Johdanto<\/strong><\/h3>\n<p data-start=\"4043\" data-end=\"4373\">Meid\u00e4n <strong data-start=\"4048\" data-end=\"4075\">2 mg tutkimuskapselit<\/strong> on kehitetty \u00e4\u00e4rimm\u00e4isen tarkasti ja puhtaasti k\u00e4ytett\u00e4v\u00e4ksi seuraavissa tuotteissa <strong data-start=\"4144\" data-end=\"4206\">tieteelliset, analyyttiset ja laboratoriosovellukset<\/strong>.<br data-start=\"4207\" data-end=\"4210\" \/>Jokainen kapseli sis\u00e4lt\u00e4\u00e4 <strong data-start=\"4233\" data-end=\"4258\">tarkka 2 mg:n annos<\/strong> valvotun, laadukkaan yhteyden, joka sopii t\u00e4ydellisesti <strong data-start=\"4321\" data-end=\"4370\">rikostekninen, analyyttinen tai koulutuksellinen tutkimus<\/strong>.<\/p>\n<blockquote data-start=\"4374\" data-end=\"4473\">\n<p data-start=\"4376\" data-end=\"4473\">\u26a0\ufe0f <strong data-start=\"4379\" data-end=\"4473\">Tarkoitettu ainoastaan tutkimustarkoituksiin. Ei sovellu ihmisten tai el\u00e4inten ravinnoksi.<\/strong><\/p>\n<\/blockquote>\n<hr data-start=\"4475\" data-end=\"4478\" \/>\n<h3 data-start=\"4480\" data-end=\"4511\"><strong data-start=\"4484\" data-end=\"4511\">T\u00e4rkeimm\u00e4t ominaisuudet<\/strong><\/h3>\n<ul data-start=\"4512\" data-end=\"5049\">\n<li data-start=\"4512\" data-end=\"4594\">\n<p data-start=\"4514\" data-end=\"4594\"><strong data-start=\"4514\" data-end=\"4540\">Eritt\u00e4in puhdas (\u226599%)<\/strong> - Laboratoriotestattu maksimaalisen luotettavuuden varmistamiseksi.<\/p>\n<\/li>\n<li data-start=\"4595\" data-end=\"4680\">\n<p data-start=\"4597\" data-end=\"4680\"><strong data-start=\"4597\" data-end=\"4637\">Tarkka annostus 2 mg per kapseli<\/strong> - Johdonmukaiset tutkimustulokset.<\/p>\n<\/li>\n<li data-start=\"4681\" data-end=\"4766\">\n<p data-start=\"4683\" data-end=\"4766\"><strong data-start=\"4683\" data-end=\"4712\">Farmaseuttiset pakkaukset<\/strong> - Tuotettu valvotuissa olosuhteissa.<\/p>\n<\/li>\n<li data-start=\"4767\" data-end=\"4859\">\n<p data-start=\"4769\" data-end=\"4859\"><strong data-start=\"4769\" data-end=\"4792\">Vakaa ja kest\u00e4v\u00e4<\/strong> - Suunniteltu s\u00e4ilytt\u00e4m\u00e4\u00e4n eheytens\u00e4 oikein s\u00e4ilytettyn\u00e4.<\/p>\n<\/li>\n<li data-start=\"4860\" data-end=\"4947\">\n<p data-start=\"4862\" data-end=\"4947\"><strong data-start=\"4862\" data-end=\"4884\">Turvallinen pakkaus<\/strong> - Kosteudenkest\u00e4v\u00e4 ja ilmatiivis pitk\u00e4n s\u00e4ilyvyysajan ansiosta.<\/p>\n<\/li>\n<li data-start=\"4948\" data-end=\"5049\">\n<p data-start=\"4950\" data-end=\"5049\"><strong data-start=\"4950\" data-end=\"4975\">Vain tutkimusta varten<\/strong> - Tarkoitettu ainoastaan tieteellisiin tai analyyttisiin sovelluksiin.<\/p>\n<\/li>\n<\/ul>\n<hr data-start=\"5051\" data-end=\"5054\" \/>\n<h3 data-start=\"5056\" data-end=\"5073\"><strong data-start=\"5060\" data-end=\"5073\">Edut<\/strong><\/h3>\n<ul data-start=\"5074\" data-end=\"5511\">\n<li data-start=\"5074\" data-end=\"5168\">\n<p data-start=\"5076\" data-end=\"5168\"><strong data-start=\"5076\" data-end=\"5114\">Luotettava analyyttinen suorituskyky<\/strong> - Ihanteellinen tarkkuustesteihin ja kemialliseen tutkimukseen.<\/p>\n<\/li>\n<li data-start=\"5169\" data-end=\"5259\">\n<p data-start=\"5171\" data-end=\"5259\"><strong data-start=\"5171\" data-end=\"5200\">Johdonmukainen koostumus<\/strong> - Takaa toistettavat tulokset kokeissa.<\/p>\n<\/li>\n<li data-start=\"5260\" data-end=\"5353\">\n<p data-start=\"5262\" data-end=\"5353\"><strong data-start=\"5262\" data-end=\"5307\">Tieteellisesti todennettu puhtaus<\/strong> - T\u00e4ytt\u00e4\u00e4 laboratorion laatuvaatimukset.<\/p>\n<\/li>\n<li data-start=\"5354\" data-end=\"5427\">\n<p data-start=\"5356\" data-end=\"5427\"><strong data-start=\"5356\" data-end=\"5382\">Helppo k\u00e4ytt\u00e4\u00e4<\/strong> - K\u00e4tev\u00e4 kapselimuoto est\u00e4\u00e4 kontaminaation.<\/p>\n<\/li>\n<li data-start=\"5428\" data-end=\"5511\">\n<p data-start=\"5430\" data-end=\"5511\"><strong data-start=\"5430\" data-end=\"5465\">Vaatimustenmukainen ja eettisesti tuotettu<\/strong> - Valmistettu lakis\u00e4\u00e4teisten ohjeiden mukaisesti.<\/p>\n<\/li>\n<\/ul>\n<hr data-start=\"5513\" data-end=\"5516\" \/>\n<h3 data-start=\"5518\" data-end=\"5533\"><strong data-start=\"5522\" data-end=\"5533\">K\u00e4yt\u00e4<\/strong><\/h3>\n<ol data-start=\"5534\" data-end=\"5843\">\n<li data-start=\"5534\" data-end=\"5629\">\n<p data-start=\"5537\" data-end=\"5629\"><strong data-start=\"5537\" data-end=\"5562\">Vain tutkimusta varten<\/strong> - K\u00e4yt\u00e4 vain ammattimaisessa laboratorioymp\u00e4rist\u00f6ss\u00e4.<\/p>\n<\/li>\n<li data-start=\"5630\" data-end=\"5688\">\n<p data-start=\"5633\" data-end=\"5688\"><strong data-start=\"5633\" data-end=\"5654\">S\u00e4ilytysohjeet<\/strong> - S\u00e4ilyt\u00e4 viile\u00e4ss\u00e4, kuivassa ja pime\u00e4ss\u00e4.<\/p>\n<\/li>\n<li data-start=\"5689\" data-end=\"5755\">\n<p data-start=\"5692\" data-end=\"5755\"><strong data-start=\"5692\" data-end=\"5704\">Mitat<\/strong> - K\u00e4yt\u00e4 analyyseiss\u00e4 kalibroituja laitteita.<\/p>\n<\/li>\n<li data-start=\"5756\" data-end=\"5843\">\n<p data-start=\"5759\" data-end=\"5843\"><strong data-start=\"5759\" data-end=\"5786\">Turvallisuusvaroitus<\/strong> - Ei sovellu ihmisten tai el\u00e4inten ravinnoksi.<\/p>\n<\/li>\n<\/ol>\n<hr data-start=\"5845\" data-end=\"5848\" \/>\n<h3 data-start=\"5850\" data-end=\"5877\"><strong data-start=\"5854\" data-end=\"5877\">Usein kysytyt kysymykset<\/strong><\/h3>\n<p data-start=\"5879\" data-end=\"6042\"><strong data-start=\"5879\" data-end=\"5925\">1. Mihin n\u00e4it\u00e4 kapseleita k\u00e4ytet\u00e4\u00e4n?<\/strong><br data-start=\"5925\" data-end=\"5928\" \/>Ne on tarkoitettu <strong data-start=\"5949\" data-end=\"5993\">analyyttinen ja tieteellinen tutkimus<\/strong>, kuten kemialliset analyysit tai koulutustutkimukset.<\/p>\n<p data-start=\"6044\" data-end=\"6221\"><strong data-start=\"6044\" data-end=\"6102\">2. Ovatko n\u00e4m\u00e4 kapselit turvallisia henkil\u00f6kohtaiseen k\u00e4ytt\u00f6\u00f6n?<\/strong><br data-start=\"6102\" data-end=\"6105\" \/>Ei. N\u00e4m\u00e4 tuotteet ovat <strong data-start=\"6130\" data-end=\"6187\">tarkoitettu yksinomaan hyv\u00e4ksyttyihin laboratoriotesteihin<\/strong>. Henkil\u00f6kohtainen k\u00e4ytt\u00f6 on kielletty.<\/p>\n<p data-start=\"6223\" data-end=\"6358\"><strong data-start=\"6223\" data-end=\"6262\">3. Miten kapseleita tulisi s\u00e4ilytt\u00e4\u00e4?<\/strong><br data-start=\"6262\" data-end=\"6265\" \/>S\u00e4ilyt\u00e4 niit\u00e4 <strong data-start=\"6282\" data-end=\"6318\">viile\u00e4, kuiva ja pime\u00e4 ymp\u00e4rist\u00f6<\/strong>, ja pid\u00e4 astia tiiviisti suljettuna.<\/p>\n<hr data-start=\"6360\" data-end=\"6363\" \/>\n<h3 data-start=\"6365\" data-end=\"6383\"><strong data-start=\"6369\" data-end=\"6383\">Vastuuvapauslauseke<\/strong><\/h3>\n<p data-start=\"6384\" data-end=\"6628\">T\u00e4m\u00e4 tuote on <strong data-start=\"6399\" data-end=\"6448\">tarkoitettu ainoastaan tutkimustarkoituksiin<\/strong>. <strong data-start=\"6450\" data-end=\"6507\">Ei ole tarkoitettu ihmisten tai el\u00e4inten ravinnoksi.<\/strong><br data-start=\"6507\" data-end=\"6510\" \/>Ostamalla vahvistat, ett\u00e4 olet <strong data-start=\"6545\" data-end=\"6575\">valtuutettu tutkija<\/strong> ovat ja noudattavat sovellettavia lakeja ja asetuksia.<\/p>\n<p><a href=\"https:\/\/researchchemicalsweb.com\/fi\/shop\/iboga-ibogaine\/buy-ibogaine-hcl-online\/\">Osta Ibogaiini HCL<\/a><a href=\"https:\/\/researchchemicalsweb.com\/fi\/shop\/iboga-ibogaine\/iboga-juuren-kuori\/\">Ibogan juuren kuori<\/a><a href=\"https:\/\/researchchemicalsweb.com\/fi\/shop\/lysergamides\/1cp-lsd\/\">1cP-LSD 150 MCG Taideteoslaatikot<\/a><a href=\"https:\/\/researchchemicalsweb.com\/fi\/shop\/pelletit\/o-dsmt-50mg-pellets\/\">O-DSMT 50mg pelletit<\/a><a href=\"https:\/\/researchchemicalsweb.com\/fi\/shop\/lysergamides\/1v-lsd-150-mcg-blotters\/\">1V-LSD 150 MCG Blotters -lappuja<\/a><\/p>","protected":false},"excerpt":{"rendered":"<h2>2C-EF eigenschappen<\/h2>\n<p><strong>Synoniemen<\/strong>: 2-[4-(2-Fluoroethyl)-2,5-dimethoxyphenyl]ethan-1-amine<br \/>\n<strong>CAS Nummer<\/strong>: 1222814-77-8<br \/>\n<strong>Formule<\/strong>: <span title=\"Carbon\">C<\/span><sub>12<\/sub><span title=\"Hydrogen\">H<\/span><sub>18<\/sub><span title=\"Fluorine\">F<\/span><span title=\"Nitrogen\">N<\/span><span title=\"Oxygen\">O<\/span><sub>2<\/sub><br \/>\n<strong>Molmassa<\/strong>: 227.279 g\/mol<br \/>\n<strong>Zuiverheid<\/strong>: \u226599%<\/p>\n","protected":false},"featured_media":20173,"comment_status":"closed","ping_status":"closed","template":"","meta":[],"product_brand":[],"product_cat":[852,73,74,82],"product_tag":[853,78],"class_list":{"0":"post-19558","1":"product","2":"type-product","3":"status-publish","4":"has-post-thumbnail","6":"product_cat-2c-ef","7":"product_cat-bijna-verboden","8":"product_cat-fenethylamine","9":"product_cat-sale","10":"product_tag-2c-ef","11":"product_tag-nl","13":"first","14":"instock","15":"sale","16":"shipping-taxable","17":"purchasable","18":"product-type-variable"},"_links":{"self":[{"href":"https:\/\/researchchemicalsweb.com\/fi\/wp-json\/wp\/v2\/product\/19558","targetHints":{"allow":["GET"]}}],"collection":[{"href":"https:\/\/researchchemicalsweb.com\/fi\/wp-json\/wp\/v2\/product"}],"about":[{"href":"https:\/\/researchchemicalsweb.com\/fi\/wp-json\/wp\/v2\/types\/product"}],"replies":[{"embeddable":true,"href":"https:\/\/researchchemicalsweb.com\/fi\/wp-json\/wp\/v2\/comments?post=19558"}],"version-history":[{"count":1,"href":"https:\/\/researchchemicalsweb.com\/fi\/wp-json\/wp\/v2\/product\/19558\/revisions"}],"predecessor-version":[{"id":19614,"href":"https:\/\/researchchemicalsweb.com\/fi\/wp-json\/wp\/v2\/product\/19558\/revisions\/19614"}],"wp:featuredmedia":[{"embeddable":true,"href":"https:\/\/researchchemicalsweb.com\/fi\/wp-json\/wp\/v2\/media\/20173"}],"wp:attachment":[{"href":"https:\/\/researchchemicalsweb.com\/fi\/wp-json\/wp\/v2\/media?parent=19558"}],"wp:term":[{"taxonomy":"product_brand","embeddable":true,"href":"https:\/\/researchchemicalsweb.com\/fi\/wp-json\/wp\/v2\/product_brand?post=19558"},{"taxonomy":"product_cat","embeddable":true,"href":"https:\/\/researchchemicalsweb.com\/fi\/wp-json\/wp\/v2\/product_cat?post=19558"},{"taxonomy":"product_tag","embeddable":true,"href":"https:\/\/researchchemicalsweb.com\/fi\/wp-json\/wp\/v2\/product_tag?post=19558"}],"curies":[{"name":"wp","href":"https:\/\/api.w.org\/{rel}","templated":true}]}}