{"id":19557,"date":"2025-12-16T21:11:57","date_gmt":"2025-12-16T21:11:57","guid":{"rendered":"https:\/\/researchchemicalsweb.com\/?post_type=product&#038;p=19557"},"modified":"2026-02-17T14:19:42","modified_gmt":"2026-02-17T14:19:42","slug":"25e-nboh-12-mg-blotters","status":"publish","type":"product","link":"https:\/\/researchchemicalsweb.com\/fi\/tuote\/25e-nboh-12-mg-blotters\/","title":{"rendered":"25E-NBOH 1,2 MG Lappuja"},"content":{"rendered":"<h3 data-start=\"4073\" data-end=\"4092\"><strong data-start=\"4077\" data-end=\"4092\">Johdanto<\/strong><\/h3>\n<p data-start=\"4093\" data-end=\"4385\">Meid\u00e4n <strong data-start=\"4098\" data-end=\"4127\">1,2 mg onderzoeksblotters<\/strong> zijn ontworpen voor gebruik in <strong data-start=\"4159\" data-end=\"4212\">laboratorium-, analytisch en forensisch onderzoek<\/strong>.<br data-start=\"4213\" data-end=\"4216\" \/>Elke blotter is zorgvuldig geproduceerd voor <strong data-start=\"4261\" data-end=\"4285\">nauwkeurige dosering<\/strong>, wat consistente en reproduceerbare resultaten mogelijk maakt tijdens wetenschappelijke analyses. 25e-nboh<\/p>\n<p data-start=\"4387\" data-end=\"4572\">Deze blotters worden vervaardigd onder <strong data-start=\"4426\" data-end=\"4454\">strenge kwaliteitsnormen<\/strong> en bieden onderzoekers <strong data-start=\"4478\" data-end=\"4529\">hoogzuivere, stabiele en betrouwbare materialen<\/strong> voor analytisch onderzoek en kalibratie.<\/p>\n<blockquote data-start=\"4573\" data-end=\"4682\">\n<p data-start=\"4575\" data-end=\"4682\">\u26a0\ufe0f <strong data-start=\"4578\" data-end=\"4682\">Tarkoitettu ainoastaan laboratoriok\u00e4ytt\u00f6\u00f6n. Ei sovellu ihmisten tai el\u00e4inten ravinnoksi.<\/strong><\/p>\n<\/blockquote>\n<hr data-start=\"4684\" data-end=\"4687\" \/>\n<h3 data-start=\"4689\" data-end=\"4720\"><strong data-start=\"4693\" data-end=\"4720\">T\u00e4rkeimm\u00e4t ominaisuudet<\/strong><\/h3>\n<ul data-start=\"4721\" data-end=\"5223\">\n<li data-start=\"4721\" data-end=\"4791\">\n<p data-start=\"4723\" data-end=\"4791\"><strong data-start=\"4723\" data-end=\"4749\">Eritt\u00e4in puhdas (\u226599%)<\/strong> - Riippumattomasti testattu ja todennettu.<\/p>\n<\/li>\n<li data-start=\"4792\" data-end=\"4879\">\n<p data-start=\"4794\" data-end=\"4879\"><strong data-start=\"4794\" data-end=\"4839\">Nauwkeurige Dosering (1,2 mg per Blotter)<\/strong> \u2013 Voor precieze onderzoeksresultaten.<\/p>\n<\/li>\n<li data-start=\"4880\" data-end=\"4958\">\n<p data-start=\"4882\" data-end=\"4958\"><strong data-start=\"4882\" data-end=\"4908\">Stabiele Samenstelling<\/strong> \u2013 Behoudt zijn integriteit bij correcte opslag.<\/p>\n<\/li>\n<li data-start=\"4959\" data-end=\"5051\">\n<p data-start=\"4961\" data-end=\"5051\"><strong data-start=\"4961\" data-end=\"4986\">Laboratorion laatu<\/strong> \u2013 Geproduceerd onder professionele laboratoriumomstandigheden.<\/p>\n<\/li>\n<li data-start=\"5052\" data-end=\"5131\">\n<p data-start=\"5054\" data-end=\"5131\"><strong data-start=\"5054\" data-end=\"5080\">Lichtdichte Verpakking<\/strong> \u2013 Beschermt tegen degradatie en verontreiniging.<\/p>\n<\/li>\n<li data-start=\"5132\" data-end=\"5223\">\n<p data-start=\"5134\" data-end=\"5223\"><strong data-start=\"5134\" data-end=\"5159\">Vain tutkimusta varten<\/strong> \u2013 Bedoeld voor analytische en wetenschappelijke toepassingen.<\/p>\n<\/li>\n<\/ul>\n<hr data-start=\"5225\" data-end=\"5228\" \/>\n<h3 data-start=\"5230\" data-end=\"5247\"><strong data-start=\"5234\" data-end=\"5247\">Edut<\/strong><\/h3>\n<ul data-start=\"5248\" data-end=\"5694\">\n<li data-start=\"5248\" data-end=\"5336\">\n<p data-start=\"5250\" data-end=\"5336\"><strong data-start=\"5250\" data-end=\"5285\">Betrouwbare Reproduceerbaarheid<\/strong> \u2013 Consistente resultaten bij herhaald onderzoek.<\/p>\n<\/li>\n<li data-start=\"5337\" data-end=\"5430\">\n<p data-start=\"5339\" data-end=\"5430\"><strong data-start=\"5339\" data-end=\"5365\">Hoogwaardige Kwaliteit<\/strong> \u2013 Geschikt voor geavanceerd analytisch en educatief onderzoek.<\/p>\n<\/li>\n<li data-start=\"5431\" data-end=\"5508\">\n<p data-start=\"5433\" data-end=\"5508\"><strong data-start=\"5433\" data-end=\"5455\">Lange Houdbaarheid<\/strong> \u2013 Behoudt chemische stabiliteit bij juiste opslag.<\/p>\n<\/li>\n<li data-start=\"5509\" data-end=\"5600\">\n<p data-start=\"5511\" data-end=\"5600\"><strong data-start=\"5511\" data-end=\"5535\">Eettisesti tuotettu<\/strong> \u2013 In overeenstemming met internationale onderzoeksrichtlijnen.<\/p>\n<\/li>\n<li data-start=\"5601\" data-end=\"5694\">\n<p data-start=\"5603\" data-end=\"5694\"><strong data-start=\"5603\" data-end=\"5634\">Grondige Kwaliteitscontrole<\/strong> \u2013 Elke batch wordt getest op zuiverheid en samenstelling.<\/p>\n<\/li>\n<\/ul>\n<hr data-start=\"5696\" data-end=\"5699\" \/>\n<h3 data-start=\"5701\" data-end=\"5716\"><strong data-start=\"5705\" data-end=\"5716\">K\u00e4yt\u00e4<\/strong><\/h3>\n<ol data-start=\"5717\" data-end=\"6090\">\n<li data-start=\"5717\" data-end=\"5814\">\n<p data-start=\"5720\" data-end=\"5814\"><strong data-start=\"5720\" data-end=\"5755\">Vain laboratoriok\u00e4ytt\u00f6\u00f6n<\/strong> \u2013 Gebruik uitsluitend in erkende onderzoeksinstellingen.<\/p>\n<\/li>\n<li data-start=\"5815\" data-end=\"5862\">\n<p data-start=\"5818\" data-end=\"5862\"><strong data-start=\"5818\" data-end=\"5828\">Varastointi<\/strong> - S\u00e4ilyt\u00e4 viile\u00e4ss\u00e4, kuivassa ja pime\u00e4ss\u00e4.<\/p>\n<\/li>\n<li data-start=\"5863\" data-end=\"5934\">\n<p data-start=\"5866\" data-end=\"5934\"><strong data-start=\"5866\" data-end=\"5883\">Turvallinen ty\u00f6skentely<\/strong> \u2013 Draag handschoenen en beschermende uitrusting.<\/p>\n<\/li>\n<li data-start=\"5935\" data-end=\"6000\">\n<p data-start=\"5938\" data-end=\"6000\"><strong data-start=\"5938\" data-end=\"5950\">Mitat<\/strong> \u2013 Gebruik gekalibreerde laboratoriumapparatuur.<\/p>\n<\/li>\n<li data-start=\"6001\" data-end=\"6090\">\n<p data-start=\"6004\" data-end=\"6090\"><strong data-start=\"6004\" data-end=\"6031\">Turvallisuusvaroitus<\/strong> - Ei sovellu ihmisten tai el\u00e4inten ravinnoksi.<\/p>\n<\/li>\n<\/ol>\n<hr data-start=\"6092\" data-end=\"6095\" \/>\n<h3 data-start=\"6097\" data-end=\"6124\"><strong data-start=\"6101\" data-end=\"6124\">Usein kysytyt kysymykset<\/strong><\/h3>\n<p data-start=\"6126\" data-end=\"6301\"><strong data-start=\"6126\" data-end=\"6184\">1. Waarvoor worden 1,2 mg onderzoeksblotters gebruikt?<\/strong><br data-start=\"6184\" data-end=\"6187\" \/>Ne on tarkoitettu <strong data-start=\"6208\" data-end=\"6252\">wetenschappelijk en analytisch onderzoek<\/strong>, waaronder kalibratie en gecontroleerde tests.<\/p>\n<p data-start=\"6303\" data-end=\"6468\"><strong data-start=\"6303\" data-end=\"6373\">2. Kunnen deze blotters voor persoonlijk gebruik worden toegepast?<\/strong><br data-start=\"6373\" data-end=\"6376\" \/>Ei. N\u00e4m\u00e4 tuotteet ovat <strong data-start=\"6401\" data-end=\"6465\">tarkoitettu yksinomaan ammattimaiseen laboratoriotutkimukseen<\/strong>.<\/p>\n<p data-start=\"6470\" data-end=\"6608\"><strong data-start=\"6470\" data-end=\"6515\">3. Hoe moeten de blotters worden bewaard?<\/strong><br data-start=\"6515\" data-end=\"6518\" \/>S\u00e4ilyt\u00e4 niit\u00e4 <strong data-start=\"6535\" data-end=\"6571\">viile\u00e4, kuiva ja pime\u00e4 ymp\u00e4rist\u00f6<\/strong> in a <strong data-start=\"6579\" data-end=\"6605\">lichtdichte verpakking<\/strong>. <a href=\"https:\/\/researchchemicalsweb.com\/fi\/shop\/okategoriserad\/osta-4mmc\/\">Osta 4mmc<\/a><a href=\"https:\/\/researchchemicalsweb.com\/fi\/shop\/okategoriserad\/benzocaine-powder\/\">bentsokaiinijauhe<\/a><a href=\"https:\/\/researchchemicalsweb.com\/fi\/shop\/okategoriserad\/fentanyl-kopen\/\">ostaa fentanyyli\u00e4<\/a><\/p>\n<hr data-start=\"6610\" data-end=\"6613\" \/>\n<h3 data-start=\"6615\" data-end=\"6633\"><strong data-start=\"6619\" data-end=\"6633\">Vastuuvapauslauseke<\/strong><\/h3>\n<p data-start=\"6634\" data-end=\"6858\">T\u00e4m\u00e4 tuote on <strong data-start=\"6649\" data-end=\"6698\">tarkoitettu ainoastaan tutkimustarkoituksiin<\/strong>. <strong data-start=\"6700\" data-end=\"6758\">Ei sovellu ihmisten tai el\u00e4inten ravinnoksi.<\/strong><br data-start=\"6758\" data-end=\"6761\" \/>Door aankoop verklaart u dat u voldoet aan alle toepasselijke wet- en veiligheidsvoorschriften. 25e-nboh<\/p>\n<p><a href=\"https:\/\/researchchemicalsweb.com\/fi\/shop\/lysergamides\/1v-lsd-150-mcg-blotters\/\"><span dir=\"auto\" style=\"vertical-align: inherit;\"><span dir=\"auto\" style=\"vertical-align: inherit;\">1V-LSD 150 MCG Blotters -lappuja <\/span><\/span><\/a><a href=\"https:\/\/researchchemicalsweb.com\/fi\/shop\/pelletit\/o-dsmt-50mg-pellets\/\"><span dir=\"auto\" style=\"vertical-align: inherit;\"><span dir=\"auto\" style=\"vertical-align: inherit;\">O-DSMT 50mg pelletit <\/span><\/span><\/a><a href=\"https:\/\/researchchemicalsweb.com\/fi\/shop\/lysergamides\/1cp-lsd\/\"><span dir=\"auto\" style=\"vertical-align: inherit;\"><span dir=\"auto\" style=\"vertical-align: inherit;\">1cP-LSD 150 MCG Taideteoslaatikot <\/span><\/span><\/a><a href=\"https:\/\/researchchemicalsweb.com\/fi\/shop\/iboga-ibogaine\/iboga-juuren-kuori\/\"><span dir=\"auto\" style=\"vertical-align: inherit;\"><span dir=\"auto\" style=\"vertical-align: inherit;\">Ibogan juuren kuori <\/span><\/span><\/a><a href=\"https:\/\/researchchemicalsweb.com\/fi\/shop\/iboga-ibogaine\/buy-ibogaine-hcl-online\/\"><span dir=\"auto\" style=\"vertical-align: inherit;\"><span dir=\"auto\" style=\"vertical-align: inherit;\">Osta Ibogaiini HCL<\/span><\/span><\/a><\/p>","protected":false},"excerpt":{"rendered":"<p>Introductie Onze 1,2 mg onderzoeksblotters zijn ontworpen voor gebruik in laboratorium-, analytisch en forensisch onderzoek.Elke blotter is zorgvuldig geproduceerd voor<\/p>","protected":false},"featured_media":20270,"comment_status":"closed","ping_status":"closed","template":"","meta":[],"product_brand":[79],"product_cat":[848,74],"product_tag":[849,850,851,78],"class_list":{"0":"post-19557","1":"product","2":"type-product","3":"status-publish","4":"has-post-thumbnail","6":"product_brand-research-chemical","7":"product_cat-25e-nboh","8":"product_cat-fenethylamine","9":"product_tag-25e-nboh","10":"product_tag-25e-nboh-kopen","11":"product_tag-25e-nboh-reddit","12":"product_tag-nl","14":"first","15":"instock","16":"shipping-taxable","17":"purchasable","18":"product-type-variable"},"_links":{"self":[{"href":"https:\/\/researchchemicalsweb.com\/fi\/wp-json\/wp\/v2\/product\/19557","targetHints":{"allow":["GET"]}}],"collection":[{"href":"https:\/\/researchchemicalsweb.com\/fi\/wp-json\/wp\/v2\/product"}],"about":[{"href":"https:\/\/researchchemicalsweb.com\/fi\/wp-json\/wp\/v2\/types\/product"}],"replies":[{"embeddable":true,"href":"https:\/\/researchchemicalsweb.com\/fi\/wp-json\/wp\/v2\/comments?post=19557"}],"version-history":[{"count":1,"href":"https:\/\/researchchemicalsweb.com\/fi\/wp-json\/wp\/v2\/product\/19557\/revisions"}],"predecessor-version":[{"id":19613,"href":"https:\/\/researchchemicalsweb.com\/fi\/wp-json\/wp\/v2\/product\/19557\/revisions\/19613"}],"wp:featuredmedia":[{"embeddable":true,"href":"https:\/\/researchchemicalsweb.com\/fi\/wp-json\/wp\/v2\/media\/20270"}],"wp:attachment":[{"href":"https:\/\/researchchemicalsweb.com\/fi\/wp-json\/wp\/v2\/media?parent=19557"}],"wp:term":[{"taxonomy":"product_brand","embeddable":true,"href":"https:\/\/researchchemicalsweb.com\/fi\/wp-json\/wp\/v2\/product_brand?post=19557"},{"taxonomy":"product_cat","embeddable":true,"href":"https:\/\/researchchemicalsweb.com\/fi\/wp-json\/wp\/v2\/product_cat?post=19557"},{"taxonomy":"product_tag","embeddable":true,"href":"https:\/\/researchchemicalsweb.com\/fi\/wp-json\/wp\/v2\/product_tag?post=19557"}],"curies":[{"name":"wp","href":"https:\/\/api.w.org\/{rel}","templated":true}]}}