{"id":19513,"date":"2025-12-16T21:09:15","date_gmt":"2025-12-16T21:09:15","guid":{"rendered":"https:\/\/researchchemicalsweb.com\/?post_type=product&#038;p=19513"},"modified":"2026-02-17T14:20:44","modified_gmt":"2026-02-17T14:20:44","slug":"4c-e","status":"publish","type":"product","link":"https:\/\/researchchemicalsweb.com\/fi\/tuote\/4c-e\/","title":{"rendered":"4C-E"},"content":{"rendered":"<h3 data-start=\"4945\" data-end=\"4962\">Johdanto<\/h3>\n<p data-start=\"4963\" data-end=\"5451\"><strong data-start=\"4963\" data-end=\"4971\"><span class=\"___SBox_epc1q-kmt_ ___SText_zko9t-kmt_\" data-ui-name=\"Link.Text\">4c e<\/span>, 4C-E<\/strong> (t\u00e4ydellinen kemiallinen nimi: 1-(2,5-dimetoksi-4-etyylifenyyli)butaani-2-amiini) kuuluu ryhm\u00e4\u00e4n <strong data-start=\"5059\" data-end=\"5065\">4C<\/strong>-substituoitujen fenetyyliamiinien luokka - yhdisteet, joilla on pitk\u00e4nomainen \u03b1-etyylisivuhaarukka ja metoksiryhmi\u00e4 fenyylirenkaan 2 ja 5 asennoissa. Koska 4C-E on suhteellisen tuntematon, siit\u00e4 on vain v\u00e4h\u00e4n julkaisuja, mutta se her\u00e4tt\u00e4\u00e4 kiinnostusta kemian ja farmakologian tutkimusaloilla, joilla tutkitaan rakenne-aktiivisuussuhteita. 4C E<\/p>\n<p data-start=\"5453\" data-end=\"5598\">Jos etsit hakusanalla \u201c<strong data-start=\"5469\" data-end=\"5483\">Osta 4C-E<\/strong>\u201d, t\u00e4m\u00e4 kuvaus auttaa ymm\u00e4rt\u00e4m\u00e4\u00e4n, mit\u00e4 4C-E on, mit\u00e4 tiedet\u00e4\u00e4n ja miten sit\u00e4 k\u00e4sitell\u00e4\u00e4n tieteellisesti.<\/p>\n<hr data-start=\"5600\" data-end=\"5603\" \/>\n<h3 data-start=\"5605\" data-end=\"5634\">T\u00e4rkeimm\u00e4t ominaisuudet<\/h3>\n<div class=\"_tableContainer_1rjym_1\">\n<div class=\"group _tableWrapper_1rjym_13 flex w-fit flex-col-reverse\" tabindex=\"-1\">\n<table class=\"w-fit min-w-(--thread-content-width)\" data-start=\"5636\" data-end=\"6339\">\n<thead data-start=\"5636\" data-end=\"5662\">\n<tr data-start=\"5636\" data-end=\"5662\">\n<th data-start=\"5636\" data-end=\"5646\" data-col-size=\"sm\">Ominaisuus<\/th>\n<th data-start=\"5646\" data-end=\"5662\" data-col-size=\"lg\">Kuvaus<\/th>\n<\/tr>\n<\/thead>\n<tbody data-start=\"5673\" data-end=\"6339\">\n<tr data-start=\"5673\" data-end=\"5800\">\n<td data-start=\"5673\" data-end=\"5699\" data-col-size=\"sm\"><strong data-start=\"5675\" data-end=\"5698\">Kemiallinen rakenne<\/strong><\/td>\n<td data-start=\"5699\" data-end=\"5800\" data-col-size=\"lg\">Sis\u00e4lt\u00e4\u00e4 kaksi metoksiryhm\u00e4\u00e4 (paikoissa 2 ja 5) ja etyylisubstituentin fenyylirenkaan 4. kohdassa<\/td>\n<\/tr>\n<tr data-start=\"5801\" data-end=\"5921\">\n<td data-start=\"5801\" data-end=\"5822\" data-col-size=\"sm\"><strong data-start=\"5803\" data-end=\"5821\">\u03b1-Etyylin sivuhaara<\/strong><\/td>\n<td data-start=\"5822\" data-end=\"5921\" data-col-size=\"lg\">Kuuluu 4C-perheeseen (eli \u03b1-etyylifenetyyliamiinit).<\/td>\n<\/tr>\n<tr data-start=\"5922\" data-end=\"6061\">\n<td data-start=\"5922\" data-end=\"5947\" data-col-size=\"sm\"><strong data-start=\"5924\" data-end=\"5946\">Reseptorin vuorovaikutus<\/strong><\/td>\n<td data-start=\"5947\" data-end=\"6061\" data-col-size=\"lg\">Todenn\u00e4k\u00f6isesti osittainen agonisti serotoniinin 5-HT\u2082A-reseptoreissa (analogisesti muiden 4C-yhdisteiden kanssa).<\/td>\n<\/tr>\n<tr data-start=\"6062\" data-end=\"6179\">\n<td data-start=\"6062\" data-end=\"6085\" data-col-size=\"sm\"><strong data-start=\"6064\" data-end=\"6084\">Tutkimuksen tila<\/strong><\/td>\n<td data-start=\"6085\" data-end=\"6179\" data-col-size=\"lg\">V\u00e4h\u00e4n empiirist\u00e4 tutkimusta; l\u00e4hinn\u00e4 teoreettista, laskennallista tai anekdoottista tietoa.<\/td>\n<\/tr>\n<tr data-start=\"6180\" data-end=\"6339\">\n<td data-start=\"6180\" data-end=\"6223\" data-col-size=\"sm\"><strong data-start=\"6182\" data-end=\"6222\">Fysikaaliset ja k\u00e4sittelyominaisuudet<\/strong><\/td>\n<td data-start=\"6223\" data-end=\"6339\" data-col-size=\"lg\">Olisi k\u00e4sitelt\u00e4v\u00e4 valvotuissa laboratorio-olosuhteissa kiinnitt\u00e4en huomiota puhtauteen, stabiilisuuteen ja varastointiin.<\/td>\n<\/tr>\n<\/tbody>\n<\/table>\n<\/div>\n<\/div>\n<hr data-start=\"6341\" data-end=\"6344\" \/>\n<h3 data-start=\"6346\" data-end=\"6381\">Hy\u00f6dyt \/ mahdollinen arvo<\/h3>\n<ul data-start=\"6383\" data-end=\"7205\">\n<li data-start=\"6383\" data-end=\"6637\">\n<p data-start=\"6385\" data-end=\"6637\"><strong data-start=\"6385\" data-end=\"6420\">Rakenne-aktiivisuuden ymm\u00e4rt\u00e4minen<\/strong>: 4C-E voi toimia vertailukohtana, jonka avulla voidaan ymm\u00e4rt\u00e4\u00e4, miten \u03b1-etyylisubstituutio (toisin kuin 2C-analogien \u03b1-metyyli) vaikuttaa tehoon, reseptoritehokkuuteen, metaboliseen stabiilisuuteen ja sivuvaikutuksiin.<\/p>\n<\/li>\n<li data-start=\"6638\" data-end=\"6808\">\n<p data-start=\"6640\" data-end=\"6808\"><strong data-start=\"6640\" data-end=\"6666\">Uutuus &amp; tutkimusmatkailu<\/strong>: Koska 4C-E:t\u00e4 on dokumentoitu v\u00e4hemm\u00e4n, sen tutkimukset voivat paljastaa odottamatonta k\u00e4ytt\u00e4ytymist\u00e4, sitoutumisaffiniteettia tai metaboliitteja.<\/p>\n<\/li>\n<li data-start=\"6809\" data-end=\"7010\">\n<p data-start=\"6811\" data-end=\"7010\"><strong data-start=\"6811\" data-end=\"6842\">Tieteelliset intressit<\/strong>Se laajentaa substituoituja fenetyyliamiineja koskevan tutkimuksen kirjoa, ja se voi edist\u00e4\u00e4 l\u00e4\u00e4kekemiaa, neurofarmakologiaa tai laskennallista mallintamista.<\/p>\n<\/li>\n<li data-start=\"7011\" data-end=\"7205\">\n<p data-start=\"7013\" data-end=\"7205\"><strong data-start=\"7013\" data-end=\"7038\">Valitut tutkimukset<\/strong>: Kontrolloiduissa olosuhteissa 4C-E voi auttaa selvitt\u00e4m\u00e4\u00e4n, mitk\u00e4 rakenteelliset asemat vaikuttavat merkitt\u00e4v\u00e4sti psykedeelien tehoon tai turvamarginaaliin.<\/p>\n<\/li>\n<\/ul>\n<hr data-start=\"7207\" data-end=\"7210\" \/>\n<h3 data-start=\"7212\" data-end=\"7259\">K\u00e4ytt\u00f6ohjeet \/ K\u00e4sittelyohjeet<\/h3>\n<blockquote data-start=\"7261\" data-end=\"7493\">\n<p data-start=\"7263\" data-end=\"7493\"><strong data-start=\"7263\" data-end=\"7288\">T\u00e4rke\u00e4 huomautus<\/strong>: Seuraava on tarkoitettu <strong data-start=\"7319\" data-end=\"7377\">valtuutetut tutkijat ja p\u00e4tev\u00e4t kemistit<\/strong> toimia oikeudellisten puitteiden mukaisesti. Se on <strong data-start=\"7422\" data-end=\"7430\">ei<\/strong> tarkoitettu neuvoiksi luvattomaan tai virkistysk\u00e4ytt\u00f6\u00f6n.<\/p>\n<\/blockquote>\n<ol data-start=\"7495\" data-end=\"8709\">\n<li data-start=\"7495\" data-end=\"7687\">\n<p data-start=\"7498\" data-end=\"7528\"><strong data-start=\"7498\" data-end=\"7526\">Puhtaus ja todentaminen<\/strong><\/p>\n<ul data-start=\"7532\" data-end=\"7687\">\n<li data-start=\"7532\" data-end=\"7612\">\n<p data-start=\"7534\" data-end=\"7612\">K\u00e4ytet\u00e4\u00e4n eritt\u00e4in puhdasta n\u00e4ytett\u00e4 (\u2265 98 %) ja analyysitodistus.<\/p>\n<\/li>\n<li data-start=\"7616\" data-end=\"7687\">\n<p data-start=\"7618\" data-end=\"7687\">Varmistetaan identiteetti NMR-, MS-, HPLC- tai muilla analyysimenetelmill\u00e4.<\/p>\n<\/li>\n<\/ul>\n<\/li>\n<li data-start=\"7689\" data-end=\"7879\">\n<p data-start=\"7692\" data-end=\"7704\"><strong data-start=\"7692\" data-end=\"7702\">Varastointi<\/strong><\/p>\n<ul data-start=\"7708\" data-end=\"7879\">\n<li data-start=\"7708\" data-end=\"7798\">\n<p data-start=\"7710\" data-end=\"7798\">S\u00e4ilytet\u00e4\u00e4n inertiss\u00e4, kuivassa ymp\u00e4rist\u00f6ss\u00e4 (esim. meripihkalasipulloissa typen tai argonin alla).<\/p>\n<\/li>\n<li data-start=\"7802\" data-end=\"7879\">\n<p data-start=\"7804\" data-end=\"7879\">S\u00e4ilyt\u00e4 alhaisessa l\u00e4mp\u00f6tilassa (esim. -20 \u00b0C tai j\u00e4\u00e4hdytettyn\u00e4) hajoamisen rajoittamiseksi. 4C E<\/p>\n<\/li>\n<\/ul>\n<\/li>\n<li data-start=\"7881\" data-end=\"8193\">\n<p data-start=\"7884\" data-end=\"7921\"><strong data-start=\"7884\" data-end=\"7919\">Punnitus ja liuoksen valmistelu<\/strong><\/p>\n<ul data-start=\"7925\" data-end=\"8193\">\n<li data-start=\"7925\" data-end=\"8045\">\n<p data-start=\"7927\" data-end=\"8045\">K\u00e4yt\u00e4 mikrovaakaa ja punnitse valvotussa ilmakeh\u00e4ss\u00e4 (hansikaslokerossa tai kuivassa huoneessa), jos aine on hygroskooppinen.<\/p>\n<\/li>\n<li data-start=\"8049\" data-end=\"8193\">\n<p data-start=\"8051\" data-end=\"8193\">Liuotetaan varastoliuoksia varten sopiviin liuottimiin (esim. DMSO, metanoli) varmistaen, ett\u00e4 liukeneminen tapahtuu kokonaan ennen lis\u00e4laimennusta.<\/p>\n<\/li>\n<\/ul>\n<\/li>\n<li data-start=\"8195\" data-end=\"8435\">\n<p data-start=\"8198\" data-end=\"8251\"><strong data-start=\"8198\" data-end=\"8249\">Annostus (kokeellinen \/ vertaileva k\u00e4ytt\u00f6)<\/strong><\/p>\n<ul data-start=\"8255\" data-end=\"8435\">\n<li data-start=\"8255\" data-end=\"8353\">\n<p data-start=\"8257\" data-end=\"8353\">Aloita reseptoreiden sitoutumistesteiss\u00e4 tai in vitro -testeiss\u00e4 minimaalisilla testiannoksilla (mikrogramma-asteikolla).<\/p>\n<\/li>\n<li data-start=\"8357\" data-end=\"8435\">\n<p data-start=\"8359\" data-end=\"8435\">Ty\u00f6skennell\u00e4\u00e4n tiukasti valvotusti, toistetaan mittauksia ja k\u00e4ytet\u00e4\u00e4n aihioita\/paikannuksia.<\/p>\n<\/li>\n<\/ul>\n<\/li>\n<li data-start=\"8437\" data-end=\"8709\">\n<p data-start=\"8440\" data-end=\"8469\"><strong data-start=\"8440\" data-end=\"8467\">Turvallisuus \/ valvonta<\/strong><\/p>\n<ul data-start=\"8473\" data-end=\"8709\">\n<li data-start=\"8473\" data-end=\"8564\">\n<p data-start=\"8475\" data-end=\"8564\">Ty\u00f6skennell\u00e4\u00e4n poistohupussa tai eristysj\u00e4rjestelm\u00e4ss\u00e4, jotta v\u00e4ltet\u00e4\u00e4n hengitysteitse tai iholle altistuminen.<\/p>\n<\/li>\n<li data-start=\"8568\" data-end=\"8618\">\n<p data-start=\"8570\" data-end=\"8618\">K\u00e4yt\u00e4 k\u00e4sineit\u00e4, suojalaseja ja laboratoriotakkia.<\/p>\n<\/li>\n<li data-start=\"8622\" data-end=\"8709\">\n<p data-start=\"8624\" data-end=\"8709\">H\u00e4vit\u00e4 j\u00e4tteet laitoksen ja lakis\u00e4\u00e4teisten kemikaaliturvallisuusmenettelyjen mukaisesti.<\/p>\n<\/li>\n<\/ul>\n<\/li>\n<\/ol>\n<hr data-start=\"8711\" data-end=\"8714\" \/>\n<h3 data-start=\"8716\" data-end=\"8747\">Usein kysytyt kysymykset (FAQ)<\/h3>\n<p data-start=\"8749\" data-end=\"9021\"><strong data-start=\"8749\" data-end=\"8803\">1. Mit\u00e4 eroa on 4C-E- ja 2C-analogien v\u00e4lill\u00e4?<\/strong><br data-start=\"8803\" data-end=\"8806\" \/>4C-E:ss\u00e4 on \u03b1-etyylisivuhaarukka \u03b1-metyylin sijasta (kuten 2C-perheess\u00e4). T\u00e4m\u00e4 pidennys v\u00e4hent\u00e4\u00e4 usein tehoa, mutta voi parantaa metabolista vakautta.<\/p>\n<p data-start=\"9023\" data-end=\"9386\"><strong data-start=\"9023\" data-end=\"9076\">2. Onko 4C-E:n ostaminen laillista (\u201costa 4C-E\u201d)?<\/strong><br data-start=\"9076\" data-end=\"9079\" \/>4C-E:n laillisuus (ja sen kyky toimia <strong data-start=\"9125\" data-end=\"9139\">Osta 4C-E<\/strong>) riippuu t\u00e4ysin oikeudenk\u00e4ytt\u00f6alueestasi. Monissa maissa substituoidut fenetyyliamiinit tai niiden analogit kuuluvat analogialains\u00e4\u00e4d\u00e4nn\u00f6n tai kiellettyjen aineiden piiriin. Tarkista aina paikalliset lait ennen aineen ostamista tai kokeilemista.<\/p>\n<p data-start=\"9388\" data-end=\"9657\"><strong data-start=\"9388\" data-end=\"9450\">3. Onko olemassa dokumentoituja ihmiskokeita tai vaikutuksia?<\/strong><br data-start=\"9450\" data-end=\"9453\" \/>Ei, 4C-E:st\u00e4 ei ole olemassa vankkoja kontrolloituja ihmiskokeita tai kliinisi\u00e4 tietoja. Suurin osa saatavilla olevista tiedoista on spekulatiivista, anekdoottista tai perustuu laskennallisiin malleihin ja analogioihin. <a href=\"https:\/\/researchchemicalsweb.com\/fi\/shop\/okategoriserad\/osta-4mmc\/\">Osta 4mmc<\/a><a href=\"https:\/\/researchchemicalsweb.com\/fi\/shop\/okategoriserad\/benzocaine-powder\/\">bentsokaiinijauhe<\/a><a href=\"https:\/\/researchchemicalsweb.com\/fi\/shop\/okategoriserad\/fentanyl-kopen\/\">ostaa fentanyyli\u00e4<\/a><\/p>","protected":false},"excerpt":{"rendered":"<h2>4C-E eigenschappen<\/h2>\n<p><strong>Synoniemen<\/strong>:<br \/>\n<strong>CAS Nummer<\/strong>:<br \/>\n<strong>Formule<\/strong>:<br \/>\n<strong>Molmassa<\/strong>:\u00a0 g\/mol<br \/>\n<strong>Puhtaus<\/strong>: \u226597%<\/p>","protected":false},"featured_media":20223,"comment_status":"closed","ping_status":"closed","template":"","meta":[],"product_brand":[79],"product_cat":[755,73,74,82],"product_tag":[756,757,758,759,760,761,762,763,764,765,78],"class_list":{"0":"post-19513","1":"product","2":"type-product","3":"status-publish","4":"has-post-thumbnail","6":"product_brand-research-chemical","7":"product_cat-4c-e","8":"product_cat-bijna-verboden","9":"product_cat-fenethylamine","10":"product_cat-sale","11":"product_tag-4c-e","12":"product_tag-4c-e-bestellen","13":"product_tag-4c-e-blotters-4c-e-nederland","14":"product_tag-4c-e-hoogwaardige-kwaliteit","15":"product_tag-4c-e-kopen","16":"product_tag-4c-e-poeder","17":"product_tag-4c-e-research-chemical","18":"product_tag-4c-e-snelle-levering","19":"product_tag-4c-e-veilig-bestellen","20":"product_tag-4c-e-voor-onderzoek","21":"product_tag-nl","23":"first","24":"instock","25":"sale","26":"shipping-taxable","27":"purchasable","28":"product-type-variable"},"_links":{"self":[{"href":"https:\/\/researchchemicalsweb.com\/fi\/wp-json\/wp\/v2\/product\/19513","targetHints":{"allow":["GET"]}}],"collection":[{"href":"https:\/\/researchchemicalsweb.com\/fi\/wp-json\/wp\/v2\/product"}],"about":[{"href":"https:\/\/researchchemicalsweb.com\/fi\/wp-json\/wp\/v2\/types\/product"}],"replies":[{"embeddable":true,"href":"https:\/\/researchchemicalsweb.com\/fi\/wp-json\/wp\/v2\/comments?post=19513"}],"version-history":[{"count":3,"href":"https:\/\/researchchemicalsweb.com\/fi\/wp-json\/wp\/v2\/product\/19513\/revisions"}],"predecessor-version":[{"id":19932,"href":"https:\/\/researchchemicalsweb.com\/fi\/wp-json\/wp\/v2\/product\/19513\/revisions\/19932"}],"wp:featuredmedia":[{"embeddable":true,"href":"https:\/\/researchchemicalsweb.com\/fi\/wp-json\/wp\/v2\/media\/20223"}],"wp:attachment":[{"href":"https:\/\/researchchemicalsweb.com\/fi\/wp-json\/wp\/v2\/media?parent=19513"}],"wp:term":[{"taxonomy":"product_brand","embeddable":true,"href":"https:\/\/researchchemicalsweb.com\/fi\/wp-json\/wp\/v2\/product_brand?post=19513"},{"taxonomy":"product_cat","embeddable":true,"href":"https:\/\/researchchemicalsweb.com\/fi\/wp-json\/wp\/v2\/product_cat?post=19513"},{"taxonomy":"product_tag","embeddable":true,"href":"https:\/\/researchchemicalsweb.com\/fi\/wp-json\/wp\/v2\/product_tag?post=19513"}],"curies":[{"name":"wp","href":"https:\/\/api.w.org\/{rel}","templated":true}]}}