{"id":19030,"date":"2025-12-16T20:55:45","date_gmt":"2025-12-16T20:55:45","guid":{"rendered":"https:\/\/researchchemicalsweb.com\/?post_type=product&#038;p=19030"},"modified":"2026-02-17T14:22:51","modified_gmt":"2026-02-17T14:22:51","slug":"nm-2-ai-hcl-pure","status":"publish","type":"product","link":"https:\/\/researchchemicalsweb.com\/fi\/tuote\/nm-2-ai-hcl-pure\/","title":{"rendered":"NM-2-AI HCl Puhdas"},"content":{"rendered":"<h2 data-start=\"3847\" data-end=\"3873\"><strong data-start=\"3850\" data-end=\"3873\">Tuotteen kuvaus<\/strong><\/h2>\n<p data-start=\"3875\" data-end=\"4203\"><strong data-start=\"3875\" data-end=\"3929\">NM-2-AI HCl (N-metyyli-2-Aminoindaanihydrokloridi)<\/strong> on <strong data-start=\"3937\" data-end=\"3975\">eritt\u00e4in puhdas tutkimusaine<\/strong>, joka kuuluu <strong data-start=\"3993\" data-end=\"4015\">aminoindaani luokka<\/strong>.<br data-start=\"4016\" data-end=\"4019\" \/>Sit\u00e4 k\u00e4ytet\u00e4\u00e4n <strong data-start=\"4043\" data-end=\"4097\">analyyttinen, rikostekninen ja farmakologinen tutkimus<\/strong> ja toimii <strong data-start=\"4111\" data-end=\"4134\">vertailustandardi<\/strong> opiskelua varten <strong data-start=\"4159\" data-end=\"4200\">rakenteelliset ja metaboliset ominaisuudet<\/strong>. nm-2-ai<\/p>\n<p data-start=\"4205\" data-end=\"4350\">Jokainen er\u00e4 <strong data-start=\"4216\" data-end=\"4236\">NM-2-AI HCl Puhdas<\/strong> valmistetaan tiukassa laadunvalvonnassa <strong data-start=\"4292\" data-end=\"4335\">johdonmukaisuus, vakaus ja puhtaus<\/strong> varmistaa.<\/p>\n<p data-start=\"4352\" data-end=\"4488\">\u26a0\ufe0f <strong data-start=\"4355\" data-end=\"4366\">Huom:<\/strong> T\u00e4m\u00e4 tuote on <strong data-start=\"4382\" data-end=\"4431\">tarkoitettu ainoastaan tutkimustarkoituksiin<\/strong> ja <strong data-start=\"4435\" data-end=\"4487\">ei sovellu ihmisten tai el\u00e4inten k\u00e4ytt\u00f6\u00f6n<\/strong>.<\/p>\n<hr data-start=\"4490\" data-end=\"4493\" \/>\n<h2 data-start=\"4495\" data-end=\"4525\"><strong data-start=\"4498\" data-end=\"4525\">T\u00e4rkeimm\u00e4t ominaisuudet<\/strong><\/h2>\n<ul data-start=\"4527\" data-end=\"4946\">\n<li data-start=\"4527\" data-end=\"4615\">\n<p data-start=\"4529\" data-end=\"4615\"><strong data-start=\"4529\" data-end=\"4549\">Korkea puhtaus:<\/strong> Soveltuu analyyttiseen tutkimukseen ja laboratoriosovelluksiin.<\/p>\n<\/li>\n<li data-start=\"4616\" data-end=\"4690\">\n<p data-start=\"4618\" data-end=\"4690\"><strong data-start=\"4618\" data-end=\"4640\">Vakaa HCl-muoto:<\/strong> Kest\u00e4\u00e4 hajoamista pitk\u00e4aikaisessa varastoinnissa.<\/p>\n<\/li>\n<li data-start=\"4691\" data-end=\"4775\">\n<p data-start=\"4693\" data-end=\"4775\"><strong data-start=\"4693\" data-end=\"4723\">Luotettava koostumus:<\/strong> Tuotettu valvotuissa olosuhteissa.<\/p>\n<\/li>\n<li data-start=\"4776\" data-end=\"4847\">\n<p data-start=\"4778\" data-end=\"4847\"><strong data-start=\"4778\" data-end=\"4801\">Turvallinen pakkaus:<\/strong> Ilmatiivis ja suljettu kontaminaatiota vastaan.<\/p>\n<\/li>\n<li data-start=\"4848\" data-end=\"4946\">\n<p data-start=\"4850\" data-end=\"4946\"><strong data-start=\"4850\" data-end=\"4877\">EU:n s\u00e4\u00e4nn\u00f6sten mukaisesti:<\/strong> T\u00e4ytt\u00e4\u00e4 tutkimuskemikaaleja koskevat eurooppalaiset turvallisuusstandardit.<\/p>\n<\/li>\n<\/ul>\n<hr data-start=\"4948\" data-end=\"4951\" \/>\n<h2 data-start=\"4953\" data-end=\"4984\"><strong data-start=\"4956\" data-end=\"4984\">Edut tutkimukselle<\/strong><\/h2>\n<ul data-start=\"4986\" data-end=\"5261\">\n<li data-start=\"4986\" data-end=\"5050\">\n<p data-start=\"4988\" data-end=\"5050\">Sopii <strong data-start=\"5002\" data-end=\"5047\">toksikologiset ja farmakologiset testit<\/strong>.<\/p>\n<\/li>\n<li data-start=\"5051\" data-end=\"5124\">\n<p data-start=\"5053\" data-end=\"5124\">Tukee <strong data-start=\"5065\" data-end=\"5101\">analyysimenetelmien kehitt\u00e4minen<\/strong> (LC-MS, GC-MS, NMR).<\/p>\n<\/li>\n<li data-start=\"5125\" data-end=\"5189\">\n<p data-start=\"5127\" data-end=\"5189\">Toimii <strong data-start=\"5137\" data-end=\"5160\">vertailustandardi<\/strong> rikostekniset tutkimukset.<\/p>\n<\/li>\n<li data-start=\"5190\" data-end=\"5261\">\n<p data-start=\"5192\" data-end=\"5261\">Varmistaa <strong data-start=\"5203\" data-end=\"5258\">toistettavat ja luotettavat tutkimustulokset<\/strong>. nm-2-ai<\/p>\n<\/li>\n<\/ul>\n<hr data-start=\"5263\" data-end=\"5266\" \/>\n<h2 data-start=\"5268\" data-end=\"5302\"><strong data-start=\"5271\" data-end=\"5302\">K\u00e4ytt\u00f6 (tutkimuskonteksti)<\/strong><\/h2>\n<ol data-start=\"5304\" data-end=\"5509\">\n<li data-start=\"5304\" data-end=\"5349\">\n<p data-start=\"5307\" data-end=\"5349\">K\u00e4yt\u00e4 vain hyv\u00e4ksytyiss\u00e4 laboratorioissa.<\/p>\n<\/li>\n<li data-start=\"5350\" data-end=\"5410\">\n<p data-start=\"5353\" data-end=\"5410\">K\u00e4yt\u00e4 k\u00e4sineit\u00e4, suojalaseja ja laboratoriotakkia.<\/p>\n<\/li>\n<li data-start=\"5411\" data-end=\"5458\">\n<p data-start=\"5414\" data-end=\"5458\">S\u00e4ilyt\u00e4 viile\u00e4ss\u00e4, kuivassa ja pime\u00e4ss\u00e4 (alle 25 \u00b0C).<\/p>\n<\/li>\n<li data-start=\"5459\" data-end=\"5509\">\n<p data-start=\"5462\" data-end=\"5509\">H\u00e4vit\u00e4 j\u00e4\u00e4m\u00e4t paikallisten ymp\u00e4rist\u00f6m\u00e4\u00e4r\u00e4ysten mukaisesti.<\/p>\n<\/li>\n<\/ol>\n<blockquote data-start=\"5511\" data-end=\"5597\">\n<p data-start=\"5513\" data-end=\"5597\"><strong data-start=\"5513\" data-end=\"5524\">Huom:<\/strong> <em data-start=\"5525\" data-end=\"5543\">NM-2-AI HCl Puhdas<\/em> on <strong data-start=\"5547\" data-end=\"5596\">tarkoitettu ainoastaan tutkimustarkoituksiin<\/strong>.<\/p>\n<\/blockquote>\n<hr data-start=\"5599\" data-end=\"5602\" \/>\n<h2 data-start=\"5604\" data-end=\"5638\"><strong data-start=\"5607\" data-end=\"5638\">Usein kysytyt kysymykset (FAQ)<\/strong><\/h2>\n<p data-start=\"5640\" data-end=\"5778\"><strong data-start=\"5640\" data-end=\"5683\">1. Mihin NM-2-AI HCl:\u00e4\u00e4 k\u00e4ytet\u00e4\u00e4n?<\/strong><br data-start=\"5683\" data-end=\"5686\" \/>Sit\u00e4 k\u00e4ytet\u00e4\u00e4n <strong data-start=\"5710\" data-end=\"5748\">analyyttinen ja rikostekninen tutkimus<\/strong> aminoindaaniyhdisteisiin.<\/p>\n<p data-start=\"5780\" data-end=\"5903\"><strong data-start=\"5780\" data-end=\"5832\">2. Onko NM-2-AI HCl turvallinen ihmisille?<\/strong><br data-start=\"5832\" data-end=\"5835\" \/>Ei, t\u00e4m\u00e4 tuote on <strong data-start=\"5855\" data-end=\"5902\">ei ole hyv\u00e4ksytty ihmisravinnoksi<\/strong>.<\/p>\n<p data-start=\"5905\" data-end=\"6058\"><strong data-start=\"5905\" data-end=\"5943\">3. Kenen pit\u00e4isi ostaa NM-2-AI HCl Pure?<\/strong><br data-start=\"5943\" data-end=\"5946\" \/>Vain <strong data-start=\"5953\" data-end=\"6002\">akkreditoidut tutkimuslaitokset ja laboratoriot<\/strong> joilla on asianmukaiset luvat, saavat ostaa t\u00e4t\u00e4 ainetta.<\/p>","protected":false},"excerpt":{"rendered":"<h2>NM-2-AI HCl Puhdas<\/h2>\n<p>NM-2-AI hydrochloride is een stof die wij alleen verkopen voor research doeleinden en is dus niet voor consumptie bestemd. NM-2-AI kan tot 2 jaar worden geresearched wanneer deze in de juiste omgeving wordt bewaard.2C-E<\/p>","protected":false},"featured_media":20377,"comment_status":"closed","ping_status":"closed","template":"","meta":[],"product_brand":[79],"product_cat":[584,515],"product_tag":[78,585,586],"class_list":{"0":"post-19030","1":"product","2":"type-product","3":"status-publish","4":"has-post-thumbnail","6":"product_brand-research-chemical","7":"product_cat-nm-2-ai","8":"product_cat-overig","9":"product_tag-nl","10":"product_tag-nm-2-ai","11":"product_tag-nm-2-ai-hcl","13":"first","14":"instock","15":"shipping-taxable","16":"purchasable","17":"product-type-variable"},"_links":{"self":[{"href":"https:\/\/researchchemicalsweb.com\/fi\/wp-json\/wp\/v2\/product\/19030","targetHints":{"allow":["GET"]}}],"collection":[{"href":"https:\/\/researchchemicalsweb.com\/fi\/wp-json\/wp\/v2\/product"}],"about":[{"href":"https:\/\/researchchemicalsweb.com\/fi\/wp-json\/wp\/v2\/types\/product"}],"replies":[{"embeddable":true,"href":"https:\/\/researchchemicalsweb.com\/fi\/wp-json\/wp\/v2\/comments?post=19030"}],"version-history":[{"count":1,"href":"https:\/\/researchchemicalsweb.com\/fi\/wp-json\/wp\/v2\/product\/19030\/revisions"}],"predecessor-version":[{"id":19089,"href":"https:\/\/researchchemicalsweb.com\/fi\/wp-json\/wp\/v2\/product\/19030\/revisions\/19089"}],"wp:featuredmedia":[{"embeddable":true,"href":"https:\/\/researchchemicalsweb.com\/fi\/wp-json\/wp\/v2\/media\/20377"}],"wp:attachment":[{"href":"https:\/\/researchchemicalsweb.com\/fi\/wp-json\/wp\/v2\/media?parent=19030"}],"wp:term":[{"taxonomy":"product_brand","embeddable":true,"href":"https:\/\/researchchemicalsweb.com\/fi\/wp-json\/wp\/v2\/product_brand?post=19030"},{"taxonomy":"product_cat","embeddable":true,"href":"https:\/\/researchchemicalsweb.com\/fi\/wp-json\/wp\/v2\/product_cat?post=19030"},{"taxonomy":"product_tag","embeddable":true,"href":"https:\/\/researchchemicalsweb.com\/fi\/wp-json\/wp\/v2\/product_tag?post=19030"}],"curies":[{"name":"wp","href":"https:\/\/api.w.org\/{rel}","templated":true}]}}