{"id":18679,"date":"2025-12-16T20:47:24","date_gmt":"2025-12-16T20:47:24","guid":{"rendered":"https:\/\/researchchemicalsweb.com\/?post_type=product&#038;p=18679"},"modified":"2026-02-17T14:24:22","modified_gmt":"2026-02-17T14:24:22","slug":"4-fma-100mg-pelletit","status":"publish","type":"product","link":"https:\/\/researchchemicalsweb.com\/fi\/tuote\/4-fma-100mg-pelletit\/","title":{"rendered":"4-FMA 100mg pelletit"},"content":{"rendered":"<h3 data-start=\"5927\" data-end=\"5946\"><strong data-start=\"5931\" data-end=\"5946\">Johdanto<\/strong><\/h3>\n<p data-start=\"5948\" data-end=\"6295\"><strong data-start=\"5948\" data-end=\"5971\">4-FMA 100mg pelletit<\/strong> sen <strong data-start=\"5977\" data-end=\"6024\">analyyttiset tutkimusaineet<\/strong>, tarkoitettu <strong data-start=\"6039\" data-end=\"6093\">tieteellinen, kemiallinen ja rikostekninen tutkimus<\/strong>.<br data-start=\"6094\" data-end=\"6097\" \/>Jokainen pelletti sis\u00e4lt\u00e4\u00e4 <strong data-start=\"6115\" data-end=\"6137\">100 milligrammaa (mg)<\/strong> <strong data-start=\"6138\" data-end=\"6172\">4-Fluorometamfetamiini (4-FMA)<\/strong> - yhdiste, joka on per\u00e4isin <strong data-start=\"6197\" data-end=\"6235\">fenetyyliamiini- ja amfetamiiniluokka<\/strong>, rakenteellisesti sukua muille fluoratuille amfetamiineille.<\/p>\n<p data-start=\"6297\" data-end=\"6546\">Tuotettu <strong data-start=\"6316\" data-end=\"6357\">GLP (Good Laboratory Practice) -standardit<\/strong>, n\u00e4m\u00e4 pelletit tarjoavat <strong data-start=\"6379\" data-end=\"6398\">\u226599%-puhtaus<\/strong>, <strong data-start=\"6400\" data-end=\"6425\">kemiallinen stabiilisuus<\/strong> ja <strong data-start=\"6429\" data-end=\"6452\">tasainen laatu<\/strong>.<br data-start=\"6453\" data-end=\"6456\" \/>T\u00e4ydellinen <strong data-start=\"6469\" data-end=\"6543\">analyyttinen kemia, spektroskooppiset analyysit ja rakennetutkimus.<\/strong>.<\/p>\n<blockquote data-start=\"6548\" data-end=\"6692\">\n<p data-start=\"6550\" data-end=\"6692\">\u26a0\ufe0f <strong data-start=\"6553\" data-end=\"6564\">Huom:<\/strong> T\u00e4m\u00e4 tuote on <strong data-start=\"6580\" data-end=\"6630\">tarkoitettu yksinomaan laboratoriotesteihin<\/strong> ja <strong data-start=\"6634\" data-end=\"6691\">ei kelpaa ihmisten tai el\u00e4inten ravinnoksi<\/strong>.<\/p>\n<\/blockquote>\n<hr data-start=\"6694\" data-end=\"6697\" \/>\n<h3 data-start=\"6699\" data-end=\"6730\"><strong data-start=\"6703\" data-end=\"6730\">T\u00e4rkeimm\u00e4t ominaisuudet<\/strong><\/h3>\n<ul data-start=\"6732\" data-end=\"7196\">\n<li data-start=\"6732\" data-end=\"6822\">\n<p data-start=\"6734\" data-end=\"6822\"><strong data-start=\"6734\" data-end=\"6754\">Korkea puhtaus:<\/strong> \u226599% analyyttinen laatu testattu spektroskooppisin menetelmin.<\/p>\n<\/li>\n<li data-start=\"6823\" data-end=\"6882\">\n<p data-start=\"6825\" data-end=\"6882\"><strong data-start=\"6825\" data-end=\"6845\">Tarkka annostus:<\/strong> Jokainen pelletti sis\u00e4lt\u00e4\u00e4 <strong data-start=\"6864\" data-end=\"6879\">100 mg 4-FMA<\/strong>.<\/p>\n<\/li>\n<li data-start=\"6883\" data-end=\"6949\">\n<p data-start=\"6885\" data-end=\"6949\"><strong data-start=\"6885\" data-end=\"6906\">Kemiallisesti stabiili:<\/strong> Kest\u00e4\u00e4 hajoamista oikein varastoituna.<\/p>\n<\/li>\n<li data-start=\"6950\" data-end=\"7033\">\n<p data-start=\"6952\" data-end=\"7033\"><strong data-start=\"6952\" data-end=\"6969\">Er\u00e4testattu:<\/strong> Jokainen er\u00e4 tarkastetaan puhtauden ja johdonmukaisuuden varmistamiseksi.<\/p>\n<\/li>\n<li data-start=\"7034\" data-end=\"7116\">\n<p data-start=\"7036\" data-end=\"7116\"><strong data-start=\"7036\" data-end=\"7054\">GLP-tuotanto:<\/strong> Tuotettu <strong data-start=\"7076\" data-end=\"7113\">kansainv\u00e4liset laboratorionormit<\/strong>.<\/p>\n<\/li>\n<li data-start=\"7117\" data-end=\"7196\">\n<p data-start=\"7119\" data-end=\"7196\"><strong data-start=\"7119\" data-end=\"7142\">Turvallinen pakkaus:<\/strong> Ilmatiivis ja suljettu maksimaalisen s\u00e4ilyvyyden varmistamiseksi.<\/p>\n<\/li>\n<\/ul>\n<hr data-start=\"7198\" data-end=\"7201\" \/>\n<h3 data-start=\"7203\" data-end=\"7220\"><strong data-start=\"7207\" data-end=\"7220\">Edut<\/strong><\/h3>\n<ol data-start=\"7222\" data-end=\"7641\">\n<li data-start=\"7222\" data-end=\"7307\">\n<p data-start=\"7225\" data-end=\"7307\"><strong data-start=\"7225\" data-end=\"7260\">Jatkuvat tutkimustulokset:<\/strong> Korkea puhtaus takaa luotettavat tiedot.<\/p>\n<\/li>\n<li data-start=\"7308\" data-end=\"7394\">\n<p data-start=\"7311\" data-end=\"7394\"><strong data-start=\"7311\" data-end=\"7338\">Pitk\u00e4n aikav\u00e4lin vakaus:<\/strong> Kest\u00e4\u00e4 kosteutta, valoa ja l\u00e4mp\u00f6tilan muutoksia.<\/p>\n<\/li>\n<li data-start=\"7395\" data-end=\"7468\">\n<p data-start=\"7398\" data-end=\"7468\"><strong data-start=\"7398\" data-end=\"7420\">Turvallinen k\u00e4sittely:<\/strong> Pellettimuoto minimoi kontaminaatioriskit.<\/p>\n<\/li>\n<li data-start=\"7469\" data-end=\"7552\">\n<p data-start=\"7472\" data-end=\"7552\"><strong data-start=\"7472\" data-end=\"7500\">Ammattimainen laatu:<\/strong> Soveltuu analyyttisiin ja rikosteknisiin tutkimuksiin.<\/p>\n<\/li>\n<li data-start=\"7553\" data-end=\"7641\">\n<p data-start=\"7556\" data-end=\"7641\"><strong data-start=\"7556\" data-end=\"7574\">Helppok\u00e4ytt\u00f6isyys:<\/strong> 100 mg:n annos per pelletti tarkkaa laboratorioanalyysia varten.<\/p>\n<\/li>\n<\/ol>\n<hr data-start=\"7643\" data-end=\"7646\" \/>\n<h3 data-start=\"7648\" data-end=\"7687\"><strong data-start=\"7652\" data-end=\"7687\">K\u00e4ytt\u00f6 (vain tutkimus)<\/strong><\/h3>\n<ol data-start=\"7689\" data-end=\"8035\">\n<li data-start=\"7689\" data-end=\"7765\">\n<p data-start=\"7692\" data-end=\"7765\"><strong data-start=\"7692\" data-end=\"7722\">K\u00e4yt\u00e4 suojavaatteita<\/strong> (k\u00e4sineet, laboratoriotakki, suojalasit).<\/p>\n<\/li>\n<li data-start=\"7766\" data-end=\"7836\">\n<p data-start=\"7769\" data-end=\"7836\"><strong data-start=\"7769\" data-end=\"7807\">K\u00e4yt\u00e4 kalibroituja v\u00e4lineit\u00e4<\/strong> tarkkoja mittauksia varten.<\/p>\n<\/li>\n<li data-start=\"7837\" data-end=\"7890\">\n<p data-start=\"7840\" data-end=\"7890\"><strong data-start=\"7840\" data-end=\"7866\">Er\u00e4n tietojen tallentaminen<\/strong> j\u00e4ljitett\u00e4vyys.<\/p>\n<\/li>\n<li data-start=\"7891\" data-end=\"7959\">\n<p data-start=\"7894\" data-end=\"7959\"><strong data-start=\"7894\" data-end=\"7913\">Suorita testit<\/strong> valvotussa laboratorioymp\u00e4rist\u00f6ss\u00e4.<\/p>\n<\/li>\n<li data-start=\"7960\" data-end=\"8035\">\n<p data-start=\"7963\" data-end=\"8035\"><strong data-start=\"7963\" data-end=\"7989\">Poista j\u00e4tteet<\/strong> sovellettavien turvallisuusohjeiden mukaisesti.<\/p>\n<\/li>\n<\/ol>\n<blockquote data-start=\"8037\" data-end=\"8114\">\n<p data-start=\"8039\" data-end=\"8114\">\u2697\ufe0f <strong data-start=\"8042\" data-end=\"8114\">Vain laboratoriotesteihin - ei ihmisravinnoksi.<\/strong><\/p>\n<\/blockquote>\n<hr data-start=\"8116\" data-end=\"8119\" \/>\n<h3 data-start=\"8121\" data-end=\"8146\"><strong data-start=\"8125\" data-end=\"8146\">S\u00e4ilytysohjeet<\/strong><\/h3>\n<ul data-start=\"8148\" data-end=\"8316\">\n<li data-start=\"8148\" data-end=\"8190\">\n<p data-start=\"8150\" data-end=\"8190\">Tallenna osoitteessa <strong data-start=\"8161\" data-end=\"8170\">2-8\u00b0C<\/strong>, kuiva ja tumma.<\/p>\n<\/li>\n<li data-start=\"8191\" data-end=\"8227\">\n<p data-start=\"8193\" data-end=\"8227\">Pid\u00e4 s\u00e4ili\u00f6 tiiviisti suljettuna.<\/p>\n<\/li>\n<li data-start=\"8228\" data-end=\"8273\">\n<p data-start=\"8230\" data-end=\"8273\">Suojaa <strong data-start=\"8245\" data-end=\"8270\">valo, kosteus ja l\u00e4mp\u00f6<\/strong>.<\/p>\n<\/li>\n<li data-start=\"8274\" data-end=\"8316\">\n<p data-start=\"8276\" data-end=\"8316\">S\u00e4ilytett\u00e4v\u00e4 asiattomien henkil\u00f6iden ulottumattomissa.<\/p>\n<\/li>\n<\/ul>\n<hr data-start=\"8318\" data-end=\"8321\" \/>\n<h3 data-start=\"8323\" data-end=\"8358\"><strong data-start=\"8327\" data-end=\"8358\">Usein kysytyt kysymykset (FAQ)<\/strong><\/h3>\n<p data-start=\"8360\" data-end=\"8526\"><strong data-start=\"8360\" data-end=\"8403\">1. Mihin 4-FMA 100mg k\u00e4ytet\u00e4\u00e4n?<\/strong><br data-start=\"8403\" data-end=\"8406\" \/>Osoitteessa <strong data-start=\"8411\" data-end=\"8459\">analyyttinen, kemiallinen ja rikostekninen testaus<\/strong>, erityisesti <strong data-start=\"8474\" data-end=\"8523\">kromatografiset ja spektroskooppiset tutkimukset<\/strong>.<\/p>\n<p data-start=\"8528\" data-end=\"8720\"><strong data-start=\"8528\" data-end=\"8569\">2. Onko 4-FMA sopiva kulutukseen?<\/strong><br data-start=\"8569\" data-end=\"8572\" \/>Ei. <strong data-start=\"8577\" data-end=\"8600\">4-FMA 100mg pelletit<\/strong> sen <strong data-start=\"8606\" data-end=\"8656\">tarkoitettu yksinomaan laboratoriotesteihin<\/strong> ja <strong data-start=\"8660\" data-end=\"8717\">ei kelpaa ihmisten tai el\u00e4inten ravinnoksi<\/strong>.<\/p>\n<p data-start=\"8722\" data-end=\"8866\"><strong data-start=\"8722\" data-end=\"8764\">3. Mik\u00e4 on paras tapa s\u00e4ilytt\u00e4\u00e4 4-FMA?<\/strong><br data-start=\"8764\" data-end=\"8767\" \/>Tallenna osoitteessa <strong data-start=\"8778\" data-end=\"8787\">2-8\u00b0C<\/strong> a <strong data-start=\"8795\" data-end=\"8829\">viile\u00e4ss\u00e4, kuivassa ja pime\u00e4ss\u00e4 paikassa<\/strong> in a <strong data-start=\"8837\" data-end=\"8863\">ilmatiivis pakkaus<\/strong>.<\/p>\n<hr data-start=\"8868\" data-end=\"8871\" \/>\n<h3 data-start=\"8873\" data-end=\"8890\"><strong data-start=\"8877\" data-end=\"8890\">P\u00e4\u00e4telm\u00e4<\/strong><\/h3>\n<p data-start=\"8892\" data-end=\"9195\"><strong data-start=\"8892\" data-end=\"8915\">4-FMA 100mg pelletit<\/strong> tarjous <strong data-start=\"8923\" data-end=\"8988\">poikkeuksellinen puhtaus, vakaus ja toistettavuus<\/strong>, ihanteellinen <strong data-start=\"9002\" data-end=\"9054\">ammattimainen analyyttinen ja rikostekninen tutkinta<\/strong>.<br data-start=\"9055\" data-end=\"9058\" \/>Luotettava valinta laboratorioille, jotka keskittyv\u00e4t <strong data-start=\"9117\" data-end=\"9192\">fenetyyliamiiniyhdisteiden kemialliset analyysit ja rakennetutkimukset<\/strong>.<\/p>","protected":false},"excerpt":{"rendered":"<h3><span dir=\"auto\" style=\"vertical-align: inherit;\"><span dir=\"auto\" style=\"vertical-align: inherit;\"><span dir=\"auto\" style=\"vertical-align: inherit;\"><span dir=\"auto\" style=\"vertical-align: inherit;\">4-FMA properties<\/span><\/span><\/span><\/span><\/h3>\n<p><strong><span dir=\"auto\" style=\"vertical-align: inherit;\"><span dir=\"auto\" style=\"vertical-align: inherit;\"><span dir=\"auto\" style=\"vertical-align: inherit;\"><span dir=\"auto\" style=\"vertical-align: inherit;\">Synonym:<\/span><\/span><\/span><\/span><\/strong><span dir=\"auto\" style=\"vertical-align: inherit;\"><span dir=\"auto\" style=\"vertical-align: inherit;\"><span dir=\"auto\" style=\"vertical-align: inherit;\"><span dir=\"auto\" style=\"vertical-align: inherit;\"> 1-(4-Fluorophenyl)-N-methylpropan-2-amine <\/span><\/span><\/span><\/span><br \/>\n<strong><span dir=\"auto\" style=\"vertical-align: inherit;\"><span dir=\"auto\" style=\"vertical-align: inherit;\"><span dir=\"auto\" style=\"vertical-align: inherit;\"><span dir=\"auto\" style=\"vertical-align: inherit;\">CAS Number:<\/span><\/span><\/span><\/span><\/strong><span dir=\"auto\" style=\"vertical-align: inherit;\"><span dir=\"auto\" style=\"vertical-align: inherit;\"><span dir=\"auto\" style=\"vertical-align: inherit;\"><span dir=\"auto\" style=\"vertical-align: inherit;\"> 52063-62-4 <\/span><\/span><\/span><\/span><br \/>\n<strong><span dir=\"auto\" style=\"vertical-align: inherit;\"><span dir=\"auto\" style=\"vertical-align: inherit;\"><span dir=\"auto\" style=\"vertical-align: inherit;\"><span dir=\"auto\" style=\"vertical-align: inherit;\">Formula: <\/span><\/span><\/span><\/span><\/strong> <span title=\"Carbon\"><span dir=\"auto\" style=\"vertical-align: inherit;\"><span dir=\"auto\" style=\"vertical-align: inherit;\"><span dir=\"auto\" style=\"vertical-align: inherit;\"><span dir=\"auto\" style=\"vertical-align: inherit;\">C <\/span><\/span><\/span><\/span><\/span><sub><span dir=\"auto\" style=\"vertical-align: inherit;\"><span dir=\"auto\" style=\"vertical-align: inherit;\"><span dir=\"auto\" style=\"vertical-align: inherit;\"><span dir=\"auto\" style=\"vertical-align: inherit;\">10 <\/span><\/span><\/span><\/span><\/sub><span title=\"Hydrogen\"><span dir=\"auto\" style=\"vertical-align: inherit;\"><span dir=\"auto\" style=\"vertical-align: inherit;\"><span dir=\"auto\" style=\"vertical-align: inherit;\"><span dir=\"auto\" style=\"vertical-align: inherit;\">H <\/span><\/span><\/span><\/span><\/span><sub><span dir=\"auto\" style=\"vertical-align: inherit;\"><span dir=\"auto\" style=\"vertical-align: inherit;\"><span dir=\"auto\" style=\"vertical-align: inherit;\"><span dir=\"auto\" style=\"vertical-align: inherit;\">14 <\/span><\/span><\/span><\/span><\/sub><span title=\"Fluorine\"><span dir=\"auto\" style=\"vertical-align: inherit;\"><span dir=\"auto\" style=\"vertical-align: inherit;\"><span dir=\"auto\" style=\"vertical-align: inherit;\"><span dir=\"auto\" style=\"vertical-align: inherit;\">F <\/span><\/span><\/span><\/span><\/span><span title=\"Nitrogen\"><span dir=\"auto\" style=\"vertical-align: inherit;\"><span dir=\"auto\" style=\"vertical-align: inherit;\"><span dir=\"auto\" style=\"vertical-align: inherit;\"><span dir=\"auto\" style=\"vertical-align: inherit;\">N <\/span><\/span><\/span><\/span><\/span><br \/>\n<strong><span dir=\"auto\" style=\"vertical-align: inherit;\"><span dir=\"auto\" style=\"vertical-align: inherit;\"><span dir=\"auto\" style=\"vertical-align: inherit;\"><span dir=\"auto\" style=\"vertical-align: inherit;\">Molar mass: <\/span><\/span><\/span><\/span><\/strong> <span class=\"nowrap\"><span dir=\"auto\" style=\"vertical-align: inherit;\"><span dir=\"auto\" style=\"vertical-align: inherit;\"><span dir=\"auto\" style=\"vertical-align: inherit;\"><span dir=\"auto\" style=\"vertical-align: inherit;\">167.227<\/span><\/span><\/span><\/span><\/span><span dir=\"auto\" style=\"vertical-align: inherit;\"><span dir=\"auto\" style=\"vertical-align: inherit;\"><span dir=\"auto\" style=\"vertical-align: inherit;\"><span dir=\"auto\" style=\"vertical-align: inherit;\"> \u00a0g mol <\/span><\/span><\/span><\/span><sup><span dir=\"auto\" style=\"vertical-align: inherit;\"><span dir=\"auto\" style=\"vertical-align: inherit;\"><span dir=\"auto\" style=\"vertical-align: inherit;\"><span dir=\"auto\" style=\"vertical-align: inherit;\">\u22121 <\/span><\/span><\/span><\/span><\/sup><br \/>\n<strong><span dir=\"auto\" style=\"vertical-align: inherit;\"><span dir=\"auto\" style=\"vertical-align: inherit;\"><span dir=\"auto\" style=\"vertical-align: inherit;\"><span dir=\"auto\" style=\"vertical-align: inherit;\">Purity:<\/span><\/span><\/span><\/span><\/strong><span dir=\"auto\" style=\"vertical-align: inherit;\"><span dir=\"auto\" style=\"vertical-align: inherit;\"><span dir=\"auto\" style=\"vertical-align: inherit;\"><span dir=\"auto\" style=\"vertical-align: inherit;\"> &gt;98%<\/span><\/span><\/span><\/span><\/p>","protected":false},"featured_media":20228,"comment_status":"closed","ping_status":"closed","template":"","meta":[],"product_brand":[79],"product_cat":[145,343,73,88,127],"product_tag":[344,147,345,346,78],"class_list":{"0":"post-18679","1":"product","2":"type-product","3":"status-publish","4":"has-post-thumbnail","6":"product_brand-research-chemical","7":"product_cat-4-fma","8":"product_cat-4-fma-pellets","9":"product_cat-bijna-verboden","10":"product_cat-gefluoreerden","11":"product_cat-pellets","12":"product_tag-4-fa-kopen","13":"product_tag-4-fma","14":"product_tag-4fma-bestellen","15":"product_tag-4fma-kopen","16":"product_tag-nl","18":"first","19":"instock","20":"shipping-taxable","21":"purchasable","22":"product-type-variable"},"_links":{"self":[{"href":"https:\/\/researchchemicalsweb.com\/fi\/wp-json\/wp\/v2\/product\/18679","targetHints":{"allow":["GET"]}}],"collection":[{"href":"https:\/\/researchchemicalsweb.com\/fi\/wp-json\/wp\/v2\/product"}],"about":[{"href":"https:\/\/researchchemicalsweb.com\/fi\/wp-json\/wp\/v2\/types\/product"}],"replies":[{"embeddable":true,"href":"https:\/\/researchchemicalsweb.com\/fi\/wp-json\/wp\/v2\/comments?post=18679"}],"version-history":[{"count":1,"href":"https:\/\/researchchemicalsweb.com\/fi\/wp-json\/wp\/v2\/product\/18679\/revisions"}],"predecessor-version":[{"id":18735,"href":"https:\/\/researchchemicalsweb.com\/fi\/wp-json\/wp\/v2\/product\/18679\/revisions\/18735"}],"wp:featuredmedia":[{"embeddable":true,"href":"https:\/\/researchchemicalsweb.com\/fi\/wp-json\/wp\/v2\/media\/20228"}],"wp:attachment":[{"href":"https:\/\/researchchemicalsweb.com\/fi\/wp-json\/wp\/v2\/media?parent=18679"}],"wp:term":[{"taxonomy":"product_brand","embeddable":true,"href":"https:\/\/researchchemicalsweb.com\/fi\/wp-json\/wp\/v2\/product_brand?post=18679"},{"taxonomy":"product_cat","embeddable":true,"href":"https:\/\/researchchemicalsweb.com\/fi\/wp-json\/wp\/v2\/product_cat?post=18679"},{"taxonomy":"product_tag","embeddable":true,"href":"https:\/\/researchchemicalsweb.com\/fi\/wp-json\/wp\/v2\/product_tag?post=18679"}],"curies":[{"name":"wp","href":"https:\/\/api.w.org\/{rel}","templated":true}]}}