{"id":18668,"date":"2025-12-16T20:46:35","date_gmt":"2025-12-16T20:46:35","guid":{"rendered":"https:\/\/researchchemicalsweb.com\/?post_type=product&#038;p=18668"},"modified":"2026-02-17T14:24:30","modified_gmt":"2026-02-17T14:24:30","slug":"norflurazepam-5-mg-pellets","status":"publish","type":"product","link":"https:\/\/researchchemicalsweb.com\/fi\/tuote\/norflurazepam-5-mg-pellets\/","title":{"rendered":"Norfluratsepaami 5 MG Pelletit"},"content":{"rendered":"<div class=\"dad65929\">\n<div class=\"_4f9bf79 d7dc56a8 _43c05b5\">\n<div class=\"ds-markdown ds-markdown--block\">\n<h3 data-start=\"6228\" data-end=\"6247\"><strong data-start=\"6232\" data-end=\"6247\">Johdanto<\/strong><\/h3>\n<p data-start=\"6249\" data-end=\"6610\"><strong data-start=\"6249\" data-end=\"6278\">Norflurazepam 5mg Pellets<\/strong> sen <strong data-start=\"6284\" data-end=\"6331\">analyyttiset tutkimusaineet<\/strong>, speciaal ontwikkeld voor <strong data-start=\"6358\" data-end=\"6412\">wetenschappelijk, forensisch en chemisch onderzoek<\/strong>. Norflurazepam 5mg Pellets<br data-start=\"6413\" data-end=\"6416\" \/>Ook bekend als <strong data-start=\"6431\" data-end=\"6453\">Desalkylflurazepam<\/strong>, behoort deze verbinding tot de <strong data-start=\"6486\" data-end=\"6510\">benzodiazepineklasse<\/strong> en is een <strong data-start=\"6521\" data-end=\"6563\">metaboliet van diverse benzodiazepinen<\/strong>, waaronder <strong data-start=\"6575\" data-end=\"6589\">Flurazepam<\/strong> ja <strong data-start=\"6593\" data-end=\"6607\">Diclazepam<\/strong>.<\/p>\n<p data-start=\"6612\" data-end=\"6857\">Tuotettu <strong data-start=\"6631\" data-end=\"6672\">GLP (Good Laboratory Practice) -standardit<\/strong>, bieden deze pellets een <strong data-start=\"6698\" data-end=\"6721\">\u226599%:n puhtaus<\/strong>, <strong data-start=\"6723\" data-end=\"6748\">kemiallinen stabiilisuus<\/strong> ja <strong data-start=\"6752\" data-end=\"6775\">tasainen laatu<\/strong>.<br data-start=\"6776\" data-end=\"6779\" \/>Ideaal voor <strong data-start=\"6791\" data-end=\"6854\">chromatografische, spectroscopische en structurele analyses<\/strong>.<\/p>\n<blockquote data-start=\"6859\" data-end=\"7003\">\n<p data-start=\"6861\" data-end=\"7003\">\u26a0\ufe0f <strong data-start=\"6864\" data-end=\"6875\">Huom:<\/strong> T\u00e4m\u00e4 tuote on <strong data-start=\"6891\" data-end=\"6941\">tarkoitettu yksinomaan laboratoriotesteihin<\/strong> ja <strong data-start=\"6945\" data-end=\"7002\">ei kelpaa ihmisten tai el\u00e4inten ravinnoksi<\/strong>.<\/p>\n<\/blockquote>\n<hr data-start=\"7005\" data-end=\"7008\" \/>\n<h3 data-start=\"7010\" data-end=\"7041\"><strong data-start=\"7014\" data-end=\"7041\">T\u00e4rkeimm\u00e4t ominaisuudet<\/strong><\/h3>\n<ul data-start=\"7043\" data-end=\"7484\">\n<li data-start=\"7043\" data-end=\"7125\">\n<p data-start=\"7045\" data-end=\"7125\"><strong data-start=\"7045\" data-end=\"7077\">Korkea analyyttinen puhtaus:<\/strong> \u226599% getest met chromatografische technieken.<\/p>\n<\/li>\n<li data-start=\"7126\" data-end=\"7191\">\n<p data-start=\"7128\" data-end=\"7191\"><strong data-start=\"7128\" data-end=\"7148\">Tarkka annostus:<\/strong> Jokainen pelletti sis\u00e4lt\u00e4\u00e4 <strong data-start=\"7167\" data-end=\"7188\">5mg Norflurazepam<\/strong>.<\/p>\n<\/li>\n<li data-start=\"7192\" data-end=\"7258\">\n<p data-start=\"7194\" data-end=\"7258\"><strong data-start=\"7194\" data-end=\"7215\">Kemiallisesti stabiili:<\/strong> Kest\u00e4\u00e4 hajoamista oikein varastoituna.<\/p>\n<\/li>\n<li data-start=\"7259\" data-end=\"7328\">\n<p data-start=\"7261\" data-end=\"7328\"><strong data-start=\"7261\" data-end=\"7279\">GLP-tuotanto:<\/strong> Geproduceerd onder strikte laboratoriumnormen.<\/p>\n<\/li>\n<li data-start=\"7329\" data-end=\"7404\">\n<p data-start=\"7331\" data-end=\"7404\"><strong data-start=\"7331\" data-end=\"7348\">Er\u00e4testattu:<\/strong> Elke batch gecontroleerd op identiteit en zuiverheid. Norflurazepam 5mg Pellets<\/p>\n<\/li>\n<li data-start=\"7405\" data-end=\"7484\">\n<p data-start=\"7407\" data-end=\"7484\"><strong data-start=\"7407\" data-end=\"7430\">Turvallinen pakkaus:<\/strong> Luchtdicht en verzegeld voor optimale houdbaarheid.<\/p>\n<\/li>\n<\/ul>\n<hr data-start=\"7486\" data-end=\"7489\" \/>\n<h3 data-start=\"7491\" data-end=\"7508\"><strong data-start=\"7495\" data-end=\"7508\">Edut<\/strong><\/h3>\n<ol data-start=\"7510\" data-end=\"7970\">\n<li data-start=\"7510\" data-end=\"7601\">\n<p data-start=\"7513\" data-end=\"7601\"><strong data-start=\"7513\" data-end=\"7550\">Betrouwbare onderzoeksresultaten:<\/strong> Hoge zuiverheid garandeert reproduceerbare data.<\/p>\n<\/li>\n<li data-start=\"7602\" data-end=\"7690\">\n<p data-start=\"7605\" data-end=\"7690\"><strong data-start=\"7605\" data-end=\"7632\">Pitk\u00e4n aikav\u00e4lin vakaus:<\/strong> Bestand tegen licht, vocht en temperatuurschommelingen.<\/p>\n<\/li>\n<li data-start=\"7691\" data-end=\"7771\">\n<p data-start=\"7694\" data-end=\"7771\"><strong data-start=\"7694\" data-end=\"7722\">Gemakkelijk te hanteren:<\/strong> Pelletvorm vereenvoudigt nauwkeurige dosering.<\/p>\n<\/li>\n<li data-start=\"7772\" data-end=\"7855\">\n<p data-start=\"7775\" data-end=\"7855\"><strong data-start=\"7775\" data-end=\"7803\">Professionele standaard:<\/strong> Geschikt voor forensisch en analytisch onderzoek.<\/p>\n<\/li>\n<li data-start=\"7856\" data-end=\"7970\">\n<p data-start=\"7859\" data-end=\"7970\"><strong data-start=\"7859\" data-end=\"7880\">Laajasti sovellettavissa:<\/strong> Ideaal voor <strong data-start=\"7893\" data-end=\"7967\">benzodiazepine-analyse, metabolietonderzoek en chemische identificatie<\/strong>.<\/p>\n<\/li>\n<\/ol>\n<hr data-start=\"7972\" data-end=\"7975\" \/>\n<h3 data-start=\"7977\" data-end=\"8016\"><strong data-start=\"7981\" data-end=\"8016\">K\u00e4ytt\u00f6 (vain tutkimus)<\/strong><\/h3>\n<ol data-start=\"8018\" data-end=\"8403\">\n<li data-start=\"8018\" data-end=\"8105\">\n<p data-start=\"8021\" data-end=\"8105\"><strong data-start=\"8021\" data-end=\"8052\">K\u00e4yt\u00e4 suojavaatetusta:<\/strong> K\u00e4sineet, suojalasit ja laboratoriotakki pakolliset.<\/p>\n<\/li>\n<li data-start=\"8106\" data-end=\"8177\">\n<p data-start=\"8109\" data-end=\"8177\"><strong data-start=\"8109\" data-end=\"8148\">Gebruik in gecontroleerde omgeving:<\/strong> Werk schoon en nauwkeurig.<\/p>\n<\/li>\n<li data-start=\"8178\" data-end=\"8259\">\n<p data-start=\"8181\" data-end=\"8259\"><strong data-start=\"8181\" data-end=\"8208\">Huomautus er\u00e4n tiedot:<\/strong> Registreer zuiverheid, hoeveelheid en condities.<\/p>\n<\/li>\n<li data-start=\"8260\" data-end=\"8329\">\n<p data-start=\"8263\" data-end=\"8329\"><strong data-start=\"8263\" data-end=\"8300\">Gebruik gekalibreerde apparatuur:<\/strong> Voor betrouwbare metingen.<\/p>\n<\/li>\n<li data-start=\"8330\" data-end=\"8403\">\n<p data-start=\"8333\" data-end=\"8403\"><strong data-start=\"8333\" data-end=\"8367\">Verwijder afvalstoffen veilig:<\/strong> Volg de veiligheidsvoorschriften.<\/p>\n<\/li>\n<\/ol>\n<blockquote data-start=\"8405\" data-end=\"8490\">\n<p data-start=\"8407\" data-end=\"8490\">\u2697\ufe0f <strong data-start=\"8410\" data-end=\"8490\">Vain laboratoriotesteihin - ei ihmisravinnoksi.<\/strong><\/p>\n<\/blockquote>\n<hr data-start=\"8492\" data-end=\"8495\" \/>\n<h3 data-start=\"8497\" data-end=\"8522\"><strong data-start=\"8501\" data-end=\"8522\">S\u00e4ilytysohjeet<\/strong><\/h3>\n<ul data-start=\"8524\" data-end=\"8692\">\n<li data-start=\"8524\" data-end=\"8566\">\n<p data-start=\"8526\" data-end=\"8566\">Tallenna osoitteessa <strong data-start=\"8537\" data-end=\"8546\">2-8\u00b0C<\/strong>, kuiva ja tumma.<\/p>\n<\/li>\n<li data-start=\"8567\" data-end=\"8603\">\n<p data-start=\"8569\" data-end=\"8603\">Pid\u00e4 s\u00e4ili\u00f6 tiiviisti suljettuna.<\/p>\n<\/li>\n<li data-start=\"8604\" data-end=\"8649\">\n<p data-start=\"8606\" data-end=\"8649\">Suojaa <strong data-start=\"8621\" data-end=\"8646\">valo, l\u00e4mp\u00f6 ja kosteus<\/strong>.<\/p>\n<\/li>\n<li data-start=\"8650\" data-end=\"8692\">\n<p data-start=\"8652\" data-end=\"8692\">S\u00e4ilytett\u00e4v\u00e4 asiattomien henkil\u00f6iden ulottumattomissa.<\/p>\n<\/li>\n<\/ul>\n<hr data-start=\"8694\" data-end=\"8697\" \/>\n<h3 data-start=\"8699\" data-end=\"8734\"><strong data-start=\"8703\" data-end=\"8734\">Usein kysytyt kysymykset (FAQ)<\/strong><\/h3>\n<p data-start=\"8736\" data-end=\"8910\"><strong data-start=\"8736\" data-end=\"8781\">1. Waarvoor wordt Norflurazepam gebruikt?<\/strong><br data-start=\"8781\" data-end=\"8784\" \/>Osoitteessa <strong data-start=\"8789\" data-end=\"8827\">analyyttinen ja rikostekninen tutkimus<\/strong>, met name op het gebied van <strong data-start=\"8856\" data-end=\"8907\">benzodiazepine-metabolisme en chemische analyse<\/strong>.<\/p>\n<p data-start=\"8912\" data-end=\"9129\"><strong data-start=\"8912\" data-end=\"8972\">2. Is Norflurazepam geschikt voor menselijke consumptie?<\/strong><br data-start=\"8972\" data-end=\"8975\" \/>Ei. <strong data-start=\"8980\" data-end=\"9009\">Norflurazepam 5mg Pellets<\/strong> sen <strong data-start=\"9015\" data-end=\"9065\">tarkoitettu yksinomaan laboratoriotesteihin<\/strong> ja <strong data-start=\"9069\" data-end=\"9126\">ei kelpaa ihmisten tai el\u00e4inten ravinnoksi<\/strong>.<\/p>\n<p data-start=\"9131\" data-end=\"9277\"><strong data-start=\"9131\" data-end=\"9176\">3. Hoe bewaar ik Norflurazepam het beste?<\/strong><br data-start=\"9176\" data-end=\"9179\" \/>S\u00e4ilyt\u00e4 <strong data-start=\"9193\" data-end=\"9235\">koele, droge en donkere plaats (2\u20138\u00b0C)<\/strong>, in een <strong data-start=\"9244\" data-end=\"9274\">goed afgesloten verpakking<\/strong>.<\/p>\n<hr data-start=\"9279\" data-end=\"9282\" \/>\n<h3 data-start=\"9284\" data-end=\"9301\"><strong data-start=\"9288\" data-end=\"9301\">P\u00e4\u00e4telm\u00e4<\/strong><\/h3>\n<p data-start=\"9303\" data-end=\"9597\"><strong data-start=\"9303\" data-end=\"9332\">Norflurazepam 5mg Pellets<\/strong> tarjous <strong data-start=\"9340\" data-end=\"9398\">uitzonderlijke zuiverheid, stabiliteit en consistentie<\/strong>, ihanteellinen <strong data-start=\"9412\" data-end=\"9464\">ammattimainen analyyttinen ja rikostekninen tutkinta<\/strong>.<br data-start=\"9465\" data-end=\"9468\" \/>Luotettava valinta laboratorioille, jotka keskittyv\u00e4t <strong data-start=\"9527\" data-end=\"9594\">benzodiazepine-analyse, chromatografie en structureel onderzoek<\/strong>.<\/p>\n<\/div>\n<\/div>\n<\/div>","protected":false},"excerpt":{"rendered":"<h3><span data-sheets-value=\"{\" data-sheets-userformat=\"{\"><span style=\"vertical-align: inherit;\"><span style=\"vertical-align: inherit;\"><span dir=\"auto\" style=\"vertical-align: inherit;\"><span dir=\"auto\" style=\"vertical-align: inherit;\">Norflurazepam properties<\/span><\/span><\/span><\/span><\/span><\/h3>\n<p><strong><span style=\"vertical-align: inherit;\"><span style=\"vertical-align: inherit;\"><span dir=\"auto\" style=\"vertical-align: inherit;\"><span dir=\"auto\" style=\"vertical-align: inherit;\">Synonym:<\/span><\/span><\/span><\/span><\/strong><span style=\"vertical-align: inherit;\"><span style=\"vertical-align: inherit;\"><span dir=\"auto\" style=\"vertical-align: inherit;\"><span dir=\"auto\" style=\"vertical-align: inherit;\"> Norfluratsepaami <\/span><\/span><\/span><\/span><br \/>\n<strong><span style=\"vertical-align: inherit;\"><span style=\"vertical-align: inherit;\"><span dir=\"auto\" style=\"vertical-align: inherit;\"><span dir=\"auto\" style=\"vertical-align: inherit;\">CAS Number:<\/span><\/span><\/span><\/span><\/strong><span style=\"vertical-align: inherit;\"><span style=\"vertical-align: inherit;\"><span dir=\"auto\" style=\"vertical-align: inherit;\"><span dir=\"auto\" style=\"vertical-align: inherit;\"> 2886-65-9 <\/span><\/span><\/span><\/span><br \/>\n<strong><span style=\"vertical-align: inherit;\"><span style=\"vertical-align: inherit;\"><span dir=\"auto\" style=\"vertical-align: inherit;\"><span dir=\"auto\" style=\"vertical-align: inherit;\">Formula:<\/span><\/span><\/span><\/span><\/strong><span style=\"vertical-align: inherit;\"><span style=\"vertical-align: inherit;\"><span dir=\"auto\" style=\"vertical-align: inherit;\"><span dir=\"auto\" style=\"vertical-align: inherit;\"> 7-chloro-5-(2-fluorophenyl)-1,3-dihydro-2H-1,4-benzodiazepin-2-one <\/span><\/span><\/span><\/span><br \/>\n<strong><span style=\"vertical-align: inherit;\"><span style=\"vertical-align: inherit;\"><span dir=\"auto\" style=\"vertical-align: inherit;\"><span dir=\"auto\" style=\"vertical-align: inherit;\">Molar Mass:<\/span><\/span><\/span><\/span><\/strong><span style=\"vertical-align: inherit;\"><span style=\"vertical-align: inherit;\"><span dir=\"auto\" style=\"vertical-align: inherit;\"><span dir=\"auto\" style=\"vertical-align: inherit;\"> 299.3 g\/mol <\/span><\/span><\/span><\/span><br \/>\n<strong><span style=\"vertical-align: inherit;\"><span style=\"vertical-align: inherit;\"><span dir=\"auto\" style=\"vertical-align: inherit;\"><span dir=\"auto\" style=\"vertical-align: inherit;\">Purity:<\/span><\/span><\/span><\/span><\/strong><span style=\"vertical-align: inherit;\"><span style=\"vertical-align: inherit;\"><span dir=\"auto\" style=\"vertical-align: inherit;\"><span dir=\"auto\" style=\"vertical-align: inherit;\"> &gt;97%<\/span><\/span><\/span><\/span><\/p>","protected":false},"featured_media":20381,"comment_status":"closed","ping_status":"closed","template":"","meta":[],"product_brand":[],"product_cat":[130,218,449,127,82],"product_tag":[78,219],"class_list":{"0":"post-18668","1":"product","2":"type-product","3":"status-publish","4":"has-post-thumbnail","6":"product_cat-benzodiazepinen","7":"product_cat-norflurazepam","8":"product_cat-norflurazepam-pellets","9":"product_cat-pellets","10":"product_cat-sale","11":"product_tag-nl","12":"product_tag-norflurazepam","14":"first","15":"instock","16":"sale","17":"shipping-taxable","18":"purchasable","19":"product-type-variable"},"_links":{"self":[{"href":"https:\/\/researchchemicalsweb.com\/fi\/wp-json\/wp\/v2\/product\/18668","targetHints":{"allow":["GET"]}}],"collection":[{"href":"https:\/\/researchchemicalsweb.com\/fi\/wp-json\/wp\/v2\/product"}],"about":[{"href":"https:\/\/researchchemicalsweb.com\/fi\/wp-json\/wp\/v2\/types\/product"}],"replies":[{"embeddable":true,"href":"https:\/\/researchchemicalsweb.com\/fi\/wp-json\/wp\/v2\/comments?post=18668"}],"version-history":[{"count":1,"href":"https:\/\/researchchemicalsweb.com\/fi\/wp-json\/wp\/v2\/product\/18668\/revisions"}],"predecessor-version":[{"id":18723,"href":"https:\/\/researchchemicalsweb.com\/fi\/wp-json\/wp\/v2\/product\/18668\/revisions\/18723"}],"wp:featuredmedia":[{"embeddable":true,"href":"https:\/\/researchchemicalsweb.com\/fi\/wp-json\/wp\/v2\/media\/20381"}],"wp:attachment":[{"href":"https:\/\/researchchemicalsweb.com\/fi\/wp-json\/wp\/v2\/media?parent=18668"}],"wp:term":[{"taxonomy":"product_brand","embeddable":true,"href":"https:\/\/researchchemicalsweb.com\/fi\/wp-json\/wp\/v2\/product_brand?post=18668"},{"taxonomy":"product_cat","embeddable":true,"href":"https:\/\/researchchemicalsweb.com\/fi\/wp-json\/wp\/v2\/product_cat?post=18668"},{"taxonomy":"product_tag","embeddable":true,"href":"https:\/\/researchchemicalsweb.com\/fi\/wp-json\/wp\/v2\/product_tag?post=18668"}],"curies":[{"name":"wp","href":"https:\/\/api.w.org\/{rel}","templated":true}]}}