{"id":19500,"date":"2025-12-16T21:09:14","date_gmt":"2025-12-16T21:09:14","guid":{"rendered":"https:\/\/researchchemicalsweb.com\/?post_type=product&#038;p=19500"},"modified":"2026-02-17T14:21:03","modified_gmt":"2026-02-17T14:21:03","slug":"mxp-metoksfenidiin","status":"publish","type":"product","link":"https:\/\/researchchemicalsweb.com\/et\/toode\/mxp-metoksfenidiin\/","title":{"rendered":"MXP (metoksfenidiin)"},"content":{"rendered":"<h3 data-start=\"4111\" data-end=\"4132\"><strong data-start=\"4115\" data-end=\"4130\">Sissejuhatus<\/strong><\/h3>\n<p data-start=\"4133\" data-end=\"4445\"><strong data-start=\"4133\" data-end=\"4158\">MXP (metoksfenidiin)<\/strong>, tuntud ka kui <strong data-start=\"4175\" data-end=\"4196\">2-MeO-difenidiin<\/strong>, on <strong data-start=\"4205\" data-end=\"4246\">s\u00fcnteetiline dissotsiatiivne \u00fchend<\/strong> Diarylet\u00fc\u00fclamiini klassist. Struktuuriliselt seotud <strong data-start=\"4303\" data-end=\"4318\">difenidiin<\/strong> ja <strong data-start=\"4322\" data-end=\"4336\">efenidiin<\/strong>, MXP-d kasutatakse <strong data-start=\"4360\" data-end=\"4402\">farmakoloogilised ja anal\u00fc\u00fctilised uuringud<\/strong> nagu <strong data-start=\"4407\" data-end=\"4442\">NMDA retseptori antagonisti analoog<\/strong>. Metoksfenidiin<\/p>\n<p data-start=\"4447\" data-end=\"4809\">Seda kohaldatakse <strong data-start=\"4470\" data-end=\"4523\">neurokeemilised, anal\u00fc\u00fctilised ja kohtuekspertiisiuuringud<\/strong> NMDA retseptori seondumise, struktuuri ja aktiivsuse seoste (SAR) ning avastamismeetodite kohta.<br data-start=\"4610\" data-end=\"4613\" \/><strong data-start=\"4613\" data-end=\"4638\">MXP (metoksfenidiin)<\/strong> on esitatud kujul <strong data-start=\"4658\" data-end=\"4698\">k\u00f5rge puhtusastmega kristalliline pulber (\u226598%)<\/strong> ja on m\u00f5eldud \u00fcksnes <strong data-start=\"4730\" data-end=\"4755\">laboratoorsed uuringud<\/strong> \u2014 <strong data-start=\"4758\" data-end=\"4806\">ei ole ette n\u00e4htud inim- ega loomatoiduks<\/strong>.<\/p>\n<hr data-start=\"4811\" data-end=\"4814\" \/>\n<h3 data-start=\"4816\" data-end=\"4847\"><strong data-start=\"4820\" data-end=\"4847\">P\u00f5hijooned<\/strong><\/h3>\n<div class=\"_tableContainer_1rjym_1\">\n<div class=\"group _tableWrapper_1rjym_13 flex w-fit flex-col-reverse\" tabindex=\"-1\">\n<table class=\"w-fit min-w-(--thread-content-width)\" data-start=\"4849\" data-end=\"5348\">\n<thead data-start=\"4849\" data-end=\"4875\">\n<tr data-start=\"4849\" data-end=\"4875\">\n<th data-start=\"4849\" data-end=\"4859\" data-col-size=\"sm\">Funktsioon<\/th>\n<th data-start=\"4859\" data-end=\"4875\" data-col-size=\"md\">Kirjeldus<\/th>\n<\/tr>\n<\/thead>\n<tbody data-start=\"4904\" data-end=\"5348\">\n<tr data-start=\"4904\" data-end=\"4987\">\n<td data-start=\"4904\" data-end=\"4925\" data-col-size=\"sm\"><strong data-start=\"4906\" data-end=\"4924\">Keemiline nimetus<\/strong><\/td>\n<td data-start=\"4925\" data-end=\"4987\" data-col-size=\"md\">(\u00b1)-1-(1,2-difen\u00fc\u00fclet\u00fc\u00fcl)piperidiin-2-oon (2-metoksfenidiin)<\/td>\n<\/tr>\n<tr data-start=\"4988\" data-end=\"5040\">\n<td data-start=\"4988\" data-end=\"5013\" data-col-size=\"sm\"><strong data-start=\"4990\" data-end=\"5012\">\u00dcldine nimi<\/strong><\/td>\n<td data-start=\"5013\" data-end=\"5040\" data-col-size=\"md\">MXP \/ 2-MeO-difenidiin<\/td>\n<\/tr>\n<tr data-start=\"5041\" data-end=\"5077\">\n<td data-start=\"5041\" data-end=\"5065\" data-col-size=\"sm\"><strong data-start=\"5043\" data-end=\"5064\">Keemiline valem<\/strong><\/td>\n<td data-start=\"5065\" data-end=\"5077\" data-col-size=\"md\">C\u2081\u2088H\u2082\u2083NO<\/td>\n<\/tr>\n<tr data-start=\"5078\" data-end=\"5116\">\n<td data-start=\"5078\" data-end=\"5100\" data-col-size=\"sm\"><strong data-start=\"5080\" data-end=\"5099\">Molekulmass<\/strong><\/td>\n<td data-start=\"5100\" data-end=\"5116\" data-col-size=\"md\">269,38 g\/mol<\/td>\n<\/tr>\n<tr data-start=\"5117\" data-end=\"5186\">\n<td data-start=\"5117\" data-end=\"5140\" data-col-size=\"sm\"><strong data-start=\"5119\" data-end=\"5139\">Keemiline klass<\/strong><\/td>\n<td data-start=\"5140\" data-end=\"5186\" data-col-size=\"md\">Diarylet\u00fc\u00fclamiin \/ NMDA retseptori antagonist<\/td>\n<\/tr>\n<tr data-start=\"5187\" data-end=\"5220\">\n<td data-start=\"5187\" data-end=\"5198\" data-col-size=\"sm\"><strong data-start=\"5189\" data-end=\"5197\">Vorm<\/strong><\/td>\n<td data-start=\"5198\" data-end=\"5220\" data-col-size=\"md\">Kristalliline pulber<\/td>\n<\/tr>\n<tr data-start=\"5221\" data-end=\"5273\">\n<td data-start=\"5221\" data-end=\"5238\" data-col-size=\"sm\"><strong data-start=\"5223\" data-end=\"5237\">Puhtus<\/strong><\/td>\n<td data-start=\"5238\" data-end=\"5273\" data-col-size=\"md\">\u2265 98% (testitud GC\/MS ja NMR abil)<\/td>\n<\/tr>\n<tr data-start=\"5274\" data-end=\"5348\">\n<td data-start=\"5274\" data-end=\"5288\" data-col-size=\"sm\"><strong data-start=\"5276\" data-end=\"5287\">Kasutage<\/strong><\/td>\n<td data-start=\"5288\" data-end=\"5348\" data-col-size=\"md\">Ainult anal\u00fc\u00fctilisteks, kohtuekspertiisi- ja keemilisteks uuringuteks.<\/td>\n<\/tr>\n<\/tbody>\n<\/table>\n<\/div>\n<\/div>\n<hr data-start=\"5350\" data-end=\"5353\" \/>\n<h3 data-start=\"5355\" data-end=\"5372\"><strong data-start=\"5359\" data-end=\"5372\">Eelised<\/strong><\/h3>\n<ul data-start=\"5374\" data-end=\"5851\">\n<li data-start=\"5374\" data-end=\"5469\">\n<p data-start=\"5376\" data-end=\"5469\"><strong data-start=\"5376\" data-end=\"5406\">Anal\u00fc\u00fctiline v\u00f5rdlusaine<\/strong> - Sobib GC\/MS, LC\/MS ja toksikoloogiliseks v\u00f5rdluseks.<\/p>\n<\/li>\n<li data-start=\"5470\" data-end=\"5591\">\n<p data-start=\"5472\" data-end=\"5591\"><strong data-start=\"5472\" data-end=\"5499\">Neurokeemilised uuringud<\/strong> - Kasutatakse NMDA retseptori sidumise uuringutes ja farmakoloogilistes v\u00f5rdlustes.<\/p>\n<\/li>\n<li data-start=\"5592\" data-end=\"5676\">\n<p data-start=\"5594\" data-end=\"5676\"><strong data-start=\"5594\" data-end=\"5619\">Struktuurilised uuringud<\/strong> - Toetab difenidiini analoogide SAR-uuringuid.<\/p>\n<\/li>\n<li data-start=\"5677\" data-end=\"5755\">\n<p data-start=\"5679\" data-end=\"5755\"><strong data-start=\"5679\" data-end=\"5699\">K\u00f5rge stabiilsus<\/strong> - Kristalliline vorm tagab pika s\u00e4ilivusaja.<\/p>\n<\/li>\n<li data-start=\"5756\" data-end=\"5851\">\n<p data-start=\"5758\" data-end=\"5851\"><strong data-start=\"5758\" data-end=\"5783\">Laboratooriumi kvaliteet<\/strong> - Puhtus \u226598%, kinnitatud kromatograafia ja spektroskoopia abil.<\/p>\n<\/li>\n<\/ul>\n<hr data-start=\"5853\" data-end=\"5856\" \/>\n<h3 data-start=\"5858\" data-end=\"5910\"><strong data-start=\"5862\" data-end=\"5908\">Kasutamine (ainult teadusuuringute eesm\u00e4rgil)<\/strong><\/h3>\n<blockquote data-start=\"5912\" data-end=\"6080\">\n<p data-start=\"5914\" data-end=\"6080\">\u26a0\ufe0f <strong data-start=\"5917\" data-end=\"5928\">M\u00e4rkus:<\/strong> MXP (metoksfenidiin) on ette n\u00e4htud ainult j\u00e4rgmisteks eesm\u00e4rkideks <strong data-start=\"5979\" data-end=\"6020\">laboratoorsed ja anal\u00fc\u00fctilised uuringud<\/strong>.<br data-start=\"6021\" data-end=\"6024\" \/>Ei sobi inim- ega loomatoiduks.<\/p>\n<\/blockquote>\n<ol data-start=\"6082\" data-end=\"6430\">\n<li data-start=\"6082\" data-end=\"6174\">\n<p data-start=\"6085\" data-end=\"6174\"><strong data-start=\"6085\" data-end=\"6100\">K\u00e4sitsemine:<\/strong> Kandke kindaid, laborikotti ja kaitseprille. T\u00f6\u00f6tage suitsukapi all.<\/p>\n<\/li>\n<li data-start=\"6175\" data-end=\"6239\">\n<p data-start=\"6178\" data-end=\"6239\"><strong data-start=\"6178\" data-end=\"6191\">M\u00f5\u00f5tmised:<\/strong> Kasutage t\u00e4pseid anal\u00fc\u00fcsivahendeid.<\/p>\n<\/li>\n<li data-start=\"6240\" data-end=\"6294\">\n<p data-start=\"6243\" data-end=\"6294\"><strong data-start=\"6243\" data-end=\"6254\">Ladustamine:<\/strong> S\u00e4ilitada jahedas (2-8 \u00b0C), kuivas ja pimedas.<\/p>\n<\/li>\n<li data-start=\"6295\" data-end=\"6352\">\n<p data-start=\"6298\" data-end=\"6352\"><strong data-start=\"6298\" data-end=\"6310\">Anal\u00fc\u00fcs:<\/strong> Sobib GC\/MS, HPLC, FTIR ja NMR jaoks.<\/p>\n<\/li>\n<li data-start=\"6353\" data-end=\"6430\">\n<p data-start=\"6356\" data-end=\"6430\"><strong data-start=\"6356\" data-end=\"6373\">Dokumentatsioon:<\/strong> Registreerige partiide numbrid, puhtus ja katsetulemused.<\/p>\n<\/li>\n<\/ol>\n<hr data-start=\"6432\" data-end=\"6435\" \/>\n<h3 data-start=\"6437\" data-end=\"6472\"><strong data-start=\"6441\" data-end=\"6470\">Korduma kippuvad k\u00fcsimused (KKK)<\/strong><\/h3>\n<p data-start=\"6474\" data-end=\"6700\"><strong data-start=\"6474\" data-end=\"6510\">1. Mis on MXP (metoksfenidiin)?<\/strong><br data-start=\"6510\" data-end=\"6513\" \/>MXP on <strong data-start=\"6524\" data-end=\"6557\">s\u00fcnteetiline diarylet\u00fc\u00fclamiin<\/strong> ja <strong data-start=\"6561\" data-end=\"6596\">NMDA retseptori antagonisti analoog<\/strong>, mis on sarnane ketamiini v\u00f5i PCP-taoliste ainetega, mida kasutatakse keemilistes ja farmakoloogilistes uuringutes.<\/p>\n<p data-start=\"6702\" data-end=\"6907\"><strong data-start=\"6702\" data-end=\"6750\">2. Milleks kasutatakse MXP-d teadusuuringutes?<\/strong><br data-start=\"6750\" data-end=\"6753\" \/>Seda kohaldatakse <strong data-start=\"6776\" data-end=\"6814\">anal\u00fc\u00fctilised ja kohtuekspertiisi uuringud<\/strong> NMDA retseptoritele, ainevahetus ja sarnaste \u00fchendite struktuuriline v\u00f5rdlus.<\/p>\n<p data-start=\"6909\" data-end=\"7169\"><strong data-start=\"6909\" data-end=\"6946\">3. Kas MXP ostmine on seaduslik?<\/strong><br data-start=\"6946\" data-end=\"6949\" \/>The <strong data-start=\"6952\" data-end=\"6974\">MXP \u00f5igusp\u00e4rasus<\/strong> varieerub riigiti. M\u00f5nes riigis on see lubatud teadusuuringute eesm\u00e4rgil, teistes riikides kuulub see kontrollitavate ainete alla. Kontrollige alati kohalikke seadusi, enne kui <strong data-start=\"7153\" data-end=\"7166\">MXP ostab<\/strong>. <a href=\"https:\/\/researchchemicalsweb.com\/et\/shop\/okategoriserad\/osta-4mmc\/\">Osta 4mmc<\/a><\/p>","protected":false},"excerpt":{"rendered":"<h3><span dir=\"auto\" style=\"vertical-align: inherit;\"><span dir=\"auto\" style=\"vertical-align: inherit;\">MXP properties<\/span><\/span><\/h3>\n<p><strong><span dir=\"auto\" style=\"vertical-align: inherit;\"><span dir=\"auto\" style=\"vertical-align: inherit;\">Synonym:<\/span><\/span><\/strong><span dir=\"auto\" style=\"vertical-align: inherit;\"><span dir=\"auto\" style=\"vertical-align: inherit;\"> Methoxphenidine, Methoxyphenidine, MXP, 2-MXP <\/span><\/span><br \/>\n<strong><span dir=\"auto\" style=\"vertical-align: inherit;\"><span dir=\"auto\" style=\"vertical-align: inherit;\">CAS Number:<\/span><\/span><\/strong><span dir=\"auto\" style=\"vertical-align: inherit;\"><span dir=\"auto\" style=\"vertical-align: inherit;\"> 127529-46-8 <\/span><\/span><br \/>\n<strong><span dir=\"auto\" style=\"vertical-align: inherit;\"><span dir=\"auto\" style=\"vertical-align: inherit;\">Formula: <\/span><\/span><\/strong> <span title=\"Carbon\"><span dir=\"auto\" style=\"vertical-align: inherit;\"><span dir=\"auto\" style=\"vertical-align: inherit;\">C <\/span><\/span><\/span><sub><span dir=\"auto\" style=\"vertical-align: inherit;\"><span dir=\"auto\" style=\"vertical-align: inherit;\">20 <\/span><\/span><\/sub><span title=\"Hydrogen\"><span dir=\"auto\" style=\"vertical-align: inherit;\"><span dir=\"auto\" style=\"vertical-align: inherit;\">H <\/span><\/span><\/span><sub><span dir=\"auto\" style=\"vertical-align: inherit;\"><span dir=\"auto\" style=\"vertical-align: inherit;\">25 <\/span><\/span><\/sub><span title=\"Nitrogen\"><span dir=\"auto\" style=\"vertical-align: inherit;\"><span dir=\"auto\" style=\"vertical-align: inherit;\">N <\/span><\/span><\/span><span title=\"Oxygen\"><span dir=\"auto\" style=\"vertical-align: inherit;\"><span dir=\"auto\" style=\"vertical-align: inherit;\">O <\/span><\/span><\/span><br \/>\n<strong><span dir=\"auto\" style=\"vertical-align: inherit;\"><span dir=\"auto\" style=\"vertical-align: inherit;\">Mole mass:<\/span><\/span><\/strong><span dir=\"auto\" style=\"vertical-align: inherit;\"><span dir=\"auto\" style=\"vertical-align: inherit;\"> 295.426 g\/mol <\/span><\/span><br \/>\n<strong><span dir=\"auto\" style=\"vertical-align: inherit;\"><span dir=\"auto\" style=\"vertical-align: inherit;\">Purity:<\/span><\/span><\/strong><span dir=\"auto\" style=\"vertical-align: inherit;\"><span dir=\"auto\" style=\"vertical-align: inherit;\"> &gt;97%<\/span><\/span><\/p>","protected":false},"featured_media":20370,"comment_status":"closed","ping_status":"closed","template":"","meta":[],"product_brand":[79],"product_cat":[154,699,82],"product_tag":[700,701,702,703,704,78],"class_list":{"0":"post-19500","1":"product","2":"type-product","3":"status-publish","4":"has-post-thumbnail","6":"product_brand-research-chemical","7":"product_cat-arylcyclohexylamines","8":"product_cat-mxp","9":"product_cat-sale","10":"product_tag-buy-methoxphenidine","11":"product_tag-buy-methoxphenidine-crystal","12":"product_tag-methoxphenidine","13":"product_tag-methoxphenidine-buy","14":"product_tag-methoxphenidine-crystal","15":"product_tag-nl","17":"first","18":"instock","19":"sale","20":"shipping-taxable","21":"purchasable","22":"product-type-variable"},"_links":{"self":[{"href":"https:\/\/researchchemicalsweb.com\/et\/wp-json\/wp\/v2\/product\/19500","targetHints":{"allow":["GET"]}}],"collection":[{"href":"https:\/\/researchchemicalsweb.com\/et\/wp-json\/wp\/v2\/product"}],"about":[{"href":"https:\/\/researchchemicalsweb.com\/et\/wp-json\/wp\/v2\/types\/product"}],"replies":[{"embeddable":true,"href":"https:\/\/researchchemicalsweb.com\/et\/wp-json\/wp\/v2\/comments?post=19500"}],"version-history":[{"count":1,"href":"https:\/\/researchchemicalsweb.com\/et\/wp-json\/wp\/v2\/product\/19500\/revisions"}],"predecessor-version":[{"id":19519,"href":"https:\/\/researchchemicalsweb.com\/et\/wp-json\/wp\/v2\/product\/19500\/revisions\/19519"}],"wp:featuredmedia":[{"embeddable":true,"href":"https:\/\/researchchemicalsweb.com\/et\/wp-json\/wp\/v2\/media\/20370"}],"wp:attachment":[{"href":"https:\/\/researchchemicalsweb.com\/et\/wp-json\/wp\/v2\/media?parent=19500"}],"wp:term":[{"taxonomy":"product_brand","embeddable":true,"href":"https:\/\/researchchemicalsweb.com\/et\/wp-json\/wp\/v2\/product_brand?post=19500"},{"taxonomy":"product_cat","embeddable":true,"href":"https:\/\/researchchemicalsweb.com\/et\/wp-json\/wp\/v2\/product_cat?post=19500"},{"taxonomy":"product_tag","embeddable":true,"href":"https:\/\/researchchemicalsweb.com\/et\/wp-json\/wp\/v2\/product_tag?post=19500"}],"curies":[{"name":"wp","href":"https:\/\/api.w.org\/{rel}","templated":true}]}}