{"id":19559,"date":"2025-12-16T21:11:57","date_gmt":"2025-12-16T21:11:57","guid":{"rendered":"https:\/\/researchchemicalsweb.com\/?post_type=product&#038;p=19559"},"modified":"2026-02-17T14:19:47","modified_gmt":"2026-02-17T14:19:47","slug":"2-cmc-250mg-pellets","status":"publish","type":"product","link":"https:\/\/researchchemicalsweb.com\/de\/produkt\/2-cmc-250mg-pellets\/","title":{"rendered":"2-CMC 250mg Pellets"},"content":{"rendered":"<h3 data-start=\"4095\" data-end=\"4114\"><strong data-start=\"4099\" data-end=\"4114\">Einf\u00fchrung<\/strong><\/h3>\n<p data-start=\"4115\" data-end=\"4430\"><span class=\"___SBox_4905a-ko_ ___SText_1ifhk-ko_\" data-ui-name=\"Link.Text\">2-cmc<\/span>, 2 cmc kaufen, Unser <strong data-start=\"4120\" data-end=\"4148\">250 mg Forschungstabletten<\/strong> werden mit \u00e4u\u00dferster Pr\u00e4zision hergestellt f\u00fcr <strong data-start=\"4193\" data-end=\"4246\">Labor, forensische und analytische Forschung<\/strong>. Dank einer strengen Qualit\u00e4tskontrolle bieten diese Pellets <strong data-start=\"4303\" data-end=\"4374\">zuverl\u00e4ssige Dosierung, hohe Reinheit und reproduzierbare Ergebnisse<\/strong> - die f\u00fcr professionelle Forschungszwecke unerl\u00e4sslich sind.<\/p>\n<p data-start=\"4432\" data-end=\"4577\">Jedes Granulat enth\u00e4lt <strong data-start=\"4450\" data-end=\"4506\">250 mg Testmaterial in Laborqualit\u00e4t<\/strong>, ideal f\u00fcr chemische Analysen, Kalibrierungen oder kontrollierte Tests.<\/p>\n<blockquote data-start=\"4578\" data-end=\"4678\">\n<p data-start=\"4580\" data-end=\"4678\">\u26a0\ufe0f <strong data-start=\"4583\" data-end=\"4678\">Nur f\u00fcr Laborzwecke. Nicht f\u00fcr den menschlichen oder tierischen Verzehr bestimmt.<\/strong><\/p>\n<\/blockquote>\n<hr data-start=\"4680\" data-end=\"4683\" \/>\n<h3 data-start=\"4685\" data-end=\"4716\"><strong data-start=\"4689\" data-end=\"4716\">Wesentliche Merkmale<\/strong><\/h3>\n<ul data-start=\"4717\" data-end=\"5193\">\n<li data-start=\"4717\" data-end=\"4787\">\n<p data-start=\"4719\" data-end=\"4787\"><strong data-start=\"4719\" data-end=\"4745\">Hohe Reinheit (\u226599%)<\/strong> - Unabh\u00e4ngig getestet und gepr\u00fcft.<\/p>\n<\/li>\n<li data-start=\"4788\" data-end=\"4871\">\n<p data-start=\"4790\" data-end=\"4871\"><strong data-start=\"4790\" data-end=\"4822\">Genaue Dosierung von 250 mg<\/strong> - Sorgt f\u00fcr konsistente Forschungsergebnisse.<\/p>\n<\/li>\n<li data-start=\"4872\" data-end=\"4953\">\n<p data-start=\"4874\" data-end=\"4953\"><strong data-start=\"4874\" data-end=\"4900\">Stabile Zusammensetzung<\/strong> - Entwickelt f\u00fcr langfristige chemische Stabilit\u00e4t.<\/p>\n<\/li>\n<li data-start=\"4954\" data-end=\"5039\">\n<p data-start=\"4956\" data-end=\"5039\"><strong data-start=\"4956\" data-end=\"4979\">Qualit\u00e4t der Produktion<\/strong> - Die Herstellung erfolgt in kontrollierten, hygienischen Umgebungen.<\/p>\n<\/li>\n<li data-start=\"5040\" data-end=\"5108\">\n<p data-start=\"5042\" data-end=\"5108\"><strong data-start=\"5042\" data-end=\"5072\">Feuchtigkeitsgesch\u00fctzte Verpackung<\/strong> - Sch\u00fctzt vor Luft und Feuchtigkeit.<\/p>\n<\/li>\n<li data-start=\"5109\" data-end=\"5193\">\n<p data-start=\"5111\" data-end=\"5193\"><strong data-start=\"5111\" data-end=\"5136\">Nur f\u00fcr die Forschung<\/strong> - Nur f\u00fcr wissenschaftliche Zwecke bestimmt.<\/p>\n<\/li>\n<\/ul>\n<hr data-start=\"5195\" data-end=\"5198\" \/>\n<h3 data-start=\"5200\" data-end=\"5217\"><strong data-start=\"5204\" data-end=\"5217\">Vorteile<\/strong><\/h3>\n<ul data-start=\"5218\" data-end=\"5631\">\n<li data-start=\"5218\" data-end=\"5308\">\n<p data-start=\"5220\" data-end=\"5308\"><strong data-start=\"5220\" data-end=\"5256\">Zuverl\u00e4ssige Forschungsergebnisse<\/strong> - Garantiert reproduzierbare und genaue Daten.<\/p>\n<\/li>\n<li data-start=\"5309\" data-end=\"5378\">\n<p data-start=\"5311\" data-end=\"5378\"><strong data-start=\"5311\" data-end=\"5336\">Gleichbleibende Qualit\u00e4t<\/strong> - Jedes Pellet ist identisch zusammengesetzt.<\/p>\n<\/li>\n<li data-start=\"5379\" data-end=\"5467\">\n<p data-start=\"5381\" data-end=\"5467\"><strong data-start=\"5381\" data-end=\"5404\">Benutzerfreundlich<\/strong> - Die feste Form verringert das Risiko des Versch\u00fcttens oder der Verunreinigung.<\/p>\n<\/li>\n<li data-start=\"5468\" data-end=\"5543\">\n<p data-start=\"5470\" data-end=\"5543\"><strong data-start=\"5470\" data-end=\"5497\">Wissenschaftlich getestet<\/strong> - Erf\u00fcllt die analytischen Qualit\u00e4tsstandards.<\/p>\n<\/li>\n<li data-start=\"5544\" data-end=\"5631\">\n<p data-start=\"5546\" data-end=\"5631\"><strong data-start=\"5546\" data-end=\"5583\">Ethisch und rechtlich einwandfrei hergestellt<\/strong> - Im Einklang mit den Forschungsvorschriften.<\/p>\n<\/li>\n<\/ul>\n<hr data-start=\"5633\" data-end=\"5636\" \/>\n<h3 data-start=\"5638\" data-end=\"5653\"><strong data-start=\"5642\" data-end=\"5653\">Verwenden Sie<\/strong><\/h3>\n<ol data-start=\"5654\" data-end=\"6023\">\n<li data-start=\"5654\" data-end=\"5749\">\n<p data-start=\"5657\" data-end=\"5749\"><strong data-start=\"5657\" data-end=\"5692\">Nur f\u00fcr Laborzwecke<\/strong> - Nur in zugelassenen Forschungsumgebungen verwenden.<\/p>\n<\/li>\n<li data-start=\"5750\" data-end=\"5797\">\n<p data-start=\"5753\" data-end=\"5797\"><strong data-start=\"5753\" data-end=\"5763\">Lagerung<\/strong> - K\u00fchl, trocken und dunkel lagern.<\/p>\n<\/li>\n<li data-start=\"5798\" data-end=\"5867\">\n<p data-start=\"5801\" data-end=\"5867\"><strong data-start=\"5801\" data-end=\"5818\">Sicheres Arbeiten<\/strong> - Tragen Sie immer eine geeignete Schutzausr\u00fcstung.<\/p>\n<\/li>\n<li data-start=\"5868\" data-end=\"5935\">\n<p data-start=\"5871\" data-end=\"5935\"><strong data-start=\"5871\" data-end=\"5883\">Messungen<\/strong> - Verwenden Sie geeichte Analyseinstrumente.<\/p>\n<\/li>\n<li data-start=\"5936\" data-end=\"6023\">\n<p data-start=\"5939\" data-end=\"6023\"><strong data-start=\"5939\" data-end=\"5966\">Sicherheitswarnung<\/strong> - Nicht f\u00fcr den menschlichen oder tierischen Verzehr geeignet.<a href=\"https:\/\/researchchemicalsweb.com\/de\/shop\/okategoriserad\/4mmc-kaufen\/\">4mmc kaufen<\/a><a href=\"https:\/\/researchchemicalsweb.com\/de\/shop\/okategoriserad\/benzocaine-powder\/\">Benzocain-Pulver<\/a><a href=\"https:\/\/researchchemicalsweb.com\/de\/shop\/okategoriserad\/fentanyl-kopen\/\">Fentanyl kaufen<\/a><a href=\"https:\/\/researchchemicalsweb.com\/de\/shop\/okategoriserad\/fentanyl-kopen\/\">Fentanyl-Tablette<\/a><a href=\"https:\/\/researchchemicalsweb.com\/de\/shop\/iboga-ibogaine\/iboga-kopen\/\">Iboga kaufen<\/a><a href=\"https:\/\/researchchemicalsweb.com\/de\/shop\/iboga-ibogaine\/buy-ibogaine-hcl-online\/\">ibogaine hcl online kaufen<\/a><\/p>\n<\/li>\n<\/ol>\n<hr data-start=\"6025\" data-end=\"6028\" \/>\n<h3 data-start=\"6030\" data-end=\"6057\"><strong data-start=\"6034\" data-end=\"6057\">H\u00e4ufig gestellte Fragen<\/strong><\/h3>\n<p data-start=\"6059\" data-end=\"6214\"><strong data-start=\"6059\" data-end=\"6104\">1. Wof\u00fcr werden diese K\u00fcgelchen verwendet?<\/strong><br data-start=\"6104\" data-end=\"6107\" \/>Sie sind bestimmt f\u00fcr <strong data-start=\"6128\" data-end=\"6172\">analytische und wissenschaftliche Forschung<\/strong>, wie z. B. chemische Analysen und Kalibrierungen.<\/p>\n<p data-start=\"6216\" data-end=\"6404\"><strong data-start=\"6216\" data-end=\"6283\">2. K\u00f6nnen diese K\u00fcgelchen auch au\u00dferhalb eines Labors verwendet werden?<\/strong><br data-start=\"6283\" data-end=\"6286\" \/>Nein. Diese Produkte sind <strong data-start=\"6311\" data-end=\"6370\">nur f\u00fcr zugelassene Forschungseinrichtungen bestimmt<\/strong> und nicht f\u00fcr den pers\u00f6nlichen Gebrauch.<\/p>\n<p data-start=\"6406\" data-end=\"6548\"><strong data-start=\"6406\" data-end=\"6444\">3. Wie sollte ich die Pellets lagern?<\/strong><br data-start=\"6444\" data-end=\"6447\" \/>Bewahren Sie sie in ihrer urspr\u00fcnglichen <strong data-start=\"6474\" data-end=\"6504\">feuchtigkeitsbest\u00e4ndige Verpackung<\/strong>, zu einem <strong data-start=\"6513\" data-end=\"6547\">k\u00fchler, trockener und dunkler Ort<\/strong>.<\/p>\n<hr data-start=\"6550\" data-end=\"6553\" \/>\n<h3 data-start=\"6555\" data-end=\"6573\"><strong data-start=\"6559\" data-end=\"6573\">Haftungsausschluss<\/strong><\/h3>\n<p data-start=\"6574\" data-end=\"6806\">Dieses Produkt ist <strong data-start=\"6589\" data-end=\"6638\">nur f\u00fcr Forschungszwecke bestimmt<\/strong>. <strong data-start=\"6640\" data-end=\"6698\">Nicht f\u00fcr den menschlichen oder tierischen Verzehr geeignet.<\/strong><br data-start=\"6698\" data-end=\"6701\" \/>Mit dem Kauf erkl\u00e4ren Sie, dass Sie ein <strong data-start=\"6736\" data-end=\"6766\">Untersuchungsbeauftragter<\/strong> sind und den einschl\u00e4gigen Rechtsvorschriften entsprechen.<\/p>\n<ul>\n<li>\n<p class=\"ds-markdown-paragraph\">Forschungsberatung m\u00f6glich, <a href=\"https:\/\/researchchemicalsweb.com\/de\/shop\/iboga-ibogaine\/buy-ibogaine-hcl-online\/\">Ibogain HCL kaufen<\/a><a href=\"https:\/\/researchchemicalsweb.com\/de\/shop\/iboga-ibogaine\/iboga-wurzel-rinde\/\">Iboga-Wurzelrinde<\/a><a href=\"https:\/\/researchchemicalsweb.com\/de\/shop\/lysergamide\/1cp-lsd\/\">1cP-LSD 150 MCG Art Blotters<\/a><a href=\"https:\/\/researchchemicalsweb.com\/de\/shop\/pellets\/o-dsmt-50mg-pellets\/\">O-DSMT 50mg Pellets<\/a><a href=\"https:\/\/researchchemicalsweb.com\/de\/shop\/lysergamide\/1v-lsd-150-mcg-blotters\/\">1V-LSD 150 MCG Blotters<\/a><\/p>\n<\/li>\n<\/ul>","protected":false},"excerpt":{"rendered":"<h2>2-CMC eigenschappen<\/h2>\n<p><strong>CAS Nummer<\/strong>: 1246911-71-6<br \/>\n<strong>Formule<\/strong>: C11h15NO \u2022 HCL<br \/>\n<strong>Molmassa<\/strong>: 177.247<br \/>\n<strong>Reinheit<\/strong>: \u226599%<\/p>","protected":false},"featured_media":20174,"comment_status":"closed","ping_status":"closed","template":"","meta":[],"product_brand":[],"product_cat":[741,740,73,111,127],"product_tag":[677,679,854,680,78],"class_list":{"0":"post-19559","1":"product","2":"type-product","3":"status-publish","4":"has-post-thumbnail","6":"product_cat-2-cmc-kopen","7":"product_cat-2-cmc-pellets","8":"product_cat-bijna-verboden","9":"product_cat-cathinonen","10":"product_cat-pellets","11":"product_tag-2-cmc","12":"product_tag-2-cmc-kopen","13":"product_tag-2-cmc-pellets-kopen","14":"product_tag-cmc-seizoen-2","15":"product_tag-nl","17":"first","18":"instock","19":"shipping-taxable","20":"purchasable","21":"product-type-variable"},"_links":{"self":[{"href":"https:\/\/researchchemicalsweb.com\/de\/wp-json\/wp\/v2\/product\/19559","targetHints":{"allow":["GET"]}}],"collection":[{"href":"https:\/\/researchchemicalsweb.com\/de\/wp-json\/wp\/v2\/product"}],"about":[{"href":"https:\/\/researchchemicalsweb.com\/de\/wp-json\/wp\/v2\/types\/product"}],"replies":[{"embeddable":true,"href":"https:\/\/researchchemicalsweb.com\/de\/wp-json\/wp\/v2\/comments?post=19559"}],"version-history":[{"count":3,"href":"https:\/\/researchchemicalsweb.com\/de\/wp-json\/wp\/v2\/product\/19559\/revisions"}],"predecessor-version":[{"id":19904,"href":"https:\/\/researchchemicalsweb.com\/de\/wp-json\/wp\/v2\/product\/19559\/revisions\/19904"}],"wp:featuredmedia":[{"embeddable":true,"href":"https:\/\/researchchemicalsweb.com\/de\/wp-json\/wp\/v2\/media\/20174"}],"wp:attachment":[{"href":"https:\/\/researchchemicalsweb.com\/de\/wp-json\/wp\/v2\/media?parent=19559"}],"wp:term":[{"taxonomy":"product_brand","embeddable":true,"href":"https:\/\/researchchemicalsweb.com\/de\/wp-json\/wp\/v2\/product_brand?post=19559"},{"taxonomy":"product_cat","embeddable":true,"href":"https:\/\/researchchemicalsweb.com\/de\/wp-json\/wp\/v2\/product_cat?post=19559"},{"taxonomy":"product_tag","embeddable":true,"href":"https:\/\/researchchemicalsweb.com\/de\/wp-json\/wp\/v2\/product_tag?post=19559"}],"curies":[{"name":"wp","href":"https:\/\/api.w.org\/{rel}","templated":true}]}}