{"id":19542,"date":"2025-12-16T21:10:35","date_gmt":"2025-12-16T21:10:35","guid":{"rendered":"https:\/\/researchchemicalsweb.com\/?post_type=product&#038;p=19542"},"modified":"2026-02-17T14:20:02","modified_gmt":"2026-02-17T14:20:02","slug":"o-pce-10mg-pellets","status":"publish","type":"product","link":"https:\/\/researchchemicalsweb.com\/de\/produkt\/o-pce-10mg-pellets\/","title":{"rendered":"O-PCE 10mg Pellets"},"content":{"rendered":"<ul>\n<li>\n<h3 data-start=\"4189\" data-end=\"4208\"><strong data-start=\"4193\" data-end=\"4208\">Einf\u00fchrung<\/strong><\/h3>\n<p data-start=\"4209\" data-end=\"4475\">Unser <strong data-start=\"4214\" data-end=\"4241\">10 mg onderzoekspellets<\/strong> zijn ontwikkeld voor gebruik in <strong data-start=\"4274\" data-end=\"4331\">wetenschappelijk, analytisch en laboratoriumonderzoek<\/strong>.<br data-start=\"4332\" data-end=\"4335\" \/>Elke pellet is vervaardigd met <strong data-start=\"4366\" data-end=\"4400\">nauwkeurigheid en consistentie<\/strong>, waardoor betrouwbare en reproduceerbare resultaten worden gegarandeerd.<\/p>\n<p data-start=\"4477\" data-end=\"4721\">Geproduceerd onder <strong data-start=\"4496\" data-end=\"4526\">strikte kwaliteitscontrole<\/strong>, zijn deze pellets ideaal voor <strong data-start=\"4558\" data-end=\"4619\">chemische analyse, kalibratie en forensische toepassingen<\/strong>. Ze zijn geformuleerd om <strong data-start=\"4645\" data-end=\"4686\">zuiverheid, stabiliteit en prestaties<\/strong> te behouden bij correcte opslag.<\/p>\n<blockquote data-start=\"4722\" data-end=\"4832\">\n<p data-start=\"4724\" data-end=\"4832\">\u26a0\ufe0f <strong data-start=\"4727\" data-end=\"4832\">Nur f\u00fcr Forschungszwecke bestimmt. Nicht f\u00fcr den menschlichen oder tierischen Verzehr geeignet.<\/strong><\/p>\n<\/blockquote>\n<hr data-start=\"4834\" data-end=\"4837\" \/>\n<h3 data-start=\"4839\" data-end=\"4870\"><strong data-start=\"4843\" data-end=\"4870\">Wesentliche Merkmale<\/strong><\/h3>\n<ul data-start=\"4871\" data-end=\"5378\">\n<li data-start=\"4871\" data-end=\"4956\">\n<p data-start=\"4873\" data-end=\"4956\"><strong data-start=\"4873\" data-end=\"4899\">Hohe Reinheit (\u226599%)<\/strong> - Unabh\u00e4ngig in akkreditierten Labors getestet.<\/p>\n<\/li>\n<li data-start=\"4957\" data-end=\"5046\">\n<p data-start=\"4959\" data-end=\"5046\"><strong data-start=\"4959\" data-end=\"5001\">Precieze Dosering van 10 mg per Pellet<\/strong> \u2013 Voor nauwkeurige analytische resultaten.<\/p>\n<\/li>\n<li data-start=\"5047\" data-end=\"5119\">\n<p data-start=\"5049\" data-end=\"5119\"><strong data-start=\"5049\" data-end=\"5075\">Stabile Zusammensetzung<\/strong> - Konzipiert f\u00fcr lange Haltbarkeit.<\/p>\n<\/li>\n<li data-start=\"5120\" data-end=\"5210\">\n<p data-start=\"5122\" data-end=\"5210\"><strong data-start=\"5122\" data-end=\"5150\">Kontrollierte Produktion<\/strong> \u2013 Geproduceerd volgens internationale laboratoriumnormen.<\/p>\n<\/li>\n<li data-start=\"5211\" data-end=\"5284\">\n<p data-start=\"5213\" data-end=\"5284\"><strong data-start=\"5213\" data-end=\"5248\">Veilige, Luchtdichte Verpakking<\/strong> \u2013 Beschermt tegen licht en vocht.<\/p>\n<\/li>\n<li data-start=\"5285\" data-end=\"5378\">\n<p data-start=\"5287\" data-end=\"5378\"><strong data-start=\"5287\" data-end=\"5320\">Nur f\u00fcr Forschungszwecke<\/strong> \u2013 Bedoeld voor professionele en academische doeleinden.<\/p>\n<\/li>\n<\/ul>\n<hr data-start=\"5380\" data-end=\"5383\" \/>\n<h3 data-start=\"5385\" data-end=\"5402\"><strong data-start=\"5389\" data-end=\"5402\">Vorteile<\/strong><\/h3>\n<ul data-start=\"5403\" data-end=\"5835\">\n<li data-start=\"5403\" data-end=\"5487\">\n<p data-start=\"5405\" data-end=\"5487\"><strong data-start=\"5405\" data-end=\"5441\">Zuverl\u00e4ssige Forschungsergebnisse<\/strong> \u2013 Voor consistente en reproduceerbare data.<\/p>\n<\/li>\n<li data-start=\"5488\" data-end=\"5561\">\n<p data-start=\"5490\" data-end=\"5561\"><strong data-start=\"5490\" data-end=\"5511\">Lange Stabilit\u00e4t<\/strong> \u2013 Behoudt chemische integriteit tijdens opslag.<\/p>\n<\/li>\n<li data-start=\"5562\" data-end=\"5643\">\n<p data-start=\"5564\" data-end=\"5643\"><strong data-start=\"5564\" data-end=\"5597\">Laboratoriumgeteste Kwaliteit<\/strong> - Erf\u00fcllt die analytischen Qualit\u00e4tsstandards.<\/p>\n<\/li>\n<li data-start=\"5644\" data-end=\"5740\">\n<p data-start=\"5646\" data-end=\"5740\"><strong data-start=\"5646\" data-end=\"5675\">Benutzerfreundliche Form<\/strong> \u2013 Pellets zorgen voor veilige dosering en minder contaminatie.<\/p>\n<\/li>\n<li data-start=\"5741\" data-end=\"5835\">\n<p data-start=\"5743\" data-end=\"5835\"><strong data-start=\"5743\" data-end=\"5780\">Ethisch und rechtlich einwandfrei hergestellt<\/strong> \u2013 In overeenstemming met internationale richtlijnen.<\/p>\n<\/li>\n<\/ul>\n<hr data-start=\"5837\" data-end=\"5840\" \/>\n<h3 data-start=\"5842\" data-end=\"5857\"><strong data-start=\"5846\" data-end=\"5857\">Verwenden Sie<\/strong><\/h3>\n<ol data-start=\"5858\" data-end=\"6273\">\n<li data-start=\"5858\" data-end=\"5959\">\n<p data-start=\"5861\" data-end=\"5959\"><strong data-start=\"5861\" data-end=\"5896\">Nur f\u00fcr Laborzwecke<\/strong> - Nur in zugelassenen Forschungseinrichtungen verwenden.<\/p>\n<\/li>\n<li data-start=\"5960\" data-end=\"6027\">\n<p data-start=\"5963\" data-end=\"6027\"><strong data-start=\"5963\" data-end=\"5973\">Lagerung<\/strong> - Speichern auf einem <strong data-start=\"5990\" data-end=\"6024\">k\u00fchler, trockener und dunkler Ort<\/strong>.<\/p>\n<\/li>\n<li data-start=\"6028\" data-end=\"6115\">\n<p data-start=\"6031\" data-end=\"6115\"><strong data-start=\"6031\" data-end=\"6048\">Sicheres Arbeiten<\/strong> \u2013 Gebruik handschoenen, veiligheidsbril en beschermende kleding.<\/p>\n<\/li>\n<li data-start=\"6116\" data-end=\"6183\">\n<p data-start=\"6119\" data-end=\"6183\"><strong data-start=\"6119\" data-end=\"6131\">Messungen<\/strong> \u2013 Gebruik gekalibreerde laboratoriuminstrumenten.<\/p>\n<\/li>\n<li data-start=\"6184\" data-end=\"6273\">\n<p data-start=\"6187\" data-end=\"6273\"><strong data-start=\"6187\" data-end=\"6214\">Sicherheitswarnung<\/strong> - Nicht f\u00fcr den menschlichen oder tierischen Verzehr geeignet.<\/p>\n<\/li>\n<\/ol>\n<hr data-start=\"6275\" data-end=\"6278\" \/>\n<h3 data-start=\"6280\" data-end=\"6307\"><strong data-start=\"6284\" data-end=\"6307\">H\u00e4ufig gestellte Fragen<\/strong><\/h3>\n<p data-start=\"6309\" data-end=\"6483\"><strong data-start=\"6309\" data-end=\"6365\">1. Waarvoor worden 10 mg onderzoekspellets gebruikt?<\/strong><br data-start=\"6365\" data-end=\"6368\" \/>Sie sind bestimmt f\u00fcr <strong data-start=\"6389\" data-end=\"6433\">analytische und wissenschaftliche Forschung<\/strong>, waaronder kalibratie en gecontroleerde testen.<\/p>\n<p data-start=\"6485\" data-end=\"6647\"><strong data-start=\"6485\" data-end=\"6552\">2. K\u00f6nnen diese K\u00fcgelchen auch au\u00dferhalb eines Labors verwendet werden?<\/strong><br data-start=\"6552\" data-end=\"6555\" \/>Nein. Diese Produkte sind <strong data-start=\"6580\" data-end=\"6644\">ausschlie\u00dflich f\u00fcr die professionelle Laborforschung bestimmt<\/strong>.<\/p>\n<p data-start=\"6649\" data-end=\"6799\"><strong data-start=\"6649\" data-end=\"6693\">3. Wie sollten die Pellets gelagert werden?<\/strong><br data-start=\"6693\" data-end=\"6696\" \/>Behalten Sie sie in ihrem <strong data-start=\"6713\" data-end=\"6754\">originele, goed afgesloten verpakking<\/strong> in einem <strong data-start=\"6762\" data-end=\"6796\">k\u00fchler, trockener und dunkler Ort<\/strong>.<\/p>\n<hr data-start=\"6801\" data-end=\"6804\" \/>\n<h3 data-start=\"6806\" data-end=\"6824\"><strong data-start=\"6810\" data-end=\"6824\">Haftungsausschluss<\/strong><\/h3>\n<p data-start=\"6825\" data-end=\"7049\">Dieses Produkt ist <strong data-start=\"6840\" data-end=\"6889\">nur f\u00fcr Forschungszwecke bestimmt<\/strong>. <strong data-start=\"6891\" data-end=\"6949\">Nicht f\u00fcr den menschlichen oder tierischen Verzehr geeignet.<\/strong><br data-start=\"6949\" data-end=\"6952\" \/>Door aankoop bevestigt u dat u voldoet aan alle toepasselijke wet- en veiligheidsvoorschriften.<\/p>\n<p class=\"ds-markdown-paragraph\"><span dir=\"auto\" style=\"vertical-align: inherit;\"><span dir=\"auto\" style=\"vertical-align: inherit;\">, <\/span><\/span><a href=\"https:\/\/researchchemicalsweb.com\/de\/shop\/iboga-ibogaine\/buy-ibogaine-hcl-online\/\"><span dir=\"auto\" style=\"vertical-align: inherit;\"><span dir=\"auto\" style=\"vertical-align: inherit;\">Ibogain HCL kaufen <\/span><\/span><\/a><a href=\"https:\/\/researchchemicalsweb.com\/de\/shop\/iboga-ibogaine\/iboga-wurzel-rinde\/\"><span dir=\"auto\" style=\"vertical-align: inherit;\"><span dir=\"auto\" style=\"vertical-align: inherit;\">Iboga-Wurzelrinde <\/span><\/span><\/a><a href=\"https:\/\/researchchemicalsweb.com\/de\/shop\/lysergamide\/1cp-lsd\/\"><span dir=\"auto\" style=\"vertical-align: inherit;\"><span dir=\"auto\" style=\"vertical-align: inherit;\">1cP-LSD 150 MCG Art Blotters <\/span><\/span><\/a><a href=\"https:\/\/researchchemicalsweb.com\/de\/shop\/pellets\/o-dsmt-50mg-pellets\/\"><span dir=\"auto\" style=\"vertical-align: inherit;\"><span dir=\"auto\" style=\"vertical-align: inherit;\">O-DSMT 50mg Pellets <\/span><\/span><\/a><a href=\"https:\/\/researchchemicalsweb.com\/de\/shop\/lysergamide\/1v-lsd-150-mcg-blotters\/\"><span dir=\"auto\" style=\"vertical-align: inherit;\"><span dir=\"auto\" style=\"vertical-align: inherit;\">1V-LSD 150 MCG Blotters<\/span><\/span><\/a><\/p>\n<\/li>\n<\/ul>","protected":false},"excerpt":{"rendered":"<h3><span dir=\"auto\" style=\"vertical-align: inherit;\"><span dir=\"auto\" style=\"vertical-align: inherit;\">O-PCE properties<\/span><\/span><\/h3>\n<p><strong><span dir=\"auto\" style=\"vertical-align: inherit;\"><span dir=\"auto\" style=\"vertical-align: inherit;\">Synonym:<\/span><\/span><\/strong><span dir=\"auto\" style=\"vertical-align: inherit;\"><span dir=\"auto\" style=\"vertical-align: inherit;\"> \u00a02\u2032-oxo-PCE, eticyclidone hydrochloride <\/span><\/span><br \/>\n<strong><span dir=\"auto\" style=\"vertical-align: inherit;\"><span dir=\"auto\" style=\"vertical-align: inherit;\">CAS Number:<\/span><\/span><\/strong><span dir=\"auto\" style=\"vertical-align: inherit;\"><span dir=\"auto\" style=\"vertical-align: inherit;\"> \u00a04551-92-2 <\/span><\/span><br \/>\n<strong><span dir=\"auto\" style=\"vertical-align: inherit;\"><span dir=\"auto\" style=\"vertical-align: inherit;\">Formula:<\/span><\/span><\/strong><span dir=\"auto\" style=\"vertical-align: inherit;\"><span dir=\"auto\" style=\"vertical-align: inherit;\"> \u00a02-(ethylamino)-2-phenyl-cyclohexanone hydrochloride <\/span><\/span><br \/>\n<strong><span dir=\"auto\" style=\"vertical-align: inherit;\"><span dir=\"auto\" style=\"vertical-align: inherit;\">Molar mass:<\/span><\/span><\/strong><span dir=\"auto\" style=\"vertical-align: inherit;\"><span dir=\"auto\" style=\"vertical-align: inherit;\"> \u00a0253.8 g\/mol <\/span><\/span><br \/>\n<strong><span dir=\"auto\" style=\"vertical-align: inherit;\"><span dir=\"auto\" style=\"vertical-align: inherit;\">Reinheit:<\/span><\/span><\/strong><span dir=\"auto\" style=\"vertical-align: inherit;\"><span dir=\"auto\" style=\"vertical-align: inherit;\"> \u00a0&gt;97%<\/span><\/span><\/p>","protected":false},"featured_media":20386,"comment_status":"closed","ping_status":"closed","template":"","meta":[],"product_brand":[79],"product_cat":[154,189,808,127],"product_tag":[78,809,190,810,811,812],"class_list":{"0":"post-19542","1":"product","2":"type-product","3":"status-publish","4":"has-post-thumbnail","6":"product_brand-research-chemical","7":"product_cat-arylcyclohexylamines","8":"product_cat-o-pce","9":"product_cat-o-pce-pellets","10":"product_cat-pellets","11":"product_tag-nl","12":"product_tag-o-pce-werking","13":"product_tag-o-pce","14":"product_tag-o-pce-ervaringen","15":"product_tag-o-pce-pellets","16":"product_tag-o-pce-poeder","18":"first","19":"instock","20":"shipping-taxable","21":"purchasable","22":"product-type-variable"},"_links":{"self":[{"href":"https:\/\/researchchemicalsweb.com\/de\/wp-json\/wp\/v2\/product\/19542","targetHints":{"allow":["GET"]}}],"collection":[{"href":"https:\/\/researchchemicalsweb.com\/de\/wp-json\/wp\/v2\/product"}],"about":[{"href":"https:\/\/researchchemicalsweb.com\/de\/wp-json\/wp\/v2\/types\/product"}],"replies":[{"embeddable":true,"href":"https:\/\/researchchemicalsweb.com\/de\/wp-json\/wp\/v2\/comments?post=19542"}],"version-history":[{"count":1,"href":"https:\/\/researchchemicalsweb.com\/de\/wp-json\/wp\/v2\/product\/19542\/revisions"}],"predecessor-version":[{"id":19600,"href":"https:\/\/researchchemicalsweb.com\/de\/wp-json\/wp\/v2\/product\/19542\/revisions\/19600"}],"wp:featuredmedia":[{"embeddable":true,"href":"https:\/\/researchchemicalsweb.com\/de\/wp-json\/wp\/v2\/media\/20386"}],"wp:attachment":[{"href":"https:\/\/researchchemicalsweb.com\/de\/wp-json\/wp\/v2\/media?parent=19542"}],"wp:term":[{"taxonomy":"product_brand","embeddable":true,"href":"https:\/\/researchchemicalsweb.com\/de\/wp-json\/wp\/v2\/product_brand?post=19542"},{"taxonomy":"product_cat","embeddable":true,"href":"https:\/\/researchchemicalsweb.com\/de\/wp-json\/wp\/v2\/product_cat?post=19542"},{"taxonomy":"product_tag","embeddable":true,"href":"https:\/\/researchchemicalsweb.com\/de\/wp-json\/wp\/v2\/product_tag?post=19542"}],"curies":[{"name":"wp","href":"https:\/\/api.w.org\/{rel}","templated":true}]}}