{"id":19533,"date":"2025-12-16T21:09:45","date_gmt":"2025-12-16T21:09:45","guid":{"rendered":"https:\/\/researchchemicalsweb.com\/?post_type=product&#038;p=19533"},"modified":"2026-02-17T14:20:29","modified_gmt":"2026-02-17T14:20:29","slug":"flubromazepam-8-mg-tabletten","status":"publish","type":"product","link":"https:\/\/researchchemicalsweb.com\/de\/produkt\/flubromazepam-8-mg-tabletten\/","title":{"rendered":"Flubromazepam 8 MG Pellets"},"content":{"rendered":"<h3 data-start=\"4025\" data-end=\"4044\"><strong data-start=\"4029\" data-end=\"4044\">Einf\u00fchrung<\/strong><\/h3>\n<p data-start=\"4045\" data-end=\"4302\">Unser <strong data-start=\"4050\" data-end=\"4076\">8 mg Forschungstabletten<\/strong> sind sorgf\u00e4ltig entwickelt worden f\u00fcr <strong data-start=\"4109\" data-end=\"4160\">analytische, forensische und Laboruntersuchungen<\/strong>. <span dir=\"auto\" style=\"vertical-align: inherit;\">Flubromazepam<\/span><br data-start=\"4161\" data-end=\"4164\" \/>Jedes Pellet wird hergestellt unter <strong data-start=\"4201\" data-end=\"4239\">strenge Laborbedingungen<\/strong>, die Folgendes vorsieht <strong data-start=\"4256\" data-end=\"4299\">Reinheit, Konsistenz und Stabilit\u00e4t<\/strong>.<\/p>\n<p data-start=\"4304\" data-end=\"4537\">Diese Pellets sind f\u00fcr professionelle Forscher und wissenschaftliche Einrichtungen bestimmt und bieten <strong data-start=\"4406\" data-end=\"4448\">Pr\u00e4zision und reproduzierbare Ergebnisse<\/strong>. Sie sind ideal f\u00fcr <strong data-start=\"4470\" data-end=\"4534\">Kalibrierung, quantitative Pr\u00fcfung und forensische Anwendungen<\/strong>.<\/p>\n<blockquote data-start=\"4538\" data-end=\"4647\">\n<p data-start=\"4540\" data-end=\"4647\">\u26a0\ufe0f <strong data-start=\"4543\" data-end=\"4647\">Nur f\u00fcr Laborzwecke bestimmt. Nicht f\u00fcr den menschlichen oder tierischen Verzehr geeignet.<\/strong><\/p>\n<\/blockquote>\n<hr data-start=\"4649\" data-end=\"4652\" \/>\n<h3 data-start=\"4654\" data-end=\"4685\"><strong data-start=\"4658\" data-end=\"4685\">Wesentliche Merkmale<\/strong><\/h3>\n<ul data-start=\"4686\" data-end=\"5205\">\n<li data-start=\"4686\" data-end=\"4756\">\n<p data-start=\"4688\" data-end=\"4756\"><strong data-start=\"4688\" data-end=\"4714\">Hohe Reinheit (\u226599%)<\/strong> - Unabh\u00e4ngig getestet und gepr\u00fcft.<\/p>\n<\/li>\n<li data-start=\"4757\" data-end=\"4843\">\n<p data-start=\"4759\" data-end=\"4843\"><strong data-start=\"4759\" data-end=\"4800\">Pr\u00e4zise Dosierung von 8 mg pro Pellet<\/strong> - F\u00fcr konsistente Forschungsergebnisse.<\/p>\n<\/li>\n<li data-start=\"4844\" data-end=\"4927\">\n<p data-start=\"4846\" data-end=\"4927\"><strong data-start=\"4846\" data-end=\"4882\">Stabile chemische Zusammensetzung<\/strong> - Bei korrekter Lagerung bleibt die Integrit\u00e4t erhalten.<\/p>\n<\/li>\n<li data-start=\"4928\" data-end=\"5015\">\n<p data-start=\"4930\" data-end=\"5015\"><strong data-start=\"4930\" data-end=\"4979\">Produziert unter strenger Qualit\u00e4tskontrolle<\/strong> - In zertifizierten Labors.<\/p>\n<\/li>\n<li data-start=\"5016\" data-end=\"5105\">\n<p data-start=\"5018\" data-end=\"5105\"><strong data-start=\"5018\" data-end=\"5045\">Sch\u00fctzende Verpackung<\/strong> - Luftdicht und lichtbest\u00e4ndig f\u00fcr lang anhaltende Qualit\u00e4t.<\/p>\n<\/li>\n<li data-start=\"5106\" data-end=\"5205\">\n<p data-start=\"5108\" data-end=\"5205\"><strong data-start=\"5108\" data-end=\"5141\">Nur f\u00fcr Forschungszwecke<\/strong> - Konzipiert f\u00fcr analytische und wissenschaftliche Zwecke. <span dir=\"auto\" style=\"vertical-align: inherit;\">Flubromazepam<\/span><\/p>\n<\/li>\n<\/ul>\n<hr data-start=\"5207\" data-end=\"5210\" \/>\n<h3 data-start=\"5212\" data-end=\"5229\"><strong data-start=\"5216\" data-end=\"5229\">Vorteile<\/strong><\/h3>\n<ul data-start=\"5230\" data-end=\"5643\">\n<li data-start=\"5230\" data-end=\"5314\">\n<p data-start=\"5232\" data-end=\"5314\"><strong data-start=\"5232\" data-end=\"5268\">Zuverl\u00e4ssige Forschungsergebnisse<\/strong> - F\u00fcr reproduzierbare und genaue Daten.<\/p>\n<\/li>\n<li data-start=\"5315\" data-end=\"5392\">\n<p data-start=\"5317\" data-end=\"5392\"><strong data-start=\"5317\" data-end=\"5338\">Lange Stabilit\u00e4t<\/strong> - Chemisch stabil bei ordnungsgem\u00e4\u00dfer Lagerung.<\/p>\n<\/li>\n<li data-start=\"5393\" data-end=\"5484\">\n<p data-start=\"5395\" data-end=\"5484\"><strong data-start=\"5395\" data-end=\"5419\">Ethisch produziert<\/strong> - Entspricht den internationalen Sicherheits- und Qualit\u00e4tsstandards.<\/p>\n<\/li>\n<li data-start=\"5485\" data-end=\"5560\">\n<p data-start=\"5487\" data-end=\"5560\"><strong data-start=\"5487\" data-end=\"5510\">Benutzerfreundlich<\/strong> - Die Pelletform verringert das Kontaminationsrisiko.<\/p>\n<\/li>\n<li data-start=\"5561\" data-end=\"5643\">\n<p data-start=\"5563\" data-end=\"5643\"><strong data-start=\"5563\" data-end=\"5590\">Professionelle Qualit\u00e4t<\/strong> - Entspricht den Normen der analytischen Labors.<\/p>\n<\/li>\n<\/ul>\n<hr data-start=\"5645\" data-end=\"5648\" \/>\n<h3 data-start=\"5650\" data-end=\"5665\"><strong data-start=\"5654\" data-end=\"5665\">Verwenden Sie<\/strong><\/h3>\n<ol data-start=\"5666\" data-end=\"6092\">\n<li data-start=\"5666\" data-end=\"5767\">\n<p data-start=\"5669\" data-end=\"5767\"><strong data-start=\"5669\" data-end=\"5704\">Nur f\u00fcr Laborzwecke<\/strong> - Nur in zugelassenen Forschungseinrichtungen verwenden.<\/p>\n<\/li>\n<li data-start=\"5768\" data-end=\"5835\">\n<p data-start=\"5771\" data-end=\"5835\"><strong data-start=\"5771\" data-end=\"5781\">Lagerung<\/strong> - Speichern auf einem <strong data-start=\"5798\" data-end=\"5832\">k\u00fchler, trockener und dunkler Ort<\/strong>.<\/p>\n<\/li>\n<li data-start=\"5836\" data-end=\"5920\">\n<p data-start=\"5839\" data-end=\"5920\"><strong data-start=\"5839\" data-end=\"5856\">Sicheres Arbeiten<\/strong> - Tragen Sie Handschuhe, eine Schutzbrille und einen Laborkittel.<\/p>\n<\/li>\n<li data-start=\"5921\" data-end=\"6002\">\n<p data-start=\"5924\" data-end=\"6002\"><strong data-start=\"5924\" data-end=\"5936\">Messungen<\/strong> - Verwenden Sie geeichte Ger\u00e4te f\u00fcr genaue Ergebnisse.<\/p>\n<\/li>\n<li data-start=\"6003\" data-end=\"6092\">\n<p data-start=\"6006\" data-end=\"6092\"><strong data-start=\"6006\" data-end=\"6033\">Sicherheitswarnung<\/strong> - Nicht f\u00fcr den menschlichen oder tierischen Verzehr geeignet.<\/p>\n<\/li>\n<\/ol>\n<hr data-start=\"6094\" data-end=\"6097\" \/>\n<h3 data-start=\"6099\" data-end=\"6126\"><strong data-start=\"6103\" data-end=\"6126\">H\u00e4ufig gestellte Fragen<\/strong><\/h3>\n<p data-start=\"6128\" data-end=\"6312\"><strong data-start=\"6128\" data-end=\"6183\">1. Wof\u00fcr werden die 8 mg Forschungspellets verwendet?<\/strong><br data-start=\"6183\" data-end=\"6186\" \/>Sie werden verwendet f\u00fcr <strong data-start=\"6210\" data-end=\"6254\">wissenschaftliche und analytische Forschung<\/strong>, einschlie\u00dflich Kalibrierungs- und chemische Vergleichstests.<\/p>\n<p data-start=\"6314\" data-end=\"6476\"><strong data-start=\"6314\" data-end=\"6381\">2. K\u00f6nnen diese K\u00fcgelchen auch au\u00dferhalb eines Labors verwendet werden?<\/strong><br data-start=\"6381\" data-end=\"6384\" \/>Nein. Diese Produkte sind <strong data-start=\"6409\" data-end=\"6473\">ausschlie\u00dflich f\u00fcr die professionelle Laborforschung bestimmt<\/strong>.<\/p>\n<p data-start=\"6478\" data-end=\"6624\"><strong data-start=\"6478\" data-end=\"6522\">3. Wie sollten die Pellets gelagert werden?<\/strong><br data-start=\"6522\" data-end=\"6525\" \/>Behalten Sie sie in ihrem <strong data-start=\"6542\" data-end=\"6579\">originalverpackt, luftdicht verschlossen<\/strong> in einem <strong data-start=\"6587\" data-end=\"6621\">k\u00fchler, trockener und dunkler Ort<\/strong>.<\/p>\n<hr data-start=\"6626\" data-end=\"6629\" \/>\n<h3 data-start=\"6631\" data-end=\"6649\"><strong data-start=\"6635\" data-end=\"6649\">Haftungsausschluss<\/strong><\/h3>\n<p data-start=\"6650\" data-end=\"6882\">Dieses Produkt ist <strong data-start=\"6665\" data-end=\"6714\">nur f\u00fcr Forschungszwecke bestimmt<\/strong>. <strong data-start=\"6716\" data-end=\"6774\">Nicht f\u00fcr den menschlichen oder tierischen Verzehr geeignet.<\/strong><br data-start=\"6774\" data-end=\"6777\" \/>Mit dem Kauf best\u00e4tigen Sie, dass Sie alle geltenden Sicherheits- und Gesetzesvorschriften einhalten.<\/p>\n<p class=\"ds-markdown-paragraph\"><span dir=\"auto\" style=\"vertical-align: inherit;\"><span dir=\"auto\" style=\"vertical-align: inherit;\">, <\/span><\/span><a href=\"https:\/\/researchchemicalsweb.com\/de\/shop\/iboga-ibogaine\/buy-ibogaine-hcl-online\/\"><span dir=\"auto\" style=\"vertical-align: inherit;\"><span dir=\"auto\" style=\"vertical-align: inherit;\">Ibogain HCL kaufen <\/span><\/span><\/a><a href=\"https:\/\/researchchemicalsweb.com\/de\/shop\/iboga-ibogaine\/iboga-wurzel-rinde\/\"><span dir=\"auto\" style=\"vertical-align: inherit;\"><span dir=\"auto\" style=\"vertical-align: inherit;\">Iboga-Wurzelrinde <\/span><\/span><\/a><a href=\"https:\/\/researchchemicalsweb.com\/de\/shop\/pellets\/o-dsmt-50mg-pellets\/\"><span dir=\"auto\" style=\"vertical-align: inherit;\"><span dir=\"auto\" style=\"vertical-align: inherit;\">O-DSMT 50mg Pellets <\/span><\/span><\/a><a href=\"https:\/\/researchchemicalsweb.com\/de\/shop\/lysergamide\/1vlsd\/\"><span dir=\"auto\" style=\"vertical-align: inherit;\"><span dir=\"auto\" style=\"vertical-align: inherit;\">1V-LSD 150 MCG Blotters <\/span><\/span><\/a><a href=\"https:\/\/researchchemicalsweb.com\/de\/shop\/lysergamide\/1cp-lsd\/\"><span dir=\"auto\" style=\"vertical-align: inherit;\"><span dir=\"auto\" style=\"vertical-align: inherit;\">1cP-LSD 150 MCG Art Blotters<\/span><\/span><\/a><\/p>","protected":false},"excerpt":{"rendered":"<h3><span data-sheets-value=\"{\" data-sheets-userformat=\"{\"><span dir=\"auto\" style=\"vertical-align: inherit;\"><span dir=\"auto\" style=\"vertical-align: inherit;\">Flubromazepam properties<\/span><\/span><\/span><\/h3>\n<p><strong><span dir=\"auto\" style=\"vertical-align: inherit;\"><span dir=\"auto\" style=\"vertical-align: inherit;\">Synonym:<\/span><\/span><\/strong><span dir=\"auto\" style=\"vertical-align: inherit;\"><span dir=\"auto\" style=\"vertical-align: inherit;\"> Flubromazepam <\/span><\/span><br \/>\n<strong><span dir=\"auto\" style=\"vertical-align: inherit;\"><span dir=\"auto\" style=\"vertical-align: inherit;\">CAS Number:<\/span><\/span><\/strong><span dir=\"auto\" style=\"vertical-align: inherit;\"><span dir=\"auto\" style=\"vertical-align: inherit;\"> 2647-50-9 <\/span><\/span><br \/>\n<strong><span dir=\"auto\" style=\"vertical-align: inherit;\"><span dir=\"auto\" style=\"vertical-align: inherit;\">Formula:<\/span><\/span><\/strong><span dir=\"auto\" style=\"vertical-align: inherit;\"><span dir=\"auto\" style=\"vertical-align: inherit;\"> 7-bromo-5-(2-fluorophenyl)-1,3-dihydro-2H-1,4-benzodiazepin-2-one <\/span><\/span><br \/>\n<strong><span dir=\"auto\" style=\"vertical-align: inherit;\"><span dir=\"auto\" style=\"vertical-align: inherit;\">Molar mass:<\/span><\/span><\/strong><span dir=\"auto\" style=\"vertical-align: inherit;\"><span dir=\"auto\" style=\"vertical-align: inherit;\"> 333.2 g\/mol <\/span><\/span><br \/>\n<strong><span dir=\"auto\" style=\"vertical-align: inherit;\"><span dir=\"auto\" style=\"vertical-align: inherit;\">Reinheit:<\/span><\/span><\/strong><span dir=\"auto\" style=\"vertical-align: inherit;\"><span dir=\"auto\" style=\"vertical-align: inherit;\"> &gt;98%<\/span><\/span><\/p>","protected":false},"featured_media":20327,"comment_status":"closed","ping_status":"closed","template":"","meta":[],"product_brand":[79],"product_cat":[130,209,590,127],"product_tag":[210,211,212,213,214,546,78],"class_list":{"0":"post-19533","1":"product","2":"type-product","3":"status-publish","4":"has-post-thumbnail","6":"product_brand-research-chemical","7":"product_cat-benzodiazepinen","8":"product_cat-flubromazepam-kopen","9":"product_cat-flubromazepam-pellets","10":"product_cat-pellets","11":"product_tag-flubromazepam","12":"product_tag-flubromazepam-effects","13":"product_tag-flubromazepam-ervaring","14":"product_tag-flubromazepam-halfwaardetijd","15":"product_tag-flubromazepam-werking","16":"product_tag-how-to-test-flubromazepam-pellets","17":"product_tag-nl","19":"first","20":"instock","21":"shipping-taxable","22":"purchasable","23":"product-type-variable"},"_links":{"self":[{"href":"https:\/\/researchchemicalsweb.com\/de\/wp-json\/wp\/v2\/product\/19533","targetHints":{"allow":["GET"]}}],"collection":[{"href":"https:\/\/researchchemicalsweb.com\/de\/wp-json\/wp\/v2\/product"}],"about":[{"href":"https:\/\/researchchemicalsweb.com\/de\/wp-json\/wp\/v2\/types\/product"}],"replies":[{"embeddable":true,"href":"https:\/\/researchchemicalsweb.com\/de\/wp-json\/wp\/v2\/comments?post=19533"}],"version-history":[{"count":1,"href":"https:\/\/researchchemicalsweb.com\/de\/wp-json\/wp\/v2\/product\/19533\/revisions"}],"predecessor-version":[{"id":19590,"href":"https:\/\/researchchemicalsweb.com\/de\/wp-json\/wp\/v2\/product\/19533\/revisions\/19590"}],"wp:featuredmedia":[{"embeddable":true,"href":"https:\/\/researchchemicalsweb.com\/de\/wp-json\/wp\/v2\/media\/20327"}],"wp:attachment":[{"href":"https:\/\/researchchemicalsweb.com\/de\/wp-json\/wp\/v2\/media?parent=19533"}],"wp:term":[{"taxonomy":"product_brand","embeddable":true,"href":"https:\/\/researchchemicalsweb.com\/de\/wp-json\/wp\/v2\/product_brand?post=19533"},{"taxonomy":"product_cat","embeddable":true,"href":"https:\/\/researchchemicalsweb.com\/de\/wp-json\/wp\/v2\/product_cat?post=19533"},{"taxonomy":"product_tag","embeddable":true,"href":"https:\/\/researchchemicalsweb.com\/de\/wp-json\/wp\/v2\/product_tag?post=19533"}],"curies":[{"name":"wp","href":"https:\/\/api.w.org\/{rel}","templated":true}]}}