{"id":19527,"date":"2025-12-16T21:09:45","date_gmt":"2025-12-16T21:09:45","guid":{"rendered":"https:\/\/researchchemicalsweb.com\/?post_type=product&#038;p=19527"},"modified":"2026-02-17T14:20:19","modified_gmt":"2026-02-17T14:20:19","slug":"3-fea-150-mg-pellets","status":"publish","type":"product","link":"https:\/\/researchchemicalsweb.com\/de\/produkt\/3-fea-150-mg-pellets\/","title":{"rendered":"3-FEA 150 MG Pellets"},"content":{"rendered":"<h3 data-start=\"4171\" data-end=\"4190\"><strong data-start=\"4175\" data-end=\"4190\">Einf\u00fchrung<\/strong><\/h3>\n<p data-start=\"4191\" data-end=\"4480\">Unser <strong data-start=\"4196\" data-end=\"4224\">150 mg onderzoekspellets<\/strong> zijn ontwikkeld om te voldoen aan de hoogste normen van <strong data-start=\"4281\" data-end=\"4325\">wissenschaftliche und analytische Forschung<\/strong>.<br data-start=\"4326\" data-end=\"4329\" \/>Jedes Pellet wird hergestellt unter <strong data-start=\"4365\" data-end=\"4403\">strenge Laborbedingungen<\/strong>, die Folgendes vorsieht <strong data-start=\"4420\" data-end=\"4477\">Reinheit, Stabilit\u00e4t und reproduzierbare Ergebnisse<\/strong>.<\/p>\n<p data-start=\"4482\" data-end=\"4617\">Deze pellets zijn ideaal voor professionals die <strong data-start=\"4530\" data-end=\"4604\">analytisch onderzoek, kalibratie-experimenten of vergelijkende studies<\/strong> uitvoeren.<\/p>\n<blockquote data-start=\"4619\" data-end=\"4728\">\n<p data-start=\"4621\" data-end=\"4728\">\u26a0\ufe0f <strong data-start=\"4624\" data-end=\"4728\">Nur f\u00fcr Laborzwecke bestimmt. Nicht f\u00fcr den menschlichen oder tierischen Verzehr geeignet.<\/strong><\/p>\n<\/blockquote>\n<hr data-start=\"4730\" data-end=\"4733\" \/>\n<h3 data-start=\"4735\" data-end=\"4766\"><strong data-start=\"4739\" data-end=\"4766\">Wesentliche Merkmale<\/strong><\/h3>\n<ul data-start=\"4767\" data-end=\"5249\">\n<li data-start=\"4767\" data-end=\"4837\">\n<p data-start=\"4769\" data-end=\"4837\"><strong data-start=\"4769\" data-end=\"4795\">Hohe Reinheit (\u226599%)<\/strong> - Unabh\u00e4ngig getestet und gepr\u00fcft.<\/p>\n<\/li>\n<li data-start=\"4838\" data-end=\"4926\">\n<p data-start=\"4840\" data-end=\"4926\"><strong data-start=\"4840\" data-end=\"4883\">Precieze Dosering van 150 mg per Pellet<\/strong> - F\u00fcr konsistente Forschungsergebnisse.<\/p>\n<\/li>\n<li data-start=\"4927\" data-end=\"4992\">\n<p data-start=\"4929\" data-end=\"4992\"><strong data-start=\"4929\" data-end=\"4949\">Chemisch Stabiel<\/strong> - Bleibt bei ordnungsgem\u00e4\u00dfer Lagerung unversehrt.<\/p>\n<\/li>\n<li data-start=\"4993\" data-end=\"5079\">\n<p data-start=\"4995\" data-end=\"5079\"><strong data-start=\"4995\" data-end=\"5020\">Qualit\u00e4t im Labor<\/strong> \u2013 Geproduceerd volgens internationale veiligheidsnormen.<\/p>\n<\/li>\n<li data-start=\"5080\" data-end=\"5154\">\n<p data-start=\"5082\" data-end=\"5154\"><strong data-start=\"5082\" data-end=\"5104\">Sichere Verpackung<\/strong> - Luftdicht, feuchtigkeitsbest\u00e4ndig und lichtdicht.<\/p>\n<\/li>\n<li data-start=\"5155\" data-end=\"5249\">\n<p data-start=\"5157\" data-end=\"5249\"><strong data-start=\"5157\" data-end=\"5190\">Nur f\u00fcr Forschungszwecke<\/strong> \u2013 Bedoeld voor analytisch en wetenschappelijk onderzoek.<\/p>\n<\/li>\n<\/ul>\n<hr data-start=\"5251\" data-end=\"5254\" \/>\n<h3 data-start=\"5256\" data-end=\"5273\"><strong data-start=\"5260\" data-end=\"5273\">Vorteile<\/strong><\/h3>\n<ul data-start=\"5274\" data-end=\"5707\">\n<li data-start=\"5274\" data-end=\"5358\">\n<p data-start=\"5276\" data-end=\"5358\"><strong data-start=\"5276\" data-end=\"5306\">Betrouwbare Nauwkeurigheid<\/strong> \u2013 Voor consistente en reproduceerbare resultaten.<\/p>\n<\/li>\n<li data-start=\"5359\" data-end=\"5426\">\n<p data-start=\"5361\" data-end=\"5426\"><strong data-start=\"5361\" data-end=\"5382\">Lange Stabilit\u00e4t<\/strong> - Konzipiert f\u00fcr lange Haltbarkeit.<\/p>\n<\/li>\n<li data-start=\"5427\" data-end=\"5519\">\n<p data-start=\"5429\" data-end=\"5519\"><strong data-start=\"5429\" data-end=\"5453\">Ethisch produziert<\/strong> \u2013 In overeenstemming met onderzoeks- en veiligheidsrichtlijnen.<\/p>\n<\/li>\n<li data-start=\"5520\" data-end=\"5614\">\n<p data-start=\"5522\" data-end=\"5614\"><strong data-start=\"5522\" data-end=\"5549\">Wissenschaftlich getestet<\/strong> - Jede Charge wird auf Reinheit und Stabilit\u00e4t gepr\u00fcft.<\/p>\n<\/li>\n<li data-start=\"5615\" data-end=\"5707\">\n<p data-start=\"5617\" data-end=\"5707\"><strong data-start=\"5617\" data-end=\"5640\">Benutzerfreundlich<\/strong> \u2013 Pellets minimaliseren risico\u2019s op contaminatie en verspilling.<\/p>\n<\/li>\n<\/ul>\n<hr data-start=\"5709\" data-end=\"5712\" \/>\n<h3 data-start=\"5714\" data-end=\"5729\"><strong data-start=\"5718\" data-end=\"5729\">Verwenden Sie<\/strong><\/h3>\n<ol data-start=\"5730\" data-end=\"6150\">\n<li data-start=\"5730\" data-end=\"5831\">\n<p data-start=\"5733\" data-end=\"5831\"><strong data-start=\"5733\" data-end=\"5768\">Nur f\u00fcr Laborzwecke<\/strong> - Nur in zugelassenen Forschungseinrichtungen verwenden.<\/p>\n<\/li>\n<li data-start=\"5832\" data-end=\"5899\">\n<p data-start=\"5835\" data-end=\"5899\"><strong data-start=\"5835\" data-end=\"5845\">Lagerung<\/strong> - Speichern auf einem <strong data-start=\"5862\" data-end=\"5896\">k\u00fchler, trockener und dunkler Ort<\/strong>.<\/p>\n<\/li>\n<li data-start=\"5900\" data-end=\"5980\">\n<p data-start=\"5903\" data-end=\"5980\"><strong data-start=\"5903\" data-end=\"5920\">Sicheres Arbeiten<\/strong> - Tragen Sie Handschuhe, eine Schutzbrille und einen Laborkittel.<\/p>\n<\/li>\n<li data-start=\"5981\" data-end=\"6060\">\n<p data-start=\"5984\" data-end=\"6060\"><strong data-start=\"5984\" data-end=\"5996\">Messungen<\/strong> - Verwenden Sie geeichte Ger\u00e4te f\u00fcr genaue Analysen.<\/p>\n<\/li>\n<li data-start=\"6061\" data-end=\"6150\">\n<p data-start=\"6064\" data-end=\"6150\"><strong data-start=\"6064\" data-end=\"6091\">Sicherheitswarnung<\/strong> - Nicht f\u00fcr den menschlichen oder tierischen Verzehr geeignet.<\/p>\n<\/li>\n<\/ol>\n<hr data-start=\"6152\" data-end=\"6155\" \/>\n<h3 data-start=\"6157\" data-end=\"6184\"><strong data-start=\"6161\" data-end=\"6184\">H\u00e4ufig gestellte Fragen<\/strong><\/h3>\n<p data-start=\"6186\" data-end=\"6378\"><strong data-start=\"6186\" data-end=\"6243\">1. Waarvoor worden 150 mg onderzoekspellets gebruikt?<\/strong><br data-start=\"6243\" data-end=\"6246\" \/>Sie werden verwendet f\u00fcr <strong data-start=\"6270\" data-end=\"6314\">wissenschaftliche und analytische Forschung<\/strong>, zoals kalibratie en gecontroleerde laboratoriumexperimenten.<\/p>\n<p data-start=\"6380\" data-end=\"6542\"><strong data-start=\"6380\" data-end=\"6447\">2. K\u00f6nnen diese K\u00fcgelchen auch au\u00dferhalb eines Labors verwendet werden?<\/strong><br data-start=\"6447\" data-end=\"6450\" \/>Nein. Diese Produkte sind <strong data-start=\"6475\" data-end=\"6539\">ausschlie\u00dflich f\u00fcr die professionelle Laborforschung bestimmt<\/strong>.<\/p>\n<p data-start=\"6544\" data-end=\"6694\"><strong data-start=\"6544\" data-end=\"6588\">3. Wie sollten die Pellets gelagert werden?<\/strong><br data-start=\"6588\" data-end=\"6591\" \/>Behalten Sie sie in ihrem <strong data-start=\"6608\" data-end=\"6649\">originele, goed afgesloten verpakking<\/strong> in einem <strong data-start=\"6657\" data-end=\"6691\">k\u00fchler, trockener und dunkler Ort<\/strong>.<\/p>\n<hr data-start=\"6696\" data-end=\"6699\" \/>\n<h3 data-start=\"6701\" data-end=\"6719\"><strong data-start=\"6705\" data-end=\"6719\">Haftungsausschluss<\/strong><\/h3>\n<p data-start=\"6720\" data-end=\"6952\">Dieses Produkt ist <strong data-start=\"6735\" data-end=\"6784\">nur f\u00fcr Forschungszwecke bestimmt<\/strong>. <strong data-start=\"6786\" data-end=\"6844\">Nicht f\u00fcr den menschlichen oder tierischen Verzehr geeignet.<\/strong><br data-start=\"6844\" data-end=\"6847\" \/>Mit dem Kauf best\u00e4tigen Sie, dass Sie alle geltenden Sicherheits- und Gesetzesvorschriften einhalten.<\/p>\n<h3><strong><span dir=\"auto\" style=\"vertical-align: inherit;\"><span dir=\"auto\" style=\"vertical-align: inherit;\">3-FEA 150 MG Pellets \u2013 Premium Research Chemicals for Scientific Use<\/span><\/span><\/strong><\/h3>\n<h4><strong><span dir=\"auto\" style=\"vertical-align: inherit;\"><span dir=\"auto\" style=\"vertical-align: inherit;\">What is 3-FEA?<\/span><\/span><\/strong><\/h4>\n<p class=\"ds-markdown-paragraph\"><span dir=\"auto\" style=\"vertical-align: inherit;\"><span dir=\"auto\" style=\"vertical-align: inherit;\">3-FEA (3-Fluoroethamphetamine) is a research chemical of the amphetamine class, known for its\u00a0 <\/span><\/span><strong><span dir=\"auto\" style=\"vertical-align: inherit;\"><span dir=\"auto\" style=\"vertical-align: inherit;\">stimulant and mildly entactogenic effects<\/span><\/span><\/strong><span dir=\"auto\" style=\"vertical-align: inherit;\"><span dir=\"auto\" style=\"vertical-align: inherit;\"> . This substance is used exclusively for\u00a0 <\/span><\/span><strong><span dir=\"auto\" style=\"vertical-align: inherit;\"><span dir=\"auto\" style=\"vertical-align: inherit;\">scientific and analytical purposes<\/span><\/span><\/strong><span dir=\"auto\" style=\"vertical-align: inherit;\"><span dir=\"auto\" style=\"vertical-align: inherit;\"> , such as pharmacological research or in vitro studies.<\/span><\/span><\/p>\n<p class=\"ds-markdown-paragraph\"><span dir=\"auto\" style=\"vertical-align: inherit;\"><span dir=\"auto\" style=\"vertical-align: inherit;\">Unser\u00a0 <\/span><\/span><strong><span dir=\"auto\" style=\"vertical-align: inherit;\"><span dir=\"auto\" style=\"vertical-align: inherit;\">3-FEA 150 MG pellets<\/span><\/span><\/strong><span dir=\"auto\" style=\"vertical-align: inherit;\"><span dir=\"auto\" style=\"vertical-align: inherit;\"> \u00a0offer precise dosing, making them ideal for controlled experiments.<\/span><\/span><\/p>\n<hr \/>\n<h3><strong><span dir=\"auto\" style=\"vertical-align: inherit;\"><span dir=\"auto\" style=\"vertical-align: inherit;\">Produktmerkmale:<\/span><\/span><\/strong><\/h3>\n<p class=\"ds-markdown-paragraph\">\u2705\u00a0<strong><span dir=\"auto\" style=\"vertical-align: inherit;\"><span dir=\"auto\" style=\"vertical-align: inherit;\">High Purity<\/span><\/span><\/strong><span dir=\"auto\" style=\"vertical-align: inherit;\"><span dir=\"auto\" style=\"vertical-align: inherit;\"> \u00a0\u2013 Optimized for reliable research results. <\/span><\/span><br \/>\n\u2705\u00a0<strong><span dir=\"auto\" style=\"vertical-align: inherit;\"><span dir=\"auto\" style=\"vertical-align: inherit;\">Standardized Dosage<\/span><\/span><\/strong><span dir=\"auto\" style=\"vertical-align: inherit;\"><span dir=\"auto\" style=\"vertical-align: inherit;\"> \u00a0- Jedes Granulat enth\u00e4lt genau\u00a0 <\/span><\/span><strong><span dir=\"auto\" style=\"vertical-align: inherit;\"><span dir=\"auto\" style=\"vertical-align: inherit;\">150 mg of 3-FEA<\/span><\/span><\/strong><span dir=\"auto\" style=\"vertical-align: inherit;\"><span dir=\"auto\" style=\"vertical-align: inherit;\"> . <\/span><\/span><br \/>\n\u2705\u00a0<strong><span dir=\"auto\" style=\"vertical-align: inherit;\"><span dir=\"auto\" style=\"vertical-align: inherit;\">Long-Lasting Effects<\/span><\/span><\/strong><span dir=\"auto\" style=\"vertical-align: inherit;\"><span dir=\"auto\" style=\"vertical-align: inherit;\"> \u00a0\u2013 Suitable for studies with a duration of action of\u00a0 <\/span><\/span><strong><span dir=\"auto\" style=\"vertical-align: inherit;\"><span dir=\"auto\" style=\"vertical-align: inherit;\">4\u20138 hours<\/span><\/span><\/strong><span dir=\"auto\" style=\"vertical-align: inherit;\"><span dir=\"auto\" style=\"vertical-align: inherit;\"> . <\/span><\/span><br \/>\n\u2705\u00a0<strong><span dir=\"auto\" style=\"vertical-align: inherit;\"><span dir=\"auto\" style=\"vertical-align: inherit;\">Professional Quality Control<\/span><\/span><\/strong><span dir=\"auto\" style=\"vertical-align: inherit;\"><span dir=\"auto\" style=\"vertical-align: inherit;\"> \u00a0\u2013 Manufactured in a controlled environment.<\/span><\/span><\/p>\n<hr \/>\n<h3><strong><span dir=\"auto\" style=\"vertical-align: inherit;\"><span dir=\"auto\" style=\"vertical-align: inherit;\">Potential Research Areas:<\/span><\/span><\/strong><\/h3>\n<ul>\n<li>\n<p class=\"ds-markdown-paragraph\"><strong><span dir=\"auto\" style=\"vertical-align: inherit;\"><span dir=\"auto\" style=\"vertical-align: inherit;\">Neuropharmakologie<\/span><\/span><\/strong><span dir=\"auto\" style=\"vertical-align: inherit;\"><span dir=\"auto\" style=\"vertical-align: inherit;\"> \u00a0\u2013 Research on dopamine and serotonin modulation.<\/span><\/span><\/p>\n<\/li>\n<li>\n<p class=\"ds-markdown-paragraph\"><strong><span dir=\"auto\" style=\"vertical-align: inherit;\"><span dir=\"auto\" style=\"vertical-align: inherit;\">Stimulant effects<\/span><\/span><\/strong><span dir=\"auto\" style=\"vertical-align: inherit;\"><span dir=\"auto\" style=\"vertical-align: inherit;\"> \u00a0\u2013 Analysis of alertness and cognitive performance.<\/span><\/span><\/p>\n<\/li>\n<li>\n<p class=\"ds-markdown-paragraph\"><strong><span dir=\"auto\" style=\"vertical-align: inherit;\"><span dir=\"auto\" style=\"vertical-align: inherit;\">Comparative studies<\/span><\/span><\/strong><span dir=\"auto\" style=\"vertical-align: inherit;\"><span dir=\"auto\" style=\"vertical-align: inherit;\"> \u00a0\u2013 Evaluation against related amphetamine derivatives.<\/span><\/span><\/p>\n<\/li>\n<\/ul>\n<hr \/>\n<h3><strong><span dir=\"auto\" style=\"vertical-align: inherit;\"><span dir=\"auto\" style=\"vertical-align: inherit;\">Safety Information &amp; Instructions for Use:<\/span><\/span><\/strong><\/h3>\n<p class=\"ds-markdown-paragraph\">\u26a0\u00a0<strong><span dir=\"auto\" style=\"vertical-align: inherit;\"><span dir=\"auto\" style=\"vertical-align: inherit;\">For research use only<\/span><\/span><\/strong><span dir=\"auto\" style=\"vertical-align: inherit;\"><span dir=\"auto\" style=\"vertical-align: inherit;\"> \u00a0\u2013 Not intended for human or animal consumption. <\/span><\/span><br \/>\n\u26a0\u00a0<strong><span dir=\"auto\" style=\"vertical-align: inherit;\"><span dir=\"auto\" style=\"vertical-align: inherit;\">Dosage &amp; Precautions<\/span><\/span><\/strong><span dir=\"auto\" style=\"vertical-align: inherit;\"><span dir=\"auto\" style=\"vertical-align: inherit;\"> \u00a0\u2013<\/span><\/span><\/p>\n<ul>\n<li>\n<p class=\"ds-markdown-paragraph\"><strong><span dir=\"auto\" style=\"vertical-align: inherit;\"><span dir=\"auto\" style=\"vertical-align: inherit;\">150 mg is a high dose<\/span><\/span><\/strong><span dir=\"auto\" style=\"vertical-align: inherit;\"><span dir=\"auto\" style=\"vertical-align: inherit;\"> ; lower amounts are recommended for preliminary research.<\/span><\/span><\/p>\n<\/li>\n<li>\n<p class=\"ds-markdown-paragraph\"><span dir=\"auto\" style=\"vertical-align: inherit;\"><span dir=\"auto\" style=\"vertical-align: inherit;\">Avoid combination with\u00a0 <\/span><\/span><strong><span dir=\"auto\" style=\"vertical-align: inherit;\"><span dir=\"auto\" style=\"vertical-align: inherit;\">MAOIs, SSRIs or other psychoactive substances<\/span><\/span><\/strong><span dir=\"auto\" style=\"vertical-align: inherit;\"><span dir=\"auto\" style=\"vertical-align: inherit;\"> .<\/span><\/span><\/p>\n<\/li>\n<li>\n<p class=\"ds-markdown-paragraph\"><span dir=\"auto\" style=\"vertical-align: inherit;\"><span dir=\"auto\" style=\"vertical-align: inherit;\">Always perform a\u00a0 <\/span><\/span><strong><span dir=\"auto\" style=\"vertical-align: inherit;\"><span dir=\"auto\" style=\"vertical-align: inherit;\">purity test<\/span><\/span><\/strong><span dir=\"auto\" style=\"vertical-align: inherit;\"><span dir=\"auto\" style=\"vertical-align: inherit;\"> \u00a0with a reagent kit (e.g., Marquis, Mecke). <\/span><\/span><br \/>\n\u26a0\u00a0<strong><span dir=\"auto\" style=\"vertical-align: inherit;\"><span dir=\"auto\" style=\"vertical-align: inherit;\">Storage advice<\/span><\/span><\/strong><span dir=\"auto\" style=\"vertical-align: inherit;\"><span dir=\"auto\" style=\"vertical-align: inherit;\"> \u00a0: Store in a\u00a0 <\/span><\/span><strong><span dir=\"auto\" style=\"vertical-align: inherit;\"><span dir=\"auto\" style=\"vertical-align: inherit;\">cool, dry place<\/span><\/span><\/strong><span dir=\"auto\" style=\"vertical-align: inherit;\"><span dir=\"auto\" style=\"vertical-align: inherit;\"> , away from direct light and moisture.<\/span><\/span><\/p>\n<\/li>\n<\/ul>\n<hr \/>\n<h3><strong><span dir=\"auto\" style=\"vertical-align: inherit;\"><span dir=\"auto\" style=\"vertical-align: inherit;\">Legal Status &amp; Availability:<\/span><\/span><\/strong><\/h3>\n<ul>\n<li>\n<p class=\"ds-markdown-paragraph\"><span dir=\"auto\" style=\"vertical-align: inherit;\"><span dir=\"auto\" style=\"vertical-align: inherit;\">3-FEA falls under the\u00a0 <\/span><\/span><strong><span dir=\"auto\" style=\"vertical-align: inherit;\"><span dir=\"auto\" style=\"vertical-align: inherit;\">Opium Act<\/span><\/span><\/strong><span dir=\"auto\" style=\"vertical-align: inherit;\"><span dir=\"auto\" style=\"vertical-align: inherit;\"> in some countries \u00a0(e.g. the Netherlands as\u00a0 <\/span><\/span><strong><span dir=\"auto\" style=\"vertical-align: inherit;\"><span dir=\"auto\" style=\"vertical-align: inherit;\">unregistered NPS<\/span><\/span><\/strong><span dir=\"auto\" style=\"vertical-align: inherit;\"><span dir=\"auto\" style=\"vertical-align: inherit;\"> ).<\/span><\/span><\/p>\n<\/li>\n<li>\n<p class=\"ds-markdown-paragraph\"><strong><span dir=\"auto\" style=\"vertical-align: inherit;\"><span dir=\"auto\" style=\"vertical-align: inherit;\">Not permitted for recreational use<\/span><\/span><\/strong><span dir=\"auto\" style=\"vertical-align: inherit;\"><span dir=\"auto\" style=\"vertical-align: inherit;\"> \u00a0\u2013 Legal only for scientific institutions with proper permits.<\/span><\/span><\/p>\n<\/li>\n<\/ul>\n<hr \/>\n<h3><strong><span dir=\"auto\" style=\"vertical-align: inherit;\"><span dir=\"auto\" style=\"vertical-align: inherit;\">Why Buy Our 3-FEA Pellets?<\/span><\/span><\/strong><\/h3>\n<p class=\"ds-markdown-paragraph\">\ud83d\udd2c\u00a0<strong><span dir=\"auto\" style=\"vertical-align: inherit;\"><span dir=\"auto\" style=\"vertical-align: inherit;\">Reliable quality<\/span><\/span><\/strong><span dir=\"auto\" style=\"vertical-align: inherit;\"><span dir=\"auto\" style=\"vertical-align: inherit;\"> \u00a0\u2013 Each batch is analyzed for purity. <\/span><\/span><br \/>\n\ud83d\udce6\u00a0<strong><span dir=\"auto\" style=\"vertical-align: inherit;\"><span dir=\"auto\" style=\"vertical-align: inherit;\">Diskrete Verpackung<\/span><\/span><\/strong><span dir=\"auto\" style=\"vertical-align: inherit;\"><span dir=\"auto\" style=\"vertical-align: inherit;\"> \u00a0\u2013 Anonymous delivery with track &amp; trace. <\/span><\/span><br \/>\n\ud83d\udcda\u00a0<strong><span dir=\"auto\" style=\"vertical-align: inherit;\"><span dir=\"auto\" style=\"vertical-align: inherit;\">Scientific support<\/span><\/span><\/strong><span dir=\"auto\" style=\"vertical-align: inherit;\"><span dir=\"auto\" style=\"vertical-align: inherit;\"> \u00a0\u2013 Detailed MSDS (Material Safety Data Sheet) available upon request. <\/span><\/span><a href=\"https:\/\/researchchemicalsweb.com\/de\/shop\/iboga-ibogaine\/iboga-wurzel-rinde\/\"><span dir=\"auto\" style=\"vertical-align: inherit;\"><span dir=\"auto\" style=\"vertical-align: inherit;\">Iboga-Wurzel-Rinde<\/span><\/span><\/a><a href=\"https:\/\/researchchemicalsweb.com\/de\/shop\/iboga-ibogaine\/buy-ibogaine-hcl-online\/\"><span dir=\"auto\" style=\"vertical-align: inherit;\"><span dir=\"auto\" style=\"vertical-align: inherit;\">ibogaine hcl online kaufen<\/span><\/span><\/a><a href=\"https:\/\/researchchemicalsweb.com\/de\/shop\/lysergamide\/1cp-lsd\/\"><span dir=\"auto\" style=\"vertical-align: inherit;\"><span dir=\"auto\" style=\"vertical-align: inherit;\">1cp lsd <\/span><\/span><\/a><a href=\"https:\/\/researchchemicalsweb.com\/de\/shop\/pellets-for-pellet\/o-dsmt-50mg-pellets\/\"><span dir=\"auto\" style=\"vertical-align: inherit;\"><span dir=\"auto\" style=\"vertical-align: inherit;\">o-dsmt <\/span><\/span><\/a><a href=\"https:\/\/researchchemicalsweb.com\/de\/shop\/lysergamide\/1vlsd\/\"><span dir=\"auto\" style=\"vertical-align: inherit;\"><span dir=\"auto\" style=\"vertical-align: inherit;\">1vlsd<\/span><\/span><\/a><\/p>","protected":false},"excerpt":{"rendered":"<p><strong><span dir=\"auto\" style=\"vertical-align: inherit;\"><span dir=\"auto\" style=\"vertical-align: inherit;\">Properties of 3-FEA pellets<\/span><\/span><\/strong><\/p>\n<p><span dir=\"auto\" style=\"vertical-align: inherit;\"><span dir=\"auto\" style=\"vertical-align: inherit;\">Synonym : 3-Fluoroethamphetamine <\/span><\/span><br \/>\n<span dir=\"auto\" style=\"vertical-align: inherit;\"><span dir=\"auto\" style=\"vertical-align: inherit;\">CAS number : 54982-43-3 <\/span><\/span><br \/>\n<span dir=\"auto\" style=\"vertical-align: inherit;\"><span dir=\"auto\" style=\"vertical-align: inherit;\">Formula : C11H16FN <\/span><\/span><br \/>\n<span dir=\"auto\" style=\"vertical-align: inherit;\"><span dir=\"auto\" style=\"vertical-align: inherit;\">Molar mass : 181.254 g\/mol <\/span><\/span><br \/>\n<span dir=\"auto\" style=\"vertical-align: inherit;\"><span dir=\"auto\" style=\"vertical-align: inherit;\">Purity : \u226598%<\/span><\/span><\/p>","protected":false},"featured_media":20199,"comment_status":"closed","ping_status":"closed","template":"","meta":[],"product_brand":[79],"product_cat":[463,646,73,88,127],"product_tag":[326,78],"class_list":{"0":"post-19527","1":"product","2":"type-product","3":"status-publish","4":"has-post-thumbnail","6":"product_brand-research-chemical","7":"product_cat-3-fea","8":"product_cat-3-fea-pellets","9":"product_cat-bijna-verboden","10":"product_cat-gefluoreerden","11":"product_cat-pellets","12":"product_tag-3-fea","13":"product_tag-nl","15":"first","16":"instock","17":"shipping-taxable","18":"purchasable","19":"product-type-variable"},"_links":{"self":[{"href":"https:\/\/researchchemicalsweb.com\/de\/wp-json\/wp\/v2\/product\/19527","targetHints":{"allow":["GET"]}}],"collection":[{"href":"https:\/\/researchchemicalsweb.com\/de\/wp-json\/wp\/v2\/product"}],"about":[{"href":"https:\/\/researchchemicalsweb.com\/de\/wp-json\/wp\/v2\/types\/product"}],"replies":[{"embeddable":true,"href":"https:\/\/researchchemicalsweb.com\/de\/wp-json\/wp\/v2\/comments?post=19527"}],"version-history":[{"count":1,"href":"https:\/\/researchchemicalsweb.com\/de\/wp-json\/wp\/v2\/product\/19527\/revisions"}],"predecessor-version":[{"id":19580,"href":"https:\/\/researchchemicalsweb.com\/de\/wp-json\/wp\/v2\/product\/19527\/revisions\/19580"}],"wp:featuredmedia":[{"embeddable":true,"href":"https:\/\/researchchemicalsweb.com\/de\/wp-json\/wp\/v2\/media\/20199"}],"wp:attachment":[{"href":"https:\/\/researchchemicalsweb.com\/de\/wp-json\/wp\/v2\/media?parent=19527"}],"wp:term":[{"taxonomy":"product_brand","embeddable":true,"href":"https:\/\/researchchemicalsweb.com\/de\/wp-json\/wp\/v2\/product_brand?post=19527"},{"taxonomy":"product_cat","embeddable":true,"href":"https:\/\/researchchemicalsweb.com\/de\/wp-json\/wp\/v2\/product_cat?post=19527"},{"taxonomy":"product_tag","embeddable":true,"href":"https:\/\/researchchemicalsweb.com\/de\/wp-json\/wp\/v2\/product_tag?post=19527"}],"curies":[{"name":"wp","href":"https:\/\/api.w.org\/{rel}","templated":true}]}}