{"id":19506,"date":"2025-12-16T21:09:14","date_gmt":"2025-12-16T21:09:14","guid":{"rendered":"https:\/\/researchchemicalsweb.com\/?post_type=product&#038;p=19506"},"modified":"2026-02-17T14:20:55","modified_gmt":"2026-02-17T14:20:55","slug":"2c-d-10-mg-pellets","status":"publish","type":"product","link":"https:\/\/researchchemicalsweb.com\/de\/produkt\/2c-d-10-mg-pellets\/","title":{"rendered":"2C-D 10 MG Pellets"},"content":{"rendered":"<h3 data-start=\"3944\" data-end=\"3965\"><strong data-start=\"3948\" data-end=\"3963\">Einf\u00fchrung<\/strong><\/h3>\n<p data-start=\"3966\" data-end=\"4388\"><strong data-start=\"3966\" data-end=\"3987\"><span class=\"___SBox_4905a-ko_ ___SText_1ifhk-ko_\" data-ui-name=\"Link.Text\">2c d<\/span>, 2C-D 10mg Pellets<\/strong> enthalten eine genaue Dosis von <strong data-start=\"4023\" data-end=\"4069\">2C-D (2,5-Dimethoxy-4-methylphenethylamin)<\/strong> - eine Verbindung aus dem <strong data-start=\"4094\" data-end=\"4108\">2C-Familie<\/strong> von substituierten Phenethylaminen, das urspr\u00fcnglich von Dr. Alexander Shulgin synthetisiert wurde. In der Forschung und in analytischen Zusammenh\u00e4ngen wird 2C-D als <strong data-start=\"4268\" data-end=\"4286\">Referenzsubstanz<\/strong> f\u00fcr strukturelle und pharmakologische Studien (SAR), Rezeptorbindung und analytische Nachweisverfahren. 2c d<\/p>\n<p data-start=\"4390\" data-end=\"4624\">Diese Pellets werden nach folgenden Kriterien hergestellt <strong data-start=\"4430\" data-end=\"4455\">Laborqualit\u00e4t<\/strong>, mit <strong data-start=\"4461\" data-end=\"4506\">konstante Dosen von 10 mg pro Pellet<\/strong>. Sie sind ausschlie\u00dflich bestimmt f\u00fcr <strong data-start=\"4541\" data-end=\"4575\">Forschung und chemische Analyse<\/strong>, nicht f\u00fcr den menschlichen oder tierischen Verzehr.<\/p>\n<hr data-start=\"4626\" data-end=\"4629\" \/>\n<h3 data-start=\"4631\" data-end=\"4662\"><strong data-start=\"4635\" data-end=\"4662\">Wesentliche Merkmale<\/strong><\/h3>\n<ul data-start=\"4664\" data-end=\"5057\">\n<li data-start=\"4664\" data-end=\"4723\">\n<p data-start=\"4666\" data-end=\"4723\"><strong data-start=\"4666\" data-end=\"4685\">Chemische Bezeichnung:<\/strong> 2,5-Dimethoxy-4-methylphenethylamin<\/p>\n<\/li>\n<li data-start=\"4724\" data-end=\"4756\">\n<p data-start=\"4726\" data-end=\"4756\"><strong data-start=\"4726\" data-end=\"4749\">Allgemeiner Name:<\/strong> 2C-D<\/p>\n<\/li>\n<li data-start=\"4757\" data-end=\"4791\">\n<p data-start=\"4759\" data-end=\"4791\"><strong data-start=\"4759\" data-end=\"4779\">Molekulare Formel:<\/strong> C\u2081\u2081H\u2081\u2087NO\u2082<\/p>\n<\/li>\n<li data-start=\"4792\" data-end=\"4829\">\n<p data-start=\"4794\" data-end=\"4829\"><strong data-start=\"4794\" data-end=\"4814\">Molekulargewicht:<\/strong> 195,26 g\/mol<\/p>\n<\/li>\n<li data-start=\"4830\" data-end=\"4864\">\n<p data-start=\"4832\" data-end=\"4864\"><strong data-start=\"4832\" data-end=\"4845\">Dosierung:<\/strong> 10 mg pro K\u00fcgelchen<\/p>\n<\/li>\n<li data-start=\"4865\" data-end=\"4918\">\n<p data-start=\"4867\" data-end=\"4918\"><strong data-start=\"4867\" data-end=\"4882\">Reinheit:<\/strong> \u2265 98% (best\u00e4tigt durch HPLC und NMR)<\/p>\n<\/li>\n<li data-start=\"4919\" data-end=\"4992\">\n<p data-start=\"4921\" data-end=\"4992\"><strong data-start=\"4921\" data-end=\"4933\">Verwendung:<\/strong> Nur f\u00fcr analytische, forensische und chemische Forschung<\/p>\n<\/li>\n<li data-start=\"4993\" data-end=\"5057\">\n<p data-start=\"4995\" data-end=\"5057\"><strong data-start=\"4995\" data-end=\"5006\">Lagerung:<\/strong> Geschlossen, trocken und k\u00fchl lagern; zwischen 2-8 \u00b0C<\/p>\n<\/li>\n<\/ul>\n<hr data-start=\"5059\" data-end=\"5062\" \/>\n<h3 data-start=\"5064\" data-end=\"5081\"><strong data-start=\"5068\" data-end=\"5081\">Vorteile<\/strong><\/h3>\n<ul data-start=\"5083\" data-end=\"5589\">\n<li data-start=\"5083\" data-end=\"5188\">\n<p data-start=\"5085\" data-end=\"5188\"><strong data-start=\"5085\" data-end=\"5109\">Exakt dosiert<\/strong> - 10 mg pro K\u00fcgelchen f\u00fcr pr\u00e4zise Messungen und zuverl\u00e4ssige Studienergebnisse. 2c d<\/p>\n<\/li>\n<li data-start=\"5189\" data-end=\"5286\">\n<p data-start=\"5191\" data-end=\"5286\"><strong data-start=\"5191\" data-end=\"5214\">Forschungsstandard<\/strong> - Geeignet f\u00fcr Chromatographie, Spektrometrie und Strukturanalyse.<\/p>\n<\/li>\n<li data-start=\"5287\" data-end=\"5389\">\n<p data-start=\"5289\" data-end=\"5389\"><strong data-start=\"5289\" data-end=\"5309\">Konsistente Daten<\/strong> - Gleichm\u00e4\u00dfige Dosierung und hohe Reinheit f\u00f6rdern reproduzierbare Ergebnisse.<\/p>\n<\/li>\n<li data-start=\"5390\" data-end=\"5504\">\n<p data-start=\"5392\" data-end=\"5504\"><strong data-start=\"5392\" data-end=\"5424\">Wertvoll f\u00fcr die SAR-Forschung<\/strong> - Geeignet f\u00fcr den Vergleich mit anderen 2C-Analoga wie 2C-B, 2C-C und 2C-E.<\/p>\n<\/li>\n<li data-start=\"5505\" data-end=\"5589\">\n<p data-start=\"5507\" data-end=\"5589\"><strong data-start=\"5507\" data-end=\"5534\">Garantierte Qualit\u00e4t<\/strong> - Lieferung mit Analysenzertifikat (COA) auf Anfrage.<\/p>\n<\/li>\n<\/ul>\n<hr data-start=\"5591\" data-end=\"5594\" \/>\n<h3 data-start=\"5596\" data-end=\"5648\"><strong data-start=\"5600\" data-end=\"5646\">Verwendung (nur f\u00fcr Forschungszwecke)<\/strong><\/h3>\n<blockquote data-start=\"5650\" data-end=\"5818\">\n<p data-start=\"5652\" data-end=\"5818\">\u26a0\ufe0f <strong data-start=\"5655\" data-end=\"5666\">Anmerkung:<\/strong> 2C-D 10mg Pellets sind ausschlie\u00dflich bestimmt f\u00fcr <strong data-start=\"5715\" data-end=\"5756\">Labor und analytische Forschung<\/strong> und <strong data-start=\"5760\" data-end=\"5817\">nicht f\u00fcr den menschlichen oder tierischen Verzehr geeignet<\/strong>.<\/p>\n<\/blockquote>\n<ol data-start=\"5820\" data-end=\"6280\">\n<li data-start=\"5820\" data-end=\"5914\">\n<p data-start=\"5823\" data-end=\"5914\"><strong data-start=\"5823\" data-end=\"5838\">Handhabung:<\/strong> Handschuhe, Schutzbrille und Laborkittel tragen; unter einem Abzug arbeiten.<\/p>\n<\/li>\n<li data-start=\"5915\" data-end=\"6031\">\n<p data-start=\"5918\" data-end=\"6031\"><strong data-start=\"5918\" data-end=\"5931\">Abmessungen:<\/strong> Jede Tablette enth\u00e4lt 10 mg - nicht au\u00dferhalb kontrollierter Studienbedingungen anpassen oder weitergeben.<\/p>\n<\/li>\n<li data-start=\"6032\" data-end=\"6102\">\n<p data-start=\"6035\" data-end=\"6102\"><strong data-start=\"6035\" data-end=\"6046\">Lagerung:<\/strong> K\u00fchl, trocken und dunkel lagern; vorzugsweise bei 2-8\u00b0C.<\/p>\n<\/li>\n<li data-start=\"6103\" data-end=\"6170\">\n<p data-start=\"6106\" data-end=\"6170\"><strong data-start=\"6106\" data-end=\"6118\">Analyse:<\/strong> Geeignet f\u00fcr HPLC, GC\/MS, LC-MS und FTIR-Analysen.<\/p>\n<\/li>\n<li data-start=\"6171\" data-end=\"6280\">\n<p data-start=\"6174\" data-end=\"6280\"><strong data-start=\"6174\" data-end=\"6191\">Dokumentation:<\/strong> Aufzeichnung von Chargennummer, Reinheit und Testergebnissen zur Einhaltung der Vorschriften und R\u00fcckverfolgbarkeit.<\/p>\n<\/li>\n<\/ol>\n<hr data-start=\"6282\" data-end=\"6285\" \/>\n<h3 data-start=\"6287\" data-end=\"6322\"><strong data-start=\"6291\" data-end=\"6320\">H\u00e4ufig gestellte Fragen (FAQ)<\/strong><\/h3>\n<p data-start=\"6324\" data-end=\"6537\"><strong data-start=\"6324\" data-end=\"6343\">1. Was ist 2C-D?<\/strong><br data-start=\"6343\" data-end=\"6346\" \/>2C-D (2,5-Dimethoxy-4-methylphenethylamin) ist ein synthetisches <strong data-start=\"6409\" data-end=\"6426\">Phenethylamin<\/strong> aus der 2C-Familie. Es wird als Forschungssubstanz f\u00fcr Rezeptorbindung und Strukturvergleiche verwendet.<\/p>\n<p data-start=\"6539\" data-end=\"6749\"><strong data-start=\"6539\" data-end=\"6589\">2. Wof\u00fcr werden 2C-D 10mg Pellets verwendet?<\/strong><br data-start=\"6589\" data-end=\"6592\" \/>Diese Pellets sind bestimmt f\u00fcr <strong data-start=\"6623\" data-end=\"6679\">wissenschaftliche, forensische und analytische Forschung<\/strong>, einschlie\u00dflich chromatographischer Kalibrierung und chemischer Identifizierung.<\/p>\n<p data-start=\"6751\" data-end=\"7011\"><strong data-start=\"6751\" data-end=\"6789\">3. Ist es legal, 2C-D zu kaufen?<\/strong><br data-start=\"6789\" data-end=\"6792\" \/>Die <strong data-start=\"6795\" data-end=\"6818\">Rechtm\u00e4\u00dfigkeit von 2C-D<\/strong> ist von Land zu Land unterschiedlich. In einigen L\u00e4ndern f\u00e4llt es unter kontrollierte Substanzen, in anderen ist es f\u00fcr Forschungszwecke erlaubt. Pr\u00fcfen Sie vor der Verwendung immer die \u00f6rtlichen Gesetze <strong data-start=\"6994\" data-end=\"7008\">2C-D kauft<\/strong>. <a href=\"https:\/\/researchchemicalsweb.com\/de\/shop\/okategoriserad\/4mmc-kaufen\/\">4mmc kaufen<\/a><a href=\"https:\/\/researchchemicalsweb.com\/de\/shop\/okategoriserad\/benzocaine-powder\/\">Benzocain-Pulver<\/a><\/p>","protected":false},"excerpt":{"rendered":"<p>Introductie 2c d, 2C-D 10mg Pellets bevatten een nauwkeurige dosis van 2C-D (2,5-dimethoxy-4-methylfenethylamine) \u2014 een verbinding uit de 2C-familie van<\/p>","protected":false},"featured_media":20167,"comment_status":"closed","ping_status":"closed","template":"","meta":[],"product_brand":[79],"product_cat":[733,734,73,74,127],"product_tag":[688,992,690,735,78],"class_list":{"0":"post-19506","1":"product","2":"type-product","3":"status-publish","4":"has-post-thumbnail","6":"product_brand-research-chemical","7":"product_cat-2c-d","8":"product_cat-2c-d-pellets","9":"product_cat-bijna-verboden","10":"product_cat-fenethylamine","11":"product_cat-pellets","12":"product_tag-2c-d","13":"product_tag-2c-d-10-mg-pellets","14":"product_tag-2c-d-kopen","15":"product_tag-2cd","16":"product_tag-nl","18":"first","19":"instock","20":"shipping-taxable","21":"purchasable","22":"product-type-variable"},"_links":{"self":[{"href":"https:\/\/researchchemicalsweb.com\/de\/wp-json\/wp\/v2\/product\/19506","targetHints":{"allow":["GET"]}}],"collection":[{"href":"https:\/\/researchchemicalsweb.com\/de\/wp-json\/wp\/v2\/product"}],"about":[{"href":"https:\/\/researchchemicalsweb.com\/de\/wp-json\/wp\/v2\/types\/product"}],"replies":[{"embeddable":true,"href":"https:\/\/researchchemicalsweb.com\/de\/wp-json\/wp\/v2\/comments?post=19506"}],"version-history":[{"count":3,"href":"https:\/\/researchchemicalsweb.com\/de\/wp-json\/wp\/v2\/product\/19506\/revisions"}],"predecessor-version":[{"id":19938,"href":"https:\/\/researchchemicalsweb.com\/de\/wp-json\/wp\/v2\/product\/19506\/revisions\/19938"}],"wp:featuredmedia":[{"embeddable":true,"href":"https:\/\/researchchemicalsweb.com\/de\/wp-json\/wp\/v2\/media\/20167"}],"wp:attachment":[{"href":"https:\/\/researchchemicalsweb.com\/de\/wp-json\/wp\/v2\/media?parent=19506"}],"wp:term":[{"taxonomy":"product_brand","embeddable":true,"href":"https:\/\/researchchemicalsweb.com\/de\/wp-json\/wp\/v2\/product_brand?post=19506"},{"taxonomy":"product_cat","embeddable":true,"href":"https:\/\/researchchemicalsweb.com\/de\/wp-json\/wp\/v2\/product_cat?post=19506"},{"taxonomy":"product_tag","embeddable":true,"href":"https:\/\/researchchemicalsweb.com\/de\/wp-json\/wp\/v2\/product_tag?post=19506"}],"curies":[{"name":"wp","href":"https:\/\/api.w.org\/{rel}","templated":true}]}}