{"id":19222,"date":"2025-12-16T21:01:17","date_gmt":"2025-12-16T21:01:17","guid":{"rendered":"https:\/\/researchchemicalsweb.com\/?post_type=product&#038;p=19222"},"modified":"2026-02-17T14:21:52","modified_gmt":"2026-02-17T14:21:52","slug":"dck-dechloroketamin","status":"publish","type":"product","link":"https:\/\/researchchemicalsweb.com\/de\/produkt\/dck-dechloroketamin\/","title":{"rendered":"DCK (Deschloroketamin)"},"content":{"rendered":"<h3 data-start=\"4022\" data-end=\"4043\"><strong data-start=\"4026\" data-end=\"4041\">Einf\u00fchrung<\/strong><\/h3>\n<p data-start=\"4044\" data-end=\"4403\"><strong data-start=\"4044\" data-end=\"4071\">DCK (Deschloroketamin)<\/strong>, auch bekannt als <strong data-start=\"4088\" data-end=\"4109\">O-PCM (2-Oxo-PCM)<\/strong>, ist ein <strong data-start=\"4118\" data-end=\"4155\">dissoziatives Arylcyclohexylamin<\/strong> das strukturell verwandt ist mit <strong data-start=\"4187\" data-end=\"4199\">Ketamin<\/strong> und <strong data-start=\"4203\" data-end=\"4219\">PCE-Analoga<\/strong>. dck<br data-start=\"4220\" data-end=\"4223\" \/>Es wird verwendet in <strong data-start=\"4245\" data-end=\"4283\">analytische und forensische Untersuchungen<\/strong> zu <strong data-start=\"4289\" data-end=\"4317\">NMDA-Rezeptor-Wechselwirkungen<\/strong>, <strong data-start=\"4319\" data-end=\"4361\">Struktur-Wirkungs-Beziehungen (SAR)<\/strong> und <strong data-start=\"4365\" data-end=\"4400\">chromatographische Eigenschaften<\/strong>.<\/p>\n<p data-start=\"4405\" data-end=\"4697\">Jede Charge wird hergestellt unter <strong data-start=\"4441\" data-end=\"4486\">kontrollierte Laborbedingungen<\/strong> und getestet an einer <strong data-start=\"4504\" data-end=\"4528\">Reinheit von \u2265 98%<\/strong> \u00fcber <strong data-start=\"4533\" data-end=\"4557\">HPLC- und NMR-Analyse<\/strong>.<br data-start=\"4558\" data-end=\"4561\" \/>DCK kommt herein <strong data-start=\"4583\" data-end=\"4623\">kristalline Hydrochlorid (HCl)-Form<\/strong>, die Folgendes vorsieht <strong data-start=\"4640\" data-end=\"4672\">Stabilit\u00e4t und L\u00f6slichkeit<\/strong> \u00fcber die Verwendung in der Forschung.<\/p>\n<blockquote data-start=\"4699\" data-end=\"4837\">\n<p data-start=\"4701\" data-end=\"4837\">\u26a0\ufe0f <strong data-start=\"4704\" data-end=\"4715\">Anmerkung:<\/strong> DCK ist ausschlie\u00dflich bestimmt f\u00fcr <strong data-start=\"4748\" data-end=\"4783\">Forschung und analytische Nutzung<\/strong> \u2014 <strong data-start=\"4786\" data-end=\"4835\">nicht f\u00fcr den menschlichen oder tierischen Verzehr.<\/strong><\/p>\n<\/blockquote>\n<hr data-start=\"4839\" data-end=\"4842\" \/>\n<h3 data-start=\"4844\" data-end=\"4875\"><strong data-start=\"4848\" data-end=\"4875\">Wesentliche Merkmale<\/strong><\/h3>\n<div class=\"_tableContainer_1rjym_1\">\n<div class=\"group _tableWrapper_1rjym_13 flex w-fit flex-col-reverse\" tabindex=\"-1\">\n<table class=\"w-fit min-w-(--thread-content-width)\" data-start=\"4877\" data-end=\"5536\">\n<thead data-start=\"4877\" data-end=\"4903\">\n<tr data-start=\"4877\" data-end=\"4903\">\n<th data-start=\"4877\" data-end=\"4887\" data-col-size=\"sm\">Merkmal<\/th>\n<th data-start=\"4887\" data-end=\"4903\" data-col-size=\"md\">Beschreibung<\/th>\n<\/tr>\n<\/thead>\n<tbody data-start=\"4932\" data-end=\"5536\">\n<tr data-start=\"4932\" data-end=\"5007\">\n<td data-start=\"4932\" data-end=\"4953\" data-col-size=\"sm\"><strong data-start=\"4934\" data-end=\"4952\">Chemische Bezeichnung<\/strong><\/td>\n<td data-start=\"4953\" data-end=\"5007\" data-col-size=\"md\">2-Phenyl-2-(methylamino)cyclohexanon-Hydrochlorid<\/td>\n<\/tr>\n<tr data-start=\"5008\" data-end=\"5068\">\n<td data-start=\"5008\" data-end=\"5033\" data-col-size=\"sm\"><strong data-start=\"5010\" data-end=\"5032\">Allgemeiner Name<\/strong><\/td>\n<td data-start=\"5033\" data-end=\"5068\" data-col-size=\"md\">DCK \/ Deschloroketamin \/ O-PCM<\/td>\n<\/tr>\n<tr data-start=\"5069\" data-end=\"5109\">\n<td data-start=\"5069\" data-end=\"5093\" data-col-size=\"sm\"><strong data-start=\"5071\" data-end=\"5092\">Chemische Formel<\/strong><\/td>\n<td data-start=\"5093\" data-end=\"5109\" data-col-size=\"md\">C\u2081\u2083H\u2081\u2087NO-HCl<\/td>\n<\/tr>\n<tr data-start=\"5110\" data-end=\"5148\">\n<td data-start=\"5110\" data-end=\"5132\" data-col-size=\"sm\"><strong data-start=\"5112\" data-end=\"5131\">Molekulargewicht<\/strong><\/td>\n<td data-start=\"5132\" data-end=\"5148\" data-col-size=\"md\">239,74 g\/mol<\/td>\n<\/tr>\n<tr data-start=\"5149\" data-end=\"5193\">\n<td data-start=\"5149\" data-end=\"5160\" data-col-size=\"sm\"><strong data-start=\"5151\" data-end=\"5159\">Formular<\/strong><\/td>\n<td data-start=\"5160\" data-end=\"5193\" data-col-size=\"md\">kristallines Pulver (HCl-Salz)<\/td>\n<\/tr>\n<tr data-start=\"5194\" data-end=\"5245\">\n<td data-start=\"5194\" data-end=\"5211\" data-col-size=\"sm\"><strong data-start=\"5196\" data-end=\"5210\">Reinheit<\/strong><\/td>\n<td data-start=\"5211\" data-end=\"5245\" data-col-size=\"md\">\u2265 98% (getestet mittels HPLC und NMR)<\/td>\n<\/tr>\n<tr data-start=\"5246\" data-end=\"5319\">\n<td data-start=\"5246\" data-end=\"5269\" data-col-size=\"sm\"><strong data-start=\"5248\" data-end=\"5268\">Chemische Klasse<\/strong><\/td>\n<td data-start=\"5269\" data-end=\"5319\" data-col-size=\"md\">Arylcyclohexylamin \/ Dissoziative Verbindung<\/td>\n<\/tr>\n<tr data-start=\"5320\" data-end=\"5399\">\n<td data-start=\"5320\" data-end=\"5334\" data-col-size=\"sm\"><strong data-start=\"5322\" data-end=\"5333\">Verwenden Sie<\/strong><\/td>\n<td data-start=\"5334\" data-end=\"5399\" data-col-size=\"md\">Nur f\u00fcr analytische, forensische und neurochemische Forschung<\/td>\n<\/tr>\n<tr data-start=\"5400\" data-end=\"5467\">\n<td data-start=\"5400\" data-end=\"5417\" data-col-size=\"sm\"><strong data-start=\"5402\" data-end=\"5416\">Verpackung<\/strong><\/td>\n<td data-start=\"5417\" data-end=\"5467\" data-col-size=\"md\">Wiederverschlie\u00dfbarer, feuchtigkeitsbest\u00e4ndiger Laborbeutel<\/td>\n<\/tr>\n<tr data-start=\"5468\" data-end=\"5536\">\n<td data-start=\"5468\" data-end=\"5486\" data-col-size=\"sm\"><strong data-start=\"5470\" data-end=\"5485\">Menge<\/strong><\/td>\n<td data-start=\"5486\" data-end=\"5536\" data-col-size=\"md\">Wird normalerweise pro 1 Gramm geliefert (chargenabh\u00e4ngig)<\/td>\n<\/tr>\n<\/tbody>\n<\/table>\n<\/div>\n<\/div>\n<hr data-start=\"5538\" data-end=\"5541\" \/>\n<h3 data-start=\"5543\" data-end=\"5560\"><strong data-start=\"5547\" data-end=\"5560\">Vorteile<\/strong><\/h3>\n<ul data-start=\"5562\" data-end=\"5960\">\n<li data-start=\"5562\" data-end=\"5654\">\n<p data-start=\"5564\" data-end=\"5654\"><strong data-start=\"5564\" data-end=\"5583\">Hohe Reinheit<\/strong> - \u2265 98% Laborqualit\u00e4t f\u00fcr zuverl\u00e4ssige Testergebnisse.<\/p>\n<\/li>\n<li data-start=\"5655\" data-end=\"5723\">\n<p data-start=\"5657\" data-end=\"5723\"><strong data-start=\"5657\" data-end=\"5678\">Stabile HCl-Form<\/strong> - Verbessert die Lagerf\u00e4higkeit und L\u00f6slichkeit.<\/p>\n<\/li>\n<li data-start=\"5724\" data-end=\"5805\">\n<p data-start=\"5726\" data-end=\"5805\"><strong data-start=\"5726\" data-end=\"5765\">Ideal f\u00fcr die neurochemische Forschung<\/strong> - Geeignet f\u00fcr NMDA- und SAR-Studien.<\/p>\n<\/li>\n<li data-start=\"5806\" data-end=\"5885\">\n<p data-start=\"5808\" data-end=\"5885\"><strong data-start=\"5808\" data-end=\"5838\">Breite Forschungspflasterung<\/strong> - Kompatibel mit GC\/MS, LC-MS, FTIR und HPLC.<\/p>\n<\/li>\n<li data-start=\"5886\" data-end=\"5960\">\n<p data-start=\"5888\" data-end=\"5960\"><strong data-start=\"5888\" data-end=\"5914\">Gepr\u00fcfte Chargenqualit\u00e4t<\/strong> - Jede Charge wird dokumentiert und ist r\u00fcckverfolgbar.<\/p>\n<\/li>\n<\/ul>\n<hr data-start=\"5962\" data-end=\"5965\" \/>\n<h3 data-start=\"5967\" data-end=\"6019\"><strong data-start=\"5971\" data-end=\"6017\">Verwendung (nur f\u00fcr Forschungszwecke)<\/strong><\/h3>\n<ol data-start=\"6021\" data-end=\"6345\">\n<li data-start=\"6021\" data-end=\"6090\">\n<p data-start=\"6024\" data-end=\"6090\"><strong data-start=\"6024\" data-end=\"6039\">Handhabung:<\/strong> Tragen Sie Handschuhe, Schutzbrille und Laborkittel.<\/p>\n<\/li>\n<li data-start=\"6091\" data-end=\"6153\">\n<p data-start=\"6094\" data-end=\"6153\"><strong data-start=\"6094\" data-end=\"6107\">Abmessungen:<\/strong> Wiegen Sie genau mit einer analytischen Waage. dck<\/p>\n<\/li>\n<li data-start=\"6154\" data-end=\"6208\">\n<p data-start=\"6157\" data-end=\"6208\"><strong data-start=\"6157\" data-end=\"6168\">Lagerung:<\/strong> K\u00fchl (2-8\u00b0C), trocken und dunkel lagern.<\/p>\n<\/li>\n<li data-start=\"6209\" data-end=\"6283\">\n<p data-start=\"6212\" data-end=\"6283\"><strong data-start=\"6212\" data-end=\"6224\">Analyse:<\/strong> Geeignet f\u00fcr Chromatographie und neurochemische Forschung.<\/p>\n<\/li>\n<li data-start=\"6284\" data-end=\"6345\">\n<p data-start=\"6287\" data-end=\"6345\"><strong data-start=\"6287\" data-end=\"6304\">Dokumentation:<\/strong> Chargennummer und Analysemethoden notieren.<\/p>\n<\/li>\n<\/ol>\n<hr data-start=\"6347\" data-end=\"6350\" \/>\n<h3 data-start=\"6352\" data-end=\"6387\"><strong data-start=\"6356\" data-end=\"6385\">H\u00e4ufig gestellte Fragen (FAQ)<\/strong><\/h3>\n<p data-start=\"6389\" data-end=\"6562\"><strong data-start=\"6389\" data-end=\"6427\">1. Was ist DCK (Deschloroketamin)?<\/strong><br data-start=\"6427\" data-end=\"6430\" \/><strong data-start=\"6430\" data-end=\"6437\">DCK<\/strong> ist eine <strong data-start=\"6445\" data-end=\"6469\">Forschungssubstanz<\/strong> verwandt mit Ketamin, das in Labors zur Untersuchung der NMDA-Rezeptoraktivit\u00e4t verwendet wird.<\/p>\n<p data-start=\"6564\" data-end=\"6664\"><strong data-start=\"6564\" data-end=\"6589\">2. Wie rein ist DCK?<\/strong><br data-start=\"6589\" data-end=\"6592\" \/>Jede Charge hat eine <strong data-start=\"6613\" data-end=\"6637\">Reinheit von \u2265 98%<\/strong>, getestet mittels HPLC und NMR.<\/p>\n<p data-start=\"6666\" data-end=\"6816\"><strong data-start=\"6666\" data-end=\"6703\">3. Ist es legal, DCK zu kaufen?<\/strong><br data-start=\"6703\" data-end=\"6706\" \/>Die <strong data-start=\"6709\" data-end=\"6731\">Rechtm\u00e4\u00dfigkeit des DCK<\/strong> ist von Land zu Land unterschiedlich. Pr\u00fcfen Sie immer die \u00f6rtlichen Gesetze, bevor Sie <strong data-start=\"6800\" data-end=\"6813\">DCK kauft<\/strong>.<\/p>\n<ul>\n<li><\/li>\n<\/ul>","protected":false},"excerpt":{"rendered":"<h3>DCK eigenschappen<\/h3>\n<p><strong>Synoniem:<\/strong> 2\u2032-oxo-PCM, deschloroketamine<br \/>\n<strong>CAS Nummer:<\/strong> 4631-27-0<br \/>\n<strong>Formule:<\/strong> 2-(methylamino)-2-phenyl-cyclohexanone<br \/>\n<strong>Molmassa:<\/strong> 239,7 g\/mol<br \/>\n<strong>Reinheit:<\/strong> &gt;97%<\/p>","protected":false},"featured_media":20306,"comment_status":"closed","ping_status":"closed","template":"","meta":[],"product_brand":[],"product_cat":[154,615],"product_tag":[568,616,617,78],"class_list":{"0":"post-19222","1":"product","2":"type-product","3":"status-publish","4":"has-post-thumbnail","6":"product_cat-arylcyclohexylamines","7":"product_cat-dcks","8":"product_tag-2f-dck-kopen","9":"product_tag-dck","10":"product_tag-dcks","11":"product_tag-nl","13":"first","14":"instock","15":"shipping-taxable","16":"purchasable","17":"product-type-variable"},"_links":{"self":[{"href":"https:\/\/researchchemicalsweb.com\/de\/wp-json\/wp\/v2\/product\/19222","targetHints":{"allow":["GET"]}}],"collection":[{"href":"https:\/\/researchchemicalsweb.com\/de\/wp-json\/wp\/v2\/product"}],"about":[{"href":"https:\/\/researchchemicalsweb.com\/de\/wp-json\/wp\/v2\/types\/product"}],"replies":[{"embeddable":true,"href":"https:\/\/researchchemicalsweb.com\/de\/wp-json\/wp\/v2\/comments?post=19222"}],"version-history":[{"count":1,"href":"https:\/\/researchchemicalsweb.com\/de\/wp-json\/wp\/v2\/product\/19222\/revisions"}],"predecessor-version":[{"id":19257,"href":"https:\/\/researchchemicalsweb.com\/de\/wp-json\/wp\/v2\/product\/19222\/revisions\/19257"}],"wp:featuredmedia":[{"embeddable":true,"href":"https:\/\/researchchemicalsweb.com\/de\/wp-json\/wp\/v2\/media\/20306"}],"wp:attachment":[{"href":"https:\/\/researchchemicalsweb.com\/de\/wp-json\/wp\/v2\/media?parent=19222"}],"wp:term":[{"taxonomy":"product_brand","embeddable":true,"href":"https:\/\/researchchemicalsweb.com\/de\/wp-json\/wp\/v2\/product_brand?post=19222"},{"taxonomy":"product_cat","embeddable":true,"href":"https:\/\/researchchemicalsweb.com\/de\/wp-json\/wp\/v2\/product_cat?post=19222"},{"taxonomy":"product_tag","embeddable":true,"href":"https:\/\/researchchemicalsweb.com\/de\/wp-json\/wp\/v2\/product_tag?post=19222"}],"curies":[{"name":"wp","href":"https:\/\/api.w.org\/{rel}","templated":true}]}}