{"id":18975,"date":"2025-12-16T20:52:58","date_gmt":"2025-12-16T20:52:58","guid":{"rendered":"https:\/\/researchchemicalsweb.com\/?post_type=product&#038;p=18975"},"modified":"2026-02-17T14:24:17","modified_gmt":"2026-02-17T14:24:17","slug":"1d-lsd","status":"publish","type":"product","link":"https:\/\/researchchemicalsweb.com\/de\/produkt\/1d-lsd\/","title":{"rendered":"1D-LSD 150mcg Blotters"},"content":{"rendered":"<h3 data-start=\"5286\" data-end=\"5305\"><strong data-start=\"5290\" data-end=\"5305\"><span dir=\"auto\" style=\"vertical-align: inherit;\"><span dir=\"auto\" style=\"vertical-align: inherit;\">Einf\u00fchrung<\/span><\/span><\/strong><\/h3>\n<p data-start=\"5307\" data-end=\"5613\"><strong data-start=\"5307\" data-end=\"5333\"><span dir=\"auto\" style=\"vertical-align: inherit;\"><span dir=\"auto\" style=\"vertical-align: inherit;\">1D-LSD 150mcg Blotters<\/span><\/span><\/strong><span dir=\"auto\" style=\"vertical-align: inherit;\"><span dir=\"auto\" style=\"vertical-align: inherit;\"> sind <\/span><\/span><strong data-start=\"5339\" data-end=\"5386\"><span dir=\"auto\" style=\"vertical-align: inherit;\"><span dir=\"auto\" style=\"vertical-align: inherit;\">Forschungssubstanzen in Laborqualit\u00e4t<\/span><\/span><\/strong><span dir=\"auto\" style=\"vertical-align: inherit;\"><span dir=\"auto\" style=\"vertical-align: inherit;\"> bestimmt f\u00fcr <\/span><\/span><strong data-start=\"5401\" data-end=\"5445\"><span dir=\"auto\" style=\"vertical-align: inherit;\"><span dir=\"auto\" style=\"vertical-align: inherit;\">wissenschaftliche und analytische Forschung<\/span><\/span><\/strong><span dir=\"auto\" style=\"vertical-align: inherit;\"><span dir=\"auto\" style=\"vertical-align: inherit;\"> . Jeder Blotter enth\u00e4lt <\/span><\/span><strong data-start=\"5466\" data-end=\"5534\"><span dir=\"auto\" style=\"vertical-align: inherit;\"><span dir=\"auto\" style=\"vertical-align: inherit;\">150 Mikrogramm 1D-LSD (1-Diethylamid-Lysergs\u00e4urediethylamid)<\/span><\/span><\/strong><span dir=\"auto\" style=\"vertical-align: inherit;\"><span dir=\"auto\" style=\"vertical-align: inherit;\"> , sorgf\u00e4ltig formuliert f\u00fcr <\/span><\/span><strong data-start=\"5565\" data-end=\"5610\"><span dir=\"auto\" style=\"vertical-align: inherit;\"><span dir=\"auto\" style=\"vertical-align: inherit;\">Genauigkeit, Reinheit und Stabilit\u00e4t<\/span><\/span><\/strong><span dir=\"auto\" style=\"vertical-align: inherit;\"><span dir=\"auto\" style=\"vertical-align: inherit;\"> . 1dlsd<\/span><\/span><\/p>\n<p data-start=\"5615\" data-end=\"5824\"><span dir=\"auto\" style=\"vertical-align: inherit;\"><span dir=\"auto\" style=\"vertical-align: inherit;\">Diese Blotters werden unter strenger Qualit\u00e4tskontrolle hergestellt und bieten <\/span><\/span><strong data-start=\"5692\" data-end=\"5731\"><span dir=\"auto\" style=\"vertical-align: inherit;\"><span dir=\"auto\" style=\"vertical-align: inherit;\">konsistente und zuverl\u00e4ssige Ergebnisse<\/span><\/span><\/strong><span dir=\"auto\" style=\"vertical-align: inherit;\"><span dir=\"auto\" style=\"vertical-align: inherit;\"> f\u00fcr Forscher, die <\/span><\/span><strong data-start=\"5754\" data-end=\"5778\"><span dir=\"auto\" style=\"vertical-align: inherit;\"><span dir=\"auto\" style=\"vertical-align: inherit;\">Lysergamid-Analoga<\/span><\/span><\/strong><span dir=\"auto\" style=\"vertical-align: inherit;\"><span dir=\"auto\" style=\"vertical-align: inherit;\"> oder die Durchf\u00fchrung chemischer Analysen.<\/span><\/span><\/p>\n<blockquote data-start=\"5826\" data-end=\"5957\">\n<p data-start=\"5828\" data-end=\"5957\"><span dir=\"auto\" style=\"vertical-align: inherit;\"><span dir=\"auto\" style=\"vertical-align: inherit;\">\u26a0\ufe0f <\/span><\/span><strong data-start=\"5831\" data-end=\"5842\"><span dir=\"auto\" style=\"vertical-align: inherit;\"><span dir=\"auto\" style=\"vertical-align: inherit;\">Bitte beachten:<\/span><\/span><\/strong><span dir=\"auto\" style=\"vertical-align: inherit;\"><span dir=\"auto\" style=\"vertical-align: inherit;\"> Dieses Produkt ist f\u00fcr <\/span><\/span><strong data-start=\"5883\" data-end=\"5908\"><span dir=\"auto\" style=\"vertical-align: inherit;\"><span dir=\"auto\" style=\"vertical-align: inherit;\">Laboruntersuchungen<\/span><\/span><\/strong><span dir=\"auto\" style=\"vertical-align: inherit;\"><span dir=\"auto\" style=\"vertical-align: inherit;\"> nur und <\/span><\/span><strong data-start=\"5912\" data-end=\"5956\"><span dir=\"auto\" style=\"vertical-align: inherit;\"><span dir=\"auto\" style=\"vertical-align: inherit;\">nicht f\u00fcr den menschlichen Verzehr geeignet ist<\/span><\/span><\/strong><span dir=\"auto\" style=\"vertical-align: inherit;\"><span dir=\"auto\" style=\"vertical-align: inherit;\"> .<\/span><\/span><\/p>\n<\/blockquote>\n<hr data-start=\"5959\" data-end=\"5962\" \/>\n<h3 data-start=\"5964\" data-end=\"5995\"><strong data-start=\"5968\" data-end=\"5995\"><span dir=\"auto\" style=\"vertical-align: inherit;\"><span dir=\"auto\" style=\"vertical-align: inherit;\">Wesentliche Merkmale<\/span><\/span><\/strong><\/h3>\n<ul data-start=\"5997\" data-end=\"6539\">\n<li data-start=\"5997\" data-end=\"6086\">\n<p data-start=\"5999\" data-end=\"6086\"><strong data-start=\"5999\" data-end=\"6030\"><span dir=\"auto\" style=\"vertical-align: inherit;\"><span dir=\"auto\" style=\"vertical-align: inherit;\">Genaue Dosierung von 150mcg:<\/span><\/span><\/strong><span dir=\"auto\" style=\"vertical-align: inherit;\"><span dir=\"auto\" style=\"vertical-align: inherit;\"> F\u00fcr konsistente und zuverl\u00e4ssige Forschungsergebnisse.<\/span><\/span><\/p>\n<\/li>\n<li data-start=\"6087\" data-end=\"6190\">\n<p data-start=\"6089\" data-end=\"6190\"><strong data-start=\"6089\" data-end=\"6114\"><span dir=\"auto\" style=\"vertical-align: inherit;\"><span dir=\"auto\" style=\"vertical-align: inherit;\">Reinheit der Forschung:<\/span><\/span><\/strong><span dir=\"auto\" style=\"vertical-align: inherit;\"><span dir=\"auto\" style=\"vertical-align: inherit;\"> Hergestellt nach Laborstandards mit einer Reinheit von \u226599%.<\/span><\/span><\/p>\n<\/li>\n<li data-start=\"6191\" data-end=\"6271\">\n<p data-start=\"6193\" data-end=\"6271\"><strong data-start=\"6193\" data-end=\"6219\"><span dir=\"auto\" style=\"vertical-align: inherit;\"><span dir=\"auto\" style=\"vertical-align: inherit;\">Chemische Stabilit\u00e4t:<\/span><\/span><\/strong><span dir=\"auto\" style=\"vertical-align: inherit;\"><span dir=\"auto\" style=\"vertical-align: inherit;\"> Bleibt bei richtiger Lagerung potent und wirksam.<\/span><\/span><\/p>\n<\/li>\n<li data-start=\"6272\" data-end=\"6365\">\n<p data-start=\"6274\" data-end=\"6365\"><strong data-start=\"6274\" data-end=\"6298\"><span dir=\"auto\" style=\"vertical-align: inherit;\"><span dir=\"auto\" style=\"vertical-align: inherit;\">Praktisches Blotter-Format:<\/span><\/span><\/strong><span dir=\"auto\" style=\"vertical-align: inherit;\"><span dir=\"auto\" style=\"vertical-align: inherit;\"> Leicht zu messen und unter Laborbedingungen zu handhaben.<\/span><\/span><\/p>\n<\/li>\n<li data-start=\"6366\" data-end=\"6449\">\n<p data-start=\"6368\" data-end=\"6449\"><strong data-start=\"6368\" data-end=\"6385\"><span dir=\"auto\" style=\"vertical-align: inherit;\"><span dir=\"auto\" style=\"vertical-align: inherit;\">Charge getestet:<\/span><\/span><\/strong><span dir=\"auto\" style=\"vertical-align: inherit;\"><span dir=\"auto\" style=\"vertical-align: inherit;\"> Jede Charge wird auf Reinheit und Konsistenz gepr\u00fcft.<\/span><\/span><\/p>\n<\/li>\n<li data-start=\"6450\" data-end=\"6539\">\n<p data-start=\"6452\" data-end=\"6539\"><strong data-start=\"6452\" data-end=\"6475\"><span dir=\"auto\" style=\"vertical-align: inherit;\"><span dir=\"auto\" style=\"vertical-align: inherit;\">Sichere Verpackung:<\/span><\/span><\/strong><span dir=\"auto\" style=\"vertical-align: inherit;\"><span dir=\"auto\" style=\"vertical-align: inherit;\"> Versiegelt und feuchtigkeitsbest\u00e4ndig f\u00fcr optimale Produktintegrit\u00e4t.<\/span><\/span><\/p>\n<\/li>\n<\/ul>\n<hr data-start=\"6541\" data-end=\"6544\" \/>\n<h3 data-start=\"6546\" data-end=\"6563\"><strong data-start=\"6550\" data-end=\"6563\"><span dir=\"auto\" style=\"vertical-align: inherit;\"><span dir=\"auto\" style=\"vertical-align: inherit;\">Vorteile<\/span><\/span><\/strong><\/h3>\n<ol data-start=\"6565\" data-end=\"6986\">\n<li data-start=\"6565\" data-end=\"6654\">\n<p data-start=\"6568\" data-end=\"6654\"><strong data-start=\"6568\" data-end=\"6603\"><span dir=\"auto\" style=\"vertical-align: inherit;\"><span dir=\"auto\" style=\"vertical-align: inherit;\">Konsistente Forschungsergebnisse:<\/span><\/span><\/strong><span dir=\"auto\" style=\"vertical-align: inherit;\"><span dir=\"auto\" style=\"vertical-align: inherit;\"> Zuverl\u00e4ssige Leistung in der analytischen Forschung.<\/span><\/span><\/p>\n<\/li>\n<li data-start=\"6655\" data-end=\"6738\">\n<p data-start=\"6658\" data-end=\"6738\"><strong data-start=\"6658\" data-end=\"6683\"><span dir=\"auto\" style=\"vertical-align: inherit;\"><span dir=\"auto\" style=\"vertical-align: inherit;\">Einfach zu bedienen:<\/span><\/span><\/strong><span dir=\"auto\" style=\"vertical-align: inherit;\"><span dir=\"auto\" style=\"vertical-align: inherit;\"> Die Blotterform reduziert den Kontakt und das Risiko einer Kontamination.<\/span><\/span><\/p>\n<\/li>\n<li data-start=\"6739\" data-end=\"6815\">\n<p data-start=\"6742\" data-end=\"6815\"><strong data-start=\"6742\" data-end=\"6766\"><span dir=\"auto\" style=\"vertical-align: inherit;\"><span dir=\"auto\" style=\"vertical-align: inherit;\">Hohe Genauigkeit:<\/span><\/span><\/strong><span dir=\"auto\" style=\"vertical-align: inherit;\"><span dir=\"auto\" style=\"vertical-align: inherit;\"> Ideal f\u00fcr chemische und strukturelle Analysen. 1 dlsd<\/span><\/span><\/p>\n<\/li>\n<li data-start=\"6816\" data-end=\"6894\">\n<p data-start=\"6819\" data-end=\"6894\"><strong data-start=\"6819\" data-end=\"6846\"><span dir=\"auto\" style=\"vertical-align: inherit;\"><span dir=\"auto\" style=\"vertical-align: inherit;\">Langfristige Stabilit\u00e4t:<\/span><\/span><\/strong><span dir=\"auto\" style=\"vertical-align: inherit;\"><span dir=\"auto\" style=\"vertical-align: inherit;\"> Geeignet f\u00fcr langfristige Forschungsprojekte.<\/span><\/span><\/p>\n<\/li>\n<li data-start=\"6895\" data-end=\"6986\">\n<p data-start=\"6898\" data-end=\"6986\"><strong data-start=\"6898\" data-end=\"6924\"><span dir=\"auto\" style=\"vertical-align: inherit;\"><span dir=\"auto\" style=\"vertical-align: inherit;\">Zuverl\u00e4ssige Qualit\u00e4t:<\/span><\/span><\/strong><span dir=\"auto\" style=\"vertical-align: inherit;\"><span dir=\"auto\" style=\"vertical-align: inherit;\"> Hergestellt nach den GLP-Standards (Good Laboratory Practice).<\/span><\/span><\/p>\n<\/li>\n<\/ol>\n<hr data-start=\"6988\" data-end=\"6991\" \/>\n<h3 data-start=\"6993\" data-end=\"7032\"><strong data-start=\"6997\" data-end=\"7032\"><span dir=\"auto\" style=\"vertical-align: inherit;\"><span dir=\"auto\" style=\"vertical-align: inherit;\">Verwendung (nur f\u00fcr Forschungszwecke)<\/span><\/span><\/strong><\/h3>\n<ol data-start=\"7034\" data-end=\"7419\">\n<li data-start=\"7034\" data-end=\"7116\">\n<p data-start=\"7037\" data-end=\"7116\"><strong data-start=\"7037\" data-end=\"7067\"><span dir=\"auto\" style=\"vertical-align: inherit;\"><span dir=\"auto\" style=\"vertical-align: inherit;\">Schutzkleidung tragen<\/span><\/span><\/strong><span dir=\"auto\" style=\"vertical-align: inherit;\"><span dir=\"auto\" style=\"vertical-align: inherit;\"> wie Handschuhe, Schutzbrille und einen Laborkittel.<\/span><\/span><\/p>\n<\/li>\n<li data-start=\"7117\" data-end=\"7206\">\n<p data-start=\"7120\" data-end=\"7206\"><strong data-start=\"7120\" data-end=\"7153\"><span dir=\"auto\" style=\"vertical-align: inherit;\"><span dir=\"auto\" style=\"vertical-align: inherit;\">Sterile Instrumente verwenden<\/span><\/span><\/strong><span dir=\"auto\" style=\"vertical-align: inherit;\"><span dir=\"auto\" style=\"vertical-align: inherit;\"> zum genauen Entfernen und Messen von Blottern.<\/span><\/span><\/p>\n<\/li>\n<li data-start=\"7207\" data-end=\"7278\">\n<p data-start=\"7210\" data-end=\"7278\"><strong data-start=\"7210\" data-end=\"7225\"><span dir=\"auto\" style=\"vertical-align: inherit;\"><span dir=\"auto\" style=\"vertical-align: inherit;\">Dokument<\/span><\/span><\/strong><span dir=\"auto\" style=\"vertical-align: inherit;\"><span dir=\"auto\" style=\"vertical-align: inherit;\"> die Anzahl der f\u00fcr jedes Experiment verwendeten Blotters.<\/span><\/span><\/p>\n<\/li>\n<li data-start=\"7279\" data-end=\"7355\">\n<p data-start=\"7282\" data-end=\"7355\"><strong data-start=\"7282\" data-end=\"7292\"><span dir=\"auto\" style=\"vertical-align: inherit;\"><span dir=\"auto\" style=\"vertical-align: inherit;\">Laden Sie<\/span><\/span><\/strong><span dir=\"auto\" style=\"vertical-align: inherit;\"><span dir=\"auto\" style=\"vertical-align: inherit;\"> Reste von Blottern an einem k\u00fchlen, trockenen und dunklen Ort aufbewahren.<\/span><\/span><\/p>\n<\/li>\n<li data-start=\"7356\" data-end=\"7419\">\n<p data-start=\"7359\" data-end=\"7419\"><strong data-start=\"7359\" data-end=\"7378\"><span dir=\"auto\" style=\"vertical-align: inherit;\"><span dir=\"auto\" style=\"vertical-align: inherit;\">Abfall entsorgen<\/span><\/span><\/strong><span dir=\"auto\" style=\"vertical-align: inherit;\"><span dir=\"auto\" style=\"vertical-align: inherit;\"> in \u00dcbereinstimmung mit den \u00f6rtlichen Sicherheitsrichtlinien.<\/span><\/span><\/p>\n<\/li>\n<\/ol>\n<blockquote data-start=\"7421\" data-end=\"7526\">\n<p data-start=\"7423\" data-end=\"7526\"><span dir=\"auto\" style=\"vertical-align: inherit;\"><span dir=\"auto\" style=\"vertical-align: inherit;\">\u26a0\ufe0f <\/span><\/span><strong data-start=\"7426\" data-end=\"7484\"><span dir=\"auto\" style=\"vertical-align: inherit;\"><span dir=\"auto\" style=\"vertical-align: inherit;\">Nicht f\u00fcr den menschlichen oder tierischen Verzehr geeignet. F\u00fcr <\/span><\/span><\/strong><strong data-start=\"7497\" data-end=\"7525\"><span dir=\"auto\" style=\"vertical-align: inherit;\"><span dir=\"auto\" style=\"vertical-align: inherit;\">wissenschaftliche Nutzung<\/span><\/span><\/strong><span dir=\"auto\" style=\"vertical-align: inherit;\"><span dir=\"auto\" style=\"vertical-align: inherit;\"> nur <\/span><span dir=\"auto\" style=\"vertical-align: inherit;\">.<\/span><\/span><\/p>\n<\/blockquote>\n<hr data-start=\"7528\" data-end=\"7531\" \/>\n<h3 data-start=\"7533\" data-end=\"7558\"><strong data-start=\"7537\" data-end=\"7558\"><span dir=\"auto\" style=\"vertical-align: inherit;\"><span dir=\"auto\" style=\"vertical-align: inherit;\">Anweisungen zur Lagerung<\/span><\/span><\/strong><\/h3>\n<ul data-start=\"7560\" data-end=\"7704\">\n<li data-start=\"7560\" data-end=\"7618\">\n<p data-start=\"7562\" data-end=\"7618\"><span dir=\"auto\" style=\"vertical-align: inherit;\"><span dir=\"auto\" style=\"vertical-align: inherit;\">Speichern unter <\/span><\/span><strong data-start=\"7573\" data-end=\"7582\"><span dir=\"auto\" style=\"vertical-align: inherit;\"><span dir=\"auto\" style=\"vertical-align: inherit;\">2-8\u00b0C<\/span><\/span><\/strong><span dir=\"auto\" style=\"vertical-align: inherit;\"><span dir=\"auto\" style=\"vertical-align: inherit;\"> , vor Licht und Feuchtigkeit gesch\u00fctzt.<\/span><\/span><\/p>\n<\/li>\n<li data-start=\"7619\" data-end=\"7662\">\n<p data-start=\"7621\" data-end=\"7662\"><span dir=\"auto\" style=\"vertical-align: inherit;\"><span dir=\"auto\" style=\"vertical-align: inherit;\">Bewahren Sie den Beh\u00e4lter auf <\/span><\/span><strong data-start=\"7640\" data-end=\"7659\"><span dir=\"auto\" style=\"vertical-align: inherit;\"><span dir=\"auto\" style=\"vertical-align: inherit;\">fest verschlossen<\/span><\/span><\/strong><span dir=\"auto\" style=\"vertical-align: inherit;\"><span dir=\"auto\" style=\"vertical-align: inherit;\"> .<\/span><\/span><\/p>\n<\/li>\n<li data-start=\"7663\" data-end=\"7704\">\n<p data-start=\"7665\" data-end=\"7704\"><span dir=\"auto\" style=\"vertical-align: inherit;\"><span dir=\"auto\" style=\"vertical-align: inherit;\">Au\u00dferhalb der Reichweite von Unbefugten aufstellen.<\/span><\/span><\/p>\n<\/li>\n<\/ul>\n<hr data-start=\"7706\" data-end=\"7709\" \/>\n<h3 data-start=\"7711\" data-end=\"7746\"><strong data-start=\"7715\" data-end=\"7746\"><span dir=\"auto\" style=\"vertical-align: inherit;\"><span dir=\"auto\" style=\"vertical-align: inherit;\">H\u00e4ufig gestellte Fragen (FAQs)<\/span><\/span><\/strong><\/h3>\n<p data-start=\"7748\" data-end=\"7932\"><strong data-start=\"7748\" data-end=\"7803\"><span dir=\"auto\" style=\"vertical-align: inherit;\"><span dir=\"auto\" style=\"vertical-align: inherit;\">1. Wof\u00fcr werden 1D-LSD 150mcg Blotters verwendet?<\/span><\/span><\/strong><br data-start=\"7803\" data-end=\"7806\" \/><span dir=\"auto\" style=\"vertical-align: inherit;\"><span dir=\"auto\" style=\"vertical-align: inherit;\"> F\u00fcr <\/span><\/span><strong data-start=\"7811\" data-end=\"7855\"><span dir=\"auto\" style=\"vertical-align: inherit;\"><span dir=\"auto\" style=\"vertical-align: inherit;\">wissenschaftliche und analytische Forschung<\/span><\/span><\/strong><span dir=\"auto\" style=\"vertical-align: inherit;\"><span dir=\"auto\" style=\"vertical-align: inherit;\"> \u00fcber Lysergamid-Analoga unter kontrollierten Laborbedingungen.<\/span><\/span><\/p>\n<p data-start=\"7934\" data-end=\"8100\"><strong data-start=\"7934\" data-end=\"7983\"><span dir=\"auto\" style=\"vertical-align: inherit;\"><span dir=\"auto\" style=\"vertical-align: inherit;\">2. Sind diese Blotters sicher zu essen?<\/span><\/span><\/strong><br data-start=\"7983\" data-end=\"7986\" \/><span dir=\"auto\" style=\"vertical-align: inherit;\"><span dir=\"auto\" style=\"vertical-align: inherit;\"> Nein. Sie sind <\/span><\/span><strong data-start=\"7999\" data-end=\"8049\"><span dir=\"auto\" style=\"vertical-align: inherit;\"><span dir=\"auto\" style=\"vertical-align: inherit;\">nur f\u00fcr Labortests bestimmt<\/span><\/span><\/strong><span dir=\"auto\" style=\"vertical-align: inherit;\"><span dir=\"auto\" style=\"vertical-align: inherit;\"> und <\/span><\/span><strong data-start=\"8053\" data-end=\"8097\"><span dir=\"auto\" style=\"vertical-align: inherit;\"><span dir=\"auto\" style=\"vertical-align: inherit;\">nicht f\u00fcr den menschlichen Verzehr geeignet sind<\/span><\/span><\/strong><span dir=\"auto\" style=\"vertical-align: inherit;\"><span dir=\"auto\" style=\"vertical-align: inherit;\"> .<\/span><\/span><\/p>\n<p data-start=\"8102\" data-end=\"8238\"><strong data-start=\"8102\" data-end=\"8147\"><span dir=\"auto\" style=\"vertical-align: inherit;\"><span dir=\"auto\" style=\"vertical-align: inherit;\">3. Wie bewahre ich Blotters am besten auf?<\/span><\/span><\/strong><br data-start=\"8147\" data-end=\"8150\" \/><span dir=\"auto\" style=\"vertical-align: inherit;\"><span dir=\"auto\" style=\"vertical-align: inherit;\"> Bewahren Sie sie in einem <\/span><\/span><strong data-start=\"8167\" data-end=\"8201\"><span dir=\"auto\" style=\"vertical-align: inherit;\"><span dir=\"auto\" style=\"vertical-align: inherit;\">k\u00fchler, trockener, dunkler Ort<\/span><\/span><\/strong><span dir=\"auto\" style=\"vertical-align: inherit;\"><span dir=\"auto\" style=\"vertical-align: inherit;\"> bei einer Temperatur von <\/span><\/span><strong data-start=\"8226\" data-end=\"8235\"><span dir=\"auto\" style=\"vertical-align: inherit;\"><span dir=\"auto\" style=\"vertical-align: inherit;\">2-8\u00b0C<\/span><\/span><\/strong><span dir=\"auto\" style=\"vertical-align: inherit;\"><span dir=\"auto\" style=\"vertical-align: inherit;\"> .<\/span><\/span><\/p>\n<hr data-start=\"8240\" data-end=\"8243\" \/>\n<h3 data-start=\"8245\" data-end=\"8262\"><strong data-start=\"8249\" data-end=\"8262\"><span dir=\"auto\" style=\"vertical-align: inherit;\"><span dir=\"auto\" style=\"vertical-align: inherit;\">Schlussfolgerung<\/span><\/span><\/strong><\/h3>\n<p data-start=\"8264\" data-end=\"8545\"><strong data-start=\"8264\" data-end=\"8290\"><span dir=\"auto\" style=\"vertical-align: inherit;\"><span dir=\"auto\" style=\"vertical-align: inherit;\">1D-LSD 150mcg Blotters<\/span><\/span><\/strong><span dir=\"auto\" style=\"vertical-align: inherit;\"><span dir=\"auto\" style=\"vertical-align: inherit;\"> Garantie <\/span><\/span><strong data-start=\"8309\" data-end=\"8356\"><span dir=\"auto\" style=\"vertical-align: inherit;\"><span dir=\"auto\" style=\"vertical-align: inherit;\">au\u00dfergew\u00f6hnliche Genauigkeit und Reinheit<\/span><\/span><\/strong><span dir=\"auto\" style=\"vertical-align: inherit;\"><span dir=\"auto\" style=\"vertical-align: inherit;\"> in der analytischen Forschung. Ihre kontrollierte Dosierung, hohe Stabilit\u00e4t und zuverl\u00e4ssige Zusammensetzung machen sie zu den <\/span><\/span><strong data-start=\"8469\" data-end=\"8516\"><span dir=\"auto\" style=\"vertical-align: inherit;\"><span dir=\"auto\" style=\"vertical-align: inherit;\">die ideale Wahl f\u00fcr professionelle Labore<\/span><\/span><\/strong><span dir=\"auto\" style=\"vertical-align: inherit;\"><span dir=\"auto\" style=\"vertical-align: inherit;\"> und Forschungseinrichtungen.<\/span><\/span><\/p>","protected":false},"excerpt":{"rendered":"<h2><span style=\"vertical-align: inherit;\"><span style=\"vertical-align: inherit;\"><span dir=\"auto\" style=\"vertical-align: inherit;\"><span dir=\"auto\" style=\"vertical-align: inherit;\">1D-LSD 150mcg Blotters<\/span><\/span><\/span><\/span><\/h2>\n<p><span style=\"vertical-align: inherit;\"><span style=\"vertical-align: inherit;\"><span dir=\"auto\" style=\"vertical-align: inherit;\"><span dir=\"auto\" style=\"vertical-align: inherit;\">1D-LSD is a substance that we only sell for research purposes.<\/span><\/span><\/span><\/span><\/p>","protected":false},"featured_media":20151,"comment_status":"closed","ping_status":"closed","template":"","meta":[],"product_brand":[79],"product_cat":[503,102],"product_tag":[1017,507,452,104,105],"class_list":{"0":"post-18975","1":"product","2":"type-product","3":"status-publish","4":"has-post-thumbnail","6":"product_brand-research-chemical","7":"product_cat-1d-lsd","8":"product_cat-lysergamides","9":"product_tag-1d-lsd","10":"product_tag-1dlsd","11":"product_tag-de","12":"product_tag-lsd","13":"product_tag-lsd-blotter","15":"first","16":"instock","17":"shipping-taxable","18":"purchasable","19":"product-type-variable"},"_links":{"self":[{"href":"https:\/\/researchchemicalsweb.com\/de\/wp-json\/wp\/v2\/product\/18975","targetHints":{"allow":["GET"]}}],"collection":[{"href":"https:\/\/researchchemicalsweb.com\/de\/wp-json\/wp\/v2\/product"}],"about":[{"href":"https:\/\/researchchemicalsweb.com\/de\/wp-json\/wp\/v2\/types\/product"}],"replies":[{"embeddable":true,"href":"https:\/\/researchchemicalsweb.com\/de\/wp-json\/wp\/v2\/comments?post=18975"}],"version-history":[{"count":2,"href":"https:\/\/researchchemicalsweb.com\/de\/wp-json\/wp\/v2\/product\/18975\/revisions"}],"predecessor-version":[{"id":20032,"href":"https:\/\/researchchemicalsweb.com\/de\/wp-json\/wp\/v2\/product\/18975\/revisions\/20032"}],"wp:featuredmedia":[{"embeddable":true,"href":"https:\/\/researchchemicalsweb.com\/de\/wp-json\/wp\/v2\/media\/20151"}],"wp:attachment":[{"href":"https:\/\/researchchemicalsweb.com\/de\/wp-json\/wp\/v2\/media?parent=18975"}],"wp:term":[{"taxonomy":"product_brand","embeddable":true,"href":"https:\/\/researchchemicalsweb.com\/de\/wp-json\/wp\/v2\/product_brand?post=18975"},{"taxonomy":"product_cat","embeddable":true,"href":"https:\/\/researchchemicalsweb.com\/de\/wp-json\/wp\/v2\/product_cat?post=18975"},{"taxonomy":"product_tag","embeddable":true,"href":"https:\/\/researchchemicalsweb.com\/de\/wp-json\/wp\/v2\/product_tag?post=18975"}],"curies":[{"name":"wp","href":"https:\/\/api.w.org\/{rel}","templated":true}]}}