{"id":18967,"date":"2025-12-16T20:52:58","date_gmt":"2025-12-16T20:52:58","guid":{"rendered":"https:\/\/researchchemicalsweb.com\/?post_type=product&#038;p=18967"},"modified":"2026-02-17T14:24:04","modified_gmt":"2026-02-17T14:24:04","slug":"bromazolam-25-mg-pellets","status":"publish","type":"product","link":"https:\/\/researchchemicalsweb.com\/de\/produkt\/bromazolam-25-mg-pellets\/","title":{"rendered":"Bromazolam 2,5 MG Pellets"},"content":{"rendered":"<h3 data-start=\"5949\" data-end=\"5968\"><strong data-start=\"5953\" data-end=\"5968\">Einf\u00fchrung<\/strong><\/h3>\n<p data-start=\"5970\" data-end=\"6244\"><strong data-start=\"5970\" data-end=\"5998\">Bromazolam 2,5mg Pellets<\/strong> seine <strong data-start=\"6004\" data-end=\"6051\">Testsubstanzen in Laborqualit\u00e4t<\/strong>, entwickelt f\u00fcr <strong data-start=\"6069\" data-end=\"6113\">wissenschaftliche und analytische Forschung<\/strong>.<br data-start=\"6114\" data-end=\"6117\" \/>Jedes Granulat enth\u00e4lt <strong data-start=\"6135\" data-end=\"6168\">2,5 milligram (mg) Bromazolam<\/strong>, een <strong data-start=\"6174\" data-end=\"6201\">benzodiazepine-derivaat<\/strong> von der <strong data-start=\"6209\" data-end=\"6241\">triazolobenzodiazepineklasse<\/strong>. Bromazolam kopen<\/p>\n<p data-start=\"6246\" data-end=\"6474\">Produziert nach <strong data-start=\"6267\" data-end=\"6308\">GLP-Normen (Gute Laborpraxis)<\/strong>, bieten diese Pellets <strong data-start=\"6330\" data-end=\"6349\">\u226599% Reinheit<\/strong>, <strong data-start=\"6351\" data-end=\"6376\">chemische Stabilit\u00e4t<\/strong> und <strong data-start=\"6380\" data-end=\"6403\">constante kwaliteit<\/strong>, ideal f\u00fcr <strong data-start=\"6417\" data-end=\"6471\">forensisch, farmacologisch en analytisch onderzoek<\/strong>.<\/p>\n<blockquote data-start=\"6476\" data-end=\"6620\">\n<p data-start=\"6478\" data-end=\"6620\">\u26a0\ufe0f <strong data-start=\"6481\" data-end=\"6492\">Anmerkung:<\/strong> Dieses Produkt ist <strong data-start=\"6508\" data-end=\"6558\">ausschlie\u00dflich f\u00fcr Labortests bestimmt sind<\/strong> und <strong data-start=\"6562\" data-end=\"6619\">nicht f\u00fcr den menschlichen oder tierischen Verzehr geeignet<\/strong>.<\/p>\n<\/blockquote>\n<hr data-start=\"6622\" data-end=\"6625\" \/>\n<h3 data-start=\"6627\" data-end=\"6658\"><strong data-start=\"6631\" data-end=\"6658\">Wesentliche Merkmale<\/strong><\/h3>\n<ul data-start=\"6660\" data-end=\"7119\">\n<li data-start=\"6660\" data-end=\"6720\">\n<p data-start=\"6662\" data-end=\"6720\"><strong data-start=\"6662\" data-end=\"6682\">Genaue Dosierung:<\/strong> Elke pellet bevat 2,5mg Bromazolam.<\/p>\n<\/li>\n<li data-start=\"6721\" data-end=\"6803\">\n<p data-start=\"6723\" data-end=\"6803\"><strong data-start=\"6723\" data-end=\"6743\">Hohe Reinheit:<\/strong> \u226599% analytische kwaliteit, batch-getest op consistentie.<\/p>\n<\/li>\n<li data-start=\"6804\" data-end=\"6870\">\n<p data-start=\"6806\" data-end=\"6870\"><strong data-start=\"6806\" data-end=\"6827\">Chemisch stabil:<\/strong> Bestand tegen afbraak bij juiste opslag.<\/p>\n<\/li>\n<li data-start=\"6871\" data-end=\"6955\">\n<p data-start=\"6873\" data-end=\"6955\"><strong data-start=\"6873\" data-end=\"6891\">GLP-productie:<\/strong> Geproduceerd onder gecontroleerde laboratoriumomstandigheden.<\/p>\n<\/li>\n<li data-start=\"6956\" data-end=\"7035\">\n<p data-start=\"6958\" data-end=\"7035\"><strong data-start=\"6958\" data-end=\"6981\">Sichere Verpackung:<\/strong> Verzegeld en luchtdicht voor maximale houdbaarheid.<\/p>\n<\/li>\n<li data-start=\"7036\" data-end=\"7119\">\n<p data-start=\"7038\" data-end=\"7119\"><strong data-start=\"7038\" data-end=\"7066\">Professionelle Qualit\u00e4t:<\/strong> Geschikt voor laboratoria en forensisch onderzoek.<\/p>\n<\/li>\n<\/ul>\n<hr data-start=\"7121\" data-end=\"7124\" \/>\n<h3 data-start=\"7126\" data-end=\"7143\"><strong data-start=\"7130\" data-end=\"7143\">Vorteile<\/strong><\/h3>\n<ol data-start=\"7145\" data-end=\"7568\">\n<li data-start=\"7145\" data-end=\"7230\">\n<p data-start=\"7148\" data-end=\"7230\"><strong data-start=\"7148\" data-end=\"7183\">Constante onderzoeksresultaten:<\/strong> Hoge zuiverheid garandeert betrouwbare data.<\/p>\n<\/li>\n<li data-start=\"7231\" data-end=\"7312\">\n<p data-start=\"7234\" data-end=\"7312\"><strong data-start=\"7234\" data-end=\"7261\">Langfristige Stabilit\u00e4t:<\/strong> Bewahrt bei ordnungsgem\u00e4\u00dfer Lagerung die chemische Integrit\u00e4t.<\/p>\n<\/li>\n<li data-start=\"7313\" data-end=\"7387\">\n<p data-start=\"7316\" data-end=\"7387\"><strong data-start=\"7316\" data-end=\"7339\">Sichere Verarbeitung:<\/strong> Pelletvorm minimaliseert besmettingsrisico\u2019s.<\/p>\n<\/li>\n<li data-start=\"7388\" data-end=\"7480\">\n<p data-start=\"7391\" data-end=\"7480\"><strong data-start=\"7391\" data-end=\"7419\">Batch-geteste kwaliteit:<\/strong> Consistente samenstelling voor reproduceerbare resultaten.<\/p>\n<\/li>\n<li data-start=\"7481\" data-end=\"7568\">\n<p data-start=\"7484\" data-end=\"7568\"><strong data-start=\"7484\" data-end=\"7512\">Professionele standaard:<\/strong> Geschikt voor analytisch en farmacologisch onderzoek.<\/p>\n<\/li>\n<\/ol>\n<hr data-start=\"7570\" data-end=\"7573\" \/>\n<h3 data-start=\"7575\" data-end=\"7614\"><strong data-start=\"7579\" data-end=\"7614\">Verwendung (nur Forschung)<\/strong><\/h3>\n<ol data-start=\"7616\" data-end=\"7965\">\n<li data-start=\"7616\" data-end=\"7698\">\n<p data-start=\"7619\" data-end=\"7698\"><strong data-start=\"7619\" data-end=\"7649\">Schutzkleidung tragen<\/strong> zoals handschoenen, labjas en veiligheidsbril.<\/p>\n<\/li>\n<li data-start=\"7699\" data-end=\"7777\">\n<p data-start=\"7702\" data-end=\"7777\"><strong data-start=\"7702\" data-end=\"7740\">Kalibrierte Instrumente verwenden<\/strong> om pellets nauwkeurig te hanteren.<\/p>\n<\/li>\n<li data-start=\"7778\" data-end=\"7831\">\n<p data-start=\"7781\" data-end=\"7831\"><strong data-start=\"7781\" data-end=\"7807\">Noteer batchinformatie<\/strong> f\u00fcr die R\u00fcckverfolgbarkeit.<\/p>\n<\/li>\n<li data-start=\"7832\" data-end=\"7905\">\n<p data-start=\"7835\" data-end=\"7905\"><strong data-start=\"7835\" data-end=\"7854\">Voer testen uit<\/strong> onder gecontroleerde laboratoriumomstandigheden.<\/p>\n<\/li>\n<li data-start=\"7906\" data-end=\"7965\">\n<p data-start=\"7909\" data-end=\"7965\"><strong data-start=\"7909\" data-end=\"7929\">Verwijder resten<\/strong> volgens veiligheidsvoorschriften.<\/p>\n<\/li>\n<\/ol>\n<blockquote data-start=\"7967\" data-end=\"8044\">\n<p data-start=\"7969\" data-end=\"8044\">\u2697\ufe0f <strong data-start=\"7972\" data-end=\"8044\">Nur f\u00fcr Labortests - nicht f\u00fcr den menschlichen Verzehr.<\/strong><\/p>\n<\/blockquote>\n<hr data-start=\"8046\" data-end=\"8049\" \/>\n<h3 data-start=\"8051\" data-end=\"8076\"><strong data-start=\"8055\" data-end=\"8076\">Anweisungen zur Lagerung<\/strong><\/h3>\n<ul data-start=\"8078\" data-end=\"8253\">\n<li data-start=\"8078\" data-end=\"8120\">\n<p data-start=\"8080\" data-end=\"8120\">Sparen bei <strong data-start=\"8091\" data-end=\"8100\">2-8\u00b0C<\/strong>, droog en donker.<\/p>\n<\/li>\n<li data-start=\"8121\" data-end=\"8159\">\n<p data-start=\"8123\" data-end=\"8159\">Verpakking goed afgesloten houden.<\/p>\n<\/li>\n<li data-start=\"8160\" data-end=\"8210\">\n<p data-start=\"8162\" data-end=\"8210\">Vermijd contact met <strong data-start=\"8182\" data-end=\"8207\">licht, vocht en hitte<\/strong>.<\/p>\n<\/li>\n<li data-start=\"8211\" data-end=\"8253\">\n<p data-start=\"8213\" data-end=\"8253\">Au\u00dferhalb der Reichweite von Unbefugten aufbewahren.<\/p>\n<\/li>\n<\/ul>\n<hr data-start=\"8255\" data-end=\"8258\" \/>\n<h3 data-start=\"8260\" data-end=\"8295\"><strong data-start=\"8264\" data-end=\"8295\">H\u00e4ufig gestellte Fragen (FAQs)<\/strong><\/h3>\n<p data-start=\"8297\" data-end=\"8446\"><strong data-start=\"8297\" data-end=\"8345\">1. Waarvoor wordt Bromazolam 2,5mg gebruikt?<\/strong><br data-start=\"8345\" data-end=\"8348\" \/>F\u00fcr <strong data-start=\"8353\" data-end=\"8397\">wissenschaftliche und analytische Forschung<\/strong>, inclusief <strong data-start=\"8409\" data-end=\"8443\">forensische en receptorstudies<\/strong>.<\/p>\n<p data-start=\"8448\" data-end=\"8628\"><strong data-start=\"8448\" data-end=\"8494\">2. Is Bromazolam geschikt voor consumptie?<\/strong><br data-start=\"8494\" data-end=\"8497\" \/>Nein. <strong data-start=\"8502\" data-end=\"8530\">Bromazolam 2,5mg Pellets<\/strong> seine <strong data-start=\"8536\" data-end=\"8586\">ausschlie\u00dflich f\u00fcr Labortests bestimmt sind<\/strong> und <strong data-start=\"8590\" data-end=\"8625\">nicht f\u00fcr den menschlichen Verzehr<\/strong>.<\/p>\n<p data-start=\"8630\" data-end=\"8781\"><strong data-start=\"8630\" data-end=\"8680\">3. Hoe bewaar ik Bromazolam Pellets het beste?<\/strong><br data-start=\"8680\" data-end=\"8683\" \/>Bewahren Sie sie in einem <strong data-start=\"8700\" data-end=\"8744\">koele, droge en donkere omgeving (2\u20138\u00b0C)<\/strong> in een goed afgesloten verpakking. Bromazolam kopen<\/p>\n<hr data-start=\"8783\" data-end=\"8786\" \/>\n<h3 data-start=\"8788\" data-end=\"8805\"><strong data-start=\"8792\" data-end=\"8805\">Schlussfolgerung<\/strong><\/h3>\n<p data-start=\"8807\" data-end=\"9082\"><strong data-start=\"8807\" data-end=\"8835\">Bromazolam 2,5mg Pellets<\/strong> Angebot <strong data-start=\"8843\" data-end=\"8908\">uitzonderlijke zuiverheid, stabiliteit en reproduceerbaarheid<\/strong>, ontworpen voor professioneel analytisch onderzoek.<br data-start=\"8960\" data-end=\"8963\" \/>Ze vormen een betrouwbare keuze voor laboratoria die werken aan <strong data-start=\"9027\" data-end=\"9079\">forensisch, chemisch of farmacologisch onderzoek<\/strong>.<\/p>","protected":false},"excerpt":{"rendered":"<h3><span data-sheets-value=\"{\" data-sheets-userformat=\"{\">Bromazolam eigenschappen<\/span><\/h3>\n<p><strong>Synoniem:<\/strong> Bromazolam<br \/>\n<strong>CAS Nummer:<\/strong> 71368-80-4<br \/>\n<strong>Molmassa:<\/strong> 353.223 g\u00b7mol<br \/>\n<strong>Reinheit:<\/strong> &gt;99%<\/p>","protected":false},"featured_media":20283,"comment_status":"closed","ping_status":"closed","template":"","meta":[],"product_brand":[79],"product_cat":[130,479,480,127,82],"product_tag":[481,482,483,484,485,486,487,78,488],"class_list":{"0":"post-18967","1":"product","2":"type-product","3":"status-publish","4":"has-post-thumbnail","6":"product_brand-research-chemical","7":"product_cat-benzodiazepinen","8":"product_cat-bromazolam-kopen","9":"product_cat-bromazolam-pellets","10":"product_cat-pellets","11":"product_cat-sale","12":"product_tag-bromazolam","13":"product_tag-bromazolam-bijwerkingen","14":"product_tag-bromazolam-dosing","15":"product_tag-bromazolam-ervaringen","16":"product_tag-bromazolam-kopen","17":"product_tag-bromazolam-na-drugs","18":"product_tag-bromazolam-psychonaut","19":"product_tag-nl","20":"product_tag-wat-is-bromazolam","22":"first","23":"instock","24":"sale","25":"shipping-taxable","26":"purchasable","27":"product-type-variable"},"_links":{"self":[{"href":"https:\/\/researchchemicalsweb.com\/de\/wp-json\/wp\/v2\/product\/18967","targetHints":{"allow":["GET"]}}],"collection":[{"href":"https:\/\/researchchemicalsweb.com\/de\/wp-json\/wp\/v2\/product"}],"about":[{"href":"https:\/\/researchchemicalsweb.com\/de\/wp-json\/wp\/v2\/types\/product"}],"replies":[{"embeddable":true,"href":"https:\/\/researchchemicalsweb.com\/de\/wp-json\/wp\/v2\/comments?post=18967"}],"version-history":[{"count":1,"href":"https:\/\/researchchemicalsweb.com\/de\/wp-json\/wp\/v2\/product\/18967\/revisions"}],"predecessor-version":[{"id":18985,"href":"https:\/\/researchchemicalsweb.com\/de\/wp-json\/wp\/v2\/product\/18967\/revisions\/18985"}],"wp:featuredmedia":[{"embeddable":true,"href":"https:\/\/researchchemicalsweb.com\/de\/wp-json\/wp\/v2\/media\/20283"}],"wp:attachment":[{"href":"https:\/\/researchchemicalsweb.com\/de\/wp-json\/wp\/v2\/media?parent=18967"}],"wp:term":[{"taxonomy":"product_brand","embeddable":true,"href":"https:\/\/researchchemicalsweb.com\/de\/wp-json\/wp\/v2\/product_brand?post=18967"},{"taxonomy":"product_cat","embeddable":true,"href":"https:\/\/researchchemicalsweb.com\/de\/wp-json\/wp\/v2\/product_cat?post=18967"},{"taxonomy":"product_tag","embeddable":true,"href":"https:\/\/researchchemicalsweb.com\/de\/wp-json\/wp\/v2\/product_tag?post=18967"}],"curies":[{"name":"wp","href":"https:\/\/api.w.org\/{rel}","templated":true}]}}