{"id":18639,"date":"2025-12-16T20:44:46","date_gmt":"2025-12-16T20:44:46","guid":{"rendered":"https:\/\/researchchemicalsweb.com\/?post_type=product&#038;p=18639"},"modified":"2026-02-17T14:25:17","modified_gmt":"2026-02-17T14:25:17","slug":"dechloroetizolam-5-mg-tabletten","status":"publish","type":"product","link":"https:\/\/researchchemicalsweb.com\/de\/produkt\/dechloroetizolam-5-mg-tabletten\/","title":{"rendered":"DeschloroEtizolam 5 MG Pellets"},"content":{"rendered":"<p data-start=\"5079\" data-end=\"5377\"><strong data-start=\"5079\" data-end=\"5100\">DeschloroEtizolam<\/strong> ist eine <strong data-start=\"5108\" data-end=\"5138\">Thienodiazepin-Verbindung<\/strong>, das mit Etizolam verwandt ist, und wird als <strong data-start=\"5184\" data-end=\"5202\">Referenzsubstanz<\/strong> in analytischen und forensischen Laboratorien. Diese Substanz hilft Ermittlern bei der Untersuchung von Benzodiazepin-Analoga und deren Nachweis in chemischen oder biologischen Proben. <span class=\"___SBox_epc1q-ko_ ___SText_zko9t-ko_\" data-ui-name=\"Link.Text\">dechloroetizolam<\/span><\/p>\n<p data-start=\"5379\" data-end=\"5643\">Die <strong data-start=\"5382\" data-end=\"5416\">DeschloroEtizolam 5 mg Pellets<\/strong> sind konzipiert f\u00fcr <strong data-start=\"5437\" data-end=\"5461\">analytische Pr\u00fcfung<\/strong> und <strong data-start=\"5465\" data-end=\"5495\">Validierung von Messverfahren<\/strong>. Sie sind <strong data-start=\"5505\" data-end=\"5561\">nicht f\u00fcr den menschlichen oder tierischen Verzehr bestimmt<\/strong> und sollte nur von qualifiziertem Laborpersonal gehandhabt werden.<\/p>\n<hr data-start=\"5645\" data-end=\"5648\" \/>\n<h3 data-start=\"5650\" data-end=\"5681\"><strong data-start=\"5654\" data-end=\"5681\">Wesentliche Merkmale<\/strong><\/h3>\n<ul data-start=\"5683\" data-end=\"6188\">\n<li data-start=\"5683\" data-end=\"5795\">\n<p data-start=\"5685\" data-end=\"5795\"><strong data-start=\"5685\" data-end=\"5705\">Hohe Reinheit:<\/strong> Hergestellt unter kontrollierten Bedingungen f\u00fcr zuverl\u00e4ssige Forschungsergebnisse.<\/p>\n<\/li>\n<li data-start=\"5796\" data-end=\"5902\">\n<p data-start=\"5798\" data-end=\"5902\"><strong data-start=\"5798\" data-end=\"5830\">Standardisierte Dosierung:<\/strong> Jedes Pellet enth\u00e4lt 5 mg DeschloroEtizolam f\u00fcr eine genaue Kalibrierung.<\/p>\n<\/li>\n<li data-start=\"5903\" data-end=\"6014\">\n<p data-start=\"5905\" data-end=\"6014\"><strong data-start=\"5905\" data-end=\"5944\">Zertifiziertes Referenzmaterial:<\/strong> Geliefert mit <strong data-start=\"5958\" data-end=\"5986\">Analysezertifikat (COA)<\/strong> und Reinheitsinformationen.<\/p>\n<\/li>\n<li data-start=\"6015\" data-end=\"6100\">\n<p data-start=\"6017\" data-end=\"6100\"><strong data-start=\"6017\" data-end=\"6038\">Vielf\u00e4ltig einsetzbar:<\/strong> Geeignet f\u00fcr <strong data-start=\"6053\" data-end=\"6062\">GC-MS<\/strong>, <strong data-start=\"6064\" data-end=\"6072\">HPLC<\/strong> und <strong data-start=\"6076\" data-end=\"6088\">LC-MS\/MS<\/strong> Analysen.<\/p>\n<\/li>\n<li data-start=\"6101\" data-end=\"6188\">\n<p data-start=\"6103\" data-end=\"6188\"><strong data-start=\"6103\" data-end=\"6127\">Stabile Pelletform:<\/strong> Bewahrt die chemische Integrit\u00e4t bei Lagerung und Transport.<\/p>\n<\/li>\n<\/ul>\n<hr data-start=\"6190\" data-end=\"6193\" \/>\n<h3 data-start=\"6195\" data-end=\"6212\"><strong data-start=\"6199\" data-end=\"6212\">Vorteile<\/strong><\/h3>\n<ul data-start=\"6214\" data-end=\"6690\">\n<li data-start=\"6214\" data-end=\"6325\">\n<p data-start=\"6216\" data-end=\"6325\"><strong data-start=\"6216\" data-end=\"6253\">Unterst\u00fctzt die analytische Forschung:<\/strong> Hilft bei der Entwicklung von Nachweisverfahren f\u00fcr Thienodiazepine.<\/p>\n<\/li>\n<li data-start=\"6326\" data-end=\"6418\">\n<p data-start=\"6328\" data-end=\"6418\"><strong data-start=\"6328\" data-end=\"6355\">Zuverl\u00e4ssige Kalibrierung:<\/strong> Bietet einheitliche Referenzpunkte f\u00fcr Laboranalysen.<\/p>\n<\/li>\n<li data-start=\"6419\" data-end=\"6516\">\n<p data-start=\"6421\" data-end=\"6516\"><strong data-start=\"6421\" data-end=\"6448\">Forensische Relevanz:<\/strong> Wird in toxikologischen Studien von Benzodiazepin-Analoga verwendet.<\/p>\n<\/li>\n<li data-start=\"6517\" data-end=\"6612\">\n<p data-start=\"6519\" data-end=\"6612\"><strong data-start=\"6519\" data-end=\"6550\">Sichere Verwendung im Labor:<\/strong> Hergestellt nach den internationalen Sicherheitsrichtlinien.<\/p>\n<\/li>\n<li data-start=\"6613\" data-end=\"6690\">\n<p data-start=\"6615\" data-end=\"6690\"><strong data-start=\"6615\" data-end=\"6641\">P\u00e4dagogische Anwendung:<\/strong> Geeignet f\u00fcr akademische Forschungsprojekte.<\/p>\n<\/li>\n<\/ul>\n<hr data-start=\"6692\" data-end=\"6695\" \/>\n<h3 data-start=\"6697\" data-end=\"6758\"><strong data-start=\"6701\" data-end=\"6758\">Gebrauchsanweisung (nur f\u00fcr Forschungszwecke)<\/strong><\/h3>\n<ol data-start=\"6760\" data-end=\"7113\">\n<li data-start=\"6760\" data-end=\"6867\">\n<p data-start=\"6763\" data-end=\"6867\"><strong data-start=\"6763\" data-end=\"6781\">Vorbereitung:<\/strong> Nur in zugelassenen Labors verwenden und geeignete Schutzausr\u00fcstung tragen.<\/p>\n<\/li>\n<li data-start=\"6868\" data-end=\"6963\">\n<p data-start=\"6871\" data-end=\"6963\"><strong data-start=\"6871\" data-end=\"6886\">Anwendung:<\/strong> Verwendung gem\u00e4\u00df validierten analytischen oder chromatographischen Protokollen.<\/p>\n<\/li>\n<li data-start=\"6964\" data-end=\"7027\">\n<p data-start=\"6967\" data-end=\"7027\"><strong data-start=\"6967\" data-end=\"6978\">Lagerung:<\/strong> K\u00fchl, trocken, dunkel und gut verschlossen lagern.<\/p>\n<\/li>\n<li data-start=\"7028\" data-end=\"7113\">\n<p data-start=\"7031\" data-end=\"7113\"><strong data-start=\"7031\" data-end=\"7042\">Entw\u00e4sserung:<\/strong> Entsorgen Sie die Reste gem\u00e4\u00df den \u00f6rtlichen Richtlinien f\u00fcr chemische Abf\u00e4lle.<\/p>\n<\/li>\n<\/ol>\n<hr data-start=\"7115\" data-end=\"7118\" \/>\n<h3 data-start=\"7120\" data-end=\"7154\"><strong data-start=\"7124\" data-end=\"7154\">Sicherheit und Einhaltung der Vorschriften<\/strong><\/h3>\n<ul data-start=\"7156\" data-end=\"7614\">\n<li data-start=\"7156\" data-end=\"7253\">\n<p data-start=\"7158\" data-end=\"7253\"><strong data-start=\"7158\" data-end=\"7196\">Nur Labortests:<\/strong> Nicht f\u00fcr den menschlichen oder tierischen Verzehr geeignet.<\/p>\n<\/li>\n<li data-start=\"7254\" data-end=\"7383\">\n<p data-start=\"7256\" data-end=\"7383\"><strong data-start=\"7256\" data-end=\"7284\">Rechtliche Erw\u00e4gungen:<\/strong> Der Status von DeschloroEtizolam kann von Land zu Land unterschiedlich sein. \u00dcberpr\u00fcfen Sie immer die \u00f6rtlichen Gesetze.<\/p>\n<\/li>\n<li data-start=\"7384\" data-end=\"7489\">\n<p data-start=\"7386\" data-end=\"7489\"><strong data-start=\"7386\" data-end=\"7414\">Gesundheit und Sicherheit:<\/strong> Kontakt mit Haut und Augen vermeiden. In gut bel\u00fcfteten Bereichen verwenden.<\/p>\n<\/li>\n<li data-start=\"7490\" data-end=\"7614\">\n<p data-start=\"7492\" data-end=\"7614\"><strong data-start=\"7492\" data-end=\"7509\">Dokumentation:<\/strong> A <strong data-start=\"7514\" data-end=\"7550\">Sicherheitsdatenblatt (MSDS)<\/strong> und <strong data-start=\"7554\" data-end=\"7582\">Analysezertifikat (COA)<\/strong> sind auf Anfrage erh\u00e4ltlich.<\/p>\n<\/li>\n<\/ul>\n<hr data-start=\"7616\" data-end=\"7619\" \/>\n<h3 data-start=\"7621\" data-end=\"7656\"><strong data-start=\"7625\" data-end=\"7656\">H\u00e4ufig gestellte Fragen (FAQs)<\/strong><\/h3>\n<p data-start=\"7658\" data-end=\"7843\"><strong data-start=\"7658\" data-end=\"7721\">1. Wof\u00fcr werden DeschloroEtizolam 5 mg Pellets angewendet?<\/strong><br data-start=\"7721\" data-end=\"7724\" \/>Sie werden verwendet als <strong data-start=\"7747\" data-end=\"7770\">Referenzstandard<\/strong> In forensischen und toxikologischen Untersuchungen von Benzodiazepin-Analoga.<\/p>\n<p data-start=\"7845\" data-end=\"8029\"><strong data-start=\"7845\" data-end=\"7905\">2. Sind diese Pellets f\u00fcr den menschlichen Verzehr bestimmt?<\/strong><br data-start=\"7905\" data-end=\"7908\" \/>Nein. Diese K\u00fcgelchen sind <strong data-start=\"7931\" data-end=\"7981\">ausschlie\u00dflich f\u00fcr Labortests bestimmt sind<\/strong> und <strong data-start=\"7985\" data-end=\"8026\">nicht f\u00fcr medizinische Zwecke zugelassen<\/strong>.<\/p>\n<p data-start=\"8031\" data-end=\"8177\"><strong data-start=\"8031\" data-end=\"8093\">3. Wie sind DeschloroEtizolam Pellets zu lagern?<\/strong><br data-start=\"8093\" data-end=\"8096\" \/>K\u00fchl, trocken und dunkel, gut verschlossen und au\u00dferhalb der Reichweite von Unbefugten lagern.<\/p>","protected":false},"excerpt":{"rendered":"<h2><span dir=\"auto\" style=\"vertical-align: inherit;\"><span dir=\"auto\" style=\"vertical-align: inherit;\">DeschloroEtizolam pellets properties<\/span><\/span><\/h2>\n<p><strong><span dir=\"auto\" style=\"vertical-align: inherit;\"><span dir=\"auto\" style=\"vertical-align: inherit;\">Synonym<\/span><\/span><\/strong><span dir=\"auto\" style=\"vertical-align: inherit;\"><span dir=\"auto\" style=\"vertical-align: inherit;\"> : <\/span><\/span><i><span dir=\"auto\" style=\"vertical-align: inherit;\"><span dir=\"auto\" style=\"vertical-align: inherit;\">2-ethyl-9-methyl-4-phenyl-6H-thieno[3,2-f][1,2,4]triazolo[4,3-a][1,4]diazepine <\/span><\/span><\/i><br \/>\n<strong><span dir=\"auto\" style=\"vertical-align: inherit;\"><span dir=\"auto\" style=\"vertical-align: inherit;\">CAS Number<\/span><\/span><\/strong><span dir=\"auto\" style=\"vertical-align: inherit;\"><span dir=\"auto\" style=\"vertical-align: inherit;\"> : 40054-73-7 <\/span><\/span><br \/>\n<strong><span dir=\"auto\" style=\"vertical-align: inherit;\"><span dir=\"auto\" style=\"vertical-align: inherit;\">Formula<\/span><\/span><\/strong><span dir=\"auto\" style=\"vertical-align: inherit;\"><span dir=\"auto\" style=\"vertical-align: inherit;\"> : C17H16N4S <\/span><\/span><br \/>\n<strong><span dir=\"auto\" style=\"vertical-align: inherit;\"><span dir=\"auto\" style=\"vertical-align: inherit;\">Molar Mass<\/span><\/span><\/strong><span dir=\"auto\" style=\"vertical-align: inherit;\"><span dir=\"auto\" style=\"vertical-align: inherit;\"> : 308.4 <\/span><\/span><br \/>\n<strong><span dir=\"auto\" style=\"vertical-align: inherit;\"><span dir=\"auto\" style=\"vertical-align: inherit;\">Purity<\/span><\/span><\/strong><span dir=\"auto\" style=\"vertical-align: inherit;\"><span dir=\"auto\" style=\"vertical-align: inherit;\"> : \u2265 99%<\/span><\/span><\/p>\n","protected":false},"featured_media":20308,"comment_status":"closed","ping_status":"closed","template":"","meta":[],"product_brand":[],"product_cat":[130,406,407,127],"product_tag":[408,409,78],"class_list":{"0":"post-18639","1":"product","2":"type-product","3":"status-publish","4":"has-post-thumbnail","6":"product_cat-benzodiazepinen","7":"product_cat-deschloroetizolam","8":"product_cat-deschloroetizolam-pellets","9":"product_cat-pellets","10":"product_tag-deschloroetizolam","11":"product_tag-deschloroetizolam-kopen","12":"product_tag-nl","14":"first","15":"instock","16":"shipping-taxable","17":"purchasable","18":"product-type-variable"},"_links":{"self":[{"href":"https:\/\/researchchemicalsweb.com\/de\/wp-json\/wp\/v2\/product\/18639","targetHints":{"allow":["GET"]}}],"collection":[{"href":"https:\/\/researchchemicalsweb.com\/de\/wp-json\/wp\/v2\/product"}],"about":[{"href":"https:\/\/researchchemicalsweb.com\/de\/wp-json\/wp\/v2\/types\/product"}],"replies":[{"embeddable":true,"href":"https:\/\/researchchemicalsweb.com\/de\/wp-json\/wp\/v2\/comments?post=18639"}],"version-history":[{"count":1,"href":"https:\/\/researchchemicalsweb.com\/de\/wp-json\/wp\/v2\/product\/18639\/revisions"}],"predecessor-version":[{"id":18688,"href":"https:\/\/researchchemicalsweb.com\/de\/wp-json\/wp\/v2\/product\/18639\/revisions\/18688"}],"wp:featuredmedia":[{"embeddable":true,"href":"https:\/\/researchchemicalsweb.com\/de\/wp-json\/wp\/v2\/media\/20308"}],"wp:attachment":[{"href":"https:\/\/researchchemicalsweb.com\/de\/wp-json\/wp\/v2\/media?parent=18639"}],"wp:term":[{"taxonomy":"product_brand","embeddable":true,"href":"https:\/\/researchchemicalsweb.com\/de\/wp-json\/wp\/v2\/product_brand?post=18639"},{"taxonomy":"product_cat","embeddable":true,"href":"https:\/\/researchchemicalsweb.com\/de\/wp-json\/wp\/v2\/product_cat?post=18639"},{"taxonomy":"product_tag","embeddable":true,"href":"https:\/\/researchchemicalsweb.com\/de\/wp-json\/wp\/v2\/product_tag?post=18639"}],"curies":[{"name":"wp","href":"https:\/\/api.w.org\/{rel}","templated":true}]}}